{"id":33968,"date":"2022-10-18T15:09:04","date_gmt":"2022-10-18T13:09:04","guid":{"rendered":"https:\/\/www.buzon-world.com\/terrasse-en-dalles-sur-lambourdes-2\/"},"modified":"2025-11-12T10:28:41","modified_gmt":"2025-11-12T08:28:41","slug":"terrasse-en-dalles-sur-lambourdes","status":"publish","type":"page","link":"https:\/\/www.buzon-world.com\/be-FR\/applications\/terrasses-residentielles\/terrasse-en-dalles-sur-lambourdes\/","title":{"rendered":"Terrasse en dalles sur lambourdes"},"content":{"rendered":"<section class=\"l-section wpb_row height_auto\"><div class=\"l-section-h i-cf\"><div class=\"g-cols vc_row via_flex valign_top type_default stacking_default\"><div class=\"vc_col-sm-12 wpb_column vc_column_container\"><div class=\"vc_column-inner\"><div class=\"wpb_wrapper\">[vc_raw_html]JTVCd3BzZW9fYnJlYWRjcnVtYiU1RA==[\/vc_raw_html]<\/div><\/div><\/div><\/div><\/div><\/section><section class=\"l-section wpb_row height_medium\"><div class=\"l-section-h i-cf\"><div class=\"g-cols vc_row via_flex valign_top type_default stacking_default\"><div class=\"vc_col-sm-12 wpb_column vc_column_container\"><div class=\"vc_column-inner\"><div class=\"wpb_wrapper\"><div class=\"wpb_text_column longline\"><div class=\"wpb_wrapper\"><h2>Terrasses en dalles sur lambourdes<\/h2>\n<\/div><\/div><div class=\"w-separator size_medium\"><\/div><div class=\"w-grid us_grid blacksqgrid2 type_grid layout_10477 cols_2 preload_style_spinner\" id=\"us_grid_1\" style=\"--columns:2;--gap:25px;\"><style>@media (max-width:786px){#us_grid_1{--columns:1!important}}.layout_10477 .w-grid-item-h{}.layout_10477 .usg_post_custom_field_1{margin-top:30px!important;margin-bottom:30px!important}.layout_10477 .usg_post_custom_field_3{font-weight:700!important}<\/style><div class=\"w-grid-list\">\t<article class=\"w-grid-item size_1x1 post-34139 page type-page status-publish has-post-thumbnail hentry\" data-id=\"34139\">\r\n\t\t<div class=\"w-grid-item-h\">\r\n\t\t\t\t\t\t<div class=\"w-post-elm post_image usg_post_image_2 aspectsquare has_ratio\"><a href=\"https:\/\/www.buzon-world.com\/be-FR\/produits\/e-brs-system\/u-brs-m\/\" aria-label=\"U-BRS-M\"><img loading=\"lazy\" decoding=\"async\" width=\"595\" height=\"303\" src=\"https:\/\/www.buzon-world.com\/wp-content\/uploads\/2023\/05\/overview-page-PB-JOISTS-U-BRS-M.png\" class=\"attachment-full size-full wp-post-image\" alt=\"\" \/><\/a><div style=\"padding-bottom:50.9434%\"><\/div><\/div><h3 class=\"w-post-elm post_custom_field usg_post_custom_field_1 longline type_text grid_title color_link_inherit\"><span class=\"w-post-elm-value\">Lambourde pour carrelage - Naturel<\/span><\/h3><p class=\"w-post-elm post_custom_field usg_post_custom_field_2 type_text advantages color_link_inherit\"><span class=\"w-post-elm-before\">Advantages: <\/span><span class=\"w-post-elm-value\"><ul>\n<li>Installation rapide et facile<\/li>\n<li>Assure une grande stabilit\u00e9 des surplombs<\/li>\n<li>Possibilit\u00e9 de poser des pav\u00e9s de grand format<\/li>\n<li>Respect de la membrane d&rsquo;\u00e9tanch\u00e9it\u00e9<\/li>\n<li>Solution durable<\/li>\n<li>Accessoires pour la finition de la terrasse<\/li>\n<\/ul>\n<\/span><\/p><div class=\"w-html usg_html_2\"><br><\/div><span class=\"w-post-elm post_custom_field usg_post_custom_field_3 type_text extra_info_ color_link_inherit\"><p>N\u00e9cessite l&rsquo;utilisation de plots PB ou DPH.<\/p>\n<\/span><div class=\"w-html usg_html_3\"><br><\/div><span class=\"w-post-elm post_custom_field usg_post_custom_field_4 type_text revetements color_link_inherit\"><span class=\"w-post-elm-before\">Coating: <\/span><span class=\"w-post-elm-value\">carrelage c\u00e9ramique, pierres naturelles, b\u00e9ton, grilles...<\/span><\/span><div class=\"w-html usg_html_1\"><br><\/div><a class=\"w-btn us-btn-style_3 usg_btn_1 buttonabsolutebottom\" href=\"https:\/\/www.buzon-world.com\/be-FR\/produits\/e-brs-system\/u-brs-m\/\"><span class=\"w-btn-label\">More info<\/span><\/a>\t\t<\/div>\r\n\t\t\t<\/article>\r\n<\/div>\t<div class=\"w-grid-preloader\">\r\n\t\t<div class=\"g-preloader type_1\">\r\n\t\t\t<div><\/div>\r\n\t\t<\/div>\r\n\t<\/div>\r\n\t\t<div class=\"w-grid-json hidden\" onclick='return {&quot;action&quot;:&quot;us_ajax_grid&quot;,&quot;infinite_scroll&quot;:0,&quot;max_num_pages&quot;:1,&quot;pagination&quot;:&quot;none&quot;,&quot;template_vars&quot;:{&quot;columns&quot;:&quot;2&quot;,&quot;exclude_items&quot;:&quot;none&quot;,&quot;img_size&quot;:&quot;default&quot;,&quot;ignore_items_size&quot;:0,&quot;items_layout&quot;:&quot;10477&quot;,&quot;items_offset&quot;:&quot;1&quot;,&quot;load_animation&quot;:&quot;none&quot;,&quot;overriding_link&quot;:&quot;%7B%22url%22%3A%22%22%7D&quot;,&quot;post_id&quot;:0,&quot;query_args&quot;:{&quot;ignore_sticky_posts&quot;:1,&quot;post_type&quot;:&quot;any&quot;,&quot;post__in&quot;:[&quot;1338&quot;,&quot;10326&quot;,&quot;1342&quot;],&quot;posts_per_page&quot;:999},&quot;orderby_query_args&quot;:{&quot;orderby&quot;:{&quot;post__in&quot;:&quot;ASC&quot;},&quot;order&quot;:&quot;ASC&quot;},&quot;type&quot;:&quot;grid&quot;,&quot;us_grid_post_type&quot;:&quot;ids&quot;,&quot;us_grid_ajax_index&quot;:1,&quot;us_grid_filter_query_string&quot;:null,&quot;us_grid_index&quot;:1,&quot;page_args&quot;:[],&quot;lang&quot;:&quot;be-FR&quot;}}'><\/div>\r\n\t<\/div><\/div><\/div><\/div><\/div><\/div><\/section>\n","protected":false},"excerpt":{"rendered":"[vc_raw_html]JTVCd3BzZW9fYnJlYWRjcnVtYiU1RCUwQQ==[\/vc_raw_html]2023-12-08U-BRS-M Lambourde en aluminium La lambourde U-BRS-24 mm, en aluminium, permet et facilite la pose de dalles c\u00e9ramique 20 mm de toutes \u00e9paisseurs. Le gain de temps et la stabilit\u00e9 accrue de la r\u00e9alisation raviront les professionnels. Son \u00e9paisseur de seulement 24 mm ne n\u00e9cessite qu\u2019une r\u00e9servation de 41 mm minimum sous dalle. Le support...","protected":false},"author":1,"featured_media":33966,"parent":34168,"menu_order":1,"comment_status":"closed","ping_status":"closed","template":"","meta":{"_acf_changed":false,"footnotes":""},"accesories_category":[],"sizes":[],"plot_serie":[],"accesories_category_type":[],"accessories_categories_subtype":[],"accessories_categories_applica":[],"class_list":["post-33968","page","type-page","status-publish","has-post-thumbnail","hentry"],"acf":[],"yoast_head":"<!-- This site is optimized with the Yoast SEO plugin v27.1.1 - https:\/\/yoast.com\/product\/yoast-seo-wordpress\/ -->\n<title>Terrasse en dalles sur lambourdes | Syst\u00e8me Buzon<\/title>\n<meta name=\"description\" content=\"Installez une terrasse en dalles sur lambourdes avec les plots Buzon. Solution durable, esth\u00e9tique et compatible avec tous les rev\u00eatements.\" \/>\n<meta name=\"robots\" content=\"index, follow, max-snippet:-1, max-image-preview:large, max-video-preview:-1\" \/>\n<link rel=\"canonical\" href=\"https:\/\/www.buzon-world.com\/be-FR\/applications\/terrasses-residentielles\/terrasse-en-dalles-sur-lambourdes\/\" \/>\n<meta property=\"og:locale\" content=\"fr_FR\" \/>\n<meta property=\"og:type\" content=\"article\" \/>\n<meta property=\"og:title\" content=\"Terrasse en dalles sur lambourdes | Syst\u00e8me Buzon\" \/>\n<meta property=\"og:description\" content=\"Installez une terrasse en dalles sur lambourdes avec les plots Buzon. Solution durable, esth\u00e9tique et compatible avec tous les rev\u00eatements.\" \/>\n<meta property=\"og:url\" content=\"https:\/\/www.buzon-world.com\/be-FR\/applications\/terrasses-residentielles\/terrasse-en-dalles-sur-lambourdes\/\" \/>\n<meta property=\"og:site_name\" content=\"Buzon\" \/>\n<meta property=\"article:modified_time\" content=\"2025-11-12T08:28:41+00:00\" \/>\n<meta property=\"og:image\" content=\"https:\/\/www.buzon-world.com\/wp-content\/uploads\/2023\/05\/overview-page-PB-JOISTS-U-BRS-M.png\" \/>\n\t<meta property=\"og:image:width\" content=\"595\" \/>\n\t<meta property=\"og:image:height\" content=\"303\" \/>\n\t<meta property=\"og:image:type\" content=\"image\/png\" \/>\n<meta name=\"twitter:card\" content=\"summary_large_image\" \/>\n<meta name=\"twitter:label1\" content=\"Dur\u00e9e de lecture est.\" \/>\n\t<meta name=\"twitter:data1\" content=\"1 minute\" \/>\n<script type=\"application\/ld+json\" class=\"yoast-schema-graph\">{\"@context\":\"https:\/\/schema.org\",\"@graph\":[{\"@type\":\"WebPage\",\"@id\":\"https:\/\/www.buzon-world.com\/be-FR\/applications\/terrasses-residentielles\/terrasse-en-dalles-sur-lambourdes\/\",\"url\":\"https:\/\/www.buzon-world.com\/be-FR\/applications\/terrasses-residentielles\/terrasse-en-dalles-sur-lambourdes\/\",\"name\":\"Terrasse en dalles sur lambourdes | Syst\u00e8me Buzon\",\"isPartOf\":{\"@id\":\"https:\/\/www.buzon-world.com\/be-FR\/#website\"},\"primaryImageOfPage\":{\"@id\":\"https:\/\/www.buzon-world.com\/be-FR\/applications\/terrasses-residentielles\/terrasse-en-dalles-sur-lambourdes\/#primaryimage\"},\"image\":{\"@id\":\"https:\/\/www.buzon-world.com\/be-FR\/applications\/terrasses-residentielles\/terrasse-en-dalles-sur-lambourdes\/#primaryimage\"},\"thumbnailUrl\":\"https:\/\/www.buzon-world.com\/wp-content\/uploads\/2023\/05\/overview-page-PB-JOISTS-U-BRS-M.png\",\"datePublished\":\"2022-10-18T13:09:04+00:00\",\"dateModified\":\"2025-11-12T08:28:41+00:00\",\"description\":\"Installez une terrasse en dalles sur lambourdes avec les plots Buzon. Solution durable, esth\u00e9tique et compatible avec tous les rev\u00eatements.\",\"breadcrumb\":{\"@id\":\"https:\/\/www.buzon-world.com\/be-FR\/applications\/terrasses-residentielles\/terrasse-en-dalles-sur-lambourdes\/#breadcrumb\"},\"inLanguage\":\"fr-BE\",\"potentialAction\":[{\"@type\":\"ReadAction\",\"target\":[\"https:\/\/www.buzon-world.com\/be-FR\/applications\/terrasses-residentielles\/terrasse-en-dalles-sur-lambourdes\/\"]}]},{\"@type\":\"ImageObject\",\"inLanguage\":\"fr-BE\",\"@id\":\"https:\/\/www.buzon-world.com\/be-FR\/applications\/terrasses-residentielles\/terrasse-en-dalles-sur-lambourdes\/#primaryimage\",\"url\":\"https:\/\/www.buzon-world.com\/wp-content\/uploads\/2023\/05\/overview-page-PB-JOISTS-U-BRS-M.png\",\"contentUrl\":\"https:\/\/www.buzon-world.com\/wp-content\/uploads\/2023\/05\/overview-page-PB-JOISTS-U-BRS-M.png\",\"width\":595,\"height\":303},{\"@type\":\"BreadcrumbList\",\"@id\":\"https:\/\/www.buzon-world.com\/be-FR\/applications\/terrasses-residentielles\/terrasse-en-dalles-sur-lambourdes\/#breadcrumb\",\"itemListElement\":[{\"@type\":\"ListItem\",\"position\":1,\"name\":\"Home\",\"item\":\"https:\/\/www.buzon-world.com\/be-FR\/\"},{\"@type\":\"ListItem\",\"position\":2,\"name\":\"Applications\",\"item\":\"https:\/\/www.buzon-world.com\/be-FR\/applications\/\"},{\"@type\":\"ListItem\",\"position\":3,\"name\":\"Terrasses r\u00e9sidentielles\",\"item\":\"https:\/\/www.buzon-world.com\/be-FR\/applications\/terrasses-residentielles\/\"},{\"@type\":\"ListItem\",\"position\":4,\"name\":\"Terrasse en dalles sur lambourdes\"}]},{\"@type\":\"WebSite\",\"@id\":\"https:\/\/www.buzon-world.com\/be-FR\/#website\",\"url\":\"https:\/\/www.buzon-world.com\/be-FR\/\",\"name\":\"Buzon\",\"description\":\"Just another WordPress site\",\"potentialAction\":[{\"@type\":\"SearchAction\",\"target\":{\"@type\":\"EntryPoint\",\"urlTemplate\":\"https:\/\/www.buzon-world.com\/be-FR\/?s={search_term_string}\"},\"query-input\":{\"@type\":\"PropertyValueSpecification\",\"valueRequired\":true,\"valueName\":\"search_term_string\"}}],\"inLanguage\":\"fr-BE\"}]}<\/script>\n<!-- \/ Yoast SEO plugin. -->","yoast_head_json":{"title":"Terrasse en dalles sur lambourdes | Syst\u00e8me Buzon","description":"Installez une terrasse en dalles sur lambourdes avec les plots Buzon. Solution durable, esth\u00e9tique et compatible avec tous les rev\u00eatements.","robots":{"index":"index","follow":"follow","max-snippet":"max-snippet:-1","max-image-preview":"max-image-preview:large","max-video-preview":"max-video-preview:-1"},"canonical":"https:\/\/www.buzon-world.com\/be-FR\/applications\/terrasses-residentielles\/terrasse-en-dalles-sur-lambourdes\/","og_locale":"fr_FR","og_type":"article","og_title":"Terrasse en dalles sur lambourdes | Syst\u00e8me Buzon","og_description":"Installez une terrasse en dalles sur lambourdes avec les plots Buzon. Solution durable, esth\u00e9tique et compatible avec tous les rev\u00eatements.","og_url":"https:\/\/www.buzon-world.com\/be-FR\/applications\/terrasses-residentielles\/terrasse-en-dalles-sur-lambourdes\/","og_site_name":"Buzon","article_modified_time":"2025-11-12T08:28:41+00:00","og_image":[{"width":595,"height":303,"url":"https:\/\/www.buzon-world.com\/wp-content\/uploads\/2023\/05\/overview-page-PB-JOISTS-U-BRS-M.png","type":"image\/png"}],"twitter_card":"summary_large_image","twitter_misc":{"Dur\u00e9e de lecture est.":"1 minute"},"schema":{"@context":"https:\/\/schema.org","@graph":[{"@type":"WebPage","@id":"https:\/\/www.buzon-world.com\/be-FR\/applications\/terrasses-residentielles\/terrasse-en-dalles-sur-lambourdes\/","url":"https:\/\/www.buzon-world.com\/be-FR\/applications\/terrasses-residentielles\/terrasse-en-dalles-sur-lambourdes\/","name":"Terrasse en dalles sur lambourdes | Syst\u00e8me Buzon","isPartOf":{"@id":"https:\/\/www.buzon-world.com\/be-FR\/#website"},"primaryImageOfPage":{"@id":"https:\/\/www.buzon-world.com\/be-FR\/applications\/terrasses-residentielles\/terrasse-en-dalles-sur-lambourdes\/#primaryimage"},"image":{"@id":"https:\/\/www.buzon-world.com\/be-FR\/applications\/terrasses-residentielles\/terrasse-en-dalles-sur-lambourdes\/#primaryimage"},"thumbnailUrl":"https:\/\/www.buzon-world.com\/wp-content\/uploads\/2023\/05\/overview-page-PB-JOISTS-U-BRS-M.png","datePublished":"2022-10-18T13:09:04+00:00","dateModified":"2025-11-12T08:28:41+00:00","description":"Installez une terrasse en dalles sur lambourdes avec les plots Buzon. Solution durable, esth\u00e9tique et compatible avec tous les rev\u00eatements.","breadcrumb":{"@id":"https:\/\/www.buzon-world.com\/be-FR\/applications\/terrasses-residentielles\/terrasse-en-dalles-sur-lambourdes\/#breadcrumb"},"inLanguage":"fr-BE","potentialAction":[{"@type":"ReadAction","target":["https:\/\/www.buzon-world.com\/be-FR\/applications\/terrasses-residentielles\/terrasse-en-dalles-sur-lambourdes\/"]}]},{"@type":"ImageObject","inLanguage":"fr-BE","@id":"https:\/\/www.buzon-world.com\/be-FR\/applications\/terrasses-residentielles\/terrasse-en-dalles-sur-lambourdes\/#primaryimage","url":"https:\/\/www.buzon-world.com\/wp-content\/uploads\/2023\/05\/overview-page-PB-JOISTS-U-BRS-M.png","contentUrl":"https:\/\/www.buzon-world.com\/wp-content\/uploads\/2023\/05\/overview-page-PB-JOISTS-U-BRS-M.png","width":595,"height":303},{"@type":"BreadcrumbList","@id":"https:\/\/www.buzon-world.com\/be-FR\/applications\/terrasses-residentielles\/terrasse-en-dalles-sur-lambourdes\/#breadcrumb","itemListElement":[{"@type":"ListItem","position":1,"name":"Home","item":"https:\/\/www.buzon-world.com\/be-FR\/"},{"@type":"ListItem","position":2,"name":"Applications","item":"https:\/\/www.buzon-world.com\/be-FR\/applications\/"},{"@type":"ListItem","position":3,"name":"Terrasses r\u00e9sidentielles","item":"https:\/\/www.buzon-world.com\/be-FR\/applications\/terrasses-residentielles\/"},{"@type":"ListItem","position":4,"name":"Terrasse en dalles sur lambourdes"}]},{"@type":"WebSite","@id":"https:\/\/www.buzon-world.com\/be-FR\/#website","url":"https:\/\/www.buzon-world.com\/be-FR\/","name":"Buzon","description":"Just another WordPress site","potentialAction":[{"@type":"SearchAction","target":{"@type":"EntryPoint","urlTemplate":"https:\/\/www.buzon-world.com\/be-FR\/?s={search_term_string}"},"query-input":{"@type":"PropertyValueSpecification","valueRequired":true,"valueName":"search_term_string"}}],"inLanguage":"fr-BE"}]}},"_links":{"self":[{"href":"https:\/\/www.buzon-world.com\/be-FR\/wp-json\/wp\/v2\/pages\/33968","targetHints":{"allow":["GET"]}}],"collection":[{"href":"https:\/\/www.buzon-world.com\/be-FR\/wp-json\/wp\/v2\/pages"}],"about":[{"href":"https:\/\/www.buzon-world.com\/be-FR\/wp-json\/wp\/v2\/types\/page"}],"author":[{"embeddable":true,"href":"https:\/\/www.buzon-world.com\/be-FR\/wp-json\/wp\/v2\/users\/1"}],"replies":[{"embeddable":true,"href":"https:\/\/www.buzon-world.com\/be-FR\/wp-json\/wp\/v2\/comments?post=33968"}],"version-history":[{"count":2,"href":"https:\/\/www.buzon-world.com\/be-FR\/wp-json\/wp\/v2\/pages\/33968\/revisions"}],"predecessor-version":[{"id":49465,"href":"https:\/\/www.buzon-world.com\/be-FR\/wp-json\/wp\/v2\/pages\/33968\/revisions\/49465"}],"up":[{"embeddable":true,"href":"https:\/\/www.buzon-world.com\/be-FR\/wp-json\/wp\/v2\/pages\/34168"}],"wp:featuredmedia":[{"embeddable":true,"href":"https:\/\/www.buzon-world.com\/be-FR\/wp-json\/wp\/v2\/media\/33966"}],"wp:attachment":[{"href":"https:\/\/www.buzon-world.com\/be-FR\/wp-json\/wp\/v2\/media?parent=33968"}],"wp:term":[{"taxonomy":"accesories_category","embeddable":true,"href":"https:\/\/www.buzon-world.com\/be-FR\/wp-json\/wp\/v2\/accesories_category?post=33968"},{"taxonomy":"sizes","embeddable":true,"href":"https:\/\/www.buzon-world.com\/be-FR\/wp-json\/wp\/v2\/sizes?post=33968"},{"taxonomy":"plot_serie","embeddable":true,"href":"https:\/\/www.buzon-world.com\/be-FR\/wp-json\/wp\/v2\/plot_serie?post=33968"},{"taxonomy":"accesories_category_type","embeddable":true,"href":"https:\/\/www.buzon-world.com\/be-FR\/wp-json\/wp\/v2\/accesories_category_type?post=33968"},{"taxonomy":"accessories_categories_subtype","embeddable":true,"href":"https:\/\/www.buzon-world.com\/be-FR\/wp-json\/wp\/v2\/accessories_categories_subtype?post=33968"},{"taxonomy":"accessories_categories_applica","embeddable":true,"href":"https:\/\/www.buzon-world.com\/be-FR\/wp-json\/wp\/v2\/accessories_categories_applica?post=33968"}],"curies":[{"name":"wp","href":"https:\/\/api.w.org\/{rel}","templated":true}]}}