{"id":34150,"date":"2022-07-05T15:50:11","date_gmt":"2022-07-05T13:50:11","guid":{"rendered":"https:\/\/www.buzon-world.com\/un-but-commun\/"},"modified":"2025-11-12T10:40:24","modified_gmt":"2025-11-12T08:40:24","slug":"un-but-commun","status":"publish","type":"page","link":"https:\/\/www.buzon-world.com\/be-FR\/a-propos-de-nous\/un-but-commun\/","title":{"rendered":"Un but commun"},"content":{"rendered":"<section class=\"l-section wpb_row height_auto\"><div class=\"l-section-h i-cf\"><div class=\"g-cols vc_row via_flex valign_top type_default reversed stacking_default\"><div class=\"vc_col-sm-5 wpb_column vc_column_container\"><div class=\"vc_column-inner\"><div class=\"wpb_wrapper\">[vc_raw_html]JTVCd3BzZW9fYnJlYWRjcnVtYiU1RCUwQQ==[\/vc_raw_html]<div class=\"w-separator size_medium\"><\/div><div class=\"wpb_text_column\"><div class=\"wpb_wrapper\"><h1>UN BUT COMMUN<\/h1>\n<\/div><\/div><div class=\"w-separator size_large\"><\/div><\/div><\/div><\/div><div class=\"vc_col-sm-1 wpb_column vc_column_container\"><div class=\"vc_column-inner\"><div class=\"wpb_wrapper\"><\/div><\/div><\/div><div class=\"vc_col-sm-6 wpb_column vc_column_container m300 has_bg_color\"><div class=\"vc_column-inner us_custom_4078679f\"><div class=\"wpb_wrapper\"><\/div><\/div><\/div><\/div><\/div><\/section><section class=\"l-section wpb_row height_large\"><div class=\"l-section-h i-cf\"><div class=\"g-cols vc_row via_flex valign_top type_default stacking_default\" style=\"--additional-gap:20px;\"><div class=\"vc_col-sm-12 vc_col-lg-4 vc_col-md-4 vc_col-xs-12 wpb_column vc_column_container usp usp1\"><div class=\"vc_column-inner\"><div class=\"wpb_wrapper\"><div class=\"wpb_text_column us_custom_b02a18c0 has_text_color\"><div class=\"wpb_wrapper\"><h3 style=\"text-align: center;\"><a href=\"https:\/\/www.buzon-world.com\/be-FR\/a-propos-de-nous\/\">NOTRE VISION<\/a><\/h3>\n<\/div><\/div><div class=\"wpb_text_column\"><div class=\"wpb_wrapper\"><p style=\"text-align: center;\">Leader innovant reconnu dans la cr\u00e9ation de syst\u00e8mes d\u2019am\u00e9nagement ext\u00e9rieur durables.<\/p>\n<\/div><\/div><div class=\"w-image align_none\"><div class=\"w-image-h\"><img decoding=\"async\" width=\"1024\" height=\"1024\" src=\"https:\/\/www.buzon-world.com\/wp-content\/uploads\/2023\/05\/Asset-1.svg\" class=\"attachment-large size-large\" alt=\"\" loading=\"lazy\" \/><\/div><\/div><\/div><\/div><\/div><div class=\"vc_col-sm-12 vc_col-lg-4 vc_col-md-4 vc_col-xs-12 wpb_column vc_column_container usp usp1\"><div class=\"vc_column-inner\"><div class=\"wpb_wrapper\"><div class=\"wpb_text_column us_custom_b02a18c0 has_text_color\"><div class=\"wpb_wrapper\"><h3 style=\"text-align: center;\"><a href=\"https:\/\/www.buzon-world.com\/be-FR\/a-propos-de-nous\/\"><strong>NOTRE MISSION<\/strong><\/a><\/h3>\n<\/div><\/div><div class=\"wpb_text_column\"><div class=\"wpb_wrapper\"><p style=\"text-align: center;\"><strong>D\u00e9velopper des syst\u00e8mes innovants, ergonomiques et durables<\/strong> pour accompagner les utilisateurs dans l\u2019am\u00e9nagement et l\u2019embellissement autonomes des espaces ext\u00e9rieurs.<\/p>\n<\/div><\/div><div class=\"w-image align_none\"><div class=\"w-image-h\"><img decoding=\"async\" width=\"1024\" height=\"1024\" src=\"https:\/\/www.buzon-world.com\/wp-content\/uploads\/2023\/05\/Asset-2.svg\" class=\"attachment-large size-large\" alt=\"\" loading=\"lazy\" \/><\/div><\/div><\/div><\/div><\/div><div class=\"vc_col-sm-12 vc_col-lg-4 vc_col-md-4 vc_col-xs-12 wpb_column vc_column_container usp usp1\"><div class=\"vc_column-inner\"><div class=\"wpb_wrapper\"><div class=\"wpb_text_column us_custom_b02a18c0 has_text_color\"><div class=\"wpb_wrapper\"><h3 style=\"text-align: center;\"><a href=\"https:\/\/www.buzon-world.com\/be-FR\/a-propos-de-nous\/\"><strong>NOS VALEURS<\/strong><\/a><\/h3>\n<\/div><\/div><div class=\"wpb_text_column\"><div class=\"wpb_wrapper\"><p style=\"text-align: center;\"><strong>Qualit\u00e9<\/strong><br \/>\n<strong>Durabilit\u00e9<\/strong><br \/>\n<strong>Efficacit\u00e9<\/strong><br \/>\n<strong>Engagement<\/strong><br \/>\n<strong>Respect<\/strong><\/p>\n<\/div><\/div><div class=\"w-image align_none\"><div class=\"w-image-h\"><img decoding=\"async\" width=\"1024\" height=\"1024\" src=\"https:\/\/www.buzon-world.com\/wp-content\/uploads\/2023\/05\/Asset-3.svg\" class=\"attachment-large size-large\" alt=\"\" loading=\"lazy\" \/><\/div><\/div><\/div><\/div><\/div><\/div><\/div><\/section><section class=\"l-section wpb_row height_auto\"><div class=\"l-section-h i-cf\"><div class=\"g-cols vc_row via_flex valign_top type_default stacking_default\"><div class=\"vc_col-sm-8 wpb_column vc_column_container\"><div class=\"vc_column-inner\"><div class=\"wpb_wrapper\"><div class=\"wpb_text_column\"><div class=\"wpb_wrapper\"><p><strong>Qualit\u00e9<\/strong> : La qualit\u00e9 a toujours fait partie de notre ADN. Elle s&rsquo;applique \u00e0 tous les niveaux des op\u00e9rations de l&rsquo;entreprise et est assum\u00e9e par tous nos prestataires.<\/p>\n<p><strong>Durabilit\u00e9<\/strong> : Soucieux de r\u00e9duire notre impact environnemental, nous nous engageons \u00e0 int\u00e9grer continuellement la protection et la pr\u00e9servation de l&rsquo;environnement dans la conception, la fabrication et la distribution de nos produits ainsi que dans la gestion quotidienne de nos activit\u00e9s.<\/p>\n<p><strong>Efficacit\u00e9<\/strong>\u00a0: Nous fournissons \u00e0 nos employ\u00e9s et partenaires les outils et la formation n\u00e9cessaires pour am\u00e9liorer l\u2019excellence op\u00e9rationnelle.<\/p>\n<p><strong>Engagement<\/strong> : L\u2019\u00e9quipe cultive un esprit positif et un d\u00e9vouement envers ses coll\u00e8gues et partenaires.<\/p>\n<p><strong>Respect<\/strong> : L&rsquo;honn\u00eatet\u00e9, le respect et l&rsquo;int\u00e9grit\u00e9 sont des piliers fondamentaux de notre entreprise et dictent notre conduite professionnelle envers nos clients, nos employ\u00e9s et nos partenaires.<\/p>\n<\/div><\/div><div class=\"w-separator size_huge\"><\/div><\/div><\/div><\/div><div class=\"vc_col-sm-4 wpb_column vc_column_container\"><div class=\"vc_column-inner\"><div class=\"wpb_wrapper\"><\/div><\/div><\/div><\/div><\/div><\/section>\n","protected":false},"excerpt":{"rendered":"[vc_raw_html]JTVCd3BzZW9fYnJlYWRjcnVtYiU1RCUwQQ==[\/vc_raw_html]UN BUT COMMUN NOTRE VISION Leader innovant reconnu dans la cr\u00e9ation de syst\u00e8mes d\u2019am\u00e9nagement ext\u00e9rieur durables. NOTRE MISSION D\u00e9velopper des syst\u00e8mes innovants, ergonomiques et durables pour accompagner les utilisateurs dans l\u2019am\u00e9nagement et l\u2019embellissement autonomes des espaces ext\u00e9rieurs. NOS VALEURS Qualit\u00e9 Durabilit\u00e9 Efficacit\u00e9 Engagement Respect Qualit\u00e9 : La qualit\u00e9 a toujours fait partie de notre ADN....","protected":false},"author":1,"featured_media":0,"parent":34156,"menu_order":1,"comment_status":"closed","ping_status":"closed","template":"","meta":{"_acf_changed":false,"footnotes":""},"accesories_category":[],"sizes":[],"plot_serie":[],"accesories_category_type":[],"accessories_categories_subtype":[],"accessories_categories_applica":[],"class_list":["post-34150","page","type-page","status-publish","hentry"],"acf":[],"yoast_head":"<!-- This site is optimized with the Yoast SEO plugin v27.1.1 - https:\/\/yoast.com\/product\/yoast-seo-wordpress\/ -->\n<title>Valeurs Buzon | Innovation et qualit\u00e9 au c\u0153ur du projet<\/title>\n<meta name=\"description\" content=\"Un but commun guide Buzon : innover, construire durablement et cr\u00e9er des solutions techniques pour l\u2019am\u00e9nagement ext\u00e9rieur.\" \/>\n<meta name=\"robots\" content=\"index, follow, max-snippet:-1, max-image-preview:large, max-video-preview:-1\" \/>\n<link rel=\"canonical\" href=\"https:\/\/www.buzon-world.com\/be-FR\/a-propos-de-nous\/un-but-commun\/\" \/>\n<meta property=\"og:locale\" content=\"fr_FR\" \/>\n<meta property=\"og:type\" content=\"article\" \/>\n<meta property=\"og:title\" content=\"Valeurs Buzon | Innovation et qualit\u00e9 au c\u0153ur du projet\" \/>\n<meta property=\"og:description\" content=\"Un but commun guide Buzon : innover, construire durablement et cr\u00e9er des solutions techniques pour l\u2019am\u00e9nagement ext\u00e9rieur.\" \/>\n<meta property=\"og:url\" content=\"https:\/\/www.buzon-world.com\/be-FR\/a-propos-de-nous\/un-but-commun\/\" \/>\n<meta property=\"og:site_name\" content=\"Buzon\" \/>\n<meta property=\"article:modified_time\" content=\"2025-11-12T08:40:24+00:00\" \/>\n<meta name=\"twitter:card\" content=\"summary_large_image\" \/>\n<meta name=\"twitter:label1\" content=\"Dur\u00e9e de lecture est.\" \/>\n\t<meta name=\"twitter:data1\" content=\"1 minute\" \/>\n<script type=\"application\/ld+json\" class=\"yoast-schema-graph\">{\"@context\":\"https:\/\/schema.org\",\"@graph\":[{\"@type\":\"WebPage\",\"@id\":\"https:\/\/www.buzon-world.com\/be-FR\/a-propos-de-nous\/un-but-commun\/\",\"url\":\"https:\/\/www.buzon-world.com\/be-FR\/a-propos-de-nous\/un-but-commun\/\",\"name\":\"Valeurs Buzon | Innovation et qualit\u00e9 au c\u0153ur du projet\",\"isPartOf\":{\"@id\":\"https:\/\/www.buzon-world.com\/be-FR\/#website\"},\"datePublished\":\"2022-07-05T13:50:11+00:00\",\"dateModified\":\"2025-11-12T08:40:24+00:00\",\"description\":\"Un but commun guide Buzon : innover, construire durablement et cr\u00e9er des solutions techniques pour l\u2019am\u00e9nagement ext\u00e9rieur.\",\"breadcrumb\":{\"@id\":\"https:\/\/www.buzon-world.com\/be-FR\/a-propos-de-nous\/un-but-commun\/#breadcrumb\"},\"inLanguage\":\"fr-BE\",\"potentialAction\":[{\"@type\":\"ReadAction\",\"target\":[\"https:\/\/www.buzon-world.com\/be-FR\/a-propos-de-nous\/un-but-commun\/\"]}]},{\"@type\":\"BreadcrumbList\",\"@id\":\"https:\/\/www.buzon-world.com\/be-FR\/a-propos-de-nous\/un-but-commun\/#breadcrumb\",\"itemListElement\":[{\"@type\":\"ListItem\",\"position\":1,\"name\":\"Home\",\"item\":\"https:\/\/www.buzon-world.com\/be-FR\/\"},{\"@type\":\"ListItem\",\"position\":2,\"name\":\"\u00c0 propos de nous\",\"item\":\"https:\/\/www.buzon-world.com\/be-FR\/a-propos-de-nous\/\"},{\"@type\":\"ListItem\",\"position\":3,\"name\":\"Un but commun\"}]},{\"@type\":\"WebSite\",\"@id\":\"https:\/\/www.buzon-world.com\/be-FR\/#website\",\"url\":\"https:\/\/www.buzon-world.com\/be-FR\/\",\"name\":\"Buzon\",\"description\":\"Just another WordPress site\",\"potentialAction\":[{\"@type\":\"SearchAction\",\"target\":{\"@type\":\"EntryPoint\",\"urlTemplate\":\"https:\/\/www.buzon-world.com\/be-FR\/?s={search_term_string}\"},\"query-input\":{\"@type\":\"PropertyValueSpecification\",\"valueRequired\":true,\"valueName\":\"search_term_string\"}}],\"inLanguage\":\"fr-BE\"}]}<\/script>\n<!-- \/ Yoast SEO plugin. -->","yoast_head_json":{"title":"Valeurs Buzon | Innovation et qualit\u00e9 au c\u0153ur du projet","description":"Un but commun guide Buzon : innover, construire durablement et cr\u00e9er des solutions techniques pour l\u2019am\u00e9nagement ext\u00e9rieur.","robots":{"index":"index","follow":"follow","max-snippet":"max-snippet:-1","max-image-preview":"max-image-preview:large","max-video-preview":"max-video-preview:-1"},"canonical":"https:\/\/www.buzon-world.com\/be-FR\/a-propos-de-nous\/un-but-commun\/","og_locale":"fr_FR","og_type":"article","og_title":"Valeurs Buzon | Innovation et qualit\u00e9 au c\u0153ur du projet","og_description":"Un but commun guide Buzon : innover, construire durablement et cr\u00e9er des solutions techniques pour l\u2019am\u00e9nagement ext\u00e9rieur.","og_url":"https:\/\/www.buzon-world.com\/be-FR\/a-propos-de-nous\/un-but-commun\/","og_site_name":"Buzon","article_modified_time":"2025-11-12T08:40:24+00:00","twitter_card":"summary_large_image","twitter_misc":{"Dur\u00e9e de lecture est.":"1 minute"},"schema":{"@context":"https:\/\/schema.org","@graph":[{"@type":"WebPage","@id":"https:\/\/www.buzon-world.com\/be-FR\/a-propos-de-nous\/un-but-commun\/","url":"https:\/\/www.buzon-world.com\/be-FR\/a-propos-de-nous\/un-but-commun\/","name":"Valeurs Buzon | Innovation et qualit\u00e9 au c\u0153ur du projet","isPartOf":{"@id":"https:\/\/www.buzon-world.com\/be-FR\/#website"},"datePublished":"2022-07-05T13:50:11+00:00","dateModified":"2025-11-12T08:40:24+00:00","description":"Un but commun guide Buzon : innover, construire durablement et cr\u00e9er des solutions techniques pour l\u2019am\u00e9nagement ext\u00e9rieur.","breadcrumb":{"@id":"https:\/\/www.buzon-world.com\/be-FR\/a-propos-de-nous\/un-but-commun\/#breadcrumb"},"inLanguage":"fr-BE","potentialAction":[{"@type":"ReadAction","target":["https:\/\/www.buzon-world.com\/be-FR\/a-propos-de-nous\/un-but-commun\/"]}]},{"@type":"BreadcrumbList","@id":"https:\/\/www.buzon-world.com\/be-FR\/a-propos-de-nous\/un-but-commun\/#breadcrumb","itemListElement":[{"@type":"ListItem","position":1,"name":"Home","item":"https:\/\/www.buzon-world.com\/be-FR\/"},{"@type":"ListItem","position":2,"name":"\u00c0 propos de nous","item":"https:\/\/www.buzon-world.com\/be-FR\/a-propos-de-nous\/"},{"@type":"ListItem","position":3,"name":"Un but commun"}]},{"@type":"WebSite","@id":"https:\/\/www.buzon-world.com\/be-FR\/#website","url":"https:\/\/www.buzon-world.com\/be-FR\/","name":"Buzon","description":"Just another WordPress site","potentialAction":[{"@type":"SearchAction","target":{"@type":"EntryPoint","urlTemplate":"https:\/\/www.buzon-world.com\/be-FR\/?s={search_term_string}"},"query-input":{"@type":"PropertyValueSpecification","valueRequired":true,"valueName":"search_term_string"}}],"inLanguage":"fr-BE"}]}},"_links":{"self":[{"href":"https:\/\/www.buzon-world.com\/be-FR\/wp-json\/wp\/v2\/pages\/34150","targetHints":{"allow":["GET"]}}],"collection":[{"href":"https:\/\/www.buzon-world.com\/be-FR\/wp-json\/wp\/v2\/pages"}],"about":[{"href":"https:\/\/www.buzon-world.com\/be-FR\/wp-json\/wp\/v2\/types\/page"}],"author":[{"embeddable":true,"href":"https:\/\/www.buzon-world.com\/be-FR\/wp-json\/wp\/v2\/users\/1"}],"replies":[{"embeddable":true,"href":"https:\/\/www.buzon-world.com\/be-FR\/wp-json\/wp\/v2\/comments?post=34150"}],"version-history":[{"count":2,"href":"https:\/\/www.buzon-world.com\/be-FR\/wp-json\/wp\/v2\/pages\/34150\/revisions"}],"predecessor-version":[{"id":49737,"href":"https:\/\/www.buzon-world.com\/be-FR\/wp-json\/wp\/v2\/pages\/34150\/revisions\/49737"}],"up":[{"embeddable":true,"href":"https:\/\/www.buzon-world.com\/be-FR\/wp-json\/wp\/v2\/pages\/34156"}],"wp:attachment":[{"href":"https:\/\/www.buzon-world.com\/be-FR\/wp-json\/wp\/v2\/media?parent=34150"}],"wp:term":[{"taxonomy":"accesories_category","embeddable":true,"href":"https:\/\/www.buzon-world.com\/be-FR\/wp-json\/wp\/v2\/accesories_category?post=34150"},{"taxonomy":"sizes","embeddable":true,"href":"https:\/\/www.buzon-world.com\/be-FR\/wp-json\/wp\/v2\/sizes?post=34150"},{"taxonomy":"plot_serie","embeddable":true,"href":"https:\/\/www.buzon-world.com\/be-FR\/wp-json\/wp\/v2\/plot_serie?post=34150"},{"taxonomy":"accesories_category_type","embeddable":true,"href":"https:\/\/www.buzon-world.com\/be-FR\/wp-json\/wp\/v2\/accesories_category_type?post=34150"},{"taxonomy":"accessories_categories_subtype","embeddable":true,"href":"https:\/\/www.buzon-world.com\/be-FR\/wp-json\/wp\/v2\/accessories_categories_subtype?post=34150"},{"taxonomy":"accessories_categories_applica","embeddable":true,"href":"https:\/\/www.buzon-world.com\/be-FR\/wp-json\/wp\/v2\/accessories_categories_applica?post=34150"}],"curies":[{"name":"wp","href":"https:\/\/api.w.org\/{rel}","templated":true}]}}