{"id":34159,"date":"2022-07-05T15:42:00","date_gmt":"2022-07-05T13:42:00","guid":{"rendered":"https:\/\/www.buzon-world.com\/applications\/"},"modified":"2024-06-20T11:41:24","modified_gmt":"2024-06-20T09:41:24","slug":"applications","status":"publish","type":"page","link":"https:\/\/www.buzon-world.com\/be-FR\/applications\/","title":{"rendered":"Applications"},"content":{"rendered":"<section class=\"l-section wpb_row yellowhoverlinks blacksqgrid3 height_medium\"><div class=\"l-section-h i-cf\"><div class=\"g-cols vc_row via_flex valign_top type_default stacking_default\"><div class=\"vc_col-sm-4 wpb_column vc_column_container\"><div class=\"vc_column-inner\"><div class=\"wpb_wrapper\"><div class=\"w-image has_ratio align_none\"><div class=\"w-image-h\"><div style=\"padding-bottom:50.9434%\"><\/div><img decoding=\"async\" width=\"770\" height=\"330\" src=\"https:\/\/www.buzon-world.com\/wp-content\/uploads\/2023\/05\/menu-applications-PRIVE.png\" class=\"attachment-large size-large\" alt=\"\" loading=\"lazy\" \/><\/div><\/div><div class=\"wpb_text_column us_custom_3b8f9481 longline\"><div class=\"wpb_wrapper\"><h3>Terrasses r\u00e9sidentielles<\/h3>\n<\/div><\/div><div class=\"wpb_text_column\"><div class=\"wpb_wrapper\"><p><strong>S\u00e9rie PB<\/strong><\/p>\n<p><a class=\"ubermenu-target ubermenu-item-layout-default ubermenu-item-layout-text_only\" href=\"https:\/\/www.buzon-world.com\/be-FR\/applications\/terrasses-residentielles\/terrasse-en-dalles-sur-plots\/\"><span class=\"ubermenu-target-title ubermenu-target-text\">Terrasses en dalles sur plots<\/span><\/a><br \/>\n<a class=\"ubermenu-target ubermenu-item-layout-default ubermenu-item-layout-text_only\" href=\"https:\/\/www.buzon-world.com\/be-FR\/applications\/terrasses-residentielles\/terrasse-en-dalles-sur-lambourdes\/\"><span class=\"ubermenu-target-title ubermenu-target-text\">Terrasses en dalles sur lambourdes<\/span><\/a><br \/>\n<a class=\"ubermenu-target ubermenu-item-layout-default ubermenu-item-layout-text_only\" href=\"https:\/\/www.buzon-world.com\/be-FR\/applications\/terrasses-residentielles\/terrasse-en-bois-ou-composite\/\"><span class=\"ubermenu-target-title ubermenu-target-text\">Terrasses en bois ou composite<\/span><\/a><\/p>\n<\/div><\/div><\/div><\/div><\/div><div class=\"vc_col-sm-8 wpb_column vc_column_container\"><div class=\"vc_column-inner\"><div class=\"wpb_wrapper\"><div class=\"g-cols wpb_row via_flex valign_top type_default stacking_default\"><div class=\"vc_col-sm-12 wpb_column vc_column_container\"><div class=\"vc_column-inner\"><div class=\"wpb_wrapper\"><div class=\"w-image has_ratio align_none\"><div class=\"w-image-h\"><div style=\"padding-bottom:24.5283%\"><\/div><img decoding=\"async\" width=\"770\" height=\"330\" src=\"https:\/\/www.buzon-world.com\/wp-content\/uploads\/2023\/05\/menu-applications-PUBLIC.png\" class=\"attachment-large size-large\" alt=\"\" loading=\"lazy\" \/><\/div><\/div><\/div><\/div><\/div><\/div><div class=\"wpb_text_column us_custom_3b8f9481 longline\"><div class=\"wpb_wrapper\"><h3>Espaces publics<\/h3>\n<\/div><\/div><div class=\"g-cols wpb_row via_flex valign_top type_default stacking_default\"><div class=\"vc_col-sm-6 wpb_column vc_column_container\"><div class=\"vc_column-inner\"><div class=\"wpb_wrapper\"><div class=\"wpb_text_column\"><div class=\"wpb_wrapper\"><p><strong>S\u00e9rie DPH<\/strong><\/p>\n<p><a class=\"ubermenu-target ubermenu-item-layout-default ubermenu-item-layout-text_only\" href=\"https:\/\/www.buzon-world.com\/be-FR\/applications\/espaces-publics\/terrasse-en-dalles-sur-plots\/\"><span class=\"ubermenu-target-title ubermenu-target-text\">Terrasse en dalles sur plots<\/span><\/a><br \/>\n<a class=\"ubermenu-target ubermenu-item-layout-default ubermenu-item-layout-text_only\" href=\"https:\/\/www.buzon-world.com\/be-FR\/applications\/espaces-publics\/terrasse-en-dalles-sur-lambourdes\/\"><span class=\"ubermenu-target-title ubermenu-target-text\">Terrasse en dalles sur lambourdes<\/span><\/a><br \/>\n<a class=\"ubermenu-target ubermenu-item-layout-default ubermenu-item-layout-text_only\" href=\"https:\/\/www.buzon-world.com\/be-FR\/applications\/espaces-publics\/terrasse-en-bois-ou-composite\/\"><span class=\"ubermenu-target-title ubermenu-target-text\">Terrasse en bois ou composite<\/span><\/a><\/p>\n<\/div><\/div><\/div><\/div><\/div><div class=\"vc_col-sm-6 wpb_column vc_column_container\"><div class=\"vc_column-inner\"><div class=\"wpb_wrapper\"><div class=\"wpb_text_column\"><div class=\"wpb_wrapper\"><p><strong>S\u00e9rie PB<\/strong><\/p>\n<p><a class=\"ubermenu-target ubermenu-item-layout-default ubermenu-item-layout-text_only\" href=\"https:\/\/www.buzon-world.com\/be-FR\/applications\/terrasses-residentielles\/terrasse-en-dalles-sur-plots\/\"><span class=\"ubermenu-target-title ubermenu-target-text\">Terrasses en dalles sur plots<\/span><\/a><br \/>\n<a class=\"ubermenu-target ubermenu-item-layout-default ubermenu-item-layout-text_only\" href=\"https:\/\/www.buzon-world.com\/be-FR\/applications\/terrasses-residentielles\/terrasse-en-dalles-sur-lambourdes\/\"><span class=\"ubermenu-target-title ubermenu-target-text\">Terrasses en dalles sur lambourdes<\/span><\/a><br \/>\n<a class=\"ubermenu-target ubermenu-item-layout-default ubermenu-item-layout-text_only\" href=\"https:\/\/www.buzon-world.com\/be-FR\/applications\/terrasses-residentielles\/terrasse-en-bois-ou-composite\/\"><span class=\"ubermenu-target-title ubermenu-target-text\">Terrasses en bois ou composite<\/span><\/a><\/p>\n<\/div><\/div><\/div><\/div><\/div><\/div><\/div><\/div><\/div><\/div><\/div><\/section>\n","protected":false},"excerpt":{"rendered":"Terrasses r\u00e9sidentielles S\u00e9rie PB Terrasses en dalles sur plots Terrasses en dalles sur lambourdes Terrasses en bois ou composite Espaces publics S\u00e9rie DPH Terrasse en dalles sur plots Terrasse en dalles sur lambourdes Terrasse en bois ou composite S\u00e9rie PB Terrasses en dalles sur plots Terrasses en dalles sur lambourdes Terrasses en bois ou composite","protected":false},"author":1,"featured_media":0,"parent":0,"menu_order":7,"comment_status":"closed","ping_status":"closed","template":"","meta":{"_acf_changed":false,"footnotes":""},"accesories_category":[],"sizes":[],"plot_serie":[],"accesories_category_type":[],"accessories_categories_subtype":[],"accessories_categories_applica":[],"class_list":["post-34159","page","type-page","status-publish","hentry"],"acf":[],"yoast_head":"<!-- This site is optimized with the Yoast SEO plugin v27.1.1 - https:\/\/yoast.com\/product\/yoast-seo-wordpress\/ -->\n<title>Plots pour terrasses publiques et r\u00e9sidentielles | Buzon World Belgique<\/title>\n<meta name=\"description\" content=\"Nos produits sont parfaits pour vos projets de terrasses en dalles, en bois ou composite, sur plots ou sur lambourdes.\" \/>\n<meta name=\"robots\" content=\"index, follow, max-snippet:-1, max-image-preview:large, max-video-preview:-1\" \/>\n<link rel=\"canonical\" href=\"https:\/\/www.buzon-world.com\/be-FR\/applications\/\" \/>\n<meta property=\"og:locale\" content=\"fr_FR\" \/>\n<meta property=\"og:type\" content=\"article\" \/>\n<meta property=\"og:title\" content=\"Plots pour terrasses publiques et r\u00e9sidentielles | Buzon World Belgique\" \/>\n<meta property=\"og:description\" content=\"Nos produits sont parfaits pour vos projets de terrasses en dalles, en bois ou composite, sur plots ou sur lambourdes.\" \/>\n<meta property=\"og:url\" content=\"https:\/\/www.buzon-world.com\/be-FR\/applications\/\" \/>\n<meta property=\"og:site_name\" content=\"Buzon\" \/>\n<meta property=\"article:modified_time\" content=\"2024-06-20T09:41:24+00:00\" \/>\n<meta name=\"twitter:card\" content=\"summary_large_image\" \/>\n<meta name=\"twitter:label1\" content=\"Dur\u00e9e de lecture est.\" \/>\n\t<meta name=\"twitter:data1\" content=\"1 minute\" \/>\n<script type=\"application\/ld+json\" class=\"yoast-schema-graph\">{\"@context\":\"https:\/\/schema.org\",\"@graph\":[{\"@type\":\"WebPage\",\"@id\":\"https:\/\/www.buzon-world.com\/be-FR\/applications\/\",\"url\":\"https:\/\/www.buzon-world.com\/be-FR\/applications\/\",\"name\":\"Plots pour terrasses publiques et r\u00e9sidentielles | Buzon World Belgique\",\"isPartOf\":{\"@id\":\"https:\/\/www.buzon-world.com\/be-FR\/#website\"},\"datePublished\":\"2022-07-05T13:42:00+00:00\",\"dateModified\":\"2024-06-20T09:41:24+00:00\",\"description\":\"Nos produits sont parfaits pour vos projets de terrasses en dalles, en bois ou composite, sur plots ou sur lambourdes.\",\"breadcrumb\":{\"@id\":\"https:\/\/www.buzon-world.com\/be-FR\/applications\/#breadcrumb\"},\"inLanguage\":\"fr-BE\",\"potentialAction\":[{\"@type\":\"ReadAction\",\"target\":[\"https:\/\/www.buzon-world.com\/be-FR\/applications\/\"]}]},{\"@type\":\"BreadcrumbList\",\"@id\":\"https:\/\/www.buzon-world.com\/be-FR\/applications\/#breadcrumb\",\"itemListElement\":[{\"@type\":\"ListItem\",\"position\":1,\"name\":\"Home\",\"item\":\"https:\/\/www.buzon-world.com\/be-FR\/\"},{\"@type\":\"ListItem\",\"position\":2,\"name\":\"Applications\"}]},{\"@type\":\"WebSite\",\"@id\":\"https:\/\/www.buzon-world.com\/be-FR\/#website\",\"url\":\"https:\/\/www.buzon-world.com\/be-FR\/\",\"name\":\"Buzon\",\"description\":\"Just another WordPress site\",\"potentialAction\":[{\"@type\":\"SearchAction\",\"target\":{\"@type\":\"EntryPoint\",\"urlTemplate\":\"https:\/\/www.buzon-world.com\/be-FR\/?s={search_term_string}\"},\"query-input\":{\"@type\":\"PropertyValueSpecification\",\"valueRequired\":true,\"valueName\":\"search_term_string\"}}],\"inLanguage\":\"fr-BE\"}]}<\/script>\n<!-- \/ Yoast SEO plugin. -->","yoast_head_json":{"title":"Plots pour terrasses publiques et r\u00e9sidentielles | Buzon World Belgique","description":"Nos produits sont parfaits pour vos projets de terrasses en dalles, en bois ou composite, sur plots ou sur lambourdes.","robots":{"index":"index","follow":"follow","max-snippet":"max-snippet:-1","max-image-preview":"max-image-preview:large","max-video-preview":"max-video-preview:-1"},"canonical":"https:\/\/www.buzon-world.com\/be-FR\/applications\/","og_locale":"fr_FR","og_type":"article","og_title":"Plots pour terrasses publiques et r\u00e9sidentielles | Buzon World Belgique","og_description":"Nos produits sont parfaits pour vos projets de terrasses en dalles, en bois ou composite, sur plots ou sur lambourdes.","og_url":"https:\/\/www.buzon-world.com\/be-FR\/applications\/","og_site_name":"Buzon","article_modified_time":"2024-06-20T09:41:24+00:00","twitter_card":"summary_large_image","twitter_misc":{"Dur\u00e9e de lecture est.":"1 minute"},"schema":{"@context":"https:\/\/schema.org","@graph":[{"@type":"WebPage","@id":"https:\/\/www.buzon-world.com\/be-FR\/applications\/","url":"https:\/\/www.buzon-world.com\/be-FR\/applications\/","name":"Plots pour terrasses publiques et r\u00e9sidentielles | Buzon World Belgique","isPartOf":{"@id":"https:\/\/www.buzon-world.com\/be-FR\/#website"},"datePublished":"2022-07-05T13:42:00+00:00","dateModified":"2024-06-20T09:41:24+00:00","description":"Nos produits sont parfaits pour vos projets de terrasses en dalles, en bois ou composite, sur plots ou sur lambourdes.","breadcrumb":{"@id":"https:\/\/www.buzon-world.com\/be-FR\/applications\/#breadcrumb"},"inLanguage":"fr-BE","potentialAction":[{"@type":"ReadAction","target":["https:\/\/www.buzon-world.com\/be-FR\/applications\/"]}]},{"@type":"BreadcrumbList","@id":"https:\/\/www.buzon-world.com\/be-FR\/applications\/#breadcrumb","itemListElement":[{"@type":"ListItem","position":1,"name":"Home","item":"https:\/\/www.buzon-world.com\/be-FR\/"},{"@type":"ListItem","position":2,"name":"Applications"}]},{"@type":"WebSite","@id":"https:\/\/www.buzon-world.com\/be-FR\/#website","url":"https:\/\/www.buzon-world.com\/be-FR\/","name":"Buzon","description":"Just another WordPress site","potentialAction":[{"@type":"SearchAction","target":{"@type":"EntryPoint","urlTemplate":"https:\/\/www.buzon-world.com\/be-FR\/?s={search_term_string}"},"query-input":{"@type":"PropertyValueSpecification","valueRequired":true,"valueName":"search_term_string"}}],"inLanguage":"fr-BE"}]}},"_links":{"self":[{"href":"https:\/\/www.buzon-world.com\/be-FR\/wp-json\/wp\/v2\/pages\/34159","targetHints":{"allow":["GET"]}}],"collection":[{"href":"https:\/\/www.buzon-world.com\/be-FR\/wp-json\/wp\/v2\/pages"}],"about":[{"href":"https:\/\/www.buzon-world.com\/be-FR\/wp-json\/wp\/v2\/types\/page"}],"author":[{"embeddable":true,"href":"https:\/\/www.buzon-world.com\/be-FR\/wp-json\/wp\/v2\/users\/1"}],"replies":[{"embeddable":true,"href":"https:\/\/www.buzon-world.com\/be-FR\/wp-json\/wp\/v2\/comments?post=34159"}],"version-history":[{"count":2,"href":"https:\/\/www.buzon-world.com\/be-FR\/wp-json\/wp\/v2\/pages\/34159\/revisions"}],"predecessor-version":[{"id":37784,"href":"https:\/\/www.buzon-world.com\/be-FR\/wp-json\/wp\/v2\/pages\/34159\/revisions\/37784"}],"wp:attachment":[{"href":"https:\/\/www.buzon-world.com\/be-FR\/wp-json\/wp\/v2\/media?parent=34159"}],"wp:term":[{"taxonomy":"accesories_category","embeddable":true,"href":"https:\/\/www.buzon-world.com\/be-FR\/wp-json\/wp\/v2\/accesories_category?post=34159"},{"taxonomy":"sizes","embeddable":true,"href":"https:\/\/www.buzon-world.com\/be-FR\/wp-json\/wp\/v2\/sizes?post=34159"},{"taxonomy":"plot_serie","embeddable":true,"href":"https:\/\/www.buzon-world.com\/be-FR\/wp-json\/wp\/v2\/plot_serie?post=34159"},{"taxonomy":"accesories_category_type","embeddable":true,"href":"https:\/\/www.buzon-world.com\/be-FR\/wp-json\/wp\/v2\/accesories_category_type?post=34159"},{"taxonomy":"accessories_categories_subtype","embeddable":true,"href":"https:\/\/www.buzon-world.com\/be-FR\/wp-json\/wp\/v2\/accessories_categories_subtype?post=34159"},{"taxonomy":"accessories_categories_applica","embeddable":true,"href":"https:\/\/www.buzon-world.com\/be-FR\/wp-json\/wp\/v2\/accessories_categories_applica?post=34159"}],"curies":[{"name":"wp","href":"https:\/\/api.w.org\/{rel}","templated":true}]}}