{"id":20372,"date":"2022-07-05T15:50:11","date_gmt":"2022-07-05T13:50:11","guid":{"rendered":"https:\/\/www.buzon-world.com\/about-us\/our-commitments\/"},"modified":"2025-12-15T17:14:07","modified_gmt":"2025-12-15T15:14:07","slug":"onze-beloften","status":"publish","type":"page","link":"https:\/\/www.buzon-world.com\/be-NL\/over-ons\/onze-beloften\/","title":{"rendered":"Onze beloften"},"content":{"rendered":"<section class=\"l-section wpb_row height_auto\"><div class=\"l-section-h i-cf\"><div class=\"g-cols vc_row via_flex valign_top type_default reversed stacking_default\"><div class=\"vc_col-sm-12 wpb_column vc_column_container\"><div class=\"vc_column-inner\"><div class=\"wpb_wrapper\">[vc_raw_html]JTVCd3BzZW9fYnJlYWRjcnVtYiU1RCUwQQ==[\/vc_raw_html]<div class=\"w-separator size_medium\"><\/div><div class=\"wpb_text_column\"><div class=\"wpb_wrapper\"><h1>Onze beloften<\/h1>\n<\/div><\/div><\/div><\/div><\/div><\/div><\/div><\/section><section class=\"l-section wpb_row blackcols height_medium\"><div class=\"l-section-h i-cf\"><div class=\"g-cols vc_row via_flex valign_top type_boxes stacking_default\" style=\"--additional-gap:15px;\"><div class=\"vc_col-sm-6 wpb_column vc_column_container\"><div class=\"vc_column-inner\"><div class=\"wpb_wrapper\"><div class=\"w-image has_ratio align_none\"><div class=\"w-image-h\"><div style=\"padding-bottom:50.9434%\"><\/div><img decoding=\"async\" width=\"1024\" height=\"719\" src=\"https:\/\/www.buzon-world.com\/wp-content\/uploads\/2023\/12\/Usine-Moldes-1024x719.jpg\" class=\"attachment-large size-large\" alt=\"\" loading=\"lazy\" \/><\/div><\/div><div class=\"w-separator size_medium\"><\/div><div class=\"wpb_text_column\"><div class=\"wpb_wrapper\"><h2>100% MADE<br \/>\nIN EUROPE<\/h2>\n<p>Al onze dragers worden gecre\u00eberd, ontworpen en geproduceerd in Europa. Onze onderzoeks- en ontwikkelingsafdeling werkt hard om onze klanten uitmuntende terrasondersteuning te bieden.<\/p>\n<p><img loading=\"lazy\" decoding=\"async\" class=\"alignnone wp-image-50274 size-thumbnail\" src=\"https:\/\/www.buzon-world.com\/wp-content\/uploads\/2025\/12\/LOGO-Made-In-Europe-150x150.png\" alt=\"\" width=\"150\" height=\"150\" srcset=\"https:\/\/www.buzon-world.com\/wp-content\/uploads\/2025\/12\/LOGO-Made-In-Europe-150x150.png 150w, https:\/\/www.buzon-world.com\/wp-content\/uploads\/2025\/12\/LOGO-Made-In-Europe-300x300.png 300w, https:\/\/www.buzon-world.com\/wp-content\/uploads\/2025\/12\/LOGO-Made-In-Europe-1024x1024.png 1024w, https:\/\/www.buzon-world.com\/wp-content\/uploads\/2025\/12\/LOGO-Made-In-Europe-70x70.png 70w, https:\/\/www.buzon-world.com\/wp-content\/uploads\/2025\/12\/LOGO-Made-In-Europe.png 1080w\" sizes=\"auto, (max-width: 150px) 100vw, 150px\" \/><\/p>\n<\/div><\/div><div class=\"w-separator size_large\"><\/div><div class=\"w-image has_ratio align_none\"><div class=\"w-image-h\"><div style=\"padding-bottom:50.9434%\"><\/div><img decoding=\"async\" width=\"1024\" height=\"682\" src=\"https:\/\/www.buzon-world.com\/wp-content\/uploads\/2023\/12\/qualite-1024x682.jpg\" class=\"attachment-large size-large\" alt=\"\" loading=\"lazy\" \/><\/div><\/div><div class=\"w-separator size_medium\"><\/div><div class=\"wpb_text_column\"><div class=\"wpb_wrapper\"><h2 class=\"p1\">KWALITEIT<br \/>\nVERBINTENIS<\/h2>\n<p>De kwaliteit van onze producten en uw tevredenheid zijn onze hoogste prioriteiten. Daarom is Buzon\u00ae sinds 2017 ISO 9001 gecertificeerd. Deze certificering garandeert u een constante verbetering van de kwaliteit van onze producten en diensten.<\/p>\n<p><img loading=\"lazy\" decoding=\"async\" class=\"alignnone wp-image-50277 size-thumbnail\" src=\"https:\/\/www.buzon-world.com\/wp-content\/uploads\/2025\/12\/LOGO-ISO9001-150x150.png\" alt=\"\" width=\"150\" height=\"150\" srcset=\"https:\/\/www.buzon-world.com\/wp-content\/uploads\/2025\/12\/LOGO-ISO9001-150x150.png 150w, https:\/\/www.buzon-world.com\/wp-content\/uploads\/2025\/12\/LOGO-ISO9001-300x300.png 300w, https:\/\/www.buzon-world.com\/wp-content\/uploads\/2025\/12\/LOGO-ISO9001-1024x1024.png 1024w, https:\/\/www.buzon-world.com\/wp-content\/uploads\/2025\/12\/LOGO-ISO9001-70x70.png 70w, https:\/\/www.buzon-world.com\/wp-content\/uploads\/2025\/12\/LOGO-ISO9001.png 1080w\" sizes=\"auto, (max-width: 150px) 100vw, 150px\" \/><\/p>\n<\/div><\/div><div class=\"w-separator size_large\"><\/div><div class=\"w-image has_ratio align_none\"><div class=\"w-image-h\"><div style=\"padding-bottom:50.9434%\"><\/div><img decoding=\"async\" width=\"1024\" height=\"615\" src=\"https:\/\/www.buzon-world.com\/wp-content\/uploads\/2023\/12\/trophee-1024x615.jpg\" class=\"attachment-large size-large\" alt=\"\" loading=\"lazy\" \/><\/div><\/div><div class=\"w-separator size_medium\"><\/div><div class=\"wpb_text_column\"><div class=\"wpb_wrapper\"><h2 class=\"p1\">ERKENNING<\/h2>\n<p class=\"p2\">We hebben veel prijzen gewonnen en verschillende certificeringen behaald, zoals een zilveren medaille voor innovatie op Batimat Parijs in 1997, de Golden Bridge in Londen en zelfs de Good Design Award 2018 met onze diverse verbintenissen en ons bedrijfsbeleid.<\/p>\n<p><img loading=\"lazy\" decoding=\"async\" class=\"alignnone wp-image-50279 size-thumbnail\" src=\"https:\/\/www.buzon-world.com\/wp-content\/uploads\/2025\/12\/LOGO-BATIMAT-150x150.png\" alt=\"\" width=\"150\" height=\"150\" srcset=\"https:\/\/www.buzon-world.com\/wp-content\/uploads\/2025\/12\/LOGO-BATIMAT-150x150.png 150w, https:\/\/www.buzon-world.com\/wp-content\/uploads\/2025\/12\/LOGO-BATIMAT-300x300.png 300w, https:\/\/www.buzon-world.com\/wp-content\/uploads\/2025\/12\/LOGO-BATIMAT-1024x1024.png 1024w, https:\/\/www.buzon-world.com\/wp-content\/uploads\/2025\/12\/LOGO-BATIMAT-70x70.png 70w, https:\/\/www.buzon-world.com\/wp-content\/uploads\/2025\/12\/LOGO-BATIMAT.png 1080w\" sizes=\"auto, (max-width: 150px) 100vw, 150px\" \/> <img loading=\"lazy\" decoding=\"async\" class=\"alignnone wp-image-50280 size-thumbnail\" src=\"https:\/\/www.buzon-world.com\/wp-content\/uploads\/2025\/12\/LOGO-GOODDESIGNAWARD-150x150.png\" alt=\"\" width=\"150\" height=\"150\" srcset=\"https:\/\/www.buzon-world.com\/wp-content\/uploads\/2025\/12\/LOGO-GOODDESIGNAWARD-150x150.png 150w, https:\/\/www.buzon-world.com\/wp-content\/uploads\/2025\/12\/LOGO-GOODDESIGNAWARD-300x300.png 300w, https:\/\/www.buzon-world.com\/wp-content\/uploads\/2025\/12\/LOGO-GOODDESIGNAWARD-1024x1024.png 1024w, https:\/\/www.buzon-world.com\/wp-content\/uploads\/2025\/12\/LOGO-GOODDESIGNAWARD-70x70.png 70w, https:\/\/www.buzon-world.com\/wp-content\/uploads\/2025\/12\/LOGO-GOODDESIGNAWARD.png 1080w\" sizes=\"auto, (max-width: 150px) 100vw, 150px\" \/><\/p>\n<\/div><\/div><div class=\"w-separator size_medium\"><\/div><div class=\"wpb_text_column\"><div class=\"wpb_wrapper\"><h2>ONZE INTERNATIONALE CERTIFICERINGEN<\/h2>\n<p>Onze internationale certificeringen, zoals de ICC ES in de Verenigde Staten en de BBA in het Verenigd Koninkrijk, onderstrepen onze toewijding aan internationaal erkende kwaliteits- en prestatienormen.<\/p>\n<p><img loading=\"lazy\" decoding=\"async\" class=\"alignnone wp-image-50283 size-thumbnail\" src=\"https:\/\/www.buzon-world.com\/wp-content\/uploads\/2025\/12\/LOGO-ICC-150x150.png\" alt=\"\" width=\"150\" height=\"150\" srcset=\"https:\/\/www.buzon-world.com\/wp-content\/uploads\/2025\/12\/LOGO-ICC-150x150.png 150w, https:\/\/www.buzon-world.com\/wp-content\/uploads\/2025\/12\/LOGO-ICC-300x300.png 300w, https:\/\/www.buzon-world.com\/wp-content\/uploads\/2025\/12\/LOGO-ICC-1024x1024.png 1024w, https:\/\/www.buzon-world.com\/wp-content\/uploads\/2025\/12\/LOGO-ICC-70x70.png 70w, https:\/\/www.buzon-world.com\/wp-content\/uploads\/2025\/12\/LOGO-ICC.png 1080w\" sizes=\"auto, (max-width: 150px) 100vw, 150px\" \/><img loading=\"lazy\" decoding=\"async\" class=\"alignnone wp-image-50284 size-thumbnail\" src=\"https:\/\/www.buzon-world.com\/wp-content\/uploads\/2025\/12\/LOGO-BBA-150x150.png\" alt=\"\" width=\"150\" height=\"150\" srcset=\"https:\/\/www.buzon-world.com\/wp-content\/uploads\/2025\/12\/LOGO-BBA-150x150.png 150w, https:\/\/www.buzon-world.com\/wp-content\/uploads\/2025\/12\/LOGO-BBA-300x300.png 300w, https:\/\/www.buzon-world.com\/wp-content\/uploads\/2025\/12\/LOGO-BBA-1024x1024.png 1024w, https:\/\/www.buzon-world.com\/wp-content\/uploads\/2025\/12\/LOGO-BBA-70x70.png 70w, https:\/\/www.buzon-world.com\/wp-content\/uploads\/2025\/12\/LOGO-BBA.png 1080w\" sizes=\"auto, (max-width: 150px) 100vw, 150px\" \/><\/p>\n<\/div><\/div><\/div><\/div><\/div><div class=\"vc_col-sm-6 wpb_column vc_column_container\"><div class=\"vc_column-inner\"><div class=\"wpb_wrapper\"><div class=\"w-image has_ratio align_none\"><div class=\"w-image-h\"><div style=\"padding-bottom:50.9434%\"><\/div><img decoding=\"async\" width=\"1024\" height=\"768\" src=\"https:\/\/www.buzon-world.com\/wp-content\/uploads\/2023\/12\/pepiniere-1024x768.jpg\" class=\"attachment-large size-large\" alt=\"\" loading=\"lazy\" \/><\/div><\/div><div class=\"w-separator size_medium\"><\/div><div class=\"wpb_text_column\"><div class=\"wpb_wrapper\"><h2 class=\"p1\">MILIEU<br \/>\nVERBINTENIS<\/h2>\n<p data-start=\"86\" data-end=\"360\">Bezorgd om onze ecologische voetafdruk te verkleinen, engageren wij ons ertoe om de bescherming en het behoud van het milieu voortdurend te integreren in het ontwerp, de productie en de distributie van onze producten, evenals in het dagelijks beheer van onze activiteiten.<\/p>\n<p data-start=\"362\" data-end=\"448\">Om deze missie te realiseren, richt Buzon Pedestal International zijn acties op:<\/p>\n<ul data-start=\"449\" data-end=\"703\">\n<li data-start=\"449\" data-end=\"515\">\n<p data-start=\"451\" data-end=\"515\">Het verantwoord gebruik van energie en natuurlijke hulpbronnen<\/p>\n<\/li>\n<li data-start=\"516\" data-end=\"597\">\n<p data-start=\"518\" data-end=\"597\">De vermindering van de afvalproductie en de verbetering van de afvalsortering<\/p>\n<\/li>\n<li data-start=\"598\" data-end=\"646\">\n<p data-start=\"600\" data-end=\"646\">Het opstellen van een duurzaam aankoopbeleid<\/p>\n<\/li>\n<li data-start=\"647\" data-end=\"703\">\n<p data-start=\"649\" data-end=\"703\">De preventie van vervuiling en andere milieurisico\u2019s<\/p>\n<\/li>\n<\/ul>\n<p data-start=\"705\" data-end=\"935\">In 2019 hebben wij ook de ISO 14001-certificering behaald. Deze internationale norm bevestigt ons engagement om onze milieuprestaties continu te verbeteren en te voldoen aan de geldende wettelijke en reglementaire vereisten.<\/p>\n<\/div><\/div><div class=\"w-separator size_large\"><\/div><div class=\"wpb_text_column\"><div class=\"wpb_wrapper\"><h2>EINDE VAN LEVEN VAN POLYPROPEENPRODUCTEN: RECYCLAGE EN VERANTWOORDELIJKHEID<\/h2>\n<p>We zijn trots op het produceren van polypropyleenproducten, een materiaal dat bekend staat om zijn lichtheid, sterkte en veelzijdigheid. We zijn ons echter ook bewust van het belang van een goed beheer van het einde van de levensduur van deze producten om hun impact op het milieu te minimaliseren.<\/p>\n<h3>Wat te doen aan het einde van de levensduur?<\/h3>\n<p>Wanneer uw polypropyleenproduct het einde van zijn gebruiksduur bereikt, is het belangrijk om enkele eenvoudige stappen te volgen om ervoor te zorgen dat het op de juiste manier wordt gerecycled:<\/p>\n<ul>\n<li><strong>Gescheiden Inzameling<\/strong>: Polypropyleen (PP) is een recyclebaar plastic. Zorg ervoor dat u het in de juiste recyclebakken plaatst voordat u het weggooit. Raadpleeg de lokale voorschriften voor specifieke instructies in uw regio.<\/li>\n<li><strong>Inzamelpunt<\/strong>: Veel gemeenten hebben inzamelcentra of afvalverwerkingsstations waar kunststoffen, waaronder polypropyleen, kunnen worden gerecycled. Aarzel niet om uw producten daar in te leveren.<\/li>\n<li><strong>Verantwoord Engagement<\/strong>: Als bedrijf zetten we ons in om recyclinginitiatieven te ondersteunen. Polypropyleen is een materiaal dat opnieuw kan worden gebruikt om nieuwe voorwerpen te maken, waardoor de vraag naar grondstoffen wordt verminderd.<\/li>\n<\/ul>\n<h3>Waarom polypropyleen recyclen?<\/h3>\n<ul>\n<li><strong>Circulaire Economie<\/strong>: Recycling geeft polypropyleen een nieuw leven door gebruikte producten om te zetten in nieuwe, nuttige bronnen.<\/li>\n<li><strong>Afvalreductie<\/strong>: Door te recyclen helpt u de hoeveelheid afval die naar stortplaatsen gaat te verminderen, waardoor de ecologische voetafdruk afneemt.<\/li>\n<li><strong>Behoud van Grondstoffen<\/strong>: Er zijn minder grondstoffen nodig wanneer polypropyleen wordt gerecycled, wat helpt om natuurlijke hulpbronnen te behouden.<\/li>\n<\/ul>\n<p><img loading=\"lazy\" decoding=\"async\" class=\"alignnone wp-image-50281 size-thumbnail\" src=\"https:\/\/www.buzon-world.com\/wp-content\/uploads\/2025\/12\/LOGO-ISO14001-150x150.png\" alt=\"\" width=\"150\" height=\"150\" srcset=\"https:\/\/www.buzon-world.com\/wp-content\/uploads\/2025\/12\/LOGO-ISO14001-150x150.png 150w, https:\/\/www.buzon-world.com\/wp-content\/uploads\/2025\/12\/LOGO-ISO14001-300x300.png 300w, https:\/\/www.buzon-world.com\/wp-content\/uploads\/2025\/12\/LOGO-ISO14001-1024x1024.png 1024w, https:\/\/www.buzon-world.com\/wp-content\/uploads\/2025\/12\/LOGO-ISO14001-70x70.png 70w, https:\/\/www.buzon-world.com\/wp-content\/uploads\/2025\/12\/LOGO-ISO14001.png 1080w\" sizes=\"auto, (max-width: 150px) 100vw, 150px\" \/><\/p>\n<\/div><\/div><\/div><\/div><\/div><\/div><\/div><\/section>\n","protected":false},"excerpt":{"rendered":"[vc_raw_html]JTVCd3BzZW9fYnJlYWRjcnVtYiU1RCUwQQ==[\/vc_raw_html]Onze beloften 100% MADE IN EUROPE Al onze dragers worden gecre\u00eberd, ontworpen en geproduceerd in Europa. Onze onderzoeks- en ontwikkelingsafdeling werkt hard om onze klanten uitmuntende terrasondersteuning te bieden. KWALITEIT VERBINTENIS De kwaliteit van onze producten en uw tevredenheid zijn onze hoogste prioriteiten. Daarom is Buzon\u00ae sinds 2017 ISO 9001 gecertificeerd. Deze certificering garandeert u...","protected":false},"author":1,"featured_media":0,"parent":20360,"menu_order":2,"comment_status":"closed","ping_status":"closed","template":"","meta":{"_acf_changed":false,"footnotes":""},"accesories_category":[],"sizes":[],"plot_serie":[],"accesories_category_type":[],"accessories_categories_subtype":[],"accessories_categories_applica":[],"class_list":["post-20372","page","type-page","status-publish","hentry"],"acf":[],"yoast_head":"<!-- This site is optimized with the Yoast SEO plugin v27.1.1 - https:\/\/yoast.com\/product\/yoast-seo-wordpress\/ -->\n<title>Onze beloften | Buzon World verstelbare terrasdragers<\/title>\n<meta name=\"description\" content=\"Al onze producten worden gecre\u00eberd, ontworpen en geproduceerd in Europa. Dit is slechts \u00e9\u00e9n van onze vele beloften naar kwaliteit toe.\" \/>\n<meta name=\"robots\" content=\"index, follow, max-snippet:-1, max-image-preview:large, max-video-preview:-1\" \/>\n<link rel=\"canonical\" href=\"https:\/\/www.buzon-world.com\/be-NL\/over-ons\/onze-beloften\/\" \/>\n<meta property=\"og:locale\" content=\"nl_BE\" \/>\n<meta property=\"og:type\" content=\"article\" \/>\n<meta property=\"og:title\" content=\"Onze beloften | Buzon World verstelbare terrasdragers\" \/>\n<meta property=\"og:description\" content=\"Al onze producten worden gecre\u00eberd, ontworpen en geproduceerd in Europa. Dit is slechts \u00e9\u00e9n van onze vele beloften naar kwaliteit toe.\" \/>\n<meta property=\"og:url\" content=\"https:\/\/www.buzon-world.com\/be-NL\/over-ons\/onze-beloften\/\" \/>\n<meta property=\"og:site_name\" content=\"Buzon\" \/>\n<meta property=\"article:modified_time\" content=\"2025-12-15T15:14:07+00:00\" \/>\n<meta property=\"og:image\" content=\"https:\/\/www.buzon-world.com\/wp-content\/uploads\/2025\/12\/LOGO-Made-In-Europe-150x150.png\" \/>\n<meta name=\"twitter:card\" content=\"summary_large_image\" \/>\n<meta name=\"twitter:label1\" content=\"Geschatte leestijd\" \/>\n\t<meta name=\"twitter:data1\" content=\"4 minuten\" \/>\n<script type=\"application\/ld+json\" class=\"yoast-schema-graph\">{\"@context\":\"https:\/\/schema.org\",\"@graph\":[{\"@type\":\"WebPage\",\"@id\":\"https:\/\/www.buzon-world.com\/be-NL\/over-ons\/onze-beloften\/\",\"url\":\"https:\/\/www.buzon-world.com\/be-NL\/over-ons\/onze-beloften\/\",\"name\":\"Onze beloften | Buzon World verstelbare terrasdragers\",\"isPartOf\":{\"@id\":\"https:\/\/www.buzon-world.com\/be-NL\/#website\"},\"primaryImageOfPage\":{\"@id\":\"https:\/\/www.buzon-world.com\/be-NL\/over-ons\/onze-beloften\/#primaryimage\"},\"image\":{\"@id\":\"https:\/\/www.buzon-world.com\/be-NL\/over-ons\/onze-beloften\/#primaryimage\"},\"thumbnailUrl\":\"https:\/\/www.buzon-world.com\/wp-content\/uploads\/2025\/12\/LOGO-Made-In-Europe-150x150.png\",\"datePublished\":\"2022-07-05T13:50:11+00:00\",\"dateModified\":\"2025-12-15T15:14:07+00:00\",\"description\":\"Al onze producten worden gecre\u00eberd, ontworpen en geproduceerd in Europa. Dit is slechts \u00e9\u00e9n van onze vele beloften naar kwaliteit toe.\",\"breadcrumb\":{\"@id\":\"https:\/\/www.buzon-world.com\/be-NL\/over-ons\/onze-beloften\/#breadcrumb\"},\"inLanguage\":\"nl-BE\",\"potentialAction\":[{\"@type\":\"ReadAction\",\"target\":[\"https:\/\/www.buzon-world.com\/be-NL\/over-ons\/onze-beloften\/\"]}]},{\"@type\":\"ImageObject\",\"inLanguage\":\"nl-BE\",\"@id\":\"https:\/\/www.buzon-world.com\/be-NL\/over-ons\/onze-beloften\/#primaryimage\",\"url\":\"https:\/\/www.buzon-world.com\/wp-content\/uploads\/2025\/12\/LOGO-Made-In-Europe-150x150.png\",\"contentUrl\":\"https:\/\/www.buzon-world.com\/wp-content\/uploads\/2025\/12\/LOGO-Made-In-Europe-150x150.png\"},{\"@type\":\"BreadcrumbList\",\"@id\":\"https:\/\/www.buzon-world.com\/be-NL\/over-ons\/onze-beloften\/#breadcrumb\",\"itemListElement\":[{\"@type\":\"ListItem\",\"position\":1,\"name\":\"Home\",\"item\":\"https:\/\/www.buzon-world.com\/be-NL\/\"},{\"@type\":\"ListItem\",\"position\":2,\"name\":\"Over ons\",\"item\":\"https:\/\/www.buzon-world.com\/be-NL\/over-ons\/\"},{\"@type\":\"ListItem\",\"position\":3,\"name\":\"Onze beloften\"}]},{\"@type\":\"WebSite\",\"@id\":\"https:\/\/www.buzon-world.com\/be-NL\/#website\",\"url\":\"https:\/\/www.buzon-world.com\/be-NL\/\",\"name\":\"Buzon\",\"description\":\"Just another WordPress site\",\"potentialAction\":[{\"@type\":\"SearchAction\",\"target\":{\"@type\":\"EntryPoint\",\"urlTemplate\":\"https:\/\/www.buzon-world.com\/be-NL\/?s={search_term_string}\"},\"query-input\":{\"@type\":\"PropertyValueSpecification\",\"valueRequired\":true,\"valueName\":\"search_term_string\"}}],\"inLanguage\":\"nl-BE\"}]}<\/script>\n<!-- \/ Yoast SEO plugin. -->","yoast_head_json":{"title":"Onze beloften | Buzon World verstelbare terrasdragers","description":"Al onze producten worden gecre\u00eberd, ontworpen en geproduceerd in Europa. Dit is slechts \u00e9\u00e9n van onze vele beloften naar kwaliteit toe.","robots":{"index":"index","follow":"follow","max-snippet":"max-snippet:-1","max-image-preview":"max-image-preview:large","max-video-preview":"max-video-preview:-1"},"canonical":"https:\/\/www.buzon-world.com\/be-NL\/over-ons\/onze-beloften\/","og_locale":"nl_BE","og_type":"article","og_title":"Onze beloften | Buzon World verstelbare terrasdragers","og_description":"Al onze producten worden gecre\u00eberd, ontworpen en geproduceerd in Europa. Dit is slechts \u00e9\u00e9n van onze vele beloften naar kwaliteit toe.","og_url":"https:\/\/www.buzon-world.com\/be-NL\/over-ons\/onze-beloften\/","og_site_name":"Buzon","article_modified_time":"2025-12-15T15:14:07+00:00","og_image":[{"url":"https:\/\/www.buzon-world.com\/wp-content\/uploads\/2025\/12\/LOGO-Made-In-Europe-150x150.png","type":"","width":"","height":""}],"twitter_card":"summary_large_image","twitter_misc":{"Geschatte leestijd":"4 minuten"},"schema":{"@context":"https:\/\/schema.org","@graph":[{"@type":"WebPage","@id":"https:\/\/www.buzon-world.com\/be-NL\/over-ons\/onze-beloften\/","url":"https:\/\/www.buzon-world.com\/be-NL\/over-ons\/onze-beloften\/","name":"Onze beloften | Buzon World verstelbare terrasdragers","isPartOf":{"@id":"https:\/\/www.buzon-world.com\/be-NL\/#website"},"primaryImageOfPage":{"@id":"https:\/\/www.buzon-world.com\/be-NL\/over-ons\/onze-beloften\/#primaryimage"},"image":{"@id":"https:\/\/www.buzon-world.com\/be-NL\/over-ons\/onze-beloften\/#primaryimage"},"thumbnailUrl":"https:\/\/www.buzon-world.com\/wp-content\/uploads\/2025\/12\/LOGO-Made-In-Europe-150x150.png","datePublished":"2022-07-05T13:50:11+00:00","dateModified":"2025-12-15T15:14:07+00:00","description":"Al onze producten worden gecre\u00eberd, ontworpen en geproduceerd in Europa. Dit is slechts \u00e9\u00e9n van onze vele beloften naar kwaliteit toe.","breadcrumb":{"@id":"https:\/\/www.buzon-world.com\/be-NL\/over-ons\/onze-beloften\/#breadcrumb"},"inLanguage":"nl-BE","potentialAction":[{"@type":"ReadAction","target":["https:\/\/www.buzon-world.com\/be-NL\/over-ons\/onze-beloften\/"]}]},{"@type":"ImageObject","inLanguage":"nl-BE","@id":"https:\/\/www.buzon-world.com\/be-NL\/over-ons\/onze-beloften\/#primaryimage","url":"https:\/\/www.buzon-world.com\/wp-content\/uploads\/2025\/12\/LOGO-Made-In-Europe-150x150.png","contentUrl":"https:\/\/www.buzon-world.com\/wp-content\/uploads\/2025\/12\/LOGO-Made-In-Europe-150x150.png"},{"@type":"BreadcrumbList","@id":"https:\/\/www.buzon-world.com\/be-NL\/over-ons\/onze-beloften\/#breadcrumb","itemListElement":[{"@type":"ListItem","position":1,"name":"Home","item":"https:\/\/www.buzon-world.com\/be-NL\/"},{"@type":"ListItem","position":2,"name":"Over ons","item":"https:\/\/www.buzon-world.com\/be-NL\/over-ons\/"},{"@type":"ListItem","position":3,"name":"Onze beloften"}]},{"@type":"WebSite","@id":"https:\/\/www.buzon-world.com\/be-NL\/#website","url":"https:\/\/www.buzon-world.com\/be-NL\/","name":"Buzon","description":"Just another WordPress site","potentialAction":[{"@type":"SearchAction","target":{"@type":"EntryPoint","urlTemplate":"https:\/\/www.buzon-world.com\/be-NL\/?s={search_term_string}"},"query-input":{"@type":"PropertyValueSpecification","valueRequired":true,"valueName":"search_term_string"}}],"inLanguage":"nl-BE"}]}},"_links":{"self":[{"href":"https:\/\/www.buzon-world.com\/be-NL\/wp-json\/wp\/v2\/pages\/20372","targetHints":{"allow":["GET"]}}],"collection":[{"href":"https:\/\/www.buzon-world.com\/be-NL\/wp-json\/wp\/v2\/pages"}],"about":[{"href":"https:\/\/www.buzon-world.com\/be-NL\/wp-json\/wp\/v2\/types\/page"}],"author":[{"embeddable":true,"href":"https:\/\/www.buzon-world.com\/be-NL\/wp-json\/wp\/v2\/users\/1"}],"replies":[{"embeddable":true,"href":"https:\/\/www.buzon-world.com\/be-NL\/wp-json\/wp\/v2\/comments?post=20372"}],"version-history":[{"count":12,"href":"https:\/\/www.buzon-world.com\/be-NL\/wp-json\/wp\/v2\/pages\/20372\/revisions"}],"predecessor-version":[{"id":50303,"href":"https:\/\/www.buzon-world.com\/be-NL\/wp-json\/wp\/v2\/pages\/20372\/revisions\/50303"}],"up":[{"embeddable":true,"href":"https:\/\/www.buzon-world.com\/be-NL\/wp-json\/wp\/v2\/pages\/20360"}],"wp:attachment":[{"href":"https:\/\/www.buzon-world.com\/be-NL\/wp-json\/wp\/v2\/media?parent=20372"}],"wp:term":[{"taxonomy":"accesories_category","embeddable":true,"href":"https:\/\/www.buzon-world.com\/be-NL\/wp-json\/wp\/v2\/accesories_category?post=20372"},{"taxonomy":"sizes","embeddable":true,"href":"https:\/\/www.buzon-world.com\/be-NL\/wp-json\/wp\/v2\/sizes?post=20372"},{"taxonomy":"plot_serie","embeddable":true,"href":"https:\/\/www.buzon-world.com\/be-NL\/wp-json\/wp\/v2\/plot_serie?post=20372"},{"taxonomy":"accesories_category_type","embeddable":true,"href":"https:\/\/www.buzon-world.com\/be-NL\/wp-json\/wp\/v2\/accesories_category_type?post=20372"},{"taxonomy":"accessories_categories_subtype","embeddable":true,"href":"https:\/\/www.buzon-world.com\/be-NL\/wp-json\/wp\/v2\/accessories_categories_subtype?post=20372"},{"taxonomy":"accessories_categories_applica","embeddable":true,"href":"https:\/\/www.buzon-world.com\/be-NL\/wp-json\/wp\/v2\/accessories_categories_applica?post=20372"}],"curies":[{"name":"wp","href":"https:\/\/api.w.org\/{rel}","templated":true}]}}