{"id":20049,"date":"2022-10-18T15:10:02","date_gmt":"2022-10-18T13:10:02","guid":{"rendered":"https:\/\/www.buzon-world.com\/wood-or-composite-terrace\/"},"modified":"2025-11-13T10:59:04","modified_gmt":"2025-11-13T08:59:04","slug":"drevena-nebo-wpc-terasa","status":"publish","type":"page","link":"https:\/\/www.buzon-world.com\/cs\/pouziti\/verejne-prostory\/drevena-nebo-wpc-terasa\/","title":{"rendered":"D\u0159ev\u011bn\u00e1 nebo WPC terasa"},"content":{"rendered":"<section class=\"l-section wpb_row height_auto\"><div class=\"l-section-h i-cf\"><div class=\"g-cols vc_row via_flex valign_top type_default stacking_default\"><div class=\"vc_col-sm-12 wpb_column vc_column_container\"><div class=\"vc_column-inner\"><div class=\"wpb_wrapper\">[vc_raw_html]JTVCd3BzZW9fYnJlYWRjcnVtYiU1RA==[\/vc_raw_html]<\/div><\/div><\/div><\/div><\/div><\/section><section class=\"l-section wpb_row height_medium\"><div class=\"l-section-h i-cf\"><div class=\"g-cols vc_row via_flex valign_top type_default stacking_default\"><div class=\"vc_col-sm-12 wpb_column vc_column_container\"><div class=\"vc_column-inner\"><div class=\"wpb_wrapper\"><div class=\"wpb_text_column longline\"><div class=\"wpb_wrapper\"><h2>D\u0159ev\u011bn\u00e1 nebo kompozitn\u00ed terasa<\/h2>\n<\/div><\/div><div class=\"w-separator size_medium\"><\/div><div class=\"w-grid us_grid blacksqgrid2 type_grid layout_6689 cols_2 preload_style_spinner\" id=\"us_grid_1\" style=\"--columns:2;--gap:25px;\"><style>@media (max-width:786px){#us_grid_1{--columns:1!important}}.layout_6689 .w-grid-item-h{}.layout_6689 .usg_post_custom_field_1{margin-top:30px!important;margin-bottom:30px!important}.layout_6689 .usg_post_custom_field_3{font-weight:700!important}<\/style><div class=\"w-grid-list\">\t<article class=\"w-grid-item size_1x1 post-20343 page type-page status-publish has-post-thumbnail hentry accesories_category-pb-series-cs accesories_category-standardni-prislusenstvi accesories_category-dlazdena-terasa-na-tramech accesories_category-standardni-prislusenstvi-2 accesories_category-drevena-nebo-kompozitni-terasa accesories_category-drevena-nebo-kompozitni-terasa-2 accesories_category-dph-series-cs accesories_category_type-dph-series-cs accesories_category_type-pb-series-cs accessories_categories_subtype-standardni-prislusenstvi accessories_categories_applica-dlazdena-terasa-na-tramech accessories_categories_applica-drevena-nebo-kompozitni-terasa\" data-id=\"20343\">\r\n\t\t<div class=\"w-grid-item-h\">\r\n\t\t\t\t\t\t<div class=\"w-post-elm post_image usg_post_image_2 aspectsquare has_ratio\"><a href=\"https:\/\/www.buzon-world.com\/cs\/produkty\/e-brs-system\/u-brs-wood-m\/\" aria-label=\"U-BRS-WOOD-M\"><img loading=\"lazy\" decoding=\"async\" width=\"300\" height=\"300\" src=\"https:\/\/www.buzon-world.com\/wp-content\/uploads\/2023\/12\/U-BRS-24MM-WOOD-M-PACKSHOT-300x300.jpg\" class=\"attachment-medium size-medium wp-post-image\" alt=\"\" \/><\/a><div style=\"padding-bottom:50.9434%\"><\/div><\/div><h3 class=\"w-post-elm post_custom_field usg_post_custom_field_1 longline type_text grid_title color_link_inherit\"><span class=\"w-post-elm-value\">Nosn\u00edk na d\u0159evo - Natural<\/span><\/h3><p class=\"w-post-elm post_custom_field usg_post_custom_field_2 type_text advantages color_link_inherit\"><span class=\"w-post-elm-before\">V\u00fdhody: <\/span><span class=\"w-post-elm-value\"><ul>\n<li>Rychl\u00e1 a snadn\u00e1 instalace<\/li>\n<li>Udr\u017eiteln\u00e9 \u0159e\u0161en\u00ed<\/li>\n<li>Zaji\u0161\u0165uje velkou stabilitu p\u0159evis\u016f<\/li>\n<li>Mo\u017enost pokl\u00e1dky velkoform\u00e1tov\u00fdch d\u0159ev\u011bn\u00fdch desek<\/li>\n<li>Respektov\u00e1n\u00ed hydroizola\u010dn\u00ed f\u00f3lie<\/li>\n<li>P\u0159\u00edslu\u0161enstv\u00ed pro povrchovou \u00fapravu terasy<\/li>\n<\/ul>\n<\/span><\/p><div class=\"w-html usg_html_2\"><br><\/div><span class=\"w-post-elm post_custom_field usg_post_custom_field_3 type_text extra_info_ color_link_inherit\"><p><strong>Vy\u017eaduje pou\u017eit\u00ed podstavc\u016f PB.<\/strong><\/p>\n<p><strong>D\u0159ev\u011bn\u00e9 desky a jejich upevn\u011bn\u00ed nejsou dod\u00e1v\u00e1ny spole\u010dnost\u00ed Buzon.<\/strong><\/p>\n<\/span><div class=\"w-html usg_html_3\"><br><\/div><span class=\"w-post-elm post_custom_field usg_post_custom_field_4 type_text revetements color_link_inherit\"><span class=\"w-post-elm-before\">N\u00e1t\u011bry: <\/span><span class=\"w-post-elm-value\">p\u0159\u00edrodn\u00ed nebo kompozitn\u00ed d\u0159evo<\/span><\/span><div class=\"w-html usg_html_1\"><br><\/div><a class=\"w-btn us-btn-style_3 usg_btn_1 buttonabsolutebottom\" href=\"https:\/\/www.buzon-world.com\/cs\/produkty\/e-brs-system\/u-brs-wood-m\/\"><span class=\"w-btn-label\">V\u00edce informac\u00ed<\/span><\/a>\t\t<\/div>\r\n\t\t\t<\/article>\r\n\t<article class=\"w-grid-item size_1x1 post-20040 page type-page status-publish has-post-thumbnail hentry accesories_category-dlazdena-terasa-na-tramech accesories_category-standardni-prislusenstvi-2 accesories_category-drevena-nebo-kompozitni-terasa accesories_category-drevena-nebo-kompozitni-terasa-2 accesories_category-dph-series-cs accesories_category-pb-series-cs accesories_category-standardni-prislusenstvi accesories_category_type-dph-series-cs accesories_category_type-pb-series-cs accessories_categories_subtype-standardni-prislusenstvi accessories_categories_applica-dlazdena-terasa-na-tramech accessories_categories_applica-drevena-nebo-kompozitni-terasa\" data-id=\"20040\">\r\n\t\t<div class=\"w-grid-item-h\">\r\n\t\t\t\t\t\t<div class=\"w-post-elm post_image usg_post_image_2 aspectsquare has_ratio\"><a href=\"https:\/\/www.buzon-world.com\/cs\/produkty\/e-brs-system\/u-brs-wood-b\/\" aria-label=\"U-BRS-WOOD-B\"><img loading=\"lazy\" decoding=\"async\" width=\"300\" height=\"300\" src=\"https:\/\/www.buzon-world.com\/wp-content\/uploads\/2023\/12\/U-BRS-24MM-WOOD-B-PACKSHOT-300x300.jpg\" class=\"attachment-medium size-medium wp-post-image\" alt=\"\" \/><\/a><div style=\"padding-bottom:50.9434%\"><\/div><\/div><h3 class=\"w-post-elm post_custom_field usg_post_custom_field_1 longline type_text grid_title color_link_inherit\"><span class=\"w-post-elm-value\">Hlin\u00edkov\u00fd profil pro podep\u0159en\u00ed terasov\u00fdch prken - \u010dern\u00fd<\/span><\/h3><p class=\"w-post-elm post_custom_field usg_post_custom_field_2 type_text advantages color_link_inherit\"><span class=\"w-post-elm-before\">V\u00fdhody: <\/span><span class=\"w-post-elm-value\"><ul>\n<li>Rychl\u00e1 a snadn\u00e1 instalace<\/li>\n<li>Udr\u017eiteln\u00e9 \u0159e\u0161en\u00ed<\/li>\n<li>Zaji\u0161\u0165uje velkou stabilitu p\u0159esah\u016f<\/li>\n<li>Mo\u017enost pokl\u00e1dky velkoform\u00e1tov\u00fdch d\u0159ev\u011bn\u00fdch prken<\/li>\n<li>Respektov\u00e1n\u00ed hydroizola\u010dn\u00ed f\u00f3lie<\/li>\n<li>P\u0159\u00edslu\u0161enstv\u00ed pro povrchovou \u00fapravu terasy<\/li>\n<li>Zamezen\u00ed vzniku odlesk\u016f<\/li>\n<li>Lep\u0161\u00ed odolnost proti erozi<\/li>\n<li>Odolnost proti korozi (chl\u00f3r, mokr\u00fd beton, mo\u0159sk\u00e1 voda, p\u00edsek a s\u016fl)<\/li>\n<\/ul>\n<\/span><\/p><div class=\"w-html usg_html_2\"><br><\/div><span class=\"w-post-elm post_custom_field usg_post_custom_field_3 type_text extra_info_ color_link_inherit\"><p><strong>Vy\u017eaduje pou\u017eit\u00ed podstavc\u016f PB.<\/strong><\/p>\n<p><strong>D\u0159ev\u011bn\u00e1 \u010di WPC terasov\u00e1 prkna a jejich upevn\u011bn\u00ed nejsou dod\u00e1v\u00e1ny spole\u010dnost\u00ed Buzon.<\/strong><\/p>\n<\/span><div class=\"w-html usg_html_3\"><br><\/div><span class=\"w-post-elm post_custom_field usg_post_custom_field_4 type_text revetements color_link_inherit\"><span class=\"w-post-elm-before\">N\u00e1t\u011bry: <\/span><span class=\"w-post-elm-value\">p\u0159\u00edrodn\u00ed d\u0159ev\u011bn\u00e1 nebo kompozitn\u00ed terasov\u00e1 prkna<\/span><\/span><div class=\"w-html usg_html_1\"><br><\/div><a class=\"w-btn us-btn-style_3 usg_btn_1 buttonabsolutebottom\" href=\"https:\/\/www.buzon-world.com\/cs\/produkty\/e-brs-system\/u-brs-wood-b\/\"><span class=\"w-btn-label\">V\u00edce informac\u00ed<\/span><\/a>\t\t<\/div>\r\n\t\t\t<\/article>\r\n\t<article class=\"w-grid-item size_1x1 post-20105 page type-page status-publish has-post-thumbnail hentry accesories_category-standardni-prislusenstvi-2 accesories_category-drevena-nebo-kompozitni-terasa-2 accesories_category-drevena-nebo-kompozitni-terasa accesories_category-dph-series-cs accesories_category-pb-series-cs accesories_category-standardni-prislusenstvi accesories_category_type-dph-series-cs accesories_category_type-pb-series-cs accessories_categories_subtype-standardni-prislusenstvi accessories_categories_applica-drevena-nebo-kompozitni-terasa\" data-id=\"20105\">\r\n\t\t<div class=\"w-grid-item-h\">\r\n\t\t\t\t\t\t<div class=\"w-post-elm post_image usg_post_image_2 aspectsquare has_ratio\"><a href=\"https:\/\/www.buzon-world.com\/cs\/produkty\/prislusenstvi\/dph-prislusenstvi\/dph-kit-5\/\" aria-label=\"DPH-KIT-5\"><img loading=\"lazy\" decoding=\"async\" width=\"300\" height=\"153\" src=\"https:\/\/www.buzon-world.com\/wp-content\/uploads\/2023\/05\/overview-page-DPH-WOOD-DPH-KIT-5-300x153.png\" class=\"attachment-medium size-medium wp-post-image\" alt=\"\" \/><\/a><div style=\"padding-bottom:50.9434%\"><\/div><\/div><h3 class=\"w-post-elm post_custom_field usg_post_custom_field_1 longline type_text grid_title color_link_inherit\"><span class=\"w-post-elm-value\">Vod\u00edtko pro d\u0159ev\u011bn\u00fd tr\u00e1m<\/span><\/h3><p class=\"w-post-elm post_custom_field usg_post_custom_field_2 type_text advantages color_link_inherit\"><span class=\"w-post-elm-before\">V\u00fdhody: <\/span><span class=\"w-post-elm-value\"><ul>\n<li>Rychl\u00e1 a snadn\u00e1 instalace<\/li>\n<li>Udr\u017eiteln\u00e9 \u0159e\u0161en\u00ed<\/li>\n<li>Mo\u017enost upevn\u011bn\u00ed nosn\u00edku<\/li>\n<li>Zaji\u0161\u0165uje velkou stabilitu<\/li>\n<\/ul>\n<\/span><\/p><div class=\"w-html usg_html_2\"><br><\/div><span class=\"w-post-elm post_custom_field usg_post_custom_field_3 type_text extra_info_ color_link_inherit\"><p>D\u0159ev\u011bn\u00e9 tr\u00e1my spole\u010dnost Buzon nedod\u00e1v\u00e1.<\/p>\n<\/span><div class=\"w-html usg_html_3\"><br><\/div><span class=\"w-post-elm post_custom_field usg_post_custom_field_4 type_text revetements color_link_inherit\"><span class=\"w-post-elm-before\">N\u00e1t\u011bry: <\/span><span class=\"w-post-elm-value\">p\u0159\u00edrodn\u00ed nebo kompozitn\u00ed d\u0159evo<\/span><\/span><div class=\"w-html usg_html_1\"><br><\/div><a class=\"w-btn us-btn-style_3 usg_btn_1 buttonabsolutebottom\" href=\"https:\/\/www.buzon-world.com\/cs\/produkty\/prislusenstvi\/dph-prislusenstvi\/dph-kit-5\/\"><span class=\"w-btn-label\">V\u00edce informac\u00ed<\/span><\/a>\t\t<\/div>\r\n\t\t\t<\/article>\r\n<\/div>\t<div class=\"w-grid-preloader\">\r\n\t\t<div class=\"g-preloader type_1\">\r\n\t\t\t<div><\/div>\r\n\t\t<\/div>\r\n\t<\/div>\r\n\t\t<div class=\"w-grid-json hidden\" onclick='return {&quot;action&quot;:&quot;us_ajax_grid&quot;,&quot;infinite_scroll&quot;:0,&quot;max_num_pages&quot;:1,&quot;pagination&quot;:&quot;none&quot;,&quot;template_vars&quot;:{&quot;columns&quot;:&quot;2&quot;,&quot;exclude_items&quot;:&quot;none&quot;,&quot;img_size&quot;:&quot;default&quot;,&quot;ignore_items_size&quot;:0,&quot;items_layout&quot;:&quot;6689&quot;,&quot;items_offset&quot;:&quot;1&quot;,&quot;load_animation&quot;:&quot;none&quot;,&quot;overriding_link&quot;:&quot;%7B%22url%22%3A%22%22%7D&quot;,&quot;post_id&quot;:0,&quot;query_args&quot;:{&quot;ignore_sticky_posts&quot;:1,&quot;post_type&quot;:&quot;any&quot;,&quot;post__in&quot;:[&quot;20345&quot;,&quot;20042&quot;,&quot;20106&quot;],&quot;posts_per_page&quot;:999},&quot;orderby_query_args&quot;:{&quot;orderby&quot;:{&quot;post__in&quot;:&quot;ASC&quot;},&quot;order&quot;:&quot;ASC&quot;},&quot;type&quot;:&quot;grid&quot;,&quot;us_grid_post_type&quot;:&quot;ids&quot;,&quot;us_grid_ajax_index&quot;:1,&quot;us_grid_filter_query_string&quot;:null,&quot;us_grid_index&quot;:1,&quot;page_args&quot;:[],&quot;lang&quot;:&quot;cs&quot;}}'><\/div>\r\n\t<\/div><\/div><\/div><\/div><\/div><\/div><\/section>\n","protected":false},"excerpt":{"rendered":"[vc_raw_html]JTVCd3BzZW9fYnJlYWRjcnVtYiU1RCUwQQ==[\/vc_raw_html]2022-07-25DPH-KIT-5 Dr\u017e\u00e1k ro\u0161tu Dr\u017e\u00e1k ro\u0161tu DPH-KIT-5 se snadno uchycuje zatla\u010den\u00edm na hlavu ter\u010de s\u00e9rie DPH. Zpev\u0148uje prkno a ter\u010d na teras\u00e1ch ze d\u0159eva a wpc. Kontaktujte odborn\u00edka DownloadsVideosDownloads Technical data sheet DPH-Kit 5Installation Manual DPH-Kit 5P\u0158\u00cdSLU\u0160ENSTV\u00cd V DPH \u0158ADA DPH s\u00e9rie31 U-BRS-WOOD-BV\u00edce informac\u00ed2023-12-08 DPH-TABSV\u00edce informac\u00ed2022-07-05 PB-EXT-30V\u00edce informac\u00ed2023-12-08 U-BRS-WOOD-MV\u00edce informac\u00ed2022-07-05 DPH-ENDV\u00edce informac\u00ed2022-07-25 U-TOP-FLEXV\u00edce informac\u00ed2023-12-08 See all...","protected":false},"author":1,"featured_media":20051,"parent":20447,"menu_order":2,"comment_status":"closed","ping_status":"closed","template":"","meta":{"_acf_changed":false,"footnotes":""},"accesories_category":[],"sizes":[],"plot_serie":[],"accesories_category_type":[],"accessories_categories_subtype":[],"accessories_categories_applica":[],"class_list":["post-20049","page","type-page","status-publish","has-post-thumbnail","hentry"],"acf":[],"yoast_head":"<!-- This site is optimized with the Yoast SEO plugin v27.1.1 - https:\/\/yoast.com\/product\/yoast-seo-wordpress\/ -->\n<title>D\u0159ev\u011bn\u00e1 nebo WPC terasa | Buzon pro ve\u0159ejn\u00e9 prostory<\/title>\n<meta name=\"description\" content=\"D\u0159ev\u011bn\u00e1 nebo WPC terasa na ter\u010d\u00edch Buzon: stabiln\u00ed, estetick\u00e9 a odoln\u00e9 \u0159e\u0161en\u00ed pro ve\u0159ejn\u00e9 prostory s vysokou frekvenc\u00ed vyu\u017eit\u00ed.\" \/>\n<meta name=\"robots\" content=\"index, follow, max-snippet:-1, max-image-preview:large, max-video-preview:-1\" \/>\n<link rel=\"canonical\" href=\"https:\/\/www.buzon-world.com\/cs\/pouziti\/verejne-prostory\/drevena-nebo-wpc-terasa\/\" \/>\n<meta property=\"og:locale\" content=\"cs_CZ\" \/>\n<meta property=\"og:type\" content=\"article\" \/>\n<meta property=\"og:title\" content=\"D\u0159ev\u011bn\u00e1 nebo WPC terasa | Buzon pro ve\u0159ejn\u00e9 prostory\" \/>\n<meta property=\"og:description\" content=\"D\u0159ev\u011bn\u00e1 nebo WPC terasa na ter\u010d\u00edch Buzon: stabiln\u00ed, estetick\u00e9 a odoln\u00e9 \u0159e\u0161en\u00ed pro ve\u0159ejn\u00e9 prostory s vysokou frekvenc\u00ed vyu\u017eit\u00ed.\" \/>\n<meta property=\"og:url\" content=\"https:\/\/www.buzon-world.com\/cs\/pouziti\/verejne-prostory\/drevena-nebo-wpc-terasa\/\" \/>\n<meta property=\"og:site_name\" content=\"Buzon\" \/>\n<meta property=\"article:modified_time\" content=\"2025-11-13T08:59:04+00:00\" \/>\n<meta property=\"og:image\" content=\"https:\/\/www.buzon-world.com\/wp-content\/uploads\/2023\/05\/overview-page-DPH-WOOD-DPH-KIT-5.png\" \/>\n\t<meta property=\"og:image:width\" content=\"595\" \/>\n\t<meta property=\"og:image:height\" content=\"303\" \/>\n\t<meta property=\"og:image:type\" content=\"image\/png\" \/>\n<meta name=\"twitter:card\" content=\"summary_large_image\" \/>\n<meta name=\"twitter:label1\" content=\"Odhadovan\u00e1 doba \u010dten\u00ed\" \/>\n\t<meta name=\"twitter:data1\" content=\"1 minuta\" \/>\n<script type=\"application\/ld+json\" class=\"yoast-schema-graph\">{\"@context\":\"https:\/\/schema.org\",\"@graph\":[{\"@type\":\"WebPage\",\"@id\":\"https:\/\/www.buzon-world.com\/cs\/pouziti\/verejne-prostory\/drevena-nebo-wpc-terasa\/\",\"url\":\"https:\/\/www.buzon-world.com\/cs\/pouziti\/verejne-prostory\/drevena-nebo-wpc-terasa\/\",\"name\":\"D\u0159ev\u011bn\u00e1 nebo WPC terasa | Buzon pro ve\u0159ejn\u00e9 prostory\",\"isPartOf\":{\"@id\":\"https:\/\/www.buzon-world.com\/cs\/#website\"},\"primaryImageOfPage\":{\"@id\":\"https:\/\/www.buzon-world.com\/cs\/pouziti\/verejne-prostory\/drevena-nebo-wpc-terasa\/#primaryimage\"},\"image\":{\"@id\":\"https:\/\/www.buzon-world.com\/cs\/pouziti\/verejne-prostory\/drevena-nebo-wpc-terasa\/#primaryimage\"},\"thumbnailUrl\":\"https:\/\/www.buzon-world.com\/wp-content\/uploads\/2023\/05\/overview-page-DPH-WOOD-DPH-KIT-5.png\",\"datePublished\":\"2022-10-18T13:10:02+00:00\",\"dateModified\":\"2025-11-13T08:59:04+00:00\",\"description\":\"D\u0159ev\u011bn\u00e1 nebo WPC terasa na ter\u010d\u00edch Buzon: stabiln\u00ed, estetick\u00e9 a odoln\u00e9 \u0159e\u0161en\u00ed pro ve\u0159ejn\u00e9 prostory s vysokou frekvenc\u00ed vyu\u017eit\u00ed.\",\"breadcrumb\":{\"@id\":\"https:\/\/www.buzon-world.com\/cs\/pouziti\/verejne-prostory\/drevena-nebo-wpc-terasa\/#breadcrumb\"},\"inLanguage\":\"cs\",\"potentialAction\":[{\"@type\":\"ReadAction\",\"target\":[\"https:\/\/www.buzon-world.com\/cs\/pouziti\/verejne-prostory\/drevena-nebo-wpc-terasa\/\"]}]},{\"@type\":\"ImageObject\",\"inLanguage\":\"cs\",\"@id\":\"https:\/\/www.buzon-world.com\/cs\/pouziti\/verejne-prostory\/drevena-nebo-wpc-terasa\/#primaryimage\",\"url\":\"https:\/\/www.buzon-world.com\/wp-content\/uploads\/2023\/05\/overview-page-DPH-WOOD-DPH-KIT-5.png\",\"contentUrl\":\"https:\/\/www.buzon-world.com\/wp-content\/uploads\/2023\/05\/overview-page-DPH-WOOD-DPH-KIT-5.png\",\"width\":595,\"height\":303},{\"@type\":\"BreadcrumbList\",\"@id\":\"https:\/\/www.buzon-world.com\/cs\/pouziti\/verejne-prostory\/drevena-nebo-wpc-terasa\/#breadcrumb\",\"itemListElement\":[{\"@type\":\"ListItem\",\"position\":1,\"name\":\"Home\",\"item\":\"https:\/\/www.buzon-world.com\/cs\/\"},{\"@type\":\"ListItem\",\"position\":2,\"name\":\"Pou\u017eit\u00ed\",\"item\":\"https:\/\/www.buzon-world.com\/cs\/pouziti\/\"},{\"@type\":\"ListItem\",\"position\":3,\"name\":\"Ve\u0159ejn\u00e9 prostory\",\"item\":\"https:\/\/www.buzon-world.com\/cs\/pouziti\/verejne-prostory\/\"},{\"@type\":\"ListItem\",\"position\":4,\"name\":\"D\u0159ev\u011bn\u00e1 nebo WPC terasa\"}]},{\"@type\":\"WebSite\",\"@id\":\"https:\/\/www.buzon-world.com\/cs\/#website\",\"url\":\"https:\/\/www.buzon-world.com\/cs\/\",\"name\":\"Buzon\",\"description\":\"Just another WordPress site\",\"potentialAction\":[{\"@type\":\"SearchAction\",\"target\":{\"@type\":\"EntryPoint\",\"urlTemplate\":\"https:\/\/www.buzon-world.com\/cs\/?s={search_term_string}\"},\"query-input\":{\"@type\":\"PropertyValueSpecification\",\"valueRequired\":true,\"valueName\":\"search_term_string\"}}],\"inLanguage\":\"cs\"}]}<\/script>\n<!-- \/ Yoast SEO plugin. -->","yoast_head_json":{"title":"D\u0159ev\u011bn\u00e1 nebo WPC terasa | Buzon pro ve\u0159ejn\u00e9 prostory","description":"D\u0159ev\u011bn\u00e1 nebo WPC terasa na ter\u010d\u00edch Buzon: stabiln\u00ed, estetick\u00e9 a odoln\u00e9 \u0159e\u0161en\u00ed pro ve\u0159ejn\u00e9 prostory s vysokou frekvenc\u00ed vyu\u017eit\u00ed.","robots":{"index":"index","follow":"follow","max-snippet":"max-snippet:-1","max-image-preview":"max-image-preview:large","max-video-preview":"max-video-preview:-1"},"canonical":"https:\/\/www.buzon-world.com\/cs\/pouziti\/verejne-prostory\/drevena-nebo-wpc-terasa\/","og_locale":"cs_CZ","og_type":"article","og_title":"D\u0159ev\u011bn\u00e1 nebo WPC terasa | Buzon pro ve\u0159ejn\u00e9 prostory","og_description":"D\u0159ev\u011bn\u00e1 nebo WPC terasa na ter\u010d\u00edch Buzon: stabiln\u00ed, estetick\u00e9 a odoln\u00e9 \u0159e\u0161en\u00ed pro ve\u0159ejn\u00e9 prostory s vysokou frekvenc\u00ed vyu\u017eit\u00ed.","og_url":"https:\/\/www.buzon-world.com\/cs\/pouziti\/verejne-prostory\/drevena-nebo-wpc-terasa\/","og_site_name":"Buzon","article_modified_time":"2025-11-13T08:59:04+00:00","og_image":[{"width":595,"height":303,"url":"https:\/\/www.buzon-world.com\/wp-content\/uploads\/2023\/05\/overview-page-DPH-WOOD-DPH-KIT-5.png","type":"image\/png"}],"twitter_card":"summary_large_image","twitter_misc":{"Odhadovan\u00e1 doba \u010dten\u00ed":"1 minuta"},"schema":{"@context":"https:\/\/schema.org","@graph":[{"@type":"WebPage","@id":"https:\/\/www.buzon-world.com\/cs\/pouziti\/verejne-prostory\/drevena-nebo-wpc-terasa\/","url":"https:\/\/www.buzon-world.com\/cs\/pouziti\/verejne-prostory\/drevena-nebo-wpc-terasa\/","name":"D\u0159ev\u011bn\u00e1 nebo WPC terasa | Buzon pro ve\u0159ejn\u00e9 prostory","isPartOf":{"@id":"https:\/\/www.buzon-world.com\/cs\/#website"},"primaryImageOfPage":{"@id":"https:\/\/www.buzon-world.com\/cs\/pouziti\/verejne-prostory\/drevena-nebo-wpc-terasa\/#primaryimage"},"image":{"@id":"https:\/\/www.buzon-world.com\/cs\/pouziti\/verejne-prostory\/drevena-nebo-wpc-terasa\/#primaryimage"},"thumbnailUrl":"https:\/\/www.buzon-world.com\/wp-content\/uploads\/2023\/05\/overview-page-DPH-WOOD-DPH-KIT-5.png","datePublished":"2022-10-18T13:10:02+00:00","dateModified":"2025-11-13T08:59:04+00:00","description":"D\u0159ev\u011bn\u00e1 nebo WPC terasa na ter\u010d\u00edch Buzon: stabiln\u00ed, estetick\u00e9 a odoln\u00e9 \u0159e\u0161en\u00ed pro ve\u0159ejn\u00e9 prostory s vysokou frekvenc\u00ed vyu\u017eit\u00ed.","breadcrumb":{"@id":"https:\/\/www.buzon-world.com\/cs\/pouziti\/verejne-prostory\/drevena-nebo-wpc-terasa\/#breadcrumb"},"inLanguage":"cs","potentialAction":[{"@type":"ReadAction","target":["https:\/\/www.buzon-world.com\/cs\/pouziti\/verejne-prostory\/drevena-nebo-wpc-terasa\/"]}]},{"@type":"ImageObject","inLanguage":"cs","@id":"https:\/\/www.buzon-world.com\/cs\/pouziti\/verejne-prostory\/drevena-nebo-wpc-terasa\/#primaryimage","url":"https:\/\/www.buzon-world.com\/wp-content\/uploads\/2023\/05\/overview-page-DPH-WOOD-DPH-KIT-5.png","contentUrl":"https:\/\/www.buzon-world.com\/wp-content\/uploads\/2023\/05\/overview-page-DPH-WOOD-DPH-KIT-5.png","width":595,"height":303},{"@type":"BreadcrumbList","@id":"https:\/\/www.buzon-world.com\/cs\/pouziti\/verejne-prostory\/drevena-nebo-wpc-terasa\/#breadcrumb","itemListElement":[{"@type":"ListItem","position":1,"name":"Home","item":"https:\/\/www.buzon-world.com\/cs\/"},{"@type":"ListItem","position":2,"name":"Pou\u017eit\u00ed","item":"https:\/\/www.buzon-world.com\/cs\/pouziti\/"},{"@type":"ListItem","position":3,"name":"Ve\u0159ejn\u00e9 prostory","item":"https:\/\/www.buzon-world.com\/cs\/pouziti\/verejne-prostory\/"},{"@type":"ListItem","position":4,"name":"D\u0159ev\u011bn\u00e1 nebo WPC terasa"}]},{"@type":"WebSite","@id":"https:\/\/www.buzon-world.com\/cs\/#website","url":"https:\/\/www.buzon-world.com\/cs\/","name":"Buzon","description":"Just another WordPress site","potentialAction":[{"@type":"SearchAction","target":{"@type":"EntryPoint","urlTemplate":"https:\/\/www.buzon-world.com\/cs\/?s={search_term_string}"},"query-input":{"@type":"PropertyValueSpecification","valueRequired":true,"valueName":"search_term_string"}}],"inLanguage":"cs"}]}},"_links":{"self":[{"href":"https:\/\/www.buzon-world.com\/cs\/wp-json\/wp\/v2\/pages\/20049","targetHints":{"allow":["GET"]}}],"collection":[{"href":"https:\/\/www.buzon-world.com\/cs\/wp-json\/wp\/v2\/pages"}],"about":[{"href":"https:\/\/www.buzon-world.com\/cs\/wp-json\/wp\/v2\/types\/page"}],"author":[{"embeddable":true,"href":"https:\/\/www.buzon-world.com\/cs\/wp-json\/wp\/v2\/users\/1"}],"replies":[{"embeddable":true,"href":"https:\/\/www.buzon-world.com\/cs\/wp-json\/wp\/v2\/comments?post=20049"}],"version-history":[{"count":5,"href":"https:\/\/www.buzon-world.com\/cs\/wp-json\/wp\/v2\/pages\/20049\/revisions"}],"predecessor-version":[{"id":38707,"href":"https:\/\/www.buzon-world.com\/cs\/wp-json\/wp\/v2\/pages\/20049\/revisions\/38707"}],"up":[{"embeddable":true,"href":"https:\/\/www.buzon-world.com\/cs\/wp-json\/wp\/v2\/pages\/20447"}],"wp:featuredmedia":[{"embeddable":true,"href":"https:\/\/www.buzon-world.com\/cs\/wp-json\/wp\/v2\/media\/20051"}],"wp:attachment":[{"href":"https:\/\/www.buzon-world.com\/cs\/wp-json\/wp\/v2\/media?parent=20049"}],"wp:term":[{"taxonomy":"accesories_category","embeddable":true,"href":"https:\/\/www.buzon-world.com\/cs\/wp-json\/wp\/v2\/accesories_category?post=20049"},{"taxonomy":"sizes","embeddable":true,"href":"https:\/\/www.buzon-world.com\/cs\/wp-json\/wp\/v2\/sizes?post=20049"},{"taxonomy":"plot_serie","embeddable":true,"href":"https:\/\/www.buzon-world.com\/cs\/wp-json\/wp\/v2\/plot_serie?post=20049"},{"taxonomy":"accesories_category_type","embeddable":true,"href":"https:\/\/www.buzon-world.com\/cs\/wp-json\/wp\/v2\/accesories_category_type?post=20049"},{"taxonomy":"accessories_categories_subtype","embeddable":true,"href":"https:\/\/www.buzon-world.com\/cs\/wp-json\/wp\/v2\/accessories_categories_subtype?post=20049"},{"taxonomy":"accessories_categories_applica","embeddable":true,"href":"https:\/\/www.buzon-world.com\/cs\/wp-json\/wp\/v2\/accessories_categories_applica?post=20049"}],"curies":[{"name":"wp","href":"https:\/\/api.w.org\/{rel}","templated":true}]}}