{"id":20057,"date":"2022-10-18T15:10:01","date_gmt":"2022-10-18T13:10:01","guid":{"rendered":"https:\/\/www.buzon-world.com\/tiled-terrace-on-joists\/"},"modified":"2025-11-13T10:54:38","modified_gmt":"2025-11-13T08:54:38","slug":"terasa-z-dlazby-na-alu-profilech","status":"publish","type":"page","link":"https:\/\/www.buzon-world.com\/cs\/pouziti\/verejne-prostory\/terasa-z-dlazby-na-alu-profilech\/","title":{"rendered":"Terasa z dla\u017eby na alu profilech"},"content":{"rendered":"<section class=\"l-section wpb_row height_auto\"><div class=\"l-section-h i-cf\"><div class=\"g-cols vc_row via_flex valign_top type_default stacking_default\"><div class=\"vc_col-sm-12 wpb_column vc_column_container\"><div class=\"vc_column-inner\"><div class=\"wpb_wrapper\">[vc_raw_html]JTVCd3BzZW9fYnJlYWRjcnVtYiU1RA==[\/vc_raw_html]<\/div><\/div><\/div><\/div><\/div><\/section><section class=\"l-section wpb_row height_medium\"><div class=\"l-section-h i-cf\"><div class=\"g-cols vc_row via_flex valign_top type_default stacking_default\"><div class=\"vc_col-sm-12 wpb_column vc_column_container\"><div class=\"vc_column-inner\"><div class=\"wpb_wrapper\"><div class=\"wpb_text_column longline\"><div class=\"wpb_wrapper\"><h2>Dl\u00e1\u017ed\u011bn\u00e1 terasa na tr\u00e1mech<\/h2>\n<\/div><\/div><div class=\"w-separator size_medium\"><\/div><div class=\"w-grid us_grid blacksqgrid2 type_grid layout_6689 no_results cols_2 preload_style_spinner\" id=\"us_grid_1\" style=\"--columns:2;--gap:25px;\"><style>@media (max-width:786px){#us_grid_1{--columns:1!important}}.layout_6689 .w-grid-item-h{}.layout_6689 .usg_post_custom_field_1{margin-top:30px!important;margin-bottom:30px!important}.layout_6689 .usg_post_custom_field_3{font-weight:700!important}<\/style><div class=\"w-grid-list\"><\/div>\t<div class=\"w-grid-preloader\">\r\n\t\t<div class=\"g-preloader type_1\">\r\n\t\t\t<div><\/div>\r\n\t\t<\/div>\r\n\t<\/div>\r\n\t\t<div class=\"w-grid-json hidden\" onclick='return {&quot;action&quot;:&quot;us_ajax_grid&quot;,&quot;infinite_scroll&quot;:0,&quot;max_num_pages&quot;:0,&quot;pagination&quot;:&quot;none&quot;,&quot;template_vars&quot;:{&quot;columns&quot;:&quot;2&quot;,&quot;exclude_items&quot;:&quot;none&quot;,&quot;img_size&quot;:&quot;default&quot;,&quot;ignore_items_size&quot;:0,&quot;items_layout&quot;:&quot;6689&quot;,&quot;items_offset&quot;:&quot;1&quot;,&quot;load_animation&quot;:&quot;none&quot;,&quot;overriding_link&quot;:&quot;{\\&quot;url\\&quot;:\\&quot;\\&quot;}&quot;,&quot;post_id&quot;:0,&quot;query_args&quot;:{&quot;ignore_sticky_posts&quot;:1,&quot;post_type&quot;:&quot;any&quot;,&quot;post__in&quot;:[&quot;1338&quot;,&quot;1342&quot;],&quot;posts_per_page&quot;:999},&quot;orderby_query_args&quot;:{&quot;orderby&quot;:{&quot;post__in&quot;:&quot;ASC&quot;},&quot;order&quot;:&quot;ASC&quot;},&quot;type&quot;:&quot;grid&quot;,&quot;us_grid_post_type&quot;:&quot;ids&quot;,&quot;us_grid_ajax_index&quot;:1,&quot;us_grid_filter_query_string&quot;:null,&quot;us_grid_index&quot;:1,&quot;page_args&quot;:[],&quot;lang&quot;:&quot;cs&quot;}}'><\/div>\r\n\t<\/div><div class=\"w-grid-none type_message\">Nebyly nalezeny \u017e\u00e1dn\u00e9 v\u00fdsledky.<\/div><\/div><\/div><\/div><\/div><\/div><\/section>\n","protected":false},"excerpt":{"rendered":"[vc_raw_html]JTVCd3BzZW9fYnJlYWRjcnVtYiU1RA==[\/vc_raw_html]Dl\u00e1\u017ed\u011bn\u00e1 terasa na tr\u00e1mech Nebyly nalezeny \u017e\u00e1dn\u00e9 v\u00fdsledky.","protected":false},"author":1,"featured_media":20058,"parent":20447,"menu_order":1,"comment_status":"closed","ping_status":"closed","template":"","meta":{"_acf_changed":false,"footnotes":""},"accesories_category":[],"sizes":[],"plot_serie":[],"accesories_category_type":[],"accessories_categories_subtype":[],"accessories_categories_applica":[],"class_list":["post-20057","page","type-page","status-publish","has-post-thumbnail","hentry"],"acf":[],"yoast_head":"<!-- This site is optimized with the Yoast SEO plugin v27.1.1 - https:\/\/yoast.com\/product\/yoast-seo-wordpress\/ -->\n<title>Dla\u017eba na ALU profilech Buzon | Pro reziden\u010dn\u00ed terasy<\/title>\n<meta name=\"description\" content=\"Dla\u017eba na ALU profilech Buzon: stabiln\u00ed a nastaviteln\u00fd syst\u00e9m pro modern\u00ed reziden\u010dn\u00ed terasy s \u010dist\u00fdm designem.\" \/>\n<meta name=\"robots\" content=\"index, follow, max-snippet:-1, max-image-preview:large, max-video-preview:-1\" \/>\n<link rel=\"canonical\" href=\"https:\/\/www.buzon-world.com\/cs\/pouziti\/verejne-prostory\/terasa-z-dlazby-na-alu-profilech\/\" \/>\n<meta property=\"og:locale\" content=\"cs_CZ\" \/>\n<meta property=\"og:type\" content=\"article\" \/>\n<meta property=\"og:title\" content=\"Dla\u017eba na ALU profilech Buzon | Pro reziden\u010dn\u00ed terasy\" \/>\n<meta property=\"og:description\" content=\"Dla\u017eba na ALU profilech Buzon: stabiln\u00ed a nastaviteln\u00fd syst\u00e9m pro modern\u00ed reziden\u010dn\u00ed terasy s \u010dist\u00fdm designem.\" \/>\n<meta property=\"og:url\" content=\"https:\/\/www.buzon-world.com\/cs\/pouziti\/verejne-prostory\/terasa-z-dlazby-na-alu-profilech\/\" \/>\n<meta property=\"og:site_name\" content=\"Buzon\" \/>\n<meta property=\"article:modified_time\" content=\"2025-11-13T08:54:38+00:00\" \/>\n<meta property=\"og:image\" content=\"https:\/\/www.buzon-world.com\/wp-content\/uploads\/2023\/05\/overview-page-PB-JOISTS-U-BRS-M.png\" \/>\n\t<meta property=\"og:image:width\" content=\"595\" \/>\n\t<meta property=\"og:image:height\" content=\"303\" \/>\n\t<meta property=\"og:image:type\" content=\"image\/png\" \/>\n<meta name=\"twitter:card\" content=\"summary_large_image\" \/>\n<meta name=\"twitter:label1\" content=\"Odhadovan\u00e1 doba \u010dten\u00ed\" \/>\n\t<meta name=\"twitter:data1\" content=\"1 minuta\" \/>\n<script type=\"application\/ld+json\" class=\"yoast-schema-graph\">{\"@context\":\"https:\/\/schema.org\",\"@graph\":[{\"@type\":\"WebPage\",\"@id\":\"https:\/\/www.buzon-world.com\/cs\/pouziti\/verejne-prostory\/terasa-z-dlazby-na-alu-profilech\/\",\"url\":\"https:\/\/www.buzon-world.com\/cs\/pouziti\/verejne-prostory\/terasa-z-dlazby-na-alu-profilech\/\",\"name\":\"Dla\u017eba na ALU profilech Buzon | Pro reziden\u010dn\u00ed terasy\",\"isPartOf\":{\"@id\":\"https:\/\/www.buzon-world.com\/cs\/#website\"},\"primaryImageOfPage\":{\"@id\":\"https:\/\/www.buzon-world.com\/cs\/pouziti\/verejne-prostory\/terasa-z-dlazby-na-alu-profilech\/#primaryimage\"},\"image\":{\"@id\":\"https:\/\/www.buzon-world.com\/cs\/pouziti\/verejne-prostory\/terasa-z-dlazby-na-alu-profilech\/#primaryimage\"},\"thumbnailUrl\":\"https:\/\/www.buzon-world.com\/wp-content\/uploads\/2023\/05\/overview-page-PB-JOISTS-U-BRS-M.png\",\"datePublished\":\"2022-10-18T13:10:01+00:00\",\"dateModified\":\"2025-11-13T08:54:38+00:00\",\"description\":\"Dla\u017eba na ALU profilech Buzon: stabiln\u00ed a nastaviteln\u00fd syst\u00e9m pro modern\u00ed reziden\u010dn\u00ed terasy s \u010dist\u00fdm designem.\",\"breadcrumb\":{\"@id\":\"https:\/\/www.buzon-world.com\/cs\/pouziti\/verejne-prostory\/terasa-z-dlazby-na-alu-profilech\/#breadcrumb\"},\"inLanguage\":\"cs\",\"potentialAction\":[{\"@type\":\"ReadAction\",\"target\":[\"https:\/\/www.buzon-world.com\/cs\/pouziti\/verejne-prostory\/terasa-z-dlazby-na-alu-profilech\/\"]}]},{\"@type\":\"ImageObject\",\"inLanguage\":\"cs\",\"@id\":\"https:\/\/www.buzon-world.com\/cs\/pouziti\/verejne-prostory\/terasa-z-dlazby-na-alu-profilech\/#primaryimage\",\"url\":\"https:\/\/www.buzon-world.com\/wp-content\/uploads\/2023\/05\/overview-page-PB-JOISTS-U-BRS-M.png\",\"contentUrl\":\"https:\/\/www.buzon-world.com\/wp-content\/uploads\/2023\/05\/overview-page-PB-JOISTS-U-BRS-M.png\",\"width\":595,\"height\":303},{\"@type\":\"BreadcrumbList\",\"@id\":\"https:\/\/www.buzon-world.com\/cs\/pouziti\/verejne-prostory\/terasa-z-dlazby-na-alu-profilech\/#breadcrumb\",\"itemListElement\":[{\"@type\":\"ListItem\",\"position\":1,\"name\":\"Home\",\"item\":\"https:\/\/www.buzon-world.com\/cs\/\"},{\"@type\":\"ListItem\",\"position\":2,\"name\":\"Pou\u017eit\u00ed\",\"item\":\"https:\/\/www.buzon-world.com\/cs\/pouziti\/\"},{\"@type\":\"ListItem\",\"position\":3,\"name\":\"Ve\u0159ejn\u00e9 prostory\",\"item\":\"https:\/\/www.buzon-world.com\/cs\/pouziti\/verejne-prostory\/\"},{\"@type\":\"ListItem\",\"position\":4,\"name\":\"Terasa z dla\u017eby na alu profilech\"}]},{\"@type\":\"WebSite\",\"@id\":\"https:\/\/www.buzon-world.com\/cs\/#website\",\"url\":\"https:\/\/www.buzon-world.com\/cs\/\",\"name\":\"Buzon\",\"description\":\"Just another WordPress site\",\"potentialAction\":[{\"@type\":\"SearchAction\",\"target\":{\"@type\":\"EntryPoint\",\"urlTemplate\":\"https:\/\/www.buzon-world.com\/cs\/?s={search_term_string}\"},\"query-input\":{\"@type\":\"PropertyValueSpecification\",\"valueRequired\":true,\"valueName\":\"search_term_string\"}}],\"inLanguage\":\"cs\"}]}<\/script>\n<!-- \/ Yoast SEO plugin. -->","yoast_head_json":{"title":"Dla\u017eba na ALU profilech Buzon | Pro reziden\u010dn\u00ed terasy","description":"Dla\u017eba na ALU profilech Buzon: stabiln\u00ed a nastaviteln\u00fd syst\u00e9m pro modern\u00ed reziden\u010dn\u00ed terasy s \u010dist\u00fdm designem.","robots":{"index":"index","follow":"follow","max-snippet":"max-snippet:-1","max-image-preview":"max-image-preview:large","max-video-preview":"max-video-preview:-1"},"canonical":"https:\/\/www.buzon-world.com\/cs\/pouziti\/verejne-prostory\/terasa-z-dlazby-na-alu-profilech\/","og_locale":"cs_CZ","og_type":"article","og_title":"Dla\u017eba na ALU profilech Buzon | Pro reziden\u010dn\u00ed terasy","og_description":"Dla\u017eba na ALU profilech Buzon: stabiln\u00ed a nastaviteln\u00fd syst\u00e9m pro modern\u00ed reziden\u010dn\u00ed terasy s \u010dist\u00fdm designem.","og_url":"https:\/\/www.buzon-world.com\/cs\/pouziti\/verejne-prostory\/terasa-z-dlazby-na-alu-profilech\/","og_site_name":"Buzon","article_modified_time":"2025-11-13T08:54:38+00:00","og_image":[{"width":595,"height":303,"url":"https:\/\/www.buzon-world.com\/wp-content\/uploads\/2023\/05\/overview-page-PB-JOISTS-U-BRS-M.png","type":"image\/png"}],"twitter_card":"summary_large_image","twitter_misc":{"Odhadovan\u00e1 doba \u010dten\u00ed":"1 minuta"},"schema":{"@context":"https:\/\/schema.org","@graph":[{"@type":"WebPage","@id":"https:\/\/www.buzon-world.com\/cs\/pouziti\/verejne-prostory\/terasa-z-dlazby-na-alu-profilech\/","url":"https:\/\/www.buzon-world.com\/cs\/pouziti\/verejne-prostory\/terasa-z-dlazby-na-alu-profilech\/","name":"Dla\u017eba na ALU profilech Buzon | Pro reziden\u010dn\u00ed terasy","isPartOf":{"@id":"https:\/\/www.buzon-world.com\/cs\/#website"},"primaryImageOfPage":{"@id":"https:\/\/www.buzon-world.com\/cs\/pouziti\/verejne-prostory\/terasa-z-dlazby-na-alu-profilech\/#primaryimage"},"image":{"@id":"https:\/\/www.buzon-world.com\/cs\/pouziti\/verejne-prostory\/terasa-z-dlazby-na-alu-profilech\/#primaryimage"},"thumbnailUrl":"https:\/\/www.buzon-world.com\/wp-content\/uploads\/2023\/05\/overview-page-PB-JOISTS-U-BRS-M.png","datePublished":"2022-10-18T13:10:01+00:00","dateModified":"2025-11-13T08:54:38+00:00","description":"Dla\u017eba na ALU profilech Buzon: stabiln\u00ed a nastaviteln\u00fd syst\u00e9m pro modern\u00ed reziden\u010dn\u00ed terasy s \u010dist\u00fdm designem.","breadcrumb":{"@id":"https:\/\/www.buzon-world.com\/cs\/pouziti\/verejne-prostory\/terasa-z-dlazby-na-alu-profilech\/#breadcrumb"},"inLanguage":"cs","potentialAction":[{"@type":"ReadAction","target":["https:\/\/www.buzon-world.com\/cs\/pouziti\/verejne-prostory\/terasa-z-dlazby-na-alu-profilech\/"]}]},{"@type":"ImageObject","inLanguage":"cs","@id":"https:\/\/www.buzon-world.com\/cs\/pouziti\/verejne-prostory\/terasa-z-dlazby-na-alu-profilech\/#primaryimage","url":"https:\/\/www.buzon-world.com\/wp-content\/uploads\/2023\/05\/overview-page-PB-JOISTS-U-BRS-M.png","contentUrl":"https:\/\/www.buzon-world.com\/wp-content\/uploads\/2023\/05\/overview-page-PB-JOISTS-U-BRS-M.png","width":595,"height":303},{"@type":"BreadcrumbList","@id":"https:\/\/www.buzon-world.com\/cs\/pouziti\/verejne-prostory\/terasa-z-dlazby-na-alu-profilech\/#breadcrumb","itemListElement":[{"@type":"ListItem","position":1,"name":"Home","item":"https:\/\/www.buzon-world.com\/cs\/"},{"@type":"ListItem","position":2,"name":"Pou\u017eit\u00ed","item":"https:\/\/www.buzon-world.com\/cs\/pouziti\/"},{"@type":"ListItem","position":3,"name":"Ve\u0159ejn\u00e9 prostory","item":"https:\/\/www.buzon-world.com\/cs\/pouziti\/verejne-prostory\/"},{"@type":"ListItem","position":4,"name":"Terasa z dla\u017eby na alu profilech"}]},{"@type":"WebSite","@id":"https:\/\/www.buzon-world.com\/cs\/#website","url":"https:\/\/www.buzon-world.com\/cs\/","name":"Buzon","description":"Just another WordPress site","potentialAction":[{"@type":"SearchAction","target":{"@type":"EntryPoint","urlTemplate":"https:\/\/www.buzon-world.com\/cs\/?s={search_term_string}"},"query-input":{"@type":"PropertyValueSpecification","valueRequired":true,"valueName":"search_term_string"}}],"inLanguage":"cs"}]}},"_links":{"self":[{"href":"https:\/\/www.buzon-world.com\/cs\/wp-json\/wp\/v2\/pages\/20057","targetHints":{"allow":["GET"]}}],"collection":[{"href":"https:\/\/www.buzon-world.com\/cs\/wp-json\/wp\/v2\/pages"}],"about":[{"href":"https:\/\/www.buzon-world.com\/cs\/wp-json\/wp\/v2\/types\/page"}],"author":[{"embeddable":true,"href":"https:\/\/www.buzon-world.com\/cs\/wp-json\/wp\/v2\/users\/1"}],"replies":[{"embeddable":true,"href":"https:\/\/www.buzon-world.com\/cs\/wp-json\/wp\/v2\/comments?post=20057"}],"version-history":[{"count":4,"href":"https:\/\/www.buzon-world.com\/cs\/wp-json\/wp\/v2\/pages\/20057\/revisions"}],"predecessor-version":[{"id":49775,"href":"https:\/\/www.buzon-world.com\/cs\/wp-json\/wp\/v2\/pages\/20057\/revisions\/49775"}],"up":[{"embeddable":true,"href":"https:\/\/www.buzon-world.com\/cs\/wp-json\/wp\/v2\/pages\/20447"}],"wp:featuredmedia":[{"embeddable":true,"href":"https:\/\/www.buzon-world.com\/cs\/wp-json\/wp\/v2\/media\/20058"}],"wp:attachment":[{"href":"https:\/\/www.buzon-world.com\/cs\/wp-json\/wp\/v2\/media?parent=20057"}],"wp:term":[{"taxonomy":"accesories_category","embeddable":true,"href":"https:\/\/www.buzon-world.com\/cs\/wp-json\/wp\/v2\/accesories_category?post=20057"},{"taxonomy":"sizes","embeddable":true,"href":"https:\/\/www.buzon-world.com\/cs\/wp-json\/wp\/v2\/sizes?post=20057"},{"taxonomy":"plot_serie","embeddable":true,"href":"https:\/\/www.buzon-world.com\/cs\/wp-json\/wp\/v2\/plot_serie?post=20057"},{"taxonomy":"accesories_category_type","embeddable":true,"href":"https:\/\/www.buzon-world.com\/cs\/wp-json\/wp\/v2\/accesories_category_type?post=20057"},{"taxonomy":"accessories_categories_subtype","embeddable":true,"href":"https:\/\/www.buzon-world.com\/cs\/wp-json\/wp\/v2\/accessories_categories_subtype?post=20057"},{"taxonomy":"accessories_categories_applica","embeddable":true,"href":"https:\/\/www.buzon-world.com\/cs\/wp-json\/wp\/v2\/accessories_categories_applica?post=20057"}],"curies":[{"name":"wp","href":"https:\/\/api.w.org\/{rel}","templated":true}]}}