{"id":20365,"date":"2022-07-05T15:50:11","date_gmt":"2022-07-05T13:50:11","guid":{"rendered":"https:\/\/www.buzon-world.com\/about-us\/a-shared-objective\/"},"modified":"2024-10-18T14:14:05","modified_gmt":"2024-10-18T12:14:05","slug":"spolecny-cil","status":"publish","type":"page","link":"https:\/\/www.buzon-world.com\/cs\/o-nas\/spolecny-cil\/","title":{"rendered":"Spole\u010dn\u00fd c\u00edl"},"content":{"rendered":"<section class=\"l-section wpb_row height_auto\"><div class=\"l-section-h i-cf\"><div class=\"g-cols vc_row via_flex valign_top type_default reversed stacking_default\"><div class=\"vc_col-sm-5 wpb_column vc_column_container\"><div class=\"vc_column-inner\"><div class=\"wpb_wrapper\">[vc_raw_html]JTVCd3BzZW9fYnJlYWRjcnVtYiU1RCUwQQ==[\/vc_raw_html]<div class=\"w-separator size_medium\"><\/div><div class=\"wpb_text_column\"><div class=\"wpb_wrapper\"><h1>Spole\u010dn\u00fd c\u00edl<\/h1>\n<\/div><\/div><div class=\"w-separator size_large\"><\/div><\/div><\/div><\/div><div class=\"vc_col-sm-1 wpb_column vc_column_container\"><div class=\"vc_column-inner\"><div class=\"wpb_wrapper\"><\/div><\/div><\/div><div class=\"vc_col-sm-6 wpb_column vc_column_container m300 has_bg_color\"><div class=\"vc_column-inner us_custom_4078679f\"><div class=\"wpb_wrapper\"><\/div><\/div><\/div><\/div><\/div><\/section><section class=\"l-section wpb_row height_large\"><div class=\"l-section-h i-cf\"><div class=\"g-cols vc_row via_flex valign_top type_default stacking_default\" style=\"--additional-gap:20px;\"><div class=\"vc_col-sm-12 vc_col-lg-4 vc_col-md-4 vc_col-xs-12 wpb_column vc_column_container usp usp1\"><div class=\"vc_column-inner\"><div class=\"wpb_wrapper\"><div class=\"wpb_text_column us_custom_b02a18c0 has_text_color\"><div class=\"wpb_wrapper\"><h3 style=\"text-align: center;\">NA\u0160E VIZE<\/h3>\n<\/div><\/div><div class=\"wpb_text_column\"><div class=\"wpb_wrapper\"><p style=\"text-align: center;\">Uzn\u00e1van\u00fd inovativn\u00ed l\u00eddr v oblasti <strong>tvorby udr\u017eiteln\u00fdch syst\u00e9m\u016f venkovn\u00ed \u00fapravy krajiny.<\/strong><\/p>\n<\/div><\/div><div class=\"w-image align_none\"><div class=\"w-image-h\"><img decoding=\"async\" width=\"1024\" height=\"1024\" src=\"https:\/\/www.buzon-world.com\/wp-content\/uploads\/2023\/05\/Asset-1.svg\" class=\"attachment-large size-large\" alt=\"\" loading=\"lazy\" \/><\/div><\/div><\/div><\/div><\/div><div class=\"vc_col-sm-12 vc_col-lg-4 vc_col-md-4 vc_col-xs-12 wpb_column vc_column_container usp usp1\"><div class=\"vc_column-inner\"><div class=\"wpb_wrapper\"><div class=\"wpb_text_column us_custom_b02a18c0 has_text_color\"><div class=\"wpb_wrapper\"><h3 style=\"text-align: center;\">NA\u0160E POSL\u00c1N\u00cd<\/h3>\n<\/div><\/div><div class=\"wpb_text_column\"><div class=\"wpb_wrapper\"><p style=\"text-align: center;\"><strong>Vyv\u00edjet inovativn\u00ed, ergonomick\u00e9 a udr\u017eiteln\u00e9 syst\u00e9my,<\/strong> kter\u00e9 pom\u00e1haj\u00ed u\u017eivatel\u016fm p\u0159i samostatn\u00e9m rozvoji a zkr\u00e1\u0161lov\u00e1n\u00ed venkovn\u00edch prostor.<\/p>\n<\/div><\/div><div class=\"w-image align_none\"><div class=\"w-image-h\"><img decoding=\"async\" width=\"1024\" height=\"1024\" src=\"https:\/\/www.buzon-world.com\/wp-content\/uploads\/2023\/05\/Asset-2.svg\" class=\"attachment-large size-large\" alt=\"\" loading=\"lazy\" \/><\/div><\/div><\/div><\/div><\/div><div class=\"vc_col-sm-12 vc_col-lg-4 vc_col-md-4 vc_col-xs-12 wpb_column vc_column_container usp usp1\"><div class=\"vc_column-inner\"><div class=\"wpb_wrapper\"><div class=\"wpb_text_column us_custom_b02a18c0 has_text_color\"><div class=\"wpb_wrapper\"><h3 style=\"text-align: center;\">NA\u0160E HODNOTY<\/h3>\n<\/div><\/div><div class=\"wpb_text_column\"><div class=\"wpb_wrapper\"><p style=\"text-align: center;\"><strong>Kvalita<\/strong><br \/>\n<strong>Udr\u017eitelnost<\/strong><br \/>\n<strong>Efektivita<\/strong><br \/>\n<strong>Z\u00e1vazek<\/strong><br \/>\n<strong>Respekt<\/strong><\/p>\n<\/div><\/div><div class=\"w-image align_none\"><div class=\"w-image-h\"><img decoding=\"async\" width=\"1024\" height=\"1024\" src=\"https:\/\/www.buzon-world.com\/wp-content\/uploads\/2023\/05\/Asset-3.svg\" class=\"attachment-large size-large\" alt=\"\" loading=\"lazy\" \/><\/div><\/div><\/div><\/div><\/div><\/div><\/div><\/section><section class=\"l-section wpb_row height_auto\"><div class=\"l-section-h i-cf\"><div class=\"g-cols vc_row via_flex valign_top type_default stacking_default\"><div class=\"vc_col-sm-8 wpb_column vc_column_container\"><div class=\"vc_column-inner\"><div class=\"wpb_wrapper\"><div class=\"wpb_text_column\"><div class=\"wpb_wrapper\"><p><strong>Kvalita<\/strong>: Kvalita byla v\u017edy sou\u010d\u00e1st\u00ed na\u0161\u00ed DNA. T\u00fdk\u00e1 se v\u0161ech \u00farovn\u00ed \u010dinnosti spole\u010dnosti a je p\u0159edpokl\u00e1d\u00e1na v\u0161emi na\u0161imi poskytovateli slu\u017eeb.<\/p>\n<p><strong>Udr\u017eitelnost<\/strong>: V z\u00e1jmu sni\u017eov\u00e1n\u00ed dopadu na \u017eivotn\u00ed prost\u0159ed\u00ed jsme se zav\u00e1zali k neust\u00e1l\u00e9mu za\u010dle\u0148ov\u00e1n\u00ed ochrany a zachov\u00e1n\u00ed \u017eivotn\u00edho prost\u0159ed\u00ed do n\u00e1vrhu, v\u00fdroby a distribuce na\u0161ich v\u00fdrobk\u016f i do ka\u017edodenn\u00edho \u0159\u00edzen\u00ed na\u0161ich \u010dinnost\u00ed.<\/p>\n<p><strong>Efektivita<\/strong>: V oblasti \u017eivotn\u00edho prost\u0159ed\u00ed se zam\u011b\u0159ujeme na efektivitu a ochranu \u017eivotn\u00edho prost\u0159ed\u00ed: Na\u0161im zam\u011bstnanc\u016fm a partner\u016fm poskytujeme pot\u0159ebn\u00e9 n\u00e1stroje a \u0161kolen\u00ed ke zlep\u0161en\u00ed provozn\u00ed dokonalosti.<\/p>\n<p><strong>Z\u00e1vazek<\/strong>: T\u00fdm p\u011bstuje pozitivn\u00edho ducha a oddanost v\u016f\u010di sv\u00fdm koleg\u016fm a partner\u016fm.<\/p>\n<p><strong>Respekt<\/strong>: \u010cestnost, \u00facta a integrita jsou z\u00e1kladn\u00edmi pil\u00ed\u0159i na\u0161\u00ed spole\u010dnosti a diktuj\u00ed n\u00e1m profesion\u00e1ln\u00ed chov\u00e1n\u00ed v\u016f\u010di na\u0161im klient\u016fm, zam\u011bstnanc\u016fm a partner\u016fm.<\/p>\n<\/div><\/div><div class=\"w-separator size_huge\"><\/div><\/div><\/div><\/div><div class=\"vc_col-sm-4 wpb_column vc_column_container\"><div class=\"vc_column-inner\"><div class=\"wpb_wrapper\"><\/div><\/div><\/div><\/div><\/div><\/section>\n","protected":false},"excerpt":{"rendered":"[vc_raw_html]JTVCd3BzZW9fYnJlYWRjcnVtYiU1RCUwQQ==[\/vc_raw_html]Spole\u010dn\u00fd c\u00edl NA\u0160E VIZE Uzn\u00e1van\u00fd inovativn\u00ed l\u00eddr v oblasti tvorby udr\u017eiteln\u00fdch syst\u00e9m\u016f venkovn\u00ed \u00fapravy krajiny. NA\u0160E POSL\u00c1N\u00cd Vyv\u00edjet inovativn\u00ed, ergonomick\u00e9 a udr\u017eiteln\u00e9 syst\u00e9my, kter\u00e9 pom\u00e1haj\u00ed u\u017eivatel\u016fm p\u0159i samostatn\u00e9m rozvoji a zkr\u00e1\u0161lov\u00e1n\u00ed venkovn\u00edch prostor. NA\u0160E HODNOTY Kvalita Udr\u017eitelnost Efektivita Z\u00e1vazek Respekt Kvalita: Kvalita byla v\u017edy sou\u010d\u00e1st\u00ed na\u0161\u00ed DNA. T\u00fdk\u00e1 se v\u0161ech \u00farovn\u00ed \u010dinnosti spole\u010dnosti a je...","protected":false},"author":1,"featured_media":0,"parent":20357,"menu_order":1,"comment_status":"closed","ping_status":"closed","template":"","meta":{"_acf_changed":false,"footnotes":""},"accesories_category":[],"sizes":[],"plot_serie":[],"accesories_category_type":[],"accessories_categories_subtype":[],"accessories_categories_applica":[],"class_list":["post-20365","page","type-page","status-publish","hentry"],"acf":[],"yoast_head":"<!-- This site is optimized with the Yoast SEO plugin v27.1.1 - https:\/\/yoast.com\/product\/yoast-seo-wordpress\/ -->\n<title>Hodnoty a spole\u010dn\u00fd c\u00edl spole\u010dnosti Buzon | Buzon<\/title>\n<meta name=\"description\" content=\"Spole\u010dn\u00e9 hodnoty Buzon: Kvalita jako sou\u010d\u00e1st DNA Buzon, Udr\u017eitelnost a ohled na \u017eivotn\u00ed prost\u0159ed\u00ed, Efektivita, Z\u00e1vazek, Respekt ke klient\u016fm, zam\u011bstnanc\u016fm a partner\u016fm.\" \/>\n<meta name=\"robots\" content=\"index, follow, max-snippet:-1, max-image-preview:large, max-video-preview:-1\" \/>\n<link rel=\"canonical\" href=\"https:\/\/www.buzon-world.com\/cs\/o-nas\/spolecny-cil\/\" \/>\n<meta property=\"og:locale\" content=\"cs_CZ\" \/>\n<meta property=\"og:type\" content=\"article\" \/>\n<meta property=\"og:title\" content=\"Hodnoty a spole\u010dn\u00fd c\u00edl spole\u010dnosti Buzon | Buzon\" \/>\n<meta property=\"og:description\" content=\"Spole\u010dn\u00e9 hodnoty Buzon: Kvalita jako sou\u010d\u00e1st DNA Buzon, Udr\u017eitelnost a ohled na \u017eivotn\u00ed prost\u0159ed\u00ed, Efektivita, Z\u00e1vazek, Respekt ke klient\u016fm, zam\u011bstnanc\u016fm a partner\u016fm.\" \/>\n<meta property=\"og:url\" content=\"https:\/\/www.buzon-world.com\/cs\/o-nas\/spolecny-cil\/\" \/>\n<meta property=\"og:site_name\" content=\"Buzon\" \/>\n<meta property=\"article:modified_time\" content=\"2024-10-18T12:14:05+00:00\" \/>\n<meta name=\"twitter:card\" content=\"summary_large_image\" \/>\n<meta name=\"twitter:label1\" content=\"Odhadovan\u00e1 doba \u010dten\u00ed\" \/>\n\t<meta name=\"twitter:data1\" content=\"1 minuta\" \/>\n<script type=\"application\/ld+json\" class=\"yoast-schema-graph\">{\"@context\":\"https:\/\/schema.org\",\"@graph\":[{\"@type\":\"WebPage\",\"@id\":\"https:\/\/www.buzon-world.com\/cs\/o-nas\/spolecny-cil\/\",\"url\":\"https:\/\/www.buzon-world.com\/cs\/o-nas\/spolecny-cil\/\",\"name\":\"Hodnoty a spole\u010dn\u00fd c\u00edl spole\u010dnosti Buzon | Buzon\",\"isPartOf\":{\"@id\":\"https:\/\/www.buzon-world.com\/cs\/#website\"},\"datePublished\":\"2022-07-05T13:50:11+00:00\",\"dateModified\":\"2024-10-18T12:14:05+00:00\",\"description\":\"Spole\u010dn\u00e9 hodnoty Buzon: Kvalita jako sou\u010d\u00e1st DNA Buzon, Udr\u017eitelnost a ohled na \u017eivotn\u00ed prost\u0159ed\u00ed, Efektivita, Z\u00e1vazek, Respekt ke klient\u016fm, zam\u011bstnanc\u016fm a partner\u016fm.\",\"breadcrumb\":{\"@id\":\"https:\/\/www.buzon-world.com\/cs\/o-nas\/spolecny-cil\/#breadcrumb\"},\"inLanguage\":\"cs\",\"potentialAction\":[{\"@type\":\"ReadAction\",\"target\":[\"https:\/\/www.buzon-world.com\/cs\/o-nas\/spolecny-cil\/\"]}]},{\"@type\":\"BreadcrumbList\",\"@id\":\"https:\/\/www.buzon-world.com\/cs\/o-nas\/spolecny-cil\/#breadcrumb\",\"itemListElement\":[{\"@type\":\"ListItem\",\"position\":1,\"name\":\"Home\",\"item\":\"https:\/\/www.buzon-world.com\/cs\/\"},{\"@type\":\"ListItem\",\"position\":2,\"name\":\"O n\u00e1s\",\"item\":\"https:\/\/www.buzon-world.com\/cs\/o-nas\/\"},{\"@type\":\"ListItem\",\"position\":3,\"name\":\"Spole\u010dn\u00fd c\u00edl\"}]},{\"@type\":\"WebSite\",\"@id\":\"https:\/\/www.buzon-world.com\/cs\/#website\",\"url\":\"https:\/\/www.buzon-world.com\/cs\/\",\"name\":\"Buzon\",\"description\":\"Just another WordPress site\",\"potentialAction\":[{\"@type\":\"SearchAction\",\"target\":{\"@type\":\"EntryPoint\",\"urlTemplate\":\"https:\/\/www.buzon-world.com\/cs\/?s={search_term_string}\"},\"query-input\":{\"@type\":\"PropertyValueSpecification\",\"valueRequired\":true,\"valueName\":\"search_term_string\"}}],\"inLanguage\":\"cs\"}]}<\/script>\n<!-- \/ Yoast SEO plugin. -->","yoast_head_json":{"title":"Hodnoty a spole\u010dn\u00fd c\u00edl spole\u010dnosti Buzon | Buzon","description":"Spole\u010dn\u00e9 hodnoty Buzon: Kvalita jako sou\u010d\u00e1st DNA Buzon, Udr\u017eitelnost a ohled na \u017eivotn\u00ed prost\u0159ed\u00ed, Efektivita, Z\u00e1vazek, Respekt ke klient\u016fm, zam\u011bstnanc\u016fm a partner\u016fm.","robots":{"index":"index","follow":"follow","max-snippet":"max-snippet:-1","max-image-preview":"max-image-preview:large","max-video-preview":"max-video-preview:-1"},"canonical":"https:\/\/www.buzon-world.com\/cs\/o-nas\/spolecny-cil\/","og_locale":"cs_CZ","og_type":"article","og_title":"Hodnoty a spole\u010dn\u00fd c\u00edl spole\u010dnosti Buzon | Buzon","og_description":"Spole\u010dn\u00e9 hodnoty Buzon: Kvalita jako sou\u010d\u00e1st DNA Buzon, Udr\u017eitelnost a ohled na \u017eivotn\u00ed prost\u0159ed\u00ed, Efektivita, Z\u00e1vazek, Respekt ke klient\u016fm, zam\u011bstnanc\u016fm a partner\u016fm.","og_url":"https:\/\/www.buzon-world.com\/cs\/o-nas\/spolecny-cil\/","og_site_name":"Buzon","article_modified_time":"2024-10-18T12:14:05+00:00","twitter_card":"summary_large_image","twitter_misc":{"Odhadovan\u00e1 doba \u010dten\u00ed":"1 minuta"},"schema":{"@context":"https:\/\/schema.org","@graph":[{"@type":"WebPage","@id":"https:\/\/www.buzon-world.com\/cs\/o-nas\/spolecny-cil\/","url":"https:\/\/www.buzon-world.com\/cs\/o-nas\/spolecny-cil\/","name":"Hodnoty a spole\u010dn\u00fd c\u00edl spole\u010dnosti Buzon | Buzon","isPartOf":{"@id":"https:\/\/www.buzon-world.com\/cs\/#website"},"datePublished":"2022-07-05T13:50:11+00:00","dateModified":"2024-10-18T12:14:05+00:00","description":"Spole\u010dn\u00e9 hodnoty Buzon: Kvalita jako sou\u010d\u00e1st DNA Buzon, Udr\u017eitelnost a ohled na \u017eivotn\u00ed prost\u0159ed\u00ed, Efektivita, Z\u00e1vazek, Respekt ke klient\u016fm, zam\u011bstnanc\u016fm a partner\u016fm.","breadcrumb":{"@id":"https:\/\/www.buzon-world.com\/cs\/o-nas\/spolecny-cil\/#breadcrumb"},"inLanguage":"cs","potentialAction":[{"@type":"ReadAction","target":["https:\/\/www.buzon-world.com\/cs\/o-nas\/spolecny-cil\/"]}]},{"@type":"BreadcrumbList","@id":"https:\/\/www.buzon-world.com\/cs\/o-nas\/spolecny-cil\/#breadcrumb","itemListElement":[{"@type":"ListItem","position":1,"name":"Home","item":"https:\/\/www.buzon-world.com\/cs\/"},{"@type":"ListItem","position":2,"name":"O n\u00e1s","item":"https:\/\/www.buzon-world.com\/cs\/o-nas\/"},{"@type":"ListItem","position":3,"name":"Spole\u010dn\u00fd c\u00edl"}]},{"@type":"WebSite","@id":"https:\/\/www.buzon-world.com\/cs\/#website","url":"https:\/\/www.buzon-world.com\/cs\/","name":"Buzon","description":"Just another WordPress site","potentialAction":[{"@type":"SearchAction","target":{"@type":"EntryPoint","urlTemplate":"https:\/\/www.buzon-world.com\/cs\/?s={search_term_string}"},"query-input":{"@type":"PropertyValueSpecification","valueRequired":true,"valueName":"search_term_string"}}],"inLanguage":"cs"}]}},"_links":{"self":[{"href":"https:\/\/www.buzon-world.com\/cs\/wp-json\/wp\/v2\/pages\/20365","targetHints":{"allow":["GET"]}}],"collection":[{"href":"https:\/\/www.buzon-world.com\/cs\/wp-json\/wp\/v2\/pages"}],"about":[{"href":"https:\/\/www.buzon-world.com\/cs\/wp-json\/wp\/v2\/types\/page"}],"author":[{"embeddable":true,"href":"https:\/\/www.buzon-world.com\/cs\/wp-json\/wp\/v2\/users\/1"}],"replies":[{"embeddable":true,"href":"https:\/\/www.buzon-world.com\/cs\/wp-json\/wp\/v2\/comments?post=20365"}],"version-history":[{"count":4,"href":"https:\/\/www.buzon-world.com\/cs\/wp-json\/wp\/v2\/pages\/20365\/revisions"}],"predecessor-version":[{"id":41369,"href":"https:\/\/www.buzon-world.com\/cs\/wp-json\/wp\/v2\/pages\/20365\/revisions\/41369"}],"up":[{"embeddable":true,"href":"https:\/\/www.buzon-world.com\/cs\/wp-json\/wp\/v2\/pages\/20357"}],"wp:attachment":[{"href":"https:\/\/www.buzon-world.com\/cs\/wp-json\/wp\/v2\/media?parent=20365"}],"wp:term":[{"taxonomy":"accesories_category","embeddable":true,"href":"https:\/\/www.buzon-world.com\/cs\/wp-json\/wp\/v2\/accesories_category?post=20365"},{"taxonomy":"sizes","embeddable":true,"href":"https:\/\/www.buzon-world.com\/cs\/wp-json\/wp\/v2\/sizes?post=20365"},{"taxonomy":"plot_serie","embeddable":true,"href":"https:\/\/www.buzon-world.com\/cs\/wp-json\/wp\/v2\/plot_serie?post=20365"},{"taxonomy":"accesories_category_type","embeddable":true,"href":"https:\/\/www.buzon-world.com\/cs\/wp-json\/wp\/v2\/accesories_category_type?post=20365"},{"taxonomy":"accessories_categories_subtype","embeddable":true,"href":"https:\/\/www.buzon-world.com\/cs\/wp-json\/wp\/v2\/accessories_categories_subtype?post=20365"},{"taxonomy":"accessories_categories_applica","embeddable":true,"href":"https:\/\/www.buzon-world.com\/cs\/wp-json\/wp\/v2\/accessories_categories_applica?post=20365"}],"curies":[{"name":"wp","href":"https:\/\/api.w.org\/{rel}","templated":true}]}}