{"id":20369,"date":"2022-07-05T15:50:11","date_gmt":"2022-07-05T13:50:11","guid":{"rendered":"https:\/\/www.buzon-world.com\/about-us\/our-commitments\/"},"modified":"2025-12-15T17:21:04","modified_gmt":"2025-12-15T15:21:04","slug":"nase-zavazky","status":"publish","type":"page","link":"https:\/\/www.buzon-world.com\/cs\/o-nas\/nase-zavazky\/","title":{"rendered":"Na\u0161e z\u00e1vazky"},"content":{"rendered":"<section class=\"l-section wpb_row height_auto\"><div class=\"l-section-h i-cf\"><div class=\"g-cols vc_row via_flex valign_top type_default reversed stacking_default\"><div class=\"vc_col-sm-12 wpb_column vc_column_container\"><div class=\"vc_column-inner\"><div class=\"wpb_wrapper\">[vc_raw_html]JTVCd3BzZW9fYnJlYWRjcnVtYiU1RCUwQQ==[\/vc_raw_html]<div class=\"w-separator size_medium\"><\/div><div class=\"wpb_text_column\"><div class=\"wpb_wrapper\"><h1>Na\u0161e z\u00e1vazky<\/h1>\n<\/div><\/div><\/div><\/div><\/div><\/div><\/div><\/section><section class=\"l-section wpb_row blackcols height_medium\"><div class=\"l-section-h i-cf\"><div class=\"g-cols vc_row via_flex valign_top type_boxes stacking_default\" style=\"--additional-gap:15px;\"><div class=\"vc_col-sm-6 wpb_column vc_column_container\"><div class=\"vc_column-inner\"><div class=\"wpb_wrapper\"><div class=\"w-image has_ratio align_none\"><div class=\"w-image-h\"><div style=\"padding-bottom:50.9434%\"><\/div><img decoding=\"async\" width=\"1024\" height=\"719\" src=\"https:\/\/www.buzon-world.com\/wp-content\/uploads\/2023\/12\/Usine-Moldes-1024x719.jpg\" class=\"attachment-large size-large\" alt=\"\" loading=\"lazy\" \/><\/div><\/div><div class=\"w-separator size_medium\"><\/div><div class=\"wpb_text_column\"><div class=\"wpb_wrapper\"><h2>100% VYROBENO<br \/>\nV EVROP\u011a<\/h2>\n<p>V\u0161echny na\u0161e rektifika\u010dn\u00ed ter\u010de jsou navrhov\u00e1ny a vyr\u00e1b\u011bny v Evrop\u011b. Na\u0161e odd\u011blen\u00ed v\u00fdzkumu a v\u00fdvoje neust\u00e1le usilovn\u011b pracuje na tom, aby na\u0161im z\u00e1kazn\u00edk\u016fm poskytlo \u0161pi\u010dkovou podporu a \u0159e\u0161en\u00ed v oblasti stavby teras.<\/p>\n<p><img loading=\"lazy\" decoding=\"async\" class=\"alignnone wp-image-50274 size-thumbnail\" src=\"https:\/\/www.buzon-world.com\/wp-content\/uploads\/2025\/12\/LOGO-Made-In-Europe-150x150.png\" alt=\"\" width=\"150\" height=\"150\" srcset=\"https:\/\/www.buzon-world.com\/wp-content\/uploads\/2025\/12\/LOGO-Made-In-Europe-150x150.png 150w, https:\/\/www.buzon-world.com\/wp-content\/uploads\/2025\/12\/LOGO-Made-In-Europe-300x300.png 300w, https:\/\/www.buzon-world.com\/wp-content\/uploads\/2025\/12\/LOGO-Made-In-Europe-1024x1024.png 1024w, https:\/\/www.buzon-world.com\/wp-content\/uploads\/2025\/12\/LOGO-Made-In-Europe-70x70.png 70w, https:\/\/www.buzon-world.com\/wp-content\/uploads\/2025\/12\/LOGO-Made-In-Europe.png 1080w\" sizes=\"auto, (max-width: 150px) 100vw, 150px\" \/><\/p>\n<\/div><\/div><div class=\"w-separator size_large\"><\/div><div class=\"w-image has_ratio align_none\"><div class=\"w-image-h\"><div style=\"padding-bottom:50.9434%\"><\/div><img decoding=\"async\" width=\"1024\" height=\"682\" src=\"https:\/\/www.buzon-world.com\/wp-content\/uploads\/2023\/12\/qualite-1024x682.jpg\" class=\"attachment-large size-large\" alt=\"\" loading=\"lazy\" \/><\/div><\/div><div class=\"w-separator size_medium\"><\/div><div class=\"wpb_text_column\"><div class=\"wpb_wrapper\"><h2 class=\"p1\">Z\u00c1VAZEK<br \/>\nKVALITY<\/h2>\n<p class=\"p2\">Kvalita na\u0161ich v\u00fdrobk\u016f a va\u0161e spokojenost jsou pro n\u00e1s tou nejvy\u0161\u0161\u00ed prioritou. Spole\u010dnost Buzon\u00ae je od roku 2017 dr\u017eitelem certifik\u00e1tu ISO 9001. Tato certifikace v\u00e1m zaru\u010duje neust\u00e1l\u00e9 zlep\u0161ov\u00e1n\u00ed kvality na\u0161ich v\u00fdrobk\u016f a slu\u017eeb.<\/p>\n<p><img loading=\"lazy\" decoding=\"async\" class=\"alignnone wp-image-50277 size-thumbnail\" src=\"https:\/\/www.buzon-world.com\/wp-content\/uploads\/2025\/12\/LOGO-ISO9001-150x150.png\" alt=\"\" width=\"150\" height=\"150\" srcset=\"https:\/\/www.buzon-world.com\/wp-content\/uploads\/2025\/12\/LOGO-ISO9001-150x150.png 150w, https:\/\/www.buzon-world.com\/wp-content\/uploads\/2025\/12\/LOGO-ISO9001-300x300.png 300w, https:\/\/www.buzon-world.com\/wp-content\/uploads\/2025\/12\/LOGO-ISO9001-1024x1024.png 1024w, https:\/\/www.buzon-world.com\/wp-content\/uploads\/2025\/12\/LOGO-ISO9001-70x70.png 70w, https:\/\/www.buzon-world.com\/wp-content\/uploads\/2025\/12\/LOGO-ISO9001.png 1080w\" sizes=\"auto, (max-width: 150px) 100vw, 150px\" \/><\/p>\n<\/div><\/div><div class=\"w-separator size_large\"><\/div><div class=\"w-image has_ratio align_none\"><div class=\"w-image-h\"><div style=\"padding-bottom:50.9434%\"><\/div><img decoding=\"async\" width=\"1024\" height=\"615\" src=\"https:\/\/www.buzon-world.com\/wp-content\/uploads\/2023\/12\/trophee-1024x615.jpg\" class=\"attachment-large size-large\" alt=\"\" loading=\"lazy\" \/><\/div><\/div><div class=\"w-separator size_medium\"><\/div><div class=\"wpb_text_column\"><div class=\"wpb_wrapper\"><h2 class=\"p1\">UZN\u00c1N\u00cd<\/h2>\n<p class=\"p2\">D\u00edky na\u0161im r\u016fznorod\u00fdm z\u00e1vazk\u016fm a firemn\u00ed politice jsme z\u00edskali mnoho ocen\u011bn\u00ed a r\u016fzn\u00fdch certifik\u00e1t\u016f, nap\u0159\u00edklad st\u0159\u00edbrnou medaili za inovace na veletrhu Batimat v Pa\u0159\u00ed\u017ei v roce 1997, Golden Bridge v Lond\u00fdn\u011b a dokonce i Good Design Award 2018.<\/p>\n<p><img loading=\"lazy\" decoding=\"async\" class=\"alignnone wp-image-50279 size-thumbnail\" src=\"https:\/\/www.buzon-world.com\/wp-content\/uploads\/2025\/12\/LOGO-BATIMAT-150x150.png\" alt=\"\" width=\"150\" height=\"150\" srcset=\"https:\/\/www.buzon-world.com\/wp-content\/uploads\/2025\/12\/LOGO-BATIMAT-150x150.png 150w, https:\/\/www.buzon-world.com\/wp-content\/uploads\/2025\/12\/LOGO-BATIMAT-300x300.png 300w, https:\/\/www.buzon-world.com\/wp-content\/uploads\/2025\/12\/LOGO-BATIMAT-1024x1024.png 1024w, https:\/\/www.buzon-world.com\/wp-content\/uploads\/2025\/12\/LOGO-BATIMAT-70x70.png 70w, https:\/\/www.buzon-world.com\/wp-content\/uploads\/2025\/12\/LOGO-BATIMAT.png 1080w\" sizes=\"auto, (max-width: 150px) 100vw, 150px\" \/> <img loading=\"lazy\" decoding=\"async\" class=\"alignnone wp-image-50280 size-thumbnail\" src=\"https:\/\/www.buzon-world.com\/wp-content\/uploads\/2025\/12\/LOGO-GOODDESIGNAWARD-150x150.png\" alt=\"\" width=\"150\" height=\"150\" srcset=\"https:\/\/www.buzon-world.com\/wp-content\/uploads\/2025\/12\/LOGO-GOODDESIGNAWARD-150x150.png 150w, https:\/\/www.buzon-world.com\/wp-content\/uploads\/2025\/12\/LOGO-GOODDESIGNAWARD-300x300.png 300w, https:\/\/www.buzon-world.com\/wp-content\/uploads\/2025\/12\/LOGO-GOODDESIGNAWARD-1024x1024.png 1024w, https:\/\/www.buzon-world.com\/wp-content\/uploads\/2025\/12\/LOGO-GOODDESIGNAWARD-70x70.png 70w, https:\/\/www.buzon-world.com\/wp-content\/uploads\/2025\/12\/LOGO-GOODDESIGNAWARD.png 1080w\" sizes=\"auto, (max-width: 150px) 100vw, 150px\" \/><\/p>\n<\/div><\/div><div class=\"w-separator size_medium\"><\/div><div class=\"wpb_text_column\"><div class=\"wpb_wrapper\"><h2>NA\u0160E MEZIN\u00c1RODN\u00cd CERTIFIKACE<\/h2>\n<p>Na\u0161e mezin\u00e1rodn\u00ed certifikace, jako nap\u0159\u00edklad ICC ES ve Spojen\u00fdch st\u00e1tech nebo BBA ve Velk\u00e9 Brit\u00e1nii, potvrzuj\u00ed n\u00e1\u0161 z\u00e1vazek dodr\u017eovat celosv\u011btov\u011b uzn\u00e1van\u00e9 normy kvality a v\u00fdkonnosti.<\/p>\n<p><img loading=\"lazy\" decoding=\"async\" class=\"alignnone wp-image-50283 size-thumbnail\" src=\"https:\/\/www.buzon-world.com\/wp-content\/uploads\/2025\/12\/LOGO-ICC-150x150.png\" alt=\"\" width=\"150\" height=\"150\" srcset=\"https:\/\/www.buzon-world.com\/wp-content\/uploads\/2025\/12\/LOGO-ICC-150x150.png 150w, https:\/\/www.buzon-world.com\/wp-content\/uploads\/2025\/12\/LOGO-ICC-300x300.png 300w, https:\/\/www.buzon-world.com\/wp-content\/uploads\/2025\/12\/LOGO-ICC-1024x1024.png 1024w, https:\/\/www.buzon-world.com\/wp-content\/uploads\/2025\/12\/LOGO-ICC-70x70.png 70w, https:\/\/www.buzon-world.com\/wp-content\/uploads\/2025\/12\/LOGO-ICC.png 1080w\" sizes=\"auto, (max-width: 150px) 100vw, 150px\" \/><img loading=\"lazy\" decoding=\"async\" class=\"alignnone wp-image-50284 size-thumbnail\" src=\"https:\/\/www.buzon-world.com\/wp-content\/uploads\/2025\/12\/LOGO-BBA-150x150.png\" alt=\"\" width=\"150\" height=\"150\" srcset=\"https:\/\/www.buzon-world.com\/wp-content\/uploads\/2025\/12\/LOGO-BBA-150x150.png 150w, https:\/\/www.buzon-world.com\/wp-content\/uploads\/2025\/12\/LOGO-BBA-300x300.png 300w, https:\/\/www.buzon-world.com\/wp-content\/uploads\/2025\/12\/LOGO-BBA-1024x1024.png 1024w, https:\/\/www.buzon-world.com\/wp-content\/uploads\/2025\/12\/LOGO-BBA-70x70.png 70w, https:\/\/www.buzon-world.com\/wp-content\/uploads\/2025\/12\/LOGO-BBA.png 1080w\" sizes=\"auto, (max-width: 150px) 100vw, 150px\" \/><\/p>\n<\/div><\/div><\/div><\/div><\/div><div class=\"vc_col-sm-6 wpb_column vc_column_container\"><div class=\"vc_column-inner\"><div class=\"wpb_wrapper\"><div class=\"w-image has_ratio align_none\"><div class=\"w-image-h\"><div style=\"padding-bottom:50.9434%\"><\/div><img decoding=\"async\" width=\"1024\" height=\"768\" src=\"https:\/\/www.buzon-world.com\/wp-content\/uploads\/2023\/12\/pepiniere-1024x768.jpg\" class=\"attachment-large size-large\" alt=\"\" loading=\"lazy\" \/><\/div><\/div><div class=\"w-separator size_medium\"><\/div><div class=\"wpb_text_column\"><div class=\"wpb_wrapper\"><h2 class=\"p1\">Z\u00c1VAZEK OHLEDU NA<br \/>\n\u017dIVOTN\u00cd PROST\u0158ED\u00cd<\/h2>\n<p data-start=\"131\" data-end=\"379\">S ohledem na snahu sn\u00ed\u017eit n\u00e1\u0161 dopad na \u017eivotn\u00ed prost\u0159ed\u00ed se zavazujeme neust\u00e1le integrovat ochranu a zachov\u00e1n\u00ed \u017eivotn\u00edho prost\u0159ed\u00ed do navrhov\u00e1n\u00ed, v\u00fdroby a distribuce na\u0161ich produkt\u016f, stejn\u011b jako do ka\u017edodenn\u00edho \u0159\u00edzen\u00ed na\u0161ich \u010dinnost\u00ed.<\/p>\n<p data-start=\"381\" data-end=\"476\">Aby spole\u010dnost Buzon Pedestal International naplnila toto posl\u00e1n\u00ed, zam\u011b\u0159uje sv\u00e9 kroky na:<\/p>\n<ul data-start=\"477\" data-end=\"705\">\n<li data-start=\"477\" data-end=\"534\">\n<p data-start=\"479\" data-end=\"534\">zodpov\u011bdn\u00e9 vyu\u017e\u00edv\u00e1n\u00ed energie a p\u0159\u00edrodn\u00edch zdroj\u016f,<\/p>\n<\/li>\n<li data-start=\"535\" data-end=\"596\">\n<p data-start=\"537\" data-end=\"596\">sni\u017eov\u00e1n\u00ed produkce odpadu a zlep\u0161en\u00ed syst\u00e9mu t\u0159\u00edd\u011bn\u00ed,<\/p>\n<\/li>\n<li data-start=\"597\" data-end=\"642\">\n<p data-start=\"599\" data-end=\"642\">zaveden\u00ed udr\u017eiteln\u00e9 n\u00e1kupn\u00ed politiky,<\/p>\n<\/li>\n<li data-start=\"643\" data-end=\"705\">\n<p data-start=\"645\" data-end=\"705\">prevenci zne\u010di\u0161t\u011bn\u00ed a dal\u0161\u00edch environment\u00e1ln\u00edch rizik.<\/p>\n<\/li>\n<\/ul>\n<p data-start=\"707\" data-end=\"917\">V roce 2019 jsme tak\u00e9 z\u00edskali certifikaci ISO 14001. Tato mezin\u00e1rodn\u00ed norma potvrzuje n\u00e1\u0161 z\u00e1vazek neust\u00e1le zlep\u0161ovat na\u0161i environment\u00e1ln\u00ed v\u00fdkonnost a dodr\u017eovat platn\u00e9 pr\u00e1vn\u00ed a regula\u010dn\u00ed po\u017eadavky.<\/p>\n<\/div><\/div><div class=\"w-separator size_large\"><\/div><div class=\"wpb_text_column\"><div class=\"wpb_wrapper\"><h2>KONEC \u017dIVOTNOSTI V\u00ddROBK\u016e Z POLYPROPYLENU: RECYKLACE A ODPOV\u011aDNOST<\/h2>\n<p>Jsme hrd\u00ed na v\u00fdrobu v\u00fdrobk\u016f z polypropylenu, materi\u00e1lu zn\u00e1m\u00e9ho svou lehkost\u00ed, pevnost\u00ed a v\u0161estrannost\u00ed. Jsme si v\u0161ak tak\u00e9 v\u011bdomi d\u016fle\u017eitosti spr\u00e1vn\u00e9ho nakl\u00e1d\u00e1n\u00ed s t\u011bmito v\u00fdrobky na konci jejich \u017eivotn\u00edho cyklu, abychom minimalizovali jejich dopad na \u017eivotn\u00ed prost\u0159ed\u00ed.<\/p>\n<h3>Co d\u011blat na konci \u017eivotnosti?<\/h3>\n<p>Kdy\u017e v\u00e1\u0161 v\u00fdrobek z polypropylenu dos\u00e1hne konce sv\u00e9ho \u017eivotn\u00edho cyklu, je d\u016fle\u017eit\u00e9 dodr\u017eet n\u011bkolik jednoduch\u00fdch krok\u016f, aby byl spr\u00e1vn\u011b recyklov\u00e1n:<\/p>\n<ul>\n<li><strong>T\u0159\u00edd\u011bn\u00ed odpadu<\/strong>: Polypropylen (PP) je recyklovateln\u00fd plast. P\u0159ed vyhozen\u00edm se ujist\u011bte, \u017ee jej um\u00edst\u00edte do spr\u00e1vn\u00fdch kontejner\u016f na t\u0159\u00edd\u011bn\u00fd odpad. Pod\u00edvejte se na m\u00edstn\u00ed pokyny pro specifick\u00e9 informace ve va\u0161\u00ed oblasti.<\/li>\n<li><strong>Sb\u011brn\u00e9 m\u00edsto<\/strong>: Mnoho obc\u00ed m\u00e1 sb\u011brn\u00e9 dvory nebo recykla\u010dn\u00ed st\u0159ediska, kde lze recyklovat plasty, v\u010detn\u011b polypropylenu. Nebojte se vyu\u017e\u00edt tato sb\u011brn\u00e1 m\u00edsta.<\/li>\n<li><strong>Zodpov\u011bdn\u00fd z\u00e1vazek<\/strong>: Jako firma se zavazujeme podporovat recykla\u010dn\u00ed iniciativy. Polypropylen je materi\u00e1l, kter\u00fd lze op\u011btovn\u011b pou\u017e\u00edt k v\u00fdrob\u011b nov\u00fdch produkt\u016f, \u010d\u00edm\u017e se sni\u017euje popt\u00e1vka po surovin\u00e1ch.<\/li>\n<\/ul>\n<h3>Pro\u010d recyklovat polypropylen?<\/h3>\n<ul>\n<li><strong>Cirkul\u00e1rn\u00ed ekonomika<\/strong>: Recyklac\u00ed dost\u00e1v\u00e1 polypropylen nov\u00fd \u017eivot, proto\u017ee z pou\u017eit\u00fdch v\u00fdrobk\u016f vznikaj\u00ed nov\u00e9 u\u017eite\u010dn\u00e9 zdroje.<\/li>\n<li><strong>Sn\u00ed\u017een\u00ed mno\u017estv\u00ed odpadu<\/strong>: Recyklac\u00ed p\u0159isp\u00edv\u00e1te ke sn\u00ed\u017een\u00ed mno\u017estv\u00ed odpadu, kter\u00fd se ukl\u00e1d\u00e1 na skl\u00e1dky, a t\u00edm sni\u017eujete celkovou ekologickou stopu.<\/li>\n<li><strong>Ochrana zdroj\u016f<\/strong>: P\u0159i recyklaci polypropylenu je pot\u0159eba m\u00e9n\u011b surovin, co\u017e pom\u00e1h\u00e1 chr\u00e1nit p\u0159\u00edrodn\u00ed zdroje.<\/li>\n<\/ul>\n<p><img loading=\"lazy\" decoding=\"async\" class=\"alignnone wp-image-50281 size-thumbnail\" src=\"https:\/\/www.buzon-world.com\/wp-content\/uploads\/2025\/12\/LOGO-ISO14001-150x150.png\" alt=\"\" width=\"150\" height=\"150\" srcset=\"https:\/\/www.buzon-world.com\/wp-content\/uploads\/2025\/12\/LOGO-ISO14001-150x150.png 150w, https:\/\/www.buzon-world.com\/wp-content\/uploads\/2025\/12\/LOGO-ISO14001-300x300.png 300w, https:\/\/www.buzon-world.com\/wp-content\/uploads\/2025\/12\/LOGO-ISO14001-1024x1024.png 1024w, https:\/\/www.buzon-world.com\/wp-content\/uploads\/2025\/12\/LOGO-ISO14001-70x70.png 70w, https:\/\/www.buzon-world.com\/wp-content\/uploads\/2025\/12\/LOGO-ISO14001.png 1080w\" sizes=\"auto, (max-width: 150px) 100vw, 150px\" \/><\/p>\n<\/div><\/div><div class=\"w-separator size_medium\"><\/div><\/div><\/div><\/div><\/div><\/div><\/section>\n","protected":false},"excerpt":{"rendered":"[vc_raw_html]JTVCd3BzZW9fYnJlYWRjcnVtYiU1RCUwQQ==[\/vc_raw_html]Na\u0161e z\u00e1vazky 100% VYROBENO V EVROP\u011a V\u0161echny na\u0161e rektifika\u010dn\u00ed ter\u010de jsou navrhov\u00e1ny a vyr\u00e1b\u011bny v Evrop\u011b. Na\u0161e odd\u011blen\u00ed v\u00fdzkumu a v\u00fdvoje neust\u00e1le usilovn\u011b pracuje na tom, aby na\u0161im z\u00e1kazn\u00edk\u016fm poskytlo \u0161pi\u010dkovou podporu a \u0159e\u0161en\u00ed v oblasti stavby teras. Z\u00c1VAZEK KVALITY Kvalita na\u0161ich v\u00fdrobk\u016f a va\u0161e spokojenost jsou pro n\u00e1s tou nejvy\u0161\u0161\u00ed prioritou. Spole\u010dnost Buzon\u00ae je...","protected":false},"author":1,"featured_media":0,"parent":20357,"menu_order":2,"comment_status":"closed","ping_status":"closed","template":"","meta":{"_acf_changed":false,"footnotes":""},"accesories_category":[],"sizes":[],"plot_serie":[],"accesories_category_type":[],"accessories_categories_subtype":[],"accessories_categories_applica":[],"class_list":["post-20369","page","type-page","status-publish","hentry"],"acf":[],"yoast_head":"<!-- This site is optimized with the Yoast SEO plugin v27.4 - https:\/\/yoast.com\/product\/yoast-seo-wordpress\/ -->\n<title>Na\u0161e z\u00e1vazky, vize a hodnoty | Buzon<\/title>\n<meta name=\"description\" content=\"Z\u00e1vazky spole\u010dnosti Buzon: Spokojenost z\u00e1kazn\u00edk\u016f. Kvalitn\u00ed, inovativn\u00ed, 100% recyklovateln\u00e9 produkty z recyklovan\u00e9ho materi\u00e1lu. Uhl\u00edkov\u00e1 neutralita.\" \/>\n<meta name=\"robots\" content=\"index, follow, max-snippet:-1, max-image-preview:large, max-video-preview:-1\" \/>\n<link rel=\"canonical\" href=\"https:\/\/www.buzon-world.com\/cs\/o-nas\/nase-zavazky\/\" \/>\n<meta property=\"og:locale\" content=\"cs_CZ\" \/>\n<meta property=\"og:type\" content=\"article\" \/>\n<meta property=\"og:title\" content=\"Na\u0161e z\u00e1vazky, vize a hodnoty | Buzon\" \/>\n<meta property=\"og:description\" content=\"Z\u00e1vazky spole\u010dnosti Buzon: Spokojenost z\u00e1kazn\u00edk\u016f. Kvalitn\u00ed, inovativn\u00ed, 100% recyklovateln\u00e9 produkty z recyklovan\u00e9ho materi\u00e1lu. Uhl\u00edkov\u00e1 neutralita.\" \/>\n<meta property=\"og:url\" content=\"https:\/\/www.buzon-world.com\/cs\/o-nas\/nase-zavazky\/\" \/>\n<meta property=\"og:site_name\" content=\"Buzon\" \/>\n<meta property=\"article:modified_time\" content=\"2025-12-15T15:21:04+00:00\" \/>\n<meta property=\"og:image\" content=\"https:\/\/www.buzon-world.com\/wp-content\/uploads\/2025\/12\/LOGO-Made-In-Europe-150x150.png\" \/>\n<meta name=\"twitter:card\" content=\"summary_large_image\" \/>\n<meta name=\"twitter:label1\" content=\"Odhadovan\u00e1 doba \u010dten\u00ed\" \/>\n\t<meta name=\"twitter:data1\" content=\"4 minuty\" \/>\n<script type=\"application\/ld+json\" class=\"yoast-schema-graph\">{\"@context\":\"https:\\\/\\\/schema.org\",\"@graph\":[{\"@type\":\"WebPage\",\"@id\":\"https:\\\/\\\/www.buzon-world.com\\\/cs\\\/o-nas\\\/nase-zavazky\\\/\",\"url\":\"https:\\\/\\\/www.buzon-world.com\\\/cs\\\/o-nas\\\/nase-zavazky\\\/\",\"name\":\"Na\u0161e z\u00e1vazky, vize a hodnoty | Buzon\",\"isPartOf\":{\"@id\":\"https:\\\/\\\/www.buzon-world.com\\\/cs\\\/#website\"},\"primaryImageOfPage\":{\"@id\":\"https:\\\/\\\/www.buzon-world.com\\\/cs\\\/o-nas\\\/nase-zavazky\\\/#primaryimage\"},\"image\":{\"@id\":\"https:\\\/\\\/www.buzon-world.com\\\/cs\\\/o-nas\\\/nase-zavazky\\\/#primaryimage\"},\"thumbnailUrl\":\"https:\\\/\\\/www.buzon-world.com\\\/wp-content\\\/uploads\\\/2025\\\/12\\\/LOGO-Made-In-Europe-150x150.png\",\"datePublished\":\"2022-07-05T13:50:11+00:00\",\"dateModified\":\"2025-12-15T15:21:04+00:00\",\"description\":\"Z\u00e1vazky spole\u010dnosti Buzon: Spokojenost z\u00e1kazn\u00edk\u016f. Kvalitn\u00ed, inovativn\u00ed, 100% recyklovateln\u00e9 produkty z recyklovan\u00e9ho materi\u00e1lu. Uhl\u00edkov\u00e1 neutralita.\",\"breadcrumb\":{\"@id\":\"https:\\\/\\\/www.buzon-world.com\\\/cs\\\/o-nas\\\/nase-zavazky\\\/#breadcrumb\"},\"inLanguage\":\"cs\",\"potentialAction\":[{\"@type\":\"ReadAction\",\"target\":[\"https:\\\/\\\/www.buzon-world.com\\\/cs\\\/o-nas\\\/nase-zavazky\\\/\"]}]},{\"@type\":\"ImageObject\",\"inLanguage\":\"cs\",\"@id\":\"https:\\\/\\\/www.buzon-world.com\\\/cs\\\/o-nas\\\/nase-zavazky\\\/#primaryimage\",\"url\":\"https:\\\/\\\/www.buzon-world.com\\\/wp-content\\\/uploads\\\/2025\\\/12\\\/LOGO-Made-In-Europe-150x150.png\",\"contentUrl\":\"https:\\\/\\\/www.buzon-world.com\\\/wp-content\\\/uploads\\\/2025\\\/12\\\/LOGO-Made-In-Europe-150x150.png\"},{\"@type\":\"BreadcrumbList\",\"@id\":\"https:\\\/\\\/www.buzon-world.com\\\/cs\\\/o-nas\\\/nase-zavazky\\\/#breadcrumb\",\"itemListElement\":[{\"@type\":\"ListItem\",\"position\":1,\"name\":\"Home\",\"item\":\"https:\\\/\\\/www.buzon-world.com\\\/cs\\\/\"},{\"@type\":\"ListItem\",\"position\":2,\"name\":\"O n\u00e1s\",\"item\":\"https:\\\/\\\/www.buzon-world.com\\\/cs\\\/o-nas\\\/\"},{\"@type\":\"ListItem\",\"position\":3,\"name\":\"Na\u0161e z\u00e1vazky\"}]},{\"@type\":\"WebSite\",\"@id\":\"https:\\\/\\\/www.buzon-world.com\\\/cs\\\/#website\",\"url\":\"https:\\\/\\\/www.buzon-world.com\\\/cs\\\/\",\"name\":\"Buzon\",\"description\":\"Just another WordPress site\",\"potentialAction\":[{\"@type\":\"SearchAction\",\"target\":{\"@type\":\"EntryPoint\",\"urlTemplate\":\"https:\\\/\\\/www.buzon-world.com\\\/cs\\\/?s={search_term_string}\"},\"query-input\":{\"@type\":\"PropertyValueSpecification\",\"valueRequired\":true,\"valueName\":\"search_term_string\"}}],\"inLanguage\":\"cs\"}]}<\/script>\n<!-- \/ Yoast SEO plugin. -->","yoast_head_json":{"title":"Na\u0161e z\u00e1vazky, vize a hodnoty | Buzon","description":"Z\u00e1vazky spole\u010dnosti Buzon: Spokojenost z\u00e1kazn\u00edk\u016f. Kvalitn\u00ed, inovativn\u00ed, 100% recyklovateln\u00e9 produkty z recyklovan\u00e9ho materi\u00e1lu. Uhl\u00edkov\u00e1 neutralita.","robots":{"index":"index","follow":"follow","max-snippet":"max-snippet:-1","max-image-preview":"max-image-preview:large","max-video-preview":"max-video-preview:-1"},"canonical":"https:\/\/www.buzon-world.com\/cs\/o-nas\/nase-zavazky\/","og_locale":"cs_CZ","og_type":"article","og_title":"Na\u0161e z\u00e1vazky, vize a hodnoty | Buzon","og_description":"Z\u00e1vazky spole\u010dnosti Buzon: Spokojenost z\u00e1kazn\u00edk\u016f. Kvalitn\u00ed, inovativn\u00ed, 100% recyklovateln\u00e9 produkty z recyklovan\u00e9ho materi\u00e1lu. Uhl\u00edkov\u00e1 neutralita.","og_url":"https:\/\/www.buzon-world.com\/cs\/o-nas\/nase-zavazky\/","og_site_name":"Buzon","article_modified_time":"2025-12-15T15:21:04+00:00","og_image":[{"url":"https:\/\/www.buzon-world.com\/wp-content\/uploads\/2025\/12\/LOGO-Made-In-Europe-150x150.png","type":"","width":"","height":""}],"twitter_card":"summary_large_image","twitter_misc":{"Odhadovan\u00e1 doba \u010dten\u00ed":"4 minuty"},"schema":{"@context":"https:\/\/schema.org","@graph":[{"@type":"WebPage","@id":"https:\/\/www.buzon-world.com\/cs\/o-nas\/nase-zavazky\/","url":"https:\/\/www.buzon-world.com\/cs\/o-nas\/nase-zavazky\/","name":"Na\u0161e z\u00e1vazky, vize a hodnoty | Buzon","isPartOf":{"@id":"https:\/\/www.buzon-world.com\/cs\/#website"},"primaryImageOfPage":{"@id":"https:\/\/www.buzon-world.com\/cs\/o-nas\/nase-zavazky\/#primaryimage"},"image":{"@id":"https:\/\/www.buzon-world.com\/cs\/o-nas\/nase-zavazky\/#primaryimage"},"thumbnailUrl":"https:\/\/www.buzon-world.com\/wp-content\/uploads\/2025\/12\/LOGO-Made-In-Europe-150x150.png","datePublished":"2022-07-05T13:50:11+00:00","dateModified":"2025-12-15T15:21:04+00:00","description":"Z\u00e1vazky spole\u010dnosti Buzon: Spokojenost z\u00e1kazn\u00edk\u016f. Kvalitn\u00ed, inovativn\u00ed, 100% recyklovateln\u00e9 produkty z recyklovan\u00e9ho materi\u00e1lu. Uhl\u00edkov\u00e1 neutralita.","breadcrumb":{"@id":"https:\/\/www.buzon-world.com\/cs\/o-nas\/nase-zavazky\/#breadcrumb"},"inLanguage":"cs","potentialAction":[{"@type":"ReadAction","target":["https:\/\/www.buzon-world.com\/cs\/o-nas\/nase-zavazky\/"]}]},{"@type":"ImageObject","inLanguage":"cs","@id":"https:\/\/www.buzon-world.com\/cs\/o-nas\/nase-zavazky\/#primaryimage","url":"https:\/\/www.buzon-world.com\/wp-content\/uploads\/2025\/12\/LOGO-Made-In-Europe-150x150.png","contentUrl":"https:\/\/www.buzon-world.com\/wp-content\/uploads\/2025\/12\/LOGO-Made-In-Europe-150x150.png"},{"@type":"BreadcrumbList","@id":"https:\/\/www.buzon-world.com\/cs\/o-nas\/nase-zavazky\/#breadcrumb","itemListElement":[{"@type":"ListItem","position":1,"name":"Home","item":"https:\/\/www.buzon-world.com\/cs\/"},{"@type":"ListItem","position":2,"name":"O n\u00e1s","item":"https:\/\/www.buzon-world.com\/cs\/o-nas\/"},{"@type":"ListItem","position":3,"name":"Na\u0161e z\u00e1vazky"}]},{"@type":"WebSite","@id":"https:\/\/www.buzon-world.com\/cs\/#website","url":"https:\/\/www.buzon-world.com\/cs\/","name":"Buzon","description":"Just another WordPress site","potentialAction":[{"@type":"SearchAction","target":{"@type":"EntryPoint","urlTemplate":"https:\/\/www.buzon-world.com\/cs\/?s={search_term_string}"},"query-input":{"@type":"PropertyValueSpecification","valueRequired":true,"valueName":"search_term_string"}}],"inLanguage":"cs"}]}},"_links":{"self":[{"href":"https:\/\/www.buzon-world.com\/cs\/wp-json\/wp\/v2\/pages\/20369","targetHints":{"allow":["GET"]}}],"collection":[{"href":"https:\/\/www.buzon-world.com\/cs\/wp-json\/wp\/v2\/pages"}],"about":[{"href":"https:\/\/www.buzon-world.com\/cs\/wp-json\/wp\/v2\/types\/page"}],"author":[{"embeddable":true,"href":"https:\/\/www.buzon-world.com\/cs\/wp-json\/wp\/v2\/users\/1"}],"replies":[{"embeddable":true,"href":"https:\/\/www.buzon-world.com\/cs\/wp-json\/wp\/v2\/comments?post=20369"}],"version-history":[{"count":10,"href":"https:\/\/www.buzon-world.com\/cs\/wp-json\/wp\/v2\/pages\/20369\/revisions"}],"predecessor-version":[{"id":50325,"href":"https:\/\/www.buzon-world.com\/cs\/wp-json\/wp\/v2\/pages\/20369\/revisions\/50325"}],"up":[{"embeddable":true,"href":"https:\/\/www.buzon-world.com\/cs\/wp-json\/wp\/v2\/pages\/20357"}],"wp:attachment":[{"href":"https:\/\/www.buzon-world.com\/cs\/wp-json\/wp\/v2\/media?parent=20369"}],"wp:term":[{"taxonomy":"accesories_category","embeddable":true,"href":"https:\/\/www.buzon-world.com\/cs\/wp-json\/wp\/v2\/accesories_category?post=20369"},{"taxonomy":"sizes","embeddable":true,"href":"https:\/\/www.buzon-world.com\/cs\/wp-json\/wp\/v2\/sizes?post=20369"},{"taxonomy":"plot_serie","embeddable":true,"href":"https:\/\/www.buzon-world.com\/cs\/wp-json\/wp\/v2\/plot_serie?post=20369"},{"taxonomy":"accesories_category_type","embeddable":true,"href":"https:\/\/www.buzon-world.com\/cs\/wp-json\/wp\/v2\/accesories_category_type?post=20369"},{"taxonomy":"accessories_categories_subtype","embeddable":true,"href":"https:\/\/www.buzon-world.com\/cs\/wp-json\/wp\/v2\/accessories_categories_subtype?post=20369"},{"taxonomy":"accessories_categories_applica","embeddable":true,"href":"https:\/\/www.buzon-world.com\/cs\/wp-json\/wp\/v2\/accessories_categories_applica?post=20369"}],"curies":[{"name":"wp","href":"https:\/\/api.w.org\/{rel}","templated":true}]}}