{"id":20423,"date":"2022-07-05T15:42:00","date_gmt":"2022-07-05T13:42:00","guid":{"rendered":"https:\/\/www.buzon-world.com\/applications\/"},"modified":"2025-11-12T17:15:49","modified_gmt":"2025-11-12T15:15:49","slug":"pouziti","status":"publish","type":"page","link":"https:\/\/www.buzon-world.com\/cs\/pouziti\/","title":{"rendered":"Pou\u017eit\u00ed"},"content":{"rendered":"<section class=\"l-section wpb_row yellowhoverlinks blacksqgrid3 height_medium\"><div class=\"l-section-h i-cf\"><div class=\"g-cols vc_row via_flex valign_top type_default stacking_default\"><div class=\"vc_col-sm-4 wpb_column vc_column_container\"><div class=\"vc_column-inner\"><div class=\"wpb_wrapper\"><div class=\"w-image has_ratio align_none\"><div class=\"w-image-h\"><div style=\"padding-bottom:50.9434%\"><\/div><img decoding=\"async\" width=\"770\" height=\"330\" src=\"https:\/\/www.buzon-world.com\/wp-content\/uploads\/2023\/05\/menu-applications-PRIVE.png\" class=\"attachment-large size-large\" alt=\"\" loading=\"lazy\" \/><\/div><\/div><div class=\"wpb_text_column us_custom_3b8f9481 longline\"><div class=\"wpb_wrapper\"><h3>Reziden\u010dn\u00ed terasy<\/h3>\n<\/div><\/div><div class=\"wpb_text_column\"><div class=\"wpb_wrapper\"><p><strong>PB S\u00e9rie<\/strong><\/p>\n<p class=\"Standard\"><a href=\"https:\/\/www.buzon-world.com\/cs\/pouziti\/rezidencni-terasy\/terasa-z-dlazby-na-tercich\/\"><span lang=\"CS\">Terasa z dla\u017eby na ter\u010d\u00edch<\/span><\/a><br \/>\n<a href=\"https:\/\/www.buzon-world.com\/cs\/pouziti\/rezidencni-terasy\/terasa-z-dlazby-na-alu-profilech\/\"><span lang=\"CS\">Terasa z dla\u017eby na hlin\u00edkov\u00fdch profilech<\/span><\/a><br \/>\n<a href=\"https:\/\/www.buzon-world.com\/cs\/pouziti\/rezidencni-terasy\/drevena-nebo-wpc-terasa\/\"><span lang=\"CS\">D\u0159ev\u011bn\u00e1 nebo WPC terasa<\/span><\/a><\/p>\n<\/div><\/div><\/div><\/div><\/div><div class=\"vc_col-sm-8 wpb_column vc_column_container\"><div class=\"vc_column-inner\"><div class=\"wpb_wrapper\"><div class=\"g-cols wpb_row via_flex valign_top type_default stacking_default\"><div class=\"vc_col-sm-12 wpb_column vc_column_container\"><div class=\"vc_column-inner\"><div class=\"wpb_wrapper\"><div class=\"w-image has_ratio align_none\"><div class=\"w-image-h\"><div style=\"padding-bottom:24.5283%\"><\/div><img decoding=\"async\" width=\"770\" height=\"330\" src=\"https:\/\/www.buzon-world.com\/wp-content\/uploads\/2023\/05\/menu-applications-PUBLIC.png\" class=\"attachment-large size-large\" alt=\"\" loading=\"lazy\" \/><\/div><\/div><\/div><\/div><\/div><\/div><div class=\"wpb_text_column us_custom_3b8f9481 longline\"><div class=\"wpb_wrapper\"><h3>Ve\u0159ejn\u00e9 terasy<\/h3>\n<\/div><\/div><div class=\"g-cols wpb_row via_flex valign_top type_default stacking_default\"><div class=\"vc_col-sm-6 wpb_column vc_column_container\"><div class=\"vc_column-inner\"><div class=\"wpb_wrapper\"><div class=\"wpb_text_column\"><div class=\"wpb_wrapper\"><p><strong>DPH S\u00e9rie<\/strong><\/p>\n<p class=\"Standard\"><a href=\"https:\/\/www.buzon-world.com\/cs\/pouziti\/verejne-prostory\/terasa-z-dlazby-na-tercich\/\"><span lang=\"CS\">Terasa z dla\u017eby na ter\u010d\u00edch<br \/>\n<\/span><\/a><a href=\"https:\/\/www.buzon-world.com\/cs\/pouziti\/verejne-prostory\/terasa-z-dlazby-na-alu-profilech\/\"><span lang=\"CS\">Terasa z dla\u017eby na hlin\u00edkov\u00fdch profilech<br \/>\n<\/span><\/a><a href=\"https:\/\/www.buzon-world.com\/cs\/pouziti\/verejne-prostory\/drevena-nebo-wpc-terasa\/\"><span lang=\"CS\">D\u0159ev\u011bn\u00e1 nebo WPC terasa<\/span><\/a><\/p>\n<p class=\"Standard\"><span lang=\"CS\">\u00a0<\/span><\/p>\n<\/div><\/div><\/div><\/div><\/div><div class=\"vc_col-sm-6 wpb_column vc_column_container\"><div class=\"vc_column-inner\"><div class=\"wpb_wrapper\"><div class=\"wpb_text_column\"><div class=\"wpb_wrapper\"><p><strong>PB S\u00e9rie<\/strong><\/p>\n<p class=\"Standard\"><a href=\"https:\/\/www.buzon-world.com\/cs\/pouziti\/rezidencni-terasy\/terasa-z-dlazby-na-tercich\/\"><span lang=\"CS\">Terasa z dla\u017eby na ter\u010d\u00edch<\/span><\/a><br \/>\n<a href=\"https:\/\/www.buzon-world.com\/cs\/pouziti\/rezidencni-terasy\/terasa-z-dlazby-na-alu-profilech\/\"><span lang=\"CS\">Terasa z dla\u017eby na hlin\u00edkov\u00fdch profilech<\/span><\/a><br \/>\n<a href=\"https:\/\/www.buzon-world.com\/cs\/pouziti\/rezidencni-terasy\/drevena-nebo-wpc-terasa\/\"><span lang=\"CS\">D\u0159ev\u011bn\u00e1 nebo WPC terasa<\/span><\/a><\/p>\n<\/div><\/div><\/div><\/div><\/div><\/div><\/div><\/div><\/div><\/div><\/div><\/section>\n","protected":false},"excerpt":{"rendered":"Reziden\u010dn\u00ed terasy PB S\u00e9rie Terasa z dla\u017eby na ter\u010d\u00edch Terasa z dla\u017eby na hlin\u00edkov\u00fdch profilech D\u0159ev\u011bn\u00e1 nebo WPC terasa Ve\u0159ejn\u00e9 terasy DPH S\u00e9rie Terasa z dla\u017eby na ter\u010d\u00edch Terasa z dla\u017eby na hlin\u00edkov\u00fdch profilech D\u0159ev\u011bn\u00e1 nebo WPC terasa \u00a0 PB S\u00e9rie Terasa z dla\u017eby na ter\u010d\u00edch Terasa z dla\u017eby na hlin\u00edkov\u00fdch profilech D\u0159ev\u011bn\u00e1 nebo WPC...","protected":false},"author":1,"featured_media":0,"parent":0,"menu_order":7,"comment_status":"closed","ping_status":"closed","template":"","meta":{"_acf_changed":false,"footnotes":""},"accesories_category":[],"sizes":[],"plot_serie":[],"accesories_category_type":[],"accessories_categories_subtype":[],"accessories_categories_applica":[],"class_list":["post-20423","page","type-page","status-publish","hentry"],"acf":[],"yoast_head":"<!-- This site is optimized with the Yoast SEO plugin v27.1.1 - https:\/\/yoast.com\/product\/yoast-seo-wordpress\/ -->\n<title>Pou\u017eit\u00ed syst\u00e9m\u016f Buzon | Terasy, st\u0159echy, ve\u0159ejn\u00e9 prostory<\/title>\n<meta name=\"description\" content=\"Syst\u00e9my Buzon pro r\u016fzn\u00e9 aplikace: terasy, st\u0159echy, ve\u0159ejn\u00e9 prostory. Flexibiln\u00ed, odoln\u00e9 a snadno instalovateln\u00e9 \u0159e\u0161en\u00ed.\" \/>\n<meta name=\"robots\" content=\"index, follow, max-snippet:-1, max-image-preview:large, max-video-preview:-1\" \/>\n<link rel=\"canonical\" href=\"https:\/\/www.buzon-world.com\/cs\/pouziti\/\" \/>\n<meta property=\"og:locale\" content=\"cs_CZ\" \/>\n<meta property=\"og:type\" content=\"article\" \/>\n<meta property=\"og:title\" content=\"Pou\u017eit\u00ed syst\u00e9m\u016f Buzon | Terasy, st\u0159echy, ve\u0159ejn\u00e9 prostory\" \/>\n<meta property=\"og:description\" content=\"Syst\u00e9my Buzon pro r\u016fzn\u00e9 aplikace: terasy, st\u0159echy, ve\u0159ejn\u00e9 prostory. Flexibiln\u00ed, odoln\u00e9 a snadno instalovateln\u00e9 \u0159e\u0161en\u00ed.\" \/>\n<meta property=\"og:url\" content=\"https:\/\/www.buzon-world.com\/cs\/pouziti\/\" \/>\n<meta property=\"og:site_name\" content=\"Buzon\" \/>\n<meta property=\"article:modified_time\" content=\"2025-11-12T15:15:49+00:00\" \/>\n<meta name=\"twitter:card\" content=\"summary_large_image\" \/>\n<meta name=\"twitter:label1\" content=\"Odhadovan\u00e1 doba \u010dten\u00ed\" \/>\n\t<meta name=\"twitter:data1\" content=\"1 minuta\" \/>\n<script type=\"application\/ld+json\" class=\"yoast-schema-graph\">{\"@context\":\"https:\/\/schema.org\",\"@graph\":[{\"@type\":\"WebPage\",\"@id\":\"https:\/\/www.buzon-world.com\/cs\/pouziti\/\",\"url\":\"https:\/\/www.buzon-world.com\/cs\/pouziti\/\",\"name\":\"Pou\u017eit\u00ed syst\u00e9m\u016f Buzon | Terasy, st\u0159echy, ve\u0159ejn\u00e9 prostory\",\"isPartOf\":{\"@id\":\"https:\/\/www.buzon-world.com\/cs\/#website\"},\"datePublished\":\"2022-07-05T13:42:00+00:00\",\"dateModified\":\"2025-11-12T15:15:49+00:00\",\"description\":\"Syst\u00e9my Buzon pro r\u016fzn\u00e9 aplikace: terasy, st\u0159echy, ve\u0159ejn\u00e9 prostory. Flexibiln\u00ed, odoln\u00e9 a snadno instalovateln\u00e9 \u0159e\u0161en\u00ed.\",\"breadcrumb\":{\"@id\":\"https:\/\/www.buzon-world.com\/cs\/pouziti\/#breadcrumb\"},\"inLanguage\":\"cs\",\"potentialAction\":[{\"@type\":\"ReadAction\",\"target\":[\"https:\/\/www.buzon-world.com\/cs\/pouziti\/\"]}]},{\"@type\":\"BreadcrumbList\",\"@id\":\"https:\/\/www.buzon-world.com\/cs\/pouziti\/#breadcrumb\",\"itemListElement\":[{\"@type\":\"ListItem\",\"position\":1,\"name\":\"Home\",\"item\":\"https:\/\/www.buzon-world.com\/cs\/\"},{\"@type\":\"ListItem\",\"position\":2,\"name\":\"Pou\u017eit\u00ed\"}]},{\"@type\":\"WebSite\",\"@id\":\"https:\/\/www.buzon-world.com\/cs\/#website\",\"url\":\"https:\/\/www.buzon-world.com\/cs\/\",\"name\":\"Buzon\",\"description\":\"Just another WordPress site\",\"potentialAction\":[{\"@type\":\"SearchAction\",\"target\":{\"@type\":\"EntryPoint\",\"urlTemplate\":\"https:\/\/www.buzon-world.com\/cs\/?s={search_term_string}\"},\"query-input\":{\"@type\":\"PropertyValueSpecification\",\"valueRequired\":true,\"valueName\":\"search_term_string\"}}],\"inLanguage\":\"cs\"}]}<\/script>\n<!-- \/ Yoast SEO plugin. -->","yoast_head_json":{"title":"Pou\u017eit\u00ed syst\u00e9m\u016f Buzon | Terasy, st\u0159echy, ve\u0159ejn\u00e9 prostory","description":"Syst\u00e9my Buzon pro r\u016fzn\u00e9 aplikace: terasy, st\u0159echy, ve\u0159ejn\u00e9 prostory. Flexibiln\u00ed, odoln\u00e9 a snadno instalovateln\u00e9 \u0159e\u0161en\u00ed.","robots":{"index":"index","follow":"follow","max-snippet":"max-snippet:-1","max-image-preview":"max-image-preview:large","max-video-preview":"max-video-preview:-1"},"canonical":"https:\/\/www.buzon-world.com\/cs\/pouziti\/","og_locale":"cs_CZ","og_type":"article","og_title":"Pou\u017eit\u00ed syst\u00e9m\u016f Buzon | Terasy, st\u0159echy, ve\u0159ejn\u00e9 prostory","og_description":"Syst\u00e9my Buzon pro r\u016fzn\u00e9 aplikace: terasy, st\u0159echy, ve\u0159ejn\u00e9 prostory. Flexibiln\u00ed, odoln\u00e9 a snadno instalovateln\u00e9 \u0159e\u0161en\u00ed.","og_url":"https:\/\/www.buzon-world.com\/cs\/pouziti\/","og_site_name":"Buzon","article_modified_time":"2025-11-12T15:15:49+00:00","twitter_card":"summary_large_image","twitter_misc":{"Odhadovan\u00e1 doba \u010dten\u00ed":"1 minuta"},"schema":{"@context":"https:\/\/schema.org","@graph":[{"@type":"WebPage","@id":"https:\/\/www.buzon-world.com\/cs\/pouziti\/","url":"https:\/\/www.buzon-world.com\/cs\/pouziti\/","name":"Pou\u017eit\u00ed syst\u00e9m\u016f Buzon | Terasy, st\u0159echy, ve\u0159ejn\u00e9 prostory","isPartOf":{"@id":"https:\/\/www.buzon-world.com\/cs\/#website"},"datePublished":"2022-07-05T13:42:00+00:00","dateModified":"2025-11-12T15:15:49+00:00","description":"Syst\u00e9my Buzon pro r\u016fzn\u00e9 aplikace: terasy, st\u0159echy, ve\u0159ejn\u00e9 prostory. Flexibiln\u00ed, odoln\u00e9 a snadno instalovateln\u00e9 \u0159e\u0161en\u00ed.","breadcrumb":{"@id":"https:\/\/www.buzon-world.com\/cs\/pouziti\/#breadcrumb"},"inLanguage":"cs","potentialAction":[{"@type":"ReadAction","target":["https:\/\/www.buzon-world.com\/cs\/pouziti\/"]}]},{"@type":"BreadcrumbList","@id":"https:\/\/www.buzon-world.com\/cs\/pouziti\/#breadcrumb","itemListElement":[{"@type":"ListItem","position":1,"name":"Home","item":"https:\/\/www.buzon-world.com\/cs\/"},{"@type":"ListItem","position":2,"name":"Pou\u017eit\u00ed"}]},{"@type":"WebSite","@id":"https:\/\/www.buzon-world.com\/cs\/#website","url":"https:\/\/www.buzon-world.com\/cs\/","name":"Buzon","description":"Just another WordPress site","potentialAction":[{"@type":"SearchAction","target":{"@type":"EntryPoint","urlTemplate":"https:\/\/www.buzon-world.com\/cs\/?s={search_term_string}"},"query-input":{"@type":"PropertyValueSpecification","valueRequired":true,"valueName":"search_term_string"}}],"inLanguage":"cs"}]}},"_links":{"self":[{"href":"https:\/\/www.buzon-world.com\/cs\/wp-json\/wp\/v2\/pages\/20423","targetHints":{"allow":["GET"]}}],"collection":[{"href":"https:\/\/www.buzon-world.com\/cs\/wp-json\/wp\/v2\/pages"}],"about":[{"href":"https:\/\/www.buzon-world.com\/cs\/wp-json\/wp\/v2\/types\/page"}],"author":[{"embeddable":true,"href":"https:\/\/www.buzon-world.com\/cs\/wp-json\/wp\/v2\/users\/1"}],"replies":[{"embeddable":true,"href":"https:\/\/www.buzon-world.com\/cs\/wp-json\/wp\/v2\/comments?post=20423"}],"version-history":[{"count":11,"href":"https:\/\/www.buzon-world.com\/cs\/wp-json\/wp\/v2\/pages\/20423\/revisions"}],"predecessor-version":[{"id":40455,"href":"https:\/\/www.buzon-world.com\/cs\/wp-json\/wp\/v2\/pages\/20423\/revisions\/40455"}],"wp:attachment":[{"href":"https:\/\/www.buzon-world.com\/cs\/wp-json\/wp\/v2\/media?parent=20423"}],"wp:term":[{"taxonomy":"accesories_category","embeddable":true,"href":"https:\/\/www.buzon-world.com\/cs\/wp-json\/wp\/v2\/accesories_category?post=20423"},{"taxonomy":"sizes","embeddable":true,"href":"https:\/\/www.buzon-world.com\/cs\/wp-json\/wp\/v2\/sizes?post=20423"},{"taxonomy":"plot_serie","embeddable":true,"href":"https:\/\/www.buzon-world.com\/cs\/wp-json\/wp\/v2\/plot_serie?post=20423"},{"taxonomy":"accesories_category_type","embeddable":true,"href":"https:\/\/www.buzon-world.com\/cs\/wp-json\/wp\/v2\/accesories_category_type?post=20423"},{"taxonomy":"accessories_categories_subtype","embeddable":true,"href":"https:\/\/www.buzon-world.com\/cs\/wp-json\/wp\/v2\/accessories_categories_subtype?post=20423"},{"taxonomy":"accessories_categories_applica","embeddable":true,"href":"https:\/\/www.buzon-world.com\/cs\/wp-json\/wp\/v2\/accessories_categories_applica?post=20423"}],"curies":[{"name":"wp","href":"https:\/\/api.w.org\/{rel}","templated":true}]}}