{"id":20489,"date":"2022-07-04T15:06:58","date_gmt":"2022-07-04T13:06:58","guid":{"rendered":"https:\/\/www.buzon-world.com\/privacy-policy\/"},"modified":"2026-01-16T15:44:02","modified_gmt":"2026-01-16T13:44:02","slug":"soukromi","status":"publish","type":"page","link":"https:\/\/www.buzon-world.com\/cs\/soukromi\/","title":{"rendered":"SOUKROM\u00cd &#8211; OO\u00da"},"content":{"rendered":"<section class=\"l-section wpb_row height_medium\"><div class=\"l-section-h i-cf\"><div class=\"g-cols vc_row via_flex valign_top type_default stacking_default\"><div class=\"vc_col-sm-12 wpb_column vc_column_container\"><div class=\"vc_column-inner\"><div class=\"wpb_wrapper\"><div class=\"wpb_text_column\"><div class=\"wpb_wrapper\"><h1 class=\"wp-block-heading\">PR\u00c1VN\u00cd UPOZORN\u011aN\u00cd A POLITIKA OCHRANY SOUKROM\u00cd<\/h1>\n<h3>DU\u0160EVN\u00cd VLASTNICTV\u00cd<\/h3>\n<p>BUZON CZ, s.r.o.<br \/>Dobronick\u00e1 1257<br \/>14800 PRAHA 4 \u2013 KUNRATICE<br \/>\u010cESK\u00e1 REPUBLIKA<\/p>\n<p>Tel.: +420 777 889 096<\/p>\n<p>Email: info@buzon.cz<\/p>\n<p><a href=\"https:\/\/www.boip.int\/fr\/registre-des-marques\/\">BUZON je registrovan\u00e1 ochrann\u00e1 zn\u00e1mka jak v Beneluxu, tak i na evropsk\u00e9 a mezin\u00e1rodn\u00ed \u00farovni<\/a><br \/>Texty, rozlo\u017een\u00ed, v\u00fdkresy, fotografie, animace, datab\u00e1ze, loga, technick\u00e9 dokumenty, bro\u017eury na tomto webu jsou chr\u00e1n\u011bny autorsk\u00fdmi pr\u00e1vy\u00a9.<\/p>\n<p>Jak\u00e9koli kop\u00edrov\u00e1n\u00ed, \u00fapravy, p\u0159eklady, uspo\u0159\u00e1d\u00e1n\u00ed, ukl\u00e1d\u00e1n\u00ed do datab\u00e1ze, ve\u0159ejn\u00e9 \u0161\u00ed\u0159en\u00ed tohoto webu nebo jeho \u010d\u00e1sti v jak\u00e9koli form\u011b a jak\u00fdmkoli prost\u0159edkem, elektronick\u00fdm, mechanick\u00fdm \u010di jin\u00fdm, je bez p\u0159edchoz\u00edho p\u00edsemn\u00e9ho souhlasu spole\u010dnosti BUZON PEDESTAL INTERNATIONAL SA p\u0159\u00edsn\u011b zak\u00e1z\u00e1no.<\/p>\n<p>Stahov\u00e1n\u00ed technick\u00e9 dokumentace, bro\u017eur nebo katalog\u016f je povoleno pro \u00fa\u010dely konzultac\u00ed a \u0161kolen\u00ed. Jak\u00e1koli reprodukce je bez p\u0159edchoz\u00edho p\u00edsemn\u00e9ho souhlasu spole\u010dnosti BUZON PEDESTAL INTERNATIONAL SA zak\u00e1z\u00e1na.<\/p>\n<p>Pokud si p\u0159ejete pou\u017e\u00edt \u010d\u00e1st obsahu webu, zejm\u00e9na pomoc\u00ed hypertextov\u00fdch odkaz\u016f, obr\u00e1zk\u016f, v\u00fdkres\u016f, fotografi\u00ed a text\u016f, kontaktujte pros\u00edm s p\u0159edstihem BUZON PEDESTAL INTERNATIONAL SA na adrese: info@buzon-world.com.<\/p>\n<h3>VYLOU\u010cEN\u00cd ODPOV\u011aDNOSTI<\/h3>\n<p>\u00da\u010delem na\u0161eho webu je informovat ve\u0159ejnost o na\u0161ich aktivit\u00e1ch, produktech a slu\u017eb\u00e1ch. Tyto informace nemus\u00ed b\u00fdt nutn\u011b vy\u010derp\u00e1vaj\u00edc\u00ed a v \u017e\u00e1dn\u00e9m p\u0159\u00edpad\u011b nejsou pro na\u0161i spole\u010dnost zavazuj\u00edc\u00ed (mimosmluvn\u00ed informace). Buzon Pedestal International SA si vyhrazuje pr\u00e1vo sv\u00e9 webov\u00e9 str\u00e1nky kdykoli bez p\u0159edchoz\u00edho upozorn\u011bn\u00ed upravovat, dopl\u0148ovat nebo obm\u011b\u0148ovat.<\/p>\n<p>Budeme-li upozorn\u011bni na p\u0159\u00edpadn\u00e9 nep\u0159esnosti, budeme se sna\u017eit prov\u00e9st pot\u0159ebn\u00e9 opravy.<\/p>\n<p>Neneseme \u017e\u00e1dnou odpov\u011bdnost za nedostupnost zp\u016fsobenou technick\u00fdmi probl\u00e9my, k nim\u017e m\u016f\u017ee doj\u00edt p\u0159i pou\u017e\u00edv\u00e1n\u00ed tohoto webu nebo jeho aktualizac\u00edch.<\/p>\n<h3>ZPRACOV\u00c1N\u00cd OSOBN\u00cdCH \u00daDAJ\u016e<\/h3>\n<p>1. M\u00e1te mo\u017enost nav\u0161t\u00edvit na\u0161e webov\u00e9 str\u00e1nky, z\u00edskat informace o na\u0161ich slu\u017eb\u00e1ch nebo produktech a dozv\u011bd\u011bt se o na\u0161ich novink\u00e1ch, ani\u017e byste n\u00e1m museli poskytovat jak\u00e9koli osobn\u00ed \u00fadaje. Pokud se rozhodnete n\u00e1m poskytnout sv\u00e9 osobn\u00ed \u00fadaje, bude s nimi spole\u010dnost BUZON PEDESTAL INTERNATIONAL SA zach\u00e1zet jako s d\u016fv\u011brn\u00fdmi v souladu s evropsk\u00fdmi p\u0159edpisy o ochran\u011b osobn\u00edch \u00fadaj\u016f, d\u00e1le jen \u201eGDPR\u201c, kter\u00e9 vstoupily v platnost dne 25. kv\u011btna 2018.<\/p>\n<p>2.\u00a0V r\u00e1mci obchodn\u00ed \u010dinnosti na\u0161e spole\u010dnost zpracov\u00e1v\u00e1 osobn\u00ed \u00fadaje, p\u0159i\u010dem\u017e nese odpov\u011bdnost za \u00fadaje, kter\u00e9 shroma\u017e\u010fuje. Shroma\u017e\u010fujeme \u00fadaje t\u00fdkaj\u00edc\u00ed se na\u0161ich z\u00e1kazn\u00edk\u016f a obchodn\u00edch partner\u016f. Tyto \u00fadaje jsou shroma\u017e\u010fov\u00e1ny z\u00e1konn\u00fdm a transparentn\u00edm zp\u016fsobem. Shroma\u017e\u010fov\u00e1n\u00ed \u00fadaj\u016f je p\u0159im\u011b\u0159en\u00e9, relevantn\u00ed a omezen\u00e9 pouze na nezbytn\u00e9 minimum. Tyto \u00fadaje jsou pr\u016fb\u011b\u017en\u011b aktualizov\u00e1ny.<\/p>\n<p>3. Nen\u00ed-li jinak p\u00edsemn\u011b sd\u011bleno pov\u011b\u0159enci pro ochranu osobn\u00edch \u00fadaj\u016f, osoby d\u00e1vaj\u00ed souhlas (\u010dl. 6 paragraf 1 odst. a GDPR) za\u0161krtnut\u00edm p\u0159\u00edslu\u0161n\u00e9ho pol\u00ed\u010dka na na\u0161ich webov\u00fdch str\u00e1nk\u00e1ch se zpracov\u00e1n\u00edm osobn\u00edch \u00fadaj\u016f, kter\u00e9 jsou z\u00e1sadn\u00ed pro v\u00fdkon t\u011bchto slu\u017eeb:<\/p>\n<ul>\n<li>za \u00fa\u010delem sd\u011blov\u00e1n\u00ed informac\u00ed t\u00fdkaj\u00edc\u00edch se slu\u017eeb, produkt\u016f a \u010dinnost\u00ed spole\u010dnosti BUZON PEDESTAL INTERNATIONAL SA,<\/li>\n<li>za \u00fa\u010delem zas\u00edl\u00e1n\u00ed informa\u010dn\u00edch zpravodaj\u016f,<\/li>\n<li>za \u00fa\u010delem prov\u00e1d\u011bn\u00ed informa\u010dn\u00edch nebo propaga\u010dn\u00edch akc\u00ed t\u00fdkaj\u00edc\u00edch se slu\u017eeb nebo produkt\u016f spole\u010dnosti BUZON PEDESTAL INTERNATIONAL SA,<\/li>\n<li>za \u00fa\u010delem prov\u00e1d\u011bn\u00ed v\u00fdzkum\u016f trhu,<\/li>\n<li>za \u00fa\u010delem spr\u00e1vy sv\u00fdch z\u00e1kazn\u00edk\u016f,<\/li>\n<li>za \u00fa\u010delem vystavov\u00e1n\u00ed, shroma\u017e\u010fov\u00e1n\u00ed a ov\u011b\u0159ov\u00e1n\u00ed faktur,<\/li>\n<li>za \u00fa\u010delem pln\u011bn\u00ed sv\u00fdch z\u00e1vazk\u016f v r\u00e1mci prevence vyu\u017e\u00edv\u00e1n\u00ed finan\u010dn\u00edho syst\u00e9mu k pran\u00ed pen\u011bz a financov\u00e1n\u00ed terorismu.<\/li>\n<\/ul>\n<p>4. V r\u00e1mci t\u011bchto \u010dinnost\u00ed p\u016fsob\u00ed BUZON PEDESTAL INTERNATIONAL jako spr\u00e1vce \u00fadaj\u016f, a proto d\u011bl\u00e1 v\u0161e pro to, aby zaru\u010dil \u00fa\u010dinnost pr\u00e1v zakotven\u00fdch v GDPR. V tomto sm\u011bru podnik\u00e1 tyto kroky: zaru\u010duje bezpe\u010dnost zpracov\u00e1van\u00fdch \u00fadaj\u016f a jmenuje pov\u011b\u0159ence pro ochranu osobn\u00edch \u00fadaj\u016f. Z\u016fst\u00e1v\u00e1-li zpracov\u00e1v\u00e1n\u00ed \u00fadaj\u016f omezeno na v\u00fd\u0161e uveden\u00e9 \u00fakony, nebude podle \u010dl\u00e1nku 30.5 GDPR spole\u010dnost BUZON PEDESTAL INTERNATIONAL systematicky v\u00e9st registr prov\u00e1d\u011bn\u00fdch \u010dinnost\u00ed, pokud se neuk\u00e1\u017ee, \u017ee je to nezbytn\u00e9 k jejich zpracov\u00e1v\u00e1n\u00ed.<\/p>\n<p>5. Ke v\u0161em sd\u011blovan\u00fdm \u00fadaj\u016fm je p\u0159istupov\u00e1no s maxim\u00e1ln\u00ed diskr\u00e9tnost\u00ed. Proto\u017ee je zpracov\u00e1n\u00ed zalo\u017eeno v\u00fdhradn\u011b na va\u0161em souhlasu, doty\u010dn\u00e9 osoby sm\u00ed do t\u011bchto \u00fadaj\u016f kdykoli nahl\u00ed\u017eet, nech\u00e1vat je bezplatn\u011b opravit nebo vymazat.<\/p>\n<p>6. Soubory obsahuj\u00edc\u00ed tyto \u00fadaje jsou majetkem BUZON PEDESTAL INTERNATIONAL SA a slu\u017eeb, kter\u00e9 provozuje. BUZON PEDESTAL INTERNATIONAL SA nebude sd\u011blovat va\u0161e \u00fadaje jin\u00fdm organizac\u00edm, s v\u00fdjimkou t\u011bch, kter\u00e9 jsou uvedeny n\u00ed\u017ee na z\u00e1klad\u011b \u010dl. 6 odst.1, odst.b GDPR (pln\u011bn\u00ed smlouvy):<\/p>\n<ul>\n<li>na\u0161im poddodavatel\u016fm odpov\u011bdn\u00fdm za IT infrastrukturu, program CRM, program fakturace, program \u0159\u00edzen\u00ed projekt\u016f, vytv\u00e1\u0159en\u00ed a \u00fadr\u017ebu na\u0161eho webu a extranetu, v rozsahu nezbytn\u00e9m pro pln\u011bn\u00ed sv\u00fdch ur\u010den\u00fdch \u010dinnost\u00ed,<\/li>\n<li>soudn\u00edm vykonavatel\u016fm, pr\u00e1vnick\u00fdm firm\u00e1m nebo inkasn\u00edm spole\u010dnostem, kter\u00fdch vyu\u017e\u00edv\u00e1me p\u0159i spr\u00e1v\u011b va\u0161eho projektu,<\/li>\n<li>da\u0148ov\u00fdm a soci\u00e1ln\u00edm spr\u00e1v\u00e1m, na\u0161emu person\u00e1ln\u00edmu a \u00fa\u010detn\u00edmu odd\u011blen\u00ed v rozsahu nezbytn\u00e9m pro pln\u011bn\u00ed povinnost\u00ed v oblasti da\u0148ov\u00fdch a soci\u00e1ln\u00edch odvod\u016f<\/li>\n<\/ul>\n<p>7. Na\u0159\u00edzen\u00ed GDPR ukl\u00e1d\u00e1, \u017ee chr\u00e1n\u011bn\u00e9 osoby maj\u00ed tato pr\u00e1va: pr\u00e1vo na informace, pr\u00e1vo na p\u0159\u00edstup, pr\u00e1vo na opravu, pr\u00e1vo na v\u00fdmaz, pr\u00e1vo na omezen\u00ed zpracov\u00e1n\u00ed, pr\u00e1vo na n\u00e1mitku, pr\u00e1vo na p\u0159enositelnost a pr\u00e1vo neb\u00fdt p\u0159edm\u011btem automatick\u00e9ho rozhodnut\u00ed o zpracov\u00e1n\u00ed (\u010dl\u00e1nky 13 a\u017e 22 GDPR). Subjekty \u00fadaj\u016f vykon\u00e1vaj\u00ed tato pr\u00e1va s ohledem na sv\u00e9ho spr\u00e1vce.<\/p>\n<p>V souladu s \u010dl. 7 odst.3 na\u0159\u00edzen\u00ed GDPR maj\u00ed subjekty \u00fadaj\u016f pr\u00e1vo sv\u016fj souhlas kdykoli odvolat. BUZON PEDESTAL INTERNATIONAL pak v d\u016fsledku odvol\u00e1n\u00ed nebude tato data zpracov\u00e1vat. Odvol\u00e1n\u00ed souhlasu nem\u00e1 vliv na z\u00e1konnost zpracov\u00e1n\u00ed, kter\u00e9 se prov\u00e1d\u00ed na z\u00e1klad\u011b vyj\u00e1d\u0159en\u00e9ho souhlasu a\u017e do jeho odvol\u00e1n\u00ed.<\/p>\n<p>8. V r\u00e1mci zpracov\u00e1n\u00ed \u00fadaj\u016f, v nich\u017e p\u016fsob\u00edme jako spr\u00e1vce, nesm\u00edme uchov\u00e1vat nebo p\u0159ed\u00e1vat osobn\u00ed \u00fadaje mimo Evropskou unii.<\/p>\n<p>9. Na\u0161e spole\u010dnost p\u0159ijala n\u00e1le\u017eit\u00e1 technick\u00e1 a organiza\u010dn\u00ed opat\u0159en\u00ed k zaji\u0161t\u011bn\u00ed bezpe\u010dnosti osobn\u00edch \u00fadaj\u016f p\u0159ed neopr\u00e1vn\u011bn\u00fdm p\u0159\u00edstupem nebo zpracov\u00e1n\u00edm, ztr\u00e1tou nebo po\u0161kozen\u00edm. Za t\u00edmto \u00fa\u010delem tak\u00e9 p\u0159ij\u00edm\u00e1 n\u00e1sleduj\u00edc\u00ed opat\u0159en\u00ed: pravideln\u00e9 ov\u011b\u0159ov\u00e1n\u00ed zabezpe\u010den\u00ed dat, pou\u017e\u00edv\u00e1n\u00ed aktu\u00e1ln\u00edho antivirov\u00e9ho softwaru, pravideln\u00e9 z\u00e1lohov\u00e1n\u00ed, aktualizace ve\u0161ker\u00e9ho pou\u017eit\u00e9ho softwaru, instalace firewallu, implementace p\u0159\u00edstupov\u00e9ho syst\u00e9mu s opr\u00e1vn\u011bn\u00ed k p\u0159\u00edstupu k osobn\u00edm \u00fadaj\u016fm.<\/p>\n<p>10. BUZON PEDESTAL INTERNATIONAL jmenuje pan\u00ed Julie Bourc\u2019his do funkce pov\u011b\u0159ence pro ochranu osobn\u00edch \u00fadaj\u016f.<br \/>julie.bourchis@buzon-world.com<\/p>\n<p>+32 4 248 39 83<br \/>Zoning Industriel des Hauts-Sarts<br \/>4\u00e8me Avenue, 25<br \/>4040 Herstal- BELGIE<\/p>\n<p>\u00dakolem pan\u00ed Bourc\u2019his je: udr\u017eovat dokumentaci, informovat jakoukoli zainteresovanou osobu, kter\u00e1 po\u017eaduje vysv\u011btlen\u00ed ohledn\u011b politiky zaveden\u00e9 v souladu s ustanoven\u00edm GDPR; pravideln\u011b hodnotit, zda je tato politika vhodn\u00e1, dostate\u010dn\u00e1 a p\u0159im\u011b\u0159en\u00e1; sledovat dodr\u017eov\u00e1n\u00ed GDPR; p\u016fsobit jako kontaktn\u00ed m\u00edsto pro belgick\u00fd dozorov\u00fd \u00fa\u0159ad nebo jakoukoli z\u00fa\u010dastn\u011bnou osobu.<\/p>\n<p>11. V r\u00e1mci zpracov\u00e1v\u00e1n\u00ed \u00fadaj\u016f, v nich\u017e BUZON PEDESTAL INTERNATIONAL p\u016fsob\u00ed jako spr\u00e1vce, m\u016f\u017ee b\u00fdt tato spole\u010dnost z d\u016fvodu dodr\u017eov\u00e1n\u00ed sv\u00fdch z\u00e1konn\u00fdch a smluvn\u00edch povinnost\u00ed nucen\u00e1 sd\u011blit osobn\u00ed \u00fadaje n\u011bkter\u00fdm poddodavatel\u016fm. Nese odpov\u011bdnost za pln\u011bn\u00ed povinnost\u00ed, kter\u00e9 m\u00e1 jako\u017eto poddodavatel. BUZON PEDESTAL INTERNATIONAL proto po\u017eaduje, aby byl informov\u00e1n o opat\u0159en\u00edch, kter\u00e1 byla p\u0159ijata pro dosa\u017een\u00ed souladu s na\u0159\u00edzen\u00edm GDPR.<\/p>\n<p>12. V p\u0159\u00edpad\u011b sporu ve v\u011bci pou\u017e\u00edv\u00e1n\u00ed na\u0161ich webov\u00fdch str\u00e1nek maj\u00ed v\u00fdlu\u010dnou p\u0159\u00edslu\u0161nost soudy v LIEGE (Belgie). Pou\u017eije se belgick\u00e9 pr\u00e1vo. Pokud jsou tato pr\u00e1vn\u00ed upozorn\u011bn\u00ed vyhotovena v jin\u00e9m ne\u017e francouzsk\u00e9m jazyce, strany se dohodly, \u017ee rozhoduje francouzsk\u00e1 verze.<\/p>\n<\/div><\/div><\/div><\/div><\/div><\/div><\/div><\/section>","protected":false},"excerpt":{"rendered":"PR\u00c1VN\u00cd UPOZORN\u011aN\u00cd A POLITIKA OCHRANY SOUKROM\u00cd DU\u0160EVN\u00cd VLASTNICTV\u00cd BUZON CZ, s.r.o.Dobronick\u00e1 125714800 PRAHA 4 \u2013 KUNRATICE\u010cESK\u00e1 REPUBLIKA Tel.: +420 777 889 096 Email: info@buzon.cz BUZON je registrovan\u00e1 ochrann\u00e1 zn\u00e1mka jak v Beneluxu, tak i na evropsk\u00e9 a mezin\u00e1rodn\u00ed \u00farovniTexty, rozlo\u017een\u00ed, v\u00fdkresy, fotografie, animace, datab\u00e1ze, loga, technick\u00e9 dokumenty, bro\u017eury na tomto webu jsou chr\u00e1n\u011bny autorsk\u00fdmi pr\u00e1vy\u00a9....","protected":false},"author":1,"featured_media":0,"parent":0,"menu_order":0,"comment_status":"closed","ping_status":"closed","template":"","meta":{"_acf_changed":false,"footnotes":""},"accesories_category":[],"sizes":[],"plot_serie":[],"accesories_category_type":[],"accessories_categories_subtype":[],"accessories_categories_applica":[],"class_list":["post-20489","page","type-page","status-publish","hentry"],"acf":[],"yoast_head":"<!-- This site is optimized with the Yoast SEO plugin v27.1.1 - https:\/\/yoast.com\/product\/yoast-seo-wordpress\/ -->\n<title>Soukrom\u00ed | Buzon \u2013 Ochrana osobn\u00edch \u00fadaj\u016f a cookies<\/title>\n<meta name=\"description\" content=\"P\u0159e\u010dt\u011bte si z\u00e1sady ochrany soukrom\u00ed Buzon: jak chr\u00e1n\u00edme va\u0161e osobn\u00ed \u00fadaje a pou\u017e\u00edv\u00e1me cookies pro lep\u0161\u00ed u\u017eivatelsk\u00fd z\u00e1\u017eitek.\" \/>\n<meta name=\"robots\" content=\"index, follow, max-snippet:-1, max-image-preview:large, max-video-preview:-1\" \/>\n<link rel=\"canonical\" href=\"https:\/\/www.buzon-world.com\/cs\/soukromi\/\" \/>\n<meta property=\"og:locale\" content=\"cs_CZ\" \/>\n<meta property=\"og:type\" content=\"article\" \/>\n<meta property=\"og:title\" content=\"Soukrom\u00ed | Buzon \u2013 Ochrana osobn\u00edch \u00fadaj\u016f a cookies\" \/>\n<meta property=\"og:description\" content=\"P\u0159e\u010dt\u011bte si z\u00e1sady ochrany soukrom\u00ed Buzon: jak chr\u00e1n\u00edme va\u0161e osobn\u00ed \u00fadaje a pou\u017e\u00edv\u00e1me cookies pro lep\u0161\u00ed u\u017eivatelsk\u00fd z\u00e1\u017eitek.\" \/>\n<meta property=\"og:url\" content=\"https:\/\/www.buzon-world.com\/cs\/soukromi\/\" \/>\n<meta property=\"og:site_name\" content=\"Buzon\" \/>\n<meta property=\"article:modified_time\" content=\"2026-01-16T13:44:02+00:00\" \/>\n<meta name=\"twitter:card\" content=\"summary_large_image\" \/>\n<meta name=\"twitter:label1\" content=\"Odhadovan\u00e1 doba \u010dten\u00ed\" \/>\n\t<meta name=\"twitter:data1\" content=\"5 minut\" \/>\n<script type=\"application\/ld+json\" class=\"yoast-schema-graph\">{\"@context\":\"https:\/\/schema.org\",\"@graph\":[{\"@type\":\"WebPage\",\"@id\":\"https:\/\/www.buzon-world.com\/cs\/soukromi\/\",\"url\":\"https:\/\/www.buzon-world.com\/cs\/soukromi\/\",\"name\":\"Soukrom\u00ed | Buzon \u2013 Ochrana osobn\u00edch \u00fadaj\u016f a cookies\",\"isPartOf\":{\"@id\":\"https:\/\/www.buzon-world.com\/cs\/#website\"},\"datePublished\":\"2022-07-04T13:06:58+00:00\",\"dateModified\":\"2026-01-16T13:44:02+00:00\",\"description\":\"P\u0159e\u010dt\u011bte si z\u00e1sady ochrany soukrom\u00ed Buzon: jak chr\u00e1n\u00edme va\u0161e osobn\u00ed \u00fadaje a pou\u017e\u00edv\u00e1me cookies pro lep\u0161\u00ed u\u017eivatelsk\u00fd z\u00e1\u017eitek.\",\"breadcrumb\":{\"@id\":\"https:\/\/www.buzon-world.com\/cs\/soukromi\/#breadcrumb\"},\"inLanguage\":\"cs\",\"potentialAction\":[{\"@type\":\"ReadAction\",\"target\":[\"https:\/\/www.buzon-world.com\/cs\/soukromi\/\"]}]},{\"@type\":\"BreadcrumbList\",\"@id\":\"https:\/\/www.buzon-world.com\/cs\/soukromi\/#breadcrumb\",\"itemListElement\":[{\"@type\":\"ListItem\",\"position\":1,\"name\":\"Home\",\"item\":\"https:\/\/www.buzon-world.com\/cs\/\"},{\"@type\":\"ListItem\",\"position\":2,\"name\":\"SOUKROM\u00cd &#8211; OO\u00da\"}]},{\"@type\":\"WebSite\",\"@id\":\"https:\/\/www.buzon-world.com\/cs\/#website\",\"url\":\"https:\/\/www.buzon-world.com\/cs\/\",\"name\":\"Buzon\",\"description\":\"Just another WordPress site\",\"potentialAction\":[{\"@type\":\"SearchAction\",\"target\":{\"@type\":\"EntryPoint\",\"urlTemplate\":\"https:\/\/www.buzon-world.com\/cs\/?s={search_term_string}\"},\"query-input\":{\"@type\":\"PropertyValueSpecification\",\"valueRequired\":true,\"valueName\":\"search_term_string\"}}],\"inLanguage\":\"cs\"}]}<\/script>\n<!-- \/ Yoast SEO plugin. -->","yoast_head_json":{"title":"Soukrom\u00ed | Buzon \u2013 Ochrana osobn\u00edch \u00fadaj\u016f a cookies","description":"P\u0159e\u010dt\u011bte si z\u00e1sady ochrany soukrom\u00ed Buzon: jak chr\u00e1n\u00edme va\u0161e osobn\u00ed \u00fadaje a pou\u017e\u00edv\u00e1me cookies pro lep\u0161\u00ed u\u017eivatelsk\u00fd z\u00e1\u017eitek.","robots":{"index":"index","follow":"follow","max-snippet":"max-snippet:-1","max-image-preview":"max-image-preview:large","max-video-preview":"max-video-preview:-1"},"canonical":"https:\/\/www.buzon-world.com\/cs\/soukromi\/","og_locale":"cs_CZ","og_type":"article","og_title":"Soukrom\u00ed | Buzon \u2013 Ochrana osobn\u00edch \u00fadaj\u016f a cookies","og_description":"P\u0159e\u010dt\u011bte si z\u00e1sady ochrany soukrom\u00ed Buzon: jak chr\u00e1n\u00edme va\u0161e osobn\u00ed \u00fadaje a pou\u017e\u00edv\u00e1me cookies pro lep\u0161\u00ed u\u017eivatelsk\u00fd z\u00e1\u017eitek.","og_url":"https:\/\/www.buzon-world.com\/cs\/soukromi\/","og_site_name":"Buzon","article_modified_time":"2026-01-16T13:44:02+00:00","twitter_card":"summary_large_image","twitter_misc":{"Odhadovan\u00e1 doba \u010dten\u00ed":"5 minut"},"schema":{"@context":"https:\/\/schema.org","@graph":[{"@type":"WebPage","@id":"https:\/\/www.buzon-world.com\/cs\/soukromi\/","url":"https:\/\/www.buzon-world.com\/cs\/soukromi\/","name":"Soukrom\u00ed | Buzon \u2013 Ochrana osobn\u00edch \u00fadaj\u016f a cookies","isPartOf":{"@id":"https:\/\/www.buzon-world.com\/cs\/#website"},"datePublished":"2022-07-04T13:06:58+00:00","dateModified":"2026-01-16T13:44:02+00:00","description":"P\u0159e\u010dt\u011bte si z\u00e1sady ochrany soukrom\u00ed Buzon: jak chr\u00e1n\u00edme va\u0161e osobn\u00ed \u00fadaje a pou\u017e\u00edv\u00e1me cookies pro lep\u0161\u00ed u\u017eivatelsk\u00fd z\u00e1\u017eitek.","breadcrumb":{"@id":"https:\/\/www.buzon-world.com\/cs\/soukromi\/#breadcrumb"},"inLanguage":"cs","potentialAction":[{"@type":"ReadAction","target":["https:\/\/www.buzon-world.com\/cs\/soukromi\/"]}]},{"@type":"BreadcrumbList","@id":"https:\/\/www.buzon-world.com\/cs\/soukromi\/#breadcrumb","itemListElement":[{"@type":"ListItem","position":1,"name":"Home","item":"https:\/\/www.buzon-world.com\/cs\/"},{"@type":"ListItem","position":2,"name":"SOUKROM\u00cd &#8211; OO\u00da"}]},{"@type":"WebSite","@id":"https:\/\/www.buzon-world.com\/cs\/#website","url":"https:\/\/www.buzon-world.com\/cs\/","name":"Buzon","description":"Just another WordPress site","potentialAction":[{"@type":"SearchAction","target":{"@type":"EntryPoint","urlTemplate":"https:\/\/www.buzon-world.com\/cs\/?s={search_term_string}"},"query-input":{"@type":"PropertyValueSpecification","valueRequired":true,"valueName":"search_term_string"}}],"inLanguage":"cs"}]}},"_links":{"self":[{"href":"https:\/\/www.buzon-world.com\/cs\/wp-json\/wp\/v2\/pages\/20489","targetHints":{"allow":["GET"]}}],"collection":[{"href":"https:\/\/www.buzon-world.com\/cs\/wp-json\/wp\/v2\/pages"}],"about":[{"href":"https:\/\/www.buzon-world.com\/cs\/wp-json\/wp\/v2\/types\/page"}],"author":[{"embeddable":true,"href":"https:\/\/www.buzon-world.com\/cs\/wp-json\/wp\/v2\/users\/1"}],"replies":[{"embeddable":true,"href":"https:\/\/www.buzon-world.com\/cs\/wp-json\/wp\/v2\/comments?post=20489"}],"version-history":[{"count":4,"href":"https:\/\/www.buzon-world.com\/cs\/wp-json\/wp\/v2\/pages\/20489\/revisions"}],"predecessor-version":[{"id":38793,"href":"https:\/\/www.buzon-world.com\/cs\/wp-json\/wp\/v2\/pages\/20489\/revisions\/38793"}],"wp:attachment":[{"href":"https:\/\/www.buzon-world.com\/cs\/wp-json\/wp\/v2\/media?parent=20489"}],"wp:term":[{"taxonomy":"accesories_category","embeddable":true,"href":"https:\/\/www.buzon-world.com\/cs\/wp-json\/wp\/v2\/accesories_category?post=20489"},{"taxonomy":"sizes","embeddable":true,"href":"https:\/\/www.buzon-world.com\/cs\/wp-json\/wp\/v2\/sizes?post=20489"},{"taxonomy":"plot_serie","embeddable":true,"href":"https:\/\/www.buzon-world.com\/cs\/wp-json\/wp\/v2\/plot_serie?post=20489"},{"taxonomy":"accesories_category_type","embeddable":true,"href":"https:\/\/www.buzon-world.com\/cs\/wp-json\/wp\/v2\/accesories_category_type?post=20489"},{"taxonomy":"accessories_categories_subtype","embeddable":true,"href":"https:\/\/www.buzon-world.com\/cs\/wp-json\/wp\/v2\/accessories_categories_subtype?post=20489"},{"taxonomy":"accessories_categories_applica","embeddable":true,"href":"https:\/\/www.buzon-world.com\/cs\/wp-json\/wp\/v2\/accessories_categories_applica?post=20489"}],"curies":[{"name":"wp","href":"https:\/\/api.w.org\/{rel}","templated":true}]}}