{"id":46784,"date":"2025-04-08T08:48:06","date_gmt":"2025-04-08T06:48:06","guid":{"rendered":"https:\/\/www.buzon-world.com\/calculator\/"},"modified":"2025-06-05T11:12:32","modified_gmt":"2025-06-05T09:12:32","slug":"kalkulator","status":"publish","type":"page","link":"https:\/\/www.buzon-world.com\/cs\/kalkulator\/","title":{"rendered":"Nov\u00fd kalkul\u00e1tor Buzon"},"content":{"rendered":"<section class=\"l-section wpb_row us_custom_963824fa height_auto\"><div class=\"l-section-h i-cf\"><div class=\"g-cols vc_row via_flex valign_top type_default stacking_default\"><div class=\"vc_col-sm-8 wpb_column vc_column_container\"><div class=\"vc_column-inner\"><div class=\"wpb_wrapper\"><div class=\"wpb_text_column us_custom_b06093fc has_text_color us_animate_this\"><div class=\"wpb_wrapper\"><h1><strong>Nov\u00fd kalkul\u00e1tor Buzon\u00a0:<br \/>\nnavrhn\u011bte si terasu\u00a0 na n\u011bkolik kliknut\u00ed\u00a0!<\/strong><\/h1>\n<\/div><\/div><div class=\"w-separator size_medium\"><\/div><div class=\"wpb_text_column us_custom_ec82cb5e has_text_color us_animate_this\"><div class=\"wpb_wrapper\"><p><strong>Tajemstv\u00ed \u00fasp\u011b\u0161n\u00e9 terasy na ter\u010d\u00edch? Optim\u00e1ln\u00ed p\u0159\u00edprava! Proto d\u00e1l vyv\u00edj\u00edme Buzon kalkul\u00e1tor, aby v\u00e1m poskytl je\u0161t\u011b kompletn\u011bj\u0161\u00ed, p\u0159esn\u011bj\u0161\u00ed a efektivn\u011bj\u0161\u00ed v\u00fdsledek. Tento n\u00e1stroj, navr\u017een\u00fd tak, aby spl\u0148oval v\u0161echny va\u0161e po\u017eadavky, v\u00e1s krok za krokem provede p\u0159\u00edpravou a stavbou terasy na rektifika\u010dn\u00edch ter\u010d\u00edch!<\/strong><\/p>\n<\/div><\/div><div class=\"w-separator size_medium\"><\/div><div class=\"w-btn-wrapper align_left\"><a class=\"w-btn us-btn-style_5 icon_atleft\" href=\"https:\/\/app.buzoncalculator.com\/\"><i class=\"fas fa-pencil-alt\"><\/i><span class=\"w-btn-label\">Nov\u00fd kalkul\u00e1tor Buzon<\/span><\/a><\/div><\/div><\/div><\/div><div class=\"vc_col-sm-4 wpb_column vc_column_container\"><div class=\"vc_column-inner\"><div class=\"wpb_wrapper\"><\/div><\/div><\/div><\/div><\/div><\/section><section class=\"l-section wpb_row height_auto\"><div class=\"l-section-h i-cf\"><div class=\"g-cols vc_row via_flex valign_top type_default stacking_default\"><div class=\"vc_col-sm-10 wpb_column vc_column_container\"><div class=\"vc_column-inner\"><div class=\"wpb_wrapper\"><div class=\"wpb_text_column us_custom_f0c7bf59 longline us_animate_this\"><div class=\"wpb_wrapper\"><h2><strong>Pod\u00edvejte se na nov\u00fd kalkul\u00e1tor! <\/strong><\/h2>\n<\/div><\/div><div class=\"w-separator size_small\"><\/div><div class=\"wpb_text_column us_custom_ff13c409 us_animate_this\"><div class=\"wpb_wrapper\"><p>Ne\u017e za\u010dnete, prohl\u00e9dn\u011bte si na\u0161e nov\u00e9 rozhran\u00ed a jeho funkce.<\/p>\n<\/div><\/div><div class=\"w-separator size_medium\"><\/div><div class=\"w-video align_none ratio_16x9 has_iframe\"><div class=\"w-video-h\"><iframe title=\"Youtube video player\" src=\"\/\/www.youtube.com\/embed\/sYSDqsQUT9U?autoplay=0&controls=1&origin=https:\/\/www.buzon-world.com\/cs\/&loop=0&mute=0\" allowfullscreen=\"1\" loading=\"lazy\"><\/iframe><\/div><\/div><div class=\"w-separator size_small\"><\/div><div class=\"wpb_text_column us_custom_bec20362 us_animate_this\"><div class=\"wpb_wrapper\"><p><em>Vezm\u011bte pros\u00edm na v\u011bdom\u00ed, \u017ee star\u00fd kalkul\u00e1tor p\u0159estane brzy fungovat, tak\u017ee je \u010das p\u0159ej\u00edt na novou verzi a uv\u00e9st sv\u00e9 projekty do \u017eivota s inovac\u00ed a kvalitou, kterou si zaslou\u017e\u00ed!<\/em><\/p>\n<\/div><\/div><div class=\"w-separator size_medium\"><\/div><div class=\"wpb_text_column us_custom_47474b22 longline us_animate_this\"><div class=\"wpb_wrapper\"><h2><strong>Pro\u010d p\u0159ej\u00edt na novou verzi kalkul\u00e1toru<\/strong><strong>?<\/strong><\/h2>\n<\/div><\/div><div class=\"w-separator size_small\"><\/div><div class=\"wpb_text_column us_custom_ff13c409 us_animate_this\"><div class=\"wpb_wrapper\"><ul>\n<li><strong>Flexibiln\u011bj\u0161\u00ed:<\/strong> Kalkul\u00e1tor lze p\u0159izp\u016fsobit libovoln\u00e9 konfiguraci bez ohledu na rozm\u011bry nebo sklon.<\/li>\n<li><strong>Efektivn\u011bj\u0161\u00ed:<\/strong> Optimalizace, kter\u00e1 zaru\u010duje rychl\u00e9 a spolehliv\u00e9 v\u00fdpo\u010dty pro bezchybn\u00fd projekt.<\/li>\n<li><strong>Rychl\u00e1 a p\u0159esn\u00e1 simulace:<\/strong> Okam\u017eit\u00e1 vizualizace rozlo\u017een\u00ed ter\u010d\u016f a profil\u016f s bodovou p\u0159esnost\u00ed.<\/li>\n<li><strong>Zpr\u00e1va na konci simulace:<\/strong> Z\u00edskejte podrobnou zpr\u00e1vu o produktech pot\u0159ebn\u00fdch k dokon\u010den\u00ed va\u0161eho projektu.<\/li>\n<li><strong>Otev\u0159eno pro v\u0161echny:<\/strong> Vhodn\u00e9 pro profesion\u00e1ly i soukrom\u00e9 osoby.<\/li>\n<\/ul>\n<\/div><\/div><div class=\"w-separator size_medium\"><\/div><div class=\"wpb_text_column us_custom_8f7b07a9 longline us_animate_this\"><div class=\"wpb_wrapper\"><h2><strong>A to je jen za\u010d\u00e1tek<\/strong><strong>!<\/strong><\/h2>\n<\/div><\/div><div class=\"w-separator size_small\"><\/div><div class=\"wpb_text_column us_custom_ef014360 us_animate_this\"><div class=\"wpb_wrapper\"><p>Na z\u00e1klad\u011b va\u0161\u00ed zp\u011btn\u00e9 vazby budeme kalkul\u00e1tor nad\u00e1le vylep\u0161ovat a optimalizovat, abychom v\u00e1m mohli nab\u00edzet lep\u0161\u00ed v\u00fdsledky. Jste tedy p\u0159ipraveni zrealizovat sv\u016fj projekt a vytvo\u0159it terasu sv\u00fdch sn\u016f?<\/p>\n<p>&nbsp;<\/p>\n<p>T\u00fdm Buzon<\/p>\n<\/div><\/div><div class=\"w-separator size_small\"><\/div><\/div><\/div><\/div><\/div><\/div><\/section><section class=\"l-section wpb_row height_auto\"><div class=\"l-section-h i-cf\"><div class=\"g-cols vc_row via_flex valign_top type_default stacking_default\"><div class=\"vc_col-sm-12 wpb_column vc_column_container\"><div class=\"vc_column-inner us_custom_b74f6679 us_animate_this\"><div class=\"wpb_wrapper\"><section class=\"l-section wpb_row us_custom_6a388dfb bluerowbackground height_small\"><div class=\"l-section-h i-cf\"><div class=\"g-cols vc_row via_flex valign_top type_boxes reversed stacking_default\"><div class=\"vc_col-sm-7 wpb_column vc_column_container\"><div class=\"vc_column-inner\"><div class=\"wpb_wrapper\"><div class=\"wpb_text_column us_custom_6df4bc3a has_text_color\"><div class=\"wpb_wrapper\"><h2>Technick\u00e1 ot\u00e1zka?<br \/>\nNov\u00fd projekt?<br \/>\nObra\u0165te se na n\u011bkter\u00e9ho z na\u0161ich odborn\u00edk\u016f.<\/h2>\n<\/div><\/div><div class=\"w-separator size_medium\"><\/div><div class=\"w-btn-wrapper align_none\"><a class=\"w-btn us-btn-style_3\" href=\"mailto:info@buzon.cz\"><span class=\"w-btn-label\">info@buzon.cz<\/span><\/a><\/div><div class=\"w-btn-wrapper align_none\"><a class=\"w-btn us-btn-style_3\" href=\"tel:+420777889096\"><span class=\"w-btn-label\">+420 777 889 096<\/span><\/a><\/div><\/div><\/div><\/div><div class=\"vc_col-sm-5 wpb_column vc_column_container\"><div class=\"vc_column-inner\"><div class=\"wpb_wrapper\"><div class=\"w-image cupabsolute align_none\"><div class=\"w-image-h\"><img decoding=\"async\" width=\"577\" height=\"527\" src=\"https:\/\/www.buzon-world.com\/wp-content\/uploads\/2022\/07\/Rectangle-120.png\" class=\"attachment-large size-large\" alt=\"\" loading=\"lazy\" srcset=\"https:\/\/www.buzon-world.com\/wp-content\/uploads\/2022\/07\/Rectangle-120.png 577w, https:\/\/www.buzon-world.com\/wp-content\/uploads\/2022\/07\/Rectangle-120-300x274.png 300w, https:\/\/www.buzon-world.com\/wp-content\/uploads\/2022\/07\/Rectangle-120-70x64.png 70w\" sizes=\"auto, (max-width: 577px) 100vw, 577px\" \/><\/div><\/div><\/div><\/div><\/div><\/div><\/div><\/section>\n<\/div><\/div><\/div><\/div><\/div><\/section>\n","protected":false},"excerpt":{"rendered":"Nov\u00fd kalkul\u00e1tor Buzon\u00a0: navrhn\u011bte si terasu\u00a0 na n\u011bkolik kliknut\u00ed\u00a0! Tajemstv\u00ed \u00fasp\u011b\u0161n\u00e9 terasy na ter\u010d\u00edch? Optim\u00e1ln\u00ed p\u0159\u00edprava! Proto d\u00e1l vyv\u00edj\u00edme Buzon kalkul\u00e1tor, aby v\u00e1m poskytl je\u0161t\u011b kompletn\u011bj\u0161\u00ed, p\u0159esn\u011bj\u0161\u00ed a efektivn\u011bj\u0161\u00ed v\u00fdsledek. Tento n\u00e1stroj, navr\u017een\u00fd tak, aby spl\u0148oval v\u0161echny va\u0161e po\u017eadavky, v\u00e1s krok za krokem provede p\u0159\u00edpravou a stavbou terasy na rektifika\u010dn\u00edch ter\u010d\u00edch! Nov\u00fd kalkul\u00e1tor BuzonPod\u00edvejte se...","protected":false},"author":5,"featured_media":0,"parent":0,"menu_order":3,"comment_status":"closed","ping_status":"closed","template":"","meta":{"_acf_changed":false,"footnotes":""},"accesories_category":[],"sizes":[],"plot_serie":[],"accesories_category_type":[],"accessories_categories_subtype":[],"accessories_categories_applica":[],"class_list":["post-46784","page","type-page","status-publish","hentry"],"acf":[],"yoast_head":"<!-- This site is optimized with the Yoast SEO plugin v27.1.1 - https:\/\/yoast.com\/product\/yoast-seo-wordpress\/ -->\n<title>Nov\u00fd kalkul\u00e1tor Buzon - Buzon<\/title>\n<meta name=\"description\" content=\"Buzon Pedestal International SA becomes Diamond Partner for Belgian Pavilion at Osaka World Expo 2025 : A commitment to innovation and sustainability.Buzon Pedestal International becomes Diamond Partner for Belgian Pavilion at Expo 2025 Osaka : A commitment to innovation and sustainability.\" \/>\n<meta name=\"robots\" content=\"index, follow, max-snippet:-1, max-image-preview:large, max-video-preview:-1\" \/>\n<link rel=\"canonical\" href=\"https:\/\/www.buzon-world.com\/cs\/kalkulator\/\" \/>\n<meta property=\"og:locale\" content=\"cs_CZ\" \/>\n<meta property=\"og:type\" content=\"article\" \/>\n<meta property=\"og:title\" content=\"Nov\u00fd kalkul\u00e1tor Buzon - Buzon\" \/>\n<meta property=\"og:description\" content=\"Buzon Pedestal International SA becomes Diamond Partner for Belgian Pavilion at Osaka World Expo 2025 : A commitment to innovation and sustainability.Buzon Pedestal International becomes Diamond Partner for Belgian Pavilion at Expo 2025 Osaka : A commitment to innovation and sustainability.\" \/>\n<meta property=\"og:url\" content=\"https:\/\/www.buzon-world.com\/cs\/kalkulator\/\" \/>\n<meta property=\"og:site_name\" content=\"Buzon\" \/>\n<meta property=\"article:modified_time\" content=\"2025-06-05T09:12:32+00:00\" \/>\n<meta name=\"twitter:card\" content=\"summary_large_image\" \/>\n<meta name=\"twitter:label1\" content=\"Odhadovan\u00e1 doba \u010dten\u00ed\" \/>\n\t<meta name=\"twitter:data1\" content=\"2 minuty\" \/>\n<script type=\"application\/ld+json\" class=\"yoast-schema-graph\">{\"@context\":\"https:\/\/schema.org\",\"@graph\":[{\"@type\":\"WebPage\",\"@id\":\"https:\/\/www.buzon-world.com\/cs\/kalkulator\/\",\"url\":\"https:\/\/www.buzon-world.com\/cs\/kalkulator\/\",\"name\":\"Nov\u00fd kalkul\u00e1tor Buzon - Buzon\",\"isPartOf\":{\"@id\":\"https:\/\/www.buzon-world.com\/cs\/#website\"},\"datePublished\":\"2025-04-08T06:48:06+00:00\",\"dateModified\":\"2025-06-05T09:12:32+00:00\",\"description\":\"Buzon Pedestal International SA becomes Diamond Partner for Belgian Pavilion at Osaka World Expo 2025 : A commitment to innovation and sustainability.Buzon Pedestal International becomes Diamond Partner for Belgian Pavilion at Expo 2025 Osaka : A commitment to innovation and sustainability.\",\"breadcrumb\":{\"@id\":\"https:\/\/www.buzon-world.com\/cs\/kalkulator\/#breadcrumb\"},\"inLanguage\":\"cs\",\"potentialAction\":[{\"@type\":\"ReadAction\",\"target\":[\"https:\/\/www.buzon-world.com\/cs\/kalkulator\/\"]}]},{\"@type\":\"BreadcrumbList\",\"@id\":\"https:\/\/www.buzon-world.com\/cs\/kalkulator\/#breadcrumb\",\"itemListElement\":[{\"@type\":\"ListItem\",\"position\":1,\"name\":\"Home\",\"item\":\"https:\/\/www.buzon-world.com\/cs\/\"},{\"@type\":\"ListItem\",\"position\":2,\"name\":\"Nov\u00fd kalkul\u00e1tor Buzon\"}]},{\"@type\":\"WebSite\",\"@id\":\"https:\/\/www.buzon-world.com\/cs\/#website\",\"url\":\"https:\/\/www.buzon-world.com\/cs\/\",\"name\":\"Buzon\",\"description\":\"Just another WordPress site\",\"potentialAction\":[{\"@type\":\"SearchAction\",\"target\":{\"@type\":\"EntryPoint\",\"urlTemplate\":\"https:\/\/www.buzon-world.com\/cs\/?s={search_term_string}\"},\"query-input\":{\"@type\":\"PropertyValueSpecification\",\"valueRequired\":true,\"valueName\":\"search_term_string\"}}],\"inLanguage\":\"cs\"}]}<\/script>\n<!-- \/ Yoast SEO plugin. -->","yoast_head_json":{"title":"Nov\u00fd kalkul\u00e1tor Buzon - Buzon","description":"Buzon Pedestal International SA becomes Diamond Partner for Belgian Pavilion at Osaka World Expo 2025 : A commitment to innovation and sustainability.Buzon Pedestal International becomes Diamond Partner for Belgian Pavilion at Expo 2025 Osaka : A commitment to innovation and sustainability.","robots":{"index":"index","follow":"follow","max-snippet":"max-snippet:-1","max-image-preview":"max-image-preview:large","max-video-preview":"max-video-preview:-1"},"canonical":"https:\/\/www.buzon-world.com\/cs\/kalkulator\/","og_locale":"cs_CZ","og_type":"article","og_title":"Nov\u00fd kalkul\u00e1tor Buzon - Buzon","og_description":"Buzon Pedestal International SA becomes Diamond Partner for Belgian Pavilion at Osaka World Expo 2025 : A commitment to innovation and sustainability.Buzon Pedestal International becomes Diamond Partner for Belgian Pavilion at Expo 2025 Osaka : A commitment to innovation and sustainability.","og_url":"https:\/\/www.buzon-world.com\/cs\/kalkulator\/","og_site_name":"Buzon","article_modified_time":"2025-06-05T09:12:32+00:00","twitter_card":"summary_large_image","twitter_misc":{"Odhadovan\u00e1 doba \u010dten\u00ed":"2 minuty"},"schema":{"@context":"https:\/\/schema.org","@graph":[{"@type":"WebPage","@id":"https:\/\/www.buzon-world.com\/cs\/kalkulator\/","url":"https:\/\/www.buzon-world.com\/cs\/kalkulator\/","name":"Nov\u00fd kalkul\u00e1tor Buzon - Buzon","isPartOf":{"@id":"https:\/\/www.buzon-world.com\/cs\/#website"},"datePublished":"2025-04-08T06:48:06+00:00","dateModified":"2025-06-05T09:12:32+00:00","description":"Buzon Pedestal International SA becomes Diamond Partner for Belgian Pavilion at Osaka World Expo 2025 : A commitment to innovation and sustainability.Buzon Pedestal International becomes Diamond Partner for Belgian Pavilion at Expo 2025 Osaka : A commitment to innovation and sustainability.","breadcrumb":{"@id":"https:\/\/www.buzon-world.com\/cs\/kalkulator\/#breadcrumb"},"inLanguage":"cs","potentialAction":[{"@type":"ReadAction","target":["https:\/\/www.buzon-world.com\/cs\/kalkulator\/"]}]},{"@type":"BreadcrumbList","@id":"https:\/\/www.buzon-world.com\/cs\/kalkulator\/#breadcrumb","itemListElement":[{"@type":"ListItem","position":1,"name":"Home","item":"https:\/\/www.buzon-world.com\/cs\/"},{"@type":"ListItem","position":2,"name":"Nov\u00fd kalkul\u00e1tor Buzon"}]},{"@type":"WebSite","@id":"https:\/\/www.buzon-world.com\/cs\/#website","url":"https:\/\/www.buzon-world.com\/cs\/","name":"Buzon","description":"Just another WordPress site","potentialAction":[{"@type":"SearchAction","target":{"@type":"EntryPoint","urlTemplate":"https:\/\/www.buzon-world.com\/cs\/?s={search_term_string}"},"query-input":{"@type":"PropertyValueSpecification","valueRequired":true,"valueName":"search_term_string"}}],"inLanguage":"cs"}]}},"_links":{"self":[{"href":"https:\/\/www.buzon-world.com\/cs\/wp-json\/wp\/v2\/pages\/46784","targetHints":{"allow":["GET"]}}],"collection":[{"href":"https:\/\/www.buzon-world.com\/cs\/wp-json\/wp\/v2\/pages"}],"about":[{"href":"https:\/\/www.buzon-world.com\/cs\/wp-json\/wp\/v2\/types\/page"}],"author":[{"embeddable":true,"href":"https:\/\/www.buzon-world.com\/cs\/wp-json\/wp\/v2\/users\/5"}],"replies":[{"embeddable":true,"href":"https:\/\/www.buzon-world.com\/cs\/wp-json\/wp\/v2\/comments?post=46784"}],"version-history":[{"count":3,"href":"https:\/\/www.buzon-world.com\/cs\/wp-json\/wp\/v2\/pages\/46784\/revisions"}],"predecessor-version":[{"id":46787,"href":"https:\/\/www.buzon-world.com\/cs\/wp-json\/wp\/v2\/pages\/46784\/revisions\/46787"}],"wp:attachment":[{"href":"https:\/\/www.buzon-world.com\/cs\/wp-json\/wp\/v2\/media?parent=46784"}],"wp:term":[{"taxonomy":"accesories_category","embeddable":true,"href":"https:\/\/www.buzon-world.com\/cs\/wp-json\/wp\/v2\/accesories_category?post=46784"},{"taxonomy":"sizes","embeddable":true,"href":"https:\/\/www.buzon-world.com\/cs\/wp-json\/wp\/v2\/sizes?post=46784"},{"taxonomy":"plot_serie","embeddable":true,"href":"https:\/\/www.buzon-world.com\/cs\/wp-json\/wp\/v2\/plot_serie?post=46784"},{"taxonomy":"accesories_category_type","embeddable":true,"href":"https:\/\/www.buzon-world.com\/cs\/wp-json\/wp\/v2\/accesories_category_type?post=46784"},{"taxonomy":"accessories_categories_subtype","embeddable":true,"href":"https:\/\/www.buzon-world.com\/cs\/wp-json\/wp\/v2\/accessories_categories_subtype?post=46784"},{"taxonomy":"accessories_categories_applica","embeddable":true,"href":"https:\/\/www.buzon-world.com\/cs\/wp-json\/wp\/v2\/accessories_categories_applica?post=46784"}],"curies":[{"name":"wp","href":"https:\/\/api.w.org\/{rel}","templated":true}]}}