{"id":20052,"date":"2022-10-18T15:10:02","date_gmt":"2022-10-18T13:10:02","guid":{"rendered":"https:\/\/www.buzon-world.com\/wood-or-composite-terrace\/"},"modified":"2025-06-12T09:19:10","modified_gmt":"2025-06-12T07:19:10","slug":"terrasse-aus-holz-oder-komposit","status":"publish","type":"page","link":"https:\/\/www.buzon-world.com\/de\/anwendungen\/oeffentliche-terrassen\/terrasse-aus-holz-oder-komposit\/","title":{"rendered":"Terrasse aus Holz oder Komposit"},"content":{"rendered":"<section class=\"l-section wpb_row height_auto\"><div class=\"l-section-h i-cf\"><div class=\"g-cols vc_row via_flex valign_top type_default stacking_default\"><div class=\"vc_col-sm-12 wpb_column vc_column_container\"><div class=\"vc_column-inner\"><div class=\"wpb_wrapper\">[vc_raw_html]JTVCd3BzZW9fYnJlYWRjcnVtYiU1RA==[\/vc_raw_html]<\/div><\/div><\/div><\/div><\/div><\/section><section class=\"l-section wpb_row height_medium\"><div class=\"l-section-h i-cf\"><div class=\"g-cols vc_row via_flex valign_top type_default stacking_default\"><div class=\"vc_col-sm-12 wpb_column vc_column_container\"><div class=\"vc_column-inner\"><div class=\"wpb_wrapper\"><div class=\"wpb_text_column longline\"><div class=\"wpb_wrapper\"><h2>Terrasse aus Holz oder Komposit<\/h2>\n<\/div><\/div><div class=\"w-separator size_medium\"><\/div><div class=\"w-grid us_grid blacksqgrid2 type_grid layout_6689 cols_2 preload_style_spinner\" id=\"us_grid_1\" style=\"--columns:2;--gap:25px;\"><style>@media (max-width:786px){#us_grid_1{--columns:1!important}}.layout_6689 .w-grid-item-h{}.layout_6689 .usg_post_custom_field_1{margin-top:30px!important;margin-bottom:30px!important}.layout_6689 .usg_post_custom_field_3{font-weight:700!important}<\/style><div class=\"w-grid-list\">\t<article class=\"w-grid-item size_1x1 post-20345 page type-page status-publish has-post-thumbnail hentry accesories_category-pb-series-de accesories_category-standard-zubehor accesories_category-geflieste-terrasse-auf-balken accesories_category-standard-zubehoer-2 accesories_category-terrasse-aus-holz-oder-komposit accesories_category-terrasse-aus-holz-oder-komposit-2 accesories_category-dph-series-de accesories_category_type-dph-series-de accesories_category_type-pb-series-de accessories_categories_subtype-standard-zubehor accessories_categories_applica-geflieste-terrasse-auf-balken accessories_categories_applica-terrasse-aus-holz-oder-komposit\" data-id=\"20345\">\r\n\t\t<div class=\"w-grid-item-h\">\r\n\t\t\t\t\t\t<div class=\"w-post-elm post_image usg_post_image_2 aspectsquare has_ratio\"><a href=\"https:\/\/www.buzon-world.com\/de\/produkte\/e-brs-system\/u-brs-wood-m\/\" aria-label=\"U-BRS-WOOD-M\"><img loading=\"lazy\" decoding=\"async\" width=\"300\" height=\"300\" src=\"https:\/\/www.buzon-world.com\/wp-content\/uploads\/2023\/12\/U-BRS-24MM-WOOD-M-PACKSHOT-300x300.jpg\" class=\"attachment-medium size-medium wp-post-image\" alt=\"\" \/><\/a><div style=\"padding-bottom:50.9434%\"><\/div><\/div><h3 class=\"w-post-elm post_custom_field usg_post_custom_field_1 longline type_text grid_title color_link_inherit\"><span class=\"w-post-elm-value\">Balken f\u00fcr Holz - Natural<\/span><\/h3><p class=\"w-post-elm post_custom_field usg_post_custom_field_2 type_text advantages color_link_inherit\"><span class=\"w-post-elm-before\">Vorteile: <\/span><span class=\"w-post-elm-value\"><ul>\n<li>Schnelle und einfache Installation<\/li>\n<li>Nachhaltige L\u00f6sung<\/li>\n<li>Garantiert eine hohe Stabilit\u00e4t der \u00dcberh\u00e4nge<\/li>\n<li>M\u00f6glichkeit der Verlegung von gro\u00dfformatigen Holzbrettern<\/li>\n<li>Respekt vor der Abdichtungsbahn<\/li>\n<li>Zubeh\u00f6r f\u00fcr den Terrassenbelag<\/li>\n<\/ul>\n<\/span><\/p><div class=\"w-html usg_html_2\"><br><\/div><span class=\"w-post-elm post_custom_field usg_post_custom_field_3 type_text extra_info_ color_link_inherit\"><p>Erfordert die Verwendung von PB-Sockeln.<\/p>\n<p>Holzplatten und ihre Befestigungen werden nicht von Buzon geliefert.<\/p>\n<\/span><div class=\"w-html usg_html_3\"><br><\/div><span class=\"w-post-elm post_custom_field usg_post_custom_field_4 type_text revetements color_link_inherit\"><span class=\"w-post-elm-before\">Beschichtung: <\/span><span class=\"w-post-elm-value\">Naturholz oder Verbundwerkstoff<\/span><\/span><div class=\"w-html usg_html_1\"><br><\/div><a class=\"w-btn us-btn-style_3 usg_btn_1 buttonabsolutebottom\" href=\"https:\/\/www.buzon-world.com\/de\/produkte\/e-brs-system\/u-brs-wood-m\/\"><span class=\"w-btn-label\">Mehr Infos<\/span><\/a>\t\t<\/div>\r\n\t\t\t<\/article>\r\n\t<article class=\"w-grid-item size_1x1 post-20042 page type-page status-publish has-post-thumbnail hentry accesories_category-geflieste-terrasse-auf-balken accesories_category-standard-zubehoer-2 accesories_category-terrasse-aus-holz-oder-komposit accesories_category-terrasse-aus-holz-oder-komposit-2 accesories_category-dph-series-de accesories_category-pb-series-de accesories_category-standard-zubehor accesories_category_type-dph-series-de accesories_category_type-pb-series-de accessories_categories_subtype-standard-zubehor accessories_categories_applica-geflieste-terrasse-auf-balken accessories_categories_applica-terrasse-aus-holz-oder-komposit\" data-id=\"20042\">\r\n\t\t<div class=\"w-grid-item-h\">\r\n\t\t\t\t\t\t<div class=\"w-post-elm post_image usg_post_image_2 aspectsquare has_ratio\"><a href=\"https:\/\/www.buzon-world.com\/de\/produkte\/e-brs-system\/u-brs-wood-b\/\" aria-label=\"U-BRS-WOOD-B\"><img loading=\"lazy\" decoding=\"async\" width=\"300\" height=\"300\" src=\"https:\/\/www.buzon-world.com\/wp-content\/uploads\/2023\/12\/U-BRS-24MM-WOOD-B-PACKSHOT-300x300.jpg\" class=\"attachment-medium size-medium wp-post-image\" alt=\"\" \/><\/a><div style=\"padding-bottom:50.9434%\"><\/div><\/div><h3 class=\"w-post-elm post_custom_field usg_post_custom_field_1 longline type_text grid_title color_link_inherit\"><span class=\"w-post-elm-value\">Balken f\u00fcr Holz - Schwarz<\/span><\/h3><p class=\"w-post-elm post_custom_field usg_post_custom_field_2 type_text advantages color_link_inherit\"><span class=\"w-post-elm-before\">Vorteile: <\/span><span class=\"w-post-elm-value\"><ul>\n<li>Schnelle und einfache Installation<\/li>\n<li>Nachhaltige L\u00f6sung<\/li>\n<li>Garantiert eine hohe Stabilit\u00e4t der \u00dcberh\u00e4nge<\/li>\n<li>M\u00f6glichkeit der Verlegung von gro\u00dfformatigen Holzbrettern<\/li>\n<li>Respekt vor der Abdichtungsbahn<\/li>\n<li>Zubeh\u00f6r f\u00fcr den Terrassenbelag<\/li>\n<li>Vermeidung von Reflexionen<\/li>\n<li>Besserer Widerstand gegen Erosion<\/li>\n<li>Best\u00e4ndigkeit gegen Korrosion (Chlor, nasser Beton, Meerwasser, Sand und Salz)<\/li>\n<\/ul>\n<\/span><\/p><div class=\"w-html usg_html_2\"><br><\/div><span class=\"w-post-elm post_custom_field usg_post_custom_field_3 type_text extra_info_ color_link_inherit\"><p><strong>Erfordert die Verwendung von PB-Sockeln.<\/strong><\/p>\n<p><strong>Holzplatten und ihre Befestigungen werden nicht von Buzon geliefert.<\/strong><\/p>\n<\/span><div class=\"w-html usg_html_3\"><br><\/div><span class=\"w-post-elm post_custom_field usg_post_custom_field_4 type_text revetements color_link_inherit\"><span class=\"w-post-elm-before\">Beschichtung: <\/span><span class=\"w-post-elm-value\">Naturholz oder Verbundwerkstoff<\/span><\/span><div class=\"w-html usg_html_1\"><br><\/div><a class=\"w-btn us-btn-style_3 usg_btn_1 buttonabsolutebottom\" href=\"https:\/\/www.buzon-world.com\/de\/produkte\/e-brs-system\/u-brs-wood-b\/\"><span class=\"w-btn-label\">Mehr Infos<\/span><\/a>\t\t<\/div>\r\n\t\t\t<\/article>\r\n\t<article class=\"w-grid-item size_1x1 post-20106 page type-page status-publish has-post-thumbnail hentry accesories_category-standard-zubehoer-2 accesories_category-terrasse-aus-holz-oder-komposit-2 accesories_category-terrasse-aus-holz-oder-komposit accesories_category-dph-series-de accesories_category-pb-series-de accesories_category-standard-zubehor accesories_category_type-dph-series-de accesories_category_type-pb-series-de accessories_categories_subtype-standard-zubehor accessories_categories_applica-terrasse-aus-holz-oder-komposit\" data-id=\"20106\">\r\n\t\t<div class=\"w-grid-item-h\">\r\n\t\t\t\t\t\t<div class=\"w-post-elm post_image usg_post_image_2 aspectsquare has_ratio\"><a href=\"https:\/\/www.buzon-world.com\/de\/produkte\/zubehoer\/dph-zubehoer\/dph-kit-5\/\" aria-label=\"DPH-KIT-5\"><img loading=\"lazy\" decoding=\"async\" width=\"300\" height=\"153\" src=\"https:\/\/www.buzon-world.com\/wp-content\/uploads\/2023\/05\/overview-page-DPH-WOOD-DPH-KIT-5-300x153.png\" class=\"attachment-medium size-medium wp-post-image\" alt=\"\" \/><\/a><div style=\"padding-bottom:50.9434%\"><\/div><\/div><h3 class=\"w-post-elm post_custom_field usg_post_custom_field_1 longline type_text grid_title color_link_inherit\"><span class=\"w-post-elm-value\">Balkentr\u00e4gerauflage<\/span><\/h3><p class=\"w-post-elm post_custom_field usg_post_custom_field_2 type_text advantages color_link_inherit\"><span class=\"w-post-elm-before\">Vorteile: <\/span><span class=\"w-post-elm-value\"><ul>\n<li>Schnelle und einfache Installation<\/li>\n<li>Nachhaltige L\u00f6sung<\/li>\n<li>M\u00f6glichkeit, den Balken zu befestigen<\/li>\n<li>Garantiert hohe Stabilit\u00e4t<\/li>\n<\/ul>\n<\/span><\/p><div class=\"w-html usg_html_2\"><br><\/div><span class=\"w-post-elm post_custom_field usg_post_custom_field_3 type_text extra_info_ color_link_inherit\"><p>Holzbalken werden nicht von Buzon geliefert.<\/p>\n<\/span><div class=\"w-html usg_html_3\"><br><\/div><span class=\"w-post-elm post_custom_field usg_post_custom_field_4 type_text revetements color_link_inherit\"><span class=\"w-post-elm-before\">Beschichtung: <\/span><span class=\"w-post-elm-value\">Naturholz oder Komposit<\/span><\/span><div class=\"w-html usg_html_1\"><br><\/div><a class=\"w-btn us-btn-style_3 usg_btn_1 buttonabsolutebottom\" href=\"https:\/\/www.buzon-world.com\/de\/produkte\/zubehoer\/dph-zubehoer\/dph-kit-5\/\"><span class=\"w-btn-label\">Mehr Infos<\/span><\/a>\t\t<\/div>\r\n\t\t\t<\/article>\r\n<\/div>\t<div class=\"w-grid-preloader\">\r\n\t\t<div class=\"g-preloader type_1\">\r\n\t\t\t<div><\/div>\r\n\t\t<\/div>\r\n\t<\/div>\r\n\t\t<div class=\"w-grid-json hidden\" onclick='return {&quot;action&quot;:&quot;us_ajax_grid&quot;,&quot;infinite_scroll&quot;:0,&quot;max_num_pages&quot;:1,&quot;pagination&quot;:&quot;none&quot;,&quot;template_vars&quot;:{&quot;columns&quot;:&quot;2&quot;,&quot;exclude_items&quot;:&quot;none&quot;,&quot;img_size&quot;:&quot;default&quot;,&quot;ignore_items_size&quot;:0,&quot;items_layout&quot;:&quot;6689&quot;,&quot;items_offset&quot;:&quot;1&quot;,&quot;load_animation&quot;:&quot;none&quot;,&quot;overriding_link&quot;:&quot;%7B%22url%22%3A%22%22%7D&quot;,&quot;post_id&quot;:0,&quot;query_args&quot;:{&quot;ignore_sticky_posts&quot;:1,&quot;post_type&quot;:&quot;any&quot;,&quot;post__in&quot;:[&quot;20345&quot;,&quot;20042&quot;,&quot;20106&quot;],&quot;posts_per_page&quot;:999},&quot;orderby_query_args&quot;:{&quot;orderby&quot;:{&quot;post__in&quot;:&quot;ASC&quot;},&quot;order&quot;:&quot;ASC&quot;},&quot;type&quot;:&quot;grid&quot;,&quot;us_grid_post_type&quot;:&quot;ids&quot;,&quot;us_grid_ajax_index&quot;:1,&quot;us_grid_filter_query_string&quot;:null,&quot;us_grid_index&quot;:1,&quot;page_args&quot;:[],&quot;lang&quot;:&quot;de&quot;}}'><\/div>\r\n\t<\/div><\/div><\/div><\/div><\/div><\/div><\/section>\n","protected":false},"excerpt":{"rendered":"[vc_raw_html]JTVCd3BzZW9fYnJlYWRjcnVtYiU1RCUwQQ==[\/vc_raw_html]2022-07-25DPH-KIT-5 Balkentr\u00e4gerauflage Die Tr\u00e4gerbalkenauflage DPH-KIT-5 l\u00e4sst sich durch simples Andr\u00fccken problemlos auf dem Stelzlagerkopf der DPH-Serie befestigen. Sie sorgt f\u00fcr eine feste Verbindung von Tr\u00e4gerbalken und Stelzlager beim Bau von Terrassen aus Holz- oder WPC-Dielen. Kontakt zu einem Experten DownloadsVideosDownloads Technisches Datenblatt &#8211; DPH-KIT-5 Benutzungsverfahren DPH-Kit 5ZUBEH\u00d6R IN DAS DPH-SORTIMENT DPH Series32 U-BRS-WOOD-BMehr Infos2023-12-08 DPH-TABSMehr...","protected":false},"author":1,"featured_media":7390,"parent":20449,"menu_order":2,"comment_status":"closed","ping_status":"closed","template":"","meta":{"_acf_changed":false,"footnotes":""},"accesories_category":[],"sizes":[],"plot_serie":[],"accesories_category_type":[],"accessories_categories_subtype":[],"accessories_categories_applica":[],"class_list":["post-20052","page","type-page","status-publish","has-post-thumbnail","hentry"],"acf":[],"yoast_head":"<!-- This site is optimized with the Yoast SEO plugin v27.4 - https:\/\/yoast.com\/product\/yoast-seo-wordpress\/ -->\n<title>Terrasse aus Komposit | Buzon World Stelzlager und Bodenlager<\/title>\n<meta name=\"description\" content=\"Dank der einfachen Installation eignen sich Terrassen mit Fliesen auf Tragbalken f\u00fcr Keramikfliesen, Naturstein und Betonplatten.\" \/>\n<meta name=\"robots\" content=\"index, follow, max-snippet:-1, max-image-preview:large, max-video-preview:-1\" \/>\n<link rel=\"canonical\" href=\"https:\/\/www.buzon-world.com\/de\/anwendungen\/oeffentliche-terrassen\/terrasse-aus-holz-oder-komposit\/\" \/>\n<meta property=\"og:locale\" content=\"de_DE\" \/>\n<meta property=\"og:type\" content=\"article\" \/>\n<meta property=\"og:title\" content=\"Terrasse aus Komposit | Buzon World Stelzlager und Bodenlager\" \/>\n<meta property=\"og:description\" content=\"Dank der einfachen Installation eignen sich Terrassen mit Fliesen auf Tragbalken f\u00fcr Keramikfliesen, Naturstein und Betonplatten.\" \/>\n<meta property=\"og:url\" content=\"https:\/\/www.buzon-world.com\/de\/anwendungen\/oeffentliche-terrassen\/terrasse-aus-holz-oder-komposit\/\" \/>\n<meta property=\"og:site_name\" content=\"Buzon\" \/>\n<meta property=\"article:modified_time\" content=\"2025-06-12T07:19:10+00:00\" \/>\n<meta property=\"og:image\" content=\"https:\/\/www.buzon-world.com\/wp-content\/uploads\/2023\/05\/overview-page-DPH-WOOD-DPH-KIT-5.png\" \/>\n\t<meta property=\"og:image:width\" content=\"595\" \/>\n\t<meta property=\"og:image:height\" content=\"303\" \/>\n\t<meta property=\"og:image:type\" content=\"image\/png\" \/>\n<meta name=\"twitter:card\" content=\"summary_large_image\" \/>\n<meta name=\"twitter:label1\" content=\"Gesch\u00e4tzte Lesezeit\" \/>\n\t<meta name=\"twitter:data1\" content=\"1\u00a0Minute\" \/>\n<script type=\"application\/ld+json\" class=\"yoast-schema-graph\">{\"@context\":\"https:\\\/\\\/schema.org\",\"@graph\":[{\"@type\":\"WebPage\",\"@id\":\"https:\\\/\\\/www.buzon-world.com\\\/de\\\/anwendungen\\\/oeffentliche-terrassen\\\/terrasse-aus-holz-oder-komposit\\\/\",\"url\":\"https:\\\/\\\/www.buzon-world.com\\\/de\\\/anwendungen\\\/oeffentliche-terrassen\\\/terrasse-aus-holz-oder-komposit\\\/\",\"name\":\"Terrasse aus Komposit | Buzon World Stelzlager und Bodenlager\",\"isPartOf\":{\"@id\":\"https:\\\/\\\/www.buzon-world.com\\\/de\\\/#website\"},\"primaryImageOfPage\":{\"@id\":\"https:\\\/\\\/www.buzon-world.com\\\/de\\\/anwendungen\\\/oeffentliche-terrassen\\\/terrasse-aus-holz-oder-komposit\\\/#primaryimage\"},\"image\":{\"@id\":\"https:\\\/\\\/www.buzon-world.com\\\/de\\\/anwendungen\\\/oeffentliche-terrassen\\\/terrasse-aus-holz-oder-komposit\\\/#primaryimage\"},\"thumbnailUrl\":\"https:\\\/\\\/www.buzon-world.com\\\/wp-content\\\/uploads\\\/2023\\\/05\\\/overview-page-DPH-WOOD-DPH-KIT-5.png\",\"datePublished\":\"2022-10-18T13:10:02+00:00\",\"dateModified\":\"2025-06-12T07:19:10+00:00\",\"description\":\"Dank der einfachen Installation eignen sich Terrassen mit Fliesen auf Tragbalken f\u00fcr Keramikfliesen, Naturstein und Betonplatten.\",\"breadcrumb\":{\"@id\":\"https:\\\/\\\/www.buzon-world.com\\\/de\\\/anwendungen\\\/oeffentliche-terrassen\\\/terrasse-aus-holz-oder-komposit\\\/#breadcrumb\"},\"inLanguage\":\"de\",\"potentialAction\":[{\"@type\":\"ReadAction\",\"target\":[\"https:\\\/\\\/www.buzon-world.com\\\/de\\\/anwendungen\\\/oeffentliche-terrassen\\\/terrasse-aus-holz-oder-komposit\\\/\"]}]},{\"@type\":\"ImageObject\",\"inLanguage\":\"de\",\"@id\":\"https:\\\/\\\/www.buzon-world.com\\\/de\\\/anwendungen\\\/oeffentliche-terrassen\\\/terrasse-aus-holz-oder-komposit\\\/#primaryimage\",\"url\":\"https:\\\/\\\/www.buzon-world.com\\\/wp-content\\\/uploads\\\/2023\\\/05\\\/overview-page-DPH-WOOD-DPH-KIT-5.png\",\"contentUrl\":\"https:\\\/\\\/www.buzon-world.com\\\/wp-content\\\/uploads\\\/2023\\\/05\\\/overview-page-DPH-WOOD-DPH-KIT-5.png\",\"width\":595,\"height\":303},{\"@type\":\"BreadcrumbList\",\"@id\":\"https:\\\/\\\/www.buzon-world.com\\\/de\\\/anwendungen\\\/oeffentliche-terrassen\\\/terrasse-aus-holz-oder-komposit\\\/#breadcrumb\",\"itemListElement\":[{\"@type\":\"ListItem\",\"position\":1,\"name\":\"Home\",\"item\":\"https:\\\/\\\/www.buzon-world.com\\\/de\\\/\"},{\"@type\":\"ListItem\",\"position\":2,\"name\":\"Anwendungen\",\"item\":\"https:\\\/\\\/www.buzon-world.com\\\/de\\\/anwendungen\\\/\"},{\"@type\":\"ListItem\",\"position\":3,\"name\":\"\u00d6ffentliche Terrassen\",\"item\":\"https:\\\/\\\/www.buzon-world.com\\\/de\\\/anwendungen\\\/oeffentliche-terrassen\\\/\"},{\"@type\":\"ListItem\",\"position\":4,\"name\":\"Terrasse aus Holz oder Komposit\"}]},{\"@type\":\"WebSite\",\"@id\":\"https:\\\/\\\/www.buzon-world.com\\\/de\\\/#website\",\"url\":\"https:\\\/\\\/www.buzon-world.com\\\/de\\\/\",\"name\":\"Buzon\",\"description\":\"Just another WordPress site\",\"potentialAction\":[{\"@type\":\"SearchAction\",\"target\":{\"@type\":\"EntryPoint\",\"urlTemplate\":\"https:\\\/\\\/www.buzon-world.com\\\/de\\\/?s={search_term_string}\"},\"query-input\":{\"@type\":\"PropertyValueSpecification\",\"valueRequired\":true,\"valueName\":\"search_term_string\"}}],\"inLanguage\":\"de\"}]}<\/script>\n<!-- \/ Yoast SEO plugin. -->","yoast_head_json":{"title":"Terrasse aus Komposit | Buzon World Stelzlager und Bodenlager","description":"Dank der einfachen Installation eignen sich Terrassen mit Fliesen auf Tragbalken f\u00fcr Keramikfliesen, Naturstein und Betonplatten.","robots":{"index":"index","follow":"follow","max-snippet":"max-snippet:-1","max-image-preview":"max-image-preview:large","max-video-preview":"max-video-preview:-1"},"canonical":"https:\/\/www.buzon-world.com\/de\/anwendungen\/oeffentliche-terrassen\/terrasse-aus-holz-oder-komposit\/","og_locale":"de_DE","og_type":"article","og_title":"Terrasse aus Komposit | Buzon World Stelzlager und Bodenlager","og_description":"Dank der einfachen Installation eignen sich Terrassen mit Fliesen auf Tragbalken f\u00fcr Keramikfliesen, Naturstein und Betonplatten.","og_url":"https:\/\/www.buzon-world.com\/de\/anwendungen\/oeffentliche-terrassen\/terrasse-aus-holz-oder-komposit\/","og_site_name":"Buzon","article_modified_time":"2025-06-12T07:19:10+00:00","og_image":[{"width":595,"height":303,"url":"https:\/\/www.buzon-world.com\/wp-content\/uploads\/2023\/05\/overview-page-DPH-WOOD-DPH-KIT-5.png","type":"image\/png"}],"twitter_card":"summary_large_image","twitter_misc":{"Gesch\u00e4tzte Lesezeit":"1\u00a0Minute"},"schema":{"@context":"https:\/\/schema.org","@graph":[{"@type":"WebPage","@id":"https:\/\/www.buzon-world.com\/de\/anwendungen\/oeffentliche-terrassen\/terrasse-aus-holz-oder-komposit\/","url":"https:\/\/www.buzon-world.com\/de\/anwendungen\/oeffentliche-terrassen\/terrasse-aus-holz-oder-komposit\/","name":"Terrasse aus Komposit | Buzon World Stelzlager und Bodenlager","isPartOf":{"@id":"https:\/\/www.buzon-world.com\/de\/#website"},"primaryImageOfPage":{"@id":"https:\/\/www.buzon-world.com\/de\/anwendungen\/oeffentliche-terrassen\/terrasse-aus-holz-oder-komposit\/#primaryimage"},"image":{"@id":"https:\/\/www.buzon-world.com\/de\/anwendungen\/oeffentliche-terrassen\/terrasse-aus-holz-oder-komposit\/#primaryimage"},"thumbnailUrl":"https:\/\/www.buzon-world.com\/wp-content\/uploads\/2023\/05\/overview-page-DPH-WOOD-DPH-KIT-5.png","datePublished":"2022-10-18T13:10:02+00:00","dateModified":"2025-06-12T07:19:10+00:00","description":"Dank der einfachen Installation eignen sich Terrassen mit Fliesen auf Tragbalken f\u00fcr Keramikfliesen, Naturstein und Betonplatten.","breadcrumb":{"@id":"https:\/\/www.buzon-world.com\/de\/anwendungen\/oeffentliche-terrassen\/terrasse-aus-holz-oder-komposit\/#breadcrumb"},"inLanguage":"de","potentialAction":[{"@type":"ReadAction","target":["https:\/\/www.buzon-world.com\/de\/anwendungen\/oeffentliche-terrassen\/terrasse-aus-holz-oder-komposit\/"]}]},{"@type":"ImageObject","inLanguage":"de","@id":"https:\/\/www.buzon-world.com\/de\/anwendungen\/oeffentliche-terrassen\/terrasse-aus-holz-oder-komposit\/#primaryimage","url":"https:\/\/www.buzon-world.com\/wp-content\/uploads\/2023\/05\/overview-page-DPH-WOOD-DPH-KIT-5.png","contentUrl":"https:\/\/www.buzon-world.com\/wp-content\/uploads\/2023\/05\/overview-page-DPH-WOOD-DPH-KIT-5.png","width":595,"height":303},{"@type":"BreadcrumbList","@id":"https:\/\/www.buzon-world.com\/de\/anwendungen\/oeffentliche-terrassen\/terrasse-aus-holz-oder-komposit\/#breadcrumb","itemListElement":[{"@type":"ListItem","position":1,"name":"Home","item":"https:\/\/www.buzon-world.com\/de\/"},{"@type":"ListItem","position":2,"name":"Anwendungen","item":"https:\/\/www.buzon-world.com\/de\/anwendungen\/"},{"@type":"ListItem","position":3,"name":"\u00d6ffentliche Terrassen","item":"https:\/\/www.buzon-world.com\/de\/anwendungen\/oeffentliche-terrassen\/"},{"@type":"ListItem","position":4,"name":"Terrasse aus Holz oder Komposit"}]},{"@type":"WebSite","@id":"https:\/\/www.buzon-world.com\/de\/#website","url":"https:\/\/www.buzon-world.com\/de\/","name":"Buzon","description":"Just another WordPress site","potentialAction":[{"@type":"SearchAction","target":{"@type":"EntryPoint","urlTemplate":"https:\/\/www.buzon-world.com\/de\/?s={search_term_string}"},"query-input":{"@type":"PropertyValueSpecification","valueRequired":true,"valueName":"search_term_string"}}],"inLanguage":"de"}]}},"_links":{"self":[{"href":"https:\/\/www.buzon-world.com\/de\/wp-json\/wp\/v2\/pages\/20052","targetHints":{"allow":["GET"]}}],"collection":[{"href":"https:\/\/www.buzon-world.com\/de\/wp-json\/wp\/v2\/pages"}],"about":[{"href":"https:\/\/www.buzon-world.com\/de\/wp-json\/wp\/v2\/types\/page"}],"author":[{"embeddable":true,"href":"https:\/\/www.buzon-world.com\/de\/wp-json\/wp\/v2\/users\/1"}],"replies":[{"embeddable":true,"href":"https:\/\/www.buzon-world.com\/de\/wp-json\/wp\/v2\/comments?post=20052"}],"version-history":[{"count":4,"href":"https:\/\/www.buzon-world.com\/de\/wp-json\/wp\/v2\/pages\/20052\/revisions"}],"predecessor-version":[{"id":33918,"href":"https:\/\/www.buzon-world.com\/de\/wp-json\/wp\/v2\/pages\/20052\/revisions\/33918"}],"up":[{"embeddable":true,"href":"https:\/\/www.buzon-world.com\/de\/wp-json\/wp\/v2\/pages\/20449"}],"wp:featuredmedia":[{"embeddable":true,"href":"https:\/\/www.buzon-world.com\/de\/wp-json\/wp\/v2\/media\/7390"}],"wp:attachment":[{"href":"https:\/\/www.buzon-world.com\/de\/wp-json\/wp\/v2\/media?parent=20052"}],"wp:term":[{"taxonomy":"accesories_category","embeddable":true,"href":"https:\/\/www.buzon-world.com\/de\/wp-json\/wp\/v2\/accesories_category?post=20052"},{"taxonomy":"sizes","embeddable":true,"href":"https:\/\/www.buzon-world.com\/de\/wp-json\/wp\/v2\/sizes?post=20052"},{"taxonomy":"plot_serie","embeddable":true,"href":"https:\/\/www.buzon-world.com\/de\/wp-json\/wp\/v2\/plot_serie?post=20052"},{"taxonomy":"accesories_category_type","embeddable":true,"href":"https:\/\/www.buzon-world.com\/de\/wp-json\/wp\/v2\/accesories_category_type?post=20052"},{"taxonomy":"accessories_categories_subtype","embeddable":true,"href":"https:\/\/www.buzon-world.com\/de\/wp-json\/wp\/v2\/accessories_categories_subtype?post=20052"},{"taxonomy":"accessories_categories_applica","embeddable":true,"href":"https:\/\/www.buzon-world.com\/de\/wp-json\/wp\/v2\/accessories_categories_applica?post=20052"}],"curies":[{"name":"wp","href":"https:\/\/api.w.org\/{rel}","templated":true}]}}