{"id":20059,"date":"2022-10-18T15:10:01","date_gmt":"2022-10-18T13:10:01","guid":{"rendered":"https:\/\/www.buzon-world.com\/tiled-terrace-on-joists\/"},"modified":"2025-06-12T09:11:03","modified_gmt":"2025-06-12T07:11:03","slug":"geflieste-terrasse-auf-balken","status":"publish","type":"page","link":"https:\/\/www.buzon-world.com\/de\/anwendungen\/oeffentliche-terrassen\/geflieste-terrasse-auf-balken\/","title":{"rendered":"Geflieste Terrasse auf Balken"},"content":{"rendered":"<section class=\"l-section wpb_row height_auto\"><div class=\"l-section-h i-cf\"><div class=\"g-cols vc_row via_flex valign_top type_default stacking_default\"><div class=\"vc_col-sm-12 wpb_column vc_column_container\"><div class=\"vc_column-inner\"><div class=\"wpb_wrapper\">[vc_raw_html]JTVCd3BzZW9fYnJlYWRjcnVtYiU1RA==[\/vc_raw_html]<\/div><\/div><\/div><\/div><\/div><\/section><section class=\"l-section wpb_row height_medium\"><div class=\"l-section-h i-cf\"><div class=\"g-cols vc_row via_flex valign_top type_default stacking_default\"><div class=\"vc_col-sm-12 wpb_column vc_column_container\"><div class=\"vc_column-inner\"><div class=\"wpb_wrapper\"><div class=\"wpb_text_column longline\"><div class=\"wpb_wrapper\"><h2>Geflieste Terrasse auf Balken<\/h2>\n<\/div><\/div><div class=\"w-separator size_medium\"><\/div><div class=\"w-grid us_grid blacksqgrid2 type_grid layout_6689 no_results cols_2 preload_style_spinner\" id=\"us_grid_1\" style=\"--columns:2;--gap:25px;\"><style>@media (max-width:786px){#us_grid_1{--columns:1!important}}.layout_6689 .w-grid-item-h{}.layout_6689 .usg_post_custom_field_1{margin-top:30px!important;margin-bottom:30px!important}.layout_6689 .usg_post_custom_field_3{font-weight:700!important}<\/style><div class=\"w-grid-list\"><\/div>\t<div class=\"w-grid-preloader\">\r\n\t\t<div class=\"g-preloader type_1\">\r\n\t\t\t<div><\/div>\r\n\t\t<\/div>\r\n\t<\/div>\r\n\t\t<div class=\"w-grid-json hidden\" onclick='return {&quot;action&quot;:&quot;us_ajax_grid&quot;,&quot;infinite_scroll&quot;:0,&quot;max_num_pages&quot;:0,&quot;pagination&quot;:&quot;none&quot;,&quot;template_vars&quot;:{&quot;columns&quot;:&quot;2&quot;,&quot;exclude_items&quot;:&quot;none&quot;,&quot;img_size&quot;:&quot;default&quot;,&quot;ignore_items_size&quot;:0,&quot;items_layout&quot;:&quot;6689&quot;,&quot;items_offset&quot;:&quot;1&quot;,&quot;load_animation&quot;:&quot;none&quot;,&quot;overriding_link&quot;:&quot;{\\&quot;url\\&quot;:\\&quot;\\&quot;}&quot;,&quot;post_id&quot;:0,&quot;query_args&quot;:{&quot;ignore_sticky_posts&quot;:1,&quot;post_type&quot;:&quot;any&quot;,&quot;post__in&quot;:[&quot;1338&quot;,&quot;1342&quot;],&quot;posts_per_page&quot;:999},&quot;orderby_query_args&quot;:{&quot;orderby&quot;:{&quot;post__in&quot;:&quot;ASC&quot;},&quot;order&quot;:&quot;ASC&quot;},&quot;type&quot;:&quot;grid&quot;,&quot;us_grid_post_type&quot;:&quot;ids&quot;,&quot;us_grid_ajax_index&quot;:1,&quot;us_grid_filter_query_string&quot;:null,&quot;us_grid_index&quot;:1,&quot;page_args&quot;:[],&quot;lang&quot;:&quot;de&quot;}}'><\/div>\r\n\t<\/div><div class=\"w-grid-none type_message\">Es wurden keine Ergebnisse gefunden.<\/div><\/div><\/div><\/div><\/div><\/div><\/section>\n","protected":false},"excerpt":{"rendered":"[vc_raw_html]JTVCd3BzZW9fYnJlYWRjcnVtYiU1RA==[\/vc_raw_html]Geflieste Terrasse auf Balken Es wurden keine Ergebnisse gefunden.","protected":false},"author":1,"featured_media":7285,"parent":20449,"menu_order":1,"comment_status":"closed","ping_status":"closed","template":"","meta":{"_acf_changed":false,"footnotes":""},"accesories_category":[],"sizes":[],"plot_serie":[],"accesories_category_type":[],"accessories_categories_subtype":[],"accessories_categories_applica":[],"class_list":["post-20059","page","type-page","status-publish","has-post-thumbnail","hentry"],"acf":[],"yoast_head":"<!-- This site is optimized with the Yoast SEO plugin v27.1.1 - https:\/\/yoast.com\/product\/yoast-seo-wordpress\/ -->\n<title>Geflieste Terrasse | Buzon World Terrassentr\u00e4ger und Bodenlager<\/title>\n<meta name=\"description\" content=\"Unsere Bodenlager sind geeignet f\u00fcr Keramikfliesen, Naturstein, Beton, Gitterroste und mehr. \u00dcber 35 Jahre Erfahrung und Fachkompetenz.\" \/>\n<meta name=\"robots\" content=\"index, follow, max-snippet:-1, max-image-preview:large, max-video-preview:-1\" \/>\n<link rel=\"canonical\" href=\"https:\/\/www.buzon-world.com\/de\/anwendungen\/oeffentliche-terrassen\/geflieste-terrasse-auf-balken\/\" \/>\n<meta property=\"og:locale\" content=\"de_DE\" \/>\n<meta property=\"og:type\" content=\"article\" \/>\n<meta property=\"og:title\" content=\"Geflieste Terrasse | Buzon World Terrassentr\u00e4ger und Bodenlager\" \/>\n<meta property=\"og:description\" content=\"Unsere Bodenlager sind geeignet f\u00fcr Keramikfliesen, Naturstein, Beton, Gitterroste und mehr. \u00dcber 35 Jahre Erfahrung und Fachkompetenz.\" \/>\n<meta property=\"og:url\" content=\"https:\/\/www.buzon-world.com\/de\/anwendungen\/oeffentliche-terrassen\/geflieste-terrasse-auf-balken\/\" \/>\n<meta property=\"og:site_name\" content=\"Buzon\" \/>\n<meta property=\"article:modified_time\" content=\"2025-06-12T07:11:03+00:00\" \/>\n<meta property=\"og:image\" content=\"https:\/\/www.buzon-world.com\/wp-content\/uploads\/2023\/05\/overview-page-PB-JOISTS-U-BRS-M.png\" \/>\n\t<meta property=\"og:image:width\" content=\"595\" \/>\n\t<meta property=\"og:image:height\" content=\"303\" \/>\n\t<meta property=\"og:image:type\" content=\"image\/png\" \/>\n<meta name=\"twitter:card\" content=\"summary_large_image\" \/>\n<meta name=\"twitter:label1\" content=\"Gesch\u00e4tzte Lesezeit\" \/>\n\t<meta name=\"twitter:data1\" content=\"1\u00a0Minute\" \/>\n<script type=\"application\/ld+json\" class=\"yoast-schema-graph\">{\"@context\":\"https:\/\/schema.org\",\"@graph\":[{\"@type\":\"WebPage\",\"@id\":\"https:\/\/www.buzon-world.com\/de\/anwendungen\/oeffentliche-terrassen\/geflieste-terrasse-auf-balken\/\",\"url\":\"https:\/\/www.buzon-world.com\/de\/anwendungen\/oeffentliche-terrassen\/geflieste-terrasse-auf-balken\/\",\"name\":\"Geflieste Terrasse | Buzon World Terrassentr\u00e4ger und Bodenlager\",\"isPartOf\":{\"@id\":\"https:\/\/www.buzon-world.com\/de\/#website\"},\"primaryImageOfPage\":{\"@id\":\"https:\/\/www.buzon-world.com\/de\/anwendungen\/oeffentliche-terrassen\/geflieste-terrasse-auf-balken\/#primaryimage\"},\"image\":{\"@id\":\"https:\/\/www.buzon-world.com\/de\/anwendungen\/oeffentliche-terrassen\/geflieste-terrasse-auf-balken\/#primaryimage\"},\"thumbnailUrl\":\"https:\/\/www.buzon-world.com\/wp-content\/uploads\/2023\/05\/overview-page-PB-JOISTS-U-BRS-M.png\",\"datePublished\":\"2022-10-18T13:10:01+00:00\",\"dateModified\":\"2025-06-12T07:11:03+00:00\",\"description\":\"Unsere Bodenlager sind geeignet f\u00fcr Keramikfliesen, Naturstein, Beton, Gitterroste und mehr. \u00dcber 35 Jahre Erfahrung und Fachkompetenz.\",\"breadcrumb\":{\"@id\":\"https:\/\/www.buzon-world.com\/de\/anwendungen\/oeffentliche-terrassen\/geflieste-terrasse-auf-balken\/#breadcrumb\"},\"inLanguage\":\"de\",\"potentialAction\":[{\"@type\":\"ReadAction\",\"target\":[\"https:\/\/www.buzon-world.com\/de\/anwendungen\/oeffentliche-terrassen\/geflieste-terrasse-auf-balken\/\"]}]},{\"@type\":\"ImageObject\",\"inLanguage\":\"de\",\"@id\":\"https:\/\/www.buzon-world.com\/de\/anwendungen\/oeffentliche-terrassen\/geflieste-terrasse-auf-balken\/#primaryimage\",\"url\":\"https:\/\/www.buzon-world.com\/wp-content\/uploads\/2023\/05\/overview-page-PB-JOISTS-U-BRS-M.png\",\"contentUrl\":\"https:\/\/www.buzon-world.com\/wp-content\/uploads\/2023\/05\/overview-page-PB-JOISTS-U-BRS-M.png\",\"width\":595,\"height\":303},{\"@type\":\"BreadcrumbList\",\"@id\":\"https:\/\/www.buzon-world.com\/de\/anwendungen\/oeffentliche-terrassen\/geflieste-terrasse-auf-balken\/#breadcrumb\",\"itemListElement\":[{\"@type\":\"ListItem\",\"position\":1,\"name\":\"Home\",\"item\":\"https:\/\/www.buzon-world.com\/de\/\"},{\"@type\":\"ListItem\",\"position\":2,\"name\":\"Anwendungen\",\"item\":\"https:\/\/www.buzon-world.com\/de\/anwendungen\/\"},{\"@type\":\"ListItem\",\"position\":3,\"name\":\"\u00d6ffentliche Terrassen\",\"item\":\"https:\/\/www.buzon-world.com\/de\/anwendungen\/oeffentliche-terrassen\/\"},{\"@type\":\"ListItem\",\"position\":4,\"name\":\"Geflieste Terrasse auf Balken\"}]},{\"@type\":\"WebSite\",\"@id\":\"https:\/\/www.buzon-world.com\/de\/#website\",\"url\":\"https:\/\/www.buzon-world.com\/de\/\",\"name\":\"Buzon\",\"description\":\"Just another WordPress site\",\"potentialAction\":[{\"@type\":\"SearchAction\",\"target\":{\"@type\":\"EntryPoint\",\"urlTemplate\":\"https:\/\/www.buzon-world.com\/de\/?s={search_term_string}\"},\"query-input\":{\"@type\":\"PropertyValueSpecification\",\"valueRequired\":true,\"valueName\":\"search_term_string\"}}],\"inLanguage\":\"de\"}]}<\/script>\n<!-- \/ Yoast SEO plugin. -->","yoast_head_json":{"title":"Geflieste Terrasse | Buzon World Terrassentr\u00e4ger und Bodenlager","description":"Unsere Bodenlager sind geeignet f\u00fcr Keramikfliesen, Naturstein, Beton, Gitterroste und mehr. \u00dcber 35 Jahre Erfahrung und Fachkompetenz.","robots":{"index":"index","follow":"follow","max-snippet":"max-snippet:-1","max-image-preview":"max-image-preview:large","max-video-preview":"max-video-preview:-1"},"canonical":"https:\/\/www.buzon-world.com\/de\/anwendungen\/oeffentliche-terrassen\/geflieste-terrasse-auf-balken\/","og_locale":"de_DE","og_type":"article","og_title":"Geflieste Terrasse | Buzon World Terrassentr\u00e4ger und Bodenlager","og_description":"Unsere Bodenlager sind geeignet f\u00fcr Keramikfliesen, Naturstein, Beton, Gitterroste und mehr. \u00dcber 35 Jahre Erfahrung und Fachkompetenz.","og_url":"https:\/\/www.buzon-world.com\/de\/anwendungen\/oeffentliche-terrassen\/geflieste-terrasse-auf-balken\/","og_site_name":"Buzon","article_modified_time":"2025-06-12T07:11:03+00:00","og_image":[{"width":595,"height":303,"url":"https:\/\/www.buzon-world.com\/wp-content\/uploads\/2023\/05\/overview-page-PB-JOISTS-U-BRS-M.png","type":"image\/png"}],"twitter_card":"summary_large_image","twitter_misc":{"Gesch\u00e4tzte Lesezeit":"1\u00a0Minute"},"schema":{"@context":"https:\/\/schema.org","@graph":[{"@type":"WebPage","@id":"https:\/\/www.buzon-world.com\/de\/anwendungen\/oeffentliche-terrassen\/geflieste-terrasse-auf-balken\/","url":"https:\/\/www.buzon-world.com\/de\/anwendungen\/oeffentliche-terrassen\/geflieste-terrasse-auf-balken\/","name":"Geflieste Terrasse | Buzon World Terrassentr\u00e4ger und Bodenlager","isPartOf":{"@id":"https:\/\/www.buzon-world.com\/de\/#website"},"primaryImageOfPage":{"@id":"https:\/\/www.buzon-world.com\/de\/anwendungen\/oeffentliche-terrassen\/geflieste-terrasse-auf-balken\/#primaryimage"},"image":{"@id":"https:\/\/www.buzon-world.com\/de\/anwendungen\/oeffentliche-terrassen\/geflieste-terrasse-auf-balken\/#primaryimage"},"thumbnailUrl":"https:\/\/www.buzon-world.com\/wp-content\/uploads\/2023\/05\/overview-page-PB-JOISTS-U-BRS-M.png","datePublished":"2022-10-18T13:10:01+00:00","dateModified":"2025-06-12T07:11:03+00:00","description":"Unsere Bodenlager sind geeignet f\u00fcr Keramikfliesen, Naturstein, Beton, Gitterroste und mehr. \u00dcber 35 Jahre Erfahrung und Fachkompetenz.","breadcrumb":{"@id":"https:\/\/www.buzon-world.com\/de\/anwendungen\/oeffentliche-terrassen\/geflieste-terrasse-auf-balken\/#breadcrumb"},"inLanguage":"de","potentialAction":[{"@type":"ReadAction","target":["https:\/\/www.buzon-world.com\/de\/anwendungen\/oeffentliche-terrassen\/geflieste-terrasse-auf-balken\/"]}]},{"@type":"ImageObject","inLanguage":"de","@id":"https:\/\/www.buzon-world.com\/de\/anwendungen\/oeffentliche-terrassen\/geflieste-terrasse-auf-balken\/#primaryimage","url":"https:\/\/www.buzon-world.com\/wp-content\/uploads\/2023\/05\/overview-page-PB-JOISTS-U-BRS-M.png","contentUrl":"https:\/\/www.buzon-world.com\/wp-content\/uploads\/2023\/05\/overview-page-PB-JOISTS-U-BRS-M.png","width":595,"height":303},{"@type":"BreadcrumbList","@id":"https:\/\/www.buzon-world.com\/de\/anwendungen\/oeffentliche-terrassen\/geflieste-terrasse-auf-balken\/#breadcrumb","itemListElement":[{"@type":"ListItem","position":1,"name":"Home","item":"https:\/\/www.buzon-world.com\/de\/"},{"@type":"ListItem","position":2,"name":"Anwendungen","item":"https:\/\/www.buzon-world.com\/de\/anwendungen\/"},{"@type":"ListItem","position":3,"name":"\u00d6ffentliche Terrassen","item":"https:\/\/www.buzon-world.com\/de\/anwendungen\/oeffentliche-terrassen\/"},{"@type":"ListItem","position":4,"name":"Geflieste Terrasse auf Balken"}]},{"@type":"WebSite","@id":"https:\/\/www.buzon-world.com\/de\/#website","url":"https:\/\/www.buzon-world.com\/de\/","name":"Buzon","description":"Just another WordPress site","potentialAction":[{"@type":"SearchAction","target":{"@type":"EntryPoint","urlTemplate":"https:\/\/www.buzon-world.com\/de\/?s={search_term_string}"},"query-input":{"@type":"PropertyValueSpecification","valueRequired":true,"valueName":"search_term_string"}}],"inLanguage":"de"}]}},"_links":{"self":[{"href":"https:\/\/www.buzon-world.com\/de\/wp-json\/wp\/v2\/pages\/20059","targetHints":{"allow":["GET"]}}],"collection":[{"href":"https:\/\/www.buzon-world.com\/de\/wp-json\/wp\/v2\/pages"}],"about":[{"href":"https:\/\/www.buzon-world.com\/de\/wp-json\/wp\/v2\/types\/page"}],"author":[{"embeddable":true,"href":"https:\/\/www.buzon-world.com\/de\/wp-json\/wp\/v2\/users\/1"}],"replies":[{"embeddable":true,"href":"https:\/\/www.buzon-world.com\/de\/wp-json\/wp\/v2\/comments?post=20059"}],"version-history":[{"count":2,"href":"https:\/\/www.buzon-world.com\/de\/wp-json\/wp\/v2\/pages\/20059\/revisions"}],"predecessor-version":[{"id":22115,"href":"https:\/\/www.buzon-world.com\/de\/wp-json\/wp\/v2\/pages\/20059\/revisions\/22115"}],"up":[{"embeddable":true,"href":"https:\/\/www.buzon-world.com\/de\/wp-json\/wp\/v2\/pages\/20449"}],"wp:featuredmedia":[{"embeddable":true,"href":"https:\/\/www.buzon-world.com\/de\/wp-json\/wp\/v2\/media\/7285"}],"wp:attachment":[{"href":"https:\/\/www.buzon-world.com\/de\/wp-json\/wp\/v2\/media?parent=20059"}],"wp:term":[{"taxonomy":"accesories_category","embeddable":true,"href":"https:\/\/www.buzon-world.com\/de\/wp-json\/wp\/v2\/accesories_category?post=20059"},{"taxonomy":"sizes","embeddable":true,"href":"https:\/\/www.buzon-world.com\/de\/wp-json\/wp\/v2\/sizes?post=20059"},{"taxonomy":"plot_serie","embeddable":true,"href":"https:\/\/www.buzon-world.com\/de\/wp-json\/wp\/v2\/plot_serie?post=20059"},{"taxonomy":"accesories_category_type","embeddable":true,"href":"https:\/\/www.buzon-world.com\/de\/wp-json\/wp\/v2\/accesories_category_type?post=20059"},{"taxonomy":"accessories_categories_subtype","embeddable":true,"href":"https:\/\/www.buzon-world.com\/de\/wp-json\/wp\/v2\/accessories_categories_subtype?post=20059"},{"taxonomy":"accessories_categories_applica","embeddable":true,"href":"https:\/\/www.buzon-world.com\/de\/wp-json\/wp\/v2\/accessories_categories_applica?post=20059"}],"curies":[{"name":"wp","href":"https:\/\/api.w.org\/{rel}","templated":true}]}}