{"id":20367,"date":"2022-07-05T15:50:11","date_gmt":"2022-07-05T13:50:11","guid":{"rendered":"https:\/\/www.buzon-world.com\/about-us\/a-shared-objective\/"},"modified":"2025-06-06T14:15:18","modified_gmt":"2025-06-06T12:15:18","slug":"ein-gemeinsames-anliegen","status":"publish","type":"page","link":"https:\/\/www.buzon-world.com\/de\/ueber-uns\/ein-gemeinsames-anliegen\/","title":{"rendered":"Ein gemeinsames Anliegen"},"content":{"rendered":"<section class=\"l-section wpb_row height_auto\"><div class=\"l-section-h i-cf\"><div class=\"g-cols vc_row via_flex valign_top type_default reversed stacking_default\"><div class=\"vc_col-sm-5 wpb_column vc_column_container\"><div class=\"vc_column-inner\"><div class=\"wpb_wrapper\">[vc_raw_html]JTVCd3BzZW9fYnJlYWRjcnVtYiU1RCUwQQ==[\/vc_raw_html]<div class=\"w-separator size_medium\"><\/div><div class=\"wpb_text_column\"><div class=\"wpb_wrapper\"><h1>Ein gemeinsames Anliegen<\/h1>\n<\/div><\/div><div class=\"w-separator size_large\"><\/div><\/div><\/div><\/div><div class=\"vc_col-sm-1 wpb_column vc_column_container\"><div class=\"vc_column-inner\"><div class=\"wpb_wrapper\"><\/div><\/div><\/div><div class=\"vc_col-sm-6 wpb_column vc_column_container m300 has_bg_color\"><div class=\"vc_column-inner us_custom_4078679f\"><div class=\"wpb_wrapper\"><\/div><\/div><\/div><\/div><\/div><\/section><section class=\"l-section wpb_row height_large\"><div class=\"l-section-h i-cf\"><div class=\"g-cols vc_row via_flex valign_top type_default stacking_default\" style=\"--additional-gap:20px;\"><div class=\"vc_col-sm-12 vc_col-lg-4 vc_col-md-4 vc_col-xs-12 wpb_column vc_column_container usp usp1\"><div class=\"vc_column-inner\"><div class=\"wpb_wrapper\"><div class=\"wpb_text_column us_custom_b02a18c0 has_text_color\"><div class=\"wpb_wrapper\"><h3 style=\"text-align: center;\">UNSERE VISION<\/h3>\n<\/div><\/div><div class=\"wpb_text_column\"><div class=\"wpb_wrapper\"><p style=\"text-align: center;\">Anerkannter Innovationsf\u00fchrer bei der <strong>Entwicklung nachhaltiger Systeme f\u00fcr die Landschaftsgestaltung.<\/strong><\/p>\n<\/div><\/div><div class=\"w-image align_none\"><div class=\"w-image-h\"><img decoding=\"async\" width=\"1024\" height=\"1024\" src=\"https:\/\/www.buzon-world.com\/wp-content\/uploads\/2023\/05\/Asset-1.svg\" class=\"attachment-large size-large\" alt=\"\" loading=\"lazy\" \/><\/div><\/div><\/div><\/div><\/div><div class=\"vc_col-sm-12 vc_col-lg-4 vc_col-md-4 vc_col-xs-12 wpb_column vc_column_container usp usp1\"><div class=\"vc_column-inner\"><div class=\"wpb_wrapper\"><div class=\"wpb_text_column us_custom_b02a18c0 has_text_color\"><div class=\"wpb_wrapper\"><h3 style=\"text-align: center;\">UNSERE MISSION<\/h3>\n<\/div><\/div><div class=\"wpb_text_column\"><div class=\"wpb_wrapper\"><p style=\"text-align: center;\"><strong>Entwicklung innovativer, ergonomischer und nachhaltiger Systeme<\/strong> zur Unterst\u00fctzung der Nutzer bei der autonomen Entwicklung und Versch\u00f6nerung von Au\u00dfenbereichen.<\/p>\n<\/div><\/div><div class=\"w-image align_none\"><div class=\"w-image-h\"><img decoding=\"async\" width=\"1024\" height=\"1024\" src=\"https:\/\/www.buzon-world.com\/wp-content\/uploads\/2023\/05\/Asset-2.svg\" class=\"attachment-large size-large\" alt=\"\" loading=\"lazy\" \/><\/div><\/div><\/div><\/div><\/div><div class=\"vc_col-sm-12 vc_col-lg-4 vc_col-md-4 vc_col-xs-12 wpb_column vc_column_container usp usp1\"><div class=\"vc_column-inner\"><div class=\"wpb_wrapper\"><div class=\"wpb_text_column us_custom_b02a18c0 has_text_color\"><div class=\"wpb_wrapper\"><h3 style=\"text-align: center;\">UNSERE WERTE<\/h3>\n<\/div><\/div><div class=\"wpb_text_column\"><div class=\"wpb_wrapper\"><p style=\"text-align: center;\"><strong>Qualit\u00e4t<\/strong><br \/>\n<strong>Nachhaltigkeit<\/strong><br \/>\n<strong>Effizienz<\/strong><br \/>\n<strong>Verbindlichkeit<\/strong><br \/>\n<strong>Respekt<\/strong><\/p>\n<\/div><\/div><div class=\"w-image align_none\"><div class=\"w-image-h\"><img decoding=\"async\" width=\"1024\" height=\"1024\" src=\"https:\/\/www.buzon-world.com\/wp-content\/uploads\/2023\/05\/Asset-3.svg\" class=\"attachment-large size-large\" alt=\"\" loading=\"lazy\" \/><\/div><\/div><\/div><\/div><\/div><\/div><\/div><\/section><section class=\"l-section wpb_row height_auto\"><div class=\"l-section-h i-cf\"><div class=\"g-cols vc_row via_flex valign_top type_default stacking_default\"><div class=\"vc_col-sm-8 wpb_column vc_column_container\"><div class=\"vc_column-inner\"><div class=\"wpb_wrapper\"><div class=\"wpb_text_column\"><div class=\"wpb_wrapper\"><p><strong>Qualit\u00e4t<\/strong>: Qualit\u00e4t war schon immer Teil unserer DNA. Sie gilt f\u00fcr jede Ebene der Unternehmenst\u00e4tigkeit und wird von allen unseren Dienstleistern \u00fcbernommen.<\/p>\n<p><strong>Nachhaltigkeit<\/strong>: Wir sind bestrebt, die Auswirkungen unserer T\u00e4tigkeit auf die Umwelt zu verringern, und verpflichten uns, den Schutz und die Erhaltung der Umwelt kontinuierlich in die Entwicklung, die Herstellung und den Vertrieb unserer Produkte sowie in das t\u00e4gliche Management unserer Aktivit\u00e4ten zu integrieren.<\/p>\n<p><strong>Effizienz<\/strong>: Wir stellen unseren Mitarbeitern und Partnern die notwendigen Instrumente und Schulungen zur Verf\u00fcgung, um die operative Leistung zu verbessern.<\/p>\n<p><strong>Engagement<\/strong>: Das Team kultiviert einen positiven Geist und Engagement f\u00fcr seine Kollegen und Partner.<\/p>\n<p><strong>Respekt<\/strong>: Ehrlichkeit, Respekt und Integrit\u00e4t sind die Grundpfeiler unseres Unternehmens und bestimmen unser professionelles Verhalten gegen\u00fcber unseren Kunden, unseren Mitarbeitern und unseren Partnern.<\/p>\n<\/div><\/div><div class=\"w-separator size_huge\"><\/div><\/div><\/div><\/div><div class=\"vc_col-sm-4 wpb_column vc_column_container\"><div class=\"vc_column-inner\"><div class=\"wpb_wrapper\"><\/div><\/div><\/div><\/div><\/div><\/section>\n","protected":false},"excerpt":{"rendered":"[vc_raw_html]JTVCd3BzZW9fYnJlYWRjcnVtYiU1RCUwQQ==[\/vc_raw_html]Ein gemeinsames Anliegen UNSERE VISION Anerkannter Innovationsf\u00fchrer bei der Entwicklung nachhaltiger Systeme f\u00fcr die Landschaftsgestaltung. UNSERE MISSION Entwicklung innovativer, ergonomischer und nachhaltiger Systeme zur Unterst\u00fctzung der Nutzer bei der autonomen Entwicklung und Versch\u00f6nerung von Au\u00dfenbereichen. UNSERE WERTE Qualit\u00e4t Nachhaltigkeit Effizienz Verbindlichkeit Respekt Qualit\u00e4t: Qualit\u00e4t war schon immer Teil unserer DNA. Sie gilt f\u00fcr jede Ebene...","protected":false},"author":1,"featured_media":0,"parent":20359,"menu_order":1,"comment_status":"closed","ping_status":"closed","template":"","meta":{"_acf_changed":false,"footnotes":""},"accesories_category":[],"sizes":[],"plot_serie":[],"accesories_category_type":[],"accessories_categories_subtype":[],"accessories_categories_applica":[],"class_list":["post-20367","page","type-page","status-publish","hentry"],"acf":[],"yoast_head":"<!-- This site is optimized with the Yoast SEO plugin v27.1.1 - https:\/\/yoast.com\/product\/yoast-seo-wordpress\/ -->\n<title>Ein gemeinsames Anliegen | Buzon World Stelzlager<\/title>\n<meta name=\"description\" content=\"Ehrlichkeit, Respekt und Integrit\u00e4t sind die Grundpfeiler unseres Unternehmens und bestimmen unser professionelles Verhalten.\" \/>\n<meta name=\"robots\" content=\"index, follow, max-snippet:-1, max-image-preview:large, max-video-preview:-1\" \/>\n<link rel=\"canonical\" href=\"https:\/\/www.buzon-world.com\/de\/ueber-uns\/ein-gemeinsames-anliegen\/\" \/>\n<meta property=\"og:locale\" content=\"de_DE\" \/>\n<meta property=\"og:type\" content=\"article\" \/>\n<meta property=\"og:title\" content=\"Ein gemeinsames Anliegen | Buzon World Stelzlager\" \/>\n<meta property=\"og:description\" content=\"Ehrlichkeit, Respekt und Integrit\u00e4t sind die Grundpfeiler unseres Unternehmens und bestimmen unser professionelles Verhalten.\" \/>\n<meta property=\"og:url\" content=\"https:\/\/www.buzon-world.com\/de\/ueber-uns\/ein-gemeinsames-anliegen\/\" \/>\n<meta property=\"og:site_name\" content=\"Buzon\" \/>\n<meta property=\"article:modified_time\" content=\"2025-06-06T12:15:18+00:00\" \/>\n<meta name=\"twitter:card\" content=\"summary_large_image\" \/>\n<meta name=\"twitter:label1\" content=\"Gesch\u00e4tzte Lesezeit\" \/>\n\t<meta name=\"twitter:data1\" content=\"1\u00a0Minute\" \/>\n<script type=\"application\/ld+json\" class=\"yoast-schema-graph\">{\"@context\":\"https:\/\/schema.org\",\"@graph\":[{\"@type\":\"WebPage\",\"@id\":\"https:\/\/www.buzon-world.com\/de\/ueber-uns\/ein-gemeinsames-anliegen\/\",\"url\":\"https:\/\/www.buzon-world.com\/de\/ueber-uns\/ein-gemeinsames-anliegen\/\",\"name\":\"Ein gemeinsames Anliegen | Buzon World Stelzlager\",\"isPartOf\":{\"@id\":\"https:\/\/www.buzon-world.com\/de\/#website\"},\"datePublished\":\"2022-07-05T13:50:11+00:00\",\"dateModified\":\"2025-06-06T12:15:18+00:00\",\"description\":\"Ehrlichkeit, Respekt und Integrit\u00e4t sind die Grundpfeiler unseres Unternehmens und bestimmen unser professionelles Verhalten.\",\"breadcrumb\":{\"@id\":\"https:\/\/www.buzon-world.com\/de\/ueber-uns\/ein-gemeinsames-anliegen\/#breadcrumb\"},\"inLanguage\":\"de\",\"potentialAction\":[{\"@type\":\"ReadAction\",\"target\":[\"https:\/\/www.buzon-world.com\/de\/ueber-uns\/ein-gemeinsames-anliegen\/\"]}]},{\"@type\":\"BreadcrumbList\",\"@id\":\"https:\/\/www.buzon-world.com\/de\/ueber-uns\/ein-gemeinsames-anliegen\/#breadcrumb\",\"itemListElement\":[{\"@type\":\"ListItem\",\"position\":1,\"name\":\"Home\",\"item\":\"https:\/\/www.buzon-world.com\/de\/\"},{\"@type\":\"ListItem\",\"position\":2,\"name\":\"\u00dcber uns\",\"item\":\"https:\/\/www.buzon-world.com\/de\/ueber-uns\/\"},{\"@type\":\"ListItem\",\"position\":3,\"name\":\"Ein gemeinsames Anliegen\"}]},{\"@type\":\"WebSite\",\"@id\":\"https:\/\/www.buzon-world.com\/de\/#website\",\"url\":\"https:\/\/www.buzon-world.com\/de\/\",\"name\":\"Buzon\",\"description\":\"Just another WordPress site\",\"potentialAction\":[{\"@type\":\"SearchAction\",\"target\":{\"@type\":\"EntryPoint\",\"urlTemplate\":\"https:\/\/www.buzon-world.com\/de\/?s={search_term_string}\"},\"query-input\":{\"@type\":\"PropertyValueSpecification\",\"valueRequired\":true,\"valueName\":\"search_term_string\"}}],\"inLanguage\":\"de\"}]}<\/script>\n<!-- \/ Yoast SEO plugin. -->","yoast_head_json":{"title":"Ein gemeinsames Anliegen | Buzon World Stelzlager","description":"Ehrlichkeit, Respekt und Integrit\u00e4t sind die Grundpfeiler unseres Unternehmens und bestimmen unser professionelles Verhalten.","robots":{"index":"index","follow":"follow","max-snippet":"max-snippet:-1","max-image-preview":"max-image-preview:large","max-video-preview":"max-video-preview:-1"},"canonical":"https:\/\/www.buzon-world.com\/de\/ueber-uns\/ein-gemeinsames-anliegen\/","og_locale":"de_DE","og_type":"article","og_title":"Ein gemeinsames Anliegen | Buzon World Stelzlager","og_description":"Ehrlichkeit, Respekt und Integrit\u00e4t sind die Grundpfeiler unseres Unternehmens und bestimmen unser professionelles Verhalten.","og_url":"https:\/\/www.buzon-world.com\/de\/ueber-uns\/ein-gemeinsames-anliegen\/","og_site_name":"Buzon","article_modified_time":"2025-06-06T12:15:18+00:00","twitter_card":"summary_large_image","twitter_misc":{"Gesch\u00e4tzte Lesezeit":"1\u00a0Minute"},"schema":{"@context":"https:\/\/schema.org","@graph":[{"@type":"WebPage","@id":"https:\/\/www.buzon-world.com\/de\/ueber-uns\/ein-gemeinsames-anliegen\/","url":"https:\/\/www.buzon-world.com\/de\/ueber-uns\/ein-gemeinsames-anliegen\/","name":"Ein gemeinsames Anliegen | Buzon World Stelzlager","isPartOf":{"@id":"https:\/\/www.buzon-world.com\/de\/#website"},"datePublished":"2022-07-05T13:50:11+00:00","dateModified":"2025-06-06T12:15:18+00:00","description":"Ehrlichkeit, Respekt und Integrit\u00e4t sind die Grundpfeiler unseres Unternehmens und bestimmen unser professionelles Verhalten.","breadcrumb":{"@id":"https:\/\/www.buzon-world.com\/de\/ueber-uns\/ein-gemeinsames-anliegen\/#breadcrumb"},"inLanguage":"de","potentialAction":[{"@type":"ReadAction","target":["https:\/\/www.buzon-world.com\/de\/ueber-uns\/ein-gemeinsames-anliegen\/"]}]},{"@type":"BreadcrumbList","@id":"https:\/\/www.buzon-world.com\/de\/ueber-uns\/ein-gemeinsames-anliegen\/#breadcrumb","itemListElement":[{"@type":"ListItem","position":1,"name":"Home","item":"https:\/\/www.buzon-world.com\/de\/"},{"@type":"ListItem","position":2,"name":"\u00dcber uns","item":"https:\/\/www.buzon-world.com\/de\/ueber-uns\/"},{"@type":"ListItem","position":3,"name":"Ein gemeinsames Anliegen"}]},{"@type":"WebSite","@id":"https:\/\/www.buzon-world.com\/de\/#website","url":"https:\/\/www.buzon-world.com\/de\/","name":"Buzon","description":"Just another WordPress site","potentialAction":[{"@type":"SearchAction","target":{"@type":"EntryPoint","urlTemplate":"https:\/\/www.buzon-world.com\/de\/?s={search_term_string}"},"query-input":{"@type":"PropertyValueSpecification","valueRequired":true,"valueName":"search_term_string"}}],"inLanguage":"de"}]}},"_links":{"self":[{"href":"https:\/\/www.buzon-world.com\/de\/wp-json\/wp\/v2\/pages\/20367","targetHints":{"allow":["GET"]}}],"collection":[{"href":"https:\/\/www.buzon-world.com\/de\/wp-json\/wp\/v2\/pages"}],"about":[{"href":"https:\/\/www.buzon-world.com\/de\/wp-json\/wp\/v2\/types\/page"}],"author":[{"embeddable":true,"href":"https:\/\/www.buzon-world.com\/de\/wp-json\/wp\/v2\/users\/1"}],"replies":[{"embeddable":true,"href":"https:\/\/www.buzon-world.com\/de\/wp-json\/wp\/v2\/comments?post=20367"}],"version-history":[{"count":3,"href":"https:\/\/www.buzon-world.com\/de\/wp-json\/wp\/v2\/pages\/20367\/revisions"}],"predecessor-version":[{"id":22162,"href":"https:\/\/www.buzon-world.com\/de\/wp-json\/wp\/v2\/pages\/20367\/revisions\/22162"}],"up":[{"embeddable":true,"href":"https:\/\/www.buzon-world.com\/de\/wp-json\/wp\/v2\/pages\/20359"}],"wp:attachment":[{"href":"https:\/\/www.buzon-world.com\/de\/wp-json\/wp\/v2\/media?parent=20367"}],"wp:term":[{"taxonomy":"accesories_category","embeddable":true,"href":"https:\/\/www.buzon-world.com\/de\/wp-json\/wp\/v2\/accesories_category?post=20367"},{"taxonomy":"sizes","embeddable":true,"href":"https:\/\/www.buzon-world.com\/de\/wp-json\/wp\/v2\/sizes?post=20367"},{"taxonomy":"plot_serie","embeddable":true,"href":"https:\/\/www.buzon-world.com\/de\/wp-json\/wp\/v2\/plot_serie?post=20367"},{"taxonomy":"accesories_category_type","embeddable":true,"href":"https:\/\/www.buzon-world.com\/de\/wp-json\/wp\/v2\/accesories_category_type?post=20367"},{"taxonomy":"accessories_categories_subtype","embeddable":true,"href":"https:\/\/www.buzon-world.com\/de\/wp-json\/wp\/v2\/accessories_categories_subtype?post=20367"},{"taxonomy":"accessories_categories_applica","embeddable":true,"href":"https:\/\/www.buzon-world.com\/de\/wp-json\/wp\/v2\/accessories_categories_applica?post=20367"}],"curies":[{"name":"wp","href":"https:\/\/api.w.org\/{rel}","templated":true}]}}