{"id":20371,"date":"2022-07-05T15:50:11","date_gmt":"2022-07-05T13:50:11","guid":{"rendered":"https:\/\/www.buzon-world.com\/about-us\/our-commitments\/"},"modified":"2025-12-15T17:30:50","modified_gmt":"2025-12-15T15:30:50","slug":"unser-engagement","status":"publish","type":"page","link":"https:\/\/www.buzon-world.com\/de\/ueber-uns\/unser-engagement\/","title":{"rendered":"Unser Engagement"},"content":{"rendered":"<section class=\"l-section wpb_row height_auto\"><div class=\"l-section-h i-cf\"><div class=\"g-cols vc_row via_flex valign_top type_default reversed stacking_default\"><div class=\"vc_col-sm-12 wpb_column vc_column_container\"><div class=\"vc_column-inner\"><div class=\"wpb_wrapper\">[vc_raw_html]JTVCd3BzZW9fYnJlYWRjcnVtYiU1RCUwQQ==[\/vc_raw_html]<div class=\"w-separator size_medium\"><\/div><div class=\"wpb_text_column\"><div class=\"wpb_wrapper\"><h1>Unser Engagement<\/h1>\n<\/div><\/div><\/div><\/div><\/div><\/div><\/div><\/section><section class=\"l-section wpb_row blackcols height_medium\"><div class=\"l-section-h i-cf\"><div class=\"g-cols vc_row via_flex valign_top type_boxes stacking_default\" style=\"--additional-gap:15px;\"><div class=\"vc_col-sm-6 wpb_column vc_column_container\"><div class=\"vc_column-inner\"><div class=\"wpb_wrapper\"><div class=\"w-image has_ratio align_none\"><div class=\"w-image-h\"><div style=\"padding-bottom:50.9434%\"><\/div><img decoding=\"async\" width=\"1024\" height=\"719\" src=\"https:\/\/www.buzon-world.com\/wp-content\/uploads\/2023\/12\/Usine-Moldes-1024x719.jpg\" class=\"attachment-large size-large\" alt=\"\" loading=\"lazy\" \/><\/div><\/div><div class=\"w-separator size_medium\"><\/div><div class=\"wpb_text_column\"><div class=\"wpb_wrapper\"><h2>100% MADE<br \/>\nIN EUROPE<\/h2>\n<p>Alle unsere Stelzlager werden in Europa entwickelt, entworfen und hergestellt. Unsere Forschungs- und Entwicklungsabteilung arbeitet hart daran, unseren Kunden einen hervorragenden Terrassen-Support zu bieten.<\/p>\n<p><img loading=\"lazy\" decoding=\"async\" class=\"alignnone wp-image-50274 size-thumbnail\" src=\"https:\/\/www.buzon-world.com\/wp-content\/uploads\/2025\/12\/LOGO-Made-In-Europe-150x150.png\" alt=\"\" width=\"150\" height=\"150\" srcset=\"https:\/\/www.buzon-world.com\/wp-content\/uploads\/2025\/12\/LOGO-Made-In-Europe-150x150.png 150w, https:\/\/www.buzon-world.com\/wp-content\/uploads\/2025\/12\/LOGO-Made-In-Europe-300x300.png 300w, https:\/\/www.buzon-world.com\/wp-content\/uploads\/2025\/12\/LOGO-Made-In-Europe-1024x1024.png 1024w, https:\/\/www.buzon-world.com\/wp-content\/uploads\/2025\/12\/LOGO-Made-In-Europe-70x70.png 70w, https:\/\/www.buzon-world.com\/wp-content\/uploads\/2025\/12\/LOGO-Made-In-Europe.png 1080w\" sizes=\"auto, (max-width: 150px) 100vw, 150px\" \/><\/p>\n<\/div><\/div><div class=\"w-separator size_large\"><\/div><div class=\"w-image has_ratio align_none\"><div class=\"w-image-h\"><div style=\"padding-bottom:50.9434%\"><\/div><img decoding=\"async\" width=\"1024\" height=\"682\" src=\"https:\/\/www.buzon-world.com\/wp-content\/uploads\/2023\/12\/qualite-1024x682.jpg\" class=\"attachment-large size-large\" alt=\"\" loading=\"lazy\" \/><\/div><\/div><div class=\"w-separator size_medium\"><\/div><div class=\"wpb_text_column\"><div class=\"wpb_wrapper\"><h2>QUALIT\u00c4T<br \/>\nVERPFLICHTUNG<\/h2>\n<p>Die Qualit\u00e4t unserer Produkte und Ihre Zufriedenheit haben f\u00fcr uns h\u00f6chste Priorit\u00e4t. In diesem Sinne ist Buzon\u00ae seit 2017 nach ISO 9001 zertifiziert. Diese Zertifizierung garantiert Ihnen eine st\u00e4ndige Verbesserung der Qualit\u00e4t unserer Produkte und Dienstleistungen.<\/p>\n<p><img loading=\"lazy\" decoding=\"async\" class=\"alignnone wp-image-50277 size-thumbnail\" src=\"https:\/\/www.buzon-world.com\/wp-content\/uploads\/2025\/12\/LOGO-ISO9001-150x150.png\" alt=\"\" width=\"150\" height=\"150\" srcset=\"https:\/\/www.buzon-world.com\/wp-content\/uploads\/2025\/12\/LOGO-ISO9001-150x150.png 150w, https:\/\/www.buzon-world.com\/wp-content\/uploads\/2025\/12\/LOGO-ISO9001-300x300.png 300w, https:\/\/www.buzon-world.com\/wp-content\/uploads\/2025\/12\/LOGO-ISO9001-1024x1024.png 1024w, https:\/\/www.buzon-world.com\/wp-content\/uploads\/2025\/12\/LOGO-ISO9001-70x70.png 70w, https:\/\/www.buzon-world.com\/wp-content\/uploads\/2025\/12\/LOGO-ISO9001.png 1080w\" sizes=\"auto, (max-width: 150px) 100vw, 150px\" \/><\/p>\n<\/div><\/div><div class=\"w-separator size_large\"><\/div><div class=\"w-image has_ratio align_none\"><div class=\"w-image-h\"><div style=\"padding-bottom:50.9434%\"><\/div><img decoding=\"async\" width=\"1024\" height=\"615\" src=\"https:\/\/www.buzon-world.com\/wp-content\/uploads\/2023\/12\/trophee-1024x615.jpg\" class=\"attachment-large size-large\" alt=\"\" loading=\"lazy\" \/><\/div><\/div><div class=\"w-separator size_medium\"><\/div><div class=\"wpb_text_column\"><div class=\"wpb_wrapper\"><h2 class=\"p1\">ANERKENNUNG<\/h2>\n<p class=\"p2\">Mit unserem vielf\u00e4ltigen Engagement und unserer Unternehmenspolitik haben wir zahlreiche Auszeichnungen und Zertifizierungen erhalten, wie z. B. die Silbermedaille f\u00fcr Innovation auf der Batimat Paris 1997, die Golden Bridge in London und sogar den Good Design Award 2018.<\/p>\n<p><img loading=\"lazy\" decoding=\"async\" class=\"alignnone wp-image-50279 size-thumbnail\" src=\"https:\/\/www.buzon-world.com\/wp-content\/uploads\/2025\/12\/LOGO-BATIMAT-150x150.png\" alt=\"\" width=\"150\" height=\"150\" srcset=\"https:\/\/www.buzon-world.com\/wp-content\/uploads\/2025\/12\/LOGO-BATIMAT-150x150.png 150w, https:\/\/www.buzon-world.com\/wp-content\/uploads\/2025\/12\/LOGO-BATIMAT-300x300.png 300w, https:\/\/www.buzon-world.com\/wp-content\/uploads\/2025\/12\/LOGO-BATIMAT-1024x1024.png 1024w, https:\/\/www.buzon-world.com\/wp-content\/uploads\/2025\/12\/LOGO-BATIMAT-70x70.png 70w, https:\/\/www.buzon-world.com\/wp-content\/uploads\/2025\/12\/LOGO-BATIMAT.png 1080w\" sizes=\"auto, (max-width: 150px) 100vw, 150px\" \/> <img loading=\"lazy\" decoding=\"async\" class=\"alignnone wp-image-50280 size-thumbnail\" src=\"https:\/\/www.buzon-world.com\/wp-content\/uploads\/2025\/12\/LOGO-GOODDESIGNAWARD-150x150.png\" alt=\"\" width=\"150\" height=\"150\" srcset=\"https:\/\/www.buzon-world.com\/wp-content\/uploads\/2025\/12\/LOGO-GOODDESIGNAWARD-150x150.png 150w, https:\/\/www.buzon-world.com\/wp-content\/uploads\/2025\/12\/LOGO-GOODDESIGNAWARD-300x300.png 300w, https:\/\/www.buzon-world.com\/wp-content\/uploads\/2025\/12\/LOGO-GOODDESIGNAWARD-1024x1024.png 1024w, https:\/\/www.buzon-world.com\/wp-content\/uploads\/2025\/12\/LOGO-GOODDESIGNAWARD-70x70.png 70w, https:\/\/www.buzon-world.com\/wp-content\/uploads\/2025\/12\/LOGO-GOODDESIGNAWARD.png 1080w\" sizes=\"auto, (max-width: 150px) 100vw, 150px\" \/><\/p>\n<\/div><\/div><div class=\"w-separator size_medium\"><\/div><div class=\"wpb_text_column\"><div class=\"wpb_wrapper\"><h2>UNSERE INTERNATIONALEN ZERTIFIZIERUNGEN AUF<\/h2>\n<p>Unsere internationalen Zertifizierungen, wie ICC ES in den USA und BBA in Gro\u00dfbritannien, belegen unser Engagement f\u00fcr weltweit anerkannte Qualit\u00e4ts- und Leistungsstandards.<\/p>\n<p><img loading=\"lazy\" decoding=\"async\" class=\"alignnone wp-image-50283 size-thumbnail\" src=\"https:\/\/www.buzon-world.com\/wp-content\/uploads\/2025\/12\/LOGO-ICC-150x150.png\" alt=\"\" width=\"150\" height=\"150\" srcset=\"https:\/\/www.buzon-world.com\/wp-content\/uploads\/2025\/12\/LOGO-ICC-150x150.png 150w, https:\/\/www.buzon-world.com\/wp-content\/uploads\/2025\/12\/LOGO-ICC-300x300.png 300w, https:\/\/www.buzon-world.com\/wp-content\/uploads\/2025\/12\/LOGO-ICC-1024x1024.png 1024w, https:\/\/www.buzon-world.com\/wp-content\/uploads\/2025\/12\/LOGO-ICC-70x70.png 70w, https:\/\/www.buzon-world.com\/wp-content\/uploads\/2025\/12\/LOGO-ICC.png 1080w\" sizes=\"auto, (max-width: 150px) 100vw, 150px\" \/><img loading=\"lazy\" decoding=\"async\" class=\"alignnone wp-image-50284 size-thumbnail\" src=\"https:\/\/www.buzon-world.com\/wp-content\/uploads\/2025\/12\/LOGO-BBA-150x150.png\" alt=\"\" width=\"150\" height=\"150\" srcset=\"https:\/\/www.buzon-world.com\/wp-content\/uploads\/2025\/12\/LOGO-BBA-150x150.png 150w, https:\/\/www.buzon-world.com\/wp-content\/uploads\/2025\/12\/LOGO-BBA-300x300.png 300w, https:\/\/www.buzon-world.com\/wp-content\/uploads\/2025\/12\/LOGO-BBA-1024x1024.png 1024w, https:\/\/www.buzon-world.com\/wp-content\/uploads\/2025\/12\/LOGO-BBA-70x70.png 70w, https:\/\/www.buzon-world.com\/wp-content\/uploads\/2025\/12\/LOGO-BBA.png 1080w\" sizes=\"auto, (max-width: 150px) 100vw, 150px\" \/><\/p>\n<\/div><\/div><\/div><\/div><\/div><div class=\"vc_col-sm-6 wpb_column vc_column_container\"><div class=\"vc_column-inner\"><div class=\"wpb_wrapper\"><div class=\"w-image has_ratio align_none\"><div class=\"w-image-h\"><div style=\"padding-bottom:50.9434%\"><\/div><img decoding=\"async\" width=\"1024\" height=\"768\" src=\"https:\/\/www.buzon-world.com\/wp-content\/uploads\/2023\/12\/pepiniere-1024x768.jpg\" class=\"attachment-large size-large\" alt=\"\" loading=\"lazy\" \/><\/div><\/div><div class=\"w-separator size_medium\"><\/div><div class=\"wpb_text_column\"><div class=\"wpb_wrapper\"><h2 class=\"p1\">UMWELT<br \/>\nENGAGEMENT<\/h2>\n<p data-start=\"135\" data-end=\"408\">Besorgt um die Verringerung unserer Umweltbelastung verpflichten wir uns, den Schutz und die Erhaltung der Umwelt kontinuierlich in die Entwicklung, Herstellung und den Vertrieb unserer Produkte sowie in die t\u00e4gliche Verwaltung unserer T\u00e4tigkeiten zu integrieren.<\/p>\n<p data-start=\"410\" data-end=\"508\">Um diese Mission zu verwirklichen, richtet Buzon Pedestal International seine Ma\u00dfnahmen auf:<\/p>\n<ul data-start=\"509\" data-end=\"818\">\n<li data-start=\"509\" data-end=\"588\">\n<p data-start=\"511\" data-end=\"588\">den verantwortungsvollen Umgang mit Energie und nat\u00fcrlichen Ressourcen,<\/p>\n<\/li>\n<li data-start=\"589\" data-end=\"678\">\n<p data-start=\"591\" data-end=\"678\">die Verringerung des Abfallaufkommens und die Optimierung der Abfalltrennung,<\/p>\n<\/li>\n<li data-start=\"679\" data-end=\"737\">\n<p data-start=\"681\" data-end=\"737\">die Einf\u00fchrung einer nachhaltigen Einkaufspolitik,<\/p>\n<\/li>\n<li data-start=\"738\" data-end=\"818\">\n<p data-start=\"740\" data-end=\"818\">sowie die Vermeidung von Umweltverschmutzung und anderen Umweltgefahren.<\/p>\n<\/li>\n<\/ul>\n<p data-start=\"820\" data-end=\"1074\">Im Jahr 2019 haben wir au\u00dferdem die ISO 14001-Zertifizierung erhalten. Diese internationale Norm best\u00e4tigt unser Engagement, unsere Umweltleistung kontinuierlich zu verbessern und die gesetzlichen und beh\u00f6rdlichen Anforderungen einzuhalten.<\/p>\n<\/div><\/div><div class=\"w-separator size_large\"><\/div><div class=\"wpb_text_column\"><div class=\"wpb_wrapper\"><h2>LEBENDE ENDE VON POLYPROPYLENPRODUKTEN: RECYCLING UND VERANTWORTUNG<\/h2>\n<p>Wir sind stolz darauf, Polypropylenprodukte herzustellen, ein Material, das f\u00fcr seine Leichtigkeit, St\u00e4rke und Vielseitigkeit bekannt ist. Wir sind uns jedoch auch der Bedeutung bewusst, das Lebensende dieser Produkte richtig zu verwalten, um ihre Auswirkungen auf die Umwelt zu minimieren.<\/p>\n<h3>Was tun am Ende der Lebensdauer?<\/h3>\n<p>Wenn Ihr Polypropylenprodukt das Ende seines Lebenszyklus erreicht, ist es wichtig, ein paar einfache Schritte zu befolgen, um sicherzustellen, dass es ordnungsgem\u00e4\u00df recycelt wird:<\/p>\n<ul>\n<li><strong>Getrennte Sammlung<\/strong>: Polypropylen (PP) ist ein recycelbarer Kunststoff. Bevor Sie es entsorgen, achten Sie darauf, es in die entsprechenden Recyclingbeh\u00e4lter zu legen. \u00dcberpr\u00fcfen Sie die \u00f6rtlichen Vorschriften, um spezifische Anweisungen f\u00fcr Ihre Region zu erhalten.<\/li>\n<li><strong>Sammelstelle<\/strong>: Viele Gemeinden haben Sammelstellen oder Wertstoffh\u00f6fe, an denen Kunststoffe, einschlie\u00dflich Polypropylen, recycelt werden k\u00f6nnen. Z\u00f6gern Sie nicht, diese Sammelstellen zu nutzen.<\/li>\n<li><strong>Verantwortliches Engagement<\/strong>: Als Unternehmen engagieren wir uns f\u00fcr die Unterst\u00fctzung von Recyclinginitiativen. Polypropylen ist ein Material, das wiederverwendet werden kann, um neue Gegenst\u00e4nde herzustellen, wodurch die Nachfrage nach Rohstoffen verringert wird.<\/li>\n<\/ul>\n<h3>Warum Polypropylen recyceln?<\/h3>\n<ul>\n<li><strong>Kreislaufwirtschaft<\/strong>: Durch Recycling erh\u00e4lt Polypropylen ein neues Leben, indem gebrauchte Produkte in neue, n\u00fctzliche Ressourcen umgewandelt werden.<\/li>\n<li><strong>Abfallreduzierung<\/strong>: Durch das Recycling tragen Sie dazu bei, die Menge an Abf\u00e4llen zu verringern, die auf Deponien entsorgt werden, und reduzieren somit den \u00f6kologischen Fu\u00dfabdruck.<\/li>\n<li><strong>Ressourcenschonung<\/strong>: Weniger Rohstoffe werden ben\u00f6tigt, wenn Polypropylen recycelt wird, was dazu beitr\u00e4gt, nat\u00fcrliche Ressourcen zu schonen.<\/li>\n<\/ul>\n<p><img loading=\"lazy\" decoding=\"async\" class=\"alignnone wp-image-50281 size-thumbnail\" src=\"https:\/\/www.buzon-world.com\/wp-content\/uploads\/2025\/12\/LOGO-ISO14001-150x150.png\" alt=\"\" width=\"150\" height=\"150\" srcset=\"https:\/\/www.buzon-world.com\/wp-content\/uploads\/2025\/12\/LOGO-ISO14001-150x150.png 150w, https:\/\/www.buzon-world.com\/wp-content\/uploads\/2025\/12\/LOGO-ISO14001-300x300.png 300w, https:\/\/www.buzon-world.com\/wp-content\/uploads\/2025\/12\/LOGO-ISO14001-1024x1024.png 1024w, https:\/\/www.buzon-world.com\/wp-content\/uploads\/2025\/12\/LOGO-ISO14001-70x70.png 70w, https:\/\/www.buzon-world.com\/wp-content\/uploads\/2025\/12\/LOGO-ISO14001.png 1080w\" sizes=\"auto, (max-width: 150px) 100vw, 150px\" \/><\/p>\n<\/div><\/div><div class=\"w-separator size_medium\"><\/div><\/div><\/div><\/div><\/div><\/div><\/section>\n","protected":false},"excerpt":{"rendered":"[vc_raw_html]JTVCd3BzZW9fYnJlYWRjcnVtYiU1RCUwQQ==[\/vc_raw_html]Unser Engagement 100% MADE IN EUROPE Alle unsere Stelzlager werden in Europa entwickelt, entworfen und hergestellt. Unsere Forschungs- und Entwicklungsabteilung arbeitet hart daran, unseren Kunden einen hervorragenden Terrassen-Support zu bieten. QUALIT\u00c4T VERPFLICHTUNG Die Qualit\u00e4t unserer Produkte und Ihre Zufriedenheit haben f\u00fcr uns h\u00f6chste Priorit\u00e4t. In diesem Sinne ist Buzon\u00ae seit 2017 nach ISO 9001 zertifiziert....","protected":false},"author":1,"featured_media":0,"parent":20359,"menu_order":2,"comment_status":"closed","ping_status":"closed","template":"","meta":{"_acf_changed":false,"footnotes":""},"accesories_category":[],"sizes":[],"plot_serie":[],"accesories_category_type":[],"accessories_categories_subtype":[],"accessories_categories_applica":[],"class_list":["post-20371","page","type-page","status-publish","hentry"],"acf":[],"yoast_head":"<!-- This site is optimized with the Yoast SEO plugin v27.1.1 - https:\/\/yoast.com\/product\/yoast-seo-wordpress\/ -->\n<title>Unser Engagement | Buzon World Stelzlager und Bodenlager<\/title>\n<meta name=\"description\" content=\"Mit unserem vielf\u00e4ltigen Engagement und unserer Unternehmenspolitik haben wir zahlreiche Auszeichnungen und Zertifizierungen erhalten.\" \/>\n<meta name=\"robots\" content=\"index, follow, max-snippet:-1, max-image-preview:large, max-video-preview:-1\" \/>\n<link rel=\"canonical\" href=\"https:\/\/www.buzon-world.com\/de\/ueber-uns\/unser-engagement\/\" \/>\n<meta property=\"og:locale\" content=\"de_DE\" \/>\n<meta property=\"og:type\" content=\"article\" \/>\n<meta property=\"og:title\" content=\"Unser Engagement | Buzon World Stelzlager und Bodenlager\" \/>\n<meta property=\"og:description\" content=\"Mit unserem vielf\u00e4ltigen Engagement und unserer Unternehmenspolitik haben wir zahlreiche Auszeichnungen und Zertifizierungen erhalten.\" \/>\n<meta property=\"og:url\" content=\"https:\/\/www.buzon-world.com\/de\/ueber-uns\/unser-engagement\/\" \/>\n<meta property=\"og:site_name\" content=\"Buzon\" \/>\n<meta property=\"article:modified_time\" content=\"2025-12-15T15:30:50+00:00\" \/>\n<meta property=\"og:image\" content=\"https:\/\/www.buzon-world.com\/wp-content\/uploads\/2025\/12\/LOGO-Made-In-Europe-150x150.png\" \/>\n<meta name=\"twitter:card\" content=\"summary_large_image\" \/>\n<meta name=\"twitter:label1\" content=\"Gesch\u00e4tzte Lesezeit\" \/>\n\t<meta name=\"twitter:data1\" content=\"4\u00a0Minuten\" \/>\n<script type=\"application\/ld+json\" class=\"yoast-schema-graph\">{\"@context\":\"https:\/\/schema.org\",\"@graph\":[{\"@type\":\"WebPage\",\"@id\":\"https:\/\/www.buzon-world.com\/de\/ueber-uns\/unser-engagement\/\",\"url\":\"https:\/\/www.buzon-world.com\/de\/ueber-uns\/unser-engagement\/\",\"name\":\"Unser Engagement | Buzon World Stelzlager und Bodenlager\",\"isPartOf\":{\"@id\":\"https:\/\/www.buzon-world.com\/de\/#website\"},\"primaryImageOfPage\":{\"@id\":\"https:\/\/www.buzon-world.com\/de\/ueber-uns\/unser-engagement\/#primaryimage\"},\"image\":{\"@id\":\"https:\/\/www.buzon-world.com\/de\/ueber-uns\/unser-engagement\/#primaryimage\"},\"thumbnailUrl\":\"https:\/\/www.buzon-world.com\/wp-content\/uploads\/2025\/12\/LOGO-Made-In-Europe-150x150.png\",\"datePublished\":\"2022-07-05T13:50:11+00:00\",\"dateModified\":\"2025-12-15T15:30:50+00:00\",\"description\":\"Mit unserem vielf\u00e4ltigen Engagement und unserer Unternehmenspolitik haben wir zahlreiche Auszeichnungen und Zertifizierungen erhalten.\",\"breadcrumb\":{\"@id\":\"https:\/\/www.buzon-world.com\/de\/ueber-uns\/unser-engagement\/#breadcrumb\"},\"inLanguage\":\"de\",\"potentialAction\":[{\"@type\":\"ReadAction\",\"target\":[\"https:\/\/www.buzon-world.com\/de\/ueber-uns\/unser-engagement\/\"]}]},{\"@type\":\"ImageObject\",\"inLanguage\":\"de\",\"@id\":\"https:\/\/www.buzon-world.com\/de\/ueber-uns\/unser-engagement\/#primaryimage\",\"url\":\"https:\/\/www.buzon-world.com\/wp-content\/uploads\/2025\/12\/LOGO-Made-In-Europe-150x150.png\",\"contentUrl\":\"https:\/\/www.buzon-world.com\/wp-content\/uploads\/2025\/12\/LOGO-Made-In-Europe-150x150.png\"},{\"@type\":\"BreadcrumbList\",\"@id\":\"https:\/\/www.buzon-world.com\/de\/ueber-uns\/unser-engagement\/#breadcrumb\",\"itemListElement\":[{\"@type\":\"ListItem\",\"position\":1,\"name\":\"Home\",\"item\":\"https:\/\/www.buzon-world.com\/de\/\"},{\"@type\":\"ListItem\",\"position\":2,\"name\":\"\u00dcber uns\",\"item\":\"https:\/\/www.buzon-world.com\/de\/ueber-uns\/\"},{\"@type\":\"ListItem\",\"position\":3,\"name\":\"Unser Engagement\"}]},{\"@type\":\"WebSite\",\"@id\":\"https:\/\/www.buzon-world.com\/de\/#website\",\"url\":\"https:\/\/www.buzon-world.com\/de\/\",\"name\":\"Buzon\",\"description\":\"Just another WordPress site\",\"potentialAction\":[{\"@type\":\"SearchAction\",\"target\":{\"@type\":\"EntryPoint\",\"urlTemplate\":\"https:\/\/www.buzon-world.com\/de\/?s={search_term_string}\"},\"query-input\":{\"@type\":\"PropertyValueSpecification\",\"valueRequired\":true,\"valueName\":\"search_term_string\"}}],\"inLanguage\":\"de\"}]}<\/script>\n<!-- \/ Yoast SEO plugin. -->","yoast_head_json":{"title":"Unser Engagement | Buzon World Stelzlager und Bodenlager","description":"Mit unserem vielf\u00e4ltigen Engagement und unserer Unternehmenspolitik haben wir zahlreiche Auszeichnungen und Zertifizierungen erhalten.","robots":{"index":"index","follow":"follow","max-snippet":"max-snippet:-1","max-image-preview":"max-image-preview:large","max-video-preview":"max-video-preview:-1"},"canonical":"https:\/\/www.buzon-world.com\/de\/ueber-uns\/unser-engagement\/","og_locale":"de_DE","og_type":"article","og_title":"Unser Engagement | Buzon World Stelzlager und Bodenlager","og_description":"Mit unserem vielf\u00e4ltigen Engagement und unserer Unternehmenspolitik haben wir zahlreiche Auszeichnungen und Zertifizierungen erhalten.","og_url":"https:\/\/www.buzon-world.com\/de\/ueber-uns\/unser-engagement\/","og_site_name":"Buzon","article_modified_time":"2025-12-15T15:30:50+00:00","og_image":[{"url":"https:\/\/www.buzon-world.com\/wp-content\/uploads\/2025\/12\/LOGO-Made-In-Europe-150x150.png","type":"","width":"","height":""}],"twitter_card":"summary_large_image","twitter_misc":{"Gesch\u00e4tzte Lesezeit":"4\u00a0Minuten"},"schema":{"@context":"https:\/\/schema.org","@graph":[{"@type":"WebPage","@id":"https:\/\/www.buzon-world.com\/de\/ueber-uns\/unser-engagement\/","url":"https:\/\/www.buzon-world.com\/de\/ueber-uns\/unser-engagement\/","name":"Unser Engagement | Buzon World Stelzlager und Bodenlager","isPartOf":{"@id":"https:\/\/www.buzon-world.com\/de\/#website"},"primaryImageOfPage":{"@id":"https:\/\/www.buzon-world.com\/de\/ueber-uns\/unser-engagement\/#primaryimage"},"image":{"@id":"https:\/\/www.buzon-world.com\/de\/ueber-uns\/unser-engagement\/#primaryimage"},"thumbnailUrl":"https:\/\/www.buzon-world.com\/wp-content\/uploads\/2025\/12\/LOGO-Made-In-Europe-150x150.png","datePublished":"2022-07-05T13:50:11+00:00","dateModified":"2025-12-15T15:30:50+00:00","description":"Mit unserem vielf\u00e4ltigen Engagement und unserer Unternehmenspolitik haben wir zahlreiche Auszeichnungen und Zertifizierungen erhalten.","breadcrumb":{"@id":"https:\/\/www.buzon-world.com\/de\/ueber-uns\/unser-engagement\/#breadcrumb"},"inLanguage":"de","potentialAction":[{"@type":"ReadAction","target":["https:\/\/www.buzon-world.com\/de\/ueber-uns\/unser-engagement\/"]}]},{"@type":"ImageObject","inLanguage":"de","@id":"https:\/\/www.buzon-world.com\/de\/ueber-uns\/unser-engagement\/#primaryimage","url":"https:\/\/www.buzon-world.com\/wp-content\/uploads\/2025\/12\/LOGO-Made-In-Europe-150x150.png","contentUrl":"https:\/\/www.buzon-world.com\/wp-content\/uploads\/2025\/12\/LOGO-Made-In-Europe-150x150.png"},{"@type":"BreadcrumbList","@id":"https:\/\/www.buzon-world.com\/de\/ueber-uns\/unser-engagement\/#breadcrumb","itemListElement":[{"@type":"ListItem","position":1,"name":"Home","item":"https:\/\/www.buzon-world.com\/de\/"},{"@type":"ListItem","position":2,"name":"\u00dcber uns","item":"https:\/\/www.buzon-world.com\/de\/ueber-uns\/"},{"@type":"ListItem","position":3,"name":"Unser Engagement"}]},{"@type":"WebSite","@id":"https:\/\/www.buzon-world.com\/de\/#website","url":"https:\/\/www.buzon-world.com\/de\/","name":"Buzon","description":"Just another WordPress site","potentialAction":[{"@type":"SearchAction","target":{"@type":"EntryPoint","urlTemplate":"https:\/\/www.buzon-world.com\/de\/?s={search_term_string}"},"query-input":{"@type":"PropertyValueSpecification","valueRequired":true,"valueName":"search_term_string"}}],"inLanguage":"de"}]}},"_links":{"self":[{"href":"https:\/\/www.buzon-world.com\/de\/wp-json\/wp\/v2\/pages\/20371","targetHints":{"allow":["GET"]}}],"collection":[{"href":"https:\/\/www.buzon-world.com\/de\/wp-json\/wp\/v2\/pages"}],"about":[{"href":"https:\/\/www.buzon-world.com\/de\/wp-json\/wp\/v2\/types\/page"}],"author":[{"embeddable":true,"href":"https:\/\/www.buzon-world.com\/de\/wp-json\/wp\/v2\/users\/1"}],"replies":[{"embeddable":true,"href":"https:\/\/www.buzon-world.com\/de\/wp-json\/wp\/v2\/comments?post=20371"}],"version-history":[{"count":12,"href":"https:\/\/www.buzon-world.com\/de\/wp-json\/wp\/v2\/pages\/20371\/revisions"}],"predecessor-version":[{"id":50351,"href":"https:\/\/www.buzon-world.com\/de\/wp-json\/wp\/v2\/pages\/20371\/revisions\/50351"}],"up":[{"embeddable":true,"href":"https:\/\/www.buzon-world.com\/de\/wp-json\/wp\/v2\/pages\/20359"}],"wp:attachment":[{"href":"https:\/\/www.buzon-world.com\/de\/wp-json\/wp\/v2\/media?parent=20371"}],"wp:term":[{"taxonomy":"accesories_category","embeddable":true,"href":"https:\/\/www.buzon-world.com\/de\/wp-json\/wp\/v2\/accesories_category?post=20371"},{"taxonomy":"sizes","embeddable":true,"href":"https:\/\/www.buzon-world.com\/de\/wp-json\/wp\/v2\/sizes?post=20371"},{"taxonomy":"plot_serie","embeddable":true,"href":"https:\/\/www.buzon-world.com\/de\/wp-json\/wp\/v2\/plot_serie?post=20371"},{"taxonomy":"accesories_category_type","embeddable":true,"href":"https:\/\/www.buzon-world.com\/de\/wp-json\/wp\/v2\/accesories_category_type?post=20371"},{"taxonomy":"accessories_categories_subtype","embeddable":true,"href":"https:\/\/www.buzon-world.com\/de\/wp-json\/wp\/v2\/accessories_categories_subtype?post=20371"},{"taxonomy":"accessories_categories_applica","embeddable":true,"href":"https:\/\/www.buzon-world.com\/de\/wp-json\/wp\/v2\/accessories_categories_applica?post=20371"}],"curies":[{"name":"wp","href":"https:\/\/api.w.org\/{rel}","templated":true}]}}