{"id":20424,"date":"2022-07-05T15:42:00","date_gmt":"2022-07-05T13:42:00","guid":{"rendered":"https:\/\/www.buzon-world.com\/applications\/"},"modified":"2025-06-11T16:20:10","modified_gmt":"2025-06-11T14:20:10","slug":"anwendungen","status":"publish","type":"page","link":"https:\/\/www.buzon-world.com\/de\/anwendungen\/","title":{"rendered":"Anwendungen"},"content":{"rendered":"<section class=\"l-section wpb_row height_auto\"><div class=\"l-section-h i-cf\"><div class=\"g-cols vc_row via_flex valign_top type_default stacking_default\"><div class=\"vc_col-sm-12 wpb_column vc_column_container\"><div class=\"vc_column-inner\"><div class=\"wpb_wrapper\">[vc_raw_html]JTVCd3BzZW9fYnJlYWRjcnVtYiU1RA==[\/vc_raw_html]<div class=\"w-separator size_medium\"><\/div><div class=\"wpb_text_column\"><div class=\"wpb_wrapper\"><h1>ANWENDUNGEN<\/h1>\n<\/div><\/div><\/div><\/div><\/div><\/div><\/div><\/section><section class=\"l-section wpb_row yellowhoverlinks blacksqgrid3 height_medium\"><div class=\"l-section-h i-cf\"><div class=\"g-cols vc_row via_flex valign_top type_default stacking_default\"><div class=\"vc_col-sm-4 wpb_column vc_column_container\"><div class=\"vc_column-inner\"><div class=\"wpb_wrapper\"><div class=\"w-image has_ratio align_none\"><div class=\"w-image-h\"><div style=\"padding-bottom:50.9434%\"><\/div><img decoding=\"async\" width=\"770\" height=\"330\" src=\"https:\/\/www.buzon-world.com\/wp-content\/uploads\/2023\/05\/menu-applications-PRIVE.png\" class=\"attachment-large size-large\" alt=\"\" loading=\"lazy\" \/><\/div><\/div><div class=\"wpb_text_column us_custom_3b8f9481 longline\"><div class=\"wpb_wrapper\"><h3>Anwendungen<\/h3>\n<\/div><\/div><div class=\"wpb_text_column\"><div class=\"wpb_wrapper\"><p><strong>PB Series<\/strong><\/p>\n<p><a href=\"https:\/\/www.buzon-world.com\/de\/anwendungen\/terrassen-fuer-wohnhaeuser\/tiled-terrace-on-pedestal\/\">Geflieste Terrasse auf Stelzlager<\/a><br \/>\n<a href=\"https:\/\/www.buzon-world.com\/de\/anwendungen\/terrassen-fuer-wohnhaeuser\/geflieste-terrasse-auf-balken\/\">Geflieste Terrasse auf Balken<\/a><br \/>\n<a href=\"https:\/\/www.buzon-world.com\/de\/anwendungen\/terrassen-fuer-wohnhaeuser\/terrasse-aus-holz-oder-komposit\/\">Terrasse aus Holz oder Komposit<\/a><\/p>\n<\/div><\/div><\/div><\/div><\/div><div class=\"vc_col-sm-8 wpb_column vc_column_container\"><div class=\"vc_column-inner\"><div class=\"wpb_wrapper\"><div class=\"g-cols wpb_row via_flex valign_top type_default stacking_default\"><div class=\"vc_col-sm-12 wpb_column vc_column_container\"><div class=\"vc_column-inner\"><div class=\"wpb_wrapper\"><div class=\"w-image has_ratio align_none\"><div class=\"w-image-h\"><div style=\"padding-bottom:24.5283%\"><\/div><img decoding=\"async\" width=\"770\" height=\"330\" src=\"https:\/\/www.buzon-world.com\/wp-content\/uploads\/2023\/05\/menu-applications-PUBLIC.png\" class=\"attachment-large size-large\" alt=\"\" loading=\"lazy\" \/><\/div><\/div><\/div><\/div><\/div><\/div><div class=\"wpb_text_column us_custom_3b8f9481 longline\"><div class=\"wpb_wrapper\"><h3>\u00d6ffentliche Terrassen<\/h3>\n<\/div><\/div><div class=\"g-cols wpb_row via_flex valign_top type_default stacking_default\"><div class=\"vc_col-sm-6 wpb_column vc_column_container\"><div class=\"vc_column-inner\"><div class=\"wpb_wrapper\"><div class=\"wpb_text_column\"><div class=\"wpb_wrapper\"><p><strong>DPH Series<\/strong><\/p>\n<p><a href=\"https:\/\/www.buzon-world.com\/de\/anwendungen\/oeffentliche-terrassen\/geflieste-terrasse-auf-stelzlager\/\">Geflieste Terrasse auf Stelzlager<\/a><br \/>\n<a href=\"https:\/\/www.buzon-world.com\/de\/anwendungen\/oeffentliche-terrassen\/geflieste-terrasse-auf-balken\/\">Geflieste Terrasse auf Balken<\/a><br \/>\n<a href=\"https:\/\/www.buzon-world.com\/de\/anwendungen\/oeffentliche-terrassen\/terrasse-aus-holz-oder-komposit\/\">Terrasse aus Holz oder Komposit<\/a><\/p>\n<\/div><\/div><\/div><\/div><\/div><div class=\"vc_col-sm-6 wpb_column vc_column_container\"><div class=\"vc_column-inner\"><div class=\"wpb_wrapper\"><div class=\"wpb_text_column\"><div class=\"wpb_wrapper\"><p><strong>PB Series<\/strong><\/p>\n<p><a href=\"https:\/\/www.buzon-world.com\/de\/anwendungen\/terrassen-fuer-wohnhaeuser\/tiled-terrace-on-pedestal\/\">Geflieste Terrasse auf Stelzlager<\/a><br \/>\n<a href=\"https:\/\/www.buzon-world.com\/de\/anwendungen\/terrassen-fuer-wohnhaeuser\/geflieste-terrasse-auf-balken\/\">Geflieste Terrasse auf Balken<\/a><br \/>\n<a href=\"https:\/\/www.buzon-world.com\/de\/anwendungen\/terrassen-fuer-wohnhaeuser\/terrasse-aus-holz-oder-komposit\/\">Terrasse aus Holz oder Komposit<\/a><\/p>\n<\/div><\/div><\/div><\/div><\/div><\/div><\/div><\/div><\/div><\/div><\/div><\/section>\n","protected":false},"excerpt":{"rendered":"[vc_raw_html]JTVCd3BzZW9fYnJlYWRjcnVtYiU1RA==[\/vc_raw_html]ANWENDUNGEN Anwendungen PB Series Geflieste Terrasse auf Stelzlager Geflieste Terrasse auf Balken Terrasse aus Holz oder Komposit \u00d6ffentliche Terrassen DPH Series Geflieste Terrasse auf Stelzlager Geflieste Terrasse auf Balken Terrasse aus Holz oder Komposit PB Series Geflieste Terrasse auf Stelzlager Geflieste Terrasse auf Balken Terrasse aus Holz oder Komposit","protected":false},"author":1,"featured_media":0,"parent":0,"menu_order":7,"comment_status":"closed","ping_status":"closed","template":"","meta":{"_acf_changed":false,"footnotes":""},"accesories_category":[],"sizes":[],"plot_serie":[],"accesories_category_type":[],"accessories_categories_subtype":[],"accessories_categories_applica":[],"class_list":["post-20424","page","type-page","status-publish","hentry"],"acf":[],"yoast_head":"<!-- This site is optimized with the Yoast SEO plugin v27.1.1 - https:\/\/yoast.com\/product\/yoast-seo-wordpress\/ -->\n<title>Anwendungen | Buzon World Stelzlager und Terrassentr\u00e4ger<\/title>\n<meta name=\"description\" content=\"Gro\u00dfes Sortiment an Terrassenlagern und Bodenlagern f\u00fcr den Einsatz auf privaten und \u00f6ffentlichen Terrassen. \u00dcber 35 Jahre Erfahrung.\" \/>\n<meta name=\"robots\" content=\"index, follow, max-snippet:-1, max-image-preview:large, max-video-preview:-1\" \/>\n<link rel=\"canonical\" href=\"https:\/\/www.buzon-world.com\/de\/anwendungen\/\" \/>\n<meta property=\"og:locale\" content=\"de_DE\" \/>\n<meta property=\"og:type\" content=\"article\" \/>\n<meta property=\"og:title\" content=\"Anwendungen | Buzon World Stelzlager und Terrassentr\u00e4ger\" \/>\n<meta property=\"og:description\" content=\"Gro\u00dfes Sortiment an Terrassenlagern und Bodenlagern f\u00fcr den Einsatz auf privaten und \u00f6ffentlichen Terrassen. \u00dcber 35 Jahre Erfahrung.\" \/>\n<meta property=\"og:url\" content=\"https:\/\/www.buzon-world.com\/de\/anwendungen\/\" \/>\n<meta property=\"og:site_name\" content=\"Buzon\" \/>\n<meta property=\"article:modified_time\" content=\"2025-06-11T14:20:10+00:00\" \/>\n<meta name=\"twitter:card\" content=\"summary_large_image\" \/>\n<meta name=\"twitter:label1\" content=\"Gesch\u00e4tzte Lesezeit\" \/>\n\t<meta name=\"twitter:data1\" content=\"1\u00a0Minute\" \/>\n<script type=\"application\/ld+json\" class=\"yoast-schema-graph\">{\"@context\":\"https:\/\/schema.org\",\"@graph\":[{\"@type\":\"WebPage\",\"@id\":\"https:\/\/www.buzon-world.com\/de\/anwendungen\/\",\"url\":\"https:\/\/www.buzon-world.com\/de\/anwendungen\/\",\"name\":\"Anwendungen | Buzon World Stelzlager und Terrassentr\u00e4ger\",\"isPartOf\":{\"@id\":\"https:\/\/www.buzon-world.com\/de\/#website\"},\"datePublished\":\"2022-07-05T13:42:00+00:00\",\"dateModified\":\"2025-06-11T14:20:10+00:00\",\"description\":\"Gro\u00dfes Sortiment an Terrassenlagern und Bodenlagern f\u00fcr den Einsatz auf privaten und \u00f6ffentlichen Terrassen. \u00dcber 35 Jahre Erfahrung.\",\"breadcrumb\":{\"@id\":\"https:\/\/www.buzon-world.com\/de\/anwendungen\/#breadcrumb\"},\"inLanguage\":\"de\",\"potentialAction\":[{\"@type\":\"ReadAction\",\"target\":[\"https:\/\/www.buzon-world.com\/de\/anwendungen\/\"]}]},{\"@type\":\"BreadcrumbList\",\"@id\":\"https:\/\/www.buzon-world.com\/de\/anwendungen\/#breadcrumb\",\"itemListElement\":[{\"@type\":\"ListItem\",\"position\":1,\"name\":\"Home\",\"item\":\"https:\/\/www.buzon-world.com\/de\/\"},{\"@type\":\"ListItem\",\"position\":2,\"name\":\"Anwendungen\"}]},{\"@type\":\"WebSite\",\"@id\":\"https:\/\/www.buzon-world.com\/de\/#website\",\"url\":\"https:\/\/www.buzon-world.com\/de\/\",\"name\":\"Buzon\",\"description\":\"Just another WordPress site\",\"potentialAction\":[{\"@type\":\"SearchAction\",\"target\":{\"@type\":\"EntryPoint\",\"urlTemplate\":\"https:\/\/www.buzon-world.com\/de\/?s={search_term_string}\"},\"query-input\":{\"@type\":\"PropertyValueSpecification\",\"valueRequired\":true,\"valueName\":\"search_term_string\"}}],\"inLanguage\":\"de\"}]}<\/script>\n<!-- \/ Yoast SEO plugin. -->","yoast_head_json":{"title":"Anwendungen | Buzon World Stelzlager und Terrassentr\u00e4ger","description":"Gro\u00dfes Sortiment an Terrassenlagern und Bodenlagern f\u00fcr den Einsatz auf privaten und \u00f6ffentlichen Terrassen. \u00dcber 35 Jahre Erfahrung.","robots":{"index":"index","follow":"follow","max-snippet":"max-snippet:-1","max-image-preview":"max-image-preview:large","max-video-preview":"max-video-preview:-1"},"canonical":"https:\/\/www.buzon-world.com\/de\/anwendungen\/","og_locale":"de_DE","og_type":"article","og_title":"Anwendungen | Buzon World Stelzlager und Terrassentr\u00e4ger","og_description":"Gro\u00dfes Sortiment an Terrassenlagern und Bodenlagern f\u00fcr den Einsatz auf privaten und \u00f6ffentlichen Terrassen. \u00dcber 35 Jahre Erfahrung.","og_url":"https:\/\/www.buzon-world.com\/de\/anwendungen\/","og_site_name":"Buzon","article_modified_time":"2025-06-11T14:20:10+00:00","twitter_card":"summary_large_image","twitter_misc":{"Gesch\u00e4tzte Lesezeit":"1\u00a0Minute"},"schema":{"@context":"https:\/\/schema.org","@graph":[{"@type":"WebPage","@id":"https:\/\/www.buzon-world.com\/de\/anwendungen\/","url":"https:\/\/www.buzon-world.com\/de\/anwendungen\/","name":"Anwendungen | Buzon World Stelzlager und Terrassentr\u00e4ger","isPartOf":{"@id":"https:\/\/www.buzon-world.com\/de\/#website"},"datePublished":"2022-07-05T13:42:00+00:00","dateModified":"2025-06-11T14:20:10+00:00","description":"Gro\u00dfes Sortiment an Terrassenlagern und Bodenlagern f\u00fcr den Einsatz auf privaten und \u00f6ffentlichen Terrassen. \u00dcber 35 Jahre Erfahrung.","breadcrumb":{"@id":"https:\/\/www.buzon-world.com\/de\/anwendungen\/#breadcrumb"},"inLanguage":"de","potentialAction":[{"@type":"ReadAction","target":["https:\/\/www.buzon-world.com\/de\/anwendungen\/"]}]},{"@type":"BreadcrumbList","@id":"https:\/\/www.buzon-world.com\/de\/anwendungen\/#breadcrumb","itemListElement":[{"@type":"ListItem","position":1,"name":"Home","item":"https:\/\/www.buzon-world.com\/de\/"},{"@type":"ListItem","position":2,"name":"Anwendungen"}]},{"@type":"WebSite","@id":"https:\/\/www.buzon-world.com\/de\/#website","url":"https:\/\/www.buzon-world.com\/de\/","name":"Buzon","description":"Just another WordPress site","potentialAction":[{"@type":"SearchAction","target":{"@type":"EntryPoint","urlTemplate":"https:\/\/www.buzon-world.com\/de\/?s={search_term_string}"},"query-input":{"@type":"PropertyValueSpecification","valueRequired":true,"valueName":"search_term_string"}}],"inLanguage":"de"}]}},"_links":{"self":[{"href":"https:\/\/www.buzon-world.com\/de\/wp-json\/wp\/v2\/pages\/20424","targetHints":{"allow":["GET"]}}],"collection":[{"href":"https:\/\/www.buzon-world.com\/de\/wp-json\/wp\/v2\/pages"}],"about":[{"href":"https:\/\/www.buzon-world.com\/de\/wp-json\/wp\/v2\/types\/page"}],"author":[{"embeddable":true,"href":"https:\/\/www.buzon-world.com\/de\/wp-json\/wp\/v2\/users\/1"}],"replies":[{"embeddable":true,"href":"https:\/\/www.buzon-world.com\/de\/wp-json\/wp\/v2\/comments?post=20424"}],"version-history":[{"count":6,"href":"https:\/\/www.buzon-world.com\/de\/wp-json\/wp\/v2\/pages\/20424\/revisions"}],"predecessor-version":[{"id":47020,"href":"https:\/\/www.buzon-world.com\/de\/wp-json\/wp\/v2\/pages\/20424\/revisions\/47020"}],"wp:attachment":[{"href":"https:\/\/www.buzon-world.com\/de\/wp-json\/wp\/v2\/media?parent=20424"}],"wp:term":[{"taxonomy":"accesories_category","embeddable":true,"href":"https:\/\/www.buzon-world.com\/de\/wp-json\/wp\/v2\/accesories_category?post=20424"},{"taxonomy":"sizes","embeddable":true,"href":"https:\/\/www.buzon-world.com\/de\/wp-json\/wp\/v2\/sizes?post=20424"},{"taxonomy":"plot_serie","embeddable":true,"href":"https:\/\/www.buzon-world.com\/de\/wp-json\/wp\/v2\/plot_serie?post=20424"},{"taxonomy":"accesories_category_type","embeddable":true,"href":"https:\/\/www.buzon-world.com\/de\/wp-json\/wp\/v2\/accesories_category_type?post=20424"},{"taxonomy":"accessories_categories_subtype","embeddable":true,"href":"https:\/\/www.buzon-world.com\/de\/wp-json\/wp\/v2\/accessories_categories_subtype?post=20424"},{"taxonomy":"accessories_categories_applica","embeddable":true,"href":"https:\/\/www.buzon-world.com\/de\/wp-json\/wp\/v2\/accessories_categories_applica?post=20424"}],"curies":[{"name":"wp","href":"https:\/\/api.w.org\/{rel}","templated":true}]}}