{"id":20479,"date":"2022-07-05T15:25:44","date_gmt":"2022-07-05T13:25:44","guid":{"rendered":"https:\/\/www.buzon-world.com\/accessories\/"},"modified":"2025-05-23T12:47:33","modified_gmt":"2025-05-23T10:47:33","slug":"zubehoer","status":"publish","type":"page","link":"https:\/\/www.buzon-world.com\/de\/produkte\/zubehoer\/","title":{"rendered":"Zubeh\u00f6r"},"content":{"rendered":"<section class=\"l-section wpb_row height_medium\"><div class=\"l-section-h i-cf\"><div class=\"g-cols vc_row via_flex valign_top type_default stacking_default\"><div class=\"vc_col-sm-12 wpb_column vc_column_container\"><div class=\"vc_column-inner\"><div class=\"wpb_wrapper\"><div class=\"wpb_text_column longline\"><div class=\"wpb_wrapper\"><h1>Buzon Zubeh\u00f6r<\/h1>\n<\/div><\/div><div class=\"w-separator size_medium\"><\/div><div class=\"w-grid us_grid shadowgrid type_grid layout_813 cols_2 preload_style_spinner\" id=\"us_grid_1\" style=\"--columns:2;--gap:1.5rem;\"><style>@media (max-width:767px){#us_grid_1{--columns:1!important}}.layout_813 .w-grid-item-h{}.layout_813 .usg_post_title_1{margin-bottom:20px!important}<\/style><div class=\"w-grid-list\">\t<article class=\"w-grid-item size_1x1 post-20458 page type-page status-publish has-post-thumbnail hentry\" data-id=\"20458\">\r\n\t\t<div class=\"w-grid-item-h\">\r\n\t\t\t\t\t\t<div class=\"w-hwrapper usg_hwrapper_1 flex4060 align_none valign_middle\" style=\"--hwrapper-gap:2rem\"><div class=\"w-post-elm post_image usg_post_image_1 has_ratio\"><a href=\"https:\/\/www.buzon-world.com\/de\/produkte\/zubehoer\/pb-zubehoer\/\" aria-label=\"PB Zubeh\u00f6r\"><img loading=\"lazy\" decoding=\"async\" width=\"1024\" height=\"1024\" src=\"https:\/\/www.buzon-world.com\/wp-content\/uploads\/2022\/07\/PB-TABS-10MM-PACKSHOT-01-1024x1024.jpg\" class=\"attachment-large size-large wp-post-image\" alt=\"\" \/><\/a><div style=\"padding-bottom:100%\"><\/div><\/div><div class=\"w-vwrapper usg_vwrapper_1 align_none valign_top\"><h3 class=\"w-post-elm post_title usg_post_title_1 shortline entry-title color_link_inherit\"><a href=\"https:\/\/www.buzon-world.com\/de\/produkte\/zubehoer\/pb-zubehoer\/\">PB Zubeh\u00f6r<\/a><\/h3><\/div><\/div><a class=\"w-btn us-btn-style_3 usg_btn_1 buttonabsoluterightbottom icon_atright\" href=\"https:\/\/www.buzon-world.com\/de\/produkte\/zubehoer\/pb-zubehoer\/\"><span class=\"w-btn-label\">Produktlinie entdecken<\/span><i class=\"fas fa-chevron-right\"><\/i><\/a>\t\t<\/div>\r\n\t\t\t<\/article>\r\n\t<article class=\"w-grid-item size_1x1 post-20461 page type-page status-publish has-post-thumbnail hentry\" data-id=\"20461\">\r\n\t\t<div class=\"w-grid-item-h\">\r\n\t\t\t\t\t\t<div class=\"w-hwrapper usg_hwrapper_1 flex4060 align_none valign_middle\" style=\"--hwrapper-gap:2rem\"><div class=\"w-post-elm post_image usg_post_image_1 has_ratio\"><a href=\"https:\/\/www.buzon-world.com\/de\/produkte\/zubehoer\/dph-zubehoer\/\" aria-label=\"DPH Zubeh\u00f6r\"><img loading=\"lazy\" decoding=\"async\" width=\"560\" height=\"270\" src=\"https:\/\/www.buzon-world.com\/wp-content\/uploads\/2023\/12\/DPH-Gamme-560x270-DPH-02-PH5.png\" class=\"attachment-large size-large wp-post-image\" alt=\"\" \/><\/a><div style=\"padding-bottom:100%\"><\/div><\/div><div class=\"w-vwrapper usg_vwrapper_1 align_none valign_top\"><h3 class=\"w-post-elm post_title usg_post_title_1 shortline entry-title color_link_inherit\"><a href=\"https:\/\/www.buzon-world.com\/de\/produkte\/zubehoer\/dph-zubehoer\/\">DPH Zubeh\u00f6r<\/a><\/h3><\/div><\/div><a class=\"w-btn us-btn-style_3 usg_btn_1 buttonabsoluterightbottom icon_atright\" href=\"https:\/\/www.buzon-world.com\/de\/produkte\/zubehoer\/dph-zubehoer\/\"><span class=\"w-btn-label\">Produktlinie entdecken<\/span><i class=\"fas fa-chevron-right\"><\/i><\/a>\t\t<\/div>\r\n\t\t\t<\/article>\r\n\t<article class=\"w-grid-item size_1x1 post-20162 page type-page status-publish has-post-thumbnail hentry\" data-id=\"20162\">\r\n\t\t<div class=\"w-grid-item-h\">\r\n\t\t\t\t\t\t<div class=\"w-hwrapper usg_hwrapper_1 flex4060 align_none valign_middle\" style=\"--hwrapper-gap:2rem\"><div class=\"w-post-elm post_image usg_post_image_1 has_ratio\"><a href=\"https:\/\/www.buzon-world.com\/de\/produkte\/zubehoer\/e-brs-system-zubehoer\/\" aria-label=\"E-BRS System Zubeh\u00f6r\"><img loading=\"lazy\" decoding=\"async\" width=\"1024\" height=\"1024\" src=\"https:\/\/www.buzon-world.com\/wp-content\/uploads\/2022\/07\/U-END-BASE-LOCK-PACKSHOT-01-1024x1024.jpg\" class=\"attachment-large size-large wp-post-image\" alt=\"\" \/><\/a><div style=\"padding-bottom:100%\"><\/div><\/div><div class=\"w-vwrapper usg_vwrapper_1 align_none valign_top\"><h3 class=\"w-post-elm post_title usg_post_title_1 shortline entry-title color_link_inherit\"><a href=\"https:\/\/www.buzon-world.com\/de\/produkte\/zubehoer\/e-brs-system-zubehoer\/\">E-BRS System Zubeh\u00f6r<\/a><\/h3><\/div><\/div><a class=\"w-btn us-btn-style_3 usg_btn_1 buttonabsoluterightbottom icon_atright\" href=\"https:\/\/www.buzon-world.com\/de\/produkte\/zubehoer\/e-brs-system-zubehoer\/\"><span class=\"w-btn-label\">Produktlinie entdecken<\/span><i class=\"fas fa-chevron-right\"><\/i><\/a>\t\t<\/div>\r\n\t\t\t<\/article>\r\n<\/div>\t<div class=\"w-grid-preloader\">\r\n\t\t<div class=\"g-preloader type_1\">\r\n\t\t\t<div><\/div>\r\n\t\t<\/div>\r\n\t<\/div>\r\n\t\t<div class=\"w-grid-json hidden\" onclick='return {&quot;action&quot;:&quot;us_ajax_grid&quot;,&quot;infinite_scroll&quot;:0,&quot;max_num_pages&quot;:1,&quot;pagination&quot;:&quot;none&quot;,&quot;template_vars&quot;:{&quot;columns&quot;:&quot;2&quot;,&quot;exclude_items&quot;:&quot;none&quot;,&quot;img_size&quot;:&quot;default&quot;,&quot;ignore_items_size&quot;:0,&quot;items_layout&quot;:&quot;813&quot;,&quot;items_offset&quot;:&quot;1&quot;,&quot;load_animation&quot;:&quot;none&quot;,&quot;overriding_link&quot;:&quot;{\\&quot;url\\&quot;:\\&quot;\\&quot;}&quot;,&quot;post_id&quot;:0,&quot;query_args&quot;:{&quot;ignore_sticky_posts&quot;:1,&quot;post_type&quot;:&quot;any&quot;,&quot;post__in&quot;:[&quot;66&quot;,&quot;68&quot;,&quot;70&quot;,&quot;1154&quot;,&quot;1156&quot;],&quot;posts_per_page&quot;:&quot;10&quot;},&quot;orderby_query_args&quot;:{&quot;orderby&quot;:{&quot;post__in&quot;:&quot;ASC&quot;},&quot;order&quot;:&quot;ASC&quot;},&quot;type&quot;:&quot;grid&quot;,&quot;us_grid_post_type&quot;:&quot;ids&quot;,&quot;us_grid_ajax_index&quot;:1,&quot;us_grid_filter_query_string&quot;:null,&quot;us_grid_index&quot;:1,&quot;page_args&quot;:[],&quot;lang&quot;:&quot;de&quot;}}'><\/div>\r\n\t<\/div><\/div><\/div><\/div><\/div><\/div><\/section>\n","protected":false},"excerpt":{"rendered":"[vc_raw_html]JTVCd3BzZW9fYnJlYWRjcnVtYiU1RCUwQQ==[\/vc_raw_html]E-BRS System Zubeh\u00f6r F\u00dcR JEDE PRODUKTSERIE DER BUZON-REIHE E-BRS System Zubeh\u00f6r FilterAccessories categories subtypeZur\u00fccksetzenAlleErg\u00e4nzendes Zubeh\u00f6rKupplungsst\u00fcck f\u00fcr StelzlagerZubeh\u00f6r f\u00fcr die EndbearbeitungZubeh\u00f6r f\u00fcr die BefestigungStandard-Zubeh\u00f6rAnwendenFilter DPH-PH5Mehr Infos2022-07-25 U-BRS-STOPMehr Infos2024-12-18 U-BRS-TABSMehr Infos2022-07-05 U-BRS-VISMehr Infos2022-10-27 U-FIXING-PLATE-1Mehr Infos2022-07-25 U-FIXING-PLATE-5Mehr Infos2022-07-25 U-GRID-W150Mehr Infos2025-01-21 U-KIT-SL-80Mehr Infos2022-07-25 U-PADMehr Infos2022-07-05 U-PH5Mehr Infos2022-07-25 U-PH5-KEY-FOOTMehr Infos2022-07-25 U-SBSMehr Infos2023-12-08 U-TABS-SPIKEMehr Infos2022-07-25 U-TFPMehr Infos2025-01-21 U-TFP-Zubeh\u00f6rMehr Infos2026-01-06 Eine technische...","protected":false},"author":1,"featured_media":4444,"parent":20483,"menu_order":2,"comment_status":"closed","ping_status":"closed","template":"","meta":{"_acf_changed":false,"footnotes":""},"accesories_category":[],"sizes":[],"plot_serie":[],"accesories_category_type":[],"accessories_categories_subtype":[],"accessories_categories_applica":[],"class_list":["post-20479","page","type-page","status-publish","has-post-thumbnail","hentry"],"acf":[],"yoast_head":"<!-- This site is optimized with the Yoast SEO plugin v27.1.1 - https:\/\/yoast.com\/product\/yoast-seo-wordpress\/ -->\n<title>Zubeh\u00f6r f\u00fcr Stelzlager und Terrassentr\u00e4ger | Buzon World<\/title>\n<meta name=\"description\" content=\"Sorge f\u00fcr eine perfekte Verarbeitung bis ins kleinste Detail dank unseres gro\u00dfen Sortiments an Zubeh\u00f6r f\u00fcr Terrassentr\u00e4ger und Bodenlager.\" \/>\n<meta name=\"robots\" content=\"index, follow, max-snippet:-1, max-image-preview:large, max-video-preview:-1\" \/>\n<link rel=\"canonical\" href=\"https:\/\/www.buzon-world.com\/de\/produkte\/zubehoer\/\" \/>\n<meta property=\"og:locale\" content=\"de_DE\" \/>\n<meta property=\"og:type\" content=\"article\" \/>\n<meta property=\"og:title\" content=\"Zubeh\u00f6r f\u00fcr Stelzlager und Terrassentr\u00e4ger | Buzon World\" \/>\n<meta property=\"og:description\" content=\"Sorge f\u00fcr eine perfekte Verarbeitung bis ins kleinste Detail dank unseres gro\u00dfen Sortiments an Zubeh\u00f6r f\u00fcr Terrassentr\u00e4ger und Bodenlager.\" \/>\n<meta property=\"og:url\" content=\"https:\/\/www.buzon-world.com\/de\/produkte\/zubehoer\/\" \/>\n<meta property=\"og:site_name\" content=\"Buzon\" \/>\n<meta property=\"article:modified_time\" content=\"2025-05-23T10:47:33+00:00\" \/>\n<meta property=\"og:image\" content=\"https:\/\/www.buzon-world.com\/wp-content\/uploads\/2022\/08\/PB-TABS-10MM-PACKSHOT-01.jpg\" \/>\n\t<meta property=\"og:image:width\" content=\"2000\" \/>\n\t<meta property=\"og:image:height\" content=\"2000\" \/>\n\t<meta property=\"og:image:type\" content=\"image\/jpeg\" \/>\n<meta name=\"twitter:card\" content=\"summary_large_image\" \/>\n<meta name=\"twitter:label1\" content=\"Gesch\u00e4tzte Lesezeit\" \/>\n\t<meta name=\"twitter:data1\" content=\"1\u00a0Minute\" \/>\n<script type=\"application\/ld+json\" class=\"yoast-schema-graph\">{\"@context\":\"https:\/\/schema.org\",\"@graph\":[{\"@type\":\"WebPage\",\"@id\":\"https:\/\/www.buzon-world.com\/de\/produkte\/zubehoer\/\",\"url\":\"https:\/\/www.buzon-world.com\/de\/produkte\/zubehoer\/\",\"name\":\"Zubeh\u00f6r f\u00fcr Stelzlager und Terrassentr\u00e4ger | Buzon World\",\"isPartOf\":{\"@id\":\"https:\/\/www.buzon-world.com\/de\/#website\"},\"primaryImageOfPage\":{\"@id\":\"https:\/\/www.buzon-world.com\/de\/produkte\/zubehoer\/#primaryimage\"},\"image\":{\"@id\":\"https:\/\/www.buzon-world.com\/de\/produkte\/zubehoer\/#primaryimage\"},\"thumbnailUrl\":\"https:\/\/www.buzon-world.com\/wp-content\/uploads\/2022\/08\/PB-TABS-10MM-PACKSHOT-01.jpg\",\"datePublished\":\"2022-07-05T13:25:44+00:00\",\"dateModified\":\"2025-05-23T10:47:33+00:00\",\"description\":\"Sorge f\u00fcr eine perfekte Verarbeitung bis ins kleinste Detail dank unseres gro\u00dfen Sortiments an Zubeh\u00f6r f\u00fcr Terrassentr\u00e4ger und Bodenlager.\",\"breadcrumb\":{\"@id\":\"https:\/\/www.buzon-world.com\/de\/produkte\/zubehoer\/#breadcrumb\"},\"inLanguage\":\"de\",\"potentialAction\":[{\"@type\":\"ReadAction\",\"target\":[\"https:\/\/www.buzon-world.com\/de\/produkte\/zubehoer\/\"]}]},{\"@type\":\"ImageObject\",\"inLanguage\":\"de\",\"@id\":\"https:\/\/www.buzon-world.com\/de\/produkte\/zubehoer\/#primaryimage\",\"url\":\"https:\/\/www.buzon-world.com\/wp-content\/uploads\/2022\/08\/PB-TABS-10MM-PACKSHOT-01.jpg\",\"contentUrl\":\"https:\/\/www.buzon-world.com\/wp-content\/uploads\/2022\/08\/PB-TABS-10MM-PACKSHOT-01.jpg\",\"width\":2000,\"height\":2000},{\"@type\":\"BreadcrumbList\",\"@id\":\"https:\/\/www.buzon-world.com\/de\/produkte\/zubehoer\/#breadcrumb\",\"itemListElement\":[{\"@type\":\"ListItem\",\"position\":1,\"name\":\"Home\",\"item\":\"https:\/\/www.buzon-world.com\/de\/\"},{\"@type\":\"ListItem\",\"position\":2,\"name\":\"Produkte\",\"item\":\"https:\/\/www.buzon-world.com\/de\/produkte\/\"},{\"@type\":\"ListItem\",\"position\":3,\"name\":\"Zubeh\u00f6r\"}]},{\"@type\":\"WebSite\",\"@id\":\"https:\/\/www.buzon-world.com\/de\/#website\",\"url\":\"https:\/\/www.buzon-world.com\/de\/\",\"name\":\"Buzon\",\"description\":\"Just another WordPress site\",\"potentialAction\":[{\"@type\":\"SearchAction\",\"target\":{\"@type\":\"EntryPoint\",\"urlTemplate\":\"https:\/\/www.buzon-world.com\/de\/?s={search_term_string}\"},\"query-input\":{\"@type\":\"PropertyValueSpecification\",\"valueRequired\":true,\"valueName\":\"search_term_string\"}}],\"inLanguage\":\"de\"}]}<\/script>\n<!-- \/ Yoast SEO plugin. -->","yoast_head_json":{"title":"Zubeh\u00f6r f\u00fcr Stelzlager und Terrassentr\u00e4ger | Buzon World","description":"Sorge f\u00fcr eine perfekte Verarbeitung bis ins kleinste Detail dank unseres gro\u00dfen Sortiments an Zubeh\u00f6r f\u00fcr Terrassentr\u00e4ger und Bodenlager.","robots":{"index":"index","follow":"follow","max-snippet":"max-snippet:-1","max-image-preview":"max-image-preview:large","max-video-preview":"max-video-preview:-1"},"canonical":"https:\/\/www.buzon-world.com\/de\/produkte\/zubehoer\/","og_locale":"de_DE","og_type":"article","og_title":"Zubeh\u00f6r f\u00fcr Stelzlager und Terrassentr\u00e4ger | Buzon World","og_description":"Sorge f\u00fcr eine perfekte Verarbeitung bis ins kleinste Detail dank unseres gro\u00dfen Sortiments an Zubeh\u00f6r f\u00fcr Terrassentr\u00e4ger und Bodenlager.","og_url":"https:\/\/www.buzon-world.com\/de\/produkte\/zubehoer\/","og_site_name":"Buzon","article_modified_time":"2025-05-23T10:47:33+00:00","og_image":[{"width":2000,"height":2000,"url":"https:\/\/www.buzon-world.com\/wp-content\/uploads\/2022\/08\/PB-TABS-10MM-PACKSHOT-01.jpg","type":"image\/jpeg"}],"twitter_card":"summary_large_image","twitter_misc":{"Gesch\u00e4tzte Lesezeit":"1\u00a0Minute"},"schema":{"@context":"https:\/\/schema.org","@graph":[{"@type":"WebPage","@id":"https:\/\/www.buzon-world.com\/de\/produkte\/zubehoer\/","url":"https:\/\/www.buzon-world.com\/de\/produkte\/zubehoer\/","name":"Zubeh\u00f6r f\u00fcr Stelzlager und Terrassentr\u00e4ger | Buzon World","isPartOf":{"@id":"https:\/\/www.buzon-world.com\/de\/#website"},"primaryImageOfPage":{"@id":"https:\/\/www.buzon-world.com\/de\/produkte\/zubehoer\/#primaryimage"},"image":{"@id":"https:\/\/www.buzon-world.com\/de\/produkte\/zubehoer\/#primaryimage"},"thumbnailUrl":"https:\/\/www.buzon-world.com\/wp-content\/uploads\/2022\/08\/PB-TABS-10MM-PACKSHOT-01.jpg","datePublished":"2022-07-05T13:25:44+00:00","dateModified":"2025-05-23T10:47:33+00:00","description":"Sorge f\u00fcr eine perfekte Verarbeitung bis ins kleinste Detail dank unseres gro\u00dfen Sortiments an Zubeh\u00f6r f\u00fcr Terrassentr\u00e4ger und Bodenlager.","breadcrumb":{"@id":"https:\/\/www.buzon-world.com\/de\/produkte\/zubehoer\/#breadcrumb"},"inLanguage":"de","potentialAction":[{"@type":"ReadAction","target":["https:\/\/www.buzon-world.com\/de\/produkte\/zubehoer\/"]}]},{"@type":"ImageObject","inLanguage":"de","@id":"https:\/\/www.buzon-world.com\/de\/produkte\/zubehoer\/#primaryimage","url":"https:\/\/www.buzon-world.com\/wp-content\/uploads\/2022\/08\/PB-TABS-10MM-PACKSHOT-01.jpg","contentUrl":"https:\/\/www.buzon-world.com\/wp-content\/uploads\/2022\/08\/PB-TABS-10MM-PACKSHOT-01.jpg","width":2000,"height":2000},{"@type":"BreadcrumbList","@id":"https:\/\/www.buzon-world.com\/de\/produkte\/zubehoer\/#breadcrumb","itemListElement":[{"@type":"ListItem","position":1,"name":"Home","item":"https:\/\/www.buzon-world.com\/de\/"},{"@type":"ListItem","position":2,"name":"Produkte","item":"https:\/\/www.buzon-world.com\/de\/produkte\/"},{"@type":"ListItem","position":3,"name":"Zubeh\u00f6r"}]},{"@type":"WebSite","@id":"https:\/\/www.buzon-world.com\/de\/#website","url":"https:\/\/www.buzon-world.com\/de\/","name":"Buzon","description":"Just another WordPress site","potentialAction":[{"@type":"SearchAction","target":{"@type":"EntryPoint","urlTemplate":"https:\/\/www.buzon-world.com\/de\/?s={search_term_string}"},"query-input":{"@type":"PropertyValueSpecification","valueRequired":true,"valueName":"search_term_string"}}],"inLanguage":"de"}]}},"_links":{"self":[{"href":"https:\/\/www.buzon-world.com\/de\/wp-json\/wp\/v2\/pages\/20479","targetHints":{"allow":["GET"]}}],"collection":[{"href":"https:\/\/www.buzon-world.com\/de\/wp-json\/wp\/v2\/pages"}],"about":[{"href":"https:\/\/www.buzon-world.com\/de\/wp-json\/wp\/v2\/types\/page"}],"author":[{"embeddable":true,"href":"https:\/\/www.buzon-world.com\/de\/wp-json\/wp\/v2\/users\/1"}],"replies":[{"embeddable":true,"href":"https:\/\/www.buzon-world.com\/de\/wp-json\/wp\/v2\/comments?post=20479"}],"version-history":[{"count":2,"href":"https:\/\/www.buzon-world.com\/de\/wp-json\/wp\/v2\/pages\/20479\/revisions"}],"predecessor-version":[{"id":21901,"href":"https:\/\/www.buzon-world.com\/de\/wp-json\/wp\/v2\/pages\/20479\/revisions\/21901"}],"up":[{"embeddable":true,"href":"https:\/\/www.buzon-world.com\/de\/wp-json\/wp\/v2\/pages\/20483"}],"wp:featuredmedia":[{"embeddable":true,"href":"https:\/\/www.buzon-world.com\/de\/wp-json\/wp\/v2\/media\/4444"}],"wp:attachment":[{"href":"https:\/\/www.buzon-world.com\/de\/wp-json\/wp\/v2\/media?parent=20479"}],"wp:term":[{"taxonomy":"accesories_category","embeddable":true,"href":"https:\/\/www.buzon-world.com\/de\/wp-json\/wp\/v2\/accesories_category?post=20479"},{"taxonomy":"sizes","embeddable":true,"href":"https:\/\/www.buzon-world.com\/de\/wp-json\/wp\/v2\/sizes?post=20479"},{"taxonomy":"plot_serie","embeddable":true,"href":"https:\/\/www.buzon-world.com\/de\/wp-json\/wp\/v2\/plot_serie?post=20479"},{"taxonomy":"accesories_category_type","embeddable":true,"href":"https:\/\/www.buzon-world.com\/de\/wp-json\/wp\/v2\/accesories_category_type?post=20479"},{"taxonomy":"accessories_categories_subtype","embeddable":true,"href":"https:\/\/www.buzon-world.com\/de\/wp-json\/wp\/v2\/accessories_categories_subtype?post=20479"},{"taxonomy":"accessories_categories_applica","embeddable":true,"href":"https:\/\/www.buzon-world.com\/de\/wp-json\/wp\/v2\/accessories_categories_applica?post=20479"}],"curies":[{"name":"wp","href":"https:\/\/api.w.org\/{rel}","templated":true}]}}