{"id":20490,"date":"2022-07-04T15:06:58","date_gmt":"2022-07-04T13:06:58","guid":{"rendered":"https:\/\/www.buzon-world.com\/privacy-policy\/"},"modified":"2025-11-12T17:10:10","modified_gmt":"2025-11-12T15:10:10","slug":"datenschutzbestimmungen","status":"publish","type":"page","link":"https:\/\/www.buzon-world.com\/de\/datenschutzbestimmungen\/","title":{"rendered":"Datenschutzbestimmungen"},"content":{"rendered":"<section class=\"l-section wpb_row height_medium\"><div class=\"l-section-h i-cf\"><div class=\"g-cols vc_row via_flex valign_top type_default stacking_default\"><div class=\"vc_col-sm-12 wpb_column vc_column_container\"><div class=\"vc_column-inner\"><div class=\"wpb_wrapper\"><div class=\"wpb_text_column\"><div class=\"wpb_wrapper\"><h1 class=\"wp-block-heading\">RECHTLICHE HINWEISE UND DATENSCHUTZERKL\u00c4RUNG<\/h1>\n<h3>GEISTIGES EIGENTUM\u00a0<\/h3>\n<p>&nbsp;<\/p>\n<p>Buzon Pedestal International AG<\/p>\n<p>Zoning Industriel des Hauts-Sarts<\/p>\n<p>Quatri\u00e8me Avenue, 25<\/p>\n<p>4040 Herstal<\/p>\n<p>Belgien<\/p>\n<p>ZDU: 0430.058.210<\/p>\n<p>Tel.: +32 4 248 39 83<\/p>\n<p>E-Mail-Adresse: julie.bourchis@buzon-world.com<\/p>\n<p><a href=\"https:\/\/www.boip.inthttps\/\/www.buzon-world.com\/trademarks-register\">BUZON ist in den Benelux-L\u00e4ndern, in Europa und international als Marke eingetragen<\/a><\/p>\n<p>Die Texte, Layouts, Zeichnungen, Fotos, Animationen, Datenbanken, Logos, technischen Unterlagen und Brosch\u00fcren auf dieser Website sind urheberrechtlich gesch\u00fctzt\u00a9.<\/p>\n<p>Jede Vervielf\u00e4ltigung, Anpassung, \u00c4nderung, \u00dcbersetzung, Bearbeitung, Speicherung in einer Datenbank oder \u00f6ffentliche Bekanntgabe dieser Website, ob ganz oder in Ausz\u00fcgen, in jeglicher Form und mit jeglichen Mitteln, ob elektronisch, mechanisch oder auf sonstige Weise, ist ohne die vorherige schriftliche Genehmigung der BUZON PEDESTAL INTERNATIONAL AG streng untersagt.<\/p>\n<p>Das Herunterladen von technischen Unterlagen, Brosch\u00fcren oder Katalogen ist zu Einsichts- und Schulungszwecken erlaubt. Jede Vervielf\u00e4ltigung ohne die vorherige schriftliche Genehmigung der BUZON PEDESTAL INTERNATIONAL AG ist untersagt.<\/p>\n<p>Anfragen bez\u00fcglich der Verwendung von Ausz\u00fcgen aus dem Inhalt der Website, insbesondere \u00fcber den Gebrauch von Hyperlinks, Bildern, Zeichnungen, Fotos und Texten, bitten wir, im Voraus unter der Adresse info@buzon-world.com an die BUZON PEDESTAL INTERNATIONAL AG zu richten.<\/p>\n<p>&nbsp;<\/p>\n<h3>HAFTUNGSAUSSCHLUSS \u2013 DISCLAIMER<\/h3>\n<p>Unsere Website dient dem Ziel, die \u00d6ffentlichkeit \u00fcber unsere T\u00e4tigkeit sowie \u00fcber unsere Produkte und Dienstleistungen zu informieren. Diese Informationen sind nicht unbedingt vollst\u00e4ndig und f\u00fcr unser Unternehmen in keinem Fall verbindlich (alle Angaben ohne Gew\u00e4hr). Die Buzon Pedestal International AG beh\u00e4lt sich das Recht vor, diese Website jederzeit ohne vorherige Ank\u00fcndigung zu \u00e4ndern, zu erg\u00e4nzen oder zu vervollst\u00e4ndigen.<\/p>\n<p>Sollten wir Kenntnis \u00fcber fehlerhafte Angaben erlangen, so werden wir uns bem\u00fchen, die notwendigen Berichtigungen vorzunehmen.<\/p>\n<p>Wir lehnen jede Haftung f\u00fcr St\u00f6rungen aufgrund technischer Probleme ab, die sich aus der Nutzung dieser Website oder ihrer Aktualisierungen ergeben k\u00f6nnen.<\/p>\n<h3>VERARBEITUNG PERSONENBEZOGENER DATEN<\/h3>\n<p>1. Sie sind berechtigt, unsere Website zu besuchen, sich \u00fcber unsere Dienstleistungen und Produkte zu informieren und einen Einblick in unsere neuesten Entwicklungen zu nehmen, ohne uns personenbezogene Daten angeben zu m\u00fcssen.\u00a0 Falls Sie sich dazu entscheiden, uns Ihre personenbezogenen Daten mitzuteilen, werden diese von der BUZON PEDESTAL INTERNATIONAL AG vertraulich und im Einklang mit der europ\u00e4ischen Datenschutz-Grundverordnung (nachstehend \u201eDSGVO\u201c) verarbeitet, die am 25.\u00a0Mai 2018 in Kraft getreten ist.<\/p>\n<p>2. Im Rahmen seiner gewerblichen T\u00e4tigkeit nimmt unser Unternehmen Verarbeitungen personenbezogener Daten vor, wobei es f\u00fcr die von ihm erhobenen Daten verantwortlich ist. Unser Unternehmen erhebt Daten zu seinen Kunden und Vertriebspartnern. Diese Daten werden auf rechtm\u00e4\u00dfige, faire und transparente Weise erhoben. Die Datenerhebung ist angemessen, zweckm\u00e4\u00dfig und auf das notwendige Ma\u00df beschr\u00e4nkt. Diese Daten werden aktualisiert.<\/p>\n<p>3. Vorbehaltlich des schriftlichen Widerrufs an den nachstehend genannten Datenschutzbeauftragten (DPO) erteilen die betroffenen Personen durch Ankreuzen des hierzu vorgesehenen K\u00e4stchens auf unserer Website ihre Einwilligung (Artikel\u00a06 Absatz\u00a01 Punkt\u00a0a der DSGVO) in die Verarbeitung ihrer personenbezogenen Daten, die f\u00fcr die Erbringung folgender Leistungen unerl\u00e4sslich sind:<\/p>\n<ul>\n<li>die \u00dcbermittlung von Informationen zu den Leistungen, Produkten und T\u00e4tigkeiten des Unternehmens BUZON PEDESTAL INTERNATIONAL AG,<\/li>\n<li>die Zustellung von Newslettern,<\/li>\n<li>die Durchf\u00fchrung von Informations- oder Werbeaktionen zu den Leistungen und Produkten des Unternehmens BUZON PEDESTAL INTERNATIONAL AG,<\/li>\n<li>die Durchf\u00fchrung von Marktforschung,<\/li>\n<li>die Verwaltung des Kundenstamms,<\/li>\n<li>die Ausstellung, Beitreibung und \u00dcberpr\u00fcfung von Rechnungen,<\/li>\n<li>die Erf\u00fcllung unserer Pflichten zur Verhinderung des Missbrauchs des Finanzsystems zum Zweck der Geldw\u00e4sche und der Terrorismusfinanzierung.<\/li>\n<\/ul>\n<p>4. In Bezug auf diese Datenerhebung fungiert BUZON PEDESTAL INTERNATIONAL als Verantwortlicher und bem\u00fcht sich somit nach Kr\u00e4ften, die Wirksamkeit der in der DSGVO festgeschriebenen Rechte zu gew\u00e4hrleisten. Hierzu ergreift das Unternehmen die folgenden Ma\u00dfnahmen: Es gew\u00e4hrleistet den Schutz der verarbeiteten Daten und es ernennt einen Datenschutzbeauftragten. Soweit diese Verarbeitungst\u00e4tigkeit auf die vorstehend genannten Zwecke beschr\u00e4nkt bleibt, f\u00fchrt BUZON PEDESTAL INTERNATIONAL im Einklang mit Artikel\u00a030 Absatz5 der DSGVO nicht systematisch ein Verzeichnis aller Verarbeitungst\u00e4tigkeiten, sofern sich nicht herausstellt, dass dies aufgrund der vorgenommenen Verarbeitungen erforderlich wird.<\/p>\n<p>5. Alle \u00fcbermittelten Daten werden mit gr\u00f6\u00dftm\u00f6glicher Vertraulichkeit behandelt. Da die Verarbeitung einzig auf Grundlage Ihrer Einwilligung erfolgt, k\u00f6nnen die betroffenen Personen jederzeit unentgeltlich Einsicht in diese Daten nehmen oder diese berichtigen oder l\u00f6schen lassen.<\/p>\n<p>6. Die Dateien, die diese Daten enthalten, sind das Eigentum der BUZON PEDESTAL INTERNATIONAL AG und der von ihr beaufsichtigten Dienste. Das Unternehmen BUZON PEDESTAL INTERNATIONAL AG gibt Ihre Daten nicht an andere Organisationen weiter; eine Ausnahme bilden die nachstehend aufgef\u00fchrten Gruppen, an die eine Weitergabe auf Grundlage von Artikel\u00a06 Absatz\u00a01 Punkt b der DSGVO (Erf\u00fcllung eines Vertrags) erfolgen kann:<\/p>\n<ul>\n<li>an unsere mit der EDV-Infrastruktur, unserem CRM-Programm, dem Fakturierungsprogramm, dem Projektmanagementprogramm und der Erstellung und Pflege unserer Internet- und Extranet-Website betrauten Auftragsverarbeiter, soweit f\u00fcr die Wahrnehmung ihrer jeweiligen Aufgaben erforderlich,<\/li>\n<li>an Gerichtsvollzieher, Anwaltskanzleien oder Inkassogesellschaften, die wir im Rahmen unserer T\u00e4tigkeit f\u00fcr Sie beauftragen,<\/li>\n<li>an die Steuer- und Sozialbeh\u00f6rden, an unser Sozialsekretariat und unseren Buchhalter, soweit zur Einhaltung unserer steuer- und sozialrechtlichen Pflichten erforderlich.<\/li>\n<\/ul>\n<p>7. Die DSGVO r\u00e4umt den gesch\u00fctzten Personen die folgenden Rechte ein: Recht auf Unterrichtung, Auskunftsrecht, Recht auf Berichtigung, Recht auf L\u00f6schung, Recht auf Einschr\u00e4nkung der Verarbeitung, Widerspruchsrecht, Recht auf Daten\u00fcbertragbarkeit und das Recht, nicht einer auf einer automatisierten Verarbeitung beruhenden Entscheidung im Einzelfall unterworfen zu werden (Artikel\u00a013 bis 22 der DSGVO). Die betroffenen Personen \u00fcben diese Rechte beim Verantwortlichen aus.<\/p>\n<p>Gem\u00e4\u00df Artikel\u00a07 Absatz\u00a03 der DSGVO haben die betroffenen Personen das Recht, ihre Einwilligung jederzeit zu widerrufen. BUZON PEDESTAL INTERNATIONAL wird ihre Daten daraufhin nicht l\u00e4nger verarbeiten. Die Rechtm\u00e4\u00dfigkeit der bis zum Widerruf auf Grundlage der Einwilligung erfolgten Verarbeitung wird von diesem Widerruf nicht ber\u00fchrt.<\/p>\n<p>8. Im Rahmen der Verarbeitungst\u00e4tigkeiten, f\u00fcr die unser Unternehmen als Verantwortlicher fungiert, wird es personenbezogene Daten nicht au\u00dferhalb der Europ\u00e4ischen Union speichern oder an Empf\u00e4nger au\u00dferhalb der Europ\u00e4ischen Union \u00fcbermitteln.<\/p>\n<p>9. Unser Unternehmen hat geeignete technische und organisatorische Ma\u00dfnahmen ergriffen, um den Schutz der personenbezogenen Daten vor unbefugten Zugriffen oder Verarbeitungen sowie vor deren Verlust oder Besch\u00e4digung zu gew\u00e4hrleisten. Zu diesem Ziel trifft es die folgenden Vorkehrungen: regelm\u00e4\u00dfige \u00dcberpr\u00fcfung der Sicherheit der Daten, Verwendung eines regelm\u00e4\u00dfig aktualisierten Virenschutzprogramms, regelm\u00e4\u00dfige Erstellung von Sicherungskopien, regelm\u00e4\u00dfige Aktualisierung der verwendeten Software, Einrichtung einer Firewall, Einrichtung eines berechtigungsbasierten Zugangssystems zum Schutz des Zugriffs auf personenbezogene Daten.<\/p>\n<p>10. BUZON PEDESTAL INTERNATIONAL ernennt Frau Julie Bourc\u2019his zu seiner Datenschutzbeauftragten (DPO).<\/p>\n<p>julie.bourchis@buzon-world.com<\/p>\n<p>+32 4 248 39 83<\/p>\n<p>Zoning Industriel des Hauts-Sarts<\/p>\n<p>4eme Avenue, 25<\/p>\n<p>4040 Herstal \u2013 BELGIEN<\/p>\n<p>Frau Julie Bourc\u2019his hat die Aufgabe: sich laufend zu dokumentieren; jeder interessierten Person, die n\u00e4here Erl\u00e4uterungen zu unserer zwecks Einhaltung der DSGVO umgesetzten Politik w\u00fcnscht, die entsprechenden Informationen zukommen zu lassen; regelm\u00e4\u00dfig zu evaluieren, ob diese Politik geeignet, ausreichend und angemessen ist; die Einhaltung der DSGVO zu \u00fcberpr\u00fcfen; und als Ansprechpartnerin f\u00fcr die belgische Aufsichtsbeh\u00f6rde oder jede interessierte Person zu fungieren.<\/p>\n<p>11.\u00a0 Im Rahmen der Verarbeitungst\u00e4tigkeiten, f\u00fcr die das Unternehmen BUZON PEDESTAL INTERNATIONAL als Verantwortlicher fungiert, \u00fcbermittelt es gegebenenfalls personenbezogene Daten an bestimmte Auftragsverarbeiter, um seinen gesetzlichen und vertraglichen Pflichten nachzukommen. Diese sind f\u00fcr die Einhaltung der Pflichten verantwortlich, die ihnen in dieser Eigenschaft als Auftragsverarbeiter obliegen. BUZON PEDESTAL INTERNATIONAL fordert sie somit dazu auf, ihm die von ihnen zur Einhaltung der DSGVO ergriffenen Ma\u00dfnahmen im Einzelnen darzulegen.<\/p>\n<p>12. Ausschlie\u00dflicher Gerichtsstand bei Streitf\u00e4llen im Zusammenhang mit der Nutzung unserer Website ist L\u00dcTTICH (Belgien). Es gilt das belgische Recht. F\u00fcr den Fall, dass die vorliegenden rechtlichen Hinweise in einer anderen Sprache als Franz\u00f6sisch verfasst sind, vereinbaren die Parteien, dass bei Auslegungsschwierigkeiten der franz\u00f6sische Text ma\u00dfgeblich ist.<\/p>\n<\/div><\/div><\/div><\/div><\/div><\/div><\/div><\/section>","protected":false},"excerpt":{"rendered":"RECHTLICHE HINWEISE UND DATENSCHUTZERKL\u00c4RUNG GEISTIGES EIGENTUM\u00a0 &nbsp; Buzon Pedestal International AG Zoning Industriel des Hauts-Sarts Quatri\u00e8me Avenue, 25 4040 Herstal Belgien ZDU: 0430.058.210 Tel.: +32 4 248 39 83 E-Mail-Adresse: julie.bourchis@buzon-world.com BUZON ist in den Benelux-L\u00e4ndern, in Europa und international als Marke eingetragen Die Texte, Layouts, Zeichnungen, Fotos, Animationen, Datenbanken, Logos, technischen Unterlagen und Brosch\u00fcren...","protected":false},"author":1,"featured_media":0,"parent":0,"menu_order":0,"comment_status":"closed","ping_status":"closed","template":"","meta":{"_acf_changed":false,"footnotes":""},"accesories_category":[],"sizes":[],"plot_serie":[],"accesories_category_type":[],"accessories_categories_subtype":[],"accessories_categories_applica":[],"class_list":["post-20490","page","type-page","status-publish","hentry"],"acf":[],"yoast_head":"<!-- This site is optimized with the Yoast SEO plugin v27.1.1 - https:\/\/yoast.com\/product\/yoast-seo-wordpress\/ -->\n<title>Datenschutz bei Buzon | Pers\u00f6nliche Daten &amp; GDPR<\/title>\n<meta name=\"description\" content=\"Buzon sch\u00fctzt Ihre Daten. Lesen Sie unsere Datenschutzrichtlinie gem\u00e4\u00df DSGVO f\u00fcr eine transparente und sichere Datenverarbeitung.\" \/>\n<meta name=\"robots\" content=\"index, follow, max-snippet:-1, max-image-preview:large, max-video-preview:-1\" \/>\n<link rel=\"canonical\" href=\"https:\/\/www.buzon-world.com\/de\/datenschutzbestimmungen\/\" \/>\n<meta property=\"og:locale\" content=\"de_DE\" \/>\n<meta property=\"og:type\" content=\"article\" \/>\n<meta property=\"og:title\" content=\"Datenschutz bei Buzon | Pers\u00f6nliche Daten &amp; GDPR\" \/>\n<meta property=\"og:description\" content=\"Buzon sch\u00fctzt Ihre Daten. Lesen Sie unsere Datenschutzrichtlinie gem\u00e4\u00df DSGVO f\u00fcr eine transparente und sichere Datenverarbeitung.\" \/>\n<meta property=\"og:url\" content=\"https:\/\/www.buzon-world.com\/de\/datenschutzbestimmungen\/\" \/>\n<meta property=\"og:site_name\" content=\"Buzon\" \/>\n<meta property=\"article:modified_time\" content=\"2025-11-12T15:10:10+00:00\" \/>\n<meta name=\"twitter:card\" content=\"summary_large_image\" \/>\n<meta name=\"twitter:label1\" content=\"Gesch\u00e4tzte Lesezeit\" \/>\n\t<meta name=\"twitter:data1\" content=\"6\u00a0Minuten\" \/>\n<script type=\"application\/ld+json\" class=\"yoast-schema-graph\">{\"@context\":\"https:\/\/schema.org\",\"@graph\":[{\"@type\":\"WebPage\",\"@id\":\"https:\/\/www.buzon-world.com\/de\/datenschutzbestimmungen\/\",\"url\":\"https:\/\/www.buzon-world.com\/de\/datenschutzbestimmungen\/\",\"name\":\"Datenschutz bei Buzon | Pers\u00f6nliche Daten & GDPR\",\"isPartOf\":{\"@id\":\"https:\/\/www.buzon-world.com\/de\/#website\"},\"datePublished\":\"2022-07-04T13:06:58+00:00\",\"dateModified\":\"2025-11-12T15:10:10+00:00\",\"description\":\"Buzon sch\u00fctzt Ihre Daten. Lesen Sie unsere Datenschutzrichtlinie gem\u00e4\u00df DSGVO f\u00fcr eine transparente und sichere Datenverarbeitung.\",\"breadcrumb\":{\"@id\":\"https:\/\/www.buzon-world.com\/de\/datenschutzbestimmungen\/#breadcrumb\"},\"inLanguage\":\"de\",\"potentialAction\":[{\"@type\":\"ReadAction\",\"target\":[\"https:\/\/www.buzon-world.com\/de\/datenschutzbestimmungen\/\"]}]},{\"@type\":\"BreadcrumbList\",\"@id\":\"https:\/\/www.buzon-world.com\/de\/datenschutzbestimmungen\/#breadcrumb\",\"itemListElement\":[{\"@type\":\"ListItem\",\"position\":1,\"name\":\"Home\",\"item\":\"https:\/\/www.buzon-world.com\/de\/\"},{\"@type\":\"ListItem\",\"position\":2,\"name\":\"Datenschutzbestimmungen\"}]},{\"@type\":\"WebSite\",\"@id\":\"https:\/\/www.buzon-world.com\/de\/#website\",\"url\":\"https:\/\/www.buzon-world.com\/de\/\",\"name\":\"Buzon\",\"description\":\"Just another WordPress site\",\"potentialAction\":[{\"@type\":\"SearchAction\",\"target\":{\"@type\":\"EntryPoint\",\"urlTemplate\":\"https:\/\/www.buzon-world.com\/de\/?s={search_term_string}\"},\"query-input\":{\"@type\":\"PropertyValueSpecification\",\"valueRequired\":true,\"valueName\":\"search_term_string\"}}],\"inLanguage\":\"de\"}]}<\/script>\n<!-- \/ Yoast SEO plugin. -->","yoast_head_json":{"title":"Datenschutz bei Buzon | Pers\u00f6nliche Daten & GDPR","description":"Buzon sch\u00fctzt Ihre Daten. Lesen Sie unsere Datenschutzrichtlinie gem\u00e4\u00df DSGVO f\u00fcr eine transparente und sichere Datenverarbeitung.","robots":{"index":"index","follow":"follow","max-snippet":"max-snippet:-1","max-image-preview":"max-image-preview:large","max-video-preview":"max-video-preview:-1"},"canonical":"https:\/\/www.buzon-world.com\/de\/datenschutzbestimmungen\/","og_locale":"de_DE","og_type":"article","og_title":"Datenschutz bei Buzon | Pers\u00f6nliche Daten & GDPR","og_description":"Buzon sch\u00fctzt Ihre Daten. Lesen Sie unsere Datenschutzrichtlinie gem\u00e4\u00df DSGVO f\u00fcr eine transparente und sichere Datenverarbeitung.","og_url":"https:\/\/www.buzon-world.com\/de\/datenschutzbestimmungen\/","og_site_name":"Buzon","article_modified_time":"2025-11-12T15:10:10+00:00","twitter_card":"summary_large_image","twitter_misc":{"Gesch\u00e4tzte Lesezeit":"6\u00a0Minuten"},"schema":{"@context":"https:\/\/schema.org","@graph":[{"@type":"WebPage","@id":"https:\/\/www.buzon-world.com\/de\/datenschutzbestimmungen\/","url":"https:\/\/www.buzon-world.com\/de\/datenschutzbestimmungen\/","name":"Datenschutz bei Buzon | Pers\u00f6nliche Daten & GDPR","isPartOf":{"@id":"https:\/\/www.buzon-world.com\/de\/#website"},"datePublished":"2022-07-04T13:06:58+00:00","dateModified":"2025-11-12T15:10:10+00:00","description":"Buzon sch\u00fctzt Ihre Daten. Lesen Sie unsere Datenschutzrichtlinie gem\u00e4\u00df DSGVO f\u00fcr eine transparente und sichere Datenverarbeitung.","breadcrumb":{"@id":"https:\/\/www.buzon-world.com\/de\/datenschutzbestimmungen\/#breadcrumb"},"inLanguage":"de","potentialAction":[{"@type":"ReadAction","target":["https:\/\/www.buzon-world.com\/de\/datenschutzbestimmungen\/"]}]},{"@type":"BreadcrumbList","@id":"https:\/\/www.buzon-world.com\/de\/datenschutzbestimmungen\/#breadcrumb","itemListElement":[{"@type":"ListItem","position":1,"name":"Home","item":"https:\/\/www.buzon-world.com\/de\/"},{"@type":"ListItem","position":2,"name":"Datenschutzbestimmungen"}]},{"@type":"WebSite","@id":"https:\/\/www.buzon-world.com\/de\/#website","url":"https:\/\/www.buzon-world.com\/de\/","name":"Buzon","description":"Just another WordPress site","potentialAction":[{"@type":"SearchAction","target":{"@type":"EntryPoint","urlTemplate":"https:\/\/www.buzon-world.com\/de\/?s={search_term_string}"},"query-input":{"@type":"PropertyValueSpecification","valueRequired":true,"valueName":"search_term_string"}}],"inLanguage":"de"}]}},"_links":{"self":[{"href":"https:\/\/www.buzon-world.com\/de\/wp-json\/wp\/v2\/pages\/20490","targetHints":{"allow":["GET"]}}],"collection":[{"href":"https:\/\/www.buzon-world.com\/de\/wp-json\/wp\/v2\/pages"}],"about":[{"href":"https:\/\/www.buzon-world.com\/de\/wp-json\/wp\/v2\/types\/page"}],"author":[{"embeddable":true,"href":"https:\/\/www.buzon-world.com\/de\/wp-json\/wp\/v2\/users\/1"}],"replies":[{"embeddable":true,"href":"https:\/\/www.buzon-world.com\/de\/wp-json\/wp\/v2\/comments?post=20490"}],"version-history":[{"count":3,"href":"https:\/\/www.buzon-world.com\/de\/wp-json\/wp\/v2\/pages\/20490\/revisions"}],"predecessor-version":[{"id":33848,"href":"https:\/\/www.buzon-world.com\/de\/wp-json\/wp\/v2\/pages\/20490\/revisions\/33848"}],"wp:attachment":[{"href":"https:\/\/www.buzon-world.com\/de\/wp-json\/wp\/v2\/media?parent=20490"}],"wp:term":[{"taxonomy":"accesories_category","embeddable":true,"href":"https:\/\/www.buzon-world.com\/de\/wp-json\/wp\/v2\/accesories_category?post=20490"},{"taxonomy":"sizes","embeddable":true,"href":"https:\/\/www.buzon-world.com\/de\/wp-json\/wp\/v2\/sizes?post=20490"},{"taxonomy":"plot_serie","embeddable":true,"href":"https:\/\/www.buzon-world.com\/de\/wp-json\/wp\/v2\/plot_serie?post=20490"},{"taxonomy":"accesories_category_type","embeddable":true,"href":"https:\/\/www.buzon-world.com\/de\/wp-json\/wp\/v2\/accesories_category_type?post=20490"},{"taxonomy":"accessories_categories_subtype","embeddable":true,"href":"https:\/\/www.buzon-world.com\/de\/wp-json\/wp\/v2\/accessories_categories_subtype?post=20490"},{"taxonomy":"accessories_categories_applica","embeddable":true,"href":"https:\/\/www.buzon-world.com\/de\/wp-json\/wp\/v2\/accessories_categories_applica?post=20490"}],"curies":[{"name":"wp","href":"https:\/\/api.w.org\/{rel}","templated":true}]}}