{"id":46788,"date":"2025-04-08T08:48:06","date_gmt":"2025-04-08T06:48:06","guid":{"rendered":"https:\/\/www.buzon-world.com\/calculator\/"},"modified":"2025-06-05T11:16:55","modified_gmt":"2025-06-05T09:16:55","slug":"kalkulator","status":"publish","type":"page","link":"https:\/\/www.buzon-world.com\/de\/kalkulator\/","title":{"rendered":"Neuer Buzon-Kalkulator"},"content":{"rendered":"<section class=\"l-section wpb_row us_custom_963824fa height_auto\"><div class=\"l-section-h i-cf\"><div class=\"g-cols vc_row via_flex valign_top type_default stacking_default\"><div class=\"vc_col-sm-8 wpb_column vc_column_container\"><div class=\"vc_column-inner\"><div class=\"wpb_wrapper\"><div class=\"wpb_text_column us_custom_b06093fc has_text_color us_animate_this\"><div class=\"wpb_wrapper\"><h1><strong>Neuer Buzon-Kalkulator: Entwerfen Sie das Projekt Ihrer Terrasse in wenigen Klicks!<\/strong><\/h1>\n<\/div><\/div><div class=\"w-separator size_medium\"><\/div><div class=\"wpb_text_column us_custom_ec82cb5e has_text_color us_animate_this\"><div class=\"wpb_wrapper\"><p><strong>Das Geheimnis einer erfolgreichen Terrasse auf Stelzlagern? Eine optimale Vorbereitung! Deshalb entwickelt sich der Buzon-Kalkulator weiter, um Ihnen eine noch umfassendere, pr\u00e4zisere und leistungsf\u00e4higere Erfahrung zu bieten. Das Tool wurde entwickelt, um all Ihren Anforderungen gerecht zu werden, und f\u00fchrt Sie Schritt f\u00fcr Schritt durch die Vorbereitung und Realisierung Ihrer Terrasse auf Stelzlagern! \u00a0\u00a0<\/strong><\/p>\n<\/div><\/div><div class=\"w-separator size_medium\"><\/div><div class=\"w-btn-wrapper align_left\"><a class=\"w-btn us-btn-style_5 icon_atleft\" href=\"https:\/\/app.buzoncalculator.com\/\"><i class=\"fas fa-pencil-alt\"><\/i><span class=\"w-btn-label\">Neuer Buzon-Kalkulator<\/span><\/a><\/div><\/div><\/div><\/div><div class=\"vc_col-sm-4 wpb_column vc_column_container\"><div class=\"vc_column-inner\"><div class=\"wpb_wrapper\"><\/div><\/div><\/div><\/div><\/div><\/section><section class=\"l-section wpb_row height_auto\"><div class=\"l-section-h i-cf\"><div class=\"g-cols vc_row via_flex valign_top type_default stacking_default\"><div class=\"vc_col-sm-10 wpb_column vc_column_container\"><div class=\"vc_column-inner\"><div class=\"wpb_wrapper\"><div class=\"wpb_text_column us_custom_f0c7bf59 longline us_animate_this\"><div class=\"wpb_wrapper\"><h2><strong>Sehen Sie sich eine Vorschau des neuen Rechners an!<\/strong><\/h2>\n<\/div><\/div><div class=\"w-separator size_small\"><\/div><div class=\"wpb_text_column us_custom_ff13c409 us_animate_this\"><div class=\"wpb_wrapper\"><p>Bevor Sie loslegen, k\u00f6nnen Sie unsere neue Benutzeroberfl\u00e4che und ihre Funktionen vorab erkunden.<\/p>\n<\/div><\/div><div class=\"w-separator size_medium\"><\/div><div class=\"w-video align_none ratio_16x9 has_iframe\"><div class=\"w-video-h\"><iframe title=\"Youtube video player\" src=\"\/\/www.youtube.com\/embed\/sYSDqsQUT9U?autoplay=0&controls=1&origin=https:\/\/www.buzon-world.com\/de\/&loop=0&mute=0\" allowfullscreen=\"1\" loading=\"lazy\"><\/iframe><\/div><\/div><div class=\"w-separator size_small\"><\/div><div class=\"wpb_text_column us_custom_bec20362 us_animate_this\"><div class=\"wpb_wrapper\"><p><em>Beachten Sie, dass der alte Rechner in K\u00fcrze seinen Dienst einstellen wird. Es ist also Zeit, auf die neue Version umzusteigen und Ihre Projekte mit der Innovation und Qualit\u00e4t zum Leben zu erwecken, die sie verdienen!<\/em><\/p>\n<\/div><\/div><div class=\"w-separator size_medium\"><\/div><div class=\"wpb_text_column us_custom_47474b22 longline us_animate_this\"><div class=\"wpb_wrapper\"><h2><strong>Warum sollten Sie diese neue Version \u00fcbernehmen?<\/strong><\/h2>\n<\/div><\/div><div class=\"w-separator size_small\"><\/div><div class=\"wpb_text_column us_custom_ff13c409 us_animate_this\"><div class=\"wpb_wrapper\"><ul>\n<li><strong>Flexibler:<\/strong> Der Rechner ist f\u00fcr alle Konfigurationen geeignet, unabh\u00e4ngig von Gr\u00f6\u00dfe und Neigung.<\/li>\n<li><strong>Leistungsst\u00e4rker:<\/strong> Eine Optimierung, die schnelle und zuverl\u00e4ssige Berechnungen f\u00fcr ein fehlerfreies Projekt garantiert.<\/li>\n<li><strong>Schnelle und genaue Simulation:<\/strong> Visualisieren Sie sofort die Anordnung Ihrer Stelzlager und Schienen mit hoher Genauigkeit.<\/li>\n<li><strong>Bericht am Ende der Simulation:<\/strong> Erhalten Sie einen detaillierten Bericht \u00fcber die Produkte, die Sie f\u00fcr Ihr Projekt ben\u00f6tigen.<\/li>\n<li><strong>Offen f\u00fcr alle:<\/strong> Sowohl f\u00fcr Profis als auch f\u00fcr Privatpersonen konzipiert.<\/li>\n<\/ul>\n<\/div><\/div><div class=\"w-separator size_medium\"><\/div><div class=\"wpb_text_column us_custom_8f7b07a9 longline us_animate_this\"><div class=\"wpb_wrapper\"><h2><strong>Und das ist erst der Anfang!<\/strong><\/h2>\n<\/div><\/div><div class=\"w-separator size_small\"><\/div><div class=\"wpb_text_column us_custom_ef014360 us_animate_this\"><div class=\"wpb_wrapper\"><p>Wir werden den Rechner auch weiterhin mithilfe Ihres Feedbacks verbessern und optimieren, um Ihnen eine immer bessere Erfahrung zu bieten. Sind Sie also bereit, Ihr Projekt zu konkretisieren und die Terrasse Ihrer Tr\u00e4ume zu gestalten?<\/p>\n<p>&nbsp;<\/p>\n<p>Das Buzon-Team.<\/p>\n<\/div><\/div><div class=\"w-separator size_small\"><\/div><\/div><\/div><\/div><\/div><\/div><\/section><section class=\"l-section wpb_row height_auto\"><div class=\"l-section-h i-cf\"><div class=\"g-cols vc_row via_flex valign_top type_default stacking_default\"><div class=\"vc_col-sm-12 wpb_column vc_column_container\"><div class=\"vc_column-inner us_custom_b74f6679 us_animate_this\"><div class=\"wpb_wrapper\"><section class=\"l-section wpb_row us_custom_6a388dfb bluerowbackground height_small\"><div class=\"l-section-h i-cf\"><div class=\"g-cols vc_row via_flex valign_top type_boxes reversed stacking_default\"><div class=\"vc_col-sm-7 wpb_column vc_column_container\"><div class=\"vc_column-inner\"><div class=\"wpb_wrapper\"><div class=\"wpb_text_column us_custom_6df4bc3a has_text_color\"><div class=\"wpb_wrapper\"><h2>Eine technische Frage?<br \/>\nEin neues Projekt?<br \/>\nKontaktieren Sie einen unserer Experten.<\/h2>\n<\/div><\/div><div class=\"w-separator size_medium\"><\/div><div class=\"w-btn-wrapper align_none\"><a class=\"w-btn us-btn-style_3\" href=\"mailto:info@buzon-world.com\"><span class=\"w-btn-label\">info@buzon-world.com<\/span><\/a><\/div><div class=\"w-btn-wrapper align_none\"><a class=\"w-btn us-btn-style_3\" href=\"tel:003242483983\"><span class=\"w-btn-label\">00 32 (0) 4 248 39 83<\/span><\/a><\/div><\/div><\/div><\/div><div class=\"vc_col-sm-5 wpb_column vc_column_container\"><div class=\"vc_column-inner\"><div class=\"wpb_wrapper\"><div class=\"w-image cupabsolute align_none\"><div class=\"w-image-h\"><img decoding=\"async\" width=\"577\" height=\"527\" src=\"https:\/\/www.buzon-world.com\/wp-content\/uploads\/2022\/07\/Rectangle-120.png\" class=\"attachment-large size-large\" alt=\"\" loading=\"lazy\" srcset=\"https:\/\/www.buzon-world.com\/wp-content\/uploads\/2022\/07\/Rectangle-120.png 577w, https:\/\/www.buzon-world.com\/wp-content\/uploads\/2022\/07\/Rectangle-120-300x274.png 300w, https:\/\/www.buzon-world.com\/wp-content\/uploads\/2022\/07\/Rectangle-120-70x64.png 70w\" sizes=\"auto, (max-width: 577px) 100vw, 577px\" \/><\/div><\/div><\/div><\/div><\/div><\/div><\/div><\/section>\n<\/div><\/div><\/div><\/div><\/div><\/section>\n","protected":false},"excerpt":{"rendered":"Neuer Buzon-Kalkulator: Entwerfen Sie das Projekt Ihrer Terrasse in wenigen Klicks! Das Geheimnis einer erfolgreichen Terrasse auf Stelzlagern? Eine optimale Vorbereitung! Deshalb entwickelt sich der Buzon-Kalkulator weiter, um Ihnen eine noch umfassendere, pr\u00e4zisere und leistungsf\u00e4higere Erfahrung zu bieten. Das Tool wurde entwickelt, um all Ihren Anforderungen gerecht zu werden, und f\u00fchrt Sie Schritt f\u00fcr Schritt...","protected":false},"author":5,"featured_media":0,"parent":0,"menu_order":3,"comment_status":"closed","ping_status":"closed","template":"","meta":{"_acf_changed":false,"footnotes":""},"accesories_category":[],"sizes":[],"plot_serie":[],"accesories_category_type":[],"accessories_categories_subtype":[],"accessories_categories_applica":[],"class_list":["post-46788","page","type-page","status-publish","hentry"],"acf":[],"yoast_head":"<!-- This site is optimized with the Yoast SEO plugin v27.1.1 - https:\/\/yoast.com\/product\/yoast-seo-wordpress\/ -->\n<title>Neuer Buzon-Kalkulator - Buzon<\/title>\n<meta name=\"description\" content=\"Buzon Pedestal International SA becomes Diamond Partner for Belgian Pavilion at Osaka World Expo 2025 : A commitment to innovation and sustainability.Buzon Pedestal International becomes Diamond Partner for Belgian Pavilion at Expo 2025 Osaka : A commitment to innovation and sustainability.\" \/>\n<meta name=\"robots\" content=\"index, follow, max-snippet:-1, max-image-preview:large, max-video-preview:-1\" \/>\n<link rel=\"canonical\" href=\"https:\/\/www.buzon-world.com\/de\/kalkulator\/\" \/>\n<meta property=\"og:locale\" content=\"de_DE\" \/>\n<meta property=\"og:type\" content=\"article\" \/>\n<meta property=\"og:title\" content=\"Neuer Buzon-Kalkulator - Buzon\" \/>\n<meta property=\"og:description\" content=\"Buzon Pedestal International SA becomes Diamond Partner for Belgian Pavilion at Osaka World Expo 2025 : A commitment to innovation and sustainability.Buzon Pedestal International becomes Diamond Partner for Belgian Pavilion at Expo 2025 Osaka : A commitment to innovation and sustainability.\" \/>\n<meta property=\"og:url\" content=\"https:\/\/www.buzon-world.com\/de\/kalkulator\/\" \/>\n<meta property=\"og:site_name\" content=\"Buzon\" \/>\n<meta property=\"article:modified_time\" content=\"2025-06-05T09:16:55+00:00\" \/>\n<meta name=\"twitter:card\" content=\"summary_large_image\" \/>\n<meta name=\"twitter:label1\" content=\"Gesch\u00e4tzte Lesezeit\" \/>\n\t<meta name=\"twitter:data1\" content=\"2\u00a0Minuten\" \/>\n<script type=\"application\/ld+json\" class=\"yoast-schema-graph\">{\"@context\":\"https:\/\/schema.org\",\"@graph\":[{\"@type\":\"WebPage\",\"@id\":\"https:\/\/www.buzon-world.com\/de\/kalkulator\/\",\"url\":\"https:\/\/www.buzon-world.com\/de\/kalkulator\/\",\"name\":\"Neuer Buzon-Kalkulator - Buzon\",\"isPartOf\":{\"@id\":\"https:\/\/www.buzon-world.com\/de\/#website\"},\"datePublished\":\"2025-04-08T06:48:06+00:00\",\"dateModified\":\"2025-06-05T09:16:55+00:00\",\"description\":\"Buzon Pedestal International SA becomes Diamond Partner for Belgian Pavilion at Osaka World Expo 2025 : A commitment to innovation and sustainability.Buzon Pedestal International becomes Diamond Partner for Belgian Pavilion at Expo 2025 Osaka : A commitment to innovation and sustainability.\",\"breadcrumb\":{\"@id\":\"https:\/\/www.buzon-world.com\/de\/kalkulator\/#breadcrumb\"},\"inLanguage\":\"de\",\"potentialAction\":[{\"@type\":\"ReadAction\",\"target\":[\"https:\/\/www.buzon-world.com\/de\/kalkulator\/\"]}]},{\"@type\":\"BreadcrumbList\",\"@id\":\"https:\/\/www.buzon-world.com\/de\/kalkulator\/#breadcrumb\",\"itemListElement\":[{\"@type\":\"ListItem\",\"position\":1,\"name\":\"Home\",\"item\":\"https:\/\/www.buzon-world.com\/de\/\"},{\"@type\":\"ListItem\",\"position\":2,\"name\":\"Neuer Buzon-Kalkulator\"}]},{\"@type\":\"WebSite\",\"@id\":\"https:\/\/www.buzon-world.com\/de\/#website\",\"url\":\"https:\/\/www.buzon-world.com\/de\/\",\"name\":\"Buzon\",\"description\":\"Just another WordPress site\",\"potentialAction\":[{\"@type\":\"SearchAction\",\"target\":{\"@type\":\"EntryPoint\",\"urlTemplate\":\"https:\/\/www.buzon-world.com\/de\/?s={search_term_string}\"},\"query-input\":{\"@type\":\"PropertyValueSpecification\",\"valueRequired\":true,\"valueName\":\"search_term_string\"}}],\"inLanguage\":\"de\"}]}<\/script>\n<!-- \/ Yoast SEO plugin. -->","yoast_head_json":{"title":"Neuer Buzon-Kalkulator - Buzon","description":"Buzon Pedestal International SA becomes Diamond Partner for Belgian Pavilion at Osaka World Expo 2025 : A commitment to innovation and sustainability.Buzon Pedestal International becomes Diamond Partner for Belgian Pavilion at Expo 2025 Osaka : A commitment to innovation and sustainability.","robots":{"index":"index","follow":"follow","max-snippet":"max-snippet:-1","max-image-preview":"max-image-preview:large","max-video-preview":"max-video-preview:-1"},"canonical":"https:\/\/www.buzon-world.com\/de\/kalkulator\/","og_locale":"de_DE","og_type":"article","og_title":"Neuer Buzon-Kalkulator - Buzon","og_description":"Buzon Pedestal International SA becomes Diamond Partner for Belgian Pavilion at Osaka World Expo 2025 : A commitment to innovation and sustainability.Buzon Pedestal International becomes Diamond Partner for Belgian Pavilion at Expo 2025 Osaka : A commitment to innovation and sustainability.","og_url":"https:\/\/www.buzon-world.com\/de\/kalkulator\/","og_site_name":"Buzon","article_modified_time":"2025-06-05T09:16:55+00:00","twitter_card":"summary_large_image","twitter_misc":{"Gesch\u00e4tzte Lesezeit":"2\u00a0Minuten"},"schema":{"@context":"https:\/\/schema.org","@graph":[{"@type":"WebPage","@id":"https:\/\/www.buzon-world.com\/de\/kalkulator\/","url":"https:\/\/www.buzon-world.com\/de\/kalkulator\/","name":"Neuer Buzon-Kalkulator - Buzon","isPartOf":{"@id":"https:\/\/www.buzon-world.com\/de\/#website"},"datePublished":"2025-04-08T06:48:06+00:00","dateModified":"2025-06-05T09:16:55+00:00","description":"Buzon Pedestal International SA becomes Diamond Partner for Belgian Pavilion at Osaka World Expo 2025 : A commitment to innovation and sustainability.Buzon Pedestal International becomes Diamond Partner for Belgian Pavilion at Expo 2025 Osaka : A commitment to innovation and sustainability.","breadcrumb":{"@id":"https:\/\/www.buzon-world.com\/de\/kalkulator\/#breadcrumb"},"inLanguage":"de","potentialAction":[{"@type":"ReadAction","target":["https:\/\/www.buzon-world.com\/de\/kalkulator\/"]}]},{"@type":"BreadcrumbList","@id":"https:\/\/www.buzon-world.com\/de\/kalkulator\/#breadcrumb","itemListElement":[{"@type":"ListItem","position":1,"name":"Home","item":"https:\/\/www.buzon-world.com\/de\/"},{"@type":"ListItem","position":2,"name":"Neuer Buzon-Kalkulator"}]},{"@type":"WebSite","@id":"https:\/\/www.buzon-world.com\/de\/#website","url":"https:\/\/www.buzon-world.com\/de\/","name":"Buzon","description":"Just another WordPress site","potentialAction":[{"@type":"SearchAction","target":{"@type":"EntryPoint","urlTemplate":"https:\/\/www.buzon-world.com\/de\/?s={search_term_string}"},"query-input":{"@type":"PropertyValueSpecification","valueRequired":true,"valueName":"search_term_string"}}],"inLanguage":"de"}]}},"_links":{"self":[{"href":"https:\/\/www.buzon-world.com\/de\/wp-json\/wp\/v2\/pages\/46788","targetHints":{"allow":["GET"]}}],"collection":[{"href":"https:\/\/www.buzon-world.com\/de\/wp-json\/wp\/v2\/pages"}],"about":[{"href":"https:\/\/www.buzon-world.com\/de\/wp-json\/wp\/v2\/types\/page"}],"author":[{"embeddable":true,"href":"https:\/\/www.buzon-world.com\/de\/wp-json\/wp\/v2\/users\/5"}],"replies":[{"embeddable":true,"href":"https:\/\/www.buzon-world.com\/de\/wp-json\/wp\/v2\/comments?post=46788"}],"version-history":[{"count":3,"href":"https:\/\/www.buzon-world.com\/de\/wp-json\/wp\/v2\/pages\/46788\/revisions"}],"predecessor-version":[{"id":46791,"href":"https:\/\/www.buzon-world.com\/de\/wp-json\/wp\/v2\/pages\/46788\/revisions\/46791"}],"wp:attachment":[{"href":"https:\/\/www.buzon-world.com\/de\/wp-json\/wp\/v2\/media?parent=46788"}],"wp:term":[{"taxonomy":"accesories_category","embeddable":true,"href":"https:\/\/www.buzon-world.com\/de\/wp-json\/wp\/v2\/accesories_category?post=46788"},{"taxonomy":"sizes","embeddable":true,"href":"https:\/\/www.buzon-world.com\/de\/wp-json\/wp\/v2\/sizes?post=46788"},{"taxonomy":"plot_serie","embeddable":true,"href":"https:\/\/www.buzon-world.com\/de\/wp-json\/wp\/v2\/plot_serie?post=46788"},{"taxonomy":"accesories_category_type","embeddable":true,"href":"https:\/\/www.buzon-world.com\/de\/wp-json\/wp\/v2\/accesories_category_type?post=46788"},{"taxonomy":"accessories_categories_subtype","embeddable":true,"href":"https:\/\/www.buzon-world.com\/de\/wp-json\/wp\/v2\/accessories_categories_subtype?post=46788"},{"taxonomy":"accessories_categories_applica","embeddable":true,"href":"https:\/\/www.buzon-world.com\/de\/wp-json\/wp\/v2\/accessories_categories_applica?post=46788"}],"curies":[{"name":"wp","href":"https:\/\/api.w.org\/{rel}","templated":true}]}}