{"id":43074,"date":"2022-07-05T15:25:44","date_gmt":"2022-07-05T13:25:44","guid":{"rendered":"https:\/\/www.buzon-world.com\/productos\/accesorios\/"},"modified":"2025-02-03T15:14:05","modified_gmt":"2025-02-03T13:14:05","slug":"accesorios","status":"publish","type":"page","link":"https:\/\/www.buzon-world.com\/es\/productos\/accesorios\/","title":{"rendered":"Accesorios"},"content":{"rendered":"<section class=\"l-section wpb_row height_medium\"><div class=\"l-section-h i-cf\"><div class=\"g-cols vc_row via_flex valign_top type_default stacking_default\"><div class=\"vc_col-sm-12 wpb_column vc_column_container\"><div class=\"vc_column-inner\"><div class=\"wpb_wrapper\"><div class=\"wpb_text_column longline\"><div class=\"wpb_wrapper\"><h1>Gama de accesorios Buzon<\/h1>\n<\/div><\/div><div class=\"w-separator size_medium\"><\/div><div class=\"w-grid us_grid shadowgrid type_grid layout_813 cols_2 preload_style_spinner\" id=\"us_grid_1\" style=\"--columns:2;--gap:1.5rem;\"><style>@media (max-width:767px){#us_grid_1{--columns:1!important}}.layout_813 .w-grid-item-h{}.layout_813 .usg_post_title_1{margin-bottom:20px!important}<\/style><div class=\"w-grid-list\">\t<article class=\"w-grid-item size_1x1 post-43090 page type-page status-publish has-post-thumbnail hentry\" data-id=\"43090\">\r\n\t\t<div class=\"w-grid-item-h\">\r\n\t\t\t\t\t\t<div class=\"w-hwrapper usg_hwrapper_1 flex4060 align_none valign_middle\" style=\"--hwrapper-gap:2rem\"><div class=\"w-post-elm post_image usg_post_image_1 has_ratio\"><a href=\"https:\/\/www.buzon-world.com\/es\/productos\/accesorios\/accesorios-pb\/\" aria-label=\"Accesorios PB\"><img loading=\"lazy\" decoding=\"async\" width=\"1024\" height=\"1024\" src=\"https:\/\/www.buzon-world.com\/wp-content\/uploads\/2022\/07\/PB-TABS-10MM-PACKSHOT-01-1024x1024.jpg\" class=\"attachment-large size-large wp-post-image\" alt=\"\" \/><\/a><div style=\"padding-bottom:100%\"><\/div><\/div><div class=\"w-vwrapper usg_vwrapper_1 align_none valign_top\"><h3 class=\"w-post-elm post_title usg_post_title_1 shortline entry-title color_link_inherit\"><a href=\"https:\/\/www.buzon-world.com\/es\/productos\/accesorios\/accesorios-pb\/\">Accesorios PB<\/a><\/h3><\/div><\/div><a class=\"w-btn us-btn-style_3 usg_btn_1 buttonabsoluterightbottom icon_atright\" href=\"https:\/\/www.buzon-world.com\/es\/productos\/accesorios\/accesorios-pb\/\"><span class=\"w-btn-label\">Descubrir proyecto<\/span><i class=\"fas fa-chevron-right\"><\/i><\/a>\t\t<\/div>\r\n\t\t\t<\/article>\r\n\t<article class=\"w-grid-item size_1x1 post-43068 page type-page status-publish has-post-thumbnail hentry\" data-id=\"43068\">\r\n\t\t<div class=\"w-grid-item-h\">\r\n\t\t\t\t\t\t<div class=\"w-hwrapper usg_hwrapper_1 flex4060 align_none valign_middle\" style=\"--hwrapper-gap:2rem\"><div class=\"w-post-elm post_image usg_post_image_1 has_ratio\"><a href=\"https:\/\/www.buzon-world.com\/es\/productos\/accesorios\/accesorios-dph\/\" aria-label=\"Accesorios DPH\"><img loading=\"lazy\" decoding=\"async\" width=\"560\" height=\"270\" src=\"https:\/\/www.buzon-world.com\/wp-content\/uploads\/2023\/12\/DPH-Gamme-560x270-DPH-02-PH5.png\" class=\"attachment-large size-large wp-post-image\" alt=\"\" \/><\/a><div style=\"padding-bottom:100%\"><\/div><\/div><div class=\"w-vwrapper usg_vwrapper_1 align_none valign_top\"><h3 class=\"w-post-elm post_title usg_post_title_1 shortline entry-title color_link_inherit\"><a href=\"https:\/\/www.buzon-world.com\/es\/productos\/accesorios\/accesorios-dph\/\">Accesorios DPH<\/a><\/h3><\/div><\/div><a class=\"w-btn us-btn-style_3 usg_btn_1 buttonabsoluterightbottom icon_atright\" href=\"https:\/\/www.buzon-world.com\/es\/productos\/accesorios\/accesorios-dph\/\"><span class=\"w-btn-label\">Descubrir proyecto<\/span><i class=\"fas fa-chevron-right\"><\/i><\/a>\t\t<\/div>\r\n\t\t\t<\/article>\r\n\t<article class=\"w-grid-item size_1x1 post-43878 page type-page status-publish has-post-thumbnail hentry\" data-id=\"43878\">\r\n\t\t<div class=\"w-grid-item-h\">\r\n\t\t\t\t\t\t<div class=\"w-hwrapper usg_hwrapper_1 flex4060 align_none valign_middle\" style=\"--hwrapper-gap:2rem\"><div class=\"w-post-elm post_image usg_post_image_1 has_ratio\"><a href=\"https:\/\/www.buzon-world.com\/es\/productos\/accesorios\/accesorios-del-sistema-u-brs\/\" aria-label=\"Accesorios del Sistema U-BRS\"><img loading=\"lazy\" decoding=\"async\" width=\"1024\" height=\"1024\" src=\"https:\/\/www.buzon-world.com\/wp-content\/uploads\/2022\/07\/U-END-BASE-LOCK-PACKSHOT-01-1024x1024.jpg\" class=\"attachment-large size-large wp-post-image\" alt=\"\" \/><\/a><div style=\"padding-bottom:100%\"><\/div><\/div><div class=\"w-vwrapper usg_vwrapper_1 align_none valign_top\"><h3 class=\"w-post-elm post_title usg_post_title_1 shortline entry-title color_link_inherit\"><a href=\"https:\/\/www.buzon-world.com\/es\/productos\/accesorios\/accesorios-del-sistema-u-brs\/\">Accesorios del Sistema U-BRS<\/a><\/h3><\/div><\/div><a class=\"w-btn us-btn-style_3 usg_btn_1 buttonabsoluterightbottom icon_atright\" href=\"https:\/\/www.buzon-world.com\/es\/productos\/accesorios\/accesorios-del-sistema-u-brs\/\"><span class=\"w-btn-label\">Descubrir proyecto<\/span><i class=\"fas fa-chevron-right\"><\/i><\/a>\t\t<\/div>\r\n\t\t\t<\/article>\r\n<\/div>\t<div class=\"w-grid-preloader\">\r\n\t\t<div class=\"g-preloader type_1\">\r\n\t\t\t<div><\/div>\r\n\t\t<\/div>\r\n\t<\/div>\r\n\t\t<div class=\"w-grid-json hidden\" onclick='return {&quot;action&quot;:&quot;us_ajax_grid&quot;,&quot;infinite_scroll&quot;:0,&quot;max_num_pages&quot;:1,&quot;pagination&quot;:&quot;none&quot;,&quot;template_vars&quot;:{&quot;columns&quot;:&quot;2&quot;,&quot;exclude_items&quot;:&quot;none&quot;,&quot;img_size&quot;:&quot;default&quot;,&quot;ignore_items_size&quot;:0,&quot;items_layout&quot;:&quot;813&quot;,&quot;items_offset&quot;:&quot;1&quot;,&quot;load_animation&quot;:&quot;none&quot;,&quot;overriding_link&quot;:&quot;{\\&quot;url\\&quot;:\\&quot;\\&quot;}&quot;,&quot;post_id&quot;:0,&quot;query_args&quot;:{&quot;ignore_sticky_posts&quot;:1,&quot;post_type&quot;:&quot;any&quot;,&quot;post__in&quot;:[&quot;66&quot;,&quot;68&quot;,&quot;70&quot;,&quot;1154&quot;,&quot;1156&quot;],&quot;posts_per_page&quot;:&quot;10&quot;},&quot;orderby_query_args&quot;:{&quot;orderby&quot;:{&quot;post__in&quot;:&quot;ASC&quot;},&quot;order&quot;:&quot;ASC&quot;},&quot;type&quot;:&quot;grid&quot;,&quot;us_grid_post_type&quot;:&quot;ids&quot;,&quot;us_grid_ajax_index&quot;:1,&quot;us_grid_filter_query_string&quot;:null,&quot;us_grid_index&quot;:1,&quot;page_args&quot;:[],&quot;lang&quot;:&quot;es&quot;}}'><\/div>\r\n\t<\/div><\/div><\/div><\/div><\/div><\/div><\/section>\n","protected":false},"excerpt":{"rendered":"[vc_raw_html]W3dwc2VvX2JyZWFkY3J1bWJdCg==[\/vc_raw_html]Accesorios del Sistema U-BRS PARA CADA SERIE DE PRODUCTOS DE LA GAMA BUZON Accesorios del Sistema U-BRS FiltrosAccessories categories subtypeReiniciarTodoAccesorios est\u00e1ndarAccesorios de fijaci\u00f3nAccesorios complementariosAccesorios de acabadoAcoplador para pedestalesAplicarFiltros Accesorios U-TFPM\u00e1s informaci\u00f3n2026-01-06 DPH-PH5M\u00e1s informaci\u00f3n2022-07-25 U-BRS-STOPM\u00e1s informaci\u00f3n2024-12-18 U-BRS-TABSM\u00e1s informaci\u00f3n2022-07-05 U-BRS-VISM\u00e1s informaci\u00f3n2022-10-27 U-FIXING-PLATE-1M\u00e1s informaci\u00f3n2022-07-25 U-FIXING-PLATE-5M\u00e1s informaci\u00f3n2022-07-25 U-GRID-W150M\u00e1s informaci\u00f3n2025-01-21 U-KIT-SL-80M\u00e1s informaci\u00f3n2022-07-25 U-PADM\u00e1s informaci\u00f3n2022-07-05 U-PH5M\u00e1s informaci\u00f3n2022-07-25 U-PH5-KEY-FOOTM\u00e1s informaci\u00f3n2022-07-25 U-TABS-SPIKEM\u00e1s informaci\u00f3n2022-07-25...","protected":false},"author":1,"featured_media":43076,"parent":43066,"menu_order":2,"comment_status":"closed","ping_status":"closed","template":"","meta":{"_acf_changed":false,"footnotes":""},"accesories_category":[],"sizes":[],"plot_serie":[],"accesories_category_type":[],"accessories_categories_subtype":[],"accessories_categories_applica":[],"class_list":["post-43074","page","type-page","status-publish","has-post-thumbnail","hentry"],"acf":[],"yoast_head":"<!-- This site is optimized with the Yoast SEO plugin v27.1.1 - https:\/\/yoast.com\/product\/yoast-seo-wordpress\/ -->\n<title>accesorios para peanas y soportes de suelo | Buzon World<\/title>\n<meta name=\"description\" content=\"Garantiza un acabado impecable hasta el m\u00e1s m\u00ednimo detalle con nuestra amplia gama de accesorios para pedestales de terraza y suelo.\" \/>\n<meta name=\"robots\" content=\"index, follow, max-snippet:-1, max-image-preview:large, max-video-preview:-1\" \/>\n<link rel=\"canonical\" href=\"https:\/\/www.buzon-world.com\/es\/productos\/accesorios\/\" \/>\n<meta property=\"og:locale\" content=\"es_ES\" \/>\n<meta property=\"og:type\" content=\"article\" \/>\n<meta property=\"og:title\" content=\"accesorios para peanas y soportes de suelo | Buzon World\" \/>\n<meta property=\"og:description\" content=\"Garantiza un acabado impecable hasta el m\u00e1s m\u00ednimo detalle con nuestra amplia gama de accesorios para pedestales de terraza y suelo.\" \/>\n<meta property=\"og:url\" content=\"https:\/\/www.buzon-world.com\/es\/productos\/accesorios\/\" \/>\n<meta property=\"og:site_name\" content=\"Buzon\" \/>\n<meta property=\"article:modified_time\" content=\"2025-02-03T13:14:05+00:00\" \/>\n<meta property=\"og:image\" content=\"https:\/\/www.buzon-world.com\/wp-content\/uploads\/2022\/08\/PB-TABS-10MM-PACKSHOT-01.jpg\" \/>\n\t<meta property=\"og:image:width\" content=\"2000\" \/>\n\t<meta property=\"og:image:height\" content=\"2000\" \/>\n\t<meta property=\"og:image:type\" content=\"image\/jpeg\" \/>\n<meta name=\"twitter:card\" content=\"summary_large_image\" \/>\n<script type=\"application\/ld+json\" class=\"yoast-schema-graph\">{\"@context\":\"https:\/\/schema.org\",\"@graph\":[{\"@type\":\"WebPage\",\"@id\":\"https:\/\/www.buzon-world.com\/es\/productos\/accesorios\/\",\"url\":\"https:\/\/www.buzon-world.com\/es\/productos\/accesorios\/\",\"name\":\"accesorios para peanas y soportes de suelo | Buzon World\",\"isPartOf\":{\"@id\":\"https:\/\/www.buzon-world.com\/es\/#website\"},\"primaryImageOfPage\":{\"@id\":\"https:\/\/www.buzon-world.com\/es\/productos\/accesorios\/#primaryimage\"},\"image\":{\"@id\":\"https:\/\/www.buzon-world.com\/es\/productos\/accesorios\/#primaryimage\"},\"thumbnailUrl\":\"https:\/\/www.buzon-world.com\/wp-content\/uploads\/2022\/08\/PB-TABS-10MM-PACKSHOT-01.jpg\",\"datePublished\":\"2022-07-05T13:25:44+00:00\",\"dateModified\":\"2025-02-03T13:14:05+00:00\",\"description\":\"Garantiza un acabado impecable hasta el m\u00e1s m\u00ednimo detalle con nuestra amplia gama de accesorios para pedestales de terraza y suelo.\",\"breadcrumb\":{\"@id\":\"https:\/\/www.buzon-world.com\/es\/productos\/accesorios\/#breadcrumb\"},\"inLanguage\":\"es\",\"potentialAction\":[{\"@type\":\"ReadAction\",\"target\":[\"https:\/\/www.buzon-world.com\/es\/productos\/accesorios\/\"]}]},{\"@type\":\"ImageObject\",\"inLanguage\":\"es\",\"@id\":\"https:\/\/www.buzon-world.com\/es\/productos\/accesorios\/#primaryimage\",\"url\":\"https:\/\/www.buzon-world.com\/wp-content\/uploads\/2022\/08\/PB-TABS-10MM-PACKSHOT-01.jpg\",\"contentUrl\":\"https:\/\/www.buzon-world.com\/wp-content\/uploads\/2022\/08\/PB-TABS-10MM-PACKSHOT-01.jpg\",\"width\":2000,\"height\":2000},{\"@type\":\"BreadcrumbList\",\"@id\":\"https:\/\/www.buzon-world.com\/es\/productos\/accesorios\/#breadcrumb\",\"itemListElement\":[{\"@type\":\"ListItem\",\"position\":1,\"name\":\"Home\",\"item\":\"https:\/\/www.buzon-world.com\/es\/\"},{\"@type\":\"ListItem\",\"position\":2,\"name\":\"Productos\",\"item\":\"https:\/\/www.buzon-world.com\/es\/productos\/\"},{\"@type\":\"ListItem\",\"position\":3,\"name\":\"Accesorios\"}]},{\"@type\":\"WebSite\",\"@id\":\"https:\/\/www.buzon-world.com\/es\/#website\",\"url\":\"https:\/\/www.buzon-world.com\/es\/\",\"name\":\"Buzon\",\"description\":\"Just another WordPress site\",\"potentialAction\":[{\"@type\":\"SearchAction\",\"target\":{\"@type\":\"EntryPoint\",\"urlTemplate\":\"https:\/\/www.buzon-world.com\/es\/?s={search_term_string}\"},\"query-input\":{\"@type\":\"PropertyValueSpecification\",\"valueRequired\":true,\"valueName\":\"search_term_string\"}}],\"inLanguage\":\"es\"}]}<\/script>\n<!-- \/ Yoast SEO plugin. -->","yoast_head_json":{"title":"accesorios para peanas y soportes de suelo | Buzon World","description":"Garantiza un acabado impecable hasta el m\u00e1s m\u00ednimo detalle con nuestra amplia gama de accesorios para pedestales de terraza y suelo.","robots":{"index":"index","follow":"follow","max-snippet":"max-snippet:-1","max-image-preview":"max-image-preview:large","max-video-preview":"max-video-preview:-1"},"canonical":"https:\/\/www.buzon-world.com\/es\/productos\/accesorios\/","og_locale":"es_ES","og_type":"article","og_title":"accesorios para peanas y soportes de suelo | Buzon World","og_description":"Garantiza un acabado impecable hasta el m\u00e1s m\u00ednimo detalle con nuestra amplia gama de accesorios para pedestales de terraza y suelo.","og_url":"https:\/\/www.buzon-world.com\/es\/productos\/accesorios\/","og_site_name":"Buzon","article_modified_time":"2025-02-03T13:14:05+00:00","og_image":[{"width":2000,"height":2000,"url":"https:\/\/www.buzon-world.com\/wp-content\/uploads\/2022\/08\/PB-TABS-10MM-PACKSHOT-01.jpg","type":"image\/jpeg"}],"twitter_card":"summary_large_image","schema":{"@context":"https:\/\/schema.org","@graph":[{"@type":"WebPage","@id":"https:\/\/www.buzon-world.com\/es\/productos\/accesorios\/","url":"https:\/\/www.buzon-world.com\/es\/productos\/accesorios\/","name":"accesorios para peanas y soportes de suelo | Buzon World","isPartOf":{"@id":"https:\/\/www.buzon-world.com\/es\/#website"},"primaryImageOfPage":{"@id":"https:\/\/www.buzon-world.com\/es\/productos\/accesorios\/#primaryimage"},"image":{"@id":"https:\/\/www.buzon-world.com\/es\/productos\/accesorios\/#primaryimage"},"thumbnailUrl":"https:\/\/www.buzon-world.com\/wp-content\/uploads\/2022\/08\/PB-TABS-10MM-PACKSHOT-01.jpg","datePublished":"2022-07-05T13:25:44+00:00","dateModified":"2025-02-03T13:14:05+00:00","description":"Garantiza un acabado impecable hasta el m\u00e1s m\u00ednimo detalle con nuestra amplia gama de accesorios para pedestales de terraza y suelo.","breadcrumb":{"@id":"https:\/\/www.buzon-world.com\/es\/productos\/accesorios\/#breadcrumb"},"inLanguage":"es","potentialAction":[{"@type":"ReadAction","target":["https:\/\/www.buzon-world.com\/es\/productos\/accesorios\/"]}]},{"@type":"ImageObject","inLanguage":"es","@id":"https:\/\/www.buzon-world.com\/es\/productos\/accesorios\/#primaryimage","url":"https:\/\/www.buzon-world.com\/wp-content\/uploads\/2022\/08\/PB-TABS-10MM-PACKSHOT-01.jpg","contentUrl":"https:\/\/www.buzon-world.com\/wp-content\/uploads\/2022\/08\/PB-TABS-10MM-PACKSHOT-01.jpg","width":2000,"height":2000},{"@type":"BreadcrumbList","@id":"https:\/\/www.buzon-world.com\/es\/productos\/accesorios\/#breadcrumb","itemListElement":[{"@type":"ListItem","position":1,"name":"Home","item":"https:\/\/www.buzon-world.com\/es\/"},{"@type":"ListItem","position":2,"name":"Productos","item":"https:\/\/www.buzon-world.com\/es\/productos\/"},{"@type":"ListItem","position":3,"name":"Accesorios"}]},{"@type":"WebSite","@id":"https:\/\/www.buzon-world.com\/es\/#website","url":"https:\/\/www.buzon-world.com\/es\/","name":"Buzon","description":"Just another WordPress site","potentialAction":[{"@type":"SearchAction","target":{"@type":"EntryPoint","urlTemplate":"https:\/\/www.buzon-world.com\/es\/?s={search_term_string}"},"query-input":{"@type":"PropertyValueSpecification","valueRequired":true,"valueName":"search_term_string"}}],"inLanguage":"es"}]}},"_links":{"self":[{"href":"https:\/\/www.buzon-world.com\/es\/wp-json\/wp\/v2\/pages\/43074","targetHints":{"allow":["GET"]}}],"collection":[{"href":"https:\/\/www.buzon-world.com\/es\/wp-json\/wp\/v2\/pages"}],"about":[{"href":"https:\/\/www.buzon-world.com\/es\/wp-json\/wp\/v2\/types\/page"}],"author":[{"embeddable":true,"href":"https:\/\/www.buzon-world.com\/es\/wp-json\/wp\/v2\/users\/1"}],"replies":[{"embeddable":true,"href":"https:\/\/www.buzon-world.com\/es\/wp-json\/wp\/v2\/comments?post=43074"}],"version-history":[{"count":1,"href":"https:\/\/www.buzon-world.com\/es\/wp-json\/wp\/v2\/pages\/43074\/revisions"}],"predecessor-version":[{"id":43077,"href":"https:\/\/www.buzon-world.com\/es\/wp-json\/wp\/v2\/pages\/43074\/revisions\/43077"}],"up":[{"embeddable":true,"href":"https:\/\/www.buzon-world.com\/es\/wp-json\/wp\/v2\/pages\/43066"}],"wp:featuredmedia":[{"embeddable":true,"href":"https:\/\/www.buzon-world.com\/es\/wp-json\/wp\/v2\/media\/43076"}],"wp:attachment":[{"href":"https:\/\/www.buzon-world.com\/es\/wp-json\/wp\/v2\/media?parent=43074"}],"wp:term":[{"taxonomy":"accesories_category","embeddable":true,"href":"https:\/\/www.buzon-world.com\/es\/wp-json\/wp\/v2\/accesories_category?post=43074"},{"taxonomy":"sizes","embeddable":true,"href":"https:\/\/www.buzon-world.com\/es\/wp-json\/wp\/v2\/sizes?post=43074"},{"taxonomy":"plot_serie","embeddable":true,"href":"https:\/\/www.buzon-world.com\/es\/wp-json\/wp\/v2\/plot_serie?post=43074"},{"taxonomy":"accesories_category_type","embeddable":true,"href":"https:\/\/www.buzon-world.com\/es\/wp-json\/wp\/v2\/accesories_category_type?post=43074"},{"taxonomy":"accessories_categories_subtype","embeddable":true,"href":"https:\/\/www.buzon-world.com\/es\/wp-json\/wp\/v2\/accessories_categories_subtype?post=43074"},{"taxonomy":"accessories_categories_applica","embeddable":true,"href":"https:\/\/www.buzon-world.com\/es\/wp-json\/wp\/v2\/accessories_categories_applica?post=43074"}],"curies":[{"name":"wp","href":"https:\/\/api.w.org\/{rel}","templated":true}]}}