{"id":43157,"date":"2022-07-05T15:42:00","date_gmt":"2022-07-05T13:42:00","guid":{"rendered":"https:\/\/www.buzon-world.com\/aplicaciones\/"},"modified":"2025-02-04T09:19:48","modified_gmt":"2025-02-04T07:19:48","slug":"aplicaciones","status":"publish","type":"page","link":"https:\/\/www.buzon-world.com\/es\/aplicaciones\/","title":{"rendered":"Aplicaciones"},"content":{"rendered":"<section class=\"l-section wpb_row yellowhoverlinks blacksqgrid3 height_medium\"><div class=\"l-section-h i-cf\"><div class=\"g-cols vc_row via_flex valign_top type_default stacking_default\"><div class=\"vc_col-sm-4 wpb_column vc_column_container\"><div class=\"vc_column-inner\"><div class=\"wpb_wrapper\"><div class=\"w-image has_ratio align_none\"><div class=\"w-image-h\"><div style=\"padding-bottom:50.9434%\"><\/div><img decoding=\"async\" width=\"770\" height=\"330\" src=\"https:\/\/www.buzon-world.com\/wp-content\/uploads\/2023\/05\/menu-applications-PRIVE.png\" class=\"attachment-large size-large\" alt=\"\" loading=\"lazy\" \/><\/div><\/div><div class=\"wpb_text_column us_custom_3b8f9481 longline\"><div class=\"wpb_wrapper\"><h3>Terrazas residenciales<\/h3>\n<\/div><\/div><div class=\"wpb_text_column\"><div class=\"wpb_wrapper\"><p><strong>Serie PB<\/strong><\/p>\n<p><a class=\"ubermenu-target ubermenu-item-layout-default ubermenu-item-layout-text_only\" href=\"https:\/\/www.buzon-world.com\/es\/aplicaciones\/terrazas-residenciales\/terraza-de-baldosas-sobre-pedestal\/\"><span class=\"ubermenu-target-title ubermenu-target-text\">Terraza alicatada sobre pedestal<\/span><\/a><br \/>\n<a class=\"ubermenu-target ubermenu-item-layout-default ubermenu-item-layout-text_only\" href=\"https:\/\/www.buzon-world.com\/es\/aplicaciones\/terrazas-residenciales\/terraza-de-baldosas-sobre-vigas\/\"><span class=\"ubermenu-target-title ubermenu-target-text\">Terraza de baldosas sobre vigas<\/span><\/a><br \/>\n<a class=\"ubermenu-target ubermenu-item-layout-default ubermenu-item-layout-text_only\" href=\"https:\/\/www.buzon-world.com\/es\/aplicaciones\/terrazas-residenciales\/terraza-de-madera-o-composite\/\"><span class=\"ubermenu-target-title ubermenu-target-text\">Terraza de madera o composite<\/span><\/a><\/p>\n<\/div><\/div><\/div><\/div><\/div><div class=\"vc_col-sm-8 wpb_column vc_column_container\"><div class=\"vc_column-inner\"><div class=\"wpb_wrapper\"><div class=\"g-cols wpb_row via_flex valign_top type_default stacking_default\"><div class=\"vc_col-sm-12 wpb_column vc_column_container\"><div class=\"vc_column-inner\"><div class=\"wpb_wrapper\"><div class=\"w-image has_ratio align_none\"><div class=\"w-image-h\"><div style=\"padding-bottom:24.5283%\"><\/div><img decoding=\"async\" width=\"770\" height=\"330\" src=\"https:\/\/www.buzon-world.com\/wp-content\/uploads\/2023\/05\/menu-applications-PUBLIC.png\" class=\"attachment-large size-large\" alt=\"\" loading=\"lazy\" \/><\/div><\/div><\/div><\/div><\/div><\/div><div class=\"wpb_text_column us_custom_3b8f9481 longline\"><div class=\"wpb_wrapper\"><h3>Terrazas p\u00fablicas<\/h3>\n<\/div><\/div><div class=\"g-cols wpb_row via_flex valign_top type_default stacking_default\"><div class=\"vc_col-sm-6 wpb_column vc_column_container\"><div class=\"vc_column-inner\"><div class=\"wpb_wrapper\"><div class=\"wpb_text_column\"><div class=\"wpb_wrapper\"><p><strong>Serie DPH<\/strong><\/p>\n<p><a class=\"ubermenu-target ubermenu-item-layout-default ubermenu-item-layout-text_only\" href=\"https:\/\/www.buzon-world.com\/es\/aplicaciones\/terrazas-publicas\/terraza-de-baldosas-sobre-pedestal\/\"><span class=\"ubermenu-target-title ubermenu-target-text\">Terraza alicatada sobre pedestal<\/span><\/a><br \/>\n<a class=\"ubermenu-target ubermenu-item-layout-default ubermenu-item-layout-text_only\" href=\"https:\/\/www.buzon-world.com\/es\/aplicaciones\/terrazas-publicas\/terraza-de-baldosas-sobre-vigas\/\"><span class=\"ubermenu-target-title ubermenu-target-text\">Terraza de baldosas sobre vigas<\/span><\/a><br \/>\n<a class=\"ubermenu-target ubermenu-item-layout-default ubermenu-item-layout-text_only\" href=\"https:\/\/www.buzon-world.com\/es\/aplicaciones\/terrazas-publicas\/terraza-de-madera-o-composite\/\"><span class=\"ubermenu-target-title ubermenu-target-text\">Terraza de madera o composite<\/span><\/a><\/p>\n<\/div><\/div><\/div><\/div><\/div><div class=\"vc_col-sm-6 wpb_column vc_column_container\"><div class=\"vc_column-inner\"><div class=\"wpb_wrapper\"><div class=\"wpb_text_column\"><div class=\"wpb_wrapper\"><p><strong>Serie PB<\/strong><\/p>\n<p><a class=\"ubermenu-target ubermenu-item-layout-default ubermenu-item-layout-text_only\" href=\"https:\/\/www.buzon-world.com\/es\/aplicaciones\/terrazas-publicas\/terraza-de-baldosas-sobre-pedestal\/\"><span class=\"ubermenu-target-title ubermenu-target-text\">Terraza alicatada sobre pedestal<\/span><\/a><br \/>\n<a class=\"ubermenu-target ubermenu-item-layout-default ubermenu-item-layout-text_only\" href=\"https:\/\/www.buzon-world.com\/es\/aplicaciones\/terrazas-publicas\/terraza-de-baldosas-sobre-vigas\/\"><span class=\"ubermenu-target-title ubermenu-target-text\">Terraza de baldosas sobre vigas<\/span><\/a><br \/>\n<a class=\"ubermenu-target ubermenu-item-layout-default ubermenu-item-layout-text_only\" href=\"https:\/\/www.buzon-world.com\/es\/aplicaciones\/terrazas-publicas\/terraza-de-madera-o-composite\/\"><span class=\"ubermenu-target-title ubermenu-target-text\">Terraza de madera o composite<\/span><\/a><\/p>\n<\/div><\/div><\/div><\/div><\/div><\/div><\/div><\/div><\/div><\/div><\/div><\/section>\n","protected":false},"excerpt":{"rendered":"Terrazas residenciales Serie PB Terraza alicatada sobre pedestal Terraza de baldosas sobre vigas Terraza de madera o composite Terrazas p\u00fablicas Serie DPH Terraza alicatada sobre pedestal Terraza de baldosas sobre vigas Terraza de madera o composite Serie PB Terraza alicatada sobre pedestal Terraza de baldosas sobre vigas Terraza de madera o composite","protected":false},"author":1,"featured_media":0,"parent":0,"menu_order":7,"comment_status":"closed","ping_status":"closed","template":"","meta":{"_acf_changed":false,"footnotes":""},"accesories_category":[],"sizes":[],"plot_serie":[],"accesories_category_type":[],"accessories_categories_subtype":[],"accessories_categories_applica":[],"class_list":["post-43157","page","type-page","status-publish","hentry"],"acf":[],"yoast_head":"<!-- This site is optimized with the Yoast SEO plugin v27.1.1 - https:\/\/yoast.com\/product\/yoast-seo-wordpress\/ -->\n<title>Aplicaciones | Buzon World<\/title>\n<meta name=\"description\" content=\"Amplia selecci\u00f3n de pedestales para terrazas y suelos para aplicaciones en terrazas residenciales y p\u00fablicas. M\u00e1s de 35 a\u00f1os de experiencia.\" \/>\n<meta name=\"robots\" content=\"index, follow, max-snippet:-1, max-image-preview:large, max-video-preview:-1\" \/>\n<link rel=\"canonical\" href=\"https:\/\/www.buzon-world.com\/es\/aplicaciones\/\" \/>\n<meta property=\"og:locale\" content=\"es_ES\" \/>\n<meta property=\"og:type\" content=\"article\" \/>\n<meta property=\"og:title\" content=\"Aplicaciones | Buzon World\" \/>\n<meta property=\"og:description\" content=\"Amplia selecci\u00f3n de pedestales para terrazas y suelos para aplicaciones en terrazas residenciales y p\u00fablicas. M\u00e1s de 35 a\u00f1os de experiencia.\" \/>\n<meta property=\"og:url\" content=\"https:\/\/www.buzon-world.com\/es\/aplicaciones\/\" \/>\n<meta property=\"og:site_name\" content=\"Buzon\" \/>\n<meta property=\"article:modified_time\" content=\"2025-02-04T07:19:48+00:00\" \/>\n<meta name=\"twitter:card\" content=\"summary_large_image\" \/>\n<meta name=\"twitter:label1\" content=\"Tiempo de lectura\" \/>\n\t<meta name=\"twitter:data1\" content=\"1 minuto\" \/>\n<script type=\"application\/ld+json\" class=\"yoast-schema-graph\">{\"@context\":\"https:\/\/schema.org\",\"@graph\":[{\"@type\":\"WebPage\",\"@id\":\"https:\/\/www.buzon-world.com\/es\/aplicaciones\/\",\"url\":\"https:\/\/www.buzon-world.com\/es\/aplicaciones\/\",\"name\":\"Aplicaciones | Buzon World\",\"isPartOf\":{\"@id\":\"https:\/\/www.buzon-world.com\/es\/#website\"},\"datePublished\":\"2022-07-05T13:42:00+00:00\",\"dateModified\":\"2025-02-04T07:19:48+00:00\",\"description\":\"Amplia selecci\u00f3n de pedestales para terrazas y suelos para aplicaciones en terrazas residenciales y p\u00fablicas. M\u00e1s de 35 a\u00f1os de experiencia.\",\"breadcrumb\":{\"@id\":\"https:\/\/www.buzon-world.com\/es\/aplicaciones\/#breadcrumb\"},\"inLanguage\":\"es\",\"potentialAction\":[{\"@type\":\"ReadAction\",\"target\":[\"https:\/\/www.buzon-world.com\/es\/aplicaciones\/\"]}]},{\"@type\":\"BreadcrumbList\",\"@id\":\"https:\/\/www.buzon-world.com\/es\/aplicaciones\/#breadcrumb\",\"itemListElement\":[{\"@type\":\"ListItem\",\"position\":1,\"name\":\"Home\",\"item\":\"https:\/\/www.buzon-world.com\/es\/\"},{\"@type\":\"ListItem\",\"position\":2,\"name\":\"Aplicaciones\"}]},{\"@type\":\"WebSite\",\"@id\":\"https:\/\/www.buzon-world.com\/es\/#website\",\"url\":\"https:\/\/www.buzon-world.com\/es\/\",\"name\":\"Buzon\",\"description\":\"Just another WordPress site\",\"potentialAction\":[{\"@type\":\"SearchAction\",\"target\":{\"@type\":\"EntryPoint\",\"urlTemplate\":\"https:\/\/www.buzon-world.com\/es\/?s={search_term_string}\"},\"query-input\":{\"@type\":\"PropertyValueSpecification\",\"valueRequired\":true,\"valueName\":\"search_term_string\"}}],\"inLanguage\":\"es\"}]}<\/script>\n<!-- \/ Yoast SEO plugin. -->","yoast_head_json":{"title":"Aplicaciones | Buzon World","description":"Amplia selecci\u00f3n de pedestales para terrazas y suelos para aplicaciones en terrazas residenciales y p\u00fablicas. M\u00e1s de 35 a\u00f1os de experiencia.","robots":{"index":"index","follow":"follow","max-snippet":"max-snippet:-1","max-image-preview":"max-image-preview:large","max-video-preview":"max-video-preview:-1"},"canonical":"https:\/\/www.buzon-world.com\/es\/aplicaciones\/","og_locale":"es_ES","og_type":"article","og_title":"Aplicaciones | Buzon World","og_description":"Amplia selecci\u00f3n de pedestales para terrazas y suelos para aplicaciones en terrazas residenciales y p\u00fablicas. M\u00e1s de 35 a\u00f1os de experiencia.","og_url":"https:\/\/www.buzon-world.com\/es\/aplicaciones\/","og_site_name":"Buzon","article_modified_time":"2025-02-04T07:19:48+00:00","twitter_card":"summary_large_image","twitter_misc":{"Tiempo de lectura":"1 minuto"},"schema":{"@context":"https:\/\/schema.org","@graph":[{"@type":"WebPage","@id":"https:\/\/www.buzon-world.com\/es\/aplicaciones\/","url":"https:\/\/www.buzon-world.com\/es\/aplicaciones\/","name":"Aplicaciones | Buzon World","isPartOf":{"@id":"https:\/\/www.buzon-world.com\/es\/#website"},"datePublished":"2022-07-05T13:42:00+00:00","dateModified":"2025-02-04T07:19:48+00:00","description":"Amplia selecci\u00f3n de pedestales para terrazas y suelos para aplicaciones en terrazas residenciales y p\u00fablicas. M\u00e1s de 35 a\u00f1os de experiencia.","breadcrumb":{"@id":"https:\/\/www.buzon-world.com\/es\/aplicaciones\/#breadcrumb"},"inLanguage":"es","potentialAction":[{"@type":"ReadAction","target":["https:\/\/www.buzon-world.com\/es\/aplicaciones\/"]}]},{"@type":"BreadcrumbList","@id":"https:\/\/www.buzon-world.com\/es\/aplicaciones\/#breadcrumb","itemListElement":[{"@type":"ListItem","position":1,"name":"Home","item":"https:\/\/www.buzon-world.com\/es\/"},{"@type":"ListItem","position":2,"name":"Aplicaciones"}]},{"@type":"WebSite","@id":"https:\/\/www.buzon-world.com\/es\/#website","url":"https:\/\/www.buzon-world.com\/es\/","name":"Buzon","description":"Just another WordPress site","potentialAction":[{"@type":"SearchAction","target":{"@type":"EntryPoint","urlTemplate":"https:\/\/www.buzon-world.com\/es\/?s={search_term_string}"},"query-input":{"@type":"PropertyValueSpecification","valueRequired":true,"valueName":"search_term_string"}}],"inLanguage":"es"}]}},"_links":{"self":[{"href":"https:\/\/www.buzon-world.com\/es\/wp-json\/wp\/v2\/pages\/43157","targetHints":{"allow":["GET"]}}],"collection":[{"href":"https:\/\/www.buzon-world.com\/es\/wp-json\/wp\/v2\/pages"}],"about":[{"href":"https:\/\/www.buzon-world.com\/es\/wp-json\/wp\/v2\/types\/page"}],"author":[{"embeddable":true,"href":"https:\/\/www.buzon-world.com\/es\/wp-json\/wp\/v2\/users\/1"}],"replies":[{"embeddable":true,"href":"https:\/\/www.buzon-world.com\/es\/wp-json\/wp\/v2\/comments?post=43157"}],"version-history":[{"count":3,"href":"https:\/\/www.buzon-world.com\/es\/wp-json\/wp\/v2\/pages\/43157\/revisions"}],"predecessor-version":[{"id":45001,"href":"https:\/\/www.buzon-world.com\/es\/wp-json\/wp\/v2\/pages\/43157\/revisions\/45001"}],"wp:attachment":[{"href":"https:\/\/www.buzon-world.com\/es\/wp-json\/wp\/v2\/media?parent=43157"}],"wp:term":[{"taxonomy":"accesories_category","embeddable":true,"href":"https:\/\/www.buzon-world.com\/es\/wp-json\/wp\/v2\/accesories_category?post=43157"},{"taxonomy":"sizes","embeddable":true,"href":"https:\/\/www.buzon-world.com\/es\/wp-json\/wp\/v2\/sizes?post=43157"},{"taxonomy":"plot_serie","embeddable":true,"href":"https:\/\/www.buzon-world.com\/es\/wp-json\/wp\/v2\/plot_serie?post=43157"},{"taxonomy":"accesories_category_type","embeddable":true,"href":"https:\/\/www.buzon-world.com\/es\/wp-json\/wp\/v2\/accesories_category_type?post=43157"},{"taxonomy":"accessories_categories_subtype","embeddable":true,"href":"https:\/\/www.buzon-world.com\/es\/wp-json\/wp\/v2\/accessories_categories_subtype?post=43157"},{"taxonomy":"accessories_categories_applica","embeddable":true,"href":"https:\/\/www.buzon-world.com\/es\/wp-json\/wp\/v2\/accessories_categories_applica?post=43157"}],"curies":[{"name":"wp","href":"https:\/\/api.w.org\/{rel}","templated":true}]}}