{"id":43403,"date":"2022-07-05T15:50:11","date_gmt":"2022-07-05T13:50:11","guid":{"rendered":"https:\/\/www.buzon-world.com\/sobre-nosotros\/nuestros-compromisos\/"},"modified":"2025-12-15T17:23:56","modified_gmt":"2025-12-15T15:23:56","slug":"nuestros-compromisos","status":"publish","type":"page","link":"https:\/\/www.buzon-world.com\/es\/sobre-nosotros\/nuestros-compromisos\/","title":{"rendered":"Nuestros compromisos"},"content":{"rendered":"<section class=\"l-section wpb_row height_auto\"><div class=\"l-section-h i-cf\"><div class=\"g-cols vc_row via_flex valign_top type_default reversed stacking_default\"><div class=\"vc_col-sm-12 wpb_column vc_column_container\"><div class=\"vc_column-inner\"><div class=\"wpb_wrapper\">[vc_raw_html]W3dwc2VvX2JyZWFkY3J1bWJdCg==[\/vc_raw_html]<div class=\"w-separator size_medium\"><\/div><div class=\"wpb_text_column\"><div class=\"wpb_wrapper\"><h1>Nuestros compromisos<\/h1>\n<\/div><\/div><\/div><\/div><\/div><\/div><\/div><\/section><section class=\"l-section wpb_row blackcols height_medium\"><div class=\"l-section-h i-cf\"><div class=\"g-cols vc_row via_flex valign_top type_boxes stacking_default\" style=\"--additional-gap:15px;\"><div class=\"vc_col-sm-6 wpb_column vc_column_container\"><div class=\"vc_column-inner\"><div class=\"wpb_wrapper\"><div class=\"w-image has_ratio align_none\"><div class=\"w-image-h\"><div style=\"padding-bottom:50.9434%\"><\/div><img decoding=\"async\" width=\"1024\" height=\"719\" src=\"https:\/\/www.buzon-world.com\/wp-content\/uploads\/2023\/12\/Usine-Moldes-1024x719.jpg\" class=\"attachment-large size-large\" alt=\"\" loading=\"lazy\" \/><\/div><\/div><div class=\"w-separator size_medium\"><\/div><div class=\"wpb_text_column\"><div class=\"wpb_wrapper\"><h2>100% FABRICADO<br \/>\nEN EUROPA<\/h2>\n<p>Todos nuestros productos se crean, designan y fabrican en Europa. Nuestro departamento de investigaci\u00f3n y desarrollo trabaja duro para ofrecer a nuestros clientes un soporte de terraza de excelencia. El 90% de nuestros productos proceden de la f\u00e1brica de Overpelt (B\u00e9lgica). El resto de nuestros productos se fabrican en Europa.<\/p>\n<p><img loading=\"lazy\" decoding=\"async\" class=\"alignnone wp-image-50274 size-thumbnail\" src=\"https:\/\/www.buzon-world.com\/wp-content\/uploads\/2025\/12\/LOGO-Made-In-Europe-150x150.png\" alt=\"\" width=\"150\" height=\"150\" srcset=\"https:\/\/www.buzon-world.com\/wp-content\/uploads\/2025\/12\/LOGO-Made-In-Europe-150x150.png 150w, https:\/\/www.buzon-world.com\/wp-content\/uploads\/2025\/12\/LOGO-Made-In-Europe-300x300.png 300w, https:\/\/www.buzon-world.com\/wp-content\/uploads\/2025\/12\/LOGO-Made-In-Europe-1024x1024.png 1024w, https:\/\/www.buzon-world.com\/wp-content\/uploads\/2025\/12\/LOGO-Made-In-Europe-70x70.png 70w, https:\/\/www.buzon-world.com\/wp-content\/uploads\/2025\/12\/LOGO-Made-In-Europe.png 1080w\" sizes=\"auto, (max-width: 150px) 100vw, 150px\" \/><\/p>\n<\/div><\/div><div class=\"w-separator size_large\"><\/div><div class=\"w-image has_ratio align_none\"><div class=\"w-image-h\"><div style=\"padding-bottom:50.9434%\"><\/div><img decoding=\"async\" width=\"1024\" height=\"682\" src=\"https:\/\/www.buzon-world.com\/wp-content\/uploads\/2023\/12\/qualite-1024x682.jpg\" class=\"attachment-large size-large\" alt=\"\" loading=\"lazy\" \/><\/div><\/div><div class=\"w-separator size_medium\"><\/div><div class=\"wpb_text_column\"><div class=\"wpb_wrapper\"><h2 class=\"p1\">CALIDAD<br \/>\nCOMPROMISO<\/h2>\n<p class=\"p2\">La calidad de nuestros productos y tu satisfacci\u00f3n son nuestras m\u00e1ximas prioridades. En este sentido, <span class=\"s1\">Buzon\u00ae <\/span>cuenta con la certificaci\u00f3n ISO 9001:2008 desde 2015 e ISO 9001:2015 desde 2017. Esta certificaci\u00f3n te garantiza una mejora constante de la calidad de nuestros productos y servicios.<\/p>\n<p><img loading=\"lazy\" decoding=\"async\" class=\"alignnone wp-image-50277 size-thumbnail\" src=\"https:\/\/www.buzon-world.com\/wp-content\/uploads\/2025\/12\/LOGO-ISO9001-150x150.png\" alt=\"\" width=\"150\" height=\"150\" srcset=\"https:\/\/www.buzon-world.com\/wp-content\/uploads\/2025\/12\/LOGO-ISO9001-150x150.png 150w, https:\/\/www.buzon-world.com\/wp-content\/uploads\/2025\/12\/LOGO-ISO9001-300x300.png 300w, https:\/\/www.buzon-world.com\/wp-content\/uploads\/2025\/12\/LOGO-ISO9001-1024x1024.png 1024w, https:\/\/www.buzon-world.com\/wp-content\/uploads\/2025\/12\/LOGO-ISO9001-70x70.png 70w, https:\/\/www.buzon-world.com\/wp-content\/uploads\/2025\/12\/LOGO-ISO9001.png 1080w\" sizes=\"auto, (max-width: 150px) 100vw, 150px\" \/><\/p>\n<\/div><\/div><div class=\"w-separator size_large\"><\/div><div class=\"w-image has_ratio align_none\"><div class=\"w-image-h\"><div style=\"padding-bottom:50.9434%\"><\/div><img decoding=\"async\" width=\"1024\" height=\"615\" src=\"https:\/\/www.buzon-world.com\/wp-content\/uploads\/2023\/12\/trophee-1024x615.jpg\" class=\"attachment-large size-large\" alt=\"\" loading=\"lazy\" \/><\/div><\/div><div class=\"w-separator size_medium\"><\/div><div class=\"wpb_text_column\"><div class=\"wpb_wrapper\"><h2 class=\"p1\">RECONOCIMIENTO<\/h2>\n<p class=\"p2\">Hemos ganado muchos premios y obtenido varias certificaciones, como la Medalla de Plata a la innovaci\u00f3n en Batimat Par\u00eds en 1997, el Golden Bridge en Londres e incluso el Good Design Award 2018 con nuestros diversos compromisos y pol\u00edtica de empresa.<\/p>\n<p><img loading=\"lazy\" decoding=\"async\" class=\"alignnone wp-image-50279 size-thumbnail\" src=\"https:\/\/www.buzon-world.com\/wp-content\/uploads\/2025\/12\/LOGO-BATIMAT-150x150.png\" alt=\"\" width=\"150\" height=\"150\" srcset=\"https:\/\/www.buzon-world.com\/wp-content\/uploads\/2025\/12\/LOGO-BATIMAT-150x150.png 150w, https:\/\/www.buzon-world.com\/wp-content\/uploads\/2025\/12\/LOGO-BATIMAT-300x300.png 300w, https:\/\/www.buzon-world.com\/wp-content\/uploads\/2025\/12\/LOGO-BATIMAT-1024x1024.png 1024w, https:\/\/www.buzon-world.com\/wp-content\/uploads\/2025\/12\/LOGO-BATIMAT-70x70.png 70w, https:\/\/www.buzon-world.com\/wp-content\/uploads\/2025\/12\/LOGO-BATIMAT.png 1080w\" sizes=\"auto, (max-width: 150px) 100vw, 150px\" \/> <img loading=\"lazy\" decoding=\"async\" class=\"alignnone wp-image-50280 size-thumbnail\" src=\"https:\/\/www.buzon-world.com\/wp-content\/uploads\/2025\/12\/LOGO-GOODDESIGNAWARD-150x150.png\" alt=\"\" width=\"150\" height=\"150\" srcset=\"https:\/\/www.buzon-world.com\/wp-content\/uploads\/2025\/12\/LOGO-GOODDESIGNAWARD-150x150.png 150w, https:\/\/www.buzon-world.com\/wp-content\/uploads\/2025\/12\/LOGO-GOODDESIGNAWARD-300x300.png 300w, https:\/\/www.buzon-world.com\/wp-content\/uploads\/2025\/12\/LOGO-GOODDESIGNAWARD-1024x1024.png 1024w, https:\/\/www.buzon-world.com\/wp-content\/uploads\/2025\/12\/LOGO-GOODDESIGNAWARD-70x70.png 70w, https:\/\/www.buzon-world.com\/wp-content\/uploads\/2025\/12\/LOGO-GOODDESIGNAWARD.png 1080w\" sizes=\"auto, (max-width: 150px) 100vw, 150px\" \/><\/p>\n<\/div><\/div><div class=\"w-separator size_medium\"><\/div><div class=\"wpb_text_column\"><div class=\"wpb_wrapper\"><h2>NUESTRAS CERTIFICACIONES INTERNACIONALES<\/h2>\n<p>Nuestras certificaciones internacionales, como la ICC ES en Estados Unidos y la BBA en el Reino Unido, acreditan nuestro compromiso con las normas de calidad y rendimiento reconocidas internacionalmente.<\/p>\n<p><img loading=\"lazy\" decoding=\"async\" class=\"alignnone wp-image-50283 size-thumbnail\" src=\"https:\/\/www.buzon-world.com\/wp-content\/uploads\/2025\/12\/LOGO-ICC-150x150.png\" alt=\"\" width=\"150\" height=\"150\" srcset=\"https:\/\/www.buzon-world.com\/wp-content\/uploads\/2025\/12\/LOGO-ICC-150x150.png 150w, https:\/\/www.buzon-world.com\/wp-content\/uploads\/2025\/12\/LOGO-ICC-300x300.png 300w, https:\/\/www.buzon-world.com\/wp-content\/uploads\/2025\/12\/LOGO-ICC-1024x1024.png 1024w, https:\/\/www.buzon-world.com\/wp-content\/uploads\/2025\/12\/LOGO-ICC-70x70.png 70w, https:\/\/www.buzon-world.com\/wp-content\/uploads\/2025\/12\/LOGO-ICC.png 1080w\" sizes=\"auto, (max-width: 150px) 100vw, 150px\" \/><img loading=\"lazy\" decoding=\"async\" class=\"alignnone wp-image-50284 size-thumbnail\" src=\"https:\/\/www.buzon-world.com\/wp-content\/uploads\/2025\/12\/LOGO-BBA-150x150.png\" alt=\"\" width=\"150\" height=\"150\" srcset=\"https:\/\/www.buzon-world.com\/wp-content\/uploads\/2025\/12\/LOGO-BBA-150x150.png 150w, https:\/\/www.buzon-world.com\/wp-content\/uploads\/2025\/12\/LOGO-BBA-300x300.png 300w, https:\/\/www.buzon-world.com\/wp-content\/uploads\/2025\/12\/LOGO-BBA-1024x1024.png 1024w, https:\/\/www.buzon-world.com\/wp-content\/uploads\/2025\/12\/LOGO-BBA-70x70.png 70w, https:\/\/www.buzon-world.com\/wp-content\/uploads\/2025\/12\/LOGO-BBA.png 1080w\" sizes=\"auto, (max-width: 150px) 100vw, 150px\" \/><\/p>\n<\/div><\/div><\/div><\/div><\/div><div class=\"vc_col-sm-6 wpb_column vc_column_container\"><div class=\"vc_column-inner\"><div class=\"wpb_wrapper\"><div class=\"w-image has_ratio align_none\"><div class=\"w-image-h\"><div style=\"padding-bottom:50.9434%\"><\/div><img decoding=\"async\" width=\"1024\" height=\"768\" src=\"https:\/\/www.buzon-world.com\/wp-content\/uploads\/2023\/12\/pepiniere-1024x768.jpg\" class=\"attachment-large size-large\" alt=\"\" loading=\"lazy\" \/><\/div><\/div><div class=\"w-separator size_medium\"><\/div><div class=\"wpb_text_column\"><div class=\"wpb_wrapper\"><h2 class=\"p1\">COMPROMISO MEDIOAMBIENTAL<\/h2>\n<p data-start=\"123\" data-end=\"413\">Preocupados por reducir nuestro impacto ambiental, nos comprometemos a integrar de manera continua la protecci\u00f3n y la preservaci\u00f3n del medio ambiente tanto en el dise\u00f1o, la fabricaci\u00f3n y la distribuci\u00f3n de nuestros productos, como en la gesti\u00f3n diaria de nuestras actividades.<\/p>\n<p data-start=\"415\" data-end=\"509\">Para llevar a cabo esta misi\u00f3n, Buzon Pedestal International orienta sus acciones hacia:<\/p>\n<ul data-start=\"510\" data-end=\"820\">\n<li data-start=\"510\" data-end=\"579\">\n<p data-start=\"512\" data-end=\"579\">el uso responsable de la energ\u00eda y de los recursos naturales,<\/p>\n<\/li>\n<li data-start=\"580\" data-end=\"676\">\n<p data-start=\"582\" data-end=\"676\">la reducci\u00f3n de la producci\u00f3n de residuos y la mejora de su gesti\u00f3n y clasificaci\u00f3n,<\/p>\n<\/li>\n<li data-start=\"677\" data-end=\"742\">\n<p data-start=\"679\" data-end=\"742\">el establecimiento de una pol\u00edtica de compras sostenible,<\/p>\n<\/li>\n<li data-start=\"743\" data-end=\"820\">\n<p data-start=\"745\" data-end=\"820\">y la prevenci\u00f3n de la contaminaci\u00f3n y otros riesgos medioambientales.<\/p>\n<\/li>\n<\/ul>\n<p data-start=\"822\" data-end=\"1072\">En 2019, tambi\u00e9n obtuvimos la certificaci\u00f3n ISO 14001. Esta norma internacional confirma nuestro compromiso con la mejora continua de nuestro desempe\u00f1o ambiental y con el cumplimiento de los requisitos legales y reglamentarios vigentes.<\/p>\n<\/div><\/div><div class=\"w-separator size_large\"><\/div><div class=\"wpb_text_column\"><div class=\"wpb_wrapper\"><h2 data-start=\"78\" data-end=\"158\">FIN DE VIDA DE LOS PRODUCTOS DE POLIPROPILENO: RECICLAJE Y RESPONSABILIDAD<\/h2>\n<p data-start=\"160\" data-end=\"458\">Estamos orgullosos de fabricar productos de polipropileno, un material reconocido por su ligereza, resistencia y versatilidad. Sin embargo, tambi\u00e9n somos conscientes de la importancia de gestionar adecuadamente el <strong data-start=\"374\" data-end=\"389\">fin de vida<\/strong> de estos productos para minimizar su impacto en el medio ambiente.<\/p>\n<h3 data-start=\"460\" data-end=\"503\">\u00bfQu\u00e9 hacer al final de su vida \u00fatil?<\/h3>\n<p data-start=\"505\" data-end=\"664\">Cuando su producto de polipropileno llega al final de su ciclo de uso, es esencial seguir algunos pasos simples para garantizar que se recicle correctamente:<\/p>\n<ul data-start=\"666\" data-end=\"1391\">\n<li data-start=\"666\" data-end=\"924\">\n<p data-start=\"668\" data-end=\"924\"><strong data-start=\"668\" data-end=\"693\">Separaci\u00f3n selectiva:<\/strong> El polipropileno (PP) es un pl\u00e1stico reciclable. Antes de desecharlo, aseg\u00farese de depositarlo en los contenedores de reciclaje apropiados. Consulte las indicaciones locales para conocer las instrucciones espec\u00edficas de su zona.<\/p>\n<\/li>\n<li data-start=\"925\" data-end=\"1146\">\n<p data-start=\"927\" data-end=\"1146\"><strong data-start=\"927\" data-end=\"950\">Puntos de recogida:<\/strong> Muchos municipios disponen de centros de recogida o puntos limpios donde los pl\u00e1sticos, incluido el polipropileno, pueden reciclarse. No dude en llevar sus productos a estos puntos de recogida.<\/p>\n<\/li>\n<li data-start=\"1147\" data-end=\"1391\">\n<p data-start=\"1149\" data-end=\"1391\"><strong data-start=\"1149\" data-end=\"1176\">Compromiso responsable:<\/strong> Como empresa, nos comprometemos a apoyar las iniciativas de reciclaje. El polipropileno es un material que puede reutilizarse para fabricar nuevos productos, reduciendo as\u00ed la demanda de materias primas v\u00edrgenes.<\/p>\n<\/li>\n<\/ul>\n<h3 data-start=\"1393\" data-end=\"1435\">\u00bfPor qu\u00e9 reciclar el polipropileno?<\/h3>\n<ul data-start=\"1437\" data-end=\"1887\">\n<li data-start=\"1437\" data-end=\"1583\">\n<p data-start=\"1439\" data-end=\"1583\"><strong data-start=\"1439\" data-end=\"1461\">Econom\u00eda circular:<\/strong> El reciclaje permite dar una nueva vida al polipropileno, transformando los productos usados en nuevos recursos \u00fatiles.<\/p>\n<\/li>\n<li data-start=\"1584\" data-end=\"1740\">\n<p data-start=\"1586\" data-end=\"1740\"><strong data-start=\"1586\" data-end=\"1612\">Reducci\u00f3n de residuos:<\/strong> Al reciclar, contribuye a disminuir la cantidad de residuos enviados a vertederos, reduciendo as\u00ed la huella ecol\u00f3gica global.<\/p>\n<\/li>\n<li data-start=\"1741\" data-end=\"1887\">\n<p data-start=\"1743\" data-end=\"1887\"><strong data-start=\"1743\" data-end=\"1772\">Conservaci\u00f3n de recursos:<\/strong> Se necesitan menos materias primas cuando se recicla polipropileno, ayudando a preservar los recursos naturales.<\/p>\n<\/li>\n<\/ul>\n<p><img loading=\"lazy\" decoding=\"async\" class=\"alignnone wp-image-50281 size-thumbnail\" src=\"https:\/\/www.buzon-world.com\/wp-content\/uploads\/2025\/12\/LOGO-ISO14001-150x150.png\" alt=\"\" width=\"150\" height=\"150\" srcset=\"https:\/\/www.buzon-world.com\/wp-content\/uploads\/2025\/12\/LOGO-ISO14001-150x150.png 150w, https:\/\/www.buzon-world.com\/wp-content\/uploads\/2025\/12\/LOGO-ISO14001-300x300.png 300w, https:\/\/www.buzon-world.com\/wp-content\/uploads\/2025\/12\/LOGO-ISO14001-1024x1024.png 1024w, https:\/\/www.buzon-world.com\/wp-content\/uploads\/2025\/12\/LOGO-ISO14001-70x70.png 70w, https:\/\/www.buzon-world.com\/wp-content\/uploads\/2025\/12\/LOGO-ISO14001.png 1080w\" sizes=\"auto, (max-width: 150px) 100vw, 150px\" \/><\/p>\n<\/div><\/div><\/div><\/div><\/div><\/div><\/div><\/section>\n","protected":false},"excerpt":{"rendered":"[vc_raw_html]W3dwc2VvX2JyZWFkY3J1bWJdCg==[\/vc_raw_html]Nuestros compromisos 100% FABRICADO EN EUROPA Todos nuestros productos se crean, designan y fabrican en Europa. Nuestro departamento de investigaci\u00f3n y desarrollo trabaja duro para ofrecer a nuestros clientes un soporte de terraza de excelencia. El 90% de nuestros productos proceden de la f\u00e1brica de Overpelt (B\u00e9lgica). El resto de nuestros productos se fabrican en...","protected":false},"author":1,"featured_media":0,"parent":43379,"menu_order":2,"comment_status":"closed","ping_status":"closed","template":"","meta":{"_acf_changed":false,"footnotes":""},"accesories_category":[],"sizes":[],"plot_serie":[],"accesories_category_type":[],"accessories_categories_subtype":[],"accessories_categories_applica":[],"class_list":["post-43403","page","type-page","status-publish","hentry"],"acf":[],"yoast_head":"<!-- This site is optimized with the Yoast SEO plugin v27.1.1 - https:\/\/yoast.com\/product\/yoast-seo-wordpress\/ -->\n<title>Nuestros compromisos | Buzon World<\/title>\n<meta name=\"description\" content=\"Todos nuestros productos se crean, dise\u00f1an y fabrican en Europa. \u00c9ste es s\u00f3lo uno de nuestros muchos compromisos con la calidad.\" \/>\n<meta name=\"robots\" content=\"index, follow, max-snippet:-1, max-image-preview:large, max-video-preview:-1\" \/>\n<link rel=\"canonical\" href=\"https:\/\/www.buzon-world.com\/es\/sobre-nosotros\/nuestros-compromisos\/\" \/>\n<meta property=\"og:locale\" content=\"es_ES\" \/>\n<meta property=\"og:type\" content=\"article\" \/>\n<meta property=\"og:title\" content=\"Nuestros compromisos | Buzon World\" \/>\n<meta property=\"og:description\" content=\"Todos nuestros productos se crean, dise\u00f1an y fabrican en Europa. \u00c9ste es s\u00f3lo uno de nuestros muchos compromisos con la calidad.\" \/>\n<meta property=\"og:url\" content=\"https:\/\/www.buzon-world.com\/es\/sobre-nosotros\/nuestros-compromisos\/\" \/>\n<meta property=\"og:site_name\" content=\"Buzon\" \/>\n<meta property=\"article:modified_time\" content=\"2025-12-15T15:23:56+00:00\" \/>\n<meta property=\"og:image\" content=\"https:\/\/www.buzon-world.com\/wp-content\/uploads\/2025\/12\/LOGO-Made-In-Europe-150x150.png\" \/>\n<meta name=\"twitter:card\" content=\"summary_large_image\" \/>\n<meta name=\"twitter:label1\" content=\"Tiempo de lectura\" \/>\n\t<meta name=\"twitter:data1\" content=\"5 minutos\" \/>\n<script type=\"application\/ld+json\" class=\"yoast-schema-graph\">{\"@context\":\"https:\/\/schema.org\",\"@graph\":[{\"@type\":\"WebPage\",\"@id\":\"https:\/\/www.buzon-world.com\/es\/sobre-nosotros\/nuestros-compromisos\/\",\"url\":\"https:\/\/www.buzon-world.com\/es\/sobre-nosotros\/nuestros-compromisos\/\",\"name\":\"Nuestros compromisos | Buzon World\",\"isPartOf\":{\"@id\":\"https:\/\/www.buzon-world.com\/es\/#website\"},\"primaryImageOfPage\":{\"@id\":\"https:\/\/www.buzon-world.com\/es\/sobre-nosotros\/nuestros-compromisos\/#primaryimage\"},\"image\":{\"@id\":\"https:\/\/www.buzon-world.com\/es\/sobre-nosotros\/nuestros-compromisos\/#primaryimage\"},\"thumbnailUrl\":\"https:\/\/www.buzon-world.com\/wp-content\/uploads\/2025\/12\/LOGO-Made-In-Europe-150x150.png\",\"datePublished\":\"2022-07-05T13:50:11+00:00\",\"dateModified\":\"2025-12-15T15:23:56+00:00\",\"description\":\"Todos nuestros productos se crean, dise\u00f1an y fabrican en Europa. \u00c9ste es s\u00f3lo uno de nuestros muchos compromisos con la calidad.\",\"breadcrumb\":{\"@id\":\"https:\/\/www.buzon-world.com\/es\/sobre-nosotros\/nuestros-compromisos\/#breadcrumb\"},\"inLanguage\":\"es\",\"potentialAction\":[{\"@type\":\"ReadAction\",\"target\":[\"https:\/\/www.buzon-world.com\/es\/sobre-nosotros\/nuestros-compromisos\/\"]}]},{\"@type\":\"ImageObject\",\"inLanguage\":\"es\",\"@id\":\"https:\/\/www.buzon-world.com\/es\/sobre-nosotros\/nuestros-compromisos\/#primaryimage\",\"url\":\"https:\/\/www.buzon-world.com\/wp-content\/uploads\/2025\/12\/LOGO-Made-In-Europe-150x150.png\",\"contentUrl\":\"https:\/\/www.buzon-world.com\/wp-content\/uploads\/2025\/12\/LOGO-Made-In-Europe-150x150.png\"},{\"@type\":\"BreadcrumbList\",\"@id\":\"https:\/\/www.buzon-world.com\/es\/sobre-nosotros\/nuestros-compromisos\/#breadcrumb\",\"itemListElement\":[{\"@type\":\"ListItem\",\"position\":1,\"name\":\"Home\",\"item\":\"https:\/\/www.buzon-world.com\/es\/\"},{\"@type\":\"ListItem\",\"position\":2,\"name\":\"Sobre nosotros\",\"item\":\"https:\/\/www.buzon-world.com\/es\/sobre-nosotros\/\"},{\"@type\":\"ListItem\",\"position\":3,\"name\":\"Nuestros compromisos\"}]},{\"@type\":\"WebSite\",\"@id\":\"https:\/\/www.buzon-world.com\/es\/#website\",\"url\":\"https:\/\/www.buzon-world.com\/es\/\",\"name\":\"Buzon\",\"description\":\"Just another WordPress site\",\"potentialAction\":[{\"@type\":\"SearchAction\",\"target\":{\"@type\":\"EntryPoint\",\"urlTemplate\":\"https:\/\/www.buzon-world.com\/es\/?s={search_term_string}\"},\"query-input\":{\"@type\":\"PropertyValueSpecification\",\"valueRequired\":true,\"valueName\":\"search_term_string\"}}],\"inLanguage\":\"es\"}]}<\/script>\n<!-- \/ Yoast SEO plugin. -->","yoast_head_json":{"title":"Nuestros compromisos | Buzon World","description":"Todos nuestros productos se crean, dise\u00f1an y fabrican en Europa. \u00c9ste es s\u00f3lo uno de nuestros muchos compromisos con la calidad.","robots":{"index":"index","follow":"follow","max-snippet":"max-snippet:-1","max-image-preview":"max-image-preview:large","max-video-preview":"max-video-preview:-1"},"canonical":"https:\/\/www.buzon-world.com\/es\/sobre-nosotros\/nuestros-compromisos\/","og_locale":"es_ES","og_type":"article","og_title":"Nuestros compromisos | Buzon World","og_description":"Todos nuestros productos se crean, dise\u00f1an y fabrican en Europa. \u00c9ste es s\u00f3lo uno de nuestros muchos compromisos con la calidad.","og_url":"https:\/\/www.buzon-world.com\/es\/sobre-nosotros\/nuestros-compromisos\/","og_site_name":"Buzon","article_modified_time":"2025-12-15T15:23:56+00:00","og_image":[{"url":"https:\/\/www.buzon-world.com\/wp-content\/uploads\/2025\/12\/LOGO-Made-In-Europe-150x150.png","type":"","width":"","height":""}],"twitter_card":"summary_large_image","twitter_misc":{"Tiempo de lectura":"5 minutos"},"schema":{"@context":"https:\/\/schema.org","@graph":[{"@type":"WebPage","@id":"https:\/\/www.buzon-world.com\/es\/sobre-nosotros\/nuestros-compromisos\/","url":"https:\/\/www.buzon-world.com\/es\/sobre-nosotros\/nuestros-compromisos\/","name":"Nuestros compromisos | Buzon World","isPartOf":{"@id":"https:\/\/www.buzon-world.com\/es\/#website"},"primaryImageOfPage":{"@id":"https:\/\/www.buzon-world.com\/es\/sobre-nosotros\/nuestros-compromisos\/#primaryimage"},"image":{"@id":"https:\/\/www.buzon-world.com\/es\/sobre-nosotros\/nuestros-compromisos\/#primaryimage"},"thumbnailUrl":"https:\/\/www.buzon-world.com\/wp-content\/uploads\/2025\/12\/LOGO-Made-In-Europe-150x150.png","datePublished":"2022-07-05T13:50:11+00:00","dateModified":"2025-12-15T15:23:56+00:00","description":"Todos nuestros productos se crean, dise\u00f1an y fabrican en Europa. \u00c9ste es s\u00f3lo uno de nuestros muchos compromisos con la calidad.","breadcrumb":{"@id":"https:\/\/www.buzon-world.com\/es\/sobre-nosotros\/nuestros-compromisos\/#breadcrumb"},"inLanguage":"es","potentialAction":[{"@type":"ReadAction","target":["https:\/\/www.buzon-world.com\/es\/sobre-nosotros\/nuestros-compromisos\/"]}]},{"@type":"ImageObject","inLanguage":"es","@id":"https:\/\/www.buzon-world.com\/es\/sobre-nosotros\/nuestros-compromisos\/#primaryimage","url":"https:\/\/www.buzon-world.com\/wp-content\/uploads\/2025\/12\/LOGO-Made-In-Europe-150x150.png","contentUrl":"https:\/\/www.buzon-world.com\/wp-content\/uploads\/2025\/12\/LOGO-Made-In-Europe-150x150.png"},{"@type":"BreadcrumbList","@id":"https:\/\/www.buzon-world.com\/es\/sobre-nosotros\/nuestros-compromisos\/#breadcrumb","itemListElement":[{"@type":"ListItem","position":1,"name":"Home","item":"https:\/\/www.buzon-world.com\/es\/"},{"@type":"ListItem","position":2,"name":"Sobre nosotros","item":"https:\/\/www.buzon-world.com\/es\/sobre-nosotros\/"},{"@type":"ListItem","position":3,"name":"Nuestros compromisos"}]},{"@type":"WebSite","@id":"https:\/\/www.buzon-world.com\/es\/#website","url":"https:\/\/www.buzon-world.com\/es\/","name":"Buzon","description":"Just another WordPress site","potentialAction":[{"@type":"SearchAction","target":{"@type":"EntryPoint","urlTemplate":"https:\/\/www.buzon-world.com\/es\/?s={search_term_string}"},"query-input":{"@type":"PropertyValueSpecification","valueRequired":true,"valueName":"search_term_string"}}],"inLanguage":"es"}]}},"_links":{"self":[{"href":"https:\/\/www.buzon-world.com\/es\/wp-json\/wp\/v2\/pages\/43403","targetHints":{"allow":["GET"]}}],"collection":[{"href":"https:\/\/www.buzon-world.com\/es\/wp-json\/wp\/v2\/pages"}],"about":[{"href":"https:\/\/www.buzon-world.com\/es\/wp-json\/wp\/v2\/types\/page"}],"author":[{"embeddable":true,"href":"https:\/\/www.buzon-world.com\/es\/wp-json\/wp\/v2\/users\/1"}],"replies":[{"embeddable":true,"href":"https:\/\/www.buzon-world.com\/es\/wp-json\/wp\/v2\/comments?post=43403"}],"version-history":[{"count":6,"href":"https:\/\/www.buzon-world.com\/es\/wp-json\/wp\/v2\/pages\/43403\/revisions"}],"predecessor-version":[{"id":50333,"href":"https:\/\/www.buzon-world.com\/es\/wp-json\/wp\/v2\/pages\/43403\/revisions\/50333"}],"up":[{"embeddable":true,"href":"https:\/\/www.buzon-world.com\/es\/wp-json\/wp\/v2\/pages\/43379"}],"wp:attachment":[{"href":"https:\/\/www.buzon-world.com\/es\/wp-json\/wp\/v2\/media?parent=43403"}],"wp:term":[{"taxonomy":"accesories_category","embeddable":true,"href":"https:\/\/www.buzon-world.com\/es\/wp-json\/wp\/v2\/accesories_category?post=43403"},{"taxonomy":"sizes","embeddable":true,"href":"https:\/\/www.buzon-world.com\/es\/wp-json\/wp\/v2\/sizes?post=43403"},{"taxonomy":"plot_serie","embeddable":true,"href":"https:\/\/www.buzon-world.com\/es\/wp-json\/wp\/v2\/plot_serie?post=43403"},{"taxonomy":"accesories_category_type","embeddable":true,"href":"https:\/\/www.buzon-world.com\/es\/wp-json\/wp\/v2\/accesories_category_type?post=43403"},{"taxonomy":"accessories_categories_subtype","embeddable":true,"href":"https:\/\/www.buzon-world.com\/es\/wp-json\/wp\/v2\/accessories_categories_subtype?post=43403"},{"taxonomy":"accessories_categories_applica","embeddable":true,"href":"https:\/\/www.buzon-world.com\/es\/wp-json\/wp\/v2\/accessories_categories_applica?post=43403"}],"curies":[{"name":"wp","href":"https:\/\/api.w.org\/{rel}","templated":true}]}}