{"id":43917,"date":"2022-07-25T14:33:31","date_gmt":"2022-07-25T12:33:31","guid":{"rendered":"https:\/\/www.buzon-world.com\/productos\/accesorios\/accesorios-del-sistema-u-brs\/u-tabs-spike\/"},"modified":"2025-02-04T09:56:57","modified_gmt":"2025-02-04T07:56:57","slug":"u-tabs-spike","status":"publish","type":"page","link":"https:\/\/www.buzon-world.com\/es\/productos\/accesorios\/u-tabs-spike\/","title":{"rendered":"U-TABS-SPIKE"},"content":{"rendered":"","protected":false},"excerpt":{"rendered":"","protected":false},"author":1,"featured_media":43922,"parent":43074,"menu_order":14,"comment_status":"closed","ping_status":"closed","template":"","meta":{"_acf_changed":false,"footnotes":""},"accesories_category":[1527,1531,2222],"sizes":[1499,1500,1507],"plot_serie":[1506,1529,1530],"accesories_category_type":[1505,1512,2223],"accessories_categories_subtype":[1498,1518,1528],"accessories_categories_applica":[1497,1524,1525],"class_list":["post-43917","page","type-page","status-publish","has-post-thumbnail","hentry","accesories_category-accesorios-de-acabado","accesories_category-accesorios-de-acabado-es","accesories_category-universal-accessories","sizes-2-mm","sizes-45-mm","sizes-3-mm","plot_serie-capas-de-estera-y-lenguetas-separadoras","plot_serie-serie-pb-es","plot_serie-serie-dph-es","accesories_category_type-capas-de-estera-y-lenguetas-separadoras","accesories_category_type-serie-pb-es","accesories_category_type-universal-accessories","accessories_categories_subtype-accesorios-estandar","accessories_categories_subtype-accesorios-complementarios","accessories_categories_subtype-accesorios-de-acabado","accessories_categories_applica-terraza-de-baldosas-sobre-pedestal","accessories_categories_applica-terraza-de-baldosas-sobre-vigas","accessories_categories_applica-terraza-de-madera-o-composite"],"acf":[],"yoast_head":"<!-- This site is optimized with the Yoast SEO plugin v27.4 - https:\/\/yoast.com\/product\/yoast-seo-wordpress\/ -->\n<title>U-TABS SPIKE | Accesorios Buzon World<\/title>\n<meta name=\"description\" content=\"U-TABS-SPIKE crea un espacio regular entre adoquines de 2, 3 \u00f3 4,5 mm. Las leng\u00fcetas separadoras son divisibles y se adaptan a todas las configuraciones de colocaci\u00f3n.\" \/>\n<meta name=\"robots\" content=\"index, follow, max-snippet:-1, max-image-preview:large, max-video-preview:-1\" \/>\n<link rel=\"canonical\" href=\"https:\/\/www.buzon-world.com\/es\/productos\/accesorios\/u-tabs-spike\/\" \/>\n<meta property=\"og:locale\" content=\"es_ES\" \/>\n<meta property=\"og:type\" content=\"article\" \/>\n<meta property=\"og:title\" content=\"U-TABS SPIKE | Accesorios Buzon World\" \/>\n<meta property=\"og:description\" content=\"U-TABS-SPIKE crea un espacio regular entre adoquines de 2, 3 \u00f3 4,5 mm. Las leng\u00fcetas separadoras son divisibles y se adaptan a todas las configuraciones de colocaci\u00f3n.\" \/>\n<meta property=\"og:url\" content=\"https:\/\/www.buzon-world.com\/es\/productos\/accesorios\/u-tabs-spike\/\" \/>\n<meta property=\"og:site_name\" content=\"Buzon\" \/>\n<meta property=\"article:modified_time\" content=\"2025-02-04T07:56:57+00:00\" \/>\n<meta property=\"og:image\" content=\"https:\/\/www.buzon-world.com\/wp-content\/uploads\/2022\/08\/U-TABS-SPIKE-2MM-PACKSHOT-01.jpg\" \/>\n\t<meta property=\"og:image:width\" content=\"2000\" \/>\n\t<meta property=\"og:image:height\" content=\"2000\" \/>\n\t<meta property=\"og:image:type\" content=\"image\/jpeg\" \/>\n<meta name=\"twitter:card\" content=\"summary_large_image\" \/>\n<script type=\"application\/ld+json\" class=\"yoast-schema-graph\">{\"@context\":\"https:\\\/\\\/schema.org\",\"@graph\":[{\"@type\":\"WebPage\",\"@id\":\"https:\\\/\\\/www.buzon-world.com\\\/es\\\/productos\\\/accesorios\\\/u-tabs-spike\\\/\",\"url\":\"https:\\\/\\\/www.buzon-world.com\\\/es\\\/productos\\\/accesorios\\\/u-tabs-spike\\\/\",\"name\":\"U-TABS SPIKE | Accesorios Buzon World\",\"isPartOf\":{\"@id\":\"https:\\\/\\\/www.buzon-world.com\\\/es\\\/#website\"},\"primaryImageOfPage\":{\"@id\":\"https:\\\/\\\/www.buzon-world.com\\\/es\\\/productos\\\/accesorios\\\/u-tabs-spike\\\/#primaryimage\"},\"image\":{\"@id\":\"https:\\\/\\\/www.buzon-world.com\\\/es\\\/productos\\\/accesorios\\\/u-tabs-spike\\\/#primaryimage\"},\"thumbnailUrl\":\"https:\\\/\\\/www.buzon-world.com\\\/wp-content\\\/uploads\\\/2022\\\/08\\\/U-TABS-SPIKE-2MM-PACKSHOT-01.jpg\",\"datePublished\":\"2022-07-25T12:33:31+00:00\",\"dateModified\":\"2025-02-04T07:56:57+00:00\",\"description\":\"U-TABS-SPIKE crea un espacio regular entre adoquines de 2, 3 \u00f3 4,5 mm. Las leng\u00fcetas separadoras son divisibles y se adaptan a todas las configuraciones de colocaci\u00f3n.\",\"breadcrumb\":{\"@id\":\"https:\\\/\\\/www.buzon-world.com\\\/es\\\/productos\\\/accesorios\\\/u-tabs-spike\\\/#breadcrumb\"},\"inLanguage\":\"es\",\"potentialAction\":[{\"@type\":\"ReadAction\",\"target\":[\"https:\\\/\\\/www.buzon-world.com\\\/es\\\/productos\\\/accesorios\\\/u-tabs-spike\\\/\"]}]},{\"@type\":\"ImageObject\",\"inLanguage\":\"es\",\"@id\":\"https:\\\/\\\/www.buzon-world.com\\\/es\\\/productos\\\/accesorios\\\/u-tabs-spike\\\/#primaryimage\",\"url\":\"https:\\\/\\\/www.buzon-world.com\\\/wp-content\\\/uploads\\\/2022\\\/08\\\/U-TABS-SPIKE-2MM-PACKSHOT-01.jpg\",\"contentUrl\":\"https:\\\/\\\/www.buzon-world.com\\\/wp-content\\\/uploads\\\/2022\\\/08\\\/U-TABS-SPIKE-2MM-PACKSHOT-01.jpg\",\"width\":2000,\"height\":2000},{\"@type\":\"BreadcrumbList\",\"@id\":\"https:\\\/\\\/www.buzon-world.com\\\/es\\\/productos\\\/accesorios\\\/u-tabs-spike\\\/#breadcrumb\",\"itemListElement\":[{\"@type\":\"ListItem\",\"position\":1,\"name\":\"Home\",\"item\":\"https:\\\/\\\/www.buzon-world.com\\\/es\\\/\"},{\"@type\":\"ListItem\",\"position\":2,\"name\":\"Productos\",\"item\":\"https:\\\/\\\/www.buzon-world.com\\\/es\\\/productos\\\/\"},{\"@type\":\"ListItem\",\"position\":3,\"name\":\"Accesorios\",\"item\":\"https:\\\/\\\/www.buzon-world.com\\\/es\\\/productos\\\/accesorios\\\/\"},{\"@type\":\"ListItem\",\"position\":4,\"name\":\"U-TABS-SPIKE\"}]},{\"@type\":\"WebSite\",\"@id\":\"https:\\\/\\\/www.buzon-world.com\\\/es\\\/#website\",\"url\":\"https:\\\/\\\/www.buzon-world.com\\\/es\\\/\",\"name\":\"Buzon\",\"description\":\"Just another WordPress site\",\"potentialAction\":[{\"@type\":\"SearchAction\",\"target\":{\"@type\":\"EntryPoint\",\"urlTemplate\":\"https:\\\/\\\/www.buzon-world.com\\\/es\\\/?s={search_term_string}\"},\"query-input\":{\"@type\":\"PropertyValueSpecification\",\"valueRequired\":true,\"valueName\":\"search_term_string\"}}],\"inLanguage\":\"es\"}]}<\/script>\n<!-- \/ Yoast SEO plugin. -->","yoast_head_json":{"title":"U-TABS SPIKE | Accesorios Buzon World","description":"U-TABS-SPIKE crea un espacio regular entre adoquines de 2, 3 \u00f3 4,5 mm. Las leng\u00fcetas separadoras son divisibles y se adaptan a todas las configuraciones de colocaci\u00f3n.","robots":{"index":"index","follow":"follow","max-snippet":"max-snippet:-1","max-image-preview":"max-image-preview:large","max-video-preview":"max-video-preview:-1"},"canonical":"https:\/\/www.buzon-world.com\/es\/productos\/accesorios\/u-tabs-spike\/","og_locale":"es_ES","og_type":"article","og_title":"U-TABS SPIKE | Accesorios Buzon World","og_description":"U-TABS-SPIKE crea un espacio regular entre adoquines de 2, 3 \u00f3 4,5 mm. Las leng\u00fcetas separadoras son divisibles y se adaptan a todas las configuraciones de colocaci\u00f3n.","og_url":"https:\/\/www.buzon-world.com\/es\/productos\/accesorios\/u-tabs-spike\/","og_site_name":"Buzon","article_modified_time":"2025-02-04T07:56:57+00:00","og_image":[{"width":2000,"height":2000,"url":"https:\/\/www.buzon-world.com\/wp-content\/uploads\/2022\/08\/U-TABS-SPIKE-2MM-PACKSHOT-01.jpg","type":"image\/jpeg"}],"twitter_card":"summary_large_image","schema":{"@context":"https:\/\/schema.org","@graph":[{"@type":"WebPage","@id":"https:\/\/www.buzon-world.com\/es\/productos\/accesorios\/u-tabs-spike\/","url":"https:\/\/www.buzon-world.com\/es\/productos\/accesorios\/u-tabs-spike\/","name":"U-TABS SPIKE | Accesorios Buzon World","isPartOf":{"@id":"https:\/\/www.buzon-world.com\/es\/#website"},"primaryImageOfPage":{"@id":"https:\/\/www.buzon-world.com\/es\/productos\/accesorios\/u-tabs-spike\/#primaryimage"},"image":{"@id":"https:\/\/www.buzon-world.com\/es\/productos\/accesorios\/u-tabs-spike\/#primaryimage"},"thumbnailUrl":"https:\/\/www.buzon-world.com\/wp-content\/uploads\/2022\/08\/U-TABS-SPIKE-2MM-PACKSHOT-01.jpg","datePublished":"2022-07-25T12:33:31+00:00","dateModified":"2025-02-04T07:56:57+00:00","description":"U-TABS-SPIKE crea un espacio regular entre adoquines de 2, 3 \u00f3 4,5 mm. Las leng\u00fcetas separadoras son divisibles y se adaptan a todas las configuraciones de colocaci\u00f3n.","breadcrumb":{"@id":"https:\/\/www.buzon-world.com\/es\/productos\/accesorios\/u-tabs-spike\/#breadcrumb"},"inLanguage":"es","potentialAction":[{"@type":"ReadAction","target":["https:\/\/www.buzon-world.com\/es\/productos\/accesorios\/u-tabs-spike\/"]}]},{"@type":"ImageObject","inLanguage":"es","@id":"https:\/\/www.buzon-world.com\/es\/productos\/accesorios\/u-tabs-spike\/#primaryimage","url":"https:\/\/www.buzon-world.com\/wp-content\/uploads\/2022\/08\/U-TABS-SPIKE-2MM-PACKSHOT-01.jpg","contentUrl":"https:\/\/www.buzon-world.com\/wp-content\/uploads\/2022\/08\/U-TABS-SPIKE-2MM-PACKSHOT-01.jpg","width":2000,"height":2000},{"@type":"BreadcrumbList","@id":"https:\/\/www.buzon-world.com\/es\/productos\/accesorios\/u-tabs-spike\/#breadcrumb","itemListElement":[{"@type":"ListItem","position":1,"name":"Home","item":"https:\/\/www.buzon-world.com\/es\/"},{"@type":"ListItem","position":2,"name":"Productos","item":"https:\/\/www.buzon-world.com\/es\/productos\/"},{"@type":"ListItem","position":3,"name":"Accesorios","item":"https:\/\/www.buzon-world.com\/es\/productos\/accesorios\/"},{"@type":"ListItem","position":4,"name":"U-TABS-SPIKE"}]},{"@type":"WebSite","@id":"https:\/\/www.buzon-world.com\/es\/#website","url":"https:\/\/www.buzon-world.com\/es\/","name":"Buzon","description":"Just another WordPress site","potentialAction":[{"@type":"SearchAction","target":{"@type":"EntryPoint","urlTemplate":"https:\/\/www.buzon-world.com\/es\/?s={search_term_string}"},"query-input":{"@type":"PropertyValueSpecification","valueRequired":true,"valueName":"search_term_string"}}],"inLanguage":"es"}]}},"_links":{"self":[{"href":"https:\/\/www.buzon-world.com\/es\/wp-json\/wp\/v2\/pages\/43917","targetHints":{"allow":["GET"]}}],"collection":[{"href":"https:\/\/www.buzon-world.com\/es\/wp-json\/wp\/v2\/pages"}],"about":[{"href":"https:\/\/www.buzon-world.com\/es\/wp-json\/wp\/v2\/types\/page"}],"author":[{"embeddable":true,"href":"https:\/\/www.buzon-world.com\/es\/wp-json\/wp\/v2\/users\/1"}],"replies":[{"embeddable":true,"href":"https:\/\/www.buzon-world.com\/es\/wp-json\/wp\/v2\/comments?post=43917"}],"version-history":[{"count":1,"href":"https:\/\/www.buzon-world.com\/es\/wp-json\/wp\/v2\/pages\/43917\/revisions"}],"predecessor-version":[{"id":44352,"href":"https:\/\/www.buzon-world.com\/es\/wp-json\/wp\/v2\/pages\/43917\/revisions\/44352"}],"up":[{"embeddable":true,"href":"https:\/\/www.buzon-world.com\/es\/wp-json\/wp\/v2\/pages\/43074"}],"wp:featuredmedia":[{"embeddable":true,"href":"https:\/\/www.buzon-world.com\/es\/wp-json\/wp\/v2\/media\/43922"}],"wp:attachment":[{"href":"https:\/\/www.buzon-world.com\/es\/wp-json\/wp\/v2\/media?parent=43917"}],"wp:term":[{"taxonomy":"accesories_category","embeddable":true,"href":"https:\/\/www.buzon-world.com\/es\/wp-json\/wp\/v2\/accesories_category?post=43917"},{"taxonomy":"sizes","embeddable":true,"href":"https:\/\/www.buzon-world.com\/es\/wp-json\/wp\/v2\/sizes?post=43917"},{"taxonomy":"plot_serie","embeddable":true,"href":"https:\/\/www.buzon-world.com\/es\/wp-json\/wp\/v2\/plot_serie?post=43917"},{"taxonomy":"accesories_category_type","embeddable":true,"href":"https:\/\/www.buzon-world.com\/es\/wp-json\/wp\/v2\/accesories_category_type?post=43917"},{"taxonomy":"accessories_categories_subtype","embeddable":true,"href":"https:\/\/www.buzon-world.com\/es\/wp-json\/wp\/v2\/accessories_categories_subtype?post=43917"},{"taxonomy":"accessories_categories_applica","embeddable":true,"href":"https:\/\/www.buzon-world.com\/es\/wp-json\/wp\/v2\/accessories_categories_applica?post=43917"}],"curies":[{"name":"wp","href":"https:\/\/api.w.org\/{rel}","templated":true}]}}