{"id":44125,"date":"2022-10-18T15:09:04","date_gmt":"2022-10-18T13:09:04","guid":{"rendered":"https:\/\/www.buzon-world.com\/aplicaciones\/terrazas-residenciales\/terraza-de-madera-o-composite\/"},"modified":"2025-02-04T09:54:40","modified_gmt":"2025-02-04T07:54:40","slug":"terraza-de-madera-o-composite","status":"publish","type":"page","link":"https:\/\/www.buzon-world.com\/es\/aplicaciones\/terrazas-residenciales\/terraza-de-madera-o-composite\/","title":{"rendered":"Terraza de madera o composite"},"content":{"rendered":"<section class=\"l-section wpb_row height_auto\"><div class=\"l-section-h i-cf\"><div class=\"g-cols vc_row via_flex valign_top type_default stacking_default\"><div class=\"vc_col-sm-12 wpb_column vc_column_container\"><div class=\"vc_column-inner\"><div class=\"wpb_wrapper\">[vc_raw_html]W3dwc2VvX2JyZWFkY3J1bWJd[\/vc_raw_html]<\/div><\/div><\/div><\/div><\/div><\/section><section class=\"l-section wpb_row height_medium\"><div class=\"l-section-h i-cf\"><div class=\"g-cols vc_row via_flex valign_top type_default stacking_default\"><div class=\"vc_col-sm-12 wpb_column vc_column_container\"><div class=\"vc_column-inner\"><div class=\"wpb_wrapper\"><div class=\"wpb_text_column longline\"><div class=\"wpb_wrapper\"><h2>Terraza de madera o composite<\/h2>\n<\/div><\/div><div class=\"w-separator size_medium\"><\/div><div class=\"w-grid us_grid blacksqgrid2 type_grid layout_6689 cols_2 preload_style_spinner\" id=\"us_grid_1\" style=\"--columns:2;--gap:25px;\"><style>@media (max-width:786px){#us_grid_1{--columns:1!important}}.layout_6689 .w-grid-item-h{}.layout_6689 .usg_post_custom_field_1{margin-top:30px!important;margin-bottom:30px!important}.layout_6689 .usg_post_custom_field_3{font-weight:700!important}<\/style><div class=\"w-grid-list\">\t<article class=\"w-grid-item size_1x1 post-43760 page type-page status-publish has-post-thumbnail hentry accesories_category-serie-pb-es accesories_category-terraza-de-madera-o-composite accesories_category-accesorios-estandar-es accesories_category_type-serie-pb-es accessories_categories_subtype-accesorios-estandar accessories_categories_applica-terraza-de-madera-o-composite\" data-id=\"43760\">\r\n\t\t<div class=\"w-grid-item-h\">\r\n\t\t\t\t\t\t<div class=\"w-post-elm post_image usg_post_image_2 aspectsquare has_ratio\"><a href=\"https:\/\/www.buzon-world.com\/es\/productos\/accesorios\/accesorios-pb\/pb-kit-5\/\" aria-label=\"PB-KIT-5\"><img loading=\"lazy\" decoding=\"async\" width=\"595\" height=\"303\" src=\"https:\/\/www.buzon-world.com\/wp-content\/uploads\/2023\/05\/overview-page-PB-WOOD-PB-KIT-5.png\" class=\"attachment-full size-full wp-post-image\" alt=\"\" \/><\/a><div style=\"padding-bottom:50.9434%\"><\/div><\/div><h3 class=\"w-post-elm post_custom_field usg_post_custom_field_1 longline type_text grid_title color_link_inherit\"><span class=\"w-post-elm-value\"> Gu\u00eda para vigueta de madera<\/span><\/h3><p class=\"w-post-elm post_custom_field usg_post_custom_field_2 type_text advantages color_link_inherit\"><span class=\"w-post-elm-before\">Ventajas: <\/span><span class=\"w-post-elm-value\"><ul>\n<li>Instalaci\u00f3n r\u00e1pida y sencilla<\/li>\n<li>Soluci\u00f3n sostenible<\/li>\n<li>Posibilidad de arreglar la viga.<\/li>\n<li>Garantiza una gran estabilidad<\/li>\n<\/ul>\n<\/span><\/p><div class=\"w-html usg_html_2\"><br><\/div><span class=\"w-post-elm post_custom_field usg_post_custom_field_3 type_text extra_info_ color_link_inherit\"><p>Buz\u00f3n no suministra las vigas de madera.<\/p>\n<\/span><div class=\"w-html usg_html_3\"><br><\/div><span class=\"w-post-elm post_custom_field usg_post_custom_field_4 type_text revetements color_link_inherit\"><span class=\"w-post-elm-before\">Revestimiento: <\/span><span class=\"w-post-elm-value\">madera natural o compuesto<\/span><\/span><div class=\"w-html usg_html_1\"><br><\/div><a class=\"w-btn us-btn-style_3 usg_btn_1 buttonabsolutebottom\" href=\"https:\/\/www.buzon-world.com\/es\/productos\/accesorios\/accesorios-pb\/pb-kit-5\/\"><span class=\"w-btn-label\">M\u00e1s informaci\u00f3n<\/span><\/a>\t\t<\/div>\r\n\t\t\t<\/article>\r\n\t<article class=\"w-grid-item size_1x1 post-43446 page type-page status-publish has-post-thumbnail hentry accesories_category-serie-dph-es accesories_category-accesorios-estandar-es accesories_category-accesorios-estandar accesories_category-serie-pb-es accesories_category-terraza-de-baldosas-sobre-vigas-es accesories_category-terraza-de-madera-o-composite accesories_category-terraza-de-madera-o-composite-es accesories_category_type-serie-dph-es accesories_category_type-serie-pb-es accessories_categories_subtype-accesorios-estandar accessories_categories_applica-terraza-de-baldosas-sobre-vigas accessories_categories_applica-terraza-de-madera-o-composite\" data-id=\"43446\">\r\n\t\t<div class=\"w-grid-item-h\">\r\n\t\t\t\t\t\t<div class=\"w-post-elm post_image usg_post_image_2 aspectsquare has_ratio\"><a href=\"https:\/\/www.buzon-world.com\/es\/productos\/sistema-de-apoyo\/u-brs-wood-m\/\" aria-label=\"U-BRS-WOOD-M\"><img loading=\"lazy\" decoding=\"async\" width=\"2000\" height=\"2000\" src=\"https:\/\/www.buzon-world.com\/wp-content\/uploads\/2023\/12\/U-BRS-24MM-WOOD-M-PACKSHOT.jpg\" class=\"attachment-full size-full wp-post-image\" alt=\"\" \/><\/a><div style=\"padding-bottom:50.9434%\"><\/div><\/div><h3 class=\"w-post-elm post_custom_field usg_post_custom_field_1 longline type_text grid_title color_link_inherit\"><span class=\"w-post-elm-value\">Viga para madera - Natural<\/span><\/h3><p class=\"w-post-elm post_custom_field usg_post_custom_field_2 type_text advantages color_link_inherit\"><span class=\"w-post-elm-before\">Ventajas: <\/span><span class=\"w-post-elm-value\"><ul>\n<li>Instalaci\u00f3n r\u00e1pida y sencilla<\/li>\n<li>Soluci\u00f3n sostenible<\/li>\n<li>Garantiza una gran estabilidad de los voladizos.<\/li>\n<li>Posibilidad de colocaci\u00f3n de losas de madera de gran formato.<\/li>\n<li>Respeto de la membrana impermeabilizante.<\/li>\n<li>Accesorios para el acabado de la terraza.<\/li>\n<\/ul>\n<\/span><\/p><div class=\"w-html usg_html_2\"><br><\/div><span class=\"w-post-elm post_custom_field usg_post_custom_field_3 type_text extra_info_ color_link_inherit\"><p>Requiere el uso de pedestales de PB.<\/p>\n<p>Buzon no suministra las tablas de madera ni sus fijaciones.<\/p>\n<\/span><div class=\"w-html usg_html_3\"><br><\/div><span class=\"w-post-elm post_custom_field usg_post_custom_field_4 type_text revetements color_link_inherit\"><span class=\"w-post-elm-before\">Revestimiento: <\/span><span class=\"w-post-elm-value\">madera natural o compuesto<\/span><\/span><div class=\"w-html usg_html_1\"><br><\/div><a class=\"w-btn us-btn-style_3 usg_btn_1 buttonabsolutebottom\" href=\"https:\/\/www.buzon-world.com\/es\/productos\/sistema-de-apoyo\/u-brs-wood-m\/\"><span class=\"w-btn-label\">M\u00e1s informaci\u00f3n<\/span><\/a>\t\t<\/div>\r\n\t\t\t<\/article>\r\n\t<article class=\"w-grid-item size_1x1 post-44250 page type-page status-publish has-post-thumbnail hentry accesories_category-serie-dph-es accesories_category-accesorios-estandar-es accesories_category-accesorios-estandar accesories_category-serie-pb-es accesories_category-terraza-de-baldosas-sobre-vigas-es accesories_category-terraza-de-madera-o-composite accesories_category-terraza-de-madera-o-composite-es accesories_category_type-serie-dph-es accesories_category_type-serie-pb-es accessories_categories_subtype-accesorios-estandar accessories_categories_applica-terraza-de-madera-o-composite accessories_categories_applica-terraza-de-baldosas-sobre-vigas\" data-id=\"44250\">\r\n\t\t<div class=\"w-grid-item-h\">\r\n\t\t\t\t\t\t<div class=\"w-post-elm post_image usg_post_image_2 aspectsquare has_ratio\"><a href=\"https:\/\/www.buzon-world.com\/es\/productos\/sistema-de-apoyo\/u-brs-wood-b\/\" aria-label=\"U-BRS-WOOD-B\"><img loading=\"lazy\" decoding=\"async\" width=\"2000\" height=\"2000\" src=\"https:\/\/www.buzon-world.com\/wp-content\/uploads\/2023\/12\/U-BRS-24MM-WOOD-B-PACKSHOT.jpg\" class=\"attachment-full size-full wp-post-image\" alt=\"\" \/><\/a><div style=\"padding-bottom:50.9434%\"><\/div><\/div><h3 class=\"w-post-elm post_custom_field usg_post_custom_field_1 longline type_text grid_title color_link_inherit\"><span class=\"w-post-elm-value\">Viga para madera \u2013 Negra<\/span><\/h3><p class=\"w-post-elm post_custom_field usg_post_custom_field_2 type_text advantages color_link_inherit\"><span class=\"w-post-elm-before\">Ventajas: <\/span><span class=\"w-post-elm-value\"><ul>\n<li>Instalaci\u00f3n r\u00e1pida y sencilla<\/li>\n<li>Soluci\u00f3n sostenible<\/li>\n<li>Garantiza una gran estabilidad de los voladizos.<\/li>\n<li>Posibilidad de colocaci\u00f3n de losas de madera de gran formato.<\/li>\n<li>Respeto de la membrana impermeabilizante.<\/li>\n<li>Accesorios para el acabado de la terraza.<\/li>\n<li>Evitar reflejos<\/li>\n<li>Mejor resistencia a la erosi\u00f3n<\/li>\n<li>Resistencia a la corrosi\u00f3n (cloro, hormig\u00f3n h\u00famedo, agua de mar, arena y sal)<\/li>\n<\/ul>\n<\/span><\/p><div class=\"w-html usg_html_2\"><br><\/div><span class=\"w-post-elm post_custom_field usg_post_custom_field_3 type_text extra_info_ color_link_inherit\"><p><strong>Requiere el uso de pedestales de PB.<\/strong><\/p>\n<p>Buzon no suministra las tablas de madera ni sus fijaciones.<\/p>\n<\/span><div class=\"w-html usg_html_3\"><br><\/div><span class=\"w-post-elm post_custom_field usg_post_custom_field_4 type_text revetements color_link_inherit\"><span class=\"w-post-elm-before\">Revestimiento: <\/span><span class=\"w-post-elm-value\">madera natural o compuesto<\/span><\/span><div class=\"w-html usg_html_1\"><br><\/div><a class=\"w-btn us-btn-style_3 usg_btn_1 buttonabsolutebottom\" href=\"https:\/\/www.buzon-world.com\/es\/productos\/sistema-de-apoyo\/u-brs-wood-b\/\"><span class=\"w-btn-label\">M\u00e1s informaci\u00f3n<\/span><\/a>\t\t<\/div>\r\n\t\t\t<\/article>\r\n<\/div>\t<div class=\"w-grid-preloader\">\r\n\t\t<div class=\"g-preloader type_1\">\r\n\t\t\t<div><\/div>\r\n\t\t<\/div>\r\n\t<\/div>\r\n\t\t<div class=\"w-grid-json hidden\" onclick='return {&quot;action&quot;:&quot;us_ajax_grid&quot;,&quot;infinite_scroll&quot;:0,&quot;max_num_pages&quot;:1,&quot;pagination&quot;:&quot;none&quot;,&quot;template_vars&quot;:{&quot;columns&quot;:&quot;2&quot;,&quot;exclude_items&quot;:&quot;none&quot;,&quot;img_size&quot;:&quot;default&quot;,&quot;ignore_items_size&quot;:0,&quot;items_layout&quot;:&quot;6689&quot;,&quot;items_offset&quot;:&quot;1&quot;,&quot;load_animation&quot;:&quot;none&quot;,&quot;overriding_link&quot;:&quot;{\\&quot;url\\&quot;:\\&quot;\\&quot;}&quot;,&quot;post_id&quot;:0,&quot;query_args&quot;:{&quot;ignore_sticky_posts&quot;:1,&quot;post_type&quot;:&quot;any&quot;,&quot;post__in&quot;:[&quot;1140&quot;,&quot;1346&quot;,&quot;6715&quot;,&quot;1144&quot;],&quot;posts_per_page&quot;:999},&quot;orderby_query_args&quot;:{&quot;orderby&quot;:{&quot;post__in&quot;:&quot;ASC&quot;},&quot;order&quot;:&quot;ASC&quot;},&quot;type&quot;:&quot;grid&quot;,&quot;us_grid_post_type&quot;:&quot;ids&quot;,&quot;us_grid_ajax_index&quot;:1,&quot;us_grid_filter_query_string&quot;:null,&quot;us_grid_index&quot;:1,&quot;page_args&quot;:[],&quot;lang&quot;:&quot;es&quot;}}'><\/div>\r\n\t<\/div><\/div><\/div><\/div><\/div><\/div><\/section>\n","protected":false},"excerpt":{"rendered":"[vc_raw_html]W3dwc2VvX2JyZWFkY3J1bWJdCg==[\/vc_raw_html]2023-12-08U-BRS-WOOD-B Viga de aluminio Las viguetas de aluminio U-BRS-24-WOOD-B permiten y facilitan la instalaci\u00f3n de tableros de madera o compuestos. El tiempo ahorrado y la mayor estabilidad de la estructura har\u00e1n las delicias de los profesionales. La vigueta tiene una altura de 24 mm. El soporte para viguetas U-BRS-24-WOOD-B, PB-KIT-2, es necesario para fijar las...","protected":false},"author":1,"featured_media":43765,"parent":43285,"menu_order":2,"comment_status":"closed","ping_status":"closed","template":"","meta":{"_acf_changed":false,"footnotes":""},"accesories_category":[],"sizes":[],"plot_serie":[],"accesories_category_type":[],"accessories_categories_subtype":[],"accessories_categories_applica":[],"class_list":["post-44125","page","type-page","status-publish","has-post-thumbnail","hentry"],"acf":[],"yoast_head":"<!-- This site is optimized with the Yoast SEO plugin v27.1.1 - https:\/\/yoast.com\/product\/yoast-seo-wordpress\/ -->\n<title>Terraza de madera o composite | Buzon World<\/title>\n<meta name=\"description\" content=\"Desde hace m\u00e1s de 35 a\u00f1os, Buzon se dedica al dise\u00f1o, desarrollo y fabricaci\u00f3n de pedestales de suelo para terrazas de madera o de tarima compuesta.\" \/>\n<meta name=\"robots\" content=\"index, follow, max-snippet:-1, max-image-preview:large, max-video-preview:-1\" \/>\n<link rel=\"canonical\" href=\"https:\/\/www.buzon-world.com\/es\/aplicaciones\/terrazas-residenciales\/terraza-de-madera-o-composite\/\" \/>\n<meta property=\"og:locale\" content=\"es_ES\" \/>\n<meta property=\"og:type\" content=\"article\" \/>\n<meta property=\"og:title\" content=\"Terraza de madera o composite | Buzon World\" \/>\n<meta property=\"og:description\" content=\"Desde hace m\u00e1s de 35 a\u00f1os, Buzon se dedica al dise\u00f1o, desarrollo y fabricaci\u00f3n de pedestales de suelo para terrazas de madera o de tarima compuesta.\" \/>\n<meta property=\"og:url\" content=\"https:\/\/www.buzon-world.com\/es\/aplicaciones\/terrazas-residenciales\/terraza-de-madera-o-composite\/\" \/>\n<meta property=\"og:site_name\" content=\"Buzon\" \/>\n<meta property=\"article:modified_time\" content=\"2025-02-04T07:54:40+00:00\" \/>\n<meta property=\"og:image\" content=\"https:\/\/www.buzon-world.com\/wp-content\/uploads\/2023\/05\/overview-page-PB-WOOD-PB-KIT-5.png\" \/>\n\t<meta property=\"og:image:width\" content=\"595\" \/>\n\t<meta property=\"og:image:height\" content=\"303\" \/>\n\t<meta property=\"og:image:type\" content=\"image\/png\" \/>\n<meta name=\"twitter:card\" content=\"summary_large_image\" \/>\n<script type=\"application\/ld+json\" class=\"yoast-schema-graph\">{\"@context\":\"https:\/\/schema.org\",\"@graph\":[{\"@type\":\"WebPage\",\"@id\":\"https:\/\/www.buzon-world.com\/es\/aplicaciones\/terrazas-residenciales\/terraza-de-madera-o-composite\/\",\"url\":\"https:\/\/www.buzon-world.com\/es\/aplicaciones\/terrazas-residenciales\/terraza-de-madera-o-composite\/\",\"name\":\"Terraza de madera o composite | Buzon World\",\"isPartOf\":{\"@id\":\"https:\/\/www.buzon-world.com\/es\/#website\"},\"primaryImageOfPage\":{\"@id\":\"https:\/\/www.buzon-world.com\/es\/aplicaciones\/terrazas-residenciales\/terraza-de-madera-o-composite\/#primaryimage\"},\"image\":{\"@id\":\"https:\/\/www.buzon-world.com\/es\/aplicaciones\/terrazas-residenciales\/terraza-de-madera-o-composite\/#primaryimage\"},\"thumbnailUrl\":\"https:\/\/www.buzon-world.com\/wp-content\/uploads\/2023\/05\/overview-page-PB-WOOD-PB-KIT-5.png\",\"datePublished\":\"2022-10-18T13:09:04+00:00\",\"dateModified\":\"2025-02-04T07:54:40+00:00\",\"description\":\"Desde hace m\u00e1s de 35 a\u00f1os, Buzon se dedica al dise\u00f1o, desarrollo y fabricaci\u00f3n de pedestales de suelo para terrazas de madera o de tarima compuesta.\",\"breadcrumb\":{\"@id\":\"https:\/\/www.buzon-world.com\/es\/aplicaciones\/terrazas-residenciales\/terraza-de-madera-o-composite\/#breadcrumb\"},\"inLanguage\":\"es\",\"potentialAction\":[{\"@type\":\"ReadAction\",\"target\":[\"https:\/\/www.buzon-world.com\/es\/aplicaciones\/terrazas-residenciales\/terraza-de-madera-o-composite\/\"]}]},{\"@type\":\"ImageObject\",\"inLanguage\":\"es\",\"@id\":\"https:\/\/www.buzon-world.com\/es\/aplicaciones\/terrazas-residenciales\/terraza-de-madera-o-composite\/#primaryimage\",\"url\":\"https:\/\/www.buzon-world.com\/wp-content\/uploads\/2023\/05\/overview-page-PB-WOOD-PB-KIT-5.png\",\"contentUrl\":\"https:\/\/www.buzon-world.com\/wp-content\/uploads\/2023\/05\/overview-page-PB-WOOD-PB-KIT-5.png\",\"width\":595,\"height\":303},{\"@type\":\"BreadcrumbList\",\"@id\":\"https:\/\/www.buzon-world.com\/es\/aplicaciones\/terrazas-residenciales\/terraza-de-madera-o-composite\/#breadcrumb\",\"itemListElement\":[{\"@type\":\"ListItem\",\"position\":1,\"name\":\"Home\",\"item\":\"https:\/\/www.buzon-world.com\/es\/\"},{\"@type\":\"ListItem\",\"position\":2,\"name\":\"Aplicaciones\",\"item\":\"https:\/\/www.buzon-world.com\/es\/aplicaciones\/\"},{\"@type\":\"ListItem\",\"position\":3,\"name\":\"Terrazas residenciales\",\"item\":\"https:\/\/www.buzon-world.com\/es\/aplicaciones\/terrazas-residenciales\/\"},{\"@type\":\"ListItem\",\"position\":4,\"name\":\"Terraza de madera o composite\"}]},{\"@type\":\"WebSite\",\"@id\":\"https:\/\/www.buzon-world.com\/es\/#website\",\"url\":\"https:\/\/www.buzon-world.com\/es\/\",\"name\":\"Buzon\",\"description\":\"Just another WordPress site\",\"potentialAction\":[{\"@type\":\"SearchAction\",\"target\":{\"@type\":\"EntryPoint\",\"urlTemplate\":\"https:\/\/www.buzon-world.com\/es\/?s={search_term_string}\"},\"query-input\":{\"@type\":\"PropertyValueSpecification\",\"valueRequired\":true,\"valueName\":\"search_term_string\"}}],\"inLanguage\":\"es\"}]}<\/script>\n<!-- \/ Yoast SEO plugin. -->","yoast_head_json":{"title":"Terraza de madera o composite | Buzon World","description":"Desde hace m\u00e1s de 35 a\u00f1os, Buzon se dedica al dise\u00f1o, desarrollo y fabricaci\u00f3n de pedestales de suelo para terrazas de madera o de tarima compuesta.","robots":{"index":"index","follow":"follow","max-snippet":"max-snippet:-1","max-image-preview":"max-image-preview:large","max-video-preview":"max-video-preview:-1"},"canonical":"https:\/\/www.buzon-world.com\/es\/aplicaciones\/terrazas-residenciales\/terraza-de-madera-o-composite\/","og_locale":"es_ES","og_type":"article","og_title":"Terraza de madera o composite | Buzon World","og_description":"Desde hace m\u00e1s de 35 a\u00f1os, Buzon se dedica al dise\u00f1o, desarrollo y fabricaci\u00f3n de pedestales de suelo para terrazas de madera o de tarima compuesta.","og_url":"https:\/\/www.buzon-world.com\/es\/aplicaciones\/terrazas-residenciales\/terraza-de-madera-o-composite\/","og_site_name":"Buzon","article_modified_time":"2025-02-04T07:54:40+00:00","og_image":[{"width":595,"height":303,"url":"https:\/\/www.buzon-world.com\/wp-content\/uploads\/2023\/05\/overview-page-PB-WOOD-PB-KIT-5.png","type":"image\/png"}],"twitter_card":"summary_large_image","schema":{"@context":"https:\/\/schema.org","@graph":[{"@type":"WebPage","@id":"https:\/\/www.buzon-world.com\/es\/aplicaciones\/terrazas-residenciales\/terraza-de-madera-o-composite\/","url":"https:\/\/www.buzon-world.com\/es\/aplicaciones\/terrazas-residenciales\/terraza-de-madera-o-composite\/","name":"Terraza de madera o composite | Buzon World","isPartOf":{"@id":"https:\/\/www.buzon-world.com\/es\/#website"},"primaryImageOfPage":{"@id":"https:\/\/www.buzon-world.com\/es\/aplicaciones\/terrazas-residenciales\/terraza-de-madera-o-composite\/#primaryimage"},"image":{"@id":"https:\/\/www.buzon-world.com\/es\/aplicaciones\/terrazas-residenciales\/terraza-de-madera-o-composite\/#primaryimage"},"thumbnailUrl":"https:\/\/www.buzon-world.com\/wp-content\/uploads\/2023\/05\/overview-page-PB-WOOD-PB-KIT-5.png","datePublished":"2022-10-18T13:09:04+00:00","dateModified":"2025-02-04T07:54:40+00:00","description":"Desde hace m\u00e1s de 35 a\u00f1os, Buzon se dedica al dise\u00f1o, desarrollo y fabricaci\u00f3n de pedestales de suelo para terrazas de madera o de tarima compuesta.","breadcrumb":{"@id":"https:\/\/www.buzon-world.com\/es\/aplicaciones\/terrazas-residenciales\/terraza-de-madera-o-composite\/#breadcrumb"},"inLanguage":"es","potentialAction":[{"@type":"ReadAction","target":["https:\/\/www.buzon-world.com\/es\/aplicaciones\/terrazas-residenciales\/terraza-de-madera-o-composite\/"]}]},{"@type":"ImageObject","inLanguage":"es","@id":"https:\/\/www.buzon-world.com\/es\/aplicaciones\/terrazas-residenciales\/terraza-de-madera-o-composite\/#primaryimage","url":"https:\/\/www.buzon-world.com\/wp-content\/uploads\/2023\/05\/overview-page-PB-WOOD-PB-KIT-5.png","contentUrl":"https:\/\/www.buzon-world.com\/wp-content\/uploads\/2023\/05\/overview-page-PB-WOOD-PB-KIT-5.png","width":595,"height":303},{"@type":"BreadcrumbList","@id":"https:\/\/www.buzon-world.com\/es\/aplicaciones\/terrazas-residenciales\/terraza-de-madera-o-composite\/#breadcrumb","itemListElement":[{"@type":"ListItem","position":1,"name":"Home","item":"https:\/\/www.buzon-world.com\/es\/"},{"@type":"ListItem","position":2,"name":"Aplicaciones","item":"https:\/\/www.buzon-world.com\/es\/aplicaciones\/"},{"@type":"ListItem","position":3,"name":"Terrazas residenciales","item":"https:\/\/www.buzon-world.com\/es\/aplicaciones\/terrazas-residenciales\/"},{"@type":"ListItem","position":4,"name":"Terraza de madera o composite"}]},{"@type":"WebSite","@id":"https:\/\/www.buzon-world.com\/es\/#website","url":"https:\/\/www.buzon-world.com\/es\/","name":"Buzon","description":"Just another WordPress site","potentialAction":[{"@type":"SearchAction","target":{"@type":"EntryPoint","urlTemplate":"https:\/\/www.buzon-world.com\/es\/?s={search_term_string}"},"query-input":{"@type":"PropertyValueSpecification","valueRequired":true,"valueName":"search_term_string"}}],"inLanguage":"es"}]}},"_links":{"self":[{"href":"https:\/\/www.buzon-world.com\/es\/wp-json\/wp\/v2\/pages\/44125","targetHints":{"allow":["GET"]}}],"collection":[{"href":"https:\/\/www.buzon-world.com\/es\/wp-json\/wp\/v2\/pages"}],"about":[{"href":"https:\/\/www.buzon-world.com\/es\/wp-json\/wp\/v2\/types\/page"}],"author":[{"embeddable":true,"href":"https:\/\/www.buzon-world.com\/es\/wp-json\/wp\/v2\/users\/1"}],"replies":[{"embeddable":true,"href":"https:\/\/www.buzon-world.com\/es\/wp-json\/wp\/v2\/comments?post=44125"}],"version-history":[{"count":3,"href":"https:\/\/www.buzon-world.com\/es\/wp-json\/wp\/v2\/pages\/44125\/revisions"}],"predecessor-version":[{"id":45012,"href":"https:\/\/www.buzon-world.com\/es\/wp-json\/wp\/v2\/pages\/44125\/revisions\/45012"}],"up":[{"embeddable":true,"href":"https:\/\/www.buzon-world.com\/es\/wp-json\/wp\/v2\/pages\/43285"}],"wp:featuredmedia":[{"embeddable":true,"href":"https:\/\/www.buzon-world.com\/es\/wp-json\/wp\/v2\/media\/43765"}],"wp:attachment":[{"href":"https:\/\/www.buzon-world.com\/es\/wp-json\/wp\/v2\/media?parent=44125"}],"wp:term":[{"taxonomy":"accesories_category","embeddable":true,"href":"https:\/\/www.buzon-world.com\/es\/wp-json\/wp\/v2\/accesories_category?post=44125"},{"taxonomy":"sizes","embeddable":true,"href":"https:\/\/www.buzon-world.com\/es\/wp-json\/wp\/v2\/sizes?post=44125"},{"taxonomy":"plot_serie","embeddable":true,"href":"https:\/\/www.buzon-world.com\/es\/wp-json\/wp\/v2\/plot_serie?post=44125"},{"taxonomy":"accesories_category_type","embeddable":true,"href":"https:\/\/www.buzon-world.com\/es\/wp-json\/wp\/v2\/accesories_category_type?post=44125"},{"taxonomy":"accessories_categories_subtype","embeddable":true,"href":"https:\/\/www.buzon-world.com\/es\/wp-json\/wp\/v2\/accessories_categories_subtype?post=44125"},{"taxonomy":"accessories_categories_applica","embeddable":true,"href":"https:\/\/www.buzon-world.com\/es\/wp-json\/wp\/v2\/accessories_categories_applica?post=44125"}],"curies":[{"name":"wp","href":"https:\/\/api.w.org\/{rel}","templated":true}]}}