{"id":46795,"date":"2025-04-08T08:48:06","date_gmt":"2025-04-08T06:48:06","guid":{"rendered":"https:\/\/www.buzon-world.com\/calculator\/"},"modified":"2025-06-05T11:31:25","modified_gmt":"2025-06-05T09:31:25","slug":"calculadora","status":"publish","type":"page","link":"https:\/\/www.buzon-world.com\/es\/calculadora\/","title":{"rendered":"New Buzon calculator"},"content":{"rendered":"<section class=\"l-section wpb_row us_custom_963824fa height_auto\"><div class=\"l-section-h i-cf\"><div class=\"g-cols vc_row via_flex valign_top type_default stacking_default\"><div class=\"vc_col-sm-8 wpb_column vc_column_container\"><div class=\"vc_column-inner\"><div class=\"wpb_wrapper\"><div class=\"wpb_text_column us_custom_b06093fc has_text_color us_animate_this\"><div class=\"wpb_wrapper\"><h1 style=\"text-align: left;\">Nueva calculadora Buzon: \u00a1Dise\u00f1a tu terraza en tan solo unos clics!<\/h1>\n<\/div><\/div><div class=\"w-separator size_medium\"><\/div><div class=\"wpb_text_column us_custom_ec82cb5e has_text_color us_animate_this\"><div class=\"wpb_wrapper\"><p style=\"text-align: left;\"><strong>\u00bfEl secreto del \u00e9xito de una terraza sobre pedestales? \u00a1Una preparaci\u00f3n \u00f3ptima! Por eso, la calculadora Buzon evoluciona para ofrecerte una experiencia a\u00fan m\u00e1s completa, precisa y eficiente. Dise\u00f1ada para satisfacer todas tus necesidades, esta herramienta te gu\u00eda paso a paso en la preparaci\u00f3n y construcci\u00f3n de tu terraza sobre pedestales.<\/strong><\/p>\n<\/div><\/div><div class=\"w-separator size_medium\"><\/div><div class=\"w-btn-wrapper align_left\"><a class=\"w-btn us-btn-style_5 icon_atleft\" href=\"https:\/\/app.buzoncalculator.com\/\"><i class=\"fas fa-pencil-alt\"><\/i><span class=\"w-btn-label\">\u00a1Descubre la nueva calculadora Buzon!<\/span><\/a><\/div><\/div><\/div><\/div><div class=\"vc_col-sm-4 wpb_column vc_column_container\"><div class=\"vc_column-inner\"><div class=\"wpb_wrapper\"><\/div><\/div><\/div><\/div><\/div><\/section><section class=\"l-section wpb_row height_auto\"><div class=\"l-section-h i-cf\"><div class=\"g-cols vc_row via_flex valign_top type_default stacking_default\"><div class=\"vc_col-sm-10 wpb_column vc_column_container\"><div class=\"vc_column-inner\"><div class=\"wpb_wrapper\"><div class=\"wpb_text_column us_custom_f0c7bf59 longline us_animate_this\"><div class=\"wpb_wrapper\"><h2>\u00a1Echa un vistazo a la nueva calculadora!<\/h2>\n<\/div><\/div><div class=\"w-separator size_small\"><\/div><div class=\"wpb_text_column us_custom_ff13c409 us_animate_this\"><div class=\"wpb_wrapper\"><p>Antes de comenzar, eche un vistazo a nuestra nueva interfaz y sus caracter\u00edsticas.<\/p>\n<\/div><\/div><div class=\"w-separator size_medium\"><\/div><div class=\"w-video align_none ratio_16x9 has_iframe\"><div class=\"w-video-h\"><iframe title=\"Youtube video player\" src=\"\/\/www.youtube.com\/embed\/sYSDqsQUT9U?autoplay=0&controls=1&origin=https:\/\/www.buzon-world.com\/es\/&loop=0&mute=0\" allowfullscreen=\"1\" loading=\"lazy\"><\/iframe><\/div><\/div><div class=\"w-separator size_small\"><\/div><div class=\"wpb_text_column us_custom_bec20362 us_animate_this\"><div class=\"wpb_wrapper\"><p><em>Tenga en cuenta que la calculadora anterior dejar\u00e1 de funcionar en breve, por lo que es hora de actualizar a la nueva versi\u00f3n y darle vida a sus proyectos con la innovaci\u00f3n y calidad que merecen.<\/em><\/p>\n<\/div><\/div><div class=\"w-separator size_medium\"><\/div><div class=\"wpb_text_column us_custom_47474b22 longline us_animate_this\"><div class=\"wpb_wrapper\"><h2>\u00bfPor qu\u00e9 elegir esta nueva versi\u00f3n?<\/h2>\n<\/div><\/div><div class=\"w-separator size_small\"><\/div><div class=\"wpb_text_column us_custom_ff13c409 us_animate_this\"><div class=\"wpb_wrapper\"><ul>\n<li><strong>M\u00e1s flexible<\/strong>: La calculadora se adapta a cualquier configuraci\u00f3n, independientemente del tama\u00f1o o la pendiente.<\/li>\n<li><strong>M\u00e1s eficiente<\/strong>: Optimizaci\u00f3n que garantiza c\u00e1lculos r\u00e1pidos y fiables para un proyecto sin errores.<\/li>\n<li><strong>Simulaci\u00f3n r\u00e1pida y precisa<\/strong>: Visualice al instante la disposici\u00f3n de sus pedestales y vigas con una precisi\u00f3n milim\u00e9trica.<\/li>\n<li><strong>Informe al final de la simulaci\u00f3n<\/strong>: Obtenga un informe detallado de los productos necesarios para completar su proyecto.<\/li>\n<li><strong>Abierto a todos<\/strong>: Dise\u00f1ado tanto para profesionales como para particulares.<\/li>\n<\/ul>\n<\/div><\/div><div class=\"w-separator size_medium\"><\/div><div class=\"wpb_text_column us_custom_8f7b07a9 longline us_animate_this\"><div class=\"wpb_wrapper\"><h2>\u00a1Y esto es s\u00f3lo el comienzo!<\/h2>\n<\/div><\/div><div class=\"w-separator size_small\"><\/div><div class=\"wpb_text_column us_custom_ef014360 us_animate_this\"><div class=\"wpb_wrapper\"><p>Seguiremos mejor\u00e1ndolo y optimiz\u00e1ndolo seg\u00fan tus comentarios para ofrecerte una experiencia cada vez mejor. \u00bfListo para hacer realidad tu proyecto y crear la terraza de tus sue\u00f1os?<\/p>\n<\/div><\/div><div class=\"w-separator size_small\"><\/div><\/div><\/div><\/div><\/div><\/div><\/section><section class=\"l-section wpb_row height_auto\"><div class=\"l-section-h i-cf\"><div class=\"g-cols vc_row via_flex valign_top type_default stacking_default\"><div class=\"vc_col-sm-12 wpb_column vc_column_container\"><div class=\"vc_column-inner us_custom_b74f6679 us_animate_this\"><div class=\"wpb_wrapper\"><section class=\"l-section wpb_row us_custom_6a388dfb bluerowbackground height_small\"><div class=\"l-section-h i-cf\"><div class=\"g-cols vc_row via_flex valign_top type_boxes reversed stacking_default\"><div class=\"vc_col-sm-7 wpb_column vc_column_container\"><div class=\"vc_column-inner\"><div class=\"wpb_wrapper\"><div class=\"wpb_text_column us_custom_6df4bc3a has_text_color\"><div class=\"wpb_wrapper\"><h2>\u00bfPreguntas t\u00e9cnicas?<br \/>  \u00bfUn nuevo proyecto?<br \/>  Ponte en contacto con uno de nuestros expertos.<\/h2>\n<\/div><\/div><div class=\"w-separator size_medium\"><\/div><div class=\"w-btn-wrapper align_none\"><a class=\"w-btn us-btn-style_3\" href=\"mailto:info@buzon-world.com\"><span class=\"w-btn-label\">info@buzon-world.com<\/span><\/a><\/div><div class=\"w-btn-wrapper align_none\"><a class=\"w-btn us-btn-style_3\" href=\"tel:003242483983\"><span class=\"w-btn-label\">00 32 (0) 4 248 39 83<\/span><\/a><\/div><\/div><\/div><\/div><div class=\"vc_col-sm-5 wpb_column vc_column_container\"><div class=\"vc_column-inner\"><div class=\"wpb_wrapper\"><div class=\"w-image cupabsolute align_none\"><div class=\"w-image-h\"><img decoding=\"async\" width=\"577\" height=\"527\" src=\"https:\/\/www.buzon-world.com\/wp-content\/uploads\/2022\/07\/Rectangle-120.png\" class=\"attachment-large size-large\" alt=\"\" loading=\"lazy\" srcset=\"https:\/\/www.buzon-world.com\/wp-content\/uploads\/2022\/07\/Rectangle-120.png 577w, https:\/\/www.buzon-world.com\/wp-content\/uploads\/2022\/07\/Rectangle-120-300x274.png 300w, https:\/\/www.buzon-world.com\/wp-content\/uploads\/2022\/07\/Rectangle-120-70x64.png 70w\" sizes=\"auto, (max-width: 577px) 100vw, 577px\" \/><\/div><\/div><\/div><\/div><\/div><\/div><\/div><\/section>\n<\/div><\/div><\/div><\/div><\/div><\/section>\n","protected":false},"excerpt":{"rendered":"Nueva calculadora Buzon: \u00a1Dise\u00f1a tu terraza en tan solo unos clics! \u00bfEl secreto del \u00e9xito de una terraza sobre pedestales? \u00a1Una preparaci\u00f3n \u00f3ptima! Por eso, la calculadora Buzon evoluciona para ofrecerte una experiencia a\u00fan m\u00e1s completa, precisa y eficiente. Dise\u00f1ada para satisfacer todas tus necesidades, esta herramienta te gu\u00eda paso a paso en la preparaci\u00f3n...","protected":false},"author":5,"featured_media":0,"parent":0,"menu_order":3,"comment_status":"closed","ping_status":"closed","template":"","meta":{"_acf_changed":false,"footnotes":""},"accesories_category":[],"sizes":[],"plot_serie":[],"accesories_category_type":[],"accessories_categories_subtype":[],"accessories_categories_applica":[],"class_list":["post-46795","page","type-page","status-publish","hentry"],"acf":[],"yoast_head":"<!-- This site is optimized with the Yoast SEO plugin v27.1.1 - https:\/\/yoast.com\/product\/yoast-seo-wordpress\/ -->\n<title>New Buzon calculator - Buzon<\/title>\n<meta name=\"description\" content=\"Buzon Pedestal International SA becomes Diamond Partner for Belgian Pavilion at Osaka World Expo 2025 : A commitment to innovation and sustainability.Buzon Pedestal International becomes Diamond Partner for Belgian Pavilion at Expo 2025 Osaka : A commitment to innovation and sustainability.\" \/>\n<meta name=\"robots\" content=\"index, follow, max-snippet:-1, max-image-preview:large, max-video-preview:-1\" \/>\n<link rel=\"canonical\" href=\"https:\/\/www.buzon-world.com\/es\/calculadora\/\" \/>\n<meta property=\"og:locale\" content=\"es_ES\" \/>\n<meta property=\"og:type\" content=\"article\" \/>\n<meta property=\"og:title\" content=\"New Buzon calculator - Buzon\" \/>\n<meta property=\"og:description\" content=\"Buzon Pedestal International SA becomes Diamond Partner for Belgian Pavilion at Osaka World Expo 2025 : A commitment to innovation and sustainability.Buzon Pedestal International becomes Diamond Partner for Belgian Pavilion at Expo 2025 Osaka : A commitment to innovation and sustainability.\" \/>\n<meta property=\"og:url\" content=\"https:\/\/www.buzon-world.com\/es\/calculadora\/\" \/>\n<meta property=\"og:site_name\" content=\"Buzon\" \/>\n<meta property=\"article:modified_time\" content=\"2025-06-05T09:31:25+00:00\" \/>\n<meta name=\"twitter:card\" content=\"summary_large_image\" \/>\n<meta name=\"twitter:label1\" content=\"Tiempo de lectura\" \/>\n\t<meta name=\"twitter:data1\" content=\"2 minutos\" \/>\n<script type=\"application\/ld+json\" class=\"yoast-schema-graph\">{\"@context\":\"https:\/\/schema.org\",\"@graph\":[{\"@type\":\"WebPage\",\"@id\":\"https:\/\/www.buzon-world.com\/es\/calculadora\/\",\"url\":\"https:\/\/www.buzon-world.com\/es\/calculadora\/\",\"name\":\"New Buzon calculator - Buzon\",\"isPartOf\":{\"@id\":\"https:\/\/www.buzon-world.com\/es\/#website\"},\"datePublished\":\"2025-04-08T06:48:06+00:00\",\"dateModified\":\"2025-06-05T09:31:25+00:00\",\"description\":\"Buzon Pedestal International SA becomes Diamond Partner for Belgian Pavilion at Osaka World Expo 2025 : A commitment to innovation and sustainability.Buzon Pedestal International becomes Diamond Partner for Belgian Pavilion at Expo 2025 Osaka : A commitment to innovation and sustainability.\",\"breadcrumb\":{\"@id\":\"https:\/\/www.buzon-world.com\/es\/calculadora\/#breadcrumb\"},\"inLanguage\":\"es\",\"potentialAction\":[{\"@type\":\"ReadAction\",\"target\":[\"https:\/\/www.buzon-world.com\/es\/calculadora\/\"]}]},{\"@type\":\"BreadcrumbList\",\"@id\":\"https:\/\/www.buzon-world.com\/es\/calculadora\/#breadcrumb\",\"itemListElement\":[{\"@type\":\"ListItem\",\"position\":1,\"name\":\"Home\",\"item\":\"https:\/\/www.buzon-world.com\/es\/\"},{\"@type\":\"ListItem\",\"position\":2,\"name\":\"New Buzon calculator\"}]},{\"@type\":\"WebSite\",\"@id\":\"https:\/\/www.buzon-world.com\/es\/#website\",\"url\":\"https:\/\/www.buzon-world.com\/es\/\",\"name\":\"Buzon\",\"description\":\"Just another WordPress site\",\"potentialAction\":[{\"@type\":\"SearchAction\",\"target\":{\"@type\":\"EntryPoint\",\"urlTemplate\":\"https:\/\/www.buzon-world.com\/es\/?s={search_term_string}\"},\"query-input\":{\"@type\":\"PropertyValueSpecification\",\"valueRequired\":true,\"valueName\":\"search_term_string\"}}],\"inLanguage\":\"es\"}]}<\/script>\n<!-- \/ Yoast SEO plugin. -->","yoast_head_json":{"title":"New Buzon calculator - Buzon","description":"Buzon Pedestal International SA becomes Diamond Partner for Belgian Pavilion at Osaka World Expo 2025 : A commitment to innovation and sustainability.Buzon Pedestal International becomes Diamond Partner for Belgian Pavilion at Expo 2025 Osaka : A commitment to innovation and sustainability.","robots":{"index":"index","follow":"follow","max-snippet":"max-snippet:-1","max-image-preview":"max-image-preview:large","max-video-preview":"max-video-preview:-1"},"canonical":"https:\/\/www.buzon-world.com\/es\/calculadora\/","og_locale":"es_ES","og_type":"article","og_title":"New Buzon calculator - Buzon","og_description":"Buzon Pedestal International SA becomes Diamond Partner for Belgian Pavilion at Osaka World Expo 2025 : A commitment to innovation and sustainability.Buzon Pedestal International becomes Diamond Partner for Belgian Pavilion at Expo 2025 Osaka : A commitment to innovation and sustainability.","og_url":"https:\/\/www.buzon-world.com\/es\/calculadora\/","og_site_name":"Buzon","article_modified_time":"2025-06-05T09:31:25+00:00","twitter_card":"summary_large_image","twitter_misc":{"Tiempo de lectura":"2 minutos"},"schema":{"@context":"https:\/\/schema.org","@graph":[{"@type":"WebPage","@id":"https:\/\/www.buzon-world.com\/es\/calculadora\/","url":"https:\/\/www.buzon-world.com\/es\/calculadora\/","name":"New Buzon calculator - Buzon","isPartOf":{"@id":"https:\/\/www.buzon-world.com\/es\/#website"},"datePublished":"2025-04-08T06:48:06+00:00","dateModified":"2025-06-05T09:31:25+00:00","description":"Buzon Pedestal International SA becomes Diamond Partner for Belgian Pavilion at Osaka World Expo 2025 : A commitment to innovation and sustainability.Buzon Pedestal International becomes Diamond Partner for Belgian Pavilion at Expo 2025 Osaka : A commitment to innovation and sustainability.","breadcrumb":{"@id":"https:\/\/www.buzon-world.com\/es\/calculadora\/#breadcrumb"},"inLanguage":"es","potentialAction":[{"@type":"ReadAction","target":["https:\/\/www.buzon-world.com\/es\/calculadora\/"]}]},{"@type":"BreadcrumbList","@id":"https:\/\/www.buzon-world.com\/es\/calculadora\/#breadcrumb","itemListElement":[{"@type":"ListItem","position":1,"name":"Home","item":"https:\/\/www.buzon-world.com\/es\/"},{"@type":"ListItem","position":2,"name":"New Buzon calculator"}]},{"@type":"WebSite","@id":"https:\/\/www.buzon-world.com\/es\/#website","url":"https:\/\/www.buzon-world.com\/es\/","name":"Buzon","description":"Just another WordPress site","potentialAction":[{"@type":"SearchAction","target":{"@type":"EntryPoint","urlTemplate":"https:\/\/www.buzon-world.com\/es\/?s={search_term_string}"},"query-input":{"@type":"PropertyValueSpecification","valueRequired":true,"valueName":"search_term_string"}}],"inLanguage":"es"}]}},"_links":{"self":[{"href":"https:\/\/www.buzon-world.com\/es\/wp-json\/wp\/v2\/pages\/46795","targetHints":{"allow":["GET"]}}],"collection":[{"href":"https:\/\/www.buzon-world.com\/es\/wp-json\/wp\/v2\/pages"}],"about":[{"href":"https:\/\/www.buzon-world.com\/es\/wp-json\/wp\/v2\/types\/page"}],"author":[{"embeddable":true,"href":"https:\/\/www.buzon-world.com\/es\/wp-json\/wp\/v2\/users\/5"}],"replies":[{"embeddable":true,"href":"https:\/\/www.buzon-world.com\/es\/wp-json\/wp\/v2\/comments?post=46795"}],"version-history":[{"count":4,"href":"https:\/\/www.buzon-world.com\/es\/wp-json\/wp\/v2\/pages\/46795\/revisions"}],"predecessor-version":[{"id":46799,"href":"https:\/\/www.buzon-world.com\/es\/wp-json\/wp\/v2\/pages\/46795\/revisions\/46799"}],"wp:attachment":[{"href":"https:\/\/www.buzon-world.com\/es\/wp-json\/wp\/v2\/media?parent=46795"}],"wp:term":[{"taxonomy":"accesories_category","embeddable":true,"href":"https:\/\/www.buzon-world.com\/es\/wp-json\/wp\/v2\/accesories_category?post=46795"},{"taxonomy":"sizes","embeddable":true,"href":"https:\/\/www.buzon-world.com\/es\/wp-json\/wp\/v2\/sizes?post=46795"},{"taxonomy":"plot_serie","embeddable":true,"href":"https:\/\/www.buzon-world.com\/es\/wp-json\/wp\/v2\/plot_serie?post=46795"},{"taxonomy":"accesories_category_type","embeddable":true,"href":"https:\/\/www.buzon-world.com\/es\/wp-json\/wp\/v2\/accesories_category_type?post=46795"},{"taxonomy":"accessories_categories_subtype","embeddable":true,"href":"https:\/\/www.buzon-world.com\/es\/wp-json\/wp\/v2\/accessories_categories_subtype?post=46795"},{"taxonomy":"accessories_categories_applica","embeddable":true,"href":"https:\/\/www.buzon-world.com\/es\/wp-json\/wp\/v2\/accessories_categories_applica?post=46795"}],"curies":[{"name":"wp","href":"https:\/\/api.w.org\/{rel}","templated":true}]}}