{"id":10214,"date":"2022-07-04T15:06:58","date_gmt":"2022-07-04T13:06:58","guid":{"rendered":"https:\/\/www.buzon-world.com\/privacy-policy\/"},"modified":"2025-11-12T11:10:22","modified_gmt":"2025-11-12T09:10:22","slug":"politique-de-confidentialite","status":"publish","type":"page","link":"https:\/\/www.buzon-world.com\/fr\/politique-de-confidentialite\/","title":{"rendered":"Politique de confidentialit\u00e9"},"content":{"rendered":"<section class=\"l-section wpb_row height_medium\"><div class=\"l-section-h i-cf\"><div class=\"g-cols vc_row via_flex valign_top type_default stacking_default\"><div class=\"vc_col-sm-12 wpb_column vc_column_container\"><div class=\"vc_column-inner\"><div class=\"wpb_wrapper\"><div class=\"wpb_text_column\"><div class=\"wpb_wrapper\"><h1 class=\"wp-block-heading\">MENTIONS L\u00c9GALES ET POLITIQUE DE CONFIDENTIALITE<\/h1>\n<h3>PROPRI\u00c9T\u00c9 INTELLECTUELLE\u00a0<\/h3>\n<p>BUZON PEDESTAL INTERNATIONAL SA<br \/>Zoning Industriel des Hauts-Sarts<br \/>4\u00e8me Avenue, 25<br \/>4040 Herstal<br \/>Belgique<\/p>\n<p>BCE : 0430.058.210<\/p>\n<p>T\u00e9l : +32 4 248 39 83<\/p>\n<p>Email : julie.bourchis@buzon-world.com<\/p>\n<p><a href=\"https:\/\/www.boip.int\/fr\/registre-des-marques\/\">BUZON est enregistr\u00e9e comme marque au niveau Benelux, europ\u00e9en et international<\/a><br \/>Les textes, lay-out, dessins, photos, animations, bases de donn\u00e9es, logos, documents techniques, brochures de ce site sont prot\u00e9g\u00e9s par le droit d\u2019auteur\u00a9.<\/p>\n<p>Toute copie, adaptation, modification, traduction, arrangement, stockage dans une banque de donn\u00e9es, communication au public de tout ou partie de ce site sous quelque forme et par quelque moyen que ce soit, \u00e9lectronique, m\u00e9canique ou autre, est strictement interdit sauf accord pr\u00e9alable et \u00e9crit de BUZON PEDESTAL INTERNATIONAL SA<\/p>\n<p>Le t\u00e9l\u00e9chargement de documents techniques, brochures ou catalogues est autoris\u00e9 \u00e0 des fins de consultation et de formation. Toute reproduction est interdite sans l\u2019accord pr\u00e9alable et \u00e9crit de BUZON PEDESTAL INTERNATIONAL SA<\/p>\n<p>En cas de souhait d\u2019utilisation d\u2019une partie du contenu du site, notamment par l\u2019usage d\u2019hyperliens, d\u2019images, de dessins, de photos et de textes, veuillez prendre contact au pr\u00e9alable avec BUZON PEDESTAL INTERNATIONAL SA \u00e0 l\u2019adresse suivante : info@buzon-world.com.<\/p>\n<h3><strong>NON RESPONSABILIT\u00c9 \u2013 DISCLAIMER<\/strong><\/h3>\n<p>Notre site a pour objet d\u2019informer le public sur notre m\u00e9tier, nos produits et services. Ces informations ne sont pas n\u00e9cessairement exhaustives et ne sont en aucun cas contraignantes pour notre soci\u00e9t\u00e9 (informations non contractuelles) Buzon Pedestal International SA se r\u00e9serve le droit de modifier, ajouter, compl\u00e9ter ce site \u00e0 tout moment sans avertissement au pr\u00e9alable.<\/p>\n<p>Si des inexactitudes sont port\u00e9es \u00e0 notre connaissance, nous nous efforcerons d\u2019apporter les rectifications n\u00e9cessaires.<\/p>\n<p>Nous d\u00e9clinons toute responsabilit\u00e9 quant aux interruptions dues \u00e0 des probl\u00e8mes techniques pouvant r\u00e9sulter de l\u2019utilisation de ce site ou de mises \u00e0 jour.<\/p>\n<h3><strong>TRAITEMENT DES DONNEES A CARACTERE PERSONNEL<\/strong><\/h3>\n<p>1. Vous pouvez visiter notre site, vous informer sur nos services ou produits et prendre connaissance de nos derni\u00e8res actualit\u00e9s, sans devoir nous fournir d\u00b4information personnelle.\u00a0 Si vous choisissez de nous fournir vos informations personnelles, elles seront trait\u00e9es de mani\u00e8re confidentielle par BUZON PEDESTAL INTERNATIONAL SA dans le respect du r\u00e8glement europ\u00e9en relatif \u00e0 la protection des donn\u00e9es, ci-apr\u00e8s appel\u00e9 \u00ab RGPD \u00bb entr\u00e9 en vigueur le 25 mai 2018<\/p>\n<p>2.\u00a0Dans le cadre de son activit\u00e9 commerciale, notre soci\u00e9t\u00e9 r\u00e9alise des activit\u00e9s de traitement des donn\u00e9es \u00e0 caract\u00e8re personnel pour lesquelles elle est responsable des donn\u00e9es qu\u2019elle collecte. Notre soci\u00e9t\u00e9 collecte des donn\u00e9es relatives \u00e0 ses clients et partenaires commerciaux. Ces donn\u00e9es sont collect\u00e9es de mani\u00e8re licite, loyale et transparente. La collecte des donn\u00e9es est ad\u00e9quate, pertinente et limit\u00e9e \u00e0 ce qui est n\u00e9cessaire. Ces donn\u00e9es sont tenues \u00e0 jour.<\/p>\n<p>3. Sauf avis contraire formul\u00e9 par \u00e9crit au d\u00e9l\u00e9gu\u00e9 \u00e0 la protection des donn\u00e9es (DPO) \u00a0mentionn\u00e9 ci-dessous, les personnes concern\u00e9es donnent leur consentement (article 6 \u00a71, alin\u00e9a a du RGPD), en cochant la case d\u00e9di\u00e9e \u00e0 cette fin sur notre site, pour le traitement de leurs donn\u00e9es personnelles\u00a0 qui sont indispensables \u00e0 la r\u00e9alisation des services suivants\u202f:<\/p>\n<ul>\n<li>en vue de communiquer des informations relatives aux services, produits et activit\u00e9s de la soci\u00e9t\u00e9 BUZON PEDESTAL INTERNATIONAL SA,<\/li>\n<li>en vue de la communication de newsletters,<\/li>\n<li>en vue de la r\u00e9alisation d\u00b4op\u00e9rations d\u00b4information ou de promotion sur les services et produits de la soci\u00e9t\u00e9 BUZON PEDESTAL INTERNATIONAL SA,<\/li>\n<li>en vue de r\u00e9aliser des \u00e9tudes de march\u00e9,<\/li>\n<li>en vue de la gestion de la client\u00e8le,<\/li>\n<li>en vue de l\u00b4\u00e9mission, du recouvrement et de la v\u00e9rification des factures,<\/li>\n<li>en vue de remplir les obligations qui nous incombent en vertu de la pr\u00e9vention de l\u00b4utilisation du syst\u00e8me financier aux fins du blanchiment de capitaux et du financement du terrorisme.<\/li>\n<\/ul>\n<p>4. Pour cette collecte, BUZON PEDESTAL INTERNATIONAL agit en qualit\u00e9 de responsable du traitement et met donc tout en \u0153uvre pour garantir l\u2019effectivit\u00e9 des droits consacr\u00e9s par le RGPD. Dans ce cadre, elle entreprend les d\u00e9marches suivantes : elle garantit la s\u00e9curisation des donn\u00e9es trait\u00e9es, elle d\u00e9signe un d\u00e9l\u00e9gu\u00e9 responsable \u00e0 la protection des donn\u00e9es. D\u00e8s lors que cette activit\u00e9 de traitement reste limit\u00e9e aux finalit\u00e9s reprises ci-avant, conform\u00e9ment \u00e0 l\u2019article 30.5 du RGPD, BUZON PEDESTAL INTERNATIONAL ne tiendra pas syst\u00e9matiquement de registre des activit\u00e9s de traitement, sauf s\u2019il appara\u00eet que cela devient n\u00e9cessaire en raison du traitement qu\u2019elle effectue.<\/p>\n<p>5. Toutes les donn\u00e9es communiqu\u00e9es sont trait\u00e9es avec la plus grande discr\u00e9tion. Le traitement \u00e9tant uniquement bas\u00e9 sur votre consentement, les personnes concern\u00e9es peuvent \u00e0 tout moment consulter ces donn\u00e9es, les faire rectifier ou supprimer gratuitement.<\/p>\n<p>6. Les fichiers contenant ces donn\u00e9es sont la propri\u00e9t\u00e9 de BUZON PEDESTAL INTERNATIONAL SA et des services qu\u2019elle patronne. La soci\u00e9t\u00e9 BUZON PEDESTAL INTERNATIONAL SA ne communiquera pas vos donn\u00e9es \u00e0 d\u2019autres organismes \u00e0 l\u2019exception de ceux pr\u00e9cis\u00e9s ci-apr\u00e8s\u202fsur la base de l\u2019article 6 \u00a71, alin\u00e9a b du RGPD (ex\u00e9cution du contrat) :<\/p>\n<ul>\n<li>\u00e0 nos sous-traitants charg\u00e9s de l\u2019infrastructure informatique, de notre programme CRM, du programme de facturation, du programme de gestion de projet, de la r\u00e9alisation et la maintenance de notre site internet et extranet, dans la mesure n\u00e9cessaire \u00e0 l\u2019ex\u00e9cution de leurs missions respectives,<\/li>\n<li>aux huissiers, cabinet d\u2019avocat ou soci\u00e9t\u00e9s de recouvrement auxquels nous faisons appel dans le cadre de la gestion de votre dossier,<\/li>\n<li>aux administrations fiscales et sociales, \u00e0 notre secr\u00e9tariat social et \u00e0 notre comptable, dans la mesure n\u00e9cessaire au respect de nos obligations fiscales et sociales.<\/li>\n<\/ul>\n<p>7. Le RGPD pr\u00e9voit que les personnes prot\u00e9g\u00e9es disposent des droits suivants : droit \u00e0 l\u2019information, droit d\u2019acc\u00e8s, droit de rectification, droit \u00e0 l\u2019effacement, droit \u00e0 la limitation du traitement, droit d\u2019opposition, droit \u00e0 la portabilit\u00e9 et droit de ne pas faire l\u2019objet d\u2019une d\u00e9cision individuelle automatis\u00e9e (articles 13 \u00e0 22 du RGPD). Les personnes concern\u00e9es exercent ces droits \u00e0 l\u2019\u00e9gard du responsable du traitement.<\/p>\n<p>Conform\u00e9ment \u00e0 l\u2019article 7 \u00a73 du RGPD, les personnes concern\u00e9es ont le droit de retirer leur consentement \u00e0 tout moment. Par cons\u00e9quent, BUZON PEDESTAL INTERNATIONAL ne continuera pas \u00e0 traiter les donn\u00e9es \u00e0 l\u2019avenir. La r\u00e9vocation du consentement n\u2019affecte pas la l\u00e9galit\u00e9 du traitement effectu\u00e9 sur la base du consentement jusqu\u2019\u00e0 la r\u00e9vocation.<\/p>\n<p>8. Dans le cadre des activit\u00e9s de traitement pour lesquelles notre soci\u00e9t\u00e9 agit en qualit\u00e9 de responsable du traitement, cette derni\u00e8re n\u2019est pas amen\u00e9e \u00e0 conserver ou \u00e0 transf\u00e9rer des donn\u00e9es \u00e0 caract\u00e8re personnel en dehors de l\u2019Union europ\u00e9enne.<\/p>\n<p>9. Notre soci\u00e9t\u00e9 a pris des mesures techniques et organisationnelles appropri\u00e9es pour garantir la s\u00e9curisation des donn\u00e9es \u00e0 caract\u00e8re personnel contre un acc\u00e8s ou un traitement non autoris\u00e9, leur perte ou des d\u00e9g\u00e2ts. Elle prend donc les mesures suivantes \u00e0 cette fin : v\u00e9rification p\u00e9riodique de la s\u00e9curisation des donn\u00e9es, utilisation d\u2019un logiciel anti-virus \u00e0 jour, r\u00e9alisation r\u00e9guli\u00e8re de back-up, tenue \u00e0 jour de tous les logiciels utilis\u00e9s, installation d\u2019un firewall, mise en place d\u2019un syst\u00e8me d\u2019acc\u00e8s avec autorisation pour acc\u00e9der aux donn\u00e9es personnelles.<br \/>10. BUZON PEDESTAL INTERNATIONAL d\u00e9signe Madame Julie Bourc\u2019his en tant que d\u00e9l\u00e9gu\u00e9 \u00e0 la protection des donn\u00e9es (DPO).<br \/>julie.bourchis@buzon-world.com<\/p>\n<p>+32 4 248 39 83<br \/>Zoning Industriel des Hauts-Sarts<br \/>4\u00e8me Avenue, 25<br \/>4040 Herstal- BELGIQUE<\/p>\n<p>Madame Bourc\u2019his a pour mission de : se tenir document\u00e9e, informer toute personne int\u00e9ress\u00e9e qui souhaiterait obtenir des \u00e9claircissements sur la politique mise en place pour respecter le RGPD ; \u00e9valuer r\u00e9guli\u00e8rement si cette politique est adapt\u00e9e, suffisante et ad\u00e9quate ; contr\u00f4ler le respect du RGPD ; intervenir comme point de contact pour l\u2019autorit\u00e9 de contr\u00f4le belge ou toute personne int\u00e9ress\u00e9e.<\/p>\n<p>11. Dans le cadre des activit\u00e9s de traitement pour lesquelles BUZON PEDESTAL INTERNATIONAL\u00a0 intervient en qualit\u00e9 de responsable du traitement, elle est amen\u00e9e \u00e0 communiquer des donn\u00e9es \u00e0 caract\u00e8re personnel \u00e0 certains sous-traitants afin de respecter ses obligations l\u00e9gales et contractuelles. Le respect des obligations qui leur est impos\u00e9 en cette qualit\u00e9 de sous-traitant rel\u00e8ve de leur responsabilit\u00e9. BUZON PEDESTAL INTERNATIONAL sollicite donc de ceux-ci qu\u2019ils lui communiquent un d\u00e9tail des mesures prises par eux pour respecter le RGPD.<\/p>\n<p>12. En cas de litige concernant l\u2019utilisation de notre site internet, sont seuls comp\u00e9tents les tribunaux de LIEGE (Belgique). Le droit belge est applicable. Si les pr\u00e9sentes mentions l\u00e9gales sont r\u00e9dig\u00e9es dans une autre langue que le fran\u00e7ais, les parties conviennent que la version fran\u00e7aise servira de r\u00e9f\u00e9rence<\/p>\n<\/div><\/div><\/div><\/div><\/div><\/div><\/div><\/section>","protected":false},"excerpt":{"rendered":"MENTIONS L\u00c9GALES ET POLITIQUE DE CONFIDENTIALITE PROPRI\u00c9T\u00c9 INTELLECTUELLE\u00a0 BUZON PEDESTAL INTERNATIONAL SAZoning Industriel des Hauts-Sarts4\u00e8me Avenue, 254040 HerstalBelgique BCE : 0430.058.210 T\u00e9l : +32 4 248 39 83 Email : julie.bourchis@buzon-world.com BUZON est enregistr\u00e9e comme marque au niveau Benelux, europ\u00e9en et internationalLes textes, lay-out, dessins, photos, animations, bases de donn\u00e9es, logos, documents techniques, brochures de...","protected":false},"author":1,"featured_media":0,"parent":0,"menu_order":0,"comment_status":"closed","ping_status":"closed","template":"","meta":{"_acf_changed":false,"footnotes":""},"accesories_category":[],"sizes":[],"plot_serie":[],"accesories_category_type":[],"accessories_categories_subtype":[],"accessories_categories_applica":[],"class_list":["post-10214","page","type-page","status-publish","hentry"],"acf":[],"yoast_head":"<!-- This site is optimized with the Yoast SEO plugin v27.1.1 - https:\/\/yoast.com\/product\/yoast-seo-wordpress\/ -->\n<title>Politique de confidentialit\u00e9 Buzon | S\u00e9curit\u00e9 &amp; transparence<\/title>\n<meta name=\"description\" content=\"Politique de confidentialit\u00e9 Buzon : d\u00e9couvrez comment vos donn\u00e9es sont collect\u00e9es, utilis\u00e9es et prot\u00e9g\u00e9es selon les normes RGPD.\" \/>\n<meta name=\"robots\" content=\"index, follow, max-snippet:-1, max-image-preview:large, max-video-preview:-1\" \/>\n<link rel=\"canonical\" href=\"https:\/\/www.buzon-world.com\/fr\/politique-de-confidentialite\/\" \/>\n<meta property=\"og:locale\" content=\"fr_FR\" \/>\n<meta property=\"og:type\" content=\"article\" \/>\n<meta property=\"og:title\" content=\"Politique de confidentialit\u00e9 Buzon | S\u00e9curit\u00e9 &amp; transparence\" \/>\n<meta property=\"og:description\" content=\"Politique de confidentialit\u00e9 Buzon : d\u00e9couvrez comment vos donn\u00e9es sont collect\u00e9es, utilis\u00e9es et prot\u00e9g\u00e9es selon les normes RGPD.\" \/>\n<meta property=\"og:url\" content=\"https:\/\/www.buzon-world.com\/fr\/politique-de-confidentialite\/\" \/>\n<meta property=\"og:site_name\" content=\"Buzon\" \/>\n<meta property=\"article:modified_time\" content=\"2025-11-12T09:10:22+00:00\" \/>\n<meta name=\"twitter:card\" content=\"summary_large_image\" \/>\n<meta name=\"twitter:label1\" content=\"Dur\u00e9e de lecture estim\u00e9e\" \/>\n\t<meta name=\"twitter:data1\" content=\"6 minutes\" \/>\n<script type=\"application\/ld+json\" class=\"yoast-schema-graph\">{\"@context\":\"https:\/\/schema.org\",\"@graph\":[{\"@type\":\"WebPage\",\"@id\":\"https:\/\/www.buzon-world.com\/fr\/politique-de-confidentialite\/\",\"url\":\"https:\/\/www.buzon-world.com\/fr\/politique-de-confidentialite\/\",\"name\":\"Politique de confidentialit\u00e9 Buzon | S\u00e9curit\u00e9 & transparence\",\"isPartOf\":{\"@id\":\"https:\/\/www.buzon-world.com\/fr\/#website\"},\"datePublished\":\"2022-07-04T13:06:58+00:00\",\"dateModified\":\"2025-11-12T09:10:22+00:00\",\"description\":\"Politique de confidentialit\u00e9 Buzon : d\u00e9couvrez comment vos donn\u00e9es sont collect\u00e9es, utilis\u00e9es et prot\u00e9g\u00e9es selon les normes RGPD.\",\"breadcrumb\":{\"@id\":\"https:\/\/www.buzon-world.com\/fr\/politique-de-confidentialite\/#breadcrumb\"},\"inLanguage\":\"fr-FR\",\"potentialAction\":[{\"@type\":\"ReadAction\",\"target\":[\"https:\/\/www.buzon-world.com\/fr\/politique-de-confidentialite\/\"]}]},{\"@type\":\"BreadcrumbList\",\"@id\":\"https:\/\/www.buzon-world.com\/fr\/politique-de-confidentialite\/#breadcrumb\",\"itemListElement\":[{\"@type\":\"ListItem\",\"position\":1,\"name\":\"Home\",\"item\":\"https:\/\/www.buzon-world.com\/fr\/\"},{\"@type\":\"ListItem\",\"position\":2,\"name\":\"Politique de confidentialit\u00e9\"}]},{\"@type\":\"WebSite\",\"@id\":\"https:\/\/www.buzon-world.com\/fr\/#website\",\"url\":\"https:\/\/www.buzon-world.com\/fr\/\",\"name\":\"Buzon\",\"description\":\"Just another WordPress site\",\"potentialAction\":[{\"@type\":\"SearchAction\",\"target\":{\"@type\":\"EntryPoint\",\"urlTemplate\":\"https:\/\/www.buzon-world.com\/fr\/?s={search_term_string}\"},\"query-input\":{\"@type\":\"PropertyValueSpecification\",\"valueRequired\":true,\"valueName\":\"search_term_string\"}}],\"inLanguage\":\"fr-FR\"}]}<\/script>\n<!-- \/ Yoast SEO plugin. -->","yoast_head_json":{"title":"Politique de confidentialit\u00e9 Buzon | S\u00e9curit\u00e9 & transparence","description":"Politique de confidentialit\u00e9 Buzon : d\u00e9couvrez comment vos donn\u00e9es sont collect\u00e9es, utilis\u00e9es et prot\u00e9g\u00e9es selon les normes RGPD.","robots":{"index":"index","follow":"follow","max-snippet":"max-snippet:-1","max-image-preview":"max-image-preview:large","max-video-preview":"max-video-preview:-1"},"canonical":"https:\/\/www.buzon-world.com\/fr\/politique-de-confidentialite\/","og_locale":"fr_FR","og_type":"article","og_title":"Politique de confidentialit\u00e9 Buzon | S\u00e9curit\u00e9 & transparence","og_description":"Politique de confidentialit\u00e9 Buzon : d\u00e9couvrez comment vos donn\u00e9es sont collect\u00e9es, utilis\u00e9es et prot\u00e9g\u00e9es selon les normes RGPD.","og_url":"https:\/\/www.buzon-world.com\/fr\/politique-de-confidentialite\/","og_site_name":"Buzon","article_modified_time":"2025-11-12T09:10:22+00:00","twitter_card":"summary_large_image","twitter_misc":{"Dur\u00e9e de lecture estim\u00e9e":"6 minutes"},"schema":{"@context":"https:\/\/schema.org","@graph":[{"@type":"WebPage","@id":"https:\/\/www.buzon-world.com\/fr\/politique-de-confidentialite\/","url":"https:\/\/www.buzon-world.com\/fr\/politique-de-confidentialite\/","name":"Politique de confidentialit\u00e9 Buzon | S\u00e9curit\u00e9 & transparence","isPartOf":{"@id":"https:\/\/www.buzon-world.com\/fr\/#website"},"datePublished":"2022-07-04T13:06:58+00:00","dateModified":"2025-11-12T09:10:22+00:00","description":"Politique de confidentialit\u00e9 Buzon : d\u00e9couvrez comment vos donn\u00e9es sont collect\u00e9es, utilis\u00e9es et prot\u00e9g\u00e9es selon les normes RGPD.","breadcrumb":{"@id":"https:\/\/www.buzon-world.com\/fr\/politique-de-confidentialite\/#breadcrumb"},"inLanguage":"fr-FR","potentialAction":[{"@type":"ReadAction","target":["https:\/\/www.buzon-world.com\/fr\/politique-de-confidentialite\/"]}]},{"@type":"BreadcrumbList","@id":"https:\/\/www.buzon-world.com\/fr\/politique-de-confidentialite\/#breadcrumb","itemListElement":[{"@type":"ListItem","position":1,"name":"Home","item":"https:\/\/www.buzon-world.com\/fr\/"},{"@type":"ListItem","position":2,"name":"Politique de confidentialit\u00e9"}]},{"@type":"WebSite","@id":"https:\/\/www.buzon-world.com\/fr\/#website","url":"https:\/\/www.buzon-world.com\/fr\/","name":"Buzon","description":"Just another WordPress site","potentialAction":[{"@type":"SearchAction","target":{"@type":"EntryPoint","urlTemplate":"https:\/\/www.buzon-world.com\/fr\/?s={search_term_string}"},"query-input":{"@type":"PropertyValueSpecification","valueRequired":true,"valueName":"search_term_string"}}],"inLanguage":"fr-FR"}]}},"_links":{"self":[{"href":"https:\/\/www.buzon-world.com\/fr\/wp-json\/wp\/v2\/pages\/10214","targetHints":{"allow":["GET"]}}],"collection":[{"href":"https:\/\/www.buzon-world.com\/fr\/wp-json\/wp\/v2\/pages"}],"about":[{"href":"https:\/\/www.buzon-world.com\/fr\/wp-json\/wp\/v2\/types\/page"}],"author":[{"embeddable":true,"href":"https:\/\/www.buzon-world.com\/fr\/wp-json\/wp\/v2\/users\/1"}],"replies":[{"embeddable":true,"href":"https:\/\/www.buzon-world.com\/fr\/wp-json\/wp\/v2\/comments?post=10214"}],"version-history":[{"count":6,"href":"https:\/\/www.buzon-world.com\/fr\/wp-json\/wp\/v2\/pages\/10214\/revisions"}],"predecessor-version":[{"id":33855,"href":"https:\/\/www.buzon-world.com\/fr\/wp-json\/wp\/v2\/pages\/10214\/revisions\/33855"}],"wp:attachment":[{"href":"https:\/\/www.buzon-world.com\/fr\/wp-json\/wp\/v2\/media?parent=10214"}],"wp:term":[{"taxonomy":"accesories_category","embeddable":true,"href":"https:\/\/www.buzon-world.com\/fr\/wp-json\/wp\/v2\/accesories_category?post=10214"},{"taxonomy":"sizes","embeddable":true,"href":"https:\/\/www.buzon-world.com\/fr\/wp-json\/wp\/v2\/sizes?post=10214"},{"taxonomy":"plot_serie","embeddable":true,"href":"https:\/\/www.buzon-world.com\/fr\/wp-json\/wp\/v2\/plot_serie?post=10214"},{"taxonomy":"accesories_category_type","embeddable":true,"href":"https:\/\/www.buzon-world.com\/fr\/wp-json\/wp\/v2\/accesories_category_type?post=10214"},{"taxonomy":"accessories_categories_subtype","embeddable":true,"href":"https:\/\/www.buzon-world.com\/fr\/wp-json\/wp\/v2\/accessories_categories_subtype?post=10214"},{"taxonomy":"accessories_categories_applica","embeddable":true,"href":"https:\/\/www.buzon-world.com\/fr\/wp-json\/wp\/v2\/accessories_categories_applica?post=10214"}],"curies":[{"name":"wp","href":"https:\/\/api.w.org\/{rel}","templated":true}]}}