{"id":10230,"date":"2022-07-05T15:41:44","date_gmt":"2022-07-05T13:41:44","guid":{"rendered":"https:\/\/www.buzon-world.com\/applications\/residential-terraces\/"},"modified":"2025-03-26T14:35:06","modified_gmt":"2025-03-26T12:35:06","slug":"terrasses-residentielles","status":"publish","type":"page","link":"https:\/\/www.buzon-world.com\/fr\/applications\/terrasses-residentielles\/","title":{"rendered":"Terrasses r\u00e9sidentielles"},"content":{"rendered":"<section class=\"l-section wpb_row height_medium\"><div class=\"l-section-h i-cf\"><div class=\"g-cols vc_row via_flex valign_top type_default stacking_default\"><div class=\"vc_col-sm-12 wpb_column vc_column_container\"><div class=\"vc_column-inner\"><div class=\"wpb_wrapper\"><div class=\"wpb_text_column\"><div class=\"wpb_wrapper\"><h1 class=\"p1\">Terrasses r\u00e9sidentielles<\/h1>\n<\/div><\/div><div class=\"w-separator size_small with_line width_default thick_1 style_solid color_border align_center\"><div class=\"w-separator-h\"><\/div><\/div><div class=\"w-grid us_grid blacksqgrid2 type_grid layout_10474 cols_3 preload_style_spinner\" id=\"us_grid_1\" style=\"--columns:3;--gap:1.5rem;\" data-filterable=\"true\"><style>@media (max-width:1024px){#us_grid_1{--columns:2!important}}@media (max-width:767px){#us_grid_1{--columns:1!important}}.layout_10474 .w-grid-item-h{}.layout_10474 .usg_post_title_1{margin-top:30px!important;margin-bottom:40px!important}<\/style><div class=\"w-grid-list\">\t<article class=\"w-grid-item size_1x1 post-58416 realisations type-realisations status-publish has-post-thumbnail hentry pedestal_type-pb-le-plot-reglable-des-terrasses-residentielles application-commercial-fr country-nigeria floor_surface-dalles-en-beton floor_surface-lames-de-terrasse-en-bois\" data-id=\"58416\">\r\n\t\t<div class=\"w-grid-item-h\">\r\n\t\t\t\t\t\t<div class=\"w-post-elm post_image usg_post_image_2 aspectsquare has_ratio\"><a href=\"https:\/\/www.buzon-world.com\/fr\/realisations\/afreximbank\/\" aria-label=\"Afreximbank\"><img loading=\"lazy\" decoding=\"async\" width=\"300\" height=\"225\" src=\"https:\/\/www.buzon-world.com\/wp-content\/uploads\/2026\/04\/DSC_5887-300x225.jpg\" class=\"attachment-medium size-medium wp-post-image\" alt=\"\" \/><\/a><div style=\"padding-bottom:50.9434%\"><\/div><\/div><h3 class=\"w-post-elm post_title usg_post_title_1 longline entry-title\"><a href=\"https:\/\/www.buzon-world.com\/fr\/realisations\/afreximbank\/\">Afreximbank<\/a><\/h3><a class=\"w-btn us-btn-style_3 usg_btn_1 buttonabsolutebottom\" href=\"https:\/\/www.buzon-world.com\/fr\/realisations\/afreximbank\/\"><span class=\"w-btn-label\">Plus d&rsquo;info<\/span><\/a>\t\t<\/div>\r\n\t\t\t<\/article>\r\n\t<article class=\"w-grid-item size_1x1 post-58310 realisations type-realisations status-publish has-post-thumbnail hentry pedestal_type-dph-le-plot-en-polypropylene-des-espaces-publics application-commercial-fr country-united-kingdom-fr floor_surface-lames-de-terrasse-en-bois\" data-id=\"58310\">\r\n\t\t<div class=\"w-grid-item-h\">\r\n\t\t\t\t\t\t<div class=\"w-post-elm post_image usg_post_image_2 aspectsquare has_ratio\"><a href=\"https:\/\/www.buzon-world.com\/fr\/realisations\/fulham-pier\/\" aria-label=\"Fulham Pier\"><img loading=\"lazy\" decoding=\"async\" width=\"300\" height=\"225\" src=\"https:\/\/www.buzon-world.com\/wp-content\/uploads\/2026\/02\/20260212-DPH-United-Kingdom-UK-Fulham-Pier-6-300x225.webp\" class=\"attachment-medium size-medium wp-post-image\" alt=\"\" \/><\/a><div style=\"padding-bottom:50.9434%\"><\/div><\/div><h3 class=\"w-post-elm post_title usg_post_title_1 longline entry-title\"><a href=\"https:\/\/www.buzon-world.com\/fr\/realisations\/fulham-pier\/\">Fulham Pier<\/a><\/h3><a class=\"w-btn us-btn-style_3 usg_btn_1 buttonabsolutebottom\" href=\"https:\/\/www.buzon-world.com\/fr\/realisations\/fulham-pier\/\"><span class=\"w-btn-label\">Plus d&rsquo;info<\/span><\/a>\t\t<\/div>\r\n\t\t\t<\/article>\r\n\t<article class=\"w-grid-item size_1x1 post-51583 realisations type-realisations status-publish has-post-thumbnail hentry pedestal_type-dph-polypropylene-pedestals-for-public-spaces application-commercial country-belgium floor_surface-concrete-slabs\" data-id=\"51583\">\r\n\t\t<div class=\"w-grid-item-h\">\r\n\t\t\t\t\t\t<div class=\"w-post-elm post_image usg_post_image_2 aspectsquare has_ratio\"><a href=\"https:\/\/www.buzon-world.com\/realisations\/mix-hotel-brussels\/\" aria-label=\"MIX Hotel Brussels\"><img loading=\"lazy\" decoding=\"async\" width=\"300\" height=\"225\" src=\"https:\/\/www.buzon-world.com\/wp-content\/uploads\/2026\/02\/20230615-DPH-Belgique-Bruxelles-Chantier-AXA-Dexville-65-300x225.jpg\" class=\"attachment-medium size-medium wp-post-image\" alt=\"\" \/><\/a><div style=\"padding-bottom:50.9434%\"><\/div><\/div><h3 class=\"w-post-elm post_title usg_post_title_1 longline entry-title\"><a href=\"https:\/\/www.buzon-world.com\/realisations\/mix-hotel-brussels\/\">MIX Hotel Brussels<\/a><\/h3><a class=\"w-btn us-btn-style_3 usg_btn_1 buttonabsolutebottom\" href=\"https:\/\/www.buzon-world.com\/realisations\/mix-hotel-brussels\/\"><span class=\"w-btn-label\">Plus d&rsquo;info<\/span><\/a>\t\t<\/div>\r\n\t\t\t<\/article>\r\n\t<article class=\"w-grid-item size_1x1 post-46882 post type-post status-publish format-standard has-post-thumbnail hentry category-non-classifiee\" data-id=\"46882\">\r\n\t\t<div class=\"w-grid-item-h\">\r\n\t\t\t\t\t\t<div class=\"w-post-elm post_image usg_post_image_2 aspectsquare has_ratio\"><a href=\"https:\/\/www.buzon-world.com\/fr\/buzon-expo-2025-osaka\/\" aria-label=\"Buzon pr\u00e9sente l&rsquo;innovation et la durabilit\u00e9 lors d&rsquo;un \u00e9v\u00e9nement exclusif au pavillon belge &#8211; Expo 2025 Osaka\"><img loading=\"lazy\" decoding=\"async\" width=\"300\" height=\"169\" src=\"https:\/\/www.buzon-world.com\/wp-content\/uploads\/2024\/11\/0pke88vc-300x169.jpg\" class=\"attachment-medium size-medium wp-post-image\" alt=\"\" \/><\/a><div style=\"padding-bottom:50.9434%\"><\/div><\/div><h3 class=\"w-post-elm post_title usg_post_title_1 longline entry-title\"><a href=\"https:\/\/www.buzon-world.com\/fr\/buzon-expo-2025-osaka\/\">Buzon pr\u00e9sente l&rsquo;innovation et la durabilit\u00e9 lors d&rsquo;un \u00e9v\u00e9nement exclusif au pavillon belge &#8211; Expo 2025 Osaka<\/a><\/h3><a class=\"w-btn us-btn-style_3 usg_btn_1 buttonabsolutebottom\" href=\"https:\/\/www.buzon-world.com\/fr\/buzon-expo-2025-osaka\/\"><span class=\"w-btn-label\">Plus d&rsquo;info<\/span><\/a>\t\t<\/div>\r\n\t\t\t<\/article>\r\n\t<article class=\"w-grid-item size_1x1 post-46739 technical type-technical status-publish hentry technical_range-pb technical_product_type-pedestals type_of_pdf-technical-data-sheet language-de product-pb-0-s12\" data-id=\"46739\">\r\n\t\t<div class=\"w-grid-item-h\">\r\n\t\t\t\t\t\t<div class=\"w-post-elm post_image usg_post_image_2 aspectsquare has_ratio with_placeholder\"><a href=\"https:\/\/www.buzon-world.com\/fr\/technical\/technisches-datenblatt-pb-0-s12\/\" aria-label=\"Technisches Datenblatt \u2013 PB-0-S12\"><img loading=\"lazy\" decoding=\"async\" width=\"300\" height=\"300\" src=\"https:\/\/www.buzon-world.com\/wp-content\/uploads\/2024\/01\/image-placeholder-300x300.jpg\" class=\"g-placeholder\" alt=\"\" \/><\/a><div style=\"padding-bottom:50.9434%\"><\/div><\/div><h3 class=\"w-post-elm post_title usg_post_title_1 longline entry-title\"><a href=\"https:\/\/www.buzon-world.com\/fr\/technical\/technisches-datenblatt-pb-0-s12\/\">Technisches Datenblatt \u2013 PB-0-S12<\/a><\/h3><a class=\"w-btn us-btn-style_3 usg_btn_1 buttonabsolutebottom\" href=\"https:\/\/www.buzon-world.com\/fr\/technical\/technisches-datenblatt-pb-0-s12\/\"><span class=\"w-btn-label\">Plus d&rsquo;info<\/span><\/a>\t\t<\/div>\r\n\t\t\t<\/article>\r\n\t<article class=\"w-grid-item size_1x1 post-46738 technical type-technical status-publish hentry technical_range-pb technical_product_type-pedestals type_of_pdf-technical-data-sheet language-nl product-pb-0-s12\" data-id=\"46738\">\r\n\t\t<div class=\"w-grid-item-h\">\r\n\t\t\t\t\t\t<div class=\"w-post-elm post_image usg_post_image_2 aspectsquare has_ratio with_placeholder\"><a href=\"https:\/\/www.buzon-world.com\/fr\/technical\/technische-fiche-pb-0-s12\/\" aria-label=\"Technische Fiche \u2013 PB-0-S12\"><img loading=\"lazy\" decoding=\"async\" width=\"300\" height=\"300\" src=\"https:\/\/www.buzon-world.com\/wp-content\/uploads\/2024\/01\/image-placeholder-300x300.jpg\" class=\"g-placeholder\" alt=\"\" \/><\/a><div style=\"padding-bottom:50.9434%\"><\/div><\/div><h3 class=\"w-post-elm post_title usg_post_title_1 longline entry-title\"><a href=\"https:\/\/www.buzon-world.com\/fr\/technical\/technische-fiche-pb-0-s12\/\">Technische Fiche \u2013 PB-0-S12<\/a><\/h3><a class=\"w-btn us-btn-style_3 usg_btn_1 buttonabsolutebottom\" href=\"https:\/\/www.buzon-world.com\/fr\/technical\/technische-fiche-pb-0-s12\/\"><span class=\"w-btn-label\">Plus d&rsquo;info<\/span><\/a>\t\t<\/div>\r\n\t\t\t<\/article>\r\n\t<article class=\"w-grid-item size_1x1 post-46737 technical type-technical status-publish hentry technical_range-pb technical_product_type-pedestals type_of_pdf-technical-data-sheet language-en product-pb-0-s12\" data-id=\"46737\">\r\n\t\t<div class=\"w-grid-item-h\">\r\n\t\t\t\t\t\t<div class=\"w-post-elm post_image usg_post_image_2 aspectsquare has_ratio with_placeholder\"><a href=\"https:\/\/www.buzon-world.com\/fr\/technical\/technical-data-sheet-pb-0-s12\/\" aria-label=\"Technical Data Sheet \u2013 PB-0-S12\"><img loading=\"lazy\" decoding=\"async\" width=\"300\" height=\"300\" src=\"https:\/\/www.buzon-world.com\/wp-content\/uploads\/2024\/01\/image-placeholder-300x300.jpg\" class=\"g-placeholder\" alt=\"\" \/><\/a><div style=\"padding-bottom:50.9434%\"><\/div><\/div><h3 class=\"w-post-elm post_title usg_post_title_1 longline entry-title\"><a href=\"https:\/\/www.buzon-world.com\/fr\/technical\/technical-data-sheet-pb-0-s12\/\">Technical Data Sheet \u2013 PB-0-S12<\/a><\/h3><a class=\"w-btn us-btn-style_3 usg_btn_1 buttonabsolutebottom\" href=\"https:\/\/www.buzon-world.com\/fr\/technical\/technical-data-sheet-pb-0-s12\/\"><span class=\"w-btn-label\">Plus d&rsquo;info<\/span><\/a>\t\t<\/div>\r\n\t\t\t<\/article>\r\n\t<article class=\"w-grid-item size_1x1 post-46736 technical type-technical status-publish hentry technical_range-pb technical_product_type-pedestals type_of_pdf-technical-data-sheet language-fr product-pb-0-s12\" data-id=\"46736\">\r\n\t\t<div class=\"w-grid-item-h\">\r\n\t\t\t\t\t\t<div class=\"w-post-elm post_image usg_post_image_2 aspectsquare has_ratio with_placeholder\"><a href=\"https:\/\/www.buzon-world.com\/fr\/technical\/fiche-technique-pb-0-s12\/\" aria-label=\"Fiche Technique \u2013 PB-0-S12\"><img loading=\"lazy\" decoding=\"async\" width=\"300\" height=\"300\" src=\"https:\/\/www.buzon-world.com\/wp-content\/uploads\/2024\/01\/image-placeholder-300x300.jpg\" class=\"g-placeholder\" alt=\"\" \/><\/a><div style=\"padding-bottom:50.9434%\"><\/div><\/div><h3 class=\"w-post-elm post_title usg_post_title_1 longline entry-title\"><a href=\"https:\/\/www.buzon-world.com\/fr\/technical\/fiche-technique-pb-0-s12\/\">Fiche Technique \u2013 PB-0-S12<\/a><\/h3><a class=\"w-btn us-btn-style_3 usg_btn_1 buttonabsolutebottom\" href=\"https:\/\/www.buzon-world.com\/fr\/technical\/fiche-technique-pb-0-s12\/\"><span class=\"w-btn-label\">Plus d&rsquo;info<\/span><\/a>\t\t<\/div>\r\n\t\t\t<\/article>\r\n\t<article class=\"w-grid-item size_1x1 post-46783 page type-page status-publish hentry\" data-id=\"46783\">\r\n\t\t<div class=\"w-grid-item-h\">\r\n\t\t\t\t\t\t<div class=\"w-post-elm post_image usg_post_image_2 aspectsquare has_ratio with_placeholder\"><a href=\"https:\/\/www.buzon-world.com\/fr\/calculateur\/\" aria-label=\"Nouveau calculateur Buzon\"><img loading=\"lazy\" decoding=\"async\" width=\"300\" height=\"300\" src=\"https:\/\/www.buzon-world.com\/wp-content\/uploads\/2024\/01\/image-placeholder-300x300.jpg\" class=\"g-placeholder\" alt=\"\" \/><\/a><div style=\"padding-bottom:50.9434%\"><\/div><\/div><h3 class=\"w-post-elm post_title usg_post_title_1 longline entry-title\"><a href=\"https:\/\/www.buzon-world.com\/fr\/calculateur\/\">Nouveau calculateur Buzon<\/a><\/h3><a class=\"w-btn us-btn-style_3 usg_btn_1 buttonabsolutebottom\" href=\"https:\/\/www.buzon-world.com\/fr\/calculateur\/\"><span class=\"w-btn-label\">Plus d&rsquo;info<\/span><\/a>\t\t<\/div>\r\n\t\t\t<\/article>\r\n\t<article class=\"w-grid-item size_1x1 post-45801 featured_carousel type-featured_carousel status-publish has-post-thumbnail hentry\" data-id=\"45801\">\r\n\t\t<div class=\"w-grid-item-h\">\r\n\t\t\t\t\t\t<div class=\"w-post-elm post_image usg_post_image_2 aspectsquare has_ratio\"><a href=\"https:\/\/www.buzon-world.com\/fr\/featured_carousel\/nouveau-calculateur-buzon\/\" aria-label=\"Nouveau calculateur Buzon !\"><img loading=\"lazy\" decoding=\"async\" width=\"300\" height=\"225\" src=\"https:\/\/www.buzon-world.com\/wp-content\/uploads\/2025\/04\/Mockup-calculateur-300x225.jpg\" class=\"attachment-medium size-medium wp-post-image\" alt=\"\" \/><\/a><div style=\"padding-bottom:50.9434%\"><\/div><\/div><h3 class=\"w-post-elm post_title usg_post_title_1 longline entry-title\"><a href=\"https:\/\/www.buzon-world.com\/fr\/featured_carousel\/nouveau-calculateur-buzon\/\">Nouveau calculateur Buzon !<\/a><\/h3><a class=\"w-btn us-btn-style_3 usg_btn_1 buttonabsolutebottom\" href=\"https:\/\/www.buzon-world.com\/fr\/featured_carousel\/nouveau-calculateur-buzon\/\"><span class=\"w-btn-label\">Plus d&rsquo;info<\/span><\/a>\t\t<\/div>\r\n\t\t\t<\/article>\r\n<\/div>\t<div class=\"w-grid-preloader\">\r\n\t\t<div class=\"g-preloader type_1\">\r\n\t\t\t<div><\/div>\r\n\t\t<\/div>\r\n\t<\/div>\r\n\t\t<div class=\"w-grid-json hidden\" onclick='return {&quot;action&quot;:&quot;us_ajax_grid&quot;,&quot;infinite_scroll&quot;:0,&quot;max_num_pages&quot;:258,&quot;pagination&quot;:&quot;none&quot;,&quot;template_vars&quot;:{&quot;columns&quot;:&quot;3&quot;,&quot;exclude_items&quot;:&quot;none&quot;,&quot;img_size&quot;:&quot;default&quot;,&quot;ignore_items_size&quot;:0,&quot;items_layout&quot;:&quot;10474&quot;,&quot;items_offset&quot;:&quot;1&quot;,&quot;load_animation&quot;:&quot;none&quot;,&quot;overriding_link&quot;:&quot;%7B%22url%22%3A%22%22%7D&quot;,&quot;post_id&quot;:0,&quot;query_args&quot;:{&quot;post_parent&quot;:0,&quot;post_type&quot;:&quot;any&quot;,&quot;ignore_sticky_posts&quot;:1,&quot;posts_per_page&quot;:&quot;10&quot;},&quot;orderby_query_args&quot;:{&quot;orderby&quot;:{&quot;date&quot;:&quot;DESC&quot;}},&quot;type&quot;:&quot;grid&quot;,&quot;us_grid_post_type&quot;:&quot;current_child_pages&quot;,&quot;us_grid_ajax_index&quot;:1,&quot;us_grid_filter_query_string&quot;:null,&quot;us_grid_index&quot;:1,&quot;page_args&quot;:[],&quot;lang&quot;:&quot;fr&quot;}}'><\/div>\r\n\t<\/div><\/div><\/div><\/div><\/div><\/div><\/section>\n","protected":false},"excerpt":{"rendered":"Le secret d\u2019une terrasse sur plots r\u00e9ussie ? Une pr\u00e9paration optimale ! C\u2019est pourquoi, le calculateur Buzon \u00e9volue pour vous offrir une exp\u00e9rience encore plus compl\u00e8te, pr\u00e9cise et performante. Con\u00e7u pour r\u00e9pondre \u00e0 toutes vos exigences, l\u2019outil vous guide pas \u00e0 pas dans la pr\u00e9paration et la r\u00e9alisation de votre terrasse sur plots ! Plus...","protected":false},"author":1,"featured_media":327,"parent":10223,"menu_order":0,"comment_status":"closed","ping_status":"closed","template":"","meta":{"_acf_changed":false,"footnotes":""},"accesories_category":[],"sizes":[],"plot_serie":[],"accesories_category_type":[],"accessories_categories_subtype":[],"accessories_categories_applica":[],"class_list":["post-10230","page","type-page","status-publish","has-post-thumbnail","hentry"],"acf":[],"yoast_head":"<!-- This site is optimized with the Yoast SEO plugin v27.4 - https:\/\/yoast.com\/product\/yoast-seo-wordpress\/ -->\n<title>Terrasses Residentielles | Buzon supports de terrasse<\/title>\n<meta name=\"description\" content=\"Depuis plus de 35 ans, Buzon se consacre \u00e0 la conception, au d\u00e9veloppement et \u00e0 la fabrication de socles pour terrasses r\u00e9sidentielles.\" \/>\n<meta name=\"robots\" content=\"index, follow, max-snippet:-1, max-image-preview:large, max-video-preview:-1\" \/>\n<link rel=\"canonical\" href=\"https:\/\/www.buzon-world.com\/fr\/applications\/terrasses-residentielles\/\" \/>\n<meta property=\"og:locale\" content=\"fr_FR\" \/>\n<meta property=\"og:type\" content=\"article\" \/>\n<meta property=\"og:title\" content=\"Terrasses Residentielles | Buzon supports de terrasse\" \/>\n<meta property=\"og:description\" content=\"Depuis plus de 35 ans, Buzon se consacre \u00e0 la conception, au d\u00e9veloppement et \u00e0 la fabrication de socles pour terrasses r\u00e9sidentielles.\" \/>\n<meta property=\"og:url\" content=\"https:\/\/www.buzon-world.com\/fr\/applications\/terrasses-residentielles\/\" \/>\n<meta property=\"og:site_name\" content=\"Buzon\" \/>\n<meta property=\"article:modified_time\" content=\"2025-03-26T12:35:06+00:00\" \/>\n<meta property=\"og:image\" content=\"https:\/\/www.buzon-world.com\/wp-content\/uploads\/2022\/07\/residential-terraces.jpg\" \/>\n\t<meta property=\"og:image:width\" content=\"927\" \/>\n\t<meta property=\"og:image:height\" content=\"515\" \/>\n\t<meta property=\"og:image:type\" content=\"image\/jpeg\" \/>\n<meta name=\"twitter:card\" content=\"summary_large_image\" \/>\n<meta name=\"twitter:label1\" content=\"Dur\u00e9e de lecture estim\u00e9e\" \/>\n\t<meta name=\"twitter:data1\" content=\"1 minute\" \/>\n<script type=\"application\/ld+json\" class=\"yoast-schema-graph\">{\"@context\":\"https:\\\/\\\/schema.org\",\"@graph\":[{\"@type\":\"WebPage\",\"@id\":\"https:\\\/\\\/www.buzon-world.com\\\/fr\\\/applications\\\/terrasses-residentielles\\\/\",\"url\":\"https:\\\/\\\/www.buzon-world.com\\\/fr\\\/applications\\\/terrasses-residentielles\\\/\",\"name\":\"Terrasses Residentielles | Buzon supports de terrasse\",\"isPartOf\":{\"@id\":\"https:\\\/\\\/www.buzon-world.com\\\/fr\\\/#website\"},\"primaryImageOfPage\":{\"@id\":\"https:\\\/\\\/www.buzon-world.com\\\/fr\\\/applications\\\/terrasses-residentielles\\\/#primaryimage\"},\"image\":{\"@id\":\"https:\\\/\\\/www.buzon-world.com\\\/fr\\\/applications\\\/terrasses-residentielles\\\/#primaryimage\"},\"thumbnailUrl\":\"https:\\\/\\\/www.buzon-world.com\\\/wp-content\\\/uploads\\\/2022\\\/07\\\/residential-terraces.jpg\",\"datePublished\":\"2022-07-05T13:41:44+00:00\",\"dateModified\":\"2025-03-26T12:35:06+00:00\",\"description\":\"Depuis plus de 35 ans, Buzon se consacre \u00e0 la conception, au d\u00e9veloppement et \u00e0 la fabrication de socles pour terrasses r\u00e9sidentielles.\",\"breadcrumb\":{\"@id\":\"https:\\\/\\\/www.buzon-world.com\\\/fr\\\/applications\\\/terrasses-residentielles\\\/#breadcrumb\"},\"inLanguage\":\"fr-FR\",\"potentialAction\":[{\"@type\":\"ReadAction\",\"target\":[\"https:\\\/\\\/www.buzon-world.com\\\/fr\\\/applications\\\/terrasses-residentielles\\\/\"]}]},{\"@type\":\"ImageObject\",\"inLanguage\":\"fr-FR\",\"@id\":\"https:\\\/\\\/www.buzon-world.com\\\/fr\\\/applications\\\/terrasses-residentielles\\\/#primaryimage\",\"url\":\"https:\\\/\\\/www.buzon-world.com\\\/wp-content\\\/uploads\\\/2022\\\/07\\\/residential-terraces.jpg\",\"contentUrl\":\"https:\\\/\\\/www.buzon-world.com\\\/wp-content\\\/uploads\\\/2022\\\/07\\\/residential-terraces.jpg\",\"width\":927,\"height\":515},{\"@type\":\"BreadcrumbList\",\"@id\":\"https:\\\/\\\/www.buzon-world.com\\\/fr\\\/applications\\\/terrasses-residentielles\\\/#breadcrumb\",\"itemListElement\":[{\"@type\":\"ListItem\",\"position\":1,\"name\":\"Home\",\"item\":\"https:\\\/\\\/www.buzon-world.com\\\/fr\\\/\"},{\"@type\":\"ListItem\",\"position\":2,\"name\":\"Applications\",\"item\":\"https:\\\/\\\/www.buzon-world.com\\\/fr\\\/applications\\\/\"},{\"@type\":\"ListItem\",\"position\":3,\"name\":\"Terrasses r\u00e9sidentielles\"}]},{\"@type\":\"WebSite\",\"@id\":\"https:\\\/\\\/www.buzon-world.com\\\/fr\\\/#website\",\"url\":\"https:\\\/\\\/www.buzon-world.com\\\/fr\\\/\",\"name\":\"Buzon\",\"description\":\"Just another WordPress site\",\"potentialAction\":[{\"@type\":\"SearchAction\",\"target\":{\"@type\":\"EntryPoint\",\"urlTemplate\":\"https:\\\/\\\/www.buzon-world.com\\\/fr\\\/?s={search_term_string}\"},\"query-input\":{\"@type\":\"PropertyValueSpecification\",\"valueRequired\":true,\"valueName\":\"search_term_string\"}}],\"inLanguage\":\"fr-FR\"}]}<\/script>\n<!-- \/ Yoast SEO plugin. -->","yoast_head_json":{"title":"Terrasses Residentielles | Buzon supports de terrasse","description":"Depuis plus de 35 ans, Buzon se consacre \u00e0 la conception, au d\u00e9veloppement et \u00e0 la fabrication de socles pour terrasses r\u00e9sidentielles.","robots":{"index":"index","follow":"follow","max-snippet":"max-snippet:-1","max-image-preview":"max-image-preview:large","max-video-preview":"max-video-preview:-1"},"canonical":"https:\/\/www.buzon-world.com\/fr\/applications\/terrasses-residentielles\/","og_locale":"fr_FR","og_type":"article","og_title":"Terrasses Residentielles | Buzon supports de terrasse","og_description":"Depuis plus de 35 ans, Buzon se consacre \u00e0 la conception, au d\u00e9veloppement et \u00e0 la fabrication de socles pour terrasses r\u00e9sidentielles.","og_url":"https:\/\/www.buzon-world.com\/fr\/applications\/terrasses-residentielles\/","og_site_name":"Buzon","article_modified_time":"2025-03-26T12:35:06+00:00","og_image":[{"width":927,"height":515,"url":"https:\/\/www.buzon-world.com\/wp-content\/uploads\/2022\/07\/residential-terraces.jpg","type":"image\/jpeg"}],"twitter_card":"summary_large_image","twitter_misc":{"Dur\u00e9e de lecture estim\u00e9e":"1 minute"},"schema":{"@context":"https:\/\/schema.org","@graph":[{"@type":"WebPage","@id":"https:\/\/www.buzon-world.com\/fr\/applications\/terrasses-residentielles\/","url":"https:\/\/www.buzon-world.com\/fr\/applications\/terrasses-residentielles\/","name":"Terrasses Residentielles | Buzon supports de terrasse","isPartOf":{"@id":"https:\/\/www.buzon-world.com\/fr\/#website"},"primaryImageOfPage":{"@id":"https:\/\/www.buzon-world.com\/fr\/applications\/terrasses-residentielles\/#primaryimage"},"image":{"@id":"https:\/\/www.buzon-world.com\/fr\/applications\/terrasses-residentielles\/#primaryimage"},"thumbnailUrl":"https:\/\/www.buzon-world.com\/wp-content\/uploads\/2022\/07\/residential-terraces.jpg","datePublished":"2022-07-05T13:41:44+00:00","dateModified":"2025-03-26T12:35:06+00:00","description":"Depuis plus de 35 ans, Buzon se consacre \u00e0 la conception, au d\u00e9veloppement et \u00e0 la fabrication de socles pour terrasses r\u00e9sidentielles.","breadcrumb":{"@id":"https:\/\/www.buzon-world.com\/fr\/applications\/terrasses-residentielles\/#breadcrumb"},"inLanguage":"fr-FR","potentialAction":[{"@type":"ReadAction","target":["https:\/\/www.buzon-world.com\/fr\/applications\/terrasses-residentielles\/"]}]},{"@type":"ImageObject","inLanguage":"fr-FR","@id":"https:\/\/www.buzon-world.com\/fr\/applications\/terrasses-residentielles\/#primaryimage","url":"https:\/\/www.buzon-world.com\/wp-content\/uploads\/2022\/07\/residential-terraces.jpg","contentUrl":"https:\/\/www.buzon-world.com\/wp-content\/uploads\/2022\/07\/residential-terraces.jpg","width":927,"height":515},{"@type":"BreadcrumbList","@id":"https:\/\/www.buzon-world.com\/fr\/applications\/terrasses-residentielles\/#breadcrumb","itemListElement":[{"@type":"ListItem","position":1,"name":"Home","item":"https:\/\/www.buzon-world.com\/fr\/"},{"@type":"ListItem","position":2,"name":"Applications","item":"https:\/\/www.buzon-world.com\/fr\/applications\/"},{"@type":"ListItem","position":3,"name":"Terrasses r\u00e9sidentielles"}]},{"@type":"WebSite","@id":"https:\/\/www.buzon-world.com\/fr\/#website","url":"https:\/\/www.buzon-world.com\/fr\/","name":"Buzon","description":"Just another WordPress site","potentialAction":[{"@type":"SearchAction","target":{"@type":"EntryPoint","urlTemplate":"https:\/\/www.buzon-world.com\/fr\/?s={search_term_string}"},"query-input":{"@type":"PropertyValueSpecification","valueRequired":true,"valueName":"search_term_string"}}],"inLanguage":"fr-FR"}]}},"_links":{"self":[{"href":"https:\/\/www.buzon-world.com\/fr\/wp-json\/wp\/v2\/pages\/10230","targetHints":{"allow":["GET"]}}],"collection":[{"href":"https:\/\/www.buzon-world.com\/fr\/wp-json\/wp\/v2\/pages"}],"about":[{"href":"https:\/\/www.buzon-world.com\/fr\/wp-json\/wp\/v2\/types\/page"}],"author":[{"embeddable":true,"href":"https:\/\/www.buzon-world.com\/fr\/wp-json\/wp\/v2\/users\/1"}],"replies":[{"embeddable":true,"href":"https:\/\/www.buzon-world.com\/fr\/wp-json\/wp\/v2\/comments?post=10230"}],"version-history":[{"count":2,"href":"https:\/\/www.buzon-world.com\/fr\/wp-json\/wp\/v2\/pages\/10230\/revisions"}],"predecessor-version":[{"id":19313,"href":"https:\/\/www.buzon-world.com\/fr\/wp-json\/wp\/v2\/pages\/10230\/revisions\/19313"}],"up":[{"embeddable":true,"href":"https:\/\/www.buzon-world.com\/fr\/wp-json\/wp\/v2\/pages\/10223"}],"wp:featuredmedia":[{"embeddable":true,"href":"https:\/\/www.buzon-world.com\/fr\/wp-json\/wp\/v2\/media\/327"}],"wp:attachment":[{"href":"https:\/\/www.buzon-world.com\/fr\/wp-json\/wp\/v2\/media?parent=10230"}],"wp:term":[{"taxonomy":"accesories_category","embeddable":true,"href":"https:\/\/www.buzon-world.com\/fr\/wp-json\/wp\/v2\/accesories_category?post=10230"},{"taxonomy":"sizes","embeddable":true,"href":"https:\/\/www.buzon-world.com\/fr\/wp-json\/wp\/v2\/sizes?post=10230"},{"taxonomy":"plot_serie","embeddable":true,"href":"https:\/\/www.buzon-world.com\/fr\/wp-json\/wp\/v2\/plot_serie?post=10230"},{"taxonomy":"accesories_category_type","embeddable":true,"href":"https:\/\/www.buzon-world.com\/fr\/wp-json\/wp\/v2\/accesories_category_type?post=10230"},{"taxonomy":"accessories_categories_subtype","embeddable":true,"href":"https:\/\/www.buzon-world.com\/fr\/wp-json\/wp\/v2\/accessories_categories_subtype?post=10230"},{"taxonomy":"accessories_categories_applica","embeddable":true,"href":"https:\/\/www.buzon-world.com\/fr\/wp-json\/wp\/v2\/accessories_categories_applica?post=10230"}],"curies":[{"name":"wp","href":"https:\/\/api.w.org\/{rel}","templated":true}]}}