{"id":10232,"date":"2022-10-18T15:10:02","date_gmt":"2022-10-18T13:10:02","guid":{"rendered":"https:\/\/www.buzon-world.com\/applications\/public-terraces\/wood-or-composite-terrace\/"},"modified":"2025-03-26T14:41:15","modified_gmt":"2025-03-26T12:41:15","slug":"terrasse-en-bois-ou-composite","status":"publish","type":"page","link":"https:\/\/www.buzon-world.com\/fr\/applications\/espaces-publics\/terrasse-en-bois-ou-composite\/","title":{"rendered":"Terrasse en bois ou composite"},"content":{"rendered":"<section class=\"l-section wpb_row height_auto\"><div class=\"l-section-h i-cf\"><div class=\"g-cols vc_row via_flex valign_top type_default stacking_default\"><div class=\"vc_col-sm-12 wpb_column vc_column_container\"><div class=\"vc_column-inner\"><div class=\"wpb_wrapper\">[vc_raw_html]JTVCd3BzZW9fYnJlYWRjcnVtYiU1RA==[\/vc_raw_html]<\/div><\/div><\/div><\/div><\/div><\/section><section class=\"l-section wpb_row height_medium\"><div class=\"l-section-h i-cf\"><div class=\"g-cols vc_row via_flex valign_top type_default stacking_default\"><div class=\"vc_col-sm-12 wpb_column vc_column_container\"><div class=\"vc_column-inner\"><div class=\"wpb_wrapper\"><div class=\"wpb_text_column longline\"><div class=\"wpb_wrapper\"><h2>Terrasse en bois ou composite<\/h2>\n<\/div><\/div><div class=\"w-separator size_medium\"><\/div><div class=\"w-grid us_grid blacksqgrid2 type_grid layout_10477 cols_2 preload_style_spinner\" id=\"us_grid_1\" style=\"--columns:2;--gap:25px;\"><style>@media (max-width:786px){#us_grid_1{--columns:1!important}}.layout_10477 .w-grid-item-h{}.layout_10477 .usg_post_custom_field_1{margin-top:30px!important;margin-bottom:30px!important}.layout_10477 .usg_post_custom_field_3{font-weight:700!important}<\/style><div class=\"w-grid-list\">\t<article class=\"w-grid-item size_1x1 post-10328 page type-page status-publish has-post-thumbnail hentry accesories_category-serie-pb accesories_category-serie-dph accesories_category-accessoires-de-base accesories_category-terrasse-en-dalles-sur-lambourdes-2 accesories_category-terrasse-en-bois-ou-composite-2 accesories_category-terrasse-en-bois-ou-composite accesories_category-accessoires-de-base-2 accesories_category_type-serie-pb accesories_category_type-serie-dph accessories_categories_subtype-accessoires-de-base accessories_categories_applica-terrasse-en-dalles-sur-lambourdes accessories_categories_applica-terrasse-en-bois-ou-composite\" data-id=\"10328\">\r\n\t\t<div class=\"w-grid-item-h\">\r\n\t\t\t\t\t\t<div class=\"w-post-elm post_image usg_post_image_2 aspectsquare has_ratio\"><a href=\"https:\/\/www.buzon-world.com\/fr\/produits\/e-brs-system\/u-brs-wood-m\/\" aria-label=\"U-BRS-WOOD-M\"><img loading=\"lazy\" decoding=\"async\" width=\"2000\" height=\"2000\" src=\"https:\/\/www.buzon-world.com\/wp-content\/uploads\/2023\/12\/U-BRS-24MM-WOOD-M-PACKSHOT.jpg\" class=\"attachment-full size-full wp-post-image\" alt=\"\" \/><\/a><div style=\"padding-bottom:50.9434%\"><\/div><\/div><h3 class=\"w-post-elm post_custom_field usg_post_custom_field_1 longline type_text grid_title color_link_inherit\"><span class=\"w-post-elm-value\">Lambourde pour bois - Naturel<\/span><\/h3><p class=\"w-post-elm post_custom_field usg_post_custom_field_2 type_text advantages color_link_inherit\"><span class=\"w-post-elm-before\">Advantages: <\/span><span class=\"w-post-elm-value\"><ul>\n<li>Installation rapide et facile<\/li>\n<li>Solution durable<\/li>\n<li>Assure une grande stabilit\u00e9 des d\u00e9bords de toit<\/li>\n<li>Possibilit\u00e9 de poser des dalles en bois de grand format<\/li>\n<li>Respect de la membrane d&rsquo;\u00e9tanch\u00e9it\u00e9<\/li>\n<li>Accessoires pour la finition de la terrasse<\/li>\n<\/ul>\n<\/span><\/p><div class=\"w-html usg_html_2\"><br><\/div><span class=\"w-post-elm post_custom_field usg_post_custom_field_3 type_text extra_info_ color_link_inherit\"><p>N\u00e9cessite l&rsquo;utilisation de plots PB.<\/p>\n<p>Les planches de bois et leurs fixations ne sont pas fournies par Buzon.<\/p>\n<\/span><div class=\"w-html usg_html_3\"><br><\/div><span class=\"w-post-elm post_custom_field usg_post_custom_field_4 type_text revetements color_link_inherit\"><span class=\"w-post-elm-before\">Coating: <\/span><span class=\"w-post-elm-value\">bois naturel ou composite<\/span><\/span><div class=\"w-html usg_html_1\"><br><\/div><a class=\"w-btn us-btn-style_3 usg_btn_1 buttonabsolutebottom\" href=\"https:\/\/www.buzon-world.com\/fr\/produits\/e-brs-system\/u-brs-wood-m\/\"><span class=\"w-btn-label\">More info<\/span><\/a>\t\t<\/div>\r\n\t\t\t<\/article>\r\n\t<article class=\"w-grid-item size_1x1 post-10318 page type-page status-publish has-post-thumbnail hentry accesories_category-serie-pb accesories_category-serie-dph accesories_category-accessoires-de-base accesories_category-terrasse-en-dalles-sur-lambourdes-2 accesories_category-terrasse-en-bois-ou-composite-2 accesories_category-terrasse-en-bois-ou-composite accesories_category-accessoires-de-base-2 accesories_category_type-serie-pb accesories_category_type-serie-dph accessories_categories_subtype-accessoires-de-base accessories_categories_applica-terrasse-en-dalles-sur-lambourdes accessories_categories_applica-terrasse-en-bois-ou-composite\" data-id=\"10318\">\r\n\t\t<div class=\"w-grid-item-h\">\r\n\t\t\t\t\t\t<div class=\"w-post-elm post_image usg_post_image_2 aspectsquare has_ratio\"><a href=\"https:\/\/www.buzon-world.com\/fr\/produits\/e-brs-system\/u-brs-wood-b\/\" aria-label=\"U-BRS-WOOD-B\"><img loading=\"lazy\" decoding=\"async\" width=\"2000\" height=\"2000\" src=\"https:\/\/www.buzon-world.com\/wp-content\/uploads\/2023\/12\/U-BRS-24MM-WOOD-B-PACKSHOT.jpg\" class=\"attachment-full size-full wp-post-image\" alt=\"\" \/><\/a><div style=\"padding-bottom:50.9434%\"><\/div><\/div><h3 class=\"w-post-elm post_custom_field usg_post_custom_field_1 longline type_text grid_title color_link_inherit\"><span class=\"w-post-elm-value\">Lambourde pour bois \u2013 Noir<\/span><\/h3><p class=\"w-post-elm post_custom_field usg_post_custom_field_2 type_text advantages color_link_inherit\"><span class=\"w-post-elm-before\">Advantages: <\/span><span class=\"w-post-elm-value\"><ul>\n<li>Installation rapide et facile<\/li>\n<li>Solution durable<\/li>\n<li>Assure une grande stabilit\u00e9 des d\u00e9bords de toit<\/li>\n<li>Possibilit\u00e9 de poser des dalles en bois de grand format<\/li>\n<li>Respect de la membrane d&rsquo;\u00e9tanch\u00e9it\u00e9<\/li>\n<li>Accessoires pour la finition de la terrasse<\/li>\n<li>Evite les reflets<\/li>\n<li>Meilleure r\u00e9sistance \u00e0 l&rsquo;\u00e9rosion<\/li>\n<li>R\u00e9sistance \u00e0 la corrosion (chlore, b\u00e9ton humide, eau de mer, sable et sel)<\/li>\n<\/ul>\n<\/span><\/p><div class=\"w-html usg_html_2\"><br><\/div><span class=\"w-post-elm post_custom_field usg_post_custom_field_3 type_text extra_info_ color_link_inherit\"><p><strong>N\u00e9cessite l&rsquo;utilisation de socles PB.<\/strong><\/p>\n<p><strong>Les planches de bois et leurs fixations ne sont pas fournies par Buzon.<\/strong><\/p>\n<\/span><div class=\"w-html usg_html_3\"><br><\/div><span class=\"w-post-elm post_custom_field usg_post_custom_field_4 type_text revetements color_link_inherit\"><span class=\"w-post-elm-before\">Coating: <\/span><span class=\"w-post-elm-value\">bois naturel ou composite<\/span><\/span><div class=\"w-html usg_html_1\"><br><\/div><a class=\"w-btn us-btn-style_3 usg_btn_1 buttonabsolutebottom\" href=\"https:\/\/www.buzon-world.com\/fr\/produits\/e-brs-system\/u-brs-wood-b\/\"><span class=\"w-btn-label\">More info<\/span><\/a>\t\t<\/div>\r\n\t\t\t<\/article>\r\n\t<article class=\"w-grid-item size_1x1 post-10251 page type-page status-publish has-post-thumbnail hentry accesories_category-serie-pb accesories_category-serie-dph accesories_category-accessoires-de-base accesories_category-terrasse-en-bois-ou-composite-2 accesories_category-terrasse-en-bois-ou-composite accesories_category-accessoires-de-base-2 accesories_category_type-serie-pb accesories_category_type-serie-dph accessories_categories_subtype-accessoires-de-base accessories_categories_applica-terrasse-en-bois-ou-composite\" data-id=\"10251\">\r\n\t\t<div class=\"w-grid-item-h\">\r\n\t\t\t\t\t\t<div class=\"w-post-elm post_image usg_post_image_2 aspectsquare has_ratio\"><a href=\"https:\/\/www.buzon-world.com\/fr\/produits\/accessoires\/accessoires-dph\/dph-kit-5\/\" aria-label=\"DPH-KIT-5\"><img loading=\"lazy\" decoding=\"async\" width=\"595\" height=\"303\" src=\"https:\/\/www.buzon-world.com\/wp-content\/uploads\/2023\/05\/overview-page-DPH-WOOD-DPH-KIT-5.png\" class=\"attachment-full size-full wp-post-image\" alt=\"\" \/><\/a><div style=\"padding-bottom:50.9434%\"><\/div><\/div><h3 class=\"w-post-elm post_custom_field usg_post_custom_field_1 longline type_text grid_title color_link_inherit\"><span class=\"w-post-elm-value\">Guide pour lambourdes en bois<\/span><\/h3><p class=\"w-post-elm post_custom_field usg_post_custom_field_2 type_text advantages color_link_inherit\"><span class=\"w-post-elm-before\">Advantages: <\/span><span class=\"w-post-elm-value\"><ul>\n<li>Installation rapide et facile<\/li>\n<li>Solution durable<\/li>\n<li>Possibilit\u00e9 de fixer la solive<\/li>\n<li>Assure une grande stabilit\u00e9<\/li>\n<\/ul>\n<\/span><\/p><div class=\"w-html usg_html_2\"><br><\/div><span class=\"w-post-elm post_custom_field usg_post_custom_field_3 type_text extra_info_ color_link_inherit\"><p>Les lambourdes en bois ne sont pas fournies par Buzon.<\/p>\n<\/span><div class=\"w-html usg_html_3\"><br><\/div><span class=\"w-post-elm post_custom_field usg_post_custom_field_4 type_text revetements color_link_inherit\"><span class=\"w-post-elm-before\">Coating: <\/span><span class=\"w-post-elm-value\">bois naturel ou composite<\/span><\/span><div class=\"w-html usg_html_1\"><br><\/div><a class=\"w-btn us-btn-style_3 usg_btn_1 buttonabsolutebottom\" href=\"https:\/\/www.buzon-world.com\/fr\/produits\/accessoires\/accessoires-dph\/dph-kit-5\/\"><span class=\"w-btn-label\">More info<\/span><\/a>\t\t<\/div>\r\n\t\t\t<\/article>\r\n<\/div>\t<div class=\"w-grid-preloader\">\r\n\t\t<div class=\"g-preloader type_1\">\r\n\t\t\t<div><\/div>\r\n\t\t<\/div>\r\n\t<\/div>\r\n\t\t<div class=\"w-grid-json hidden\" onclick='return {&quot;action&quot;:&quot;us_ajax_grid&quot;,&quot;infinite_scroll&quot;:0,&quot;max_num_pages&quot;:1,&quot;pagination&quot;:&quot;none&quot;,&quot;template_vars&quot;:{&quot;columns&quot;:&quot;2&quot;,&quot;exclude_items&quot;:&quot;none&quot;,&quot;img_size&quot;:&quot;default&quot;,&quot;ignore_items_size&quot;:0,&quot;items_layout&quot;:&quot;10477&quot;,&quot;items_offset&quot;:&quot;1&quot;,&quot;load_animation&quot;:&quot;none&quot;,&quot;overriding_link&quot;:&quot;%7B%22url%22%3A%22%22%7D&quot;,&quot;post_id&quot;:0,&quot;query_args&quot;:{&quot;ignore_sticky_posts&quot;:1,&quot;post_type&quot;:&quot;any&quot;,&quot;post__in&quot;:[&quot;10328&quot;,&quot;10318&quot;,&quot;10251&quot;],&quot;posts_per_page&quot;:999},&quot;orderby_query_args&quot;:{&quot;orderby&quot;:{&quot;post__in&quot;:&quot;ASC&quot;},&quot;order&quot;:&quot;ASC&quot;},&quot;type&quot;:&quot;grid&quot;,&quot;us_grid_post_type&quot;:&quot;ids&quot;,&quot;us_grid_ajax_index&quot;:1,&quot;us_grid_filter_query_string&quot;:null,&quot;us_grid_index&quot;:1,&quot;page_args&quot;:[],&quot;lang&quot;:&quot;fr&quot;}}'><\/div>\r\n\t<\/div><\/div><\/div><\/div><\/div><\/div><\/section>\n","protected":false},"excerpt":{"rendered":"[vc_raw_html]JTVCd3BzZW9fYnJlYWRjcnVtYiU1RCUwQQ==[\/vc_raw_html]2022-07-25DPH-KIT-5 Support pour lambourde Le support de lambourde DPH-KIT-5 se fixe facilement sur la t\u00eate du plot de la gamme DPH par simple pression. Il solidarise fermement la lambourde et le plot pour la r\u00e9alisation de terrasses en lames de bois et composite. Contactez un expert T\u00e9l\u00e9chargementsVid\u00e9osT\u00e9l\u00e9chargements Guide d&rsquo;installation DPH-KIT-5Fiche Technique &#8211; DPH-KIT-5ACCESSOIRES DANS LA...","protected":false},"author":1,"featured_media":7388,"parent":10231,"menu_order":2,"comment_status":"closed","ping_status":"closed","template":"","meta":{"_acf_changed":false,"footnotes":""},"accesories_category":[],"sizes":[],"plot_serie":[],"accesories_category_type":[],"accessories_categories_subtype":[],"accessories_categories_applica":[],"class_list":["post-10232","page","type-page","status-publish","has-post-thumbnail","hentry"],"acf":[],"yoast_head":"<!-- This site is optimized with the Yoast SEO plugin v27.1.1 - https:\/\/yoast.com\/product\/yoast-seo-wordpress\/ -->\n<title>Terrasse en bous ou composite | Buzon supports de terrasse<\/title>\n<meta name=\"description\" content=\"Buzon se consacre \u00e0 la conception, au d\u00e9veloppement et \u00e0 la fabrication de caissons de sol pour terrasses en bois ou en composite.\" \/>\n<meta name=\"robots\" content=\"index, follow, max-snippet:-1, max-image-preview:large, max-video-preview:-1\" \/>\n<link rel=\"canonical\" href=\"https:\/\/www.buzon-world.com\/fr\/applications\/espaces-publics\/terrasse-en-bois-ou-composite\/\" \/>\n<meta property=\"og:locale\" content=\"fr_FR\" \/>\n<meta property=\"og:type\" content=\"article\" \/>\n<meta property=\"og:title\" content=\"Terrasse en bous ou composite | Buzon supports de terrasse\" \/>\n<meta property=\"og:description\" content=\"Buzon se consacre \u00e0 la conception, au d\u00e9veloppement et \u00e0 la fabrication de caissons de sol pour terrasses en bois ou en composite.\" \/>\n<meta property=\"og:url\" content=\"https:\/\/www.buzon-world.com\/fr\/applications\/espaces-publics\/terrasse-en-bois-ou-composite\/\" \/>\n<meta property=\"og:site_name\" content=\"Buzon\" \/>\n<meta property=\"article:modified_time\" content=\"2025-03-26T12:41:15+00:00\" \/>\n<meta property=\"og:image\" content=\"https:\/\/www.buzon-world.com\/wp-content\/uploads\/2023\/05\/overview-page-DPH-WOOD-DPH-KIT-5.png\" \/>\n\t<meta property=\"og:image:width\" content=\"595\" \/>\n\t<meta property=\"og:image:height\" content=\"303\" \/>\n\t<meta property=\"og:image:type\" content=\"image\/png\" \/>\n<meta name=\"twitter:card\" content=\"summary_large_image\" \/>\n<meta name=\"twitter:label1\" content=\"Dur\u00e9e de lecture estim\u00e9e\" \/>\n\t<meta name=\"twitter:data1\" content=\"1 minute\" \/>\n<script type=\"application\/ld+json\" class=\"yoast-schema-graph\">{\"@context\":\"https:\/\/schema.org\",\"@graph\":[{\"@type\":\"WebPage\",\"@id\":\"https:\/\/www.buzon-world.com\/fr\/applications\/espaces-publics\/terrasse-en-bois-ou-composite\/\",\"url\":\"https:\/\/www.buzon-world.com\/fr\/applications\/espaces-publics\/terrasse-en-bois-ou-composite\/\",\"name\":\"Terrasse en bous ou composite | Buzon supports de terrasse\",\"isPartOf\":{\"@id\":\"https:\/\/www.buzon-world.com\/fr\/#website\"},\"primaryImageOfPage\":{\"@id\":\"https:\/\/www.buzon-world.com\/fr\/applications\/espaces-publics\/terrasse-en-bois-ou-composite\/#primaryimage\"},\"image\":{\"@id\":\"https:\/\/www.buzon-world.com\/fr\/applications\/espaces-publics\/terrasse-en-bois-ou-composite\/#primaryimage\"},\"thumbnailUrl\":\"https:\/\/www.buzon-world.com\/wp-content\/uploads\/2023\/05\/overview-page-DPH-WOOD-DPH-KIT-5.png\",\"datePublished\":\"2022-10-18T13:10:02+00:00\",\"dateModified\":\"2025-03-26T12:41:15+00:00\",\"description\":\"Buzon se consacre \u00e0 la conception, au d\u00e9veloppement et \u00e0 la fabrication de caissons de sol pour terrasses en bois ou en composite.\",\"breadcrumb\":{\"@id\":\"https:\/\/www.buzon-world.com\/fr\/applications\/espaces-publics\/terrasse-en-bois-ou-composite\/#breadcrumb\"},\"inLanguage\":\"fr-FR\",\"potentialAction\":[{\"@type\":\"ReadAction\",\"target\":[\"https:\/\/www.buzon-world.com\/fr\/applications\/espaces-publics\/terrasse-en-bois-ou-composite\/\"]}]},{\"@type\":\"ImageObject\",\"inLanguage\":\"fr-FR\",\"@id\":\"https:\/\/www.buzon-world.com\/fr\/applications\/espaces-publics\/terrasse-en-bois-ou-composite\/#primaryimage\",\"url\":\"https:\/\/www.buzon-world.com\/wp-content\/uploads\/2023\/05\/overview-page-DPH-WOOD-DPH-KIT-5.png\",\"contentUrl\":\"https:\/\/www.buzon-world.com\/wp-content\/uploads\/2023\/05\/overview-page-DPH-WOOD-DPH-KIT-5.png\",\"width\":595,\"height\":303},{\"@type\":\"BreadcrumbList\",\"@id\":\"https:\/\/www.buzon-world.com\/fr\/applications\/espaces-publics\/terrasse-en-bois-ou-composite\/#breadcrumb\",\"itemListElement\":[{\"@type\":\"ListItem\",\"position\":1,\"name\":\"Home\",\"item\":\"https:\/\/www.buzon-world.com\/fr\/\"},{\"@type\":\"ListItem\",\"position\":2,\"name\":\"Applications\",\"item\":\"https:\/\/www.buzon-world.com\/fr\/applications\/\"},{\"@type\":\"ListItem\",\"position\":3,\"name\":\"Espaces publics\",\"item\":\"https:\/\/www.buzon-world.com\/fr\/applications\/espaces-publics\/\"},{\"@type\":\"ListItem\",\"position\":4,\"name\":\"Terrasse en bois ou composite\"}]},{\"@type\":\"WebSite\",\"@id\":\"https:\/\/www.buzon-world.com\/fr\/#website\",\"url\":\"https:\/\/www.buzon-world.com\/fr\/\",\"name\":\"Buzon\",\"description\":\"Just another WordPress site\",\"potentialAction\":[{\"@type\":\"SearchAction\",\"target\":{\"@type\":\"EntryPoint\",\"urlTemplate\":\"https:\/\/www.buzon-world.com\/fr\/?s={search_term_string}\"},\"query-input\":{\"@type\":\"PropertyValueSpecification\",\"valueRequired\":true,\"valueName\":\"search_term_string\"}}],\"inLanguage\":\"fr-FR\"}]}<\/script>\n<!-- \/ Yoast SEO plugin. -->","yoast_head_json":{"title":"Terrasse en bous ou composite | Buzon supports de terrasse","description":"Buzon se consacre \u00e0 la conception, au d\u00e9veloppement et \u00e0 la fabrication de caissons de sol pour terrasses en bois ou en composite.","robots":{"index":"index","follow":"follow","max-snippet":"max-snippet:-1","max-image-preview":"max-image-preview:large","max-video-preview":"max-video-preview:-1"},"canonical":"https:\/\/www.buzon-world.com\/fr\/applications\/espaces-publics\/terrasse-en-bois-ou-composite\/","og_locale":"fr_FR","og_type":"article","og_title":"Terrasse en bous ou composite | Buzon supports de terrasse","og_description":"Buzon se consacre \u00e0 la conception, au d\u00e9veloppement et \u00e0 la fabrication de caissons de sol pour terrasses en bois ou en composite.","og_url":"https:\/\/www.buzon-world.com\/fr\/applications\/espaces-publics\/terrasse-en-bois-ou-composite\/","og_site_name":"Buzon","article_modified_time":"2025-03-26T12:41:15+00:00","og_image":[{"width":595,"height":303,"url":"https:\/\/www.buzon-world.com\/wp-content\/uploads\/2023\/05\/overview-page-DPH-WOOD-DPH-KIT-5.png","type":"image\/png"}],"twitter_card":"summary_large_image","twitter_misc":{"Dur\u00e9e de lecture estim\u00e9e":"1 minute"},"schema":{"@context":"https:\/\/schema.org","@graph":[{"@type":"WebPage","@id":"https:\/\/www.buzon-world.com\/fr\/applications\/espaces-publics\/terrasse-en-bois-ou-composite\/","url":"https:\/\/www.buzon-world.com\/fr\/applications\/espaces-publics\/terrasse-en-bois-ou-composite\/","name":"Terrasse en bous ou composite | Buzon supports de terrasse","isPartOf":{"@id":"https:\/\/www.buzon-world.com\/fr\/#website"},"primaryImageOfPage":{"@id":"https:\/\/www.buzon-world.com\/fr\/applications\/espaces-publics\/terrasse-en-bois-ou-composite\/#primaryimage"},"image":{"@id":"https:\/\/www.buzon-world.com\/fr\/applications\/espaces-publics\/terrasse-en-bois-ou-composite\/#primaryimage"},"thumbnailUrl":"https:\/\/www.buzon-world.com\/wp-content\/uploads\/2023\/05\/overview-page-DPH-WOOD-DPH-KIT-5.png","datePublished":"2022-10-18T13:10:02+00:00","dateModified":"2025-03-26T12:41:15+00:00","description":"Buzon se consacre \u00e0 la conception, au d\u00e9veloppement et \u00e0 la fabrication de caissons de sol pour terrasses en bois ou en composite.","breadcrumb":{"@id":"https:\/\/www.buzon-world.com\/fr\/applications\/espaces-publics\/terrasse-en-bois-ou-composite\/#breadcrumb"},"inLanguage":"fr-FR","potentialAction":[{"@type":"ReadAction","target":["https:\/\/www.buzon-world.com\/fr\/applications\/espaces-publics\/terrasse-en-bois-ou-composite\/"]}]},{"@type":"ImageObject","inLanguage":"fr-FR","@id":"https:\/\/www.buzon-world.com\/fr\/applications\/espaces-publics\/terrasse-en-bois-ou-composite\/#primaryimage","url":"https:\/\/www.buzon-world.com\/wp-content\/uploads\/2023\/05\/overview-page-DPH-WOOD-DPH-KIT-5.png","contentUrl":"https:\/\/www.buzon-world.com\/wp-content\/uploads\/2023\/05\/overview-page-DPH-WOOD-DPH-KIT-5.png","width":595,"height":303},{"@type":"BreadcrumbList","@id":"https:\/\/www.buzon-world.com\/fr\/applications\/espaces-publics\/terrasse-en-bois-ou-composite\/#breadcrumb","itemListElement":[{"@type":"ListItem","position":1,"name":"Home","item":"https:\/\/www.buzon-world.com\/fr\/"},{"@type":"ListItem","position":2,"name":"Applications","item":"https:\/\/www.buzon-world.com\/fr\/applications\/"},{"@type":"ListItem","position":3,"name":"Espaces publics","item":"https:\/\/www.buzon-world.com\/fr\/applications\/espaces-publics\/"},{"@type":"ListItem","position":4,"name":"Terrasse en bois ou composite"}]},{"@type":"WebSite","@id":"https:\/\/www.buzon-world.com\/fr\/#website","url":"https:\/\/www.buzon-world.com\/fr\/","name":"Buzon","description":"Just another WordPress site","potentialAction":[{"@type":"SearchAction","target":{"@type":"EntryPoint","urlTemplate":"https:\/\/www.buzon-world.com\/fr\/?s={search_term_string}"},"query-input":{"@type":"PropertyValueSpecification","valueRequired":true,"valueName":"search_term_string"}}],"inLanguage":"fr-FR"}]}},"_links":{"self":[{"href":"https:\/\/www.buzon-world.com\/fr\/wp-json\/wp\/v2\/pages\/10232","targetHints":{"allow":["GET"]}}],"collection":[{"href":"https:\/\/www.buzon-world.com\/fr\/wp-json\/wp\/v2\/pages"}],"about":[{"href":"https:\/\/www.buzon-world.com\/fr\/wp-json\/wp\/v2\/types\/page"}],"author":[{"embeddable":true,"href":"https:\/\/www.buzon-world.com\/fr\/wp-json\/wp\/v2\/users\/1"}],"replies":[{"embeddable":true,"href":"https:\/\/www.buzon-world.com\/fr\/wp-json\/wp\/v2\/comments?post=10232"}],"version-history":[{"count":6,"href":"https:\/\/www.buzon-world.com\/fr\/wp-json\/wp\/v2\/pages\/10232\/revisions"}],"predecessor-version":[{"id":33917,"href":"https:\/\/www.buzon-world.com\/fr\/wp-json\/wp\/v2\/pages\/10232\/revisions\/33917"}],"up":[{"embeddable":true,"href":"https:\/\/www.buzon-world.com\/fr\/wp-json\/wp\/v2\/pages\/10231"}],"wp:featuredmedia":[{"embeddable":true,"href":"https:\/\/www.buzon-world.com\/fr\/wp-json\/wp\/v2\/media\/7388"}],"wp:attachment":[{"href":"https:\/\/www.buzon-world.com\/fr\/wp-json\/wp\/v2\/media?parent=10232"}],"wp:term":[{"taxonomy":"accesories_category","embeddable":true,"href":"https:\/\/www.buzon-world.com\/fr\/wp-json\/wp\/v2\/accesories_category?post=10232"},{"taxonomy":"sizes","embeddable":true,"href":"https:\/\/www.buzon-world.com\/fr\/wp-json\/wp\/v2\/sizes?post=10232"},{"taxonomy":"plot_serie","embeddable":true,"href":"https:\/\/www.buzon-world.com\/fr\/wp-json\/wp\/v2\/plot_serie?post=10232"},{"taxonomy":"accesories_category_type","embeddable":true,"href":"https:\/\/www.buzon-world.com\/fr\/wp-json\/wp\/v2\/accesories_category_type?post=10232"},{"taxonomy":"accessories_categories_subtype","embeddable":true,"href":"https:\/\/www.buzon-world.com\/fr\/wp-json\/wp\/v2\/accessories_categories_subtype?post=10232"},{"taxonomy":"accessories_categories_applica","embeddable":true,"href":"https:\/\/www.buzon-world.com\/fr\/wp-json\/wp\/v2\/accessories_categories_applica?post=10232"}],"curies":[{"name":"wp","href":"https:\/\/api.w.org\/{rel}","templated":true}]}}