{"id":46783,"date":"2025-04-08T08:48:06","date_gmt":"2025-04-08T06:48:06","guid":{"rendered":"https:\/\/www.buzon-world.com\/calculateur\/"},"modified":"2025-11-12T17:05:33","modified_gmt":"2025-11-12T15:05:33","slug":"calculateur","status":"publish","type":"page","link":"https:\/\/www.buzon-world.com\/fr\/calculateur\/","title":{"rendered":"Nouveau calculateur Buzon"},"content":{"rendered":"<section class=\"l-section wpb_row us_custom_963824fa height_auto\"><div class=\"l-section-h i-cf\"><div class=\"g-cols vc_row via_flex valign_top type_default stacking_default\"><div class=\"vc_col-sm-8 wpb_column vc_column_container\"><div class=\"vc_column-inner\"><div class=\"wpb_wrapper\"><div class=\"wpb_text_column us_custom_b06093fc has_text_color us_animate_this\"><div class=\"wpb_wrapper\"><h1><strong>Nouveau calculateur Buzon :<br \/>\nConcevez le projet de votre terrasse en quelques clics !<\/strong><\/h1>\n<\/div><\/div><div class=\"w-separator size_medium\"><\/div><div class=\"wpb_text_column us_custom_ec82cb5e has_text_color us_animate_this\"><div class=\"wpb_wrapper\"><p><strong>Le secret d\u2019une terrasse sur plots r\u00e9ussie ? Une pr\u00e9paration optimale ! C\u2019est pourquoi, le calculateur Buzon \u00e9volue pour vous offrir une exp\u00e9rience encore plus compl\u00e8te, pr\u00e9cise et performante. Con\u00e7u pour r\u00e9pondre \u00e0 toutes vos exigences, l\u2019outil vous guide pas \u00e0 pas dans la pr\u00e9paration et la r\u00e9alisation de votre terrasse sur plots\u00a0! \u00a0<\/strong><\/p>\n<\/div><\/div><div class=\"w-separator size_medium\"><\/div><div class=\"w-btn-wrapper align_left\"><a class=\"w-btn us-btn-style_5 icon_atleft\" href=\"https:\/\/app.buzoncalculator.com\/\"><i class=\"fas fa-pencil-alt\"><\/i><span class=\"w-btn-label\">D\u00e9couvrez le nouveau calculateur Buzon !<\/span><\/a><\/div><\/div><\/div><\/div><div class=\"vc_col-sm-4 wpb_column vc_column_container\"><div class=\"vc_column-inner\"><div class=\"wpb_wrapper\"><\/div><\/div><\/div><\/div><\/div><\/section><section class=\"l-section wpb_row height_auto\"><div class=\"l-section-h i-cf\"><div class=\"g-cols vc_row via_flex valign_top type_default stacking_default\"><div class=\"vc_col-sm-10 wpb_column vc_column_container\"><div class=\"vc_column-inner\"><div class=\"wpb_wrapper\"><div class=\"wpb_text_column us_custom_f0c7bf59 longline us_animate_this\"><div class=\"wpb_wrapper\"><h2><strong>D\u00e9couvrez un aper\u00e7u du nouveau calculateur\u00a0! <\/strong><\/h2>\n<\/div><\/div><div class=\"w-separator size_small\"><\/div><div class=\"wpb_text_column us_custom_ff13c409 us_animate_this\"><div class=\"wpb_wrapper\"><p>Avant de vous lancer, explorez en avant-premi\u00e8re notre <strong>nouvelle interface <\/strong>et ses fonctionnalit\u00e9s.<\/p>\n<\/div><\/div><div class=\"w-separator size_medium\"><\/div><div class=\"w-video align_none ratio_16x9 has_iframe\"><div class=\"w-video-h\"><iframe title=\"Youtube video player\" src=\"\/\/www.youtube.com\/embed\/sYSDqsQUT9U?autoplay=0&controls=1&origin=https:\/\/www.buzon-world.com\/fr\/&loop=0&mute=0\" allowfullscreen=\"1\" loading=\"lazy\"><\/iframe><\/div><\/div><div class=\"w-separator size_small\"><\/div><div class=\"wpb_text_column us_custom_bec20362 us_animate_this\"><div class=\"wpb_wrapper\"><p><em>Notez que l\u2019ancien calculateur cessera de fonctionner prochainement, il est donc temps de passer \u00e0 la nouvelle version et de donner vie \u00e0 vos projets avec l\u2019innovation et la qualit\u00e9 qu\u2019ils m\u00e9ritent !<\/em><\/p>\n<\/div><\/div><div class=\"w-separator size_medium\"><\/div><div class=\"wpb_text_column us_custom_47474b22 longline us_animate_this\"><div class=\"wpb_wrapper\"><h2><strong>Pourquoi adopter cette nouvelle version ?<\/strong><\/h2>\n<\/div><\/div><div class=\"w-separator size_small\"><\/div><div class=\"wpb_text_column us_custom_ff13c409 us_animate_this\"><div class=\"wpb_wrapper\"><ul>\n<li><strong>Plus flexible<\/strong> : Le calculateur est adapt\u00e9 \u00e0 toutes les configurations, quels que soient les dimensions et les pentes.<\/li>\n<li><strong>Plus performant<\/strong> : Une optimisation qui garantit des calculs rapides et fiables pour un projet sans erreur.<\/li>\n<li><strong>Simulation rapide et pr\u00e9cise<\/strong> : Visualisez instantan\u00e9ment la disposition de vos plots et lambourdes avec une grande pr\u00e9cision.<\/li>\n<li><strong>Rapport en fin de simulation<\/strong> : Obtenez un rapport d\u00e9taill\u00e9 des produits n\u00e9cessaires \u00e0 la r\u00e9alisation de votre projet.<\/li>\n<li><strong>Ouvert \u00e0 tout public<\/strong> : Con\u00e7u tant pour les professionnels que pour les particuliers.<\/li>\n<\/ul>\n<\/div><\/div><div class=\"w-separator size_medium\"><\/div><div class=\"wpb_text_column us_custom_8f7b07a9 longline us_animate_this\"><div class=\"wpb_wrapper\"><h2><strong>Et ce n\u2019est que le d\u00e9but !<\/strong><\/h2>\n<\/div><\/div><div class=\"w-separator size_small\"><\/div><div class=\"wpb_text_column us_custom_ef014360 us_animate_this\"><div class=\"wpb_wrapper\"><p>Nous continuerons \u00e0 <strong>l\u2019enrichir et l\u2019optimiser<\/strong> gr\u00e2ce \u00e0 vos retours, afin de vous offrir une exp\u00e9rience toujours plus performante. Alors, \u00eates-vous pr\u00eat \u00e0 concr\u00e9tiser votre projet et cr\u00e9er la terrasse de vos r\u00eaves ?<\/p>\n<p>&nbsp;<\/p>\n<p>L&rsquo;\u00e9quipe Buzon.<\/p>\n<\/div><\/div><div class=\"w-separator size_small\"><\/div><\/div><\/div><\/div><\/div><\/div><\/section><section class=\"l-section wpb_row height_auto\"><div class=\"l-section-h i-cf\"><div class=\"g-cols vc_row via_flex valign_top type_default stacking_default\"><div class=\"vc_col-sm-12 wpb_column vc_column_container\"><div class=\"vc_column-inner us_custom_b74f6679 us_animate_this\"><div class=\"wpb_wrapper\"><section class=\"l-section wpb_row us_custom_6a388dfb bluerowbackground height_small\"><div class=\"l-section-h i-cf\"><div class=\"g-cols vc_row via_flex valign_top type_boxes reversed stacking_default\"><div class=\"vc_col-sm-7 wpb_column vc_column_container\"><div class=\"vc_column-inner\"><div class=\"wpb_wrapper\"><div class=\"wpb_text_column us_custom_6df4bc3a has_text_color\"><div class=\"wpb_wrapper\"><h2>Question technique ?<br \/>\nUn nouveau projet ?<br \/>\nContactez l&rsquo;un de nos experts.<\/h2>\n<\/div><\/div><div class=\"w-separator size_medium\"><\/div><div class=\"w-btn-wrapper align_none\"><a class=\"w-btn us-btn-style_3\" href=\"mailto:info@buzon-world.com\"><span class=\"w-btn-label\">info@buzon-world.com<\/span><\/a><\/div><div class=\"w-btn-wrapper align_none\"><a class=\"w-btn us-btn-style_3\" href=\"tel:003242483983\"><span class=\"w-btn-label\">00 32 (0) 4 248 39 83<\/span><\/a><\/div><\/div><\/div><\/div><div class=\"vc_col-sm-5 wpb_column vc_column_container\"><div class=\"vc_column-inner\"><div class=\"wpb_wrapper\"><div class=\"w-image cupabsolute align_none\"><div class=\"w-image-h\"><img decoding=\"async\" width=\"577\" height=\"527\" src=\"https:\/\/www.buzon-world.com\/wp-content\/uploads\/2022\/07\/Rectangle-120.png\" class=\"attachment-large size-large\" alt=\"\" loading=\"lazy\" srcset=\"https:\/\/www.buzon-world.com\/wp-content\/uploads\/2022\/07\/Rectangle-120.png 577w, https:\/\/www.buzon-world.com\/wp-content\/uploads\/2022\/07\/Rectangle-120-300x274.png 300w, https:\/\/www.buzon-world.com\/wp-content\/uploads\/2022\/07\/Rectangle-120-70x64.png 70w\" sizes=\"auto, (max-width: 577px) 100vw, 577px\" \/><\/div><\/div><\/div><\/div><\/div><\/div><\/div><\/section>\n<\/div><\/div><\/div><\/div><\/div><\/section>\n","protected":false},"excerpt":{"rendered":"Nouveau calculateur Buzon : Concevez le projet de votre terrasse en quelques clics ! Le secret d\u2019une terrasse sur plots r\u00e9ussie ? Une pr\u00e9paration optimale ! C\u2019est pourquoi, le calculateur Buzon \u00e9volue pour vous offrir une exp\u00e9rience encore plus compl\u00e8te, pr\u00e9cise et performante. Con\u00e7u pour r\u00e9pondre \u00e0 toutes vos exigences, l\u2019outil vous guide pas \u00e0...","protected":false},"author":5,"featured_media":0,"parent":0,"menu_order":3,"comment_status":"closed","ping_status":"closed","template":"","meta":{"_acf_changed":false,"footnotes":""},"accesories_category":[],"sizes":[],"plot_serie":[],"accesories_category_type":[],"accessories_categories_subtype":[],"accessories_categories_applica":[],"class_list":["post-46783","page","type-page","status-publish","hentry"],"acf":[],"yoast_head":"<!-- This site is optimized with the Yoast SEO plugin v27.1.1 - https:\/\/yoast.com\/product\/yoast-seo-wordpress\/ -->\n<title>Calculateur Buzon | Estimez vos plots pour terrasse<\/title>\n<meta name=\"description\" content=\"Calculez vos besoins en plots avec l\u2019outil Buzon : estimation rapide et pr\u00e9cise pour vos projets de terrasse sur\u00e9lev\u00e9e.\" \/>\n<meta name=\"robots\" content=\"index, follow, max-snippet:-1, max-image-preview:large, max-video-preview:-1\" \/>\n<link rel=\"canonical\" href=\"https:\/\/www.buzon-world.com\/fr\/calculateur\/\" \/>\n<meta property=\"og:locale\" content=\"fr_FR\" \/>\n<meta property=\"og:type\" content=\"article\" \/>\n<meta property=\"og:title\" content=\"Calculateur Buzon | Estimez vos plots pour terrasse\" \/>\n<meta property=\"og:description\" content=\"Calculez vos besoins en plots avec l\u2019outil Buzon : estimation rapide et pr\u00e9cise pour vos projets de terrasse sur\u00e9lev\u00e9e.\" \/>\n<meta property=\"og:url\" content=\"https:\/\/www.buzon-world.com\/fr\/calculateur\/\" \/>\n<meta property=\"og:site_name\" content=\"Buzon\" \/>\n<meta property=\"article:modified_time\" content=\"2025-11-12T15:05:33+00:00\" \/>\n<meta name=\"twitter:card\" content=\"summary_large_image\" \/>\n<meta name=\"twitter:label1\" content=\"Dur\u00e9e de lecture estim\u00e9e\" \/>\n\t<meta name=\"twitter:data1\" content=\"2 minutes\" \/>\n<script type=\"application\/ld+json\" class=\"yoast-schema-graph\">{\"@context\":\"https:\/\/schema.org\",\"@graph\":[{\"@type\":\"WebPage\",\"@id\":\"https:\/\/www.buzon-world.com\/fr\/calculateur\/\",\"url\":\"https:\/\/www.buzon-world.com\/fr\/calculateur\/\",\"name\":\"Calculateur Buzon | Estimez vos plots pour terrasse\",\"isPartOf\":{\"@id\":\"https:\/\/www.buzon-world.com\/fr\/#website\"},\"datePublished\":\"2025-04-08T06:48:06+00:00\",\"dateModified\":\"2025-11-12T15:05:33+00:00\",\"description\":\"Calculez vos besoins en plots avec l\u2019outil Buzon : estimation rapide et pr\u00e9cise pour vos projets de terrasse sur\u00e9lev\u00e9e.\",\"breadcrumb\":{\"@id\":\"https:\/\/www.buzon-world.com\/fr\/calculateur\/#breadcrumb\"},\"inLanguage\":\"fr-FR\",\"potentialAction\":[{\"@type\":\"ReadAction\",\"target\":[\"https:\/\/www.buzon-world.com\/fr\/calculateur\/\"]}]},{\"@type\":\"BreadcrumbList\",\"@id\":\"https:\/\/www.buzon-world.com\/fr\/calculateur\/#breadcrumb\",\"itemListElement\":[{\"@type\":\"ListItem\",\"position\":1,\"name\":\"Home\",\"item\":\"https:\/\/www.buzon-world.com\/fr\/\"},{\"@type\":\"ListItem\",\"position\":2,\"name\":\"Nouveau calculateur Buzon\"}]},{\"@type\":\"WebSite\",\"@id\":\"https:\/\/www.buzon-world.com\/fr\/#website\",\"url\":\"https:\/\/www.buzon-world.com\/fr\/\",\"name\":\"Buzon\",\"description\":\"Just another WordPress site\",\"potentialAction\":[{\"@type\":\"SearchAction\",\"target\":{\"@type\":\"EntryPoint\",\"urlTemplate\":\"https:\/\/www.buzon-world.com\/fr\/?s={search_term_string}\"},\"query-input\":{\"@type\":\"PropertyValueSpecification\",\"valueRequired\":true,\"valueName\":\"search_term_string\"}}],\"inLanguage\":\"fr-FR\"}]}<\/script>\n<!-- \/ Yoast SEO plugin. -->","yoast_head_json":{"title":"Calculateur Buzon | Estimez vos plots pour terrasse","description":"Calculez vos besoins en plots avec l\u2019outil Buzon : estimation rapide et pr\u00e9cise pour vos projets de terrasse sur\u00e9lev\u00e9e.","robots":{"index":"index","follow":"follow","max-snippet":"max-snippet:-1","max-image-preview":"max-image-preview:large","max-video-preview":"max-video-preview:-1"},"canonical":"https:\/\/www.buzon-world.com\/fr\/calculateur\/","og_locale":"fr_FR","og_type":"article","og_title":"Calculateur Buzon | Estimez vos plots pour terrasse","og_description":"Calculez vos besoins en plots avec l\u2019outil Buzon : estimation rapide et pr\u00e9cise pour vos projets de terrasse sur\u00e9lev\u00e9e.","og_url":"https:\/\/www.buzon-world.com\/fr\/calculateur\/","og_site_name":"Buzon","article_modified_time":"2025-11-12T15:05:33+00:00","twitter_card":"summary_large_image","twitter_misc":{"Dur\u00e9e de lecture estim\u00e9e":"2 minutes"},"schema":{"@context":"https:\/\/schema.org","@graph":[{"@type":"WebPage","@id":"https:\/\/www.buzon-world.com\/fr\/calculateur\/","url":"https:\/\/www.buzon-world.com\/fr\/calculateur\/","name":"Calculateur Buzon | Estimez vos plots pour terrasse","isPartOf":{"@id":"https:\/\/www.buzon-world.com\/fr\/#website"},"datePublished":"2025-04-08T06:48:06+00:00","dateModified":"2025-11-12T15:05:33+00:00","description":"Calculez vos besoins en plots avec l\u2019outil Buzon : estimation rapide et pr\u00e9cise pour vos projets de terrasse sur\u00e9lev\u00e9e.","breadcrumb":{"@id":"https:\/\/www.buzon-world.com\/fr\/calculateur\/#breadcrumb"},"inLanguage":"fr-FR","potentialAction":[{"@type":"ReadAction","target":["https:\/\/www.buzon-world.com\/fr\/calculateur\/"]}]},{"@type":"BreadcrumbList","@id":"https:\/\/www.buzon-world.com\/fr\/calculateur\/#breadcrumb","itemListElement":[{"@type":"ListItem","position":1,"name":"Home","item":"https:\/\/www.buzon-world.com\/fr\/"},{"@type":"ListItem","position":2,"name":"Nouveau calculateur Buzon"}]},{"@type":"WebSite","@id":"https:\/\/www.buzon-world.com\/fr\/#website","url":"https:\/\/www.buzon-world.com\/fr\/","name":"Buzon","description":"Just another WordPress site","potentialAction":[{"@type":"SearchAction","target":{"@type":"EntryPoint","urlTemplate":"https:\/\/www.buzon-world.com\/fr\/?s={search_term_string}"},"query-input":{"@type":"PropertyValueSpecification","valueRequired":true,"valueName":"search_term_string"}}],"inLanguage":"fr-FR"}]}},"_links":{"self":[{"href":"https:\/\/www.buzon-world.com\/fr\/wp-json\/wp\/v2\/pages\/46783","targetHints":{"allow":["GET"]}}],"collection":[{"href":"https:\/\/www.buzon-world.com\/fr\/wp-json\/wp\/v2\/pages"}],"about":[{"href":"https:\/\/www.buzon-world.com\/fr\/wp-json\/wp\/v2\/types\/page"}],"author":[{"embeddable":true,"href":"https:\/\/www.buzon-world.com\/fr\/wp-json\/wp\/v2\/users\/5"}],"replies":[{"embeddable":true,"href":"https:\/\/www.buzon-world.com\/fr\/wp-json\/wp\/v2\/comments?post=46783"}],"version-history":[{"count":1,"href":"https:\/\/www.buzon-world.com\/fr\/wp-json\/wp\/v2\/pages\/46783\/revisions"}],"predecessor-version":[{"id":49766,"href":"https:\/\/www.buzon-world.com\/fr\/wp-json\/wp\/v2\/pages\/46783\/revisions\/49766"}],"wp:attachment":[{"href":"https:\/\/www.buzon-world.com\/fr\/wp-json\/wp\/v2\/media?parent=46783"}],"wp:term":[{"taxonomy":"accesories_category","embeddable":true,"href":"https:\/\/www.buzon-world.com\/fr\/wp-json\/wp\/v2\/accesories_category?post=46783"},{"taxonomy":"sizes","embeddable":true,"href":"https:\/\/www.buzon-world.com\/fr\/wp-json\/wp\/v2\/sizes?post=46783"},{"taxonomy":"plot_serie","embeddable":true,"href":"https:\/\/www.buzon-world.com\/fr\/wp-json\/wp\/v2\/plot_serie?post=46783"},{"taxonomy":"accesories_category_type","embeddable":true,"href":"https:\/\/www.buzon-world.com\/fr\/wp-json\/wp\/v2\/accesories_category_type?post=46783"},{"taxonomy":"accessories_categories_subtype","embeddable":true,"href":"https:\/\/www.buzon-world.com\/fr\/wp-json\/wp\/v2\/accessories_categories_subtype?post=46783"},{"taxonomy":"accessories_categories_applica","embeddable":true,"href":"https:\/\/www.buzon-world.com\/fr\/wp-json\/wp\/v2\/accessories_categories_applica?post=46783"}],"curies":[{"name":"wp","href":"https:\/\/api.w.org\/{rel}","templated":true}]}}