{"id":47148,"date":"2025-04-08T08:48:06","date_gmt":"2025-04-08T06:48:06","guid":{"rendered":"https:\/\/www.buzon-world.com\/nowy-kalkulator-buzon\/"},"modified":"2025-09-08T12:57:02","modified_gmt":"2025-09-08T10:57:02","slug":"nowy-kalkulator-buzon","status":"publish","type":"page","link":"https:\/\/www.buzon-world.com\/pl\/nowy-kalkulator-buzon\/","title":{"rendered":"Nowy kalkulator Buzon"},"content":{"rendered":"<section class=\"l-section wpb_row us_custom_963824fa height_auto\"><div class=\"l-section-h i-cf\"><div class=\"g-cols vc_row via_flex valign_top type_default stacking_default\"><div class=\"vc_col-sm-8 wpb_column vc_column_container\"><div class=\"vc_column-inner\"><div class=\"wpb_wrapper\"><div class=\"wpb_text_column us_custom_b06093fc has_text_color us_animate_this\"><div class=\"wpb_wrapper\"><h1 style=\"text-align: left;\"><strong>Nowy kalkulator Buzon:<br \/>\n<\/strong><strong>zaprojektuj sw\u00f3j taras za pomoc\u0105 kilku klikni\u0119\u0107!<\/strong><\/h1>\n<\/div><\/div><div class=\"w-separator size_medium\"><\/div><div class=\"wpb_text_column us_custom_ec82cb5e has_text_color us_animate_this\"><div class=\"wpb_wrapper\"><p style=\"text-align: left;\"><strong>Sekret udanego tarasu na coko\u0142ach? Optymalne przygotowanie! Dlatego kalkulator Buzon ewoluuje, aby zaoferowa\u0107 jeszcze bardziej kompletne, precyzyjne i wydajne do\u015bwiadczenie. Zaprojektowane, aby spe\u0142ni\u0107 wszystkie Twoje wymagania, narz\u0119dzie prowadzi Ci\u0119 krok po kroku przez przygotowanie i budow\u0119 tarasu na coko\u0142ach!   <\/strong><\/p>\n<\/div><\/div><div class=\"w-separator size_medium\"><\/div><div class=\"w-btn-wrapper align_left\"><a class=\"w-btn us-btn-style_5 icon_atleft\" href=\"https:\/\/app.buzoncalculator.com\/\"><i class=\"fas fa-pencil-alt\"><\/i><span class=\"w-btn-label\">Odkryj nowy kalkulator Buzon!<\/span><\/a><\/div><\/div><\/div><\/div><div class=\"vc_col-sm-4 wpb_column vc_column_container\"><div class=\"vc_column-inner\"><div class=\"wpb_wrapper\"><\/div><\/div><\/div><\/div><\/div><\/section><section class=\"l-section wpb_row height_auto\"><div class=\"l-section-h i-cf\"><div class=\"g-cols vc_row via_flex valign_top type_default stacking_default\"><div class=\"vc_col-sm-10 wpb_column vc_column_container\"><div class=\"vc_column-inner\"><div class=\"wpb_wrapper\"><div class=\"wpb_text_column us_custom_f0c7bf59 longline us_animate_this\"><div class=\"wpb_wrapper\"><h2><strong>Zapoznaj si\u0119 z nowym kalkulatorem!<\/strong><\/h2>\n<\/div><\/div><div class=\"w-separator size_small\"><\/div><div class=\"wpb_text_column us_custom_ff13c409 us_animate_this\"><div class=\"wpb_wrapper\"><p>Zanim zaczniesz, zapoznaj si\u0119 z naszym nowym interfejsem i jego funkcjami.<\/p>\n<\/div><\/div><div class=\"w-separator size_medium\"><\/div><div class=\"w-video align_none ratio_16x9 has_iframe\"><div class=\"w-video-h\"><iframe title=\"Youtube video player\" src=\"\/\/www.youtube.com\/embed\/sYSDqsQUT9U?autoplay=0&controls=1&origin=https:\/\/www.buzon-world.com\/pl\/&loop=0&mute=0\" allowfullscreen=\"1\" loading=\"lazy\"><\/iframe><\/div><\/div><div class=\"w-separator size_small\"><\/div><div class=\"wpb_text_column us_custom_bec20362 us_animate_this\"><div class=\"wpb_wrapper\"><p><em>Nale\u017cy pami\u0119ta\u0107, \u017ce stary kalkulator wkr\u00f3tce przestanie dzia\u0142a\u0107, wi\u0119c nadszed\u0142 czas, aby zaktualizowa\u0107 go do nowej wersji i o\u017cywi\u0107 swoje projekty innowacyjno\u015bci\u0105 i jako\u015bci\u0105, na jak\u0105 zas\u0142uguj\u0105!<\/em><\/p>\n<\/div><\/div><div class=\"w-separator size_medium\"><\/div><div class=\"wpb_text_column us_custom_47474b22 longline us_animate_this\"><div class=\"wpb_wrapper\"><h2> <strong>Dlaczego warto wybra\u0107 t\u0119 now\u0105 wersj\u0119?<\/strong><\/h2>\n<\/div><\/div><div class=\"w-separator size_small\"><\/div><div class=\"wpb_text_column us_custom_ff13c409 us_animate_this\"><div class=\"wpb_wrapper\"><ul>\n<li><strong>Wi\u0119ksza elastyczno\u015b\u0107: <\/strong>Kalkulator mo\u017cna dostosowa\u0107 do dowolnej konfiguracji, niezale\u017cnie od rozmiaru i nachylenia.<\/li>\n<li><strong>Wi\u0119ksza wydajno\u015b\u0107: <\/strong>Optymalizacja gwarantuj\u0105ca szybkie, niezawodne obliczenia dla projektu wolnego od b\u0142\u0119d\u00f3w.<\/li>\n<li><strong>Szybka i dok\u0142adna symulacja:<\/strong> Natychmiastowa wizualizacja uk\u0142adu coko\u0142\u00f3w i belek z najwy\u017csz\u0105 dok\u0142adno\u015bci\u0105.<\/li>\n<li><strong>Raport na koniec symulacji:<\/strong> Uzyskaj szczeg\u00f3\u0142owy raport produkt\u00f3w potrzebnych do uko\u0144czenia projektu.<\/li>\n<li><strong>Otwarte dla wszystkich:<\/strong> Przeznaczone zar\u00f3wno dla profesjonalist\u00f3w, jak i os\u00f3b prywatnych.<\/li>\n<\/ul>\n<\/div><\/div><div class=\"w-separator size_medium\"><\/div><div class=\"wpb_text_column us_custom_8f7b07a9 longline us_animate_this\"><div class=\"wpb_wrapper\"><h2> <strong>A to dopiero pocz\u0105tek!  <\/strong><\/h2>\n<\/div><\/div><div class=\"w-separator size_small\"><\/div><div class=\"wpb_text_column us_custom_ef014360 us_animate_this\"><div class=\"wpb_wrapper\"><p>B\u0119dziemy go nadal ulepsza\u0107 i optymalizowa\u0107 w oparciu o Twoje opinie, aby\u015bmy mogli zaoferowa\u0107 Ci coraz lepsze wra\u017cenia. Czy jeste\u015b gotowy, aby urzeczywistni\u0107 sw\u00f3j projekt i stworzy\u0107 taras swoich marze\u0144?<\/p>\n<\/div><\/div><div class=\"w-separator size_small\"><\/div><\/div><\/div><\/div><\/div><\/div><\/section><section class=\"l-section wpb_row height_auto\"><div class=\"l-section-h i-cf\"><div class=\"g-cols vc_row via_flex valign_top type_default stacking_default\"><div class=\"vc_col-sm-12 wpb_column vc_column_container\"><div class=\"vc_column-inner us_custom_b74f6679 us_animate_this\"><div class=\"wpb_wrapper\"><section class=\"l-section wpb_row us_custom_6a388dfb bluerowbackground height_small\"><div class=\"l-section-h i-cf\"><div class=\"g-cols vc_row via_flex valign_top type_boxes reversed stacking_default\"><div class=\"vc_col-sm-7 wpb_column vc_column_container\"><div class=\"vc_column-inner\"><div class=\"wpb_wrapper\"><div class=\"wpb_text_column us_custom_6df4bc3a has_text_color\"><div class=\"wpb_wrapper\"><h2>Pytanie techniczne?<br \/>Nowy projekt?<br \/>Skontaktuj si\u0119 z jednym z naszych ekspert\u00f3w.<\/h2>\n<\/div><\/div><div class=\"w-separator size_medium\"><\/div><div class=\"w-btn-wrapper align_none\"><a class=\"w-btn us-btn-style_3\" href=\"mailto:info@buzon-world.com\"><span class=\"w-btn-label\">info@buzon-world.com<\/span><\/a><\/div><div class=\"w-btn-wrapper align_none\"><a class=\"w-btn us-btn-style_3\" href=\"tel:003242483983\"><span class=\"w-btn-label\">00 32 (0) 4 248 39 83<\/span><\/a><\/div><\/div><\/div><\/div><div class=\"vc_col-sm-5 wpb_column vc_column_container\"><div class=\"vc_column-inner\"><div class=\"wpb_wrapper\"><div class=\"w-image cupabsolute align_none\"><div class=\"w-image-h\"><img decoding=\"async\" width=\"577\" height=\"527\" src=\"https:\/\/www.buzon-world.com\/wp-content\/uploads\/2022\/07\/Rectangle-120.png\" class=\"attachment-large size-large\" alt=\"\" loading=\"lazy\" srcset=\"https:\/\/www.buzon-world.com\/wp-content\/uploads\/2022\/07\/Rectangle-120.png 577w, https:\/\/www.buzon-world.com\/wp-content\/uploads\/2022\/07\/Rectangle-120-300x274.png 300w, https:\/\/www.buzon-world.com\/wp-content\/uploads\/2022\/07\/Rectangle-120-70x64.png 70w\" sizes=\"auto, (max-width: 577px) 100vw, 577px\" \/><\/div><\/div><\/div><\/div><\/div><\/div><\/div><\/section>\n<\/div><\/div><\/div><\/div><\/div><\/section>\n","protected":false},"excerpt":{"rendered":"Nowy kalkulator Buzon: zaprojektuj sw\u00f3j taras za pomoc\u0105 kilku klikni\u0119\u0107! Sekret udanego tarasu na coko\u0142ach? Optymalne przygotowanie! Dlatego kalkulator Buzon ewoluuje, aby zaoferowa\u0107 jeszcze bardziej kompletne, precyzyjne i wydajne do\u015bwiadczenie. Zaprojektowane, aby spe\u0142ni\u0107 wszystkie Twoje wymagania, narz\u0119dzie prowadzi Ci\u0119 krok po kroku przez przygotowanie i budow\u0119 tarasu na coko\u0142ach! Odkryj nowy kalkulator Buzon!Zapoznaj si\u0119 z...","protected":false},"author":5,"featured_media":0,"parent":0,"menu_order":3,"comment_status":"closed","ping_status":"closed","template":"","meta":{"_acf_changed":false,"footnotes":""},"accesories_category":[],"sizes":[],"plot_serie":[],"accesories_category_type":[],"accessories_categories_subtype":[],"accessories_categories_applica":[],"class_list":["post-47148","page","type-page","status-publish","hentry"],"acf":[],"yoast_head":"<!-- This site is optimized with the Yoast SEO plugin v27.1.1 - https:\/\/yoast.com\/product\/yoast-seo-wordpress\/ -->\n<title>Nowy kalkulator Buzon - Buzon<\/title>\n<meta name=\"description\" content=\"Buzon Pedestal International SA zostaje Diamentowym Partnerem Pawilonu Belgijskiego na Wystawie \u015awiatowej Expo 2025 w Osace: Zobowi\u0105zanie do innowacji i zr\u00f3wnowa\u017conego rozwoju.Buzon Pedestal International zostaje Diamentowym Partnerem Pawilonu Belgijskiego na Wystawie \u015awiatowej Expo 2025 w Osace: Zobowi\u0105zanie do innowacji i zr\u00f3wnowa\u017conego rozwoju.\" \/>\n<meta name=\"robots\" content=\"index, follow, max-snippet:-1, max-image-preview:large, max-video-preview:-1\" \/>\n<link rel=\"canonical\" href=\"https:\/\/www.buzon-world.com\/pl\/nowy-kalkulator-buzon\/\" \/>\n<meta property=\"og:locale\" content=\"pl_PL\" \/>\n<meta property=\"og:type\" content=\"article\" \/>\n<meta property=\"og:title\" content=\"Nowy kalkulator Buzon - Buzon\" \/>\n<meta property=\"og:description\" content=\"Buzon Pedestal International SA zostaje Diamentowym Partnerem Pawilonu Belgijskiego na Wystawie \u015awiatowej Expo 2025 w Osace: Zobowi\u0105zanie do innowacji i zr\u00f3wnowa\u017conego rozwoju.Buzon Pedestal International zostaje Diamentowym Partnerem Pawilonu Belgijskiego na Wystawie \u015awiatowej Expo 2025 w Osace: Zobowi\u0105zanie do innowacji i zr\u00f3wnowa\u017conego rozwoju.\" \/>\n<meta property=\"og:url\" content=\"https:\/\/www.buzon-world.com\/pl\/nowy-kalkulator-buzon\/\" \/>\n<meta property=\"og:site_name\" content=\"Buzon\" \/>\n<meta property=\"article:modified_time\" content=\"2025-09-08T10:57:02+00:00\" \/>\n<meta name=\"twitter:card\" content=\"summary_large_image\" \/>\n<meta name=\"twitter:label1\" content=\"Szacowany czas czytania\" \/>\n\t<meta name=\"twitter:data1\" content=\"3 minuta\" \/>\n<script type=\"application\/ld+json\" class=\"yoast-schema-graph\">{\"@context\":\"https:\/\/schema.org\",\"@graph\":[{\"@type\":\"WebPage\",\"@id\":\"https:\/\/www.buzon-world.com\/pl\/nowy-kalkulator-buzon\/\",\"url\":\"https:\/\/www.buzon-world.com\/pl\/nowy-kalkulator-buzon\/\",\"name\":\"Nowy kalkulator Buzon - Buzon\",\"isPartOf\":{\"@id\":\"https:\/\/www.buzon-world.com\/pl\/#website\"},\"datePublished\":\"2025-04-08T06:48:06+00:00\",\"dateModified\":\"2025-09-08T10:57:02+00:00\",\"description\":\"Buzon Pedestal International SA zostaje Diamentowym Partnerem Pawilonu Belgijskiego na Wystawie \u015awiatowej Expo 2025 w Osace: Zobowi\u0105zanie do innowacji i zr\u00f3wnowa\u017conego rozwoju.Buzon Pedestal International zostaje Diamentowym Partnerem Pawilonu Belgijskiego na Wystawie \u015awiatowej Expo 2025 w Osace: Zobowi\u0105zanie do innowacji i zr\u00f3wnowa\u017conego rozwoju.\",\"breadcrumb\":{\"@id\":\"https:\/\/www.buzon-world.com\/pl\/nowy-kalkulator-buzon\/#breadcrumb\"},\"inLanguage\":\"pl-PL\",\"potentialAction\":[{\"@type\":\"ReadAction\",\"target\":[\"https:\/\/www.buzon-world.com\/pl\/nowy-kalkulator-buzon\/\"]}]},{\"@type\":\"BreadcrumbList\",\"@id\":\"https:\/\/www.buzon-world.com\/pl\/nowy-kalkulator-buzon\/#breadcrumb\",\"itemListElement\":[{\"@type\":\"ListItem\",\"position\":1,\"name\":\"Strona g\u0142\u00f3wna\",\"item\":\"https:\/\/www.buzon-world.com\/pl\/\"},{\"@type\":\"ListItem\",\"position\":2,\"name\":\"Nowy kalkulator Buzon\"}]},{\"@type\":\"WebSite\",\"@id\":\"https:\/\/www.buzon-world.com\/pl\/#website\",\"url\":\"https:\/\/www.buzon-world.com\/pl\/\",\"name\":\"Buzon\",\"description\":\"Just another WordPress site\",\"potentialAction\":[{\"@type\":\"SearchAction\",\"target\":{\"@type\":\"EntryPoint\",\"urlTemplate\":\"https:\/\/www.buzon-world.com\/pl\/?s={search_term_string}\"},\"query-input\":{\"@type\":\"PropertyValueSpecification\",\"valueRequired\":true,\"valueName\":\"search_term_string\"}}],\"inLanguage\":\"pl-PL\"}]}<\/script>\n<!-- \/ Yoast SEO plugin. -->","yoast_head_json":{"title":"Nowy kalkulator Buzon - Buzon","description":"Buzon Pedestal International SA zostaje Diamentowym Partnerem Pawilonu Belgijskiego na Wystawie \u015awiatowej Expo 2025 w Osace: Zobowi\u0105zanie do innowacji i zr\u00f3wnowa\u017conego rozwoju.Buzon Pedestal International zostaje Diamentowym Partnerem Pawilonu Belgijskiego na Wystawie \u015awiatowej Expo 2025 w Osace: Zobowi\u0105zanie do innowacji i zr\u00f3wnowa\u017conego rozwoju.","robots":{"index":"index","follow":"follow","max-snippet":"max-snippet:-1","max-image-preview":"max-image-preview:large","max-video-preview":"max-video-preview:-1"},"canonical":"https:\/\/www.buzon-world.com\/pl\/nowy-kalkulator-buzon\/","og_locale":"pl_PL","og_type":"article","og_title":"Nowy kalkulator Buzon - Buzon","og_description":"Buzon Pedestal International SA zostaje Diamentowym Partnerem Pawilonu Belgijskiego na Wystawie \u015awiatowej Expo 2025 w Osace: Zobowi\u0105zanie do innowacji i zr\u00f3wnowa\u017conego rozwoju.Buzon Pedestal International zostaje Diamentowym Partnerem Pawilonu Belgijskiego na Wystawie \u015awiatowej Expo 2025 w Osace: Zobowi\u0105zanie do innowacji i zr\u00f3wnowa\u017conego rozwoju.","og_url":"https:\/\/www.buzon-world.com\/pl\/nowy-kalkulator-buzon\/","og_site_name":"Buzon","article_modified_time":"2025-09-08T10:57:02+00:00","twitter_card":"summary_large_image","twitter_misc":{"Szacowany czas czytania":"3 minuta"},"schema":{"@context":"https:\/\/schema.org","@graph":[{"@type":"WebPage","@id":"https:\/\/www.buzon-world.com\/pl\/nowy-kalkulator-buzon\/","url":"https:\/\/www.buzon-world.com\/pl\/nowy-kalkulator-buzon\/","name":"Nowy kalkulator Buzon - Buzon","isPartOf":{"@id":"https:\/\/www.buzon-world.com\/pl\/#website"},"datePublished":"2025-04-08T06:48:06+00:00","dateModified":"2025-09-08T10:57:02+00:00","description":"Buzon Pedestal International SA zostaje Diamentowym Partnerem Pawilonu Belgijskiego na Wystawie \u015awiatowej Expo 2025 w Osace: Zobowi\u0105zanie do innowacji i zr\u00f3wnowa\u017conego rozwoju.Buzon Pedestal International zostaje Diamentowym Partnerem Pawilonu Belgijskiego na Wystawie \u015awiatowej Expo 2025 w Osace: Zobowi\u0105zanie do innowacji i zr\u00f3wnowa\u017conego rozwoju.","breadcrumb":{"@id":"https:\/\/www.buzon-world.com\/pl\/nowy-kalkulator-buzon\/#breadcrumb"},"inLanguage":"pl-PL","potentialAction":[{"@type":"ReadAction","target":["https:\/\/www.buzon-world.com\/pl\/nowy-kalkulator-buzon\/"]}]},{"@type":"BreadcrumbList","@id":"https:\/\/www.buzon-world.com\/pl\/nowy-kalkulator-buzon\/#breadcrumb","itemListElement":[{"@type":"ListItem","position":1,"name":"Strona g\u0142\u00f3wna","item":"https:\/\/www.buzon-world.com\/pl\/"},{"@type":"ListItem","position":2,"name":"Nowy kalkulator Buzon"}]},{"@type":"WebSite","@id":"https:\/\/www.buzon-world.com\/pl\/#website","url":"https:\/\/www.buzon-world.com\/pl\/","name":"Buzon","description":"Just another WordPress site","potentialAction":[{"@type":"SearchAction","target":{"@type":"EntryPoint","urlTemplate":"https:\/\/www.buzon-world.com\/pl\/?s={search_term_string}"},"query-input":{"@type":"PropertyValueSpecification","valueRequired":true,"valueName":"search_term_string"}}],"inLanguage":"pl-PL"}]}},"_links":{"self":[{"href":"https:\/\/www.buzon-world.com\/pl\/wp-json\/wp\/v2\/pages\/47148","targetHints":{"allow":["GET"]}}],"collection":[{"href":"https:\/\/www.buzon-world.com\/pl\/wp-json\/wp\/v2\/pages"}],"about":[{"href":"https:\/\/www.buzon-world.com\/pl\/wp-json\/wp\/v2\/types\/page"}],"author":[{"embeddable":true,"href":"https:\/\/www.buzon-world.com\/pl\/wp-json\/wp\/v2\/users\/5"}],"replies":[{"embeddable":true,"href":"https:\/\/www.buzon-world.com\/pl\/wp-json\/wp\/v2\/comments?post=47148"}],"version-history":[{"count":2,"href":"https:\/\/www.buzon-world.com\/pl\/wp-json\/wp\/v2\/pages\/47148\/revisions"}],"predecessor-version":[{"id":47150,"href":"https:\/\/www.buzon-world.com\/pl\/wp-json\/wp\/v2\/pages\/47148\/revisions\/47150"}],"wp:attachment":[{"href":"https:\/\/www.buzon-world.com\/pl\/wp-json\/wp\/v2\/media?parent=47148"}],"wp:term":[{"taxonomy":"accesories_category","embeddable":true,"href":"https:\/\/www.buzon-world.com\/pl\/wp-json\/wp\/v2\/accesories_category?post=47148"},{"taxonomy":"sizes","embeddable":true,"href":"https:\/\/www.buzon-world.com\/pl\/wp-json\/wp\/v2\/sizes?post=47148"},{"taxonomy":"plot_serie","embeddable":true,"href":"https:\/\/www.buzon-world.com\/pl\/wp-json\/wp\/v2\/plot_serie?post=47148"},{"taxonomy":"accesories_category_type","embeddable":true,"href":"https:\/\/www.buzon-world.com\/pl\/wp-json\/wp\/v2\/accesories_category_type?post=47148"},{"taxonomy":"accessories_categories_subtype","embeddable":true,"href":"https:\/\/www.buzon-world.com\/pl\/wp-json\/wp\/v2\/accessories_categories_subtype?post=47148"},{"taxonomy":"accessories_categories_applica","embeddable":true,"href":"https:\/\/www.buzon-world.com\/pl\/wp-json\/wp\/v2\/accessories_categories_applica?post=47148"}],"curies":[{"name":"wp","href":"https:\/\/api.w.org\/{rel}","templated":true}]}}