{"id":47186,"date":"2024-01-24T15:44:22","date_gmt":"2024-01-24T13:44:22","guid":{"rendered":"https:\/\/www.buzon-world.com\/polityka-dotyczaca-plikow-cookie\/"},"modified":"2026-01-16T16:39:23","modified_gmt":"2026-01-16T14:39:23","slug":"polityka-dotyczaca-plikow-cookie","status":"publish","type":"page","link":"https:\/\/www.buzon-world.com\/pl\/polityka-dotyczaca-plikow-cookie\/","title":{"rendered":"Polityka dotycz\u0105ca plik\u00f3w cookie"},"content":{"rendered":"<section class=\"l-section wpb_row height_large\"><div class=\"l-section-h i-cf\"><div class=\"g-cols vc_row via_flex valign_top type_default stacking_default\"><div class=\"vc_col-sm-12 wpb_column vc_column_container\"><div class=\"vc_column-inner\"><div class=\"wpb_wrapper\"><div class=\"g-cols wpb_row via_flex valign_top type_default stacking_default\"><div class=\"vc_col-sm-8 wpb_column vc_column_container\"><div class=\"vc_column-inner\"><div class=\"wpb_wrapper\"><div class=\"wpb_text_column\"><div class=\"wpb_wrapper\"><h1>Polityka dotycz\u0105ca plik\u00f3w cookie<\/h1>\n<\/div><\/div><div class=\"w-separator size_medium\"><\/div><div class=\"wpb_text_column\"><div class=\"wpb_wrapper\"><p><script id=\"CookieDeclaration\" src=\"https:\/\/consent.cookiebot.com\/19b1d277-f97a-4fde-8a7c-aeb22f663a03\/cd.js\" type=\"text\/javascript\" async><\/script><\/p>\n<\/div><\/div><\/div><\/div><\/div><div class=\"vc_col-sm-4 wpb_column vc_column_container\"><div class=\"vc_column-inner\"><div class=\"wpb_wrapper\"><\/div><\/div><\/div><\/div><div class=\"w-separator size_medium\"><\/div><\/div><\/div><\/div><\/div><\/div><\/section>\n","protected":false},"excerpt":{"rendered":"Polityka dotycz\u0105ca plik\u00f3w cookie","protected":false},"author":1,"featured_media":0,"parent":0,"menu_order":2,"comment_status":"closed","ping_status":"closed","template":"","meta":{"_acf_changed":false,"footnotes":""},"accesories_category":[],"sizes":[],"plot_serie":[],"accesories_category_type":[],"accessories_categories_subtype":[],"accessories_categories_applica":[],"class_list":["post-47186","page","type-page","status-publish","hentry"],"acf":[],"yoast_head":"<!-- This site is optimized with the Yoast SEO plugin v27.1.1 - https:\/\/yoast.com\/product\/yoast-seo-wordpress\/ -->\n<title>Polityka dotycz\u0105ca plik\u00f3w cookie | Buzon \u2013 Informacje<\/title>\n<meta name=\"description\" content=\"Zapoznaj si\u0119 z polityk\u0105 plik\u00f3w cookie Buzon: jak wykorzystujemy cookies, aby poprawi\u0107 funkcjonalno\u015b\u0107 i chroni\u0107 Twoj\u0105 prywatno\u015b\u0107.\" \/>\n<meta name=\"robots\" content=\"index, follow, max-snippet:-1, max-image-preview:large, max-video-preview:-1\" \/>\n<link rel=\"canonical\" href=\"https:\/\/www.buzon-world.com\/pl\/polityka-dotyczaca-plikow-cookie\/\" \/>\n<meta property=\"og:locale\" content=\"pl_PL\" \/>\n<meta property=\"og:type\" content=\"article\" \/>\n<meta property=\"og:title\" content=\"Polityka dotycz\u0105ca plik\u00f3w cookie | Buzon \u2013 Informacje\" \/>\n<meta property=\"og:description\" content=\"Zapoznaj si\u0119 z polityk\u0105 plik\u00f3w cookie Buzon: jak wykorzystujemy cookies, aby poprawi\u0107 funkcjonalno\u015b\u0107 i chroni\u0107 Twoj\u0105 prywatno\u015b\u0107.\" \/>\n<meta property=\"og:url\" content=\"https:\/\/www.buzon-world.com\/pl\/polityka-dotyczaca-plikow-cookie\/\" \/>\n<meta property=\"og:site_name\" content=\"Buzon\" \/>\n<meta property=\"article:modified_time\" content=\"2026-01-16T14:39:23+00:00\" \/>\n<meta name=\"twitter:card\" content=\"summary_large_image\" \/>\n<meta name=\"twitter:label1\" content=\"Szacowany czas czytania\" \/>\n\t<meta name=\"twitter:data1\" content=\"1 minuta\" \/>\n<script type=\"application\/ld+json\" class=\"yoast-schema-graph\">{\"@context\":\"https:\/\/schema.org\",\"@graph\":[{\"@type\":\"WebPage\",\"@id\":\"https:\/\/www.buzon-world.com\/pl\/polityka-dotyczaca-plikow-cookie\/\",\"url\":\"https:\/\/www.buzon-world.com\/pl\/polityka-dotyczaca-plikow-cookie\/\",\"name\":\"Polityka dotycz\u0105ca plik\u00f3w cookie | Buzon \u2013 Informacje\",\"isPartOf\":{\"@id\":\"https:\/\/www.buzon-world.com\/pl\/#website\"},\"datePublished\":\"2024-01-24T13:44:22+00:00\",\"dateModified\":\"2026-01-16T14:39:23+00:00\",\"description\":\"Zapoznaj si\u0119 z polityk\u0105 plik\u00f3w cookie Buzon: jak wykorzystujemy cookies, aby poprawi\u0107 funkcjonalno\u015b\u0107 i chroni\u0107 Twoj\u0105 prywatno\u015b\u0107.\",\"breadcrumb\":{\"@id\":\"https:\/\/www.buzon-world.com\/pl\/polityka-dotyczaca-plikow-cookie\/#breadcrumb\"},\"inLanguage\":\"pl-PL\",\"potentialAction\":[{\"@type\":\"ReadAction\",\"target\":[\"https:\/\/www.buzon-world.com\/pl\/polityka-dotyczaca-plikow-cookie\/\"]}]},{\"@type\":\"BreadcrumbList\",\"@id\":\"https:\/\/www.buzon-world.com\/pl\/polityka-dotyczaca-plikow-cookie\/#breadcrumb\",\"itemListElement\":[{\"@type\":\"ListItem\",\"position\":1,\"name\":\"Strona g\u0142\u00f3wna\",\"item\":\"https:\/\/www.buzon-world.com\/pl\/\"},{\"@type\":\"ListItem\",\"position\":2,\"name\":\"Polityka dotycz\u0105ca plik\u00f3w cookie\"}]},{\"@type\":\"WebSite\",\"@id\":\"https:\/\/www.buzon-world.com\/pl\/#website\",\"url\":\"https:\/\/www.buzon-world.com\/pl\/\",\"name\":\"Buzon\",\"description\":\"Just another WordPress site\",\"potentialAction\":[{\"@type\":\"SearchAction\",\"target\":{\"@type\":\"EntryPoint\",\"urlTemplate\":\"https:\/\/www.buzon-world.com\/pl\/?s={search_term_string}\"},\"query-input\":{\"@type\":\"PropertyValueSpecification\",\"valueRequired\":true,\"valueName\":\"search_term_string\"}}],\"inLanguage\":\"pl-PL\"}]}<\/script>\n<!-- \/ Yoast SEO plugin. -->","yoast_head_json":{"title":"Polityka dotycz\u0105ca plik\u00f3w cookie | Buzon \u2013 Informacje","description":"Zapoznaj si\u0119 z polityk\u0105 plik\u00f3w cookie Buzon: jak wykorzystujemy cookies, aby poprawi\u0107 funkcjonalno\u015b\u0107 i chroni\u0107 Twoj\u0105 prywatno\u015b\u0107.","robots":{"index":"index","follow":"follow","max-snippet":"max-snippet:-1","max-image-preview":"max-image-preview:large","max-video-preview":"max-video-preview:-1"},"canonical":"https:\/\/www.buzon-world.com\/pl\/polityka-dotyczaca-plikow-cookie\/","og_locale":"pl_PL","og_type":"article","og_title":"Polityka dotycz\u0105ca plik\u00f3w cookie | Buzon \u2013 Informacje","og_description":"Zapoznaj si\u0119 z polityk\u0105 plik\u00f3w cookie Buzon: jak wykorzystujemy cookies, aby poprawi\u0107 funkcjonalno\u015b\u0107 i chroni\u0107 Twoj\u0105 prywatno\u015b\u0107.","og_url":"https:\/\/www.buzon-world.com\/pl\/polityka-dotyczaca-plikow-cookie\/","og_site_name":"Buzon","article_modified_time":"2026-01-16T14:39:23+00:00","twitter_card":"summary_large_image","twitter_misc":{"Szacowany czas czytania":"1 minuta"},"schema":{"@context":"https:\/\/schema.org","@graph":[{"@type":"WebPage","@id":"https:\/\/www.buzon-world.com\/pl\/polityka-dotyczaca-plikow-cookie\/","url":"https:\/\/www.buzon-world.com\/pl\/polityka-dotyczaca-plikow-cookie\/","name":"Polityka dotycz\u0105ca plik\u00f3w cookie | Buzon \u2013 Informacje","isPartOf":{"@id":"https:\/\/www.buzon-world.com\/pl\/#website"},"datePublished":"2024-01-24T13:44:22+00:00","dateModified":"2026-01-16T14:39:23+00:00","description":"Zapoznaj si\u0119 z polityk\u0105 plik\u00f3w cookie Buzon: jak wykorzystujemy cookies, aby poprawi\u0107 funkcjonalno\u015b\u0107 i chroni\u0107 Twoj\u0105 prywatno\u015b\u0107.","breadcrumb":{"@id":"https:\/\/www.buzon-world.com\/pl\/polityka-dotyczaca-plikow-cookie\/#breadcrumb"},"inLanguage":"pl-PL","potentialAction":[{"@type":"ReadAction","target":["https:\/\/www.buzon-world.com\/pl\/polityka-dotyczaca-plikow-cookie\/"]}]},{"@type":"BreadcrumbList","@id":"https:\/\/www.buzon-world.com\/pl\/polityka-dotyczaca-plikow-cookie\/#breadcrumb","itemListElement":[{"@type":"ListItem","position":1,"name":"Strona g\u0142\u00f3wna","item":"https:\/\/www.buzon-world.com\/pl\/"},{"@type":"ListItem","position":2,"name":"Polityka dotycz\u0105ca plik\u00f3w cookie"}]},{"@type":"WebSite","@id":"https:\/\/www.buzon-world.com\/pl\/#website","url":"https:\/\/www.buzon-world.com\/pl\/","name":"Buzon","description":"Just another WordPress site","potentialAction":[{"@type":"SearchAction","target":{"@type":"EntryPoint","urlTemplate":"https:\/\/www.buzon-world.com\/pl\/?s={search_term_string}"},"query-input":{"@type":"PropertyValueSpecification","valueRequired":true,"valueName":"search_term_string"}}],"inLanguage":"pl-PL"}]}},"_links":{"self":[{"href":"https:\/\/www.buzon-world.com\/pl\/wp-json\/wp\/v2\/pages\/47186","targetHints":{"allow":["GET"]}}],"collection":[{"href":"https:\/\/www.buzon-world.com\/pl\/wp-json\/wp\/v2\/pages"}],"about":[{"href":"https:\/\/www.buzon-world.com\/pl\/wp-json\/wp\/v2\/types\/page"}],"author":[{"embeddable":true,"href":"https:\/\/www.buzon-world.com\/pl\/wp-json\/wp\/v2\/users\/1"}],"replies":[{"embeddable":true,"href":"https:\/\/www.buzon-world.com\/pl\/wp-json\/wp\/v2\/comments?post=47186"}],"version-history":[{"count":1,"href":"https:\/\/www.buzon-world.com\/pl\/wp-json\/wp\/v2\/pages\/47186\/revisions"}],"predecessor-version":[{"id":47187,"href":"https:\/\/www.buzon-world.com\/pl\/wp-json\/wp\/v2\/pages\/47186\/revisions\/47187"}],"wp:attachment":[{"href":"https:\/\/www.buzon-world.com\/pl\/wp-json\/wp\/v2\/media?parent=47186"}],"wp:term":[{"taxonomy":"accesories_category","embeddable":true,"href":"https:\/\/www.buzon-world.com\/pl\/wp-json\/wp\/v2\/accesories_category?post=47186"},{"taxonomy":"sizes","embeddable":true,"href":"https:\/\/www.buzon-world.com\/pl\/wp-json\/wp\/v2\/sizes?post=47186"},{"taxonomy":"plot_serie","embeddable":true,"href":"https:\/\/www.buzon-world.com\/pl\/wp-json\/wp\/v2\/plot_serie?post=47186"},{"taxonomy":"accesories_category_type","embeddable":true,"href":"https:\/\/www.buzon-world.com\/pl\/wp-json\/wp\/v2\/accesories_category_type?post=47186"},{"taxonomy":"accessories_categories_subtype","embeddable":true,"href":"https:\/\/www.buzon-world.com\/pl\/wp-json\/wp\/v2\/accessories_categories_subtype?post=47186"},{"taxonomy":"accessories_categories_applica","embeddable":true,"href":"https:\/\/www.buzon-world.com\/pl\/wp-json\/wp\/v2\/accessories_categories_applica?post=47186"}],"curies":[{"name":"wp","href":"https:\/\/api.w.org\/{rel}","templated":true}]}}