{"id":48182,"date":"2022-10-18T15:09:04","date_gmt":"2022-10-18T13:09:04","guid":{"rendered":"https:\/\/www.buzon-world.com\/taras-drewniany-lub-kompozytowy-2\/"},"modified":"2025-09-08T15:06:35","modified_gmt":"2025-09-08T13:06:35","slug":"taras-drewniany-lub-kompozytowy-2","status":"publish","type":"page","link":"https:\/\/www.buzon-world.com\/pl\/zastosowania\/tarasy-mieszkalne\/taras-drewniany-lub-kompozytowy-2\/","title":{"rendered":"Taras drewniany lub kompozytowy"},"content":{"rendered":"<section class=\"l-section wpb_row height_auto\"><div class=\"l-section-h i-cf\"><div class=\"g-cols vc_row via_flex valign_top type_default stacking_default\"><div class=\"vc_col-sm-12 wpb_column vc_column_container\"><div class=\"vc_column-inner\"><div class=\"wpb_wrapper\">[vc_raw_html]W3dwc2VvX2JyZWFkY3J1bWJd[\/vc_raw_html]<\/div><\/div><\/div><\/div><\/div><\/section><section class=\"l-section wpb_row height_medium\"><div class=\"l-section-h i-cf\"><div class=\"g-cols vc_row via_flex valign_top type_default stacking_default\"><div class=\"vc_col-sm-12 wpb_column vc_column_container\"><div class=\"vc_column-inner\"><div class=\"wpb_wrapper\"><div class=\"wpb_text_column longline\"><div class=\"wpb_wrapper\"><h2>Taras drewniany lub kompozytowy<\/h2>\n<\/div><\/div><div class=\"w-separator size_medium\"><\/div><div class=\"w-grid us_grid blacksqgrid2 type_grid layout_6689 cols_2 preload_style_spinner\" id=\"us_grid_1\" style=\"--columns:2;--gap:25px;\"><style>@media (max-width:786px){#us_grid_1{--columns:1!important}}.layout_6689 .w-grid-item-h{}.layout_6689 .usg_post_custom_field_1{margin-top:30px!important;margin-bottom:30px!important}.layout_6689 .usg_post_custom_field_3{font-weight:700!important}<\/style><div class=\"w-grid-list\">\t<article class=\"w-grid-item size_1x1 post-47379 page type-page status-publish has-post-thumbnail hentry accesories_category-seria-pb accesories_category-taras-drewniany-lub-kompozytowy accesories_category-akcesoria-standardowe-2 accesories_category_type-seria-pb accessories_categories_subtype-akcesoria-standardowe accessories_categories_applica-taras-drewniany-lub-kompozytowy\" data-id=\"47379\">\r\n\t\t<div class=\"w-grid-item-h\">\r\n\t\t\t\t\t\t<div class=\"w-post-elm post_image usg_post_image_2 aspectsquare has_ratio\"><a href=\"https:\/\/www.buzon-world.com\/pl\/produkty\/akcesoria\/akcesoria-pb\/pb-kit-5\/\" aria-label=\"PB-KIT-5\"><img loading=\"lazy\" decoding=\"async\" width=\"595\" height=\"303\" src=\"https:\/\/www.buzon-world.com\/wp-content\/uploads\/2023\/05\/overview-page-PB-WOOD-PB-KIT-5.png\" class=\"attachment-full size-full wp-post-image\" alt=\"\" \/><\/a><div style=\"padding-bottom:50.9434%\"><\/div><\/div><h3 class=\"w-post-elm post_custom_field usg_post_custom_field_1 longline type_text grid_title color_link_inherit\"><span class=\"w-post-elm-value\">Przewodnik po belkach drewnianych<\/span><\/h3><p class=\"w-post-elm post_custom_field usg_post_custom_field_2 type_text advantages color_link_inherit\"><span class=\"w-post-elm-before\">Zalety: <\/span><span class=\"w-post-elm-value\"><ul>\n<li>Szybki i \u0142atwy monta\u017c<\/li>\n<li>Rozwi\u0105zanie ekologiczne<\/li>\n<li>Mo\u017cliwo\u015b\u0107 zamocowania legara<\/li>\n<li>Zapewnia doskona\u0142\u0105 stabilno\u015b\u0107<\/li>\n<\/ul>\n<\/span><\/p><div class=\"w-html usg_html_2\"><br><\/div><span class=\"w-post-elm post_custom_field usg_post_custom_field_3 type_text extra_info_ color_link_inherit\"><p>Drewniane legary nie s\u0105 dostarczane przez firm\u0119 Buzon.<\/p>\n<\/span><div class=\"w-html usg_html_3\"><br><\/div><span class=\"w-post-elm post_custom_field usg_post_custom_field_4 type_text revetements color_link_inherit\"><span class=\"w-post-elm-before\">Pow\u0142oka: <\/span><span class=\"w-post-elm-value\">drewno naturalne lub kompozytowe<\/span><\/span><div class=\"w-html usg_html_1\"><br><\/div><a class=\"w-btn us-btn-style_3 usg_btn_1 buttonabsolutebottom\" href=\"https:\/\/www.buzon-world.com\/pl\/produkty\/akcesoria\/akcesoria-pb\/pb-kit-5\/\"><span class=\"w-btn-label\">Wi\u0119cej informacji<\/span><\/a>\t\t<\/div>\r\n\t\t\t<\/article>\r\n\t<article class=\"w-grid-item size_1x1 post-49042 page type-page status-publish has-post-thumbnail hentry accesories_category-taras-drewniany-lub-kompozytowy-2 accesories_category-seria-pb accesories_category-seria-dph accesories_category-akcesoria-standardowe accesories_category-wylozony-plytkami-taras-na-legarach-2 accesories_category-taras-drewniany-lub-kompozytowy accesories_category-akcesoria-standardowe-2 accesories_category_type-seria-pb accesories_category_type-seria-dph accessories_categories_subtype-akcesoria-standardowe accessories_categories_applica-wylozony-plytkami-taras-na-legarach accessories_categories_applica-taras-drewniany-lub-kompozytowy\" data-id=\"49042\">\r\n\t\t<div class=\"w-grid-item-h\">\r\n\t\t\t\t\t\t<div class=\"w-post-elm post_image usg_post_image_2 aspectsquare has_ratio\"><a href=\"https:\/\/www.buzon-world.com\/pl\/produkty\/system-e-brs\/u-brs-wood-m\/\" aria-label=\"U-BRS-WOOD-M\"><img loading=\"lazy\" decoding=\"async\" width=\"2000\" height=\"2000\" src=\"https:\/\/www.buzon-world.com\/wp-content\/uploads\/2023\/12\/U-BRS-24MM-WOOD-M-PACKSHOT.jpg\" class=\"attachment-full size-full wp-post-image\" alt=\"\" \/><\/a><div style=\"padding-bottom:50.9434%\"><\/div><\/div><h3 class=\"w-post-elm post_custom_field usg_post_custom_field_1 longline type_text grid_title color_link_inherit\"><span class=\"w-post-elm-value\">Belka stropowa do drewna - Naturalna<\/span><\/h3><p class=\"w-post-elm post_custom_field usg_post_custom_field_2 type_text advantages color_link_inherit\"><span class=\"w-post-elm-before\">Zalety: <\/span><span class=\"w-post-elm-value\"><ul>\n<li>Szybki i \u0142atwy monta\u017c<\/li>\n<li>Rozwi\u0105zanie ekologiczne<\/li>\n<li>Zapewnia doskona\u0142\u0105 stabilno\u015b\u0107 nawis\u00f3w<\/li>\n<li>Mo\u017cliwo\u015b\u0107 uk\u0142adania wielkoformatowych p\u0142yt drewnianych<\/li>\n<li>Zachowanie membrany hydroizolacyjnej<\/li>\n<li>Akcesoria do wyko\u0144czenia tarasu<\/li>\n<\/ul>\n<\/span><\/p><div class=\"w-html usg_html_2\"><br><\/div><span class=\"w-post-elm post_custom_field usg_post_custom_field_3 type_text extra_info_ color_link_inherit\"><p>Wymaga u\u017cycia coko\u0142\u00f3w PB.<\/p>\n<p>Deski drewniane i elementy mocuj\u0105ce nie s\u0105 dostarczane przez firm\u0119 Buzon.<\/p>\n<\/span><div class=\"w-html usg_html_3\"><br><\/div><span class=\"w-post-elm post_custom_field usg_post_custom_field_4 type_text revetements color_link_inherit\"><span class=\"w-post-elm-before\">Pow\u0142oka: <\/span><span class=\"w-post-elm-value\">drewno naturalne lub kompozytowe<\/span><\/span><div class=\"w-html usg_html_1\"><br><\/div><a class=\"w-btn us-btn-style_3 usg_btn_1 buttonabsolutebottom\" href=\"https:\/\/www.buzon-world.com\/pl\/produkty\/system-e-brs\/u-brs-wood-m\/\"><span class=\"w-btn-label\">Wi\u0119cej informacji<\/span><\/a>\t\t<\/div>\r\n\t\t\t<\/article>\r\n\t<article class=\"w-grid-item size_1x1 post-47191 page type-page status-publish has-post-thumbnail hentry accesories_category-akcesoria-standardowe-2 accesories_category-taras-drewniany-lub-kompozytowy-2 accesories_category-seria-pb accesories_category-seria-dph accesories_category-akcesoria-standardowe accesories_category-wylozony-plytkami-taras-na-legarach-2 accesories_category-taras-drewniany-lub-kompozytowy accesories_category_type-seria-pb accesories_category_type-seria-dph accessories_categories_subtype-akcesoria-standardowe accessories_categories_applica-wylozony-plytkami-taras-na-legarach accessories_categories_applica-taras-drewniany-lub-kompozytowy\" data-id=\"47191\">\r\n\t\t<div class=\"w-grid-item-h\">\r\n\t\t\t\t\t\t<div class=\"w-post-elm post_image usg_post_image_2 aspectsquare has_ratio\"><a href=\"https:\/\/www.buzon-world.com\/pl\/produkty\/system-e-brs\/u-brs-wood-b\/\" aria-label=\"U-BRS-WOOD-B\"><img loading=\"lazy\" decoding=\"async\" width=\"2000\" height=\"2000\" src=\"https:\/\/www.buzon-world.com\/wp-content\/uploads\/2023\/12\/U-BRS-24MM-WOOD-B-PACKSHOT.jpg\" class=\"attachment-full size-full wp-post-image\" alt=\"\" \/><\/a><div style=\"padding-bottom:50.9434%\"><\/div><\/div><h3 class=\"w-post-elm post_custom_field usg_post_custom_field_1 longline type_text grid_title color_link_inherit\"><span class=\"w-post-elm-value\">Belka stropowa do drewna \u2013 czarna<\/span><\/h3><p class=\"w-post-elm post_custom_field usg_post_custom_field_2 type_text advantages color_link_inherit\"><span class=\"w-post-elm-before\">Zalety: <\/span><span class=\"w-post-elm-value\"><ul>\n<li>Szybki i \u0142atwy monta\u017c<\/li>\n<li>Rozwi\u0105zanie ekologiczne<\/li>\n<li>Zapewnia doskona\u0142\u0105 stabilno\u015b\u0107 nawis\u00f3w<\/li>\n<li>Mo\u017cliwo\u015b\u0107 uk\u0142adania wielkoformatowych p\u0142yt drewnianych<\/li>\n<li>Zachowanie membrany hydroizolacyjnej<\/li>\n<li>Akcesoria do wyko\u0144czenia tarasu<\/li>\n<li>Unikanie odbi\u0107<\/li>\n<li>Lepsza odporno\u015b\u0107 na erozj\u0119<\/li>\n<li>Odporno\u015b\u0107 na korozj\u0119 (chlor, mokry beton, woda morska, piasek i s\u00f3l)<\/li>\n<\/ul>\n<\/span><\/p><div class=\"w-html usg_html_2\"><br><\/div><span class=\"w-post-elm post_custom_field usg_post_custom_field_3 type_text extra_info_ color_link_inherit\"><p><strong>Wymaga u\u017cycia coko\u0142\u00f3w PB.<\/strong><\/p>\n<p><strong>Deski drewniane i elementy mocuj\u0105ce nie s\u0105 dostarczane przez firm\u0119 Buzon.<\/strong><\/p>\n<\/span><div class=\"w-html usg_html_3\"><br><\/div><span class=\"w-post-elm post_custom_field usg_post_custom_field_4 type_text revetements color_link_inherit\"><span class=\"w-post-elm-before\">Pow\u0142oka: <\/span><span class=\"w-post-elm-value\">drewno naturalne lub kompozytowe<\/span><\/span><div class=\"w-html usg_html_1\"><br><\/div><a class=\"w-btn us-btn-style_3 usg_btn_1 buttonabsolutebottom\" href=\"https:\/\/www.buzon-world.com\/pl\/produkty\/system-e-brs\/u-brs-wood-b\/\"><span class=\"w-btn-label\">Wi\u0119cej informacji<\/span><\/a>\t\t<\/div>\r\n\t\t\t<\/article>\r\n<\/div>\t<div class=\"w-grid-preloader\">\r\n\t\t<div class=\"g-preloader type_1\">\r\n\t\t\t<div><\/div>\r\n\t\t<\/div>\r\n\t<\/div>\r\n\t\t<div class=\"w-grid-json hidden\" onclick='return {&quot;action&quot;:&quot;us_ajax_grid&quot;,&quot;infinite_scroll&quot;:0,&quot;max_num_pages&quot;:1,&quot;pagination&quot;:&quot;none&quot;,&quot;template_vars&quot;:{&quot;columns&quot;:&quot;2&quot;,&quot;exclude_items&quot;:&quot;none&quot;,&quot;img_size&quot;:&quot;default&quot;,&quot;ignore_items_size&quot;:0,&quot;items_layout&quot;:&quot;6689&quot;,&quot;items_offset&quot;:&quot;1&quot;,&quot;load_animation&quot;:&quot;none&quot;,&quot;overriding_link&quot;:&quot;{\\&quot;url\\&quot;:\\&quot;\\&quot;}&quot;,&quot;post_id&quot;:0,&quot;query_args&quot;:{&quot;ignore_sticky_posts&quot;:1,&quot;post_type&quot;:&quot;any&quot;,&quot;post__in&quot;:[&quot;1140&quot;,&quot;1346&quot;,&quot;6715&quot;,&quot;1144&quot;],&quot;posts_per_page&quot;:999},&quot;orderby_query_args&quot;:{&quot;orderby&quot;:{&quot;post__in&quot;:&quot;ASC&quot;},&quot;order&quot;:&quot;ASC&quot;},&quot;type&quot;:&quot;grid&quot;,&quot;us_grid_post_type&quot;:&quot;ids&quot;,&quot;us_grid_ajax_index&quot;:1,&quot;us_grid_filter_query_string&quot;:null,&quot;us_grid_index&quot;:1,&quot;page_args&quot;:[],&quot;lang&quot;:&quot;pl&quot;}}'><\/div>\r\n\t<\/div><\/div><\/div><\/div><\/div><\/div><\/section>\n","protected":false},"excerpt":{"rendered":"[vc_raw_html]W3dwc2VvX2JyZWFkY3J1bWJdCg==[\/vc_raw_html]2023-12-08U-BRS-WOOD-B Belka aluminiowa Legary aluminiowe U-BRS-24-WOOD-B umo\u017cliwiaj\u0105 i u\u0142atwiaj\u0105 monta\u017c desek drewnianych lub kompozytowych. Zaoszcz\u0119dzony czas i zwi\u0119kszona stabilno\u015b\u0107 konstrukcji zachwyc\u0105 profesjonalist\u00f3w. Wysoko\u015b\u0107 legara wynosi 24 mm. Wspornik do legar\u00f3w U-BRS-24-WOOD-B, PB-KIT-2, jest wymagany do mocowania legar\u00f3w na coko\u0142ach BUZON z serii PB. Zestaw PB-KIT-2 mocuje si\u0119 na cokole poprzez proste naci\u015bni\u0119cie. Po zamontowaniu na...","protected":false},"author":1,"featured_media":47384,"parent":48745,"menu_order":2,"comment_status":"closed","ping_status":"closed","template":"","meta":{"_acf_changed":false,"footnotes":""},"accesories_category":[],"sizes":[],"plot_serie":[],"accesories_category_type":[],"accessories_categories_subtype":[],"accessories_categories_applica":[],"class_list":["post-48182","page","type-page","status-publish","has-post-thumbnail","hentry"],"acf":[],"yoast_head":"<!-- This site is optimized with the Yoast SEO plugin v27.1.1 - https:\/\/yoast.com\/product\/yoast-seo-wordpress\/ -->\n<title>Taras drewniany lub kompozytowy | Buzon World<\/title>\n<meta name=\"description\" content=\"Od ponad 35 lat firma Buzon zajmuje si\u0119 projektowaniem, opracowywaniem i produkcj\u0105 coko\u0142\u00f3w pod\u0142ogowych do taras\u00f3w drewnianych lub kompozytowych.\" \/>\n<meta name=\"robots\" content=\"index, follow, max-snippet:-1, max-image-preview:large, max-video-preview:-1\" \/>\n<link rel=\"canonical\" href=\"https:\/\/www.buzon-world.com\/pl\/zastosowania\/tarasy-mieszkalne\/taras-drewniany-lub-kompozytowy-2\/\" \/>\n<meta property=\"og:locale\" content=\"pl_PL\" \/>\n<meta property=\"og:type\" content=\"article\" \/>\n<meta property=\"og:title\" content=\"Taras drewniany lub kompozytowy | Buzon World\" \/>\n<meta property=\"og:description\" content=\"Od ponad 35 lat firma Buzon zajmuje si\u0119 projektowaniem, opracowywaniem i produkcj\u0105 coko\u0142\u00f3w pod\u0142ogowych do taras\u00f3w drewnianych lub kompozytowych.\" \/>\n<meta property=\"og:url\" content=\"https:\/\/www.buzon-world.com\/pl\/zastosowania\/tarasy-mieszkalne\/taras-drewniany-lub-kompozytowy-2\/\" \/>\n<meta property=\"og:site_name\" content=\"Buzon\" \/>\n<meta property=\"article:modified_time\" content=\"2025-09-08T13:06:35+00:00\" \/>\n<meta property=\"og:image\" content=\"https:\/\/www.buzon-world.com\/wp-content\/uploads\/2023\/05\/overview-page-PB-WOOD-PB-KIT-5.png\" \/>\n\t<meta property=\"og:image:width\" content=\"595\" \/>\n\t<meta property=\"og:image:height\" content=\"303\" \/>\n\t<meta property=\"og:image:type\" content=\"image\/png\" \/>\n<meta name=\"twitter:card\" content=\"summary_large_image\" \/>\n<script type=\"application\/ld+json\" class=\"yoast-schema-graph\">{\"@context\":\"https:\/\/schema.org\",\"@graph\":[{\"@type\":\"WebPage\",\"@id\":\"https:\/\/www.buzon-world.com\/pl\/zastosowania\/tarasy-mieszkalne\/taras-drewniany-lub-kompozytowy-2\/\",\"url\":\"https:\/\/www.buzon-world.com\/pl\/zastosowania\/tarasy-mieszkalne\/taras-drewniany-lub-kompozytowy-2\/\",\"name\":\"Taras drewniany lub kompozytowy | Buzon World\",\"isPartOf\":{\"@id\":\"https:\/\/www.buzon-world.com\/pl\/#website\"},\"primaryImageOfPage\":{\"@id\":\"https:\/\/www.buzon-world.com\/pl\/zastosowania\/tarasy-mieszkalne\/taras-drewniany-lub-kompozytowy-2\/#primaryimage\"},\"image\":{\"@id\":\"https:\/\/www.buzon-world.com\/pl\/zastosowania\/tarasy-mieszkalne\/taras-drewniany-lub-kompozytowy-2\/#primaryimage\"},\"thumbnailUrl\":\"https:\/\/www.buzon-world.com\/wp-content\/uploads\/2023\/05\/overview-page-PB-WOOD-PB-KIT-5.png\",\"datePublished\":\"2022-10-18T13:09:04+00:00\",\"dateModified\":\"2025-09-08T13:06:35+00:00\",\"description\":\"Od ponad 35 lat firma Buzon zajmuje si\u0119 projektowaniem, opracowywaniem i produkcj\u0105 coko\u0142\u00f3w pod\u0142ogowych do taras\u00f3w drewnianych lub kompozytowych.\",\"breadcrumb\":{\"@id\":\"https:\/\/www.buzon-world.com\/pl\/zastosowania\/tarasy-mieszkalne\/taras-drewniany-lub-kompozytowy-2\/#breadcrumb\"},\"inLanguage\":\"pl-PL\",\"potentialAction\":[{\"@type\":\"ReadAction\",\"target\":[\"https:\/\/www.buzon-world.com\/pl\/zastosowania\/tarasy-mieszkalne\/taras-drewniany-lub-kompozytowy-2\/\"]}]},{\"@type\":\"ImageObject\",\"inLanguage\":\"pl-PL\",\"@id\":\"https:\/\/www.buzon-world.com\/pl\/zastosowania\/tarasy-mieszkalne\/taras-drewniany-lub-kompozytowy-2\/#primaryimage\",\"url\":\"https:\/\/www.buzon-world.com\/wp-content\/uploads\/2023\/05\/overview-page-PB-WOOD-PB-KIT-5.png\",\"contentUrl\":\"https:\/\/www.buzon-world.com\/wp-content\/uploads\/2023\/05\/overview-page-PB-WOOD-PB-KIT-5.png\",\"width\":595,\"height\":303},{\"@type\":\"BreadcrumbList\",\"@id\":\"https:\/\/www.buzon-world.com\/pl\/zastosowania\/tarasy-mieszkalne\/taras-drewniany-lub-kompozytowy-2\/#breadcrumb\",\"itemListElement\":[{\"@type\":\"ListItem\",\"position\":1,\"name\":\"Strona g\u0142\u00f3wna\",\"item\":\"https:\/\/www.buzon-world.com\/pl\/\"},{\"@type\":\"ListItem\",\"position\":2,\"name\":\"Zastosowania\",\"item\":\"https:\/\/www.buzon-world.com\/pl\/zastosowania\/\"},{\"@type\":\"ListItem\",\"position\":3,\"name\":\"Tarasy mieszkalne\",\"item\":\"https:\/\/www.buzon-world.com\/pl\/zastosowania\/tarasy-mieszkalne\/\"},{\"@type\":\"ListItem\",\"position\":4,\"name\":\"Taras drewniany lub kompozytowy\"}]},{\"@type\":\"WebSite\",\"@id\":\"https:\/\/www.buzon-world.com\/pl\/#website\",\"url\":\"https:\/\/www.buzon-world.com\/pl\/\",\"name\":\"Buzon\",\"description\":\"Just another WordPress site\",\"potentialAction\":[{\"@type\":\"SearchAction\",\"target\":{\"@type\":\"EntryPoint\",\"urlTemplate\":\"https:\/\/www.buzon-world.com\/pl\/?s={search_term_string}\"},\"query-input\":{\"@type\":\"PropertyValueSpecification\",\"valueRequired\":true,\"valueName\":\"search_term_string\"}}],\"inLanguage\":\"pl-PL\"}]}<\/script>\n<!-- \/ Yoast SEO plugin. -->","yoast_head_json":{"title":"Taras drewniany lub kompozytowy | Buzon World","description":"Od ponad 35 lat firma Buzon zajmuje si\u0119 projektowaniem, opracowywaniem i produkcj\u0105 coko\u0142\u00f3w pod\u0142ogowych do taras\u00f3w drewnianych lub kompozytowych.","robots":{"index":"index","follow":"follow","max-snippet":"max-snippet:-1","max-image-preview":"max-image-preview:large","max-video-preview":"max-video-preview:-1"},"canonical":"https:\/\/www.buzon-world.com\/pl\/zastosowania\/tarasy-mieszkalne\/taras-drewniany-lub-kompozytowy-2\/","og_locale":"pl_PL","og_type":"article","og_title":"Taras drewniany lub kompozytowy | Buzon World","og_description":"Od ponad 35 lat firma Buzon zajmuje si\u0119 projektowaniem, opracowywaniem i produkcj\u0105 coko\u0142\u00f3w pod\u0142ogowych do taras\u00f3w drewnianych lub kompozytowych.","og_url":"https:\/\/www.buzon-world.com\/pl\/zastosowania\/tarasy-mieszkalne\/taras-drewniany-lub-kompozytowy-2\/","og_site_name":"Buzon","article_modified_time":"2025-09-08T13:06:35+00:00","og_image":[{"width":595,"height":303,"url":"https:\/\/www.buzon-world.com\/wp-content\/uploads\/2023\/05\/overview-page-PB-WOOD-PB-KIT-5.png","type":"image\/png"}],"twitter_card":"summary_large_image","schema":{"@context":"https:\/\/schema.org","@graph":[{"@type":"WebPage","@id":"https:\/\/www.buzon-world.com\/pl\/zastosowania\/tarasy-mieszkalne\/taras-drewniany-lub-kompozytowy-2\/","url":"https:\/\/www.buzon-world.com\/pl\/zastosowania\/tarasy-mieszkalne\/taras-drewniany-lub-kompozytowy-2\/","name":"Taras drewniany lub kompozytowy | Buzon World","isPartOf":{"@id":"https:\/\/www.buzon-world.com\/pl\/#website"},"primaryImageOfPage":{"@id":"https:\/\/www.buzon-world.com\/pl\/zastosowania\/tarasy-mieszkalne\/taras-drewniany-lub-kompozytowy-2\/#primaryimage"},"image":{"@id":"https:\/\/www.buzon-world.com\/pl\/zastosowania\/tarasy-mieszkalne\/taras-drewniany-lub-kompozytowy-2\/#primaryimage"},"thumbnailUrl":"https:\/\/www.buzon-world.com\/wp-content\/uploads\/2023\/05\/overview-page-PB-WOOD-PB-KIT-5.png","datePublished":"2022-10-18T13:09:04+00:00","dateModified":"2025-09-08T13:06:35+00:00","description":"Od ponad 35 lat firma Buzon zajmuje si\u0119 projektowaniem, opracowywaniem i produkcj\u0105 coko\u0142\u00f3w pod\u0142ogowych do taras\u00f3w drewnianych lub kompozytowych.","breadcrumb":{"@id":"https:\/\/www.buzon-world.com\/pl\/zastosowania\/tarasy-mieszkalne\/taras-drewniany-lub-kompozytowy-2\/#breadcrumb"},"inLanguage":"pl-PL","potentialAction":[{"@type":"ReadAction","target":["https:\/\/www.buzon-world.com\/pl\/zastosowania\/tarasy-mieszkalne\/taras-drewniany-lub-kompozytowy-2\/"]}]},{"@type":"ImageObject","inLanguage":"pl-PL","@id":"https:\/\/www.buzon-world.com\/pl\/zastosowania\/tarasy-mieszkalne\/taras-drewniany-lub-kompozytowy-2\/#primaryimage","url":"https:\/\/www.buzon-world.com\/wp-content\/uploads\/2023\/05\/overview-page-PB-WOOD-PB-KIT-5.png","contentUrl":"https:\/\/www.buzon-world.com\/wp-content\/uploads\/2023\/05\/overview-page-PB-WOOD-PB-KIT-5.png","width":595,"height":303},{"@type":"BreadcrumbList","@id":"https:\/\/www.buzon-world.com\/pl\/zastosowania\/tarasy-mieszkalne\/taras-drewniany-lub-kompozytowy-2\/#breadcrumb","itemListElement":[{"@type":"ListItem","position":1,"name":"Strona g\u0142\u00f3wna","item":"https:\/\/www.buzon-world.com\/pl\/"},{"@type":"ListItem","position":2,"name":"Zastosowania","item":"https:\/\/www.buzon-world.com\/pl\/zastosowania\/"},{"@type":"ListItem","position":3,"name":"Tarasy mieszkalne","item":"https:\/\/www.buzon-world.com\/pl\/zastosowania\/tarasy-mieszkalne\/"},{"@type":"ListItem","position":4,"name":"Taras drewniany lub kompozytowy"}]},{"@type":"WebSite","@id":"https:\/\/www.buzon-world.com\/pl\/#website","url":"https:\/\/www.buzon-world.com\/pl\/","name":"Buzon","description":"Just another WordPress site","potentialAction":[{"@type":"SearchAction","target":{"@type":"EntryPoint","urlTemplate":"https:\/\/www.buzon-world.com\/pl\/?s={search_term_string}"},"query-input":{"@type":"PropertyValueSpecification","valueRequired":true,"valueName":"search_term_string"}}],"inLanguage":"pl-PL"}]}},"_links":{"self":[{"href":"https:\/\/www.buzon-world.com\/pl\/wp-json\/wp\/v2\/pages\/48182","targetHints":{"allow":["GET"]}}],"collection":[{"href":"https:\/\/www.buzon-world.com\/pl\/wp-json\/wp\/v2\/pages"}],"about":[{"href":"https:\/\/www.buzon-world.com\/pl\/wp-json\/wp\/v2\/types\/page"}],"author":[{"embeddable":true,"href":"https:\/\/www.buzon-world.com\/pl\/wp-json\/wp\/v2\/users\/1"}],"replies":[{"embeddable":true,"href":"https:\/\/www.buzon-world.com\/pl\/wp-json\/wp\/v2\/comments?post=48182"}],"version-history":[{"count":11,"href":"https:\/\/www.buzon-world.com\/pl\/wp-json\/wp\/v2\/pages\/48182\/revisions"}],"predecessor-version":[{"id":48535,"href":"https:\/\/www.buzon-world.com\/pl\/wp-json\/wp\/v2\/pages\/48182\/revisions\/48535"}],"up":[{"embeddable":true,"href":"https:\/\/www.buzon-world.com\/pl\/wp-json\/wp\/v2\/pages\/48745"}],"wp:featuredmedia":[{"embeddable":true,"href":"https:\/\/www.buzon-world.com\/pl\/wp-json\/wp\/v2\/media\/47384"}],"wp:attachment":[{"href":"https:\/\/www.buzon-world.com\/pl\/wp-json\/wp\/v2\/media?parent=48182"}],"wp:term":[{"taxonomy":"accesories_category","embeddable":true,"href":"https:\/\/www.buzon-world.com\/pl\/wp-json\/wp\/v2\/accesories_category?post=48182"},{"taxonomy":"sizes","embeddable":true,"href":"https:\/\/www.buzon-world.com\/pl\/wp-json\/wp\/v2\/sizes?post=48182"},{"taxonomy":"plot_serie","embeddable":true,"href":"https:\/\/www.buzon-world.com\/pl\/wp-json\/wp\/v2\/plot_serie?post=48182"},{"taxonomy":"accesories_category_type","embeddable":true,"href":"https:\/\/www.buzon-world.com\/pl\/wp-json\/wp\/v2\/accesories_category_type?post=48182"},{"taxonomy":"accessories_categories_subtype","embeddable":true,"href":"https:\/\/www.buzon-world.com\/pl\/wp-json\/wp\/v2\/accessories_categories_subtype?post=48182"},{"taxonomy":"accessories_categories_applica","embeddable":true,"href":"https:\/\/www.buzon-world.com\/pl\/wp-json\/wp\/v2\/accessories_categories_applica?post=48182"}],"curies":[{"name":"wp","href":"https:\/\/api.w.org\/{rel}","templated":true}]}}