{"id":48190,"date":"2022-10-18T15:10:01","date_gmt":"2022-10-18T13:10:01","guid":{"rendered":"https:\/\/www.buzon-world.com\/wylozony-plytkami-taras-na-legarach-2\/"},"modified":"2025-09-08T15:06:35","modified_gmt":"2025-09-08T13:06:35","slug":"wylozony-plytkami-taras-na-legarach-2","status":"publish","type":"page","link":"https:\/\/www.buzon-world.com\/pl\/zastosowania\/tarasy-publiczne\/wylozony-plytkami-taras-na-legarach-2\/","title":{"rendered":"Wy\u0142o\u017cony p\u0142ytkami taras na legarach"},"content":{"rendered":"<section class=\"l-section wpb_row height_auto\"><div class=\"l-section-h i-cf\"><div class=\"g-cols vc_row via_flex valign_top type_default stacking_default\"><div class=\"vc_col-sm-12 wpb_column vc_column_container\"><div class=\"vc_column-inner\"><div class=\"wpb_wrapper\">[vc_raw_html]W3dwc2VvX2JyZWFkY3J1bWJd[\/vc_raw_html]<\/div><\/div><\/div><\/div><\/div><\/section><section class=\"l-section wpb_row height_medium\"><div class=\"l-section-h i-cf\"><div class=\"g-cols vc_row via_flex valign_top type_default stacking_default\"><div class=\"vc_col-sm-12 wpb_column vc_column_container\"><div class=\"vc_column-inner\"><div class=\"wpb_wrapper\"><div class=\"wpb_text_column longline\"><div class=\"wpb_wrapper\"><h2>Wy\u0142o\u017cony p\u0142ytkami taras na legarach<\/h2>\n<\/div><\/div><div class=\"w-separator size_medium\"><\/div><div class=\"w-grid us_grid blacksqgrid2 type_grid layout_6689 no_results cols_2 preload_style_spinner\" id=\"us_grid_1\" style=\"--columns:2;--gap:25px;\"><style>@media (max-width:786px){#us_grid_1{--columns:1!important}}.layout_6689 .w-grid-item-h{}.layout_6689 .usg_post_custom_field_1{margin-top:30px!important;margin-bottom:30px!important}.layout_6689 .usg_post_custom_field_3{font-weight:700!important}<\/style><div class=\"w-grid-list\"><\/div>\t<div class=\"w-grid-preloader\">\r\n\t\t<div class=\"g-preloader type_1\">\r\n\t\t\t<div><\/div>\r\n\t\t<\/div>\r\n\t<\/div>\r\n\t\t<div class=\"w-grid-json hidden\" onclick='return {&quot;action&quot;:&quot;us_ajax_grid&quot;,&quot;infinite_scroll&quot;:0,&quot;max_num_pages&quot;:0,&quot;pagination&quot;:&quot;none&quot;,&quot;template_vars&quot;:{&quot;columns&quot;:&quot;2&quot;,&quot;exclude_items&quot;:&quot;none&quot;,&quot;img_size&quot;:&quot;default&quot;,&quot;ignore_items_size&quot;:0,&quot;items_layout&quot;:&quot;6689&quot;,&quot;items_offset&quot;:&quot;1&quot;,&quot;load_animation&quot;:&quot;none&quot;,&quot;overriding_link&quot;:&quot;{\\&quot;url\\&quot;:\\&quot;\\&quot;}&quot;,&quot;post_id&quot;:0,&quot;query_args&quot;:{&quot;ignore_sticky_posts&quot;:1,&quot;post_type&quot;:&quot;any&quot;,&quot;post__in&quot;:[&quot;1338&quot;,&quot;1342&quot;],&quot;posts_per_page&quot;:999},&quot;orderby_query_args&quot;:{&quot;orderby&quot;:{&quot;post__in&quot;:&quot;ASC&quot;},&quot;order&quot;:&quot;ASC&quot;},&quot;type&quot;:&quot;grid&quot;,&quot;us_grid_post_type&quot;:&quot;ids&quot;,&quot;us_grid_ajax_index&quot;:1,&quot;us_grid_filter_query_string&quot;:null,&quot;us_grid_index&quot;:1,&quot;page_args&quot;:[],&quot;lang&quot;:&quot;pl&quot;}}'><\/div>\r\n\t<\/div><div class=\"w-grid-none type_message\">Brak wynik\u00f3w.<\/div><\/div><\/div><\/div><\/div><\/div><\/section>\n","protected":false},"excerpt":{"rendered":"[vc_raw_html]W3dwc2VvX2JyZWFkY3J1bWJd[\/vc_raw_html]Wy\u0142o\u017cony p\u0142ytkami taras na legarach Brak wynik\u00f3w.","protected":false},"author":1,"featured_media":47227,"parent":48737,"menu_order":1,"comment_status":"closed","ping_status":"closed","template":"","meta":{"_acf_changed":false,"footnotes":""},"accesories_category":[],"sizes":[],"plot_serie":[],"accesories_category_type":[],"accessories_categories_subtype":[],"accessories_categories_applica":[],"class_list":["post-48190","page","type-page","status-publish","has-post-thumbnail","hentry"],"acf":[],"yoast_head":"<!-- This site is optimized with the Yoast SEO plugin v27.1.1 - https:\/\/yoast.com\/product\/yoast-seo-wordpress\/ -->\n<title>P\u0142ytki na belkach no\u015bnych taras\u00f3w publicznych | Buzon World<\/title>\n<meta name=\"description\" content=\"Tarasy publiczne z p\u0142ytkami na belkach no\u015bnych nadaj\u0105 si\u0119 do p\u0142ytek ceramicznych, kamienia naturalnego, p\u0142ytek betonowych i innych.\" \/>\n<meta name=\"robots\" content=\"index, follow, max-snippet:-1, max-image-preview:large, max-video-preview:-1\" \/>\n<link rel=\"canonical\" href=\"https:\/\/www.buzon-world.com\/pl\/zastosowania\/tarasy-publiczne\/wylozony-plytkami-taras-na-legarach-2\/\" \/>\n<meta property=\"og:locale\" content=\"pl_PL\" \/>\n<meta property=\"og:type\" content=\"article\" \/>\n<meta property=\"og:title\" content=\"P\u0142ytki na belkach no\u015bnych taras\u00f3w publicznych | Buzon World\" \/>\n<meta property=\"og:description\" content=\"Tarasy publiczne z p\u0142ytkami na belkach no\u015bnych nadaj\u0105 si\u0119 do p\u0142ytek ceramicznych, kamienia naturalnego, p\u0142ytek betonowych i innych.\" \/>\n<meta property=\"og:url\" content=\"https:\/\/www.buzon-world.com\/pl\/zastosowania\/tarasy-publiczne\/wylozony-plytkami-taras-na-legarach-2\/\" \/>\n<meta property=\"og:site_name\" content=\"Buzon\" \/>\n<meta property=\"article:modified_time\" content=\"2025-09-08T13:06:35+00:00\" \/>\n<meta property=\"og:image\" content=\"https:\/\/www.buzon-world.com\/wp-content\/uploads\/2023\/05\/overview-page-PB-JOISTS-U-BRS-M.png\" \/>\n\t<meta property=\"og:image:width\" content=\"595\" \/>\n\t<meta property=\"og:image:height\" content=\"303\" \/>\n\t<meta property=\"og:image:type\" content=\"image\/png\" \/>\n<meta name=\"twitter:card\" content=\"summary_large_image\" \/>\n<script type=\"application\/ld+json\" class=\"yoast-schema-graph\">{\"@context\":\"https:\/\/schema.org\",\"@graph\":[{\"@type\":\"WebPage\",\"@id\":\"https:\/\/www.buzon-world.com\/pl\/zastosowania\/tarasy-publiczne\/wylozony-plytkami-taras-na-legarach-2\/\",\"url\":\"https:\/\/www.buzon-world.com\/pl\/zastosowania\/tarasy-publiczne\/wylozony-plytkami-taras-na-legarach-2\/\",\"name\":\"P\u0142ytki na belkach no\u015bnych taras\u00f3w publicznych | Buzon World\",\"isPartOf\":{\"@id\":\"https:\/\/www.buzon-world.com\/pl\/#website\"},\"primaryImageOfPage\":{\"@id\":\"https:\/\/www.buzon-world.com\/pl\/zastosowania\/tarasy-publiczne\/wylozony-plytkami-taras-na-legarach-2\/#primaryimage\"},\"image\":{\"@id\":\"https:\/\/www.buzon-world.com\/pl\/zastosowania\/tarasy-publiczne\/wylozony-plytkami-taras-na-legarach-2\/#primaryimage\"},\"thumbnailUrl\":\"https:\/\/www.buzon-world.com\/wp-content\/uploads\/2023\/05\/overview-page-PB-JOISTS-U-BRS-M.png\",\"datePublished\":\"2022-10-18T13:10:01+00:00\",\"dateModified\":\"2025-09-08T13:06:35+00:00\",\"description\":\"Tarasy publiczne z p\u0142ytkami na belkach no\u015bnych nadaj\u0105 si\u0119 do p\u0142ytek ceramicznych, kamienia naturalnego, p\u0142ytek betonowych i innych.\",\"breadcrumb\":{\"@id\":\"https:\/\/www.buzon-world.com\/pl\/zastosowania\/tarasy-publiczne\/wylozony-plytkami-taras-na-legarach-2\/#breadcrumb\"},\"inLanguage\":\"pl-PL\",\"potentialAction\":[{\"@type\":\"ReadAction\",\"target\":[\"https:\/\/www.buzon-world.com\/pl\/zastosowania\/tarasy-publiczne\/wylozony-plytkami-taras-na-legarach-2\/\"]}]},{\"@type\":\"ImageObject\",\"inLanguage\":\"pl-PL\",\"@id\":\"https:\/\/www.buzon-world.com\/pl\/zastosowania\/tarasy-publiczne\/wylozony-plytkami-taras-na-legarach-2\/#primaryimage\",\"url\":\"https:\/\/www.buzon-world.com\/wp-content\/uploads\/2023\/05\/overview-page-PB-JOISTS-U-BRS-M.png\",\"contentUrl\":\"https:\/\/www.buzon-world.com\/wp-content\/uploads\/2023\/05\/overview-page-PB-JOISTS-U-BRS-M.png\",\"width\":595,\"height\":303},{\"@type\":\"BreadcrumbList\",\"@id\":\"https:\/\/www.buzon-world.com\/pl\/zastosowania\/tarasy-publiczne\/wylozony-plytkami-taras-na-legarach-2\/#breadcrumb\",\"itemListElement\":[{\"@type\":\"ListItem\",\"position\":1,\"name\":\"Strona g\u0142\u00f3wna\",\"item\":\"https:\/\/www.buzon-world.com\/pl\/\"},{\"@type\":\"ListItem\",\"position\":2,\"name\":\"Zastosowania\",\"item\":\"https:\/\/www.buzon-world.com\/pl\/zastosowania\/\"},{\"@type\":\"ListItem\",\"position\":3,\"name\":\"Tarasy publiczne\",\"item\":\"https:\/\/www.buzon-world.com\/pl\/zastosowania\/tarasy-publiczne\/\"},{\"@type\":\"ListItem\",\"position\":4,\"name\":\"Wy\u0142o\u017cony p\u0142ytkami taras na legarach\"}]},{\"@type\":\"WebSite\",\"@id\":\"https:\/\/www.buzon-world.com\/pl\/#website\",\"url\":\"https:\/\/www.buzon-world.com\/pl\/\",\"name\":\"Buzon\",\"description\":\"Just another WordPress site\",\"potentialAction\":[{\"@type\":\"SearchAction\",\"target\":{\"@type\":\"EntryPoint\",\"urlTemplate\":\"https:\/\/www.buzon-world.com\/pl\/?s={search_term_string}\"},\"query-input\":{\"@type\":\"PropertyValueSpecification\",\"valueRequired\":true,\"valueName\":\"search_term_string\"}}],\"inLanguage\":\"pl-PL\"}]}<\/script>\n<!-- \/ Yoast SEO plugin. -->","yoast_head_json":{"title":"P\u0142ytki na belkach no\u015bnych taras\u00f3w publicznych | Buzon World","description":"Tarasy publiczne z p\u0142ytkami na belkach no\u015bnych nadaj\u0105 si\u0119 do p\u0142ytek ceramicznych, kamienia naturalnego, p\u0142ytek betonowych i innych.","robots":{"index":"index","follow":"follow","max-snippet":"max-snippet:-1","max-image-preview":"max-image-preview:large","max-video-preview":"max-video-preview:-1"},"canonical":"https:\/\/www.buzon-world.com\/pl\/zastosowania\/tarasy-publiczne\/wylozony-plytkami-taras-na-legarach-2\/","og_locale":"pl_PL","og_type":"article","og_title":"P\u0142ytki na belkach no\u015bnych taras\u00f3w publicznych | Buzon World","og_description":"Tarasy publiczne z p\u0142ytkami na belkach no\u015bnych nadaj\u0105 si\u0119 do p\u0142ytek ceramicznych, kamienia naturalnego, p\u0142ytek betonowych i innych.","og_url":"https:\/\/www.buzon-world.com\/pl\/zastosowania\/tarasy-publiczne\/wylozony-plytkami-taras-na-legarach-2\/","og_site_name":"Buzon","article_modified_time":"2025-09-08T13:06:35+00:00","og_image":[{"width":595,"height":303,"url":"https:\/\/www.buzon-world.com\/wp-content\/uploads\/2023\/05\/overview-page-PB-JOISTS-U-BRS-M.png","type":"image\/png"}],"twitter_card":"summary_large_image","schema":{"@context":"https:\/\/schema.org","@graph":[{"@type":"WebPage","@id":"https:\/\/www.buzon-world.com\/pl\/zastosowania\/tarasy-publiczne\/wylozony-plytkami-taras-na-legarach-2\/","url":"https:\/\/www.buzon-world.com\/pl\/zastosowania\/tarasy-publiczne\/wylozony-plytkami-taras-na-legarach-2\/","name":"P\u0142ytki na belkach no\u015bnych taras\u00f3w publicznych | Buzon World","isPartOf":{"@id":"https:\/\/www.buzon-world.com\/pl\/#website"},"primaryImageOfPage":{"@id":"https:\/\/www.buzon-world.com\/pl\/zastosowania\/tarasy-publiczne\/wylozony-plytkami-taras-na-legarach-2\/#primaryimage"},"image":{"@id":"https:\/\/www.buzon-world.com\/pl\/zastosowania\/tarasy-publiczne\/wylozony-plytkami-taras-na-legarach-2\/#primaryimage"},"thumbnailUrl":"https:\/\/www.buzon-world.com\/wp-content\/uploads\/2023\/05\/overview-page-PB-JOISTS-U-BRS-M.png","datePublished":"2022-10-18T13:10:01+00:00","dateModified":"2025-09-08T13:06:35+00:00","description":"Tarasy publiczne z p\u0142ytkami na belkach no\u015bnych nadaj\u0105 si\u0119 do p\u0142ytek ceramicznych, kamienia naturalnego, p\u0142ytek betonowych i innych.","breadcrumb":{"@id":"https:\/\/www.buzon-world.com\/pl\/zastosowania\/tarasy-publiczne\/wylozony-plytkami-taras-na-legarach-2\/#breadcrumb"},"inLanguage":"pl-PL","potentialAction":[{"@type":"ReadAction","target":["https:\/\/www.buzon-world.com\/pl\/zastosowania\/tarasy-publiczne\/wylozony-plytkami-taras-na-legarach-2\/"]}]},{"@type":"ImageObject","inLanguage":"pl-PL","@id":"https:\/\/www.buzon-world.com\/pl\/zastosowania\/tarasy-publiczne\/wylozony-plytkami-taras-na-legarach-2\/#primaryimage","url":"https:\/\/www.buzon-world.com\/wp-content\/uploads\/2023\/05\/overview-page-PB-JOISTS-U-BRS-M.png","contentUrl":"https:\/\/www.buzon-world.com\/wp-content\/uploads\/2023\/05\/overview-page-PB-JOISTS-U-BRS-M.png","width":595,"height":303},{"@type":"BreadcrumbList","@id":"https:\/\/www.buzon-world.com\/pl\/zastosowania\/tarasy-publiczne\/wylozony-plytkami-taras-na-legarach-2\/#breadcrumb","itemListElement":[{"@type":"ListItem","position":1,"name":"Strona g\u0142\u00f3wna","item":"https:\/\/www.buzon-world.com\/pl\/"},{"@type":"ListItem","position":2,"name":"Zastosowania","item":"https:\/\/www.buzon-world.com\/pl\/zastosowania\/"},{"@type":"ListItem","position":3,"name":"Tarasy publiczne","item":"https:\/\/www.buzon-world.com\/pl\/zastosowania\/tarasy-publiczne\/"},{"@type":"ListItem","position":4,"name":"Wy\u0142o\u017cony p\u0142ytkami taras na legarach"}]},{"@type":"WebSite","@id":"https:\/\/www.buzon-world.com\/pl\/#website","url":"https:\/\/www.buzon-world.com\/pl\/","name":"Buzon","description":"Just another WordPress site","potentialAction":[{"@type":"SearchAction","target":{"@type":"EntryPoint","urlTemplate":"https:\/\/www.buzon-world.com\/pl\/?s={search_term_string}"},"query-input":{"@type":"PropertyValueSpecification","valueRequired":true,"valueName":"search_term_string"}}],"inLanguage":"pl-PL"}]}},"_links":{"self":[{"href":"https:\/\/www.buzon-world.com\/pl\/wp-json\/wp\/v2\/pages\/48190","targetHints":{"allow":["GET"]}}],"collection":[{"href":"https:\/\/www.buzon-world.com\/pl\/wp-json\/wp\/v2\/pages"}],"about":[{"href":"https:\/\/www.buzon-world.com\/pl\/wp-json\/wp\/v2\/types\/page"}],"author":[{"embeddable":true,"href":"https:\/\/www.buzon-world.com\/pl\/wp-json\/wp\/v2\/users\/1"}],"replies":[{"embeddable":true,"href":"https:\/\/www.buzon-world.com\/pl\/wp-json\/wp\/v2\/comments?post=48190"}],"version-history":[{"count":1,"href":"https:\/\/www.buzon-world.com\/pl\/wp-json\/wp\/v2\/pages\/48190\/revisions"}],"predecessor-version":[{"id":48193,"href":"https:\/\/www.buzon-world.com\/pl\/wp-json\/wp\/v2\/pages\/48190\/revisions\/48193"}],"up":[{"embeddable":true,"href":"https:\/\/www.buzon-world.com\/pl\/wp-json\/wp\/v2\/pages\/48737"}],"wp:featuredmedia":[{"embeddable":true,"href":"https:\/\/www.buzon-world.com\/pl\/wp-json\/wp\/v2\/media\/47227"}],"wp:attachment":[{"href":"https:\/\/www.buzon-world.com\/pl\/wp-json\/wp\/v2\/media?parent=48190"}],"wp:term":[{"taxonomy":"accesories_category","embeddable":true,"href":"https:\/\/www.buzon-world.com\/pl\/wp-json\/wp\/v2\/accesories_category?post=48190"},{"taxonomy":"sizes","embeddable":true,"href":"https:\/\/www.buzon-world.com\/pl\/wp-json\/wp\/v2\/sizes?post=48190"},{"taxonomy":"plot_serie","embeddable":true,"href":"https:\/\/www.buzon-world.com\/pl\/wp-json\/wp\/v2\/plot_serie?post=48190"},{"taxonomy":"accesories_category_type","embeddable":true,"href":"https:\/\/www.buzon-world.com\/pl\/wp-json\/wp\/v2\/accesories_category_type?post=48190"},{"taxonomy":"accessories_categories_subtype","embeddable":true,"href":"https:\/\/www.buzon-world.com\/pl\/wp-json\/wp\/v2\/accessories_categories_subtype?post=48190"},{"taxonomy":"accessories_categories_applica","embeddable":true,"href":"https:\/\/www.buzon-world.com\/pl\/wp-json\/wp\/v2\/accessories_categories_applica?post=48190"}],"curies":[{"name":"wp","href":"https:\/\/api.w.org\/{rel}","templated":true}]}}