{"id":48737,"date":"2022-07-05T15:41:44","date_gmt":"2022-07-05T13:41:44","guid":{"rendered":"https:\/\/www.buzon-world.com\/tarasy-publiczne\/"},"modified":"2025-09-09T11:24:21","modified_gmt":"2025-09-09T09:24:21","slug":"tarasy-publiczne","status":"publish","type":"page","link":"https:\/\/www.buzon-world.com\/pl\/zastosowania\/tarasy-publiczne\/","title":{"rendered":"Tarasy publiczne"},"content":{"rendered":"<section class=\"l-section wpb_row height_medium\"><div class=\"l-section-h i-cf\"><div class=\"g-cols vc_row via_flex valign_top type_default stacking_default\"><div class=\"vc_col-sm-12 wpb_column vc_column_container\"><div class=\"vc_column-inner\"><div class=\"wpb_wrapper\"><div class=\"wpb_text_column\"><div class=\"wpb_wrapper\"><h1 class=\"p1\">Tarasy publiczne<\/h1>\n<\/div><\/div><div class=\"w-separator size_small with_line width_default thick_1 style_solid color_border align_center\"><div class=\"w-separator-h\"><\/div><\/div><div class=\"w-grid us_grid blacksqgrid2 type_grid layout_7334 cols_3 preload_style_spinner\" id=\"us_grid_1\" style=\"--columns:3;--gap:1.5rem;\" data-filterable=\"true\"><style>@media (max-width:1024px){#us_grid_1{--columns:2!important}}@media (max-width:767px){#us_grid_1{--columns:1!important}}.layout_7334 .w-grid-item-h{}.layout_7334 .usg_post_title_1{margin-top:30px!important;margin-bottom:40px!important}<\/style><div class=\"w-grid-list\">\t<article class=\"w-grid-item size_1x1 post-58316 realisations type-realisations status-publish has-post-thumbnail hentry pedestal_type-dph-polipropylenowe-podstawy-do-przestrzeni-publicznych application-komercyjne country-wielka-brytania floor_surface-drewniane-deski-tarasowe\" data-id=\"58316\">\r\n\t\t<div class=\"w-grid-item-h\">\r\n\t\t\t\t\t\t<div class=\"w-post-elm post_image usg_post_image_2 aspectsquare has_ratio\"><a href=\"https:\/\/www.buzon-world.com\/pl\/realisations\/fulham-pier\/\" aria-label=\"Fulham Pier\"><img loading=\"lazy\" decoding=\"async\" width=\"300\" height=\"225\" src=\"https:\/\/www.buzon-world.com\/wp-content\/uploads\/2026\/02\/20260212-DPH-United-Kingdom-UK-Fulham-Pier-6-300x225.webp\" class=\"attachment-medium size-medium wp-post-image\" alt=\"\" \/><\/a><div style=\"padding-bottom:50.9434%\"><\/div><\/div><h3 class=\"w-post-elm post_title usg_post_title_1 longline entry-title\"><a href=\"https:\/\/www.buzon-world.com\/pl\/realisations\/fulham-pier\/\">Fulham Pier<\/a><\/h3><a class=\"w-btn us-btn-style_3 usg_btn_1 buttonabsolutebottom\" href=\"https:\/\/www.buzon-world.com\/pl\/realisations\/fulham-pier\/\"><span class=\"w-btn-label\">Wi\u0119cej informacji<\/span><\/a>\t\t<\/div>\r\n\t\t\t<\/article>\r\n\t<article class=\"w-grid-item size_1x1 post-51617 realisations type-realisations status-publish has-post-thumbnail hentry pedestal_type-dph-polipropylenowe-podstawy-do-przestrzeni-publicznych application-komercyjne country-belgia floor_surface-plyty-betonowe\" data-id=\"51617\">\r\n\t\t<div class=\"w-grid-item-h\">\r\n\t\t\t\t\t\t<div class=\"w-post-elm post_image usg_post_image_2 aspectsquare has_ratio\"><a href=\"https:\/\/www.buzon-world.com\/pl\/realisations\/mix-hotel-brussels\/\" aria-label=\"MIX Hotel Brussels\"><img loading=\"lazy\" decoding=\"async\" width=\"300\" height=\"225\" src=\"https:\/\/www.buzon-world.com\/wp-content\/uploads\/2026\/02\/20230615-DPH-Belgique-Bruxelles-Chantier-AXA-Dexville-65-300x225.jpg\" class=\"attachment-medium size-medium wp-post-image\" alt=\"\" \/><\/a><div style=\"padding-bottom:50.9434%\"><\/div><\/div><h3 class=\"w-post-elm post_title usg_post_title_1 longline entry-title\"><a href=\"https:\/\/www.buzon-world.com\/pl\/realisations\/mix-hotel-brussels\/\">MIX Hotel Brussels<\/a><\/h3><a class=\"w-btn us-btn-style_3 usg_btn_1 buttonabsolutebottom\" href=\"https:\/\/www.buzon-world.com\/pl\/realisations\/mix-hotel-brussels\/\"><span class=\"w-btn-label\">Wi\u0119cej informacji<\/span><\/a>\t\t<\/div>\r\n\t\t\t<\/article>\r\n\t<article class=\"w-grid-item size_1x1 post-47151 post type-post status-publish format-standard has-post-thumbnail hentry category-bez-kategorii\" data-id=\"47151\">\r\n\t\t<div class=\"w-grid-item-h\">\r\n\t\t\t\t\t\t<div class=\"w-post-elm post_image usg_post_image_2 aspectsquare has_ratio\"><a href=\"https:\/\/www.buzon-world.com\/pl\/buzon-prezentuje-innowacje-i-zrownowazony-rozwoj-podczas-ekskluzywnego-wydarzenia-w-belgijskim-pawilonie-expo-2025-osaka\/\" aria-label=\"Buzon prezentuje innowacje i zr\u00f3wnowa\u017cony rozw\u00f3j podczas ekskluzywnego wydarzenia w belgijskim pawilonie &#8211; Expo 2025 Osaka\"><img loading=\"lazy\" decoding=\"async\" width=\"300\" height=\"169\" src=\"https:\/\/www.buzon-world.com\/wp-content\/uploads\/2024\/11\/0pke88vc-300x169.jpg\" class=\"attachment-medium size-medium wp-post-image\" alt=\"\" \/><\/a><div style=\"padding-bottom:50.9434%\"><\/div><\/div><h3 class=\"w-post-elm post_title usg_post_title_1 longline entry-title\"><a href=\"https:\/\/www.buzon-world.com\/pl\/buzon-prezentuje-innowacje-i-zrownowazony-rozwoj-podczas-ekskluzywnego-wydarzenia-w-belgijskim-pawilonie-expo-2025-osaka\/\">Buzon prezentuje innowacje i zr\u00f3wnowa\u017cony rozw\u00f3j podczas ekskluzywnego wydarzenia w belgijskim pawilonie &#8211; Expo 2025 Osaka<\/a><\/h3><a class=\"w-btn us-btn-style_3 usg_btn_1 buttonabsolutebottom\" href=\"https:\/\/www.buzon-world.com\/pl\/buzon-prezentuje-innowacje-i-zrownowazony-rozwoj-podczas-ekskluzywnego-wydarzenia-w-belgijskim-pawilonie-expo-2025-osaka\/\"><span class=\"w-btn-label\">Wi\u0119cej informacji<\/span><\/a>\t\t<\/div>\r\n\t\t\t<\/article>\r\n\t<article class=\"w-grid-item size_1x1 post-47576 technical type-technical status-publish hentry technical_range-pb technical_product_type-cokoly type_of_pdf-arkusz-danych-technicznych language-de product-pb-0-s12\" data-id=\"47576\">\r\n\t\t<div class=\"w-grid-item-h\">\r\n\t\t\t\t\t\t<div class=\"w-post-elm post_image usg_post_image_2 aspectsquare has_ratio with_placeholder\"><a href=\"https:\/\/www.buzon-world.com\/pl\/technical\/technisches-datenblatt-pb-0-s12\/\" aria-label=\"Technisches Datenblatt &#8211; PB-0-S12\"><img loading=\"lazy\" decoding=\"async\" width=\"300\" height=\"300\" src=\"https:\/\/www.buzon-world.com\/wp-content\/uploads\/2024\/01\/image-placeholder-300x300.jpg\" class=\"g-placeholder\" alt=\"\" \/><\/a><div style=\"padding-bottom:50.9434%\"><\/div><\/div><h3 class=\"w-post-elm post_title usg_post_title_1 longline entry-title\"><a href=\"https:\/\/www.buzon-world.com\/pl\/technical\/technisches-datenblatt-pb-0-s12\/\">Technisches Datenblatt &#8211; PB-0-S12<\/a><\/h3><a class=\"w-btn us-btn-style_3 usg_btn_1 buttonabsolutebottom\" href=\"https:\/\/www.buzon-world.com\/pl\/technical\/technisches-datenblatt-pb-0-s12\/\"><span class=\"w-btn-label\">Wi\u0119cej informacji<\/span><\/a>\t\t<\/div>\r\n\t\t\t<\/article>\r\n\t<article class=\"w-grid-item size_1x1 post-47591 technical type-technical status-publish hentry technical_range-pb technical_product_type-cokoly type_of_pdf-arkusz-danych-technicznych language-nl product-pb-0-s12\" data-id=\"47591\">\r\n\t\t<div class=\"w-grid-item-h\">\r\n\t\t\t\t\t\t<div class=\"w-post-elm post_image usg_post_image_2 aspectsquare has_ratio with_placeholder\"><a href=\"https:\/\/www.buzon-world.com\/pl\/technical\/karta-techniczna-pb-0-s12\/\" aria-label=\"Karta techniczna &#8211; PB-0-S12\"><img loading=\"lazy\" decoding=\"async\" width=\"300\" height=\"300\" src=\"https:\/\/www.buzon-world.com\/wp-content\/uploads\/2024\/01\/image-placeholder-300x300.jpg\" class=\"g-placeholder\" alt=\"\" \/><\/a><div style=\"padding-bottom:50.9434%\"><\/div><\/div><h3 class=\"w-post-elm post_title usg_post_title_1 longline entry-title\"><a href=\"https:\/\/www.buzon-world.com\/pl\/technical\/karta-techniczna-pb-0-s12\/\">Karta techniczna &#8211; PB-0-S12<\/a><\/h3><a class=\"w-btn us-btn-style_3 usg_btn_1 buttonabsolutebottom\" href=\"https:\/\/www.buzon-world.com\/pl\/technical\/karta-techniczna-pb-0-s12\/\"><span class=\"w-btn-label\">Wi\u0119cej informacji<\/span><\/a>\t\t<\/div>\r\n\t\t\t<\/article>\r\n\t<article class=\"w-grid-item size_1x1 post-47587 technical type-technical status-publish hentry technical_range-pb technical_product_type-cokoly type_of_pdf-arkusz-danych-technicznych language-pl product-pb-0-s12\" data-id=\"47587\">\r\n\t\t<div class=\"w-grid-item-h\">\r\n\t\t\t\t\t\t<div class=\"w-post-elm post_image usg_post_image_2 aspectsquare has_ratio with_placeholder\"><a href=\"https:\/\/www.buzon-world.com\/pl\/technical\/arkusz-danych-technicznych-pb-0-s12\/\" aria-label=\"Arkusz danych technicznych &#8211; PB-0-S12\"><img loading=\"lazy\" decoding=\"async\" width=\"300\" height=\"300\" src=\"https:\/\/www.buzon-world.com\/wp-content\/uploads\/2024\/01\/image-placeholder-300x300.jpg\" class=\"g-placeholder\" alt=\"\" \/><\/a><div style=\"padding-bottom:50.9434%\"><\/div><\/div><h3 class=\"w-post-elm post_title usg_post_title_1 longline entry-title\"><a href=\"https:\/\/www.buzon-world.com\/pl\/technical\/arkusz-danych-technicznych-pb-0-s12\/\">Arkusz danych technicznych &#8211; PB-0-S12<\/a><\/h3><a class=\"w-btn us-btn-style_3 usg_btn_1 buttonabsolutebottom\" href=\"https:\/\/www.buzon-world.com\/pl\/technical\/arkusz-danych-technicznych-pb-0-s12\/\"><span class=\"w-btn-label\">Wi\u0119cej informacji<\/span><\/a>\t\t<\/div>\r\n\t\t\t<\/article>\r\n\t<article class=\"w-grid-item size_1x1 post-47584 technical type-technical status-publish hentry technical_range-pb technical_product_type-cokoly type_of_pdf-arkusz-danych-technicznych language-fr product-pb-0-s12\" data-id=\"47584\">\r\n\t\t<div class=\"w-grid-item-h\">\r\n\t\t\t\t\t\t<div class=\"w-post-elm post_image usg_post_image_2 aspectsquare has_ratio with_placeholder\"><a href=\"https:\/\/www.buzon-world.com\/pl\/technical\/fiche-technique-pb-0-s12\/\" aria-label=\"Fiche Technique &#8211; PB-0-S12\"><img loading=\"lazy\" decoding=\"async\" width=\"300\" height=\"300\" src=\"https:\/\/www.buzon-world.com\/wp-content\/uploads\/2024\/01\/image-placeholder-300x300.jpg\" class=\"g-placeholder\" alt=\"\" \/><\/a><div style=\"padding-bottom:50.9434%\"><\/div><\/div><h3 class=\"w-post-elm post_title usg_post_title_1 longline entry-title\"><a href=\"https:\/\/www.buzon-world.com\/pl\/technical\/fiche-technique-pb-0-s12\/\">Fiche Technique &#8211; PB-0-S12<\/a><\/h3><a class=\"w-btn us-btn-style_3 usg_btn_1 buttonabsolutebottom\" href=\"https:\/\/www.buzon-world.com\/pl\/technical\/fiche-technique-pb-0-s12\/\"><span class=\"w-btn-label\">Wi\u0119cej informacji<\/span><\/a>\t\t<\/div>\r\n\t\t\t<\/article>\r\n\t<article class=\"w-grid-item size_1x1 post-47148 page type-page status-publish hentry\" data-id=\"47148\">\r\n\t\t<div class=\"w-grid-item-h\">\r\n\t\t\t\t\t\t<div class=\"w-post-elm post_image usg_post_image_2 aspectsquare has_ratio with_placeholder\"><a href=\"https:\/\/www.buzon-world.com\/pl\/nowy-kalkulator-buzon\/\" aria-label=\"Nowy kalkulator Buzon\"><img loading=\"lazy\" decoding=\"async\" width=\"300\" height=\"300\" src=\"https:\/\/www.buzon-world.com\/wp-content\/uploads\/2024\/01\/image-placeholder-300x300.jpg\" class=\"g-placeholder\" alt=\"\" \/><\/a><div style=\"padding-bottom:50.9434%\"><\/div><\/div><h3 class=\"w-post-elm post_title usg_post_title_1 longline entry-title\"><a href=\"https:\/\/www.buzon-world.com\/pl\/nowy-kalkulator-buzon\/\">Nowy kalkulator Buzon<\/a><\/h3><a class=\"w-btn us-btn-style_3 usg_btn_1 buttonabsolutebottom\" href=\"https:\/\/www.buzon-world.com\/pl\/nowy-kalkulator-buzon\/\"><span class=\"w-btn-label\">Wi\u0119cej informacji<\/span><\/a>\t\t<\/div>\r\n\t\t\t<\/article>\r\n\t<article class=\"w-grid-item size_1x1 post-47928 featured_carousel type-featured_carousel status-publish has-post-thumbnail hentry\" data-id=\"47928\">\r\n\t\t<div class=\"w-grid-item-h\">\r\n\t\t\t\t\t\t<div class=\"w-post-elm post_image usg_post_image_2 aspectsquare has_ratio\"><a href=\"https:\/\/www.buzon-world.com\/pl\/featured_carousel\/nowy-kalkulator-buzon\/\" aria-label=\"Nowy kalkulator Buzon\"><img loading=\"lazy\" decoding=\"async\" width=\"300\" height=\"225\" src=\"https:\/\/www.buzon-world.com\/wp-content\/uploads\/2025\/04\/Mockup-calculateur-300x225.jpg\" class=\"attachment-medium size-medium wp-post-image\" alt=\"\" \/><\/a><div style=\"padding-bottom:50.9434%\"><\/div><\/div><h3 class=\"w-post-elm post_title usg_post_title_1 longline entry-title\"><a href=\"https:\/\/www.buzon-world.com\/pl\/featured_carousel\/nowy-kalkulator-buzon\/\">Nowy kalkulator Buzon<\/a><\/h3><a class=\"w-btn us-btn-style_3 usg_btn_1 buttonabsolutebottom\" href=\"https:\/\/www.buzon-world.com\/pl\/featured_carousel\/nowy-kalkulator-buzon\/\"><span class=\"w-btn-label\">Wi\u0119cej informacji<\/span><\/a>\t\t<\/div>\r\n\t\t\t<\/article>\r\n\t<article class=\"w-grid-item size_1x1 post-47198 page type-page status-publish hentry\" data-id=\"47198\">\r\n\t\t<div class=\"w-grid-item-h\">\r\n\t\t\t\t\t\t<div class=\"w-post-elm post_image usg_post_image_2 aspectsquare has_ratio with_placeholder\"><a href=\"https:\/\/www.buzon-world.com\/pl\/buzon-na-expo-2025-w-osace\/\" aria-label=\"Buzon na Expo 2025 w Osace\"><img loading=\"lazy\" decoding=\"async\" width=\"300\" height=\"300\" src=\"https:\/\/www.buzon-world.com\/wp-content\/uploads\/2024\/01\/image-placeholder-300x300.jpg\" class=\"g-placeholder\" alt=\"\" \/><\/a><div style=\"padding-bottom:50.9434%\"><\/div><\/div><h3 class=\"w-post-elm post_title usg_post_title_1 longline entry-title\"><a href=\"https:\/\/www.buzon-world.com\/pl\/buzon-na-expo-2025-w-osace\/\">Buzon na Expo 2025 w Osace<\/a><\/h3><a class=\"w-btn us-btn-style_3 usg_btn_1 buttonabsolutebottom\" href=\"https:\/\/www.buzon-world.com\/pl\/buzon-na-expo-2025-w-osace\/\"><span class=\"w-btn-label\">Wi\u0119cej informacji<\/span><\/a>\t\t<\/div>\r\n\t\t\t<\/article>\r\n<\/div>\t<div class=\"w-grid-preloader\">\r\n\t\t<div class=\"g-preloader type_1\">\r\n\t\t\t<div><\/div>\r\n\t\t<\/div>\r\n\t<\/div>\r\n\t\t<div class=\"w-grid-json hidden\" onclick='return {&quot;action&quot;:&quot;us_ajax_grid&quot;,&quot;infinite_scroll&quot;:0,&quot;max_num_pages&quot;:254,&quot;pagination&quot;:&quot;none&quot;,&quot;template_vars&quot;:{&quot;columns&quot;:&quot;3&quot;,&quot;exclude_items&quot;:&quot;none&quot;,&quot;img_size&quot;:&quot;default&quot;,&quot;ignore_items_size&quot;:0,&quot;items_layout&quot;:&quot;7334&quot;,&quot;items_offset&quot;:&quot;1&quot;,&quot;load_animation&quot;:&quot;none&quot;,&quot;overriding_link&quot;:&quot;%7B%22url%22%3A%22%22%7D&quot;,&quot;post_id&quot;:0,&quot;query_args&quot;:{&quot;post_parent&quot;:0,&quot;post_type&quot;:&quot;any&quot;,&quot;ignore_sticky_posts&quot;:1,&quot;posts_per_page&quot;:&quot;10&quot;},&quot;orderby_query_args&quot;:{&quot;orderby&quot;:{&quot;date&quot;:&quot;DESC&quot;}},&quot;type&quot;:&quot;grid&quot;,&quot;us_grid_post_type&quot;:&quot;current_child_pages&quot;,&quot;us_grid_ajax_index&quot;:1,&quot;us_grid_filter_query_string&quot;:null,&quot;us_grid_index&quot;:1,&quot;page_args&quot;:[],&quot;lang&quot;:&quot;pl&quot;}}'><\/div>\r\n\t<\/div><\/div><\/div><\/div><\/div><\/div><\/section>\n","protected":false},"excerpt":{"rendered":"Belgian Pavilion at Osaka World Expo 2025 | \u00a9 BelExpo \u00a9 Carr\u00e9 7Buzon Pedestal International zostaje diamentowym partnerem pawilonu belgijskiego na Expo 2025 w Osace: zaanga\u017cowanie na rzecz innowacji i zr\u00f3wnowa\u017conego rozwoju. Buzon Pedestal International, \u015bwiatowy lider w dziedzinie rozwi\u0105za\u0144 dla architekt\u00f3w i projektant\u00f3w do tworzenia podniesionych pod\u0142\u00f3g, taras\u00f3w, pomost\u00f3w basenowych i element\u00f3w wodnych, z...","protected":false},"author":1,"featured_media":48738,"parent":48812,"menu_order":1,"comment_status":"closed","ping_status":"closed","template":"","meta":{"_acf_changed":false,"footnotes":""},"accesories_category":[],"sizes":[],"plot_serie":[],"accesories_category_type":[],"accessories_categories_subtype":[],"accessories_categories_applica":[],"class_list":["post-48737","page","type-page","status-publish","has-post-thumbnail","hentry"],"acf":[],"yoast_head":"<!-- This site is optimized with the Yoast SEO plugin v27.1.1 - https:\/\/yoast.com\/product\/yoast-seo-wordpress\/ -->\n<title>Tarasy publiczne | Buzon World<\/title>\n<meta name=\"description\" content=\"Od ponad 35 lat firma Buzon jest zaanga\u017cowana w projektowanie, rozw\u00f3j i produkcj\u0119 coko\u0142\u00f3w pod\u0142ogowych do taras\u00f3w publicznych.\" \/>\n<meta name=\"robots\" content=\"index, follow, max-snippet:-1, max-image-preview:large, max-video-preview:-1\" \/>\n<link rel=\"canonical\" href=\"https:\/\/www.buzon-world.com\/pl\/zastosowania\/tarasy-publiczne\/\" \/>\n<meta property=\"og:locale\" content=\"pl_PL\" \/>\n<meta property=\"og:type\" content=\"article\" \/>\n<meta property=\"og:title\" content=\"Tarasy publiczne | Buzon World\" \/>\n<meta property=\"og:description\" content=\"Od ponad 35 lat firma Buzon jest zaanga\u017cowana w projektowanie, rozw\u00f3j i produkcj\u0119 coko\u0142\u00f3w pod\u0142ogowych do taras\u00f3w publicznych.\" \/>\n<meta property=\"og:url\" content=\"https:\/\/www.buzon-world.com\/pl\/zastosowania\/tarasy-publiczne\/\" \/>\n<meta property=\"og:site_name\" content=\"Buzon\" \/>\n<meta property=\"article:modified_time\" content=\"2025-09-09T09:24:21+00:00\" \/>\n<meta property=\"og:image\" content=\"https:\/\/www.buzon-world.com\/wp-content\/uploads\/2022\/07\/public-terraces.jpg\" \/>\n\t<meta property=\"og:image:width\" content=\"550\" \/>\n\t<meta property=\"og:image:height\" content=\"266\" \/>\n\t<meta property=\"og:image:type\" content=\"image\/jpeg\" \/>\n<meta name=\"twitter:card\" content=\"summary_large_image\" \/>\n<meta name=\"twitter:label1\" content=\"Szacowany czas czytania\" \/>\n\t<meta name=\"twitter:data1\" content=\"1 minuta\" \/>\n<script type=\"application\/ld+json\" class=\"yoast-schema-graph\">{\"@context\":\"https:\/\/schema.org\",\"@graph\":[{\"@type\":\"WebPage\",\"@id\":\"https:\/\/www.buzon-world.com\/pl\/zastosowania\/tarasy-publiczne\/\",\"url\":\"https:\/\/www.buzon-world.com\/pl\/zastosowania\/tarasy-publiczne\/\",\"name\":\"Tarasy publiczne | Buzon World\",\"isPartOf\":{\"@id\":\"https:\/\/www.buzon-world.com\/pl\/#website\"},\"primaryImageOfPage\":{\"@id\":\"https:\/\/www.buzon-world.com\/pl\/zastosowania\/tarasy-publiczne\/#primaryimage\"},\"image\":{\"@id\":\"https:\/\/www.buzon-world.com\/pl\/zastosowania\/tarasy-publiczne\/#primaryimage\"},\"thumbnailUrl\":\"https:\/\/www.buzon-world.com\/wp-content\/uploads\/2022\/07\/public-terraces.jpg\",\"datePublished\":\"2022-07-05T13:41:44+00:00\",\"dateModified\":\"2025-09-09T09:24:21+00:00\",\"description\":\"Od ponad 35 lat firma Buzon jest zaanga\u017cowana w projektowanie, rozw\u00f3j i produkcj\u0119 coko\u0142\u00f3w pod\u0142ogowych do taras\u00f3w publicznych.\",\"breadcrumb\":{\"@id\":\"https:\/\/www.buzon-world.com\/pl\/zastosowania\/tarasy-publiczne\/#breadcrumb\"},\"inLanguage\":\"pl-PL\",\"potentialAction\":[{\"@type\":\"ReadAction\",\"target\":[\"https:\/\/www.buzon-world.com\/pl\/zastosowania\/tarasy-publiczne\/\"]}]},{\"@type\":\"ImageObject\",\"inLanguage\":\"pl-PL\",\"@id\":\"https:\/\/www.buzon-world.com\/pl\/zastosowania\/tarasy-publiczne\/#primaryimage\",\"url\":\"https:\/\/www.buzon-world.com\/wp-content\/uploads\/2022\/07\/public-terraces.jpg\",\"contentUrl\":\"https:\/\/www.buzon-world.com\/wp-content\/uploads\/2022\/07\/public-terraces.jpg\",\"width\":550,\"height\":266},{\"@type\":\"BreadcrumbList\",\"@id\":\"https:\/\/www.buzon-world.com\/pl\/zastosowania\/tarasy-publiczne\/#breadcrumb\",\"itemListElement\":[{\"@type\":\"ListItem\",\"position\":1,\"name\":\"Strona g\u0142\u00f3wna\",\"item\":\"https:\/\/www.buzon-world.com\/pl\/\"},{\"@type\":\"ListItem\",\"position\":2,\"name\":\"Zastosowania\",\"item\":\"https:\/\/www.buzon-world.com\/pl\/zastosowania\/\"},{\"@type\":\"ListItem\",\"position\":3,\"name\":\"Tarasy publiczne\"}]},{\"@type\":\"WebSite\",\"@id\":\"https:\/\/www.buzon-world.com\/pl\/#website\",\"url\":\"https:\/\/www.buzon-world.com\/pl\/\",\"name\":\"Buzon\",\"description\":\"Just another WordPress site\",\"potentialAction\":[{\"@type\":\"SearchAction\",\"target\":{\"@type\":\"EntryPoint\",\"urlTemplate\":\"https:\/\/www.buzon-world.com\/pl\/?s={search_term_string}\"},\"query-input\":{\"@type\":\"PropertyValueSpecification\",\"valueRequired\":true,\"valueName\":\"search_term_string\"}}],\"inLanguage\":\"pl-PL\"}]}<\/script>\n<!-- \/ Yoast SEO plugin. -->","yoast_head_json":{"title":"Tarasy publiczne | Buzon World","description":"Od ponad 35 lat firma Buzon jest zaanga\u017cowana w projektowanie, rozw\u00f3j i produkcj\u0119 coko\u0142\u00f3w pod\u0142ogowych do taras\u00f3w publicznych.","robots":{"index":"index","follow":"follow","max-snippet":"max-snippet:-1","max-image-preview":"max-image-preview:large","max-video-preview":"max-video-preview:-1"},"canonical":"https:\/\/www.buzon-world.com\/pl\/zastosowania\/tarasy-publiczne\/","og_locale":"pl_PL","og_type":"article","og_title":"Tarasy publiczne | Buzon World","og_description":"Od ponad 35 lat firma Buzon jest zaanga\u017cowana w projektowanie, rozw\u00f3j i produkcj\u0119 coko\u0142\u00f3w pod\u0142ogowych do taras\u00f3w publicznych.","og_url":"https:\/\/www.buzon-world.com\/pl\/zastosowania\/tarasy-publiczne\/","og_site_name":"Buzon","article_modified_time":"2025-09-09T09:24:21+00:00","og_image":[{"width":550,"height":266,"url":"https:\/\/www.buzon-world.com\/wp-content\/uploads\/2022\/07\/public-terraces.jpg","type":"image\/jpeg"}],"twitter_card":"summary_large_image","twitter_misc":{"Szacowany czas czytania":"1 minuta"},"schema":{"@context":"https:\/\/schema.org","@graph":[{"@type":"WebPage","@id":"https:\/\/www.buzon-world.com\/pl\/zastosowania\/tarasy-publiczne\/","url":"https:\/\/www.buzon-world.com\/pl\/zastosowania\/tarasy-publiczne\/","name":"Tarasy publiczne | Buzon World","isPartOf":{"@id":"https:\/\/www.buzon-world.com\/pl\/#website"},"primaryImageOfPage":{"@id":"https:\/\/www.buzon-world.com\/pl\/zastosowania\/tarasy-publiczne\/#primaryimage"},"image":{"@id":"https:\/\/www.buzon-world.com\/pl\/zastosowania\/tarasy-publiczne\/#primaryimage"},"thumbnailUrl":"https:\/\/www.buzon-world.com\/wp-content\/uploads\/2022\/07\/public-terraces.jpg","datePublished":"2022-07-05T13:41:44+00:00","dateModified":"2025-09-09T09:24:21+00:00","description":"Od ponad 35 lat firma Buzon jest zaanga\u017cowana w projektowanie, rozw\u00f3j i produkcj\u0119 coko\u0142\u00f3w pod\u0142ogowych do taras\u00f3w publicznych.","breadcrumb":{"@id":"https:\/\/www.buzon-world.com\/pl\/zastosowania\/tarasy-publiczne\/#breadcrumb"},"inLanguage":"pl-PL","potentialAction":[{"@type":"ReadAction","target":["https:\/\/www.buzon-world.com\/pl\/zastosowania\/tarasy-publiczne\/"]}]},{"@type":"ImageObject","inLanguage":"pl-PL","@id":"https:\/\/www.buzon-world.com\/pl\/zastosowania\/tarasy-publiczne\/#primaryimage","url":"https:\/\/www.buzon-world.com\/wp-content\/uploads\/2022\/07\/public-terraces.jpg","contentUrl":"https:\/\/www.buzon-world.com\/wp-content\/uploads\/2022\/07\/public-terraces.jpg","width":550,"height":266},{"@type":"BreadcrumbList","@id":"https:\/\/www.buzon-world.com\/pl\/zastosowania\/tarasy-publiczne\/#breadcrumb","itemListElement":[{"@type":"ListItem","position":1,"name":"Strona g\u0142\u00f3wna","item":"https:\/\/www.buzon-world.com\/pl\/"},{"@type":"ListItem","position":2,"name":"Zastosowania","item":"https:\/\/www.buzon-world.com\/pl\/zastosowania\/"},{"@type":"ListItem","position":3,"name":"Tarasy publiczne"}]},{"@type":"WebSite","@id":"https:\/\/www.buzon-world.com\/pl\/#website","url":"https:\/\/www.buzon-world.com\/pl\/","name":"Buzon","description":"Just another WordPress site","potentialAction":[{"@type":"SearchAction","target":{"@type":"EntryPoint","urlTemplate":"https:\/\/www.buzon-world.com\/pl\/?s={search_term_string}"},"query-input":{"@type":"PropertyValueSpecification","valueRequired":true,"valueName":"search_term_string"}}],"inLanguage":"pl-PL"}]}},"_links":{"self":[{"href":"https:\/\/www.buzon-world.com\/pl\/wp-json\/wp\/v2\/pages\/48737","targetHints":{"allow":["GET"]}}],"collection":[{"href":"https:\/\/www.buzon-world.com\/pl\/wp-json\/wp\/v2\/pages"}],"about":[{"href":"https:\/\/www.buzon-world.com\/pl\/wp-json\/wp\/v2\/types\/page"}],"author":[{"embeddable":true,"href":"https:\/\/www.buzon-world.com\/pl\/wp-json\/wp\/v2\/users\/1"}],"replies":[{"embeddable":true,"href":"https:\/\/www.buzon-world.com\/pl\/wp-json\/wp\/v2\/comments?post=48737"}],"version-history":[{"count":3,"href":"https:\/\/www.buzon-world.com\/pl\/wp-json\/wp\/v2\/pages\/48737\/revisions"}],"predecessor-version":[{"id":49340,"href":"https:\/\/www.buzon-world.com\/pl\/wp-json\/wp\/v2\/pages\/48737\/revisions\/49340"}],"up":[{"embeddable":true,"href":"https:\/\/www.buzon-world.com\/pl\/wp-json\/wp\/v2\/pages\/48812"}],"wp:featuredmedia":[{"embeddable":true,"href":"https:\/\/www.buzon-world.com\/pl\/wp-json\/wp\/v2\/media\/48738"}],"wp:attachment":[{"href":"https:\/\/www.buzon-world.com\/pl\/wp-json\/wp\/v2\/media?parent=48737"}],"wp:term":[{"taxonomy":"accesories_category","embeddable":true,"href":"https:\/\/www.buzon-world.com\/pl\/wp-json\/wp\/v2\/accesories_category?post=48737"},{"taxonomy":"sizes","embeddable":true,"href":"https:\/\/www.buzon-world.com\/pl\/wp-json\/wp\/v2\/sizes?post=48737"},{"taxonomy":"plot_serie","embeddable":true,"href":"https:\/\/www.buzon-world.com\/pl\/wp-json\/wp\/v2\/plot_serie?post=48737"},{"taxonomy":"accesories_category_type","embeddable":true,"href":"https:\/\/www.buzon-world.com\/pl\/wp-json\/wp\/v2\/accesories_category_type?post=48737"},{"taxonomy":"accessories_categories_subtype","embeddable":true,"href":"https:\/\/www.buzon-world.com\/pl\/wp-json\/wp\/v2\/accessories_categories_subtype?post=48737"},{"taxonomy":"accessories_categories_applica","embeddable":true,"href":"https:\/\/www.buzon-world.com\/pl\/wp-json\/wp\/v2\/accessories_categories_applica?post=48737"}],"curies":[{"name":"wp","href":"https:\/\/api.w.org\/{rel}","templated":true}]}}