{"id":48812,"date":"2022-07-05T15:42:00","date_gmt":"2022-07-05T13:42:00","guid":{"rendered":"https:\/\/www.buzon-world.com\/zastosowania\/"},"modified":"2025-09-08T15:06:47","modified_gmt":"2025-09-08T13:06:47","slug":"zastosowania","status":"publish","type":"page","link":"https:\/\/www.buzon-world.com\/pl\/zastosowania\/","title":{"rendered":"Zastosowania"},"content":{"rendered":"<section class=\"l-section wpb_row yellowhoverlinks blacksqgrid3 height_medium\"><div class=\"l-section-h i-cf\"><div class=\"g-cols vc_row via_flex valign_top type_default stacking_default\"><div class=\"vc_col-sm-4 wpb_column vc_column_container\"><div class=\"vc_column-inner\"><div class=\"wpb_wrapper\"><div class=\"w-image has_ratio align_none\"><div class=\"w-image-h\"><div style=\"padding-bottom:50.9434%\"><\/div><img decoding=\"async\" width=\"770\" height=\"330\" src=\"https:\/\/www.buzon-world.com\/wp-content\/uploads\/2023\/05\/menu-applications-PRIVE.png\" class=\"attachment-large size-large\" alt=\"\" loading=\"lazy\" \/><\/div><\/div><div class=\"wpb_text_column us_custom_3b8f9481 longline\"><div class=\"wpb_wrapper\"><h3>Tarasy mieszkalne<\/h3>\n<\/div><\/div><div class=\"wpb_text_column\"><div class=\"wpb_wrapper\"><p><strong>Seria PB<\/strong><\/p>\n<p><a class=\"ubermenu-target ubermenu-item-layout-default ubermenu-item-layout-text_only\" href=\"https:\/\/www.buzon-world.com\/pl\/zastosowania\/tarasy-mieszkalne\/wylozony-plytkami-taras-na-cokole\/\"><span class=\"ubermenu-target-title ubermenu-target-text\">Taras wy\u0142o\u017cony p\u0142ytkami na cokole<\/span><\/a><br \/>\n<a class=\"ubermenu-target ubermenu-item-layout-default ubermenu-item-layout-text_only\" href=\"https:\/\/www.buzon-world.com\/pl\/zastosowania\/tarasy-mieszkalne\/wylozony-plytkami-taras-na-legarach\/\"><span class=\"ubermenu-target-title ubermenu-target-text\">Taras wy\u0142o\u017cony p\u0142ytkami na legarach<\/span><\/a><br \/>\n<a class=\"ubermenu-target ubermenu-item-layout-default ubermenu-item-layout-text_only\" href=\"https:\/\/www.buzon-world.com\/pl\/zastosowania\/tarasy-mieszkalne\/taras-drewniany-lub-kompozytowy-2\/\"><span class=\"ubermenu-target-title ubermenu-target-text\">Taras drewniany lub kompozytowy<\/span><\/a><\/p>\n<\/div><\/div><\/div><\/div><\/div><div class=\"vc_col-sm-8 wpb_column vc_column_container\"><div class=\"vc_column-inner\"><div class=\"wpb_wrapper\"><div class=\"g-cols wpb_row via_flex valign_top type_default stacking_default\"><div class=\"vc_col-sm-12 wpb_column vc_column_container\"><div class=\"vc_column-inner\"><div class=\"wpb_wrapper\"><div class=\"w-image has_ratio align_none\"><div class=\"w-image-h\"><div style=\"padding-bottom:24.5283%\"><\/div><img decoding=\"async\" width=\"770\" height=\"330\" src=\"https:\/\/www.buzon-world.com\/wp-content\/uploads\/2023\/05\/menu-applications-PUBLIC.png\" class=\"attachment-large size-large\" alt=\"\" loading=\"lazy\" \/><\/div><\/div><\/div><\/div><\/div><\/div><div class=\"wpb_text_column us_custom_3b8f9481 longline\"><div class=\"wpb_wrapper\"><h3>Tarasy publiczne<\/h3>\n<\/div><\/div><div class=\"g-cols wpb_row via_flex valign_top type_default stacking_default\"><div class=\"vc_col-sm-6 wpb_column vc_column_container\"><div class=\"vc_column-inner\"><div class=\"wpb_wrapper\"><div class=\"wpb_text_column\"><div class=\"wpb_wrapper\"><p><strong>Seria DPH<\/strong><\/p>\n<p><a class=\"ubermenu-target ubermenu-item-layout-default ubermenu-item-layout-text_only\" href=\"https:\/\/www.buzon-world.com\/pl\/zastosowania\/tarasy-publiczne\/wylozony-plytkami-taras-na-cokole-2\/\"><span class=\"ubermenu-target-title ubermenu-target-text\">Taras wy\u0142o\u017cony p\u0142ytkami na cokole<\/span><\/a><br \/>\n<a class=\"ubermenu-target ubermenu-item-layout-default ubermenu-item-layout-text_only\" href=\"https:\/\/www.buzon-world.com\/pl\/zastosowania\/tarasy-publiczne\/wylozony-plytkami-taras-na-legarach-2\/\"><span class=\"ubermenu-target-title ubermenu-target-text\">Taras wy\u0142o\u017cony p\u0142ytkami na legarach<\/span><\/a><br \/>\n<a class=\"ubermenu-target ubermenu-item-layout-default ubermenu-item-layout-text_only\" href=\"https:\/\/www.buzon-world.com\/pl\/zastosowania\/tarasy-publiczne\/taras-drewniany-lub-kompozytowy\/\"><span class=\"ubermenu-target-title ubermenu-target-text\">Taras drewniany lub kompozytowy<\/span><\/a><\/p>\n<\/div><\/div><\/div><\/div><\/div><div class=\"vc_col-sm-6 wpb_column vc_column_container\"><div class=\"vc_column-inner\"><div class=\"wpb_wrapper\"><div class=\"wpb_text_column\"><div class=\"wpb_wrapper\"><p><strong>Seria PB<\/strong><\/p>\n<p><a class=\"ubermenu-target ubermenu-item-layout-default ubermenu-item-layout-text_only\" href=\"https:\/\/www.buzon-world.com\/pl\/zastosowania\/tarasy-mieszkalne\/wylozony-plytkami-taras-na-cokole\/\"><span class=\"ubermenu-target-title ubermenu-target-text\">Taras wy\u0142o\u017cony p\u0142ytkami na cokole<\/span><\/a><br \/>\n<a class=\"ubermenu-target ubermenu-item-layout-default ubermenu-item-layout-text_only\" href=\"https:\/\/www.buzon-world.com\/pl\/zastosowania\/tarasy-mieszkalne\/wylozony-plytkami-taras-na-legarach\/\"><span class=\"ubermenu-target-title ubermenu-target-text\">Taras wy\u0142o\u017cony p\u0142ytkami na legarach<\/span><\/a><br \/>\n<a class=\"ubermenu-target ubermenu-item-layout-default ubermenu-item-layout-text_only\" href=\"https:\/\/www.buzon-world.com\/pl\/zastosowania\/tarasy-mieszkalne\/taras-drewniany-lub-kompozytowy-2\/\"><span class=\"ubermenu-target-title ubermenu-target-text\">Taras drewniany lub kompozytowy<\/span><\/a><\/p>\n<\/div><\/div><\/div><\/div><\/div><\/div><\/div><\/div><\/div><\/div><\/div><\/section>\n","protected":false},"excerpt":{"rendered":"Tarasy mieszkalne Seria PB Taras wy\u0142o\u017cony p\u0142ytkami na cokole Taras wy\u0142o\u017cony p\u0142ytkami na legarach Taras drewniany lub kompozytowy Tarasy publiczne Seria DPH Taras wy\u0142o\u017cony p\u0142ytkami na cokole Taras wy\u0142o\u017cony p\u0142ytkami na legarach Taras drewniany lub kompozytowy Seria PB Taras wy\u0142o\u017cony p\u0142ytkami na cokole Taras wy\u0142o\u017cony p\u0142ytkami na legarach Taras drewniany lub kompozytowy","protected":false},"author":1,"featured_media":0,"parent":0,"menu_order":7,"comment_status":"closed","ping_status":"closed","template":"","meta":{"_acf_changed":false,"footnotes":""},"accesories_category":[],"sizes":[],"plot_serie":[],"accesories_category_type":[],"accessories_categories_subtype":[],"accessories_categories_applica":[],"class_list":["post-48812","page","type-page","status-publish","hentry"],"acf":[],"yoast_head":"<!-- This site is optimized with the Yoast SEO plugin v27.1.1 - https:\/\/yoast.com\/product\/yoast-seo-wordpress\/ -->\n<title>Aplikacje | Buzon World<\/title>\n<meta name=\"description\" content=\"Du\u017cy wyb\u00f3r coko\u0142\u00f3w tarasowych i pod\u0142ogowych do zastosowa\u0144 na tarasach mieszkalnych i publicznych. Ponad 35 lat do\u015bwiadczenia.\" \/>\n<meta name=\"robots\" content=\"index, follow, max-snippet:-1, max-image-preview:large, max-video-preview:-1\" \/>\n<link rel=\"canonical\" href=\"https:\/\/www.buzon-world.com\/pl\/zastosowania\/\" \/>\n<meta property=\"og:locale\" content=\"pl_PL\" \/>\n<meta property=\"og:type\" content=\"article\" \/>\n<meta property=\"og:title\" content=\"Aplikacje | Buzon World\" \/>\n<meta property=\"og:description\" content=\"Du\u017cy wyb\u00f3r coko\u0142\u00f3w tarasowych i pod\u0142ogowych do zastosowa\u0144 na tarasach mieszkalnych i publicznych. Ponad 35 lat do\u015bwiadczenia.\" \/>\n<meta property=\"og:url\" content=\"https:\/\/www.buzon-world.com\/pl\/zastosowania\/\" \/>\n<meta property=\"og:site_name\" content=\"Buzon\" \/>\n<meta property=\"article:modified_time\" content=\"2025-09-08T13:06:47+00:00\" \/>\n<meta name=\"twitter:card\" content=\"summary_large_image\" \/>\n<meta name=\"twitter:label1\" content=\"Szacowany czas czytania\" \/>\n\t<meta name=\"twitter:data1\" content=\"1 minuta\" \/>\n<script type=\"application\/ld+json\" class=\"yoast-schema-graph\">{\"@context\":\"https:\/\/schema.org\",\"@graph\":[{\"@type\":\"WebPage\",\"@id\":\"https:\/\/www.buzon-world.com\/pl\/zastosowania\/\",\"url\":\"https:\/\/www.buzon-world.com\/pl\/zastosowania\/\",\"name\":\"Aplikacje | Buzon World\",\"isPartOf\":{\"@id\":\"https:\/\/www.buzon-world.com\/pl\/#website\"},\"datePublished\":\"2022-07-05T13:42:00+00:00\",\"dateModified\":\"2025-09-08T13:06:47+00:00\",\"description\":\"Du\u017cy wyb\u00f3r coko\u0142\u00f3w tarasowych i pod\u0142ogowych do zastosowa\u0144 na tarasach mieszkalnych i publicznych. Ponad 35 lat do\u015bwiadczenia.\",\"breadcrumb\":{\"@id\":\"https:\/\/www.buzon-world.com\/pl\/zastosowania\/#breadcrumb\"},\"inLanguage\":\"pl-PL\",\"potentialAction\":[{\"@type\":\"ReadAction\",\"target\":[\"https:\/\/www.buzon-world.com\/pl\/zastosowania\/\"]}]},{\"@type\":\"BreadcrumbList\",\"@id\":\"https:\/\/www.buzon-world.com\/pl\/zastosowania\/#breadcrumb\",\"itemListElement\":[{\"@type\":\"ListItem\",\"position\":1,\"name\":\"Strona g\u0142\u00f3wna\",\"item\":\"https:\/\/www.buzon-world.com\/pl\/\"},{\"@type\":\"ListItem\",\"position\":2,\"name\":\"Zastosowania\"}]},{\"@type\":\"WebSite\",\"@id\":\"https:\/\/www.buzon-world.com\/pl\/#website\",\"url\":\"https:\/\/www.buzon-world.com\/pl\/\",\"name\":\"Buzon\",\"description\":\"Just another WordPress site\",\"potentialAction\":[{\"@type\":\"SearchAction\",\"target\":{\"@type\":\"EntryPoint\",\"urlTemplate\":\"https:\/\/www.buzon-world.com\/pl\/?s={search_term_string}\"},\"query-input\":{\"@type\":\"PropertyValueSpecification\",\"valueRequired\":true,\"valueName\":\"search_term_string\"}}],\"inLanguage\":\"pl-PL\"}]}<\/script>\n<!-- \/ Yoast SEO plugin. -->","yoast_head_json":{"title":"Aplikacje | Buzon World","description":"Du\u017cy wyb\u00f3r coko\u0142\u00f3w tarasowych i pod\u0142ogowych do zastosowa\u0144 na tarasach mieszkalnych i publicznych. Ponad 35 lat do\u015bwiadczenia.","robots":{"index":"index","follow":"follow","max-snippet":"max-snippet:-1","max-image-preview":"max-image-preview:large","max-video-preview":"max-video-preview:-1"},"canonical":"https:\/\/www.buzon-world.com\/pl\/zastosowania\/","og_locale":"pl_PL","og_type":"article","og_title":"Aplikacje | Buzon World","og_description":"Du\u017cy wyb\u00f3r coko\u0142\u00f3w tarasowych i pod\u0142ogowych do zastosowa\u0144 na tarasach mieszkalnych i publicznych. Ponad 35 lat do\u015bwiadczenia.","og_url":"https:\/\/www.buzon-world.com\/pl\/zastosowania\/","og_site_name":"Buzon","article_modified_time":"2025-09-08T13:06:47+00:00","twitter_card":"summary_large_image","twitter_misc":{"Szacowany czas czytania":"1 minuta"},"schema":{"@context":"https:\/\/schema.org","@graph":[{"@type":"WebPage","@id":"https:\/\/www.buzon-world.com\/pl\/zastosowania\/","url":"https:\/\/www.buzon-world.com\/pl\/zastosowania\/","name":"Aplikacje | Buzon World","isPartOf":{"@id":"https:\/\/www.buzon-world.com\/pl\/#website"},"datePublished":"2022-07-05T13:42:00+00:00","dateModified":"2025-09-08T13:06:47+00:00","description":"Du\u017cy wyb\u00f3r coko\u0142\u00f3w tarasowych i pod\u0142ogowych do zastosowa\u0144 na tarasach mieszkalnych i publicznych. Ponad 35 lat do\u015bwiadczenia.","breadcrumb":{"@id":"https:\/\/www.buzon-world.com\/pl\/zastosowania\/#breadcrumb"},"inLanguage":"pl-PL","potentialAction":[{"@type":"ReadAction","target":["https:\/\/www.buzon-world.com\/pl\/zastosowania\/"]}]},{"@type":"BreadcrumbList","@id":"https:\/\/www.buzon-world.com\/pl\/zastosowania\/#breadcrumb","itemListElement":[{"@type":"ListItem","position":1,"name":"Strona g\u0142\u00f3wna","item":"https:\/\/www.buzon-world.com\/pl\/"},{"@type":"ListItem","position":2,"name":"Zastosowania"}]},{"@type":"WebSite","@id":"https:\/\/www.buzon-world.com\/pl\/#website","url":"https:\/\/www.buzon-world.com\/pl\/","name":"Buzon","description":"Just another WordPress site","potentialAction":[{"@type":"SearchAction","target":{"@type":"EntryPoint","urlTemplate":"https:\/\/www.buzon-world.com\/pl\/?s={search_term_string}"},"query-input":{"@type":"PropertyValueSpecification","valueRequired":true,"valueName":"search_term_string"}}],"inLanguage":"pl-PL"}]}},"_links":{"self":[{"href":"https:\/\/www.buzon-world.com\/pl\/wp-json\/wp\/v2\/pages\/48812","targetHints":{"allow":["GET"]}}],"collection":[{"href":"https:\/\/www.buzon-world.com\/pl\/wp-json\/wp\/v2\/pages"}],"about":[{"href":"https:\/\/www.buzon-world.com\/pl\/wp-json\/wp\/v2\/types\/page"}],"author":[{"embeddable":true,"href":"https:\/\/www.buzon-world.com\/pl\/wp-json\/wp\/v2\/users\/1"}],"replies":[{"embeddable":true,"href":"https:\/\/www.buzon-world.com\/pl\/wp-json\/wp\/v2\/comments?post=48812"}],"version-history":[{"count":1,"href":"https:\/\/www.buzon-world.com\/pl\/wp-json\/wp\/v2\/pages\/48812\/revisions"}],"predecessor-version":[{"id":48816,"href":"https:\/\/www.buzon-world.com\/pl\/wp-json\/wp\/v2\/pages\/48812\/revisions\/48816"}],"wp:attachment":[{"href":"https:\/\/www.buzon-world.com\/pl\/wp-json\/wp\/v2\/media?parent=48812"}],"wp:term":[{"taxonomy":"accesories_category","embeddable":true,"href":"https:\/\/www.buzon-world.com\/pl\/wp-json\/wp\/v2\/accesories_category?post=48812"},{"taxonomy":"sizes","embeddable":true,"href":"https:\/\/www.buzon-world.com\/pl\/wp-json\/wp\/v2\/sizes?post=48812"},{"taxonomy":"plot_serie","embeddable":true,"href":"https:\/\/www.buzon-world.com\/pl\/wp-json\/wp\/v2\/plot_serie?post=48812"},{"taxonomy":"accesories_category_type","embeddable":true,"href":"https:\/\/www.buzon-world.com\/pl\/wp-json\/wp\/v2\/accesories_category_type?post=48812"},{"taxonomy":"accessories_categories_subtype","embeddable":true,"href":"https:\/\/www.buzon-world.com\/pl\/wp-json\/wp\/v2\/accessories_categories_subtype?post=48812"},{"taxonomy":"accessories_categories_applica","embeddable":true,"href":"https:\/\/www.buzon-world.com\/pl\/wp-json\/wp\/v2\/accessories_categories_applica?post=48812"}],"curies":[{"name":"wp","href":"https:\/\/api.w.org\/{rel}","templated":true}]}}