{"id":48908,"date":"2022-07-05T15:50:11","date_gmt":"2022-07-05T13:50:11","guid":{"rendered":"https:\/\/www.buzon-world.com\/o-nas\/nasze-zobowiazania\/"},"modified":"2025-12-15T17:27:41","modified_gmt":"2025-12-15T15:27:41","slug":"nasze-zobowiazania","status":"publish","type":"page","link":"https:\/\/www.buzon-world.com\/pl\/o-nas\/nasze-zobowiazania\/","title":{"rendered":"Nasze zobowi\u0105zania"},"content":{"rendered":"<section class=\"l-section wpb_row height_auto\"><div class=\"l-section-h i-cf\"><div class=\"g-cols vc_row via_flex valign_top type_default reversed stacking_default\"><div class=\"vc_col-sm-12 wpb_column vc_column_container\"><div class=\"vc_column-inner\"><div class=\"wpb_wrapper\">[vc_raw_html]W3dwc2VvX2JyZWFkY3J1bWJdCg==[\/vc_raw_html]<div class=\"w-separator size_medium\"><\/div><div class=\"wpb_text_column\"><div class=\"wpb_wrapper\"><h1>Nasze zobowi\u0105zania<\/h1>\n<\/div><\/div><\/div><\/div><\/div><\/div><\/div><\/section><section class=\"l-section wpb_row blackcols height_medium\"><div class=\"l-section-h i-cf\"><div class=\"g-cols vc_row via_flex valign_top type_boxes stacking_default\" style=\"--additional-gap:15px;\"><div class=\"vc_col-sm-6 wpb_column vc_column_container\"><div class=\"vc_column-inner\"><div class=\"wpb_wrapper\"><div class=\"w-image has_ratio align_none\"><div class=\"w-image-h\"><div style=\"padding-bottom:50.9434%\"><\/div><img decoding=\"async\" width=\"1024\" height=\"719\" src=\"https:\/\/www.buzon-world.com\/wp-content\/uploads\/2023\/12\/Usine-Moldes-1024x719.jpg\" class=\"attachment-large size-large\" alt=\"\" loading=\"lazy\" \/><\/div><\/div><div class=\"w-separator size_medium\"><\/div><div class=\"wpb_text_column\"><div class=\"wpb_wrapper\"><h2>100% WYPRODUKOWANO W EUROPIE<\/h2>\n<p>Wszystkie nasze produkty s\u0105 tworzone, projektowane i produkowane w Europie. Nasz dzia\u0142 bada\u0144 i rozwoju ci\u0119\u017cko pracuje, aby zapewni\u0107 naszym klientom doskona\u0142e wsparcie w zakresie taras\u00f3w. 90% naszych produkt\u00f3w pochodzi z fabryki w Overpelt w Belgii. Reszta naszych produkt\u00f3w jest wytwarzana w Europie.<\/p>\n<p><img loading=\"lazy\" decoding=\"async\" class=\"alignnone wp-image-50274 size-thumbnail\" src=\"https:\/\/www.buzon-world.com\/wp-content\/uploads\/2025\/12\/LOGO-Made-In-Europe-150x150.png\" alt=\"\" width=\"150\" height=\"150\" srcset=\"https:\/\/www.buzon-world.com\/wp-content\/uploads\/2025\/12\/LOGO-Made-In-Europe-150x150.png 150w, https:\/\/www.buzon-world.com\/wp-content\/uploads\/2025\/12\/LOGO-Made-In-Europe-300x300.png 300w, https:\/\/www.buzon-world.com\/wp-content\/uploads\/2025\/12\/LOGO-Made-In-Europe-1024x1024.png 1024w, https:\/\/www.buzon-world.com\/wp-content\/uploads\/2025\/12\/LOGO-Made-In-Europe-70x70.png 70w, https:\/\/www.buzon-world.com\/wp-content\/uploads\/2025\/12\/LOGO-Made-In-Europe.png 1080w\" sizes=\"auto, (max-width: 150px) 100vw, 150px\" \/><\/p>\n<\/div><\/div><div class=\"w-separator size_large\"><\/div><div class=\"wpb_text_column\"><div class=\"wpb_wrapper\"><h2 class=\"p1\">JAKO\u015a\u0106<br \/>\nZAANGA\u017bOWANIE<\/h2>\n<p class=\"p2\">Jako\u015b\u0107 naszych produkt\u00f3w i zadowolenie klient\u00f3w to nasze najwy\u017csze priorytety. W zwi\u0105zku z tym <span class=\"s1\">Buzon\u00ae <\/span>posiada certyfikat ISO 9001:2008 od 2015 roku oraz ISO 9001:2015 od 2017 roku. Certyfikat ten gwarantuje sta\u0142\u0105 popraw\u0119 jako\u015bci naszych produkt\u00f3w i us\u0142ug.<\/p>\n<p><img loading=\"lazy\" decoding=\"async\" class=\"alignnone wp-image-50277 size-thumbnail\" src=\"https:\/\/www.buzon-world.com\/wp-content\/uploads\/2025\/12\/LOGO-ISO9001-150x150.png\" alt=\"\" width=\"150\" height=\"150\" srcset=\"https:\/\/www.buzon-world.com\/wp-content\/uploads\/2025\/12\/LOGO-ISO9001-150x150.png 150w, https:\/\/www.buzon-world.com\/wp-content\/uploads\/2025\/12\/LOGO-ISO9001-300x300.png 300w, https:\/\/www.buzon-world.com\/wp-content\/uploads\/2025\/12\/LOGO-ISO9001-1024x1024.png 1024w, https:\/\/www.buzon-world.com\/wp-content\/uploads\/2025\/12\/LOGO-ISO9001-70x70.png 70w, https:\/\/www.buzon-world.com\/wp-content\/uploads\/2025\/12\/LOGO-ISO9001.png 1080w\" sizes=\"auto, (max-width: 150px) 100vw, 150px\" \/><\/p>\n<\/div><\/div><div class=\"w-separator size_large\"><\/div><div class=\"w-image has_ratio align_none\"><div class=\"w-image-h\"><div style=\"padding-bottom:50.9434%\"><\/div><img decoding=\"async\" width=\"1024\" height=\"615\" src=\"https:\/\/www.buzon-world.com\/wp-content\/uploads\/2023\/12\/trophee-1024x615.jpg\" class=\"attachment-large size-large\" alt=\"\" loading=\"lazy\" \/><\/div><\/div><div class=\"w-separator size_medium\"><\/div><div class=\"wpb_text_column\"><div class=\"wpb_wrapper\"><h2 class=\"p1\">UZNANIE<\/h2>\n<p class=\"p2\">Zdobyli\u015bmy wiele nagr\u00f3d i r\u00f3\u017cnych certyfikat\u00f3w, takich jak Srebrny Medal za innowacyjno\u015b\u0107 na Batimat Paris w 1997 roku, Golden Bridge w Londynie, a nawet Good Design Award 2018 dzi\u0119ki naszym r\u00f3\u017cnorodnym zobowi\u0105zaniom i polityce firmy.<\/p>\n<p><img loading=\"lazy\" decoding=\"async\" class=\"alignnone wp-image-50279 size-thumbnail\" src=\"https:\/\/www.buzon-world.com\/wp-content\/uploads\/2025\/12\/LOGO-BATIMAT-150x150.png\" alt=\"\" width=\"150\" height=\"150\" srcset=\"https:\/\/www.buzon-world.com\/wp-content\/uploads\/2025\/12\/LOGO-BATIMAT-150x150.png 150w, https:\/\/www.buzon-world.com\/wp-content\/uploads\/2025\/12\/LOGO-BATIMAT-300x300.png 300w, https:\/\/www.buzon-world.com\/wp-content\/uploads\/2025\/12\/LOGO-BATIMAT-1024x1024.png 1024w, https:\/\/www.buzon-world.com\/wp-content\/uploads\/2025\/12\/LOGO-BATIMAT-70x70.png 70w, https:\/\/www.buzon-world.com\/wp-content\/uploads\/2025\/12\/LOGO-BATIMAT.png 1080w\" sizes=\"auto, (max-width: 150px) 100vw, 150px\" \/> <img loading=\"lazy\" decoding=\"async\" class=\"alignnone wp-image-50280 size-thumbnail\" src=\"https:\/\/www.buzon-world.com\/wp-content\/uploads\/2025\/12\/LOGO-GOODDESIGNAWARD-150x150.png\" alt=\"\" width=\"150\" height=\"150\" srcset=\"https:\/\/www.buzon-world.com\/wp-content\/uploads\/2025\/12\/LOGO-GOODDESIGNAWARD-150x150.png 150w, https:\/\/www.buzon-world.com\/wp-content\/uploads\/2025\/12\/LOGO-GOODDESIGNAWARD-300x300.png 300w, https:\/\/www.buzon-world.com\/wp-content\/uploads\/2025\/12\/LOGO-GOODDESIGNAWARD-1024x1024.png 1024w, https:\/\/www.buzon-world.com\/wp-content\/uploads\/2025\/12\/LOGO-GOODDESIGNAWARD-70x70.png 70w, https:\/\/www.buzon-world.com\/wp-content\/uploads\/2025\/12\/LOGO-GOODDESIGNAWARD.png 1080w\" sizes=\"auto, (max-width: 150px) 100vw, 150px\" \/><\/p>\n<\/div><\/div><div class=\"w-separator size_medium\"><\/div><div class=\"wpb_text_column\"><div class=\"wpb_wrapper\"><h2>NASZE CERTYFIKATY MI\u0118DZYNARODOWE<\/h2>\n<p>Nasze certyfikaty mi\u0119dzynarodowe, takie jak ICC ES w Stanach Zjednoczonych i BBA w Wielkiej Brytanii, potwierdzaj\u0105 nasze zaanga\u017cowanie w przestrzeganie uznawanych na ca\u0142ym \u015bwiecie standard\u00f3w jako\u015bci oraz wydajno\u015bci.<\/p>\n<p><img loading=\"lazy\" decoding=\"async\" class=\"alignnone wp-image-50283 size-thumbnail\" src=\"https:\/\/www.buzon-world.com\/wp-content\/uploads\/2025\/12\/LOGO-ICC-150x150.png\" alt=\"\" width=\"150\" height=\"150\" srcset=\"https:\/\/www.buzon-world.com\/wp-content\/uploads\/2025\/12\/LOGO-ICC-150x150.png 150w, https:\/\/www.buzon-world.com\/wp-content\/uploads\/2025\/12\/LOGO-ICC-300x300.png 300w, https:\/\/www.buzon-world.com\/wp-content\/uploads\/2025\/12\/LOGO-ICC-1024x1024.png 1024w, https:\/\/www.buzon-world.com\/wp-content\/uploads\/2025\/12\/LOGO-ICC-70x70.png 70w, https:\/\/www.buzon-world.com\/wp-content\/uploads\/2025\/12\/LOGO-ICC.png 1080w\" sizes=\"auto, (max-width: 150px) 100vw, 150px\" \/><img loading=\"lazy\" decoding=\"async\" class=\"alignnone wp-image-50284 size-thumbnail\" src=\"https:\/\/www.buzon-world.com\/wp-content\/uploads\/2025\/12\/LOGO-BBA-150x150.png\" alt=\"\" width=\"150\" height=\"150\" srcset=\"https:\/\/www.buzon-world.com\/wp-content\/uploads\/2025\/12\/LOGO-BBA-150x150.png 150w, https:\/\/www.buzon-world.com\/wp-content\/uploads\/2025\/12\/LOGO-BBA-300x300.png 300w, https:\/\/www.buzon-world.com\/wp-content\/uploads\/2025\/12\/LOGO-BBA-1024x1024.png 1024w, https:\/\/www.buzon-world.com\/wp-content\/uploads\/2025\/12\/LOGO-BBA-70x70.png 70w, https:\/\/www.buzon-world.com\/wp-content\/uploads\/2025\/12\/LOGO-BBA.png 1080w\" sizes=\"auto, (max-width: 150px) 100vw, 150px\" \/><\/p>\n<\/div><\/div><\/div><\/div><\/div><div class=\"vc_col-sm-6 wpb_column vc_column_container\"><div class=\"vc_column-inner\"><div class=\"wpb_wrapper\"><div class=\"w-image has_ratio align_none\"><div class=\"w-image-h\"><div style=\"padding-bottom:50.9434%\"><\/div><img decoding=\"async\" width=\"1024\" height=\"768\" src=\"https:\/\/www.buzon-world.com\/wp-content\/uploads\/2023\/12\/pepiniere-1024x768.jpg\" class=\"attachment-large size-large\" alt=\"\" loading=\"lazy\" \/><\/div><\/div><div class=\"w-separator size_medium\"><\/div><div class=\"wpb_text_column\"><div class=\"wpb_wrapper\"><h2 class=\"p1\">ZOBOWI\u0104ZANIE \u015aRODOWISKOWE<\/h2>\n<p data-start=\"181\" data-end=\"444\">Z trosk\u0105 o zmniejszenie naszego wp\u0142ywu na \u015brodowisko zobowi\u0105zujemy si\u0119 do ci\u0105g\u0142ego w\u0142\u0105czania ochrony i zachowania \u015brodowiska naturalnego w projektowanie, produkcj\u0119 i dystrybucj\u0119 naszych produkt\u00f3w, a tak\u017ce w codzienne zarz\u0105dzanie nasz\u0105 dzia\u0142alno\u015bci\u0105.<\/p>\n<p data-start=\"446\" data-end=\"538\">Aby zrealizowa\u0107 t\u0119 misj\u0119, Buzon Pedestal International koncentruje swoje dzia\u0142ania na:<\/p>\n<ul data-start=\"539\" data-end=\"828\">\n<li data-start=\"539\" data-end=\"603\">\n<p data-start=\"541\" data-end=\"603\">racjonalnym wykorzystaniu energii i zasob\u00f3w naturalnych,<\/p>\n<\/li>\n<li data-start=\"604\" data-end=\"693\">\n<p data-start=\"606\" data-end=\"693\">ograniczeniu ilo\u015bci wytwarzanych odpad\u00f3w i ulepszeniu systemu ich segregacji,<\/p>\n<\/li>\n<li data-start=\"694\" data-end=\"748\">\n<p data-start=\"696\" data-end=\"748\">ustanowieniu zr\u00f3wnowa\u017conej polityki zakupowej,<\/p>\n<\/li>\n<li data-start=\"749\" data-end=\"828\">\n<p data-start=\"751\" data-end=\"828\">oraz zapobieganiu zanieczyszczeniom i innym zagro\u017ceniom dla \u015brodowiska.<\/p>\n<\/li>\n<\/ul>\n<p data-start=\"830\" data-end=\"1083\">W 2019 roku uzyskali\u015bmy r\u00f3wnie\u017c certyfikat ISO 14001. Ta mi\u0119dzynarodowa norma potwierdza nasze zaanga\u017cowanie w ci\u0105g\u0142e doskonalenie wynik\u00f3w w zakresie ochrony \u015brodowiska oraz w przestrzeganie obowi\u0105zuj\u0105cych wymaga\u0144 prawnych i regulacyjnych.<\/p>\n<\/div><\/div><div class=\"w-separator size_large\"><\/div><div class=\"wpb_text_column\"><div class=\"wpb_wrapper\"><h2 data-start=\"78\" data-end=\"157\">KONIEC \u017bYWOTNO\u015aCI PRODUKT\u00d3W Z POLIPROPYLENU: RECYKLING I ODPOWIEDZIALNO\u015a\u0106<\/h2>\n<p data-start=\"159\" data-end=\"425\">Jeste\u015bmy dumni z produkcji wyrob\u00f3w z polipropylenu, materia\u0142u znanego z lekko\u015bci, wytrzyma\u0142o\u015bci i wszechstronno\u015bci. Jednak zdajemy sobie r\u00f3wnie\u017c spraw\u0119, jak wa\u017cne jest odpowiednie zarz\u0105dzanie ko\u0144cem \u017cycia tych produkt\u00f3w, aby zminimalizowa\u0107 ich wp\u0142yw na \u015brodowisko.<\/p>\n<h3 data-start=\"427\" data-end=\"471\">Co zrobi\u0107 po zako\u0144czeniu u\u017cytkowania?<\/h3>\n<p data-start=\"473\" data-end=\"637\">Gdy Tw\u00f3j produkt z polipropylenu osi\u0105gnie koniec swojego cyklu u\u017cytkowania, wa\u017cne jest, aby wykona\u0107 kilka prostych krok\u00f3w, aby zapewni\u0107 jego prawid\u0142owy recykling:<\/p>\n<ul data-start=\"639\" data-end=\"1319\">\n<li data-start=\"639\" data-end=\"886\">\n<p data-start=\"641\" data-end=\"886\"><strong data-start=\"641\" data-end=\"667\">Selektywna segregacja:<\/strong> Polipropylen (PP) to plastik nadaj\u0105cy si\u0119 do recyklingu. Przed wyrzuceniem upewnij si\u0119, \u017ce umieszczasz go w odpowiednich pojemnikach na recykling. Sprawd\u017a lokalne wytyczne dotycz\u0105ce zasad recyklingu w Twojej okolicy.<\/p>\n<\/li>\n<li data-start=\"887\" data-end=\"1096\">\n<p data-start=\"889\" data-end=\"1096\"><strong data-start=\"889\" data-end=\"908\">Punkty zbi\u00f3rki:<\/strong> Wiele gmin posiada centra zbi\u00f3rki lub punkty utylizacji odpad\u00f3w, gdzie plastiki, w tym polipropylen, mog\u0105 by\u0107 poddane recyklingowi. Nie wahaj si\u0119 odda\u0107 swoich produkt\u00f3w w tych punktach.<\/p>\n<\/li>\n<li data-start=\"1097\" data-end=\"1319\">\n<p data-start=\"1099\" data-end=\"1319\"><strong data-start=\"1099\" data-end=\"1128\">Odpowiedzialne podej\u015bcie:<\/strong> Jako firma anga\u017cujemy si\u0119 w wspieranie inicjatyw recyklingowych. Polipropylen mo\u017ce by\u0107 ponownie wykorzystany do produkcji nowych wyrob\u00f3w, co zmniejsza zapotrzebowanie na surowce pierwotne.<\/p>\n<\/li>\n<\/ul>\n<h3 data-start=\"1321\" data-end=\"1370\">Dlaczego warto recyklingowa\u0107 polipropylen?<\/h3>\n<ul data-start=\"1372\" data-end=\"1831\">\n<li data-start=\"1372\" data-end=\"1516\">\n<p data-start=\"1374\" data-end=\"1516\"><strong data-start=\"1374\" data-end=\"1409\">Gospodarka o obiegu zamkni\u0119tym:<\/strong> Recykling pozwala nada\u0107 polipropylenowi nowe \u017cycie, przekszta\u0142caj\u0105c zu\u017cyte produkty w cenne nowe zasoby.<\/p>\n<\/li>\n<li data-start=\"1517\" data-end=\"1661\">\n<p data-start=\"1519\" data-end=\"1661\"><strong data-start=\"1519\" data-end=\"1540\">Redukcja odpad\u00f3w:<\/strong> Recykling pomaga zmniejszy\u0107 ilo\u015b\u0107 odpad\u00f3w trafiaj\u0105cych na sk\u0142adowiska, obni\u017caj\u0105c tym samym ca\u0142kowity \u015blad ekologiczny.<\/p>\n<\/li>\n<li data-start=\"1662\" data-end=\"1831\">\n<p data-start=\"1664\" data-end=\"1831\"><strong data-start=\"1664\" data-end=\"1688\">Oszcz\u0119dno\u015b\u0107 zasob\u00f3w:<\/strong> Mniej surowc\u00f3w pierwotnych jest potrzebnych, gdy polipropylen jest poddawany recyklingowi, co przyczynia si\u0119 do ochrony zasob\u00f3w naturalnych.<\/p>\n<\/li>\n<\/ul>\n<p><img loading=\"lazy\" decoding=\"async\" class=\"alignnone wp-image-50281 size-thumbnail\" src=\"https:\/\/www.buzon-world.com\/wp-content\/uploads\/2025\/12\/LOGO-ISO14001-150x150.png\" alt=\"\" width=\"150\" height=\"150\" srcset=\"https:\/\/www.buzon-world.com\/wp-content\/uploads\/2025\/12\/LOGO-ISO14001-150x150.png 150w, https:\/\/www.buzon-world.com\/wp-content\/uploads\/2025\/12\/LOGO-ISO14001-300x300.png 300w, https:\/\/www.buzon-world.com\/wp-content\/uploads\/2025\/12\/LOGO-ISO14001-1024x1024.png 1024w, https:\/\/www.buzon-world.com\/wp-content\/uploads\/2025\/12\/LOGO-ISO14001-70x70.png 70w, https:\/\/www.buzon-world.com\/wp-content\/uploads\/2025\/12\/LOGO-ISO14001.png 1080w\" sizes=\"auto, (max-width: 150px) 100vw, 150px\" \/><\/p>\n<\/div><\/div><\/div><\/div><\/div><\/div><\/div><\/section>\n","protected":false},"excerpt":{"rendered":"[vc_raw_html]W3dwc2VvX2JyZWFkY3J1bWJdCg==[\/vc_raw_html]Nasze zobowi\u0105zania 100% WYPRODUKOWANO W EUROPIE Wszystkie nasze produkty s\u0105 tworzone, projektowane i produkowane w Europie. Nasz dzia\u0142 bada\u0144 i rozwoju ci\u0119\u017cko pracuje, aby zapewni\u0107 naszym klientom doskona\u0142e wsparcie w zakresie taras\u00f3w. 90% naszych produkt\u00f3w pochodzi z fabryki w Overpelt w Belgii. Reszta naszych produkt\u00f3w jest wytwarzana w Europie. JAKO\u015a\u0106 ZAANGA\u017bOWANIE Jako\u015b\u0107 naszych produkt\u00f3w i...","protected":false},"author":1,"featured_media":0,"parent":48619,"menu_order":2,"comment_status":"closed","ping_status":"closed","template":"","meta":{"_acf_changed":false,"footnotes":""},"accesories_category":[],"sizes":[],"plot_serie":[],"accesories_category_type":[],"accessories_categories_subtype":[],"accessories_categories_applica":[],"class_list":["post-48908","page","type-page","status-publish","hentry"],"acf":[],"yoast_head":"<!-- This site is optimized with the Yoast SEO plugin v27.1.1 - https:\/\/yoast.com\/product\/yoast-seo-wordpress\/ -->\n<title>Nasze zobowi\u0105zania | Buzon World<\/title>\n<meta name=\"description\" content=\"Wszystkie nasze produkty s\u0105 tworzone, projektowane i produkowane w Europie. To tylko jedno z wielu naszych zobowi\u0105za\u0144 dotycz\u0105cych jako\u015bci.\" \/>\n<meta name=\"robots\" content=\"index, follow, max-snippet:-1, max-image-preview:large, max-video-preview:-1\" \/>\n<link rel=\"canonical\" href=\"https:\/\/www.buzon-world.com\/pl\/o-nas\/nasze-zobowiazania\/\" \/>\n<meta property=\"og:locale\" content=\"pl_PL\" \/>\n<meta property=\"og:type\" content=\"article\" \/>\n<meta property=\"og:title\" content=\"Nasze zobowi\u0105zania | Buzon World\" \/>\n<meta property=\"og:description\" content=\"Wszystkie nasze produkty s\u0105 tworzone, projektowane i produkowane w Europie. To tylko jedno z wielu naszych zobowi\u0105za\u0144 dotycz\u0105cych jako\u015bci.\" \/>\n<meta property=\"og:url\" content=\"https:\/\/www.buzon-world.com\/pl\/o-nas\/nasze-zobowiazania\/\" \/>\n<meta property=\"og:site_name\" content=\"Buzon\" \/>\n<meta property=\"article:modified_time\" content=\"2025-12-15T15:27:41+00:00\" \/>\n<meta property=\"og:image\" content=\"https:\/\/www.buzon-world.com\/wp-content\/uploads\/2025\/12\/LOGO-Made-In-Europe-150x150.png\" \/>\n<meta name=\"twitter:card\" content=\"summary_large_image\" \/>\n<meta name=\"twitter:label1\" content=\"Szacowany czas czytania\" \/>\n\t<meta name=\"twitter:data1\" content=\"5 minuta\" \/>\n<script type=\"application\/ld+json\" class=\"yoast-schema-graph\">{\"@context\":\"https:\/\/schema.org\",\"@graph\":[{\"@type\":\"WebPage\",\"@id\":\"https:\/\/www.buzon-world.com\/pl\/o-nas\/nasze-zobowiazania\/\",\"url\":\"https:\/\/www.buzon-world.com\/pl\/o-nas\/nasze-zobowiazania\/\",\"name\":\"Nasze zobowi\u0105zania | Buzon World\",\"isPartOf\":{\"@id\":\"https:\/\/www.buzon-world.com\/pl\/#website\"},\"primaryImageOfPage\":{\"@id\":\"https:\/\/www.buzon-world.com\/pl\/o-nas\/nasze-zobowiazania\/#primaryimage\"},\"image\":{\"@id\":\"https:\/\/www.buzon-world.com\/pl\/o-nas\/nasze-zobowiazania\/#primaryimage\"},\"thumbnailUrl\":\"https:\/\/www.buzon-world.com\/wp-content\/uploads\/2025\/12\/LOGO-Made-In-Europe-150x150.png\",\"datePublished\":\"2022-07-05T13:50:11+00:00\",\"dateModified\":\"2025-12-15T15:27:41+00:00\",\"description\":\"Wszystkie nasze produkty s\u0105 tworzone, projektowane i produkowane w Europie. To tylko jedno z wielu naszych zobowi\u0105za\u0144 dotycz\u0105cych jako\u015bci.\",\"breadcrumb\":{\"@id\":\"https:\/\/www.buzon-world.com\/pl\/o-nas\/nasze-zobowiazania\/#breadcrumb\"},\"inLanguage\":\"pl-PL\",\"potentialAction\":[{\"@type\":\"ReadAction\",\"target\":[\"https:\/\/www.buzon-world.com\/pl\/o-nas\/nasze-zobowiazania\/\"]}]},{\"@type\":\"ImageObject\",\"inLanguage\":\"pl-PL\",\"@id\":\"https:\/\/www.buzon-world.com\/pl\/o-nas\/nasze-zobowiazania\/#primaryimage\",\"url\":\"https:\/\/www.buzon-world.com\/wp-content\/uploads\/2025\/12\/LOGO-Made-In-Europe-150x150.png\",\"contentUrl\":\"https:\/\/www.buzon-world.com\/wp-content\/uploads\/2025\/12\/LOGO-Made-In-Europe-150x150.png\"},{\"@type\":\"BreadcrumbList\",\"@id\":\"https:\/\/www.buzon-world.com\/pl\/o-nas\/nasze-zobowiazania\/#breadcrumb\",\"itemListElement\":[{\"@type\":\"ListItem\",\"position\":1,\"name\":\"Strona g\u0142\u00f3wna\",\"item\":\"https:\/\/www.buzon-world.com\/pl\/\"},{\"@type\":\"ListItem\",\"position\":2,\"name\":\"O nas\",\"item\":\"https:\/\/www.buzon-world.com\/pl\/o-nas\/\"},{\"@type\":\"ListItem\",\"position\":3,\"name\":\"Nasze zobowi\u0105zania\"}]},{\"@type\":\"WebSite\",\"@id\":\"https:\/\/www.buzon-world.com\/pl\/#website\",\"url\":\"https:\/\/www.buzon-world.com\/pl\/\",\"name\":\"Buzon\",\"description\":\"Just another WordPress site\",\"potentialAction\":[{\"@type\":\"SearchAction\",\"target\":{\"@type\":\"EntryPoint\",\"urlTemplate\":\"https:\/\/www.buzon-world.com\/pl\/?s={search_term_string}\"},\"query-input\":{\"@type\":\"PropertyValueSpecification\",\"valueRequired\":true,\"valueName\":\"search_term_string\"}}],\"inLanguage\":\"pl-PL\"}]}<\/script>\n<!-- \/ Yoast SEO plugin. -->","yoast_head_json":{"title":"Nasze zobowi\u0105zania | Buzon World","description":"Wszystkie nasze produkty s\u0105 tworzone, projektowane i produkowane w Europie. To tylko jedno z wielu naszych zobowi\u0105za\u0144 dotycz\u0105cych jako\u015bci.","robots":{"index":"index","follow":"follow","max-snippet":"max-snippet:-1","max-image-preview":"max-image-preview:large","max-video-preview":"max-video-preview:-1"},"canonical":"https:\/\/www.buzon-world.com\/pl\/o-nas\/nasze-zobowiazania\/","og_locale":"pl_PL","og_type":"article","og_title":"Nasze zobowi\u0105zania | Buzon World","og_description":"Wszystkie nasze produkty s\u0105 tworzone, projektowane i produkowane w Europie. To tylko jedno z wielu naszych zobowi\u0105za\u0144 dotycz\u0105cych jako\u015bci.","og_url":"https:\/\/www.buzon-world.com\/pl\/o-nas\/nasze-zobowiazania\/","og_site_name":"Buzon","article_modified_time":"2025-12-15T15:27:41+00:00","og_image":[{"url":"https:\/\/www.buzon-world.com\/wp-content\/uploads\/2025\/12\/LOGO-Made-In-Europe-150x150.png","type":"","width":"","height":""}],"twitter_card":"summary_large_image","twitter_misc":{"Szacowany czas czytania":"5 minuta"},"schema":{"@context":"https:\/\/schema.org","@graph":[{"@type":"WebPage","@id":"https:\/\/www.buzon-world.com\/pl\/o-nas\/nasze-zobowiazania\/","url":"https:\/\/www.buzon-world.com\/pl\/o-nas\/nasze-zobowiazania\/","name":"Nasze zobowi\u0105zania | Buzon World","isPartOf":{"@id":"https:\/\/www.buzon-world.com\/pl\/#website"},"primaryImageOfPage":{"@id":"https:\/\/www.buzon-world.com\/pl\/o-nas\/nasze-zobowiazania\/#primaryimage"},"image":{"@id":"https:\/\/www.buzon-world.com\/pl\/o-nas\/nasze-zobowiazania\/#primaryimage"},"thumbnailUrl":"https:\/\/www.buzon-world.com\/wp-content\/uploads\/2025\/12\/LOGO-Made-In-Europe-150x150.png","datePublished":"2022-07-05T13:50:11+00:00","dateModified":"2025-12-15T15:27:41+00:00","description":"Wszystkie nasze produkty s\u0105 tworzone, projektowane i produkowane w Europie. To tylko jedno z wielu naszych zobowi\u0105za\u0144 dotycz\u0105cych jako\u015bci.","breadcrumb":{"@id":"https:\/\/www.buzon-world.com\/pl\/o-nas\/nasze-zobowiazania\/#breadcrumb"},"inLanguage":"pl-PL","potentialAction":[{"@type":"ReadAction","target":["https:\/\/www.buzon-world.com\/pl\/o-nas\/nasze-zobowiazania\/"]}]},{"@type":"ImageObject","inLanguage":"pl-PL","@id":"https:\/\/www.buzon-world.com\/pl\/o-nas\/nasze-zobowiazania\/#primaryimage","url":"https:\/\/www.buzon-world.com\/wp-content\/uploads\/2025\/12\/LOGO-Made-In-Europe-150x150.png","contentUrl":"https:\/\/www.buzon-world.com\/wp-content\/uploads\/2025\/12\/LOGO-Made-In-Europe-150x150.png"},{"@type":"BreadcrumbList","@id":"https:\/\/www.buzon-world.com\/pl\/o-nas\/nasze-zobowiazania\/#breadcrumb","itemListElement":[{"@type":"ListItem","position":1,"name":"Strona g\u0142\u00f3wna","item":"https:\/\/www.buzon-world.com\/pl\/"},{"@type":"ListItem","position":2,"name":"O nas","item":"https:\/\/www.buzon-world.com\/pl\/o-nas\/"},{"@type":"ListItem","position":3,"name":"Nasze zobowi\u0105zania"}]},{"@type":"WebSite","@id":"https:\/\/www.buzon-world.com\/pl\/#website","url":"https:\/\/www.buzon-world.com\/pl\/","name":"Buzon","description":"Just another WordPress site","potentialAction":[{"@type":"SearchAction","target":{"@type":"EntryPoint","urlTemplate":"https:\/\/www.buzon-world.com\/pl\/?s={search_term_string}"},"query-input":{"@type":"PropertyValueSpecification","valueRequired":true,"valueName":"search_term_string"}}],"inLanguage":"pl-PL"}]}},"_links":{"self":[{"href":"https:\/\/www.buzon-world.com\/pl\/wp-json\/wp\/v2\/pages\/48908","targetHints":{"allow":["GET"]}}],"collection":[{"href":"https:\/\/www.buzon-world.com\/pl\/wp-json\/wp\/v2\/pages"}],"about":[{"href":"https:\/\/www.buzon-world.com\/pl\/wp-json\/wp\/v2\/types\/page"}],"author":[{"embeddable":true,"href":"https:\/\/www.buzon-world.com\/pl\/wp-json\/wp\/v2\/users\/1"}],"replies":[{"embeddable":true,"href":"https:\/\/www.buzon-world.com\/pl\/wp-json\/wp\/v2\/comments?post=48908"}],"version-history":[{"count":14,"href":"https:\/\/www.buzon-world.com\/pl\/wp-json\/wp\/v2\/pages\/48908\/revisions"}],"predecessor-version":[{"id":49704,"href":"https:\/\/www.buzon-world.com\/pl\/wp-json\/wp\/v2\/pages\/48908\/revisions\/49704"}],"up":[{"embeddable":true,"href":"https:\/\/www.buzon-world.com\/pl\/wp-json\/wp\/v2\/pages\/48619"}],"wp:attachment":[{"href":"https:\/\/www.buzon-world.com\/pl\/wp-json\/wp\/v2\/media?parent=48908"}],"wp:term":[{"taxonomy":"accesories_category","embeddable":true,"href":"https:\/\/www.buzon-world.com\/pl\/wp-json\/wp\/v2\/accesories_category?post=48908"},{"taxonomy":"sizes","embeddable":true,"href":"https:\/\/www.buzon-world.com\/pl\/wp-json\/wp\/v2\/sizes?post=48908"},{"taxonomy":"plot_serie","embeddable":true,"href":"https:\/\/www.buzon-world.com\/pl\/wp-json\/wp\/v2\/plot_serie?post=48908"},{"taxonomy":"accesories_category_type","embeddable":true,"href":"https:\/\/www.buzon-world.com\/pl\/wp-json\/wp\/v2\/accesories_category_type?post=48908"},{"taxonomy":"accessories_categories_subtype","embeddable":true,"href":"https:\/\/www.buzon-world.com\/pl\/wp-json\/wp\/v2\/accessories_categories_subtype?post=48908"},{"taxonomy":"accessories_categories_applica","embeddable":true,"href":"https:\/\/www.buzon-world.com\/pl\/wp-json\/wp\/v2\/accessories_categories_applica?post=48908"}],"curies":[{"name":"wp","href":"https:\/\/api.w.org\/{rel}","templated":true}]}}