{"id":48929,"date":"2022-07-05T15:50:11","date_gmt":"2022-07-05T13:50:11","guid":{"rendered":"https:\/\/www.buzon-world.com\/o-nas\/wspolny-cel\/"},"modified":"2025-09-08T15:06:59","modified_gmt":"2025-09-08T13:06:59","slug":"wspolny-cel","status":"publish","type":"page","link":"https:\/\/www.buzon-world.com\/pl\/o-nas\/wspolny-cel\/","title":{"rendered":"Wsp\u00f3lny cel"},"content":{"rendered":"<section class=\"l-section wpb_row height_auto\"><div class=\"l-section-h i-cf\"><div class=\"g-cols vc_row via_flex valign_top type_default reversed stacking_default\"><div class=\"vc_col-sm-5 wpb_column vc_column_container\"><div class=\"vc_column-inner\"><div class=\"wpb_wrapper\">[vc_raw_html]W3dwc2VvX2JyZWFkY3J1bWJdCg==[\/vc_raw_html]<div class=\"w-separator size_medium\"><\/div><div class=\"wpb_text_column\"><div class=\"wpb_wrapper\"><h1>WSP\u00d3LNY CEL<\/h1>\n<\/div><\/div><div class=\"w-separator size_large\"><\/div><\/div><\/div><\/div><div class=\"vc_col-sm-1 wpb_column vc_column_container\"><div class=\"vc_column-inner\"><div class=\"wpb_wrapper\"><\/div><\/div><\/div><div class=\"vc_col-sm-6 wpb_column vc_column_container m300 has_bg_color\"><div class=\"vc_column-inner us_custom_4078679f\"><div class=\"wpb_wrapper\"><\/div><\/div><\/div><\/div><\/div><\/section><section class=\"l-section wpb_row height_large\"><div class=\"l-section-h i-cf\"><div class=\"g-cols vc_row via_flex valign_top type_default stacking_default\" style=\"--additional-gap:20px;\"><div class=\"vc_col-sm-12 vc_col-lg-4 vc_col-md-4 vc_col-xs-12 wpb_column vc_column_container usp usp1\"><div class=\"vc_column-inner\"><div class=\"wpb_wrapper\"><div class=\"wpb_text_column us_custom_b02a18c0 has_text_color\"><div class=\"wpb_wrapper\"><h3 style=\"text-align: center;\"><strong>NASZA WIZJA<\/strong><\/h3>\n<\/div><\/div><div class=\"wpb_text_column\"><div class=\"wpb_wrapper\"><p style=\"text-align: center;\">Uznany innowacyjny lider w <strong>tworzeniu zr\u00f3wnowa\u017conych system\u00f3w krajobrazu zewn\u0119trznego<\/strong>.<\/p>\n<\/div><\/div><div class=\"w-image align_none\"><div class=\"w-image-h\"><img decoding=\"async\" width=\"1024\" height=\"1024\" src=\"https:\/\/www.buzon-world.com\/wp-content\/uploads\/2023\/05\/Asset-1.svg\" class=\"attachment-large size-large\" alt=\"\" loading=\"lazy\" \/><\/div><\/div><\/div><\/div><\/div><div class=\"vc_col-sm-12 vc_col-lg-4 vc_col-md-4 vc_col-xs-12 wpb_column vc_column_container usp usp1\"><div class=\"vc_column-inner\"><div class=\"wpb_wrapper\"><div class=\"wpb_text_column us_custom_b02a18c0 has_text_color\"><div class=\"wpb_wrapper\"><h3 style=\"text-align: center;\"><strong>NASZA MISJA<\/strong><\/h3>\n<\/div><\/div><div class=\"wpb_text_column\"><div class=\"wpb_wrapper\"><p style=\"text-align: center;\"><strong>Opracowanie innowacyjnych, ergonomicznych<\/strong> i <strong>zr\u00f3wnowa\u017conych<\/strong> system\u00f3w wspomagaj\u0105cych u\u017cytkownik\u00f3w w autonomicznym rozwoju i upi\u0119kszaniu przestrzeni zewn\u0119trznych.<\/p>\n<\/div><\/div><div class=\"w-image align_none\"><div class=\"w-image-h\"><img decoding=\"async\" width=\"1024\" height=\"1024\" src=\"https:\/\/www.buzon-world.com\/wp-content\/uploads\/2023\/05\/Asset-2.svg\" class=\"attachment-large size-large\" alt=\"\" loading=\"lazy\" \/><\/div><\/div><\/div><\/div><\/div><div class=\"vc_col-sm-12 vc_col-lg-4 vc_col-md-4 vc_col-xs-12 wpb_column vc_column_container usp usp1\"><div class=\"vc_column-inner\"><div class=\"wpb_wrapper\"><div class=\"wpb_text_column us_custom_b02a18c0 has_text_color\"><div class=\"wpb_wrapper\"><h3 style=\"text-align: center;\"><strong>NASZE WARTO\u015aCI<\/strong><\/h3>\n<\/div><\/div><div class=\"wpb_text_column\"><div class=\"wpb_wrapper\"><p style=\"text-align: center;\"><strong>Jako\u015b\u0107<\/strong><br \/>\n<strong>Zr\u00f3wnowa\u017cony rozw\u00f3j<\/strong><br \/>\n<strong>Wydajno\u015b\u0107<\/strong><br \/>\n<strong>Zaanga\u017cowanie<\/strong><br \/>\n<strong>Szacunek<\/strong><\/p>\n<\/div><\/div><div class=\"w-image align_none\"><div class=\"w-image-h\"><img decoding=\"async\" width=\"1024\" height=\"1024\" src=\"https:\/\/www.buzon-world.com\/wp-content\/uploads\/2023\/05\/Asset-3.svg\" class=\"attachment-large size-large\" alt=\"\" loading=\"lazy\" \/><\/div><\/div><\/div><\/div><\/div><\/div><\/div><\/section><section class=\"l-section wpb_row height_auto\"><div class=\"l-section-h i-cf\"><div class=\"g-cols vc_row via_flex valign_top type_default stacking_default\"><div class=\"vc_col-sm-8 wpb_column vc_column_container\"><div class=\"vc_column-inner\"><div class=\"wpb_wrapper\"><div class=\"wpb_text_column\"><div class=\"wpb_wrapper\"><p><strong>Jako\u015b\u0107: <\/strong>Jako\u015b\u0107 zawsze by\u0142a cz\u0119\u015bci\u0105 naszego DNA. Odnosi si\u0119 ona do ka\u017cdego poziomu dzia\u0142alno\u015bci firmy i jest stosowana przez wszystkich naszych us\u0142ugodawc\u00f3w. <\/p>\n<p><strong>Zr\u00f3wnowa\u017cony rozw\u00f3j: <\/strong>Troszcz\u0105c si\u0119 o zmniejszenie naszego wp\u0142ywu na \u015brodowisko, jeste\u015bmy zobowi\u0105zani do ci\u0105g\u0142ego w\u0142\u0105czania ochrony i zachowania \u015brodowiska w projektowanie, produkcj\u0119 i dystrybucj\u0119 naszych produkt\u00f3w, a tak\u017ce w codzienne zarz\u0105dzanie naszymi dzia\u0142aniami.<strong> <\/strong><\/p>\n<p><strong>Wydajno\u015b\u0107: <\/strong>Zapewniamy naszym pracownikom i partnerom niezb\u0119dne narz\u0119dzia i szkolenia w celu poprawy doskona\u0142o\u015bci operacyjnej.<\/p>\n<p><strong>Zaanga\u017cowanie: <\/strong>Zesp\u00f3\u0142 kultywuje pozytywnego ducha i oddanie swoim wsp\u00f3\u0142pracownikom i partnerom.<\/p>\n<p><strong>Szacunek: <\/strong>Uczciwo\u015b\u0107, szacunek i prawo\u015b\u0107 s\u0105 podstawowymi filarami naszej firmy i dyktuj\u0105 nasze profesjonalne post\u0119powanie wobec naszych klient\u00f3w, pracownik\u00f3w i partner\u00f3w.<\/p>\n<\/div><\/div><div class=\"w-separator size_huge\"><\/div><\/div><\/div><\/div><div class=\"vc_col-sm-4 wpb_column vc_column_container\"><div class=\"vc_column-inner\"><div class=\"wpb_wrapper\"><\/div><\/div><\/div><\/div><\/div><\/section>\n","protected":false},"excerpt":{"rendered":"[vc_raw_html]W3dwc2VvX2JyZWFkY3J1bWJdCg==[\/vc_raw_html]WSP\u00d3LNY CEL NASZA WIZJA Uznany innowacyjny lider w tworzeniu zr\u00f3wnowa\u017conych system\u00f3w krajobrazu zewn\u0119trznego. NASZA MISJA Opracowanie innowacyjnych, ergonomicznych i zr\u00f3wnowa\u017conych system\u00f3w wspomagaj\u0105cych u\u017cytkownik\u00f3w w autonomicznym rozwoju i upi\u0119kszaniu przestrzeni zewn\u0119trznych. NASZE WARTO\u015aCI Jako\u015b\u0107 Zr\u00f3wnowa\u017cony rozw\u00f3j Wydajno\u015b\u0107 Zaanga\u017cowanie Szacunek Jako\u015b\u0107: Jako\u015b\u0107 zawsze by\u0142a cz\u0119\u015bci\u0105 naszego DNA. Odnosi si\u0119 ona do ka\u017cdego poziomu dzia\u0142alno\u015bci firmy i jest...","protected":false},"author":1,"featured_media":0,"parent":48619,"menu_order":1,"comment_status":"closed","ping_status":"closed","template":"","meta":{"_acf_changed":false,"footnotes":""},"accesories_category":[],"sizes":[],"plot_serie":[],"accesories_category_type":[],"accessories_categories_subtype":[],"accessories_categories_applica":[],"class_list":["post-48929","page","type-page","status-publish","hentry"],"acf":[],"yoast_head":"<!-- This site is optimized with the Yoast SEO plugin v27.4 - https:\/\/yoast.com\/product\/yoast-seo-wordpress\/ -->\n<title>misja | Buzon World<\/title>\n<meta name=\"description\" content=\"Jako\u015b\u0107, trwa\u0142o\u015b\u0107, wydajno\u015b\u0107, zaanga\u017cowanie i szacunek s\u0105 cz\u0119\u015bci\u0105 naszej misji od momentu powstania.\" \/>\n<meta name=\"robots\" content=\"index, follow, max-snippet:-1, max-image-preview:large, max-video-preview:-1\" \/>\n<link rel=\"canonical\" href=\"https:\/\/www.buzon-world.com\/pl\/o-nas\/wspolny-cel\/\" \/>\n<meta property=\"og:locale\" content=\"pl_PL\" \/>\n<meta property=\"og:type\" content=\"article\" \/>\n<meta property=\"og:title\" content=\"misja | Buzon World\" \/>\n<meta property=\"og:description\" content=\"Jako\u015b\u0107, trwa\u0142o\u015b\u0107, wydajno\u015b\u0107, zaanga\u017cowanie i szacunek s\u0105 cz\u0119\u015bci\u0105 naszej misji od momentu powstania.\" \/>\n<meta property=\"og:url\" content=\"https:\/\/www.buzon-world.com\/pl\/o-nas\/wspolny-cel\/\" \/>\n<meta property=\"og:site_name\" content=\"Buzon\" \/>\n<meta property=\"article:modified_time\" content=\"2025-09-08T13:06:59+00:00\" \/>\n<meta name=\"twitter:card\" content=\"summary_large_image\" \/>\n<meta name=\"twitter:label1\" content=\"Szacowany czas czytania\" \/>\n\t<meta name=\"twitter:data1\" content=\"2 minuta\" \/>\n<script type=\"application\/ld+json\" class=\"yoast-schema-graph\">{\"@context\":\"https:\\\/\\\/schema.org\",\"@graph\":[{\"@type\":\"WebPage\",\"@id\":\"https:\\\/\\\/www.buzon-world.com\\\/pl\\\/o-nas\\\/wspolny-cel\\\/\",\"url\":\"https:\\\/\\\/www.buzon-world.com\\\/pl\\\/o-nas\\\/wspolny-cel\\\/\",\"name\":\"misja | Buzon World\",\"isPartOf\":{\"@id\":\"https:\\\/\\\/www.buzon-world.com\\\/pl\\\/#website\"},\"datePublished\":\"2022-07-05T13:50:11+00:00\",\"dateModified\":\"2025-09-08T13:06:59+00:00\",\"description\":\"Jako\u015b\u0107, trwa\u0142o\u015b\u0107, wydajno\u015b\u0107, zaanga\u017cowanie i szacunek s\u0105 cz\u0119\u015bci\u0105 naszej misji od momentu powstania.\",\"breadcrumb\":{\"@id\":\"https:\\\/\\\/www.buzon-world.com\\\/pl\\\/o-nas\\\/wspolny-cel\\\/#breadcrumb\"},\"inLanguage\":\"pl-PL\",\"potentialAction\":[{\"@type\":\"ReadAction\",\"target\":[\"https:\\\/\\\/www.buzon-world.com\\\/pl\\\/o-nas\\\/wspolny-cel\\\/\"]}]},{\"@type\":\"BreadcrumbList\",\"@id\":\"https:\\\/\\\/www.buzon-world.com\\\/pl\\\/o-nas\\\/wspolny-cel\\\/#breadcrumb\",\"itemListElement\":[{\"@type\":\"ListItem\",\"position\":1,\"name\":\"Strona g\u0142\u00f3wna\",\"item\":\"https:\\\/\\\/www.buzon-world.com\\\/pl\\\/\"},{\"@type\":\"ListItem\",\"position\":2,\"name\":\"O nas\",\"item\":\"https:\\\/\\\/www.buzon-world.com\\\/pl\\\/o-nas\\\/\"},{\"@type\":\"ListItem\",\"position\":3,\"name\":\"Wsp\u00f3lny cel\"}]},{\"@type\":\"WebSite\",\"@id\":\"https:\\\/\\\/www.buzon-world.com\\\/pl\\\/#website\",\"url\":\"https:\\\/\\\/www.buzon-world.com\\\/pl\\\/\",\"name\":\"Buzon\",\"description\":\"Just another WordPress site\",\"potentialAction\":[{\"@type\":\"SearchAction\",\"target\":{\"@type\":\"EntryPoint\",\"urlTemplate\":\"https:\\\/\\\/www.buzon-world.com\\\/pl\\\/?s={search_term_string}\"},\"query-input\":{\"@type\":\"PropertyValueSpecification\",\"valueRequired\":true,\"valueName\":\"search_term_string\"}}],\"inLanguage\":\"pl-PL\"}]}<\/script>\n<!-- \/ Yoast SEO plugin. -->","yoast_head_json":{"title":"misja | Buzon World","description":"Jako\u015b\u0107, trwa\u0142o\u015b\u0107, wydajno\u015b\u0107, zaanga\u017cowanie i szacunek s\u0105 cz\u0119\u015bci\u0105 naszej misji od momentu powstania.","robots":{"index":"index","follow":"follow","max-snippet":"max-snippet:-1","max-image-preview":"max-image-preview:large","max-video-preview":"max-video-preview:-1"},"canonical":"https:\/\/www.buzon-world.com\/pl\/o-nas\/wspolny-cel\/","og_locale":"pl_PL","og_type":"article","og_title":"misja | Buzon World","og_description":"Jako\u015b\u0107, trwa\u0142o\u015b\u0107, wydajno\u015b\u0107, zaanga\u017cowanie i szacunek s\u0105 cz\u0119\u015bci\u0105 naszej misji od momentu powstania.","og_url":"https:\/\/www.buzon-world.com\/pl\/o-nas\/wspolny-cel\/","og_site_name":"Buzon","article_modified_time":"2025-09-08T13:06:59+00:00","twitter_card":"summary_large_image","twitter_misc":{"Szacowany czas czytania":"2 minuta"},"schema":{"@context":"https:\/\/schema.org","@graph":[{"@type":"WebPage","@id":"https:\/\/www.buzon-world.com\/pl\/o-nas\/wspolny-cel\/","url":"https:\/\/www.buzon-world.com\/pl\/o-nas\/wspolny-cel\/","name":"misja | Buzon World","isPartOf":{"@id":"https:\/\/www.buzon-world.com\/pl\/#website"},"datePublished":"2022-07-05T13:50:11+00:00","dateModified":"2025-09-08T13:06:59+00:00","description":"Jako\u015b\u0107, trwa\u0142o\u015b\u0107, wydajno\u015b\u0107, zaanga\u017cowanie i szacunek s\u0105 cz\u0119\u015bci\u0105 naszej misji od momentu powstania.","breadcrumb":{"@id":"https:\/\/www.buzon-world.com\/pl\/o-nas\/wspolny-cel\/#breadcrumb"},"inLanguage":"pl-PL","potentialAction":[{"@type":"ReadAction","target":["https:\/\/www.buzon-world.com\/pl\/o-nas\/wspolny-cel\/"]}]},{"@type":"BreadcrumbList","@id":"https:\/\/www.buzon-world.com\/pl\/o-nas\/wspolny-cel\/#breadcrumb","itemListElement":[{"@type":"ListItem","position":1,"name":"Strona g\u0142\u00f3wna","item":"https:\/\/www.buzon-world.com\/pl\/"},{"@type":"ListItem","position":2,"name":"O nas","item":"https:\/\/www.buzon-world.com\/pl\/o-nas\/"},{"@type":"ListItem","position":3,"name":"Wsp\u00f3lny cel"}]},{"@type":"WebSite","@id":"https:\/\/www.buzon-world.com\/pl\/#website","url":"https:\/\/www.buzon-world.com\/pl\/","name":"Buzon","description":"Just another WordPress site","potentialAction":[{"@type":"SearchAction","target":{"@type":"EntryPoint","urlTemplate":"https:\/\/www.buzon-world.com\/pl\/?s={search_term_string}"},"query-input":{"@type":"PropertyValueSpecification","valueRequired":true,"valueName":"search_term_string"}}],"inLanguage":"pl-PL"}]}},"_links":{"self":[{"href":"https:\/\/www.buzon-world.com\/pl\/wp-json\/wp\/v2\/pages\/48929","targetHints":{"allow":["GET"]}}],"collection":[{"href":"https:\/\/www.buzon-world.com\/pl\/wp-json\/wp\/v2\/pages"}],"about":[{"href":"https:\/\/www.buzon-world.com\/pl\/wp-json\/wp\/v2\/types\/page"}],"author":[{"embeddable":true,"href":"https:\/\/www.buzon-world.com\/pl\/wp-json\/wp\/v2\/users\/1"}],"replies":[{"embeddable":true,"href":"https:\/\/www.buzon-world.com\/pl\/wp-json\/wp\/v2\/comments?post=48929"}],"version-history":[{"count":1,"href":"https:\/\/www.buzon-world.com\/pl\/wp-json\/wp\/v2\/pages\/48929\/revisions"}],"predecessor-version":[{"id":48939,"href":"https:\/\/www.buzon-world.com\/pl\/wp-json\/wp\/v2\/pages\/48929\/revisions\/48939"}],"up":[{"embeddable":true,"href":"https:\/\/www.buzon-world.com\/pl\/wp-json\/wp\/v2\/pages\/48619"}],"wp:attachment":[{"href":"https:\/\/www.buzon-world.com\/pl\/wp-json\/wp\/v2\/media?parent=48929"}],"wp:term":[{"taxonomy":"accesories_category","embeddable":true,"href":"https:\/\/www.buzon-world.com\/pl\/wp-json\/wp\/v2\/accesories_category?post=48929"},{"taxonomy":"sizes","embeddable":true,"href":"https:\/\/www.buzon-world.com\/pl\/wp-json\/wp\/v2\/sizes?post=48929"},{"taxonomy":"plot_serie","embeddable":true,"href":"https:\/\/www.buzon-world.com\/pl\/wp-json\/wp\/v2\/plot_serie?post=48929"},{"taxonomy":"accesories_category_type","embeddable":true,"href":"https:\/\/www.buzon-world.com\/pl\/wp-json\/wp\/v2\/accesories_category_type?post=48929"},{"taxonomy":"accessories_categories_subtype","embeddable":true,"href":"https:\/\/www.buzon-world.com\/pl\/wp-json\/wp\/v2\/accessories_categories_subtype?post=48929"},{"taxonomy":"accessories_categories_applica","embeddable":true,"href":"https:\/\/www.buzon-world.com\/pl\/wp-json\/wp\/v2\/accessories_categories_applica?post=48929"}],"curies":[{"name":"wp","href":"https:\/\/api.w.org\/{rel}","templated":true}]}}